{"id":249682,"date":"2025-04-03T06:15:47","date_gmt":"2025-04-03T04:15:47","guid":{"rendered":"https:\/\/shopatoa.com\/cz\/?post_type=product&#038;p=249682"},"modified":"2025-04-25T21:31:03","modified_gmt":"2025-04-25T19:31:03","slug":"acana-classic-wild-coast-2kg","status":"publish","type":"product","link":"https:\/\/shopatoa.com\/cz\/acana-classic-wild-coast-2kg\/","title":{"rendered":"Acana Classic Wild Coast 2kg"},"content":{"rendered":"<p>Krmivo pro psy v\u0161ech plemen a v\u011bkov\u00fdch kategori\u00ed.<\/p>\n<p>Krmivo Classics Wild Coast je\u00a0p\u0159ipravov\u00e1no v\u00a0oce\u0148ovan\u00fdch kanadsk\u00fdch kuchyn\u00edch\u00a0a obsahuje voln\u011b loven\u00e9 ryby u severn\u00edho pob\u0159e\u017e\u00ed ostrova Vancouver, kter\u00e9 jsou co nejrychleji \u010derstv\u00e9 a cel\u00e9 dopraven\u00e9 ke zpracov\u00e1n\u00ed, tak\u017ee p\u0159ekypuj\u00ed \u017eivinami a chut\u00ed. Acana je zcela bez vysokoglykemick\u00fdch obilovin a pln\u00e1 v\u00fd\u017eivn\u00fdch ryb\u00edch protein\u016f a omega-3 mastn\u00fdch kyselin pro skv\u011blou kondici va\u0161eho psa.<\/p>\n<p>Slo\u017een\u00ed<\/p>\n<p>Dehydrovan\u00fd sle\u010f (21 %), ovesn\u00e9 kroupy (21 %), cel\u00fd syrov\u00fd sle\u010f (10 %), \u010derstv\u00fd cel\u00fd hejk st\u0159\u00edbrn\u00fd (8 %), ryb\u00ed olej (6 %), vep\u0159ov\u00fd tuk (5 %), cel\u00e1 \u010derven\u00e1 \u010do\u010dka, cel\u00fd oves (4 %), cel\u00fd hr\u00e1ch, cel\u00e1 zelen\u00e1 \u010do\u010dka, hr\u00e1\u0161kov\u00fd \u0161krob, cel\u00e1 cizrna, vojt\u011b\u0161ka, vl\u00e1knina z \u010do\u010dky, uhli\u010ditan v\u00e1penat\u00fd, su\u0161en\u00e1 \u0159asa, cel\u00e1 \u010derstv\u00e1 d\u00fdn\u011b, \u010derstv\u00e1 cel\u00e1 m\u00e1slov\u00e1 d\u00fdn\u011b, \u010derstv\u00e1 cel\u00e1 mrkev, cel\u00e1 \u010derstv\u00e1 jablka, \u010derstv\u00e9 cel\u00e9 hru\u0161ky, \u010derstv\u00e1 cel\u00e1 cuketa, su\u0161en\u00fd ko\u0159en \u010dekanky, \u010derstv\u00e1 kapusta, \u010derstv\u00fd \u0161pen\u00e1t, \u010derstv\u00e9 listy tu\u0159\u00ednu, \u010derstv\u00e9 listy \u010derven\u00e9 \u0159epy, cel\u00e9&#8230;<\/p>\n","protected":false},"excerpt":{"rendered":"<p>Krmivo pro psy v\u0161ech plemen a v\u011bkov\u00fdch kategori\u00ed. Krmivo Classics Wild Coast je\u00a0p\u0159ipravov\u00e1no v\u00a0oce\u0148ovan\u00fdch kanadsk\u00fdch kuchyn\u00edch\u00a0a obsahuje voln\u011b loven\u00e9 ryby u severn\u00edho pob\u0159e\u017e\u00ed ostrova Vancouver, kter\u00e9 jsou co nejrychleji \u010derstv\u00e9 a cel\u00e9 dopraven\u00e9 ke zpracov\u00e1n\u00ed, tak\u017ee p\u0159ekypuj\u00ed \u017eivinami a chut\u00ed. Acana je zcela bez vysokoglykemick\u00fdch obilovin a pln\u00e1 v\u00fd\u017eivn\u00fdch ryb\u00edch protein\u016f a omega-3 mastn\u00fdch kyselin&#8230;<\/p>\n","protected":false},"featured_media":249683,"comment_status":"closed","ping_status":"open","template":"","meta":{"_acf_changed":false,"_kadence_starter_templates_imported_post":false,"_kad_post_transparent":"","_kad_post_title":"","_kad_post_layout":"","_kad_post_sidebar_id":"","_kad_post_content_style":"","_kad_post_vertical_padding":"","_kad_post_feature":"","_kad_post_feature_position":"","_kad_post_header":false,"_kad_post_footer":false,"_kad_post_classname":""},"product_brand":[2744],"product_cat":[436,2569,2568,739],"product_tag":[],"class_list":{"0":"post-249682","1":"product","2":"type-product","3":"status-publish","4":"has-post-thumbnail","6":"product_brand-acana","7":"product_cat-chovatelske-potreby-2","8":"product_cat-granule-pro-psy","9":"product_cat-krmivo-pro-psy-pro-psy-chovatelske-potreby-2","10":"product_cat-pro-psy-chovatelske-potreby-2","11":"pa_obchod-superzoo-cz","13":"first","14":"instock","15":"product-type-external","16":"entry","17":"content-bg","18":"loop-entry"},"acf":[],"yoast_head":"<!-- This site is optimized with the Yoast SEO plugin v27.4 - https:\/\/yoast.com\/product\/yoast-seo-wordpress\/ -->\n<title>Acana Classic Wild Coast 2kg - SHOPATOA.COM<\/title>\n<meta name=\"robots\" content=\"index, follow, max-snippet:-1, max-image-preview:large, max-video-preview:-1\" \/>\n<link rel=\"canonical\" href=\"https:\/\/shopatoa.com\/cz\/acana-classic-wild-coast-2kg\/\" \/>\n<meta property=\"og:locale\" content=\"cs_CZ\" \/>\n<meta property=\"og:type\" content=\"article\" \/>\n<meta property=\"og:title\" content=\"Acana Classic Wild Coast 2kg - SHOPATOA.COM\" \/>\n<meta property=\"og:description\" content=\"Krmivo pro psy v\u0161ech plemen a v\u011bkov\u00fdch kategori\u00ed. Krmivo Classics Wild Coast je\u00a0p\u0159ipravov\u00e1no v\u00a0oce\u0148ovan\u00fdch kanadsk\u00fdch kuchyn\u00edch\u00a0a obsahuje voln\u011b loven\u00e9 ryby u severn\u00edho pob\u0159e\u017e\u00ed ostrova Vancouver, kter\u00e9 jsou co nejrychleji \u010derstv\u00e9 a cel\u00e9 dopraven\u00e9 ke zpracov\u00e1n\u00ed, tak\u017ee p\u0159ekypuj\u00ed \u017eivinami a chut\u00ed. Acana je zcela bez vysokoglykemick\u00fdch obilovin a pln\u00e1 v\u00fd\u017eivn\u00fdch ryb\u00edch protein\u016f a omega-3 mastn\u00fdch kyselin...\" \/>\n<meta property=\"og:url\" content=\"https:\/\/shopatoa.com\/cz\/acana-classic-wild-coast-2kg\/\" \/>\n<meta property=\"og:site_name\" content=\"SHOPATOA\" \/>\n<meta property=\"article:modified_time\" content=\"2025-04-25T19:31:03+00:00\" \/>\n<meta property=\"og:image\" content=\"https:\/\/storage.googleapis.com\/cz-shopatoa-img\/cz\/91583bc8-1_83020.jpg\" \/>\n\t<meta property=\"og:image:width\" content=\"600\" \/>\n\t<meta property=\"og:image:height\" content=\"600\" \/>\n\t<meta property=\"og:image:type\" content=\"image\/jpeg\" \/>\n<meta name=\"twitter:card\" content=\"summary_large_image\" \/>\n<meta name=\"twitter:label1\" content=\"Odhadovan\u00e1 doba \u010dten\u00ed\" \/>\n\t<meta name=\"twitter:data1\" content=\"1 minuta\" \/>\n<script type=\"application\/ld+json\" class=\"yoast-schema-graph\">{\"@context\":\"https:\\\/\\\/schema.org\",\"@graph\":[{\"@type\":\"WebPage\",\"@id\":\"https:\\\/\\\/shopatoa.com\\\/cz\\\/acana-classic-wild-coast-2kg\\\/\",\"url\":\"https:\\\/\\\/shopatoa.com\\\/cz\\\/acana-classic-wild-coast-2kg\\\/\",\"name\":\"Acana Classic Wild Coast 2kg - SHOPATOA.COM\",\"isPartOf\":{\"@id\":\"https:\\\/\\\/shopatoa.com\\\/cz\\\/#website\"},\"primaryImageOfPage\":{\"@id\":\"https:\\\/\\\/shopatoa.com\\\/cz\\\/acana-classic-wild-coast-2kg\\\/#primaryimage\"},\"image\":{\"@id\":\"https:\\\/\\\/shopatoa.com\\\/cz\\\/acana-classic-wild-coast-2kg\\\/#primaryimage\"},\"thumbnailUrl\":\"https:\\\/\\\/storage.googleapis.com\\\/cz-shopatoa-img\\\/cz\\\/91583bc8-1_83020.jpg\",\"datePublished\":\"2025-04-03T04:15:47+00:00\",\"dateModified\":\"2025-04-25T19:31:03+00:00\",\"breadcrumb\":{\"@id\":\"https:\\\/\\\/shopatoa.com\\\/cz\\\/acana-classic-wild-coast-2kg\\\/#breadcrumb\"},\"inLanguage\":\"cs\",\"potentialAction\":[{\"@type\":\"ReadAction\",\"target\":[\"https:\\\/\\\/shopatoa.com\\\/cz\\\/acana-classic-wild-coast-2kg\\\/\"]}]},{\"@type\":\"ImageObject\",\"inLanguage\":\"cs\",\"@id\":\"https:\\\/\\\/shopatoa.com\\\/cz\\\/acana-classic-wild-coast-2kg\\\/#primaryimage\",\"url\":\"https:\\\/\\\/storage.googleapis.com\\\/cz-shopatoa-img\\\/cz\\\/91583bc8-1_83020.jpg\",\"contentUrl\":\"https:\\\/\\\/storage.googleapis.com\\\/cz-shopatoa-img\\\/cz\\\/91583bc8-1_83020.jpg\",\"width\":600,\"height\":600},{\"@type\":\"BreadcrumbList\",\"@id\":\"https:\\\/\\\/shopatoa.com\\\/cz\\\/acana-classic-wild-coast-2kg\\\/#breadcrumb\",\"itemListElement\":[{\"@type\":\"ListItem\",\"position\":1,\"name\":\"Dom\u016f\",\"item\":\"https:\\\/\\\/shopatoa.com\\\/cz\\\/\"},{\"@type\":\"ListItem\",\"position\":2,\"name\":\"Produkty\",\"item\":\"https:\\\/\\\/shopatoa.com\\\/cz\\\/shop\\\/\"},{\"@type\":\"ListItem\",\"position\":3,\"name\":\"Chovatelsk\u00e9 pot\u0159eby\",\"item\":\"https:\\\/\\\/shopatoa.com\\\/cz\\\/chovatelske-potreby-2\\\/\"},{\"@type\":\"ListItem\",\"position\":4,\"name\":\"Pro psy\",\"item\":\"https:\\\/\\\/shopatoa.com\\\/cz\\\/pro-psy-chovatelske-potreby-2\\\/\"},{\"@type\":\"ListItem\",\"position\":5,\"name\":\"Krmivo pro psy\",\"item\":\"https:\\\/\\\/shopatoa.com\\\/cz\\\/krmivo-pro-psy-pro-psy-chovatelske-potreby-2\\\/\"},{\"@type\":\"ListItem\",\"position\":6,\"name\":\"Granule pro psy\",\"item\":\"https:\\\/\\\/shopatoa.com\\\/cz\\\/granule-pro-psy\\\/\"},{\"@type\":\"ListItem\",\"position\":7,\"name\":\"Acana Classic Wild Coast 2kg\"}]},{\"@type\":\"WebSite\",\"@id\":\"https:\\\/\\\/shopatoa.com\\\/cz\\\/#website\",\"url\":\"https:\\\/\\\/shopatoa.com\\\/cz\\\/\",\"name\":\"SHOPATOA\",\"description\":\"\",\"publisher\":{\"@id\":\"https:\\\/\\\/shopatoa.com\\\/cz\\\/#organization\"},\"potentialAction\":[{\"@type\":\"SearchAction\",\"target\":{\"@type\":\"EntryPoint\",\"urlTemplate\":\"https:\\\/\\\/shopatoa.com\\\/cz\\\/?s={search_term_string}\"},\"query-input\":{\"@type\":\"PropertyValueSpecification\",\"valueRequired\":true,\"valueName\":\"search_term_string\"}}],\"inLanguage\":\"cs\"},{\"@type\":\"Organization\",\"@id\":\"https:\\\/\\\/shopatoa.com\\\/cz\\\/#organization\",\"name\":\"SHOPATOA Digital s.r.o.\",\"url\":\"https:\\\/\\\/shopatoa.com\\\/cz\\\/\",\"logo\":{\"@type\":\"ImageObject\",\"inLanguage\":\"cs\",\"@id\":\"https:\\\/\\\/shopatoa.com\\\/cz\\\/#\\\/schema\\\/logo\\\/image\\\/\",\"url\":\"https:\\\/\\\/storage.googleapis.com\\\/cz-shopatoa-img\\\/cz\\\/ebccf434-shopatoa_logo.png\",\"contentUrl\":\"https:\\\/\\\/storage.googleapis.com\\\/cz-shopatoa-img\\\/cz\\\/ebccf434-shopatoa_logo.png\",\"width\":416,\"height\":63,\"caption\":\"SHOPATOA Digital s.r.o.\"},\"image\":{\"@id\":\"https:\\\/\\\/shopatoa.com\\\/cz\\\/#\\\/schema\\\/logo\\\/image\\\/\"}}]}<\/script>\n<!-- \/ Yoast SEO plugin. -->","yoast_head_json":{"title":"Acana Classic Wild Coast 2kg - SHOPATOA.COM","robots":{"index":"index","follow":"follow","max-snippet":"max-snippet:-1","max-image-preview":"max-image-preview:large","max-video-preview":"max-video-preview:-1"},"canonical":"https:\/\/shopatoa.com\/cz\/acana-classic-wild-coast-2kg\/","og_locale":"cs_CZ","og_type":"article","og_title":"Acana Classic Wild Coast 2kg - SHOPATOA.COM","og_description":"Krmivo pro psy v\u0161ech plemen a v\u011bkov\u00fdch kategori\u00ed. Krmivo Classics Wild Coast je\u00a0p\u0159ipravov\u00e1no v\u00a0oce\u0148ovan\u00fdch kanadsk\u00fdch kuchyn\u00edch\u00a0a obsahuje voln\u011b loven\u00e9 ryby u severn\u00edho pob\u0159e\u017e\u00ed ostrova Vancouver, kter\u00e9 jsou co nejrychleji \u010derstv\u00e9 a cel\u00e9 dopraven\u00e9 ke zpracov\u00e1n\u00ed, tak\u017ee p\u0159ekypuj\u00ed \u017eivinami a chut\u00ed. Acana je zcela bez vysokoglykemick\u00fdch obilovin a pln\u00e1 v\u00fd\u017eivn\u00fdch ryb\u00edch protein\u016f a omega-3 mastn\u00fdch kyselin...","og_url":"https:\/\/shopatoa.com\/cz\/acana-classic-wild-coast-2kg\/","og_site_name":"SHOPATOA","article_modified_time":"2025-04-25T19:31:03+00:00","og_image":[{"width":600,"height":600,"url":"https:\/\/storage.googleapis.com\/cz-shopatoa-img\/cz\/91583bc8-1_83020.jpg","type":"image\/jpeg"}],"twitter_card":"summary_large_image","twitter_misc":{"Odhadovan\u00e1 doba \u010dten\u00ed":"1 minuta"},"schema":{"@context":"https:\/\/schema.org","@graph":[{"@type":"WebPage","@id":"https:\/\/shopatoa.com\/cz\/acana-classic-wild-coast-2kg\/","url":"https:\/\/shopatoa.com\/cz\/acana-classic-wild-coast-2kg\/","name":"Acana Classic Wild Coast 2kg - SHOPATOA.COM","isPartOf":{"@id":"https:\/\/shopatoa.com\/cz\/#website"},"primaryImageOfPage":{"@id":"https:\/\/shopatoa.com\/cz\/acana-classic-wild-coast-2kg\/#primaryimage"},"image":{"@id":"https:\/\/shopatoa.com\/cz\/acana-classic-wild-coast-2kg\/#primaryimage"},"thumbnailUrl":"https:\/\/storage.googleapis.com\/cz-shopatoa-img\/cz\/91583bc8-1_83020.jpg","datePublished":"2025-04-03T04:15:47+00:00","dateModified":"2025-04-25T19:31:03+00:00","breadcrumb":{"@id":"https:\/\/shopatoa.com\/cz\/acana-classic-wild-coast-2kg\/#breadcrumb"},"inLanguage":"cs","potentialAction":[{"@type":"ReadAction","target":["https:\/\/shopatoa.com\/cz\/acana-classic-wild-coast-2kg\/"]}]},{"@type":"ImageObject","inLanguage":"cs","@id":"https:\/\/shopatoa.com\/cz\/acana-classic-wild-coast-2kg\/#primaryimage","url":"https:\/\/storage.googleapis.com\/cz-shopatoa-img\/cz\/91583bc8-1_83020.jpg","contentUrl":"https:\/\/storage.googleapis.com\/cz-shopatoa-img\/cz\/91583bc8-1_83020.jpg","width":600,"height":600},{"@type":"BreadcrumbList","@id":"https:\/\/shopatoa.com\/cz\/acana-classic-wild-coast-2kg\/#breadcrumb","itemListElement":[{"@type":"ListItem","position":1,"name":"Dom\u016f","item":"https:\/\/shopatoa.com\/cz\/"},{"@type":"ListItem","position":2,"name":"Produkty","item":"https:\/\/shopatoa.com\/cz\/shop\/"},{"@type":"ListItem","position":3,"name":"Chovatelsk\u00e9 pot\u0159eby","item":"https:\/\/shopatoa.com\/cz\/chovatelske-potreby-2\/"},{"@type":"ListItem","position":4,"name":"Pro psy","item":"https:\/\/shopatoa.com\/cz\/pro-psy-chovatelske-potreby-2\/"},{"@type":"ListItem","position":5,"name":"Krmivo pro psy","item":"https:\/\/shopatoa.com\/cz\/krmivo-pro-psy-pro-psy-chovatelske-potreby-2\/"},{"@type":"ListItem","position":6,"name":"Granule pro psy","item":"https:\/\/shopatoa.com\/cz\/granule-pro-psy\/"},{"@type":"ListItem","position":7,"name":"Acana Classic Wild Coast 2kg"}]},{"@type":"WebSite","@id":"https:\/\/shopatoa.com\/cz\/#website","url":"https:\/\/shopatoa.com\/cz\/","name":"SHOPATOA","description":"","publisher":{"@id":"https:\/\/shopatoa.com\/cz\/#organization"},"potentialAction":[{"@type":"SearchAction","target":{"@type":"EntryPoint","urlTemplate":"https:\/\/shopatoa.com\/cz\/?s={search_term_string}"},"query-input":{"@type":"PropertyValueSpecification","valueRequired":true,"valueName":"search_term_string"}}],"inLanguage":"cs"},{"@type":"Organization","@id":"https:\/\/shopatoa.com\/cz\/#organization","name":"SHOPATOA Digital s.r.o.","url":"https:\/\/shopatoa.com\/cz\/","logo":{"@type":"ImageObject","inLanguage":"cs","@id":"https:\/\/shopatoa.com\/cz\/#\/schema\/logo\/image\/","url":"https:\/\/storage.googleapis.com\/cz-shopatoa-img\/cz\/ebccf434-shopatoa_logo.png","contentUrl":"https:\/\/storage.googleapis.com\/cz-shopatoa-img\/cz\/ebccf434-shopatoa_logo.png","width":416,"height":63,"caption":"SHOPATOA Digital s.r.o."},"image":{"@id":"https:\/\/shopatoa.com\/cz\/#\/schema\/logo\/image\/"}}]}},"_links":{"self":[{"href":"https:\/\/shopatoa.com\/cz\/wp-json\/wp\/v2\/product\/249682","targetHints":{"allow":["GET"]}}],"collection":[{"href":"https:\/\/shopatoa.com\/cz\/wp-json\/wp\/v2\/product"}],"about":[{"href":"https:\/\/shopatoa.com\/cz\/wp-json\/wp\/v2\/types\/product"}],"replies":[{"embeddable":true,"href":"https:\/\/shopatoa.com\/cz\/wp-json\/wp\/v2\/comments?post=249682"}],"wp:featuredmedia":[{"embeddable":true,"href":"https:\/\/shopatoa.com\/cz\/wp-json\/wp\/v2\/media\/249683"}],"wp:attachment":[{"href":"https:\/\/shopatoa.com\/cz\/wp-json\/wp\/v2\/media?parent=249682"}],"wp:term":[{"taxonomy":"product_brand","embeddable":true,"href":"https:\/\/shopatoa.com\/cz\/wp-json\/wp\/v2\/product_brand?post=249682"},{"taxonomy":"product_cat","embeddable":true,"href":"https:\/\/shopatoa.com\/cz\/wp-json\/wp\/v2\/product_cat?post=249682"},{"taxonomy":"product_tag","embeddable":true,"href":"https:\/\/shopatoa.com\/cz\/wp-json\/wp\/v2\/product_tag?post=249682"}],"curies":[{"name":"wp","href":"https:\/\/api.w.org\/{rel}","templated":true}]}}