{"id":249722,"date":"2025-04-03T06:21:44","date_gmt":"2025-04-03T04:21:44","guid":{"rendered":"https:\/\/shopatoa.com\/cz\/?post_type=product&#038;p=249722"},"modified":"2026-01-31T15:50:15","modified_gmt":"2026-01-31T14:50:15","slug":"kapsicka-carnilove-cat-pouch-pstruh-a-echinacea-85g","status":"publish","type":"product","link":"https:\/\/shopatoa.com\/cz\/kapsicka-carnilove-cat-pouch-pstruh-a-echinacea-85g\/","title":{"rendered":"Kapsi\u010dka Carnilove Cat Pouch pstruh a echinacea 85g"},"content":{"rendered":"<p>Kompletn\u00ed krmivo pro dosp\u011bl\u00e9 ko\u010dky nebo chutn\u00fd topping ke granul\u00edm.<\/p>\n<p>\tUnik\u00e1tn\u00ed druhy masa.<br \/>\n\tBez obilovin a brambor.<br \/>\n\tBez GMO a s\u00f3ji.<br \/>\n\tBez cukru.<br \/>\n\tBez konzervant\u016f a barviv.<br \/>\n\tVysok\u00fd obsah masa 85 %.<\/p>\n<p>Vysoce dietn\u00ed maso ze pstruha, pro podporu zdrav\u00ed tr\u00e1vic\u00edho traktu a optim\u00e1ln\u00ed kondice. Omega 3 mastn\u00e9 kyseliny podporuj\u00ed zdrav\u00ed k\u016f\u017ee, srdce, kloub\u016f. Echinacea podporuje nespecifick\u00e9 i specifick\u00e9 imunity, m\u00e1 protiz\u00e1n\u011btliv\u00e9, antibakteri\u00e1ln\u00ed a antivirov\u00e9 \u00fa\u010dinky. Podporuje zdrav\u00ed k\u016f\u017ee, tr\u00e1vic\u00edho traktu, p\u016fsob\u00ed jako celkov\u00e1 podpora zdrav\u00ed.<\/p>\n<p>Slo\u017een\u00ed<\/p>\n<p>85 % maso ve filetech (71 % ku\u0159e, 14 % pstruh), 12 % v\u00fdvar, 1 % echinacea, 1 % ln\u011bn\u00fd olej, 0,5 % miner\u00e1ly, 0,5 % zeleninov\u00fd \u0161krob.<\/p>\n<p>Nutri\u010dn\u00ed aditiva v\u00a01 kg<\/p>\n<p>vitam\u00edn D3 (E671) 250 I.U., vitam\u00edn E (3a700) 150 mg, biotin (3a880) 0,5 mg, zinek (3b606) 12 mg, mangan (3b502) 3 mg, \u017eelezo (3b103) 10 mg, m\u011b\u010f (3b405) 0,4 mg, j\u00f3d (3b201) 0,7 mg, taurin (3a370) 500 mg. Obsahuje p\u0159\u00edrodn\u00ed antioxidanty.<\/p>\n<p>Analytick\u00e9 slo\u017eky v\u00a01 kg<\/p>\n<p>hrub\u00fd&#8230;<\/p>\n","protected":false},"excerpt":{"rendered":"<p>Kompletn\u00ed krmivo pro dosp\u011bl\u00e9 ko\u010dky nebo chutn\u00fd topping ke granul\u00edm. Unik\u00e1tn\u00ed druhy masa. Bez obilovin a brambor. Bez GMO a s\u00f3ji. Bez cukru. Bez konzervant\u016f a barviv. Vysok\u00fd obsah masa 85 %. Vysoce dietn\u00ed maso ze pstruha, pro podporu zdrav\u00ed tr\u00e1vic\u00edho traktu a optim\u00e1ln\u00ed kondice. Omega 3 mastn\u00e9 kyseliny podporuj\u00ed zdrav\u00ed k\u016f\u017ee, srdce, kloub\u016f. Echinacea&#8230;<\/p>\n","protected":false},"featured_media":249723,"comment_status":"closed","ping_status":"open","template":"","meta":{"_acf_changed":false,"_kadence_starter_templates_imported_post":false,"_kad_post_transparent":"","_kad_post_title":"","_kad_post_layout":"","_kad_post_sidebar_id":"","_kad_post_content_style":"","_kad_post_vertical_padding":"","_kad_post_feature":"","_kad_post_feature_position":"","_kad_post_header":false,"_kad_post_footer":false,"_kad_post_classname":""},"product_brand":[2684],"product_cat":[436,2575,1465,1464],"product_tag":[],"class_list":{"0":"post-249722","1":"product","2":"type-product","3":"status-publish","4":"has-post-thumbnail","6":"product_brand-carnilove","7":"product_cat-chovatelske-potreby-2","8":"product_cat-konzervy-pro-kocky","9":"product_cat-krmivo-pro-kocky-pro-kocky-chovatelske-potreby-2","10":"product_cat-pro-kocky-chovatelske-potreby-2","11":"pa_obchod-superzoo-cz","13":"first","14":"instock","15":"product-type-external","16":"entry","17":"content-bg","18":"loop-entry"},"acf":[],"yoast_head":"<!-- This site is optimized with the Yoast SEO plugin v27.4 - https:\/\/yoast.com\/product\/yoast-seo-wordpress\/ -->\n<title>Kapsi\u010dka Carnilove Cat Pouch pstruh a echinacea 85g - SHOPATOA.COM<\/title>\n<meta name=\"robots\" content=\"index, follow, max-snippet:-1, max-image-preview:large, max-video-preview:-1\" \/>\n<link rel=\"canonical\" href=\"https:\/\/shopatoa.com\/cz\/kapsicka-carnilove-cat-pouch-pstruh-a-echinacea-85g\/\" \/>\n<meta property=\"og:locale\" content=\"cs_CZ\" \/>\n<meta property=\"og:type\" content=\"article\" \/>\n<meta property=\"og:title\" content=\"Kapsi\u010dka Carnilove Cat Pouch pstruh a echinacea 85g - SHOPATOA.COM\" \/>\n<meta property=\"og:description\" content=\"Kompletn\u00ed krmivo pro dosp\u011bl\u00e9 ko\u010dky nebo chutn\u00fd topping ke granul\u00edm. Unik\u00e1tn\u00ed druhy masa. Bez obilovin a brambor. Bez GMO a s\u00f3ji. Bez cukru. Bez konzervant\u016f a barviv. Vysok\u00fd obsah masa 85 %. Vysoce dietn\u00ed maso ze pstruha, pro podporu zdrav\u00ed tr\u00e1vic\u00edho traktu a optim\u00e1ln\u00ed kondice. Omega 3 mastn\u00e9 kyseliny podporuj\u00ed zdrav\u00ed k\u016f\u017ee, srdce, kloub\u016f. Echinacea...\" \/>\n<meta property=\"og:url\" content=\"https:\/\/shopatoa.com\/cz\/kapsicka-carnilove-cat-pouch-pstruh-a-echinacea-85g\/\" \/>\n<meta property=\"og:site_name\" content=\"SHOPATOA\" \/>\n<meta property=\"article:modified_time\" content=\"2026-01-31T14:50:15+00:00\" \/>\n<meta property=\"og:image\" content=\"https:\/\/storage.googleapis.com\/cz-shopatoa-img\/cz\/f330131f-1_67991.jpg\" \/>\n\t<meta property=\"og:image:width\" content=\"600\" \/>\n\t<meta property=\"og:image:height\" content=\"600\" \/>\n\t<meta property=\"og:image:type\" content=\"image\/jpeg\" \/>\n<meta name=\"twitter:card\" content=\"summary_large_image\" \/>\n<meta name=\"twitter:label1\" content=\"Odhadovan\u00e1 doba \u010dten\u00ed\" \/>\n\t<meta name=\"twitter:data1\" content=\"1 minuta\" \/>\n<script type=\"application\/ld+json\" class=\"yoast-schema-graph\">{\"@context\":\"https:\\\/\\\/schema.org\",\"@graph\":[{\"@type\":\"WebPage\",\"@id\":\"https:\\\/\\\/shopatoa.com\\\/cz\\\/kapsicka-carnilove-cat-pouch-pstruh-a-echinacea-85g\\\/\",\"url\":\"https:\\\/\\\/shopatoa.com\\\/cz\\\/kapsicka-carnilove-cat-pouch-pstruh-a-echinacea-85g\\\/\",\"name\":\"Kapsi\u010dka Carnilove Cat Pouch pstruh a echinacea 85g - SHOPATOA.COM\",\"isPartOf\":{\"@id\":\"https:\\\/\\\/shopatoa.com\\\/cz\\\/#website\"},\"primaryImageOfPage\":{\"@id\":\"https:\\\/\\\/shopatoa.com\\\/cz\\\/kapsicka-carnilove-cat-pouch-pstruh-a-echinacea-85g\\\/#primaryimage\"},\"image\":{\"@id\":\"https:\\\/\\\/shopatoa.com\\\/cz\\\/kapsicka-carnilove-cat-pouch-pstruh-a-echinacea-85g\\\/#primaryimage\"},\"thumbnailUrl\":\"https:\\\/\\\/storage.googleapis.com\\\/cz-shopatoa-img\\\/cz\\\/f330131f-1_67991.jpg\",\"datePublished\":\"2025-04-03T04:21:44+00:00\",\"dateModified\":\"2026-01-31T14:50:15+00:00\",\"breadcrumb\":{\"@id\":\"https:\\\/\\\/shopatoa.com\\\/cz\\\/kapsicka-carnilove-cat-pouch-pstruh-a-echinacea-85g\\\/#breadcrumb\"},\"inLanguage\":\"cs\",\"potentialAction\":[{\"@type\":\"ReadAction\",\"target\":[\"https:\\\/\\\/shopatoa.com\\\/cz\\\/kapsicka-carnilove-cat-pouch-pstruh-a-echinacea-85g\\\/\"]}]},{\"@type\":\"ImageObject\",\"inLanguage\":\"cs\",\"@id\":\"https:\\\/\\\/shopatoa.com\\\/cz\\\/kapsicka-carnilove-cat-pouch-pstruh-a-echinacea-85g\\\/#primaryimage\",\"url\":\"https:\\\/\\\/storage.googleapis.com\\\/cz-shopatoa-img\\\/cz\\\/f330131f-1_67991.jpg\",\"contentUrl\":\"https:\\\/\\\/storage.googleapis.com\\\/cz-shopatoa-img\\\/cz\\\/f330131f-1_67991.jpg\",\"width\":600,\"height\":600},{\"@type\":\"BreadcrumbList\",\"@id\":\"https:\\\/\\\/shopatoa.com\\\/cz\\\/kapsicka-carnilove-cat-pouch-pstruh-a-echinacea-85g\\\/#breadcrumb\",\"itemListElement\":[{\"@type\":\"ListItem\",\"position\":1,\"name\":\"Dom\u016f\",\"item\":\"https:\\\/\\\/shopatoa.com\\\/cz\\\/\"},{\"@type\":\"ListItem\",\"position\":2,\"name\":\"Produkty\",\"item\":\"https:\\\/\\\/shopatoa.com\\\/cz\\\/shop\\\/\"},{\"@type\":\"ListItem\",\"position\":3,\"name\":\"Chovatelsk\u00e9 pot\u0159eby\",\"item\":\"https:\\\/\\\/shopatoa.com\\\/cz\\\/chovatelske-potreby-2\\\/\"},{\"@type\":\"ListItem\",\"position\":4,\"name\":\"Pro ko\u010dky\",\"item\":\"https:\\\/\\\/shopatoa.com\\\/cz\\\/pro-kocky-chovatelske-potreby-2\\\/\"},{\"@type\":\"ListItem\",\"position\":5,\"name\":\"Krmivo pro ko\u010dky\",\"item\":\"https:\\\/\\\/shopatoa.com\\\/cz\\\/krmivo-pro-kocky-pro-kocky-chovatelske-potreby-2\\\/\"},{\"@type\":\"ListItem\",\"position\":6,\"name\":\"Konzervy pro ko\u010dky\",\"item\":\"https:\\\/\\\/shopatoa.com\\\/cz\\\/konzervy-pro-kocky\\\/\"},{\"@type\":\"ListItem\",\"position\":7,\"name\":\"Kapsi\u010dka Carnilove Cat Pouch pstruh a echinacea 85g\"}]},{\"@type\":\"WebSite\",\"@id\":\"https:\\\/\\\/shopatoa.com\\\/cz\\\/#website\",\"url\":\"https:\\\/\\\/shopatoa.com\\\/cz\\\/\",\"name\":\"SHOPATOA\",\"description\":\"\",\"publisher\":{\"@id\":\"https:\\\/\\\/shopatoa.com\\\/cz\\\/#organization\"},\"potentialAction\":[{\"@type\":\"SearchAction\",\"target\":{\"@type\":\"EntryPoint\",\"urlTemplate\":\"https:\\\/\\\/shopatoa.com\\\/cz\\\/?s={search_term_string}\"},\"query-input\":{\"@type\":\"PropertyValueSpecification\",\"valueRequired\":true,\"valueName\":\"search_term_string\"}}],\"inLanguage\":\"cs\"},{\"@type\":\"Organization\",\"@id\":\"https:\\\/\\\/shopatoa.com\\\/cz\\\/#organization\",\"name\":\"SHOPATOA Digital s.r.o.\",\"url\":\"https:\\\/\\\/shopatoa.com\\\/cz\\\/\",\"logo\":{\"@type\":\"ImageObject\",\"inLanguage\":\"cs\",\"@id\":\"https:\\\/\\\/shopatoa.com\\\/cz\\\/#\\\/schema\\\/logo\\\/image\\\/\",\"url\":\"https:\\\/\\\/storage.googleapis.com\\\/cz-shopatoa-img\\\/cz\\\/ebccf434-shopatoa_logo.png\",\"contentUrl\":\"https:\\\/\\\/storage.googleapis.com\\\/cz-shopatoa-img\\\/cz\\\/ebccf434-shopatoa_logo.png\",\"width\":416,\"height\":63,\"caption\":\"SHOPATOA Digital s.r.o.\"},\"image\":{\"@id\":\"https:\\\/\\\/shopatoa.com\\\/cz\\\/#\\\/schema\\\/logo\\\/image\\\/\"}}]}<\/script>\n<!-- \/ Yoast SEO plugin. -->","yoast_head_json":{"title":"Kapsi\u010dka Carnilove Cat Pouch pstruh a echinacea 85g - SHOPATOA.COM","robots":{"index":"index","follow":"follow","max-snippet":"max-snippet:-1","max-image-preview":"max-image-preview:large","max-video-preview":"max-video-preview:-1"},"canonical":"https:\/\/shopatoa.com\/cz\/kapsicka-carnilove-cat-pouch-pstruh-a-echinacea-85g\/","og_locale":"cs_CZ","og_type":"article","og_title":"Kapsi\u010dka Carnilove Cat Pouch pstruh a echinacea 85g - SHOPATOA.COM","og_description":"Kompletn\u00ed krmivo pro dosp\u011bl\u00e9 ko\u010dky nebo chutn\u00fd topping ke granul\u00edm. Unik\u00e1tn\u00ed druhy masa. Bez obilovin a brambor. Bez GMO a s\u00f3ji. Bez cukru. Bez konzervant\u016f a barviv. Vysok\u00fd obsah masa 85 %. Vysoce dietn\u00ed maso ze pstruha, pro podporu zdrav\u00ed tr\u00e1vic\u00edho traktu a optim\u00e1ln\u00ed kondice. Omega 3 mastn\u00e9 kyseliny podporuj\u00ed zdrav\u00ed k\u016f\u017ee, srdce, kloub\u016f. Echinacea...","og_url":"https:\/\/shopatoa.com\/cz\/kapsicka-carnilove-cat-pouch-pstruh-a-echinacea-85g\/","og_site_name":"SHOPATOA","article_modified_time":"2026-01-31T14:50:15+00:00","og_image":[{"width":600,"height":600,"url":"https:\/\/storage.googleapis.com\/cz-shopatoa-img\/cz\/f330131f-1_67991.jpg","type":"image\/jpeg"}],"twitter_card":"summary_large_image","twitter_misc":{"Odhadovan\u00e1 doba \u010dten\u00ed":"1 minuta"},"schema":{"@context":"https:\/\/schema.org","@graph":[{"@type":"WebPage","@id":"https:\/\/shopatoa.com\/cz\/kapsicka-carnilove-cat-pouch-pstruh-a-echinacea-85g\/","url":"https:\/\/shopatoa.com\/cz\/kapsicka-carnilove-cat-pouch-pstruh-a-echinacea-85g\/","name":"Kapsi\u010dka Carnilove Cat Pouch pstruh a echinacea 85g - SHOPATOA.COM","isPartOf":{"@id":"https:\/\/shopatoa.com\/cz\/#website"},"primaryImageOfPage":{"@id":"https:\/\/shopatoa.com\/cz\/kapsicka-carnilove-cat-pouch-pstruh-a-echinacea-85g\/#primaryimage"},"image":{"@id":"https:\/\/shopatoa.com\/cz\/kapsicka-carnilove-cat-pouch-pstruh-a-echinacea-85g\/#primaryimage"},"thumbnailUrl":"https:\/\/storage.googleapis.com\/cz-shopatoa-img\/cz\/f330131f-1_67991.jpg","datePublished":"2025-04-03T04:21:44+00:00","dateModified":"2026-01-31T14:50:15+00:00","breadcrumb":{"@id":"https:\/\/shopatoa.com\/cz\/kapsicka-carnilove-cat-pouch-pstruh-a-echinacea-85g\/#breadcrumb"},"inLanguage":"cs","potentialAction":[{"@type":"ReadAction","target":["https:\/\/shopatoa.com\/cz\/kapsicka-carnilove-cat-pouch-pstruh-a-echinacea-85g\/"]}]},{"@type":"ImageObject","inLanguage":"cs","@id":"https:\/\/shopatoa.com\/cz\/kapsicka-carnilove-cat-pouch-pstruh-a-echinacea-85g\/#primaryimage","url":"https:\/\/storage.googleapis.com\/cz-shopatoa-img\/cz\/f330131f-1_67991.jpg","contentUrl":"https:\/\/storage.googleapis.com\/cz-shopatoa-img\/cz\/f330131f-1_67991.jpg","width":600,"height":600},{"@type":"BreadcrumbList","@id":"https:\/\/shopatoa.com\/cz\/kapsicka-carnilove-cat-pouch-pstruh-a-echinacea-85g\/#breadcrumb","itemListElement":[{"@type":"ListItem","position":1,"name":"Dom\u016f","item":"https:\/\/shopatoa.com\/cz\/"},{"@type":"ListItem","position":2,"name":"Produkty","item":"https:\/\/shopatoa.com\/cz\/shop\/"},{"@type":"ListItem","position":3,"name":"Chovatelsk\u00e9 pot\u0159eby","item":"https:\/\/shopatoa.com\/cz\/chovatelske-potreby-2\/"},{"@type":"ListItem","position":4,"name":"Pro ko\u010dky","item":"https:\/\/shopatoa.com\/cz\/pro-kocky-chovatelske-potreby-2\/"},{"@type":"ListItem","position":5,"name":"Krmivo pro ko\u010dky","item":"https:\/\/shopatoa.com\/cz\/krmivo-pro-kocky-pro-kocky-chovatelske-potreby-2\/"},{"@type":"ListItem","position":6,"name":"Konzervy pro ko\u010dky","item":"https:\/\/shopatoa.com\/cz\/konzervy-pro-kocky\/"},{"@type":"ListItem","position":7,"name":"Kapsi\u010dka Carnilove Cat Pouch pstruh a echinacea 85g"}]},{"@type":"WebSite","@id":"https:\/\/shopatoa.com\/cz\/#website","url":"https:\/\/shopatoa.com\/cz\/","name":"SHOPATOA","description":"","publisher":{"@id":"https:\/\/shopatoa.com\/cz\/#organization"},"potentialAction":[{"@type":"SearchAction","target":{"@type":"EntryPoint","urlTemplate":"https:\/\/shopatoa.com\/cz\/?s={search_term_string}"},"query-input":{"@type":"PropertyValueSpecification","valueRequired":true,"valueName":"search_term_string"}}],"inLanguage":"cs"},{"@type":"Organization","@id":"https:\/\/shopatoa.com\/cz\/#organization","name":"SHOPATOA Digital s.r.o.","url":"https:\/\/shopatoa.com\/cz\/","logo":{"@type":"ImageObject","inLanguage":"cs","@id":"https:\/\/shopatoa.com\/cz\/#\/schema\/logo\/image\/","url":"https:\/\/storage.googleapis.com\/cz-shopatoa-img\/cz\/ebccf434-shopatoa_logo.png","contentUrl":"https:\/\/storage.googleapis.com\/cz-shopatoa-img\/cz\/ebccf434-shopatoa_logo.png","width":416,"height":63,"caption":"SHOPATOA Digital s.r.o."},"image":{"@id":"https:\/\/shopatoa.com\/cz\/#\/schema\/logo\/image\/"}}]}},"_links":{"self":[{"href":"https:\/\/shopatoa.com\/cz\/wp-json\/wp\/v2\/product\/249722","targetHints":{"allow":["GET"]}}],"collection":[{"href":"https:\/\/shopatoa.com\/cz\/wp-json\/wp\/v2\/product"}],"about":[{"href":"https:\/\/shopatoa.com\/cz\/wp-json\/wp\/v2\/types\/product"}],"replies":[{"embeddable":true,"href":"https:\/\/shopatoa.com\/cz\/wp-json\/wp\/v2\/comments?post=249722"}],"wp:featuredmedia":[{"embeddable":true,"href":"https:\/\/shopatoa.com\/cz\/wp-json\/wp\/v2\/media\/249723"}],"wp:attachment":[{"href":"https:\/\/shopatoa.com\/cz\/wp-json\/wp\/v2\/media?parent=249722"}],"wp:term":[{"taxonomy":"product_brand","embeddable":true,"href":"https:\/\/shopatoa.com\/cz\/wp-json\/wp\/v2\/product_brand?post=249722"},{"taxonomy":"product_cat","embeddable":true,"href":"https:\/\/shopatoa.com\/cz\/wp-json\/wp\/v2\/product_cat?post=249722"},{"taxonomy":"product_tag","embeddable":true,"href":"https:\/\/shopatoa.com\/cz\/wp-json\/wp\/v2\/product_tag?post=249722"}],"curies":[{"name":"wp","href":"https:\/\/api.w.org\/{rel}","templated":true}]}}