{"id":249728,"date":"2025-04-03T06:25:02","date_gmt":"2025-04-03T04:25:02","guid":{"rendered":"https:\/\/shopatoa.com\/cz\/?post_type=product&#038;p=249728"},"modified":"2026-01-31T15:50:13","modified_gmt":"2026-01-31T14:50:13","slug":"konzerva-carnilove-turkey-salmon-for-kittens-100g","status":"publish","type":"product","link":"https:\/\/shopatoa.com\/cz\/konzerva-carnilove-turkey-salmon-for-kittens-100g\/","title":{"rendered":"Konzerva Carnilove Turkey &amp; Salmon for Kittens 100g"},"content":{"rendered":"<p>Kompletn\u00ed vlhk\u00e9 krmivo pro ko\u0165ata s\u00a0krocan\u00edm masem ze svaloviny a lososem.<\/p>\n<p>Slo\u017een\u00ed<\/p>\n<p>35 % krocan\u00ed maso, krocan\u00ed j\u00e1tra, krocan\u00ed srdce, 42,8 % v\u00fdvar, 20 % losos, 1 % brusinky, 1 % miner\u00e1ly, 0,2 % lososov\u00fd olej.<\/p>\n<p>Nutri\u010dn\u00ed aditiva v\u00a01 kg<\/p>\n<p>vitam\u00edn D3 (E671) 300 IU, vitam\u00edn E (3a700) 150 mg, taurin (3a370) 650 mg, biotin (3a880) 0,3 mg, m\u011b\u010f (3b405) 0,6 mg, \u017eelezo (3b106) 12 mg, j\u00f3d (3b201) 1 mg, mangan (3b504) 2,5 mg, zinek (3b606) 15 mg.<\/p>\n<p>Analytick\u00e9 slo\u017eky v\u00a01 kg<\/p>\n<p>hrub\u00fd protein 11 %, obsah tuku 6,6 %, hrub\u00fd popel 2,1 %, hrub\u00e1 vl\u00e1knina 0,4 %, vlhkost 79 %, v\u00e1pn\u00edk 0,3%, fosfor 0,3%, sod\u00edk 0,3%.<\/p>\n<p>Metabolizovateln\u00e1 energie<\/p>\n<p>1060 kcal\/kg<\/p>\n","protected":false},"excerpt":{"rendered":"<p>Kompletn\u00ed vlhk\u00e9 krmivo pro ko\u0165ata s\u00a0krocan\u00edm masem ze svaloviny a lososem. Slo\u017een\u00ed 35 % krocan\u00ed maso, krocan\u00ed j\u00e1tra, krocan\u00ed srdce, 42,8 % v\u00fdvar, 20 % losos, 1 % brusinky, 1 % miner\u00e1ly, 0,2 % lososov\u00fd olej. Nutri\u010dn\u00ed aditiva v\u00a01 kg vitam\u00edn D3 (E671) 300 IU, vitam\u00edn E (3a700) 150 mg, taurin (3a370) 650 mg, biotin&#8230;<\/p>\n","protected":false},"featured_media":249729,"comment_status":"closed","ping_status":"open","template":"","meta":{"_acf_changed":false,"_kadence_starter_templates_imported_post":false,"_kad_post_transparent":"","_kad_post_title":"","_kad_post_layout":"","_kad_post_sidebar_id":"","_kad_post_content_style":"","_kad_post_vertical_padding":"","_kad_post_feature":"","_kad_post_feature_position":"","_kad_post_header":false,"_kad_post_footer":false,"_kad_post_classname":""},"product_brand":[2684],"product_cat":[436,2575,1465,1464],"product_tag":[],"class_list":{"0":"post-249728","1":"product","2":"type-product","3":"status-publish","4":"has-post-thumbnail","6":"product_brand-carnilove","7":"product_cat-chovatelske-potreby-2","8":"product_cat-konzervy-pro-kocky","9":"product_cat-krmivo-pro-kocky-pro-kocky-chovatelske-potreby-2","10":"product_cat-pro-kocky-chovatelske-potreby-2","11":"pa_obchod-superzoo-cz","13":"first","14":"instock","15":"product-type-external","16":"entry","17":"content-bg","18":"loop-entry"},"acf":[],"yoast_head":"<!-- This site is optimized with the Yoast SEO plugin v27.4 - https:\/\/yoast.com\/product\/yoast-seo-wordpress\/ -->\n<title>Konzerva Carnilove Turkey &amp; Salmon for Kittens 100g - SHOPATOA.COM<\/title>\n<meta name=\"robots\" content=\"index, follow, max-snippet:-1, max-image-preview:large, max-video-preview:-1\" \/>\n<link rel=\"canonical\" href=\"https:\/\/shopatoa.com\/cz\/konzerva-carnilove-turkey-salmon-for-kittens-100g\/\" \/>\n<meta property=\"og:locale\" content=\"cs_CZ\" \/>\n<meta property=\"og:type\" content=\"article\" \/>\n<meta property=\"og:title\" content=\"Konzerva Carnilove Turkey &amp; Salmon for Kittens 100g - SHOPATOA.COM\" \/>\n<meta property=\"og:description\" content=\"Kompletn\u00ed vlhk\u00e9 krmivo pro ko\u0165ata s\u00a0krocan\u00edm masem ze svaloviny a lososem. Slo\u017een\u00ed 35 % krocan\u00ed maso, krocan\u00ed j\u00e1tra, krocan\u00ed srdce, 42,8 % v\u00fdvar, 20 % losos, 1 % brusinky, 1 % miner\u00e1ly, 0,2 % lososov\u00fd olej. Nutri\u010dn\u00ed aditiva v\u00a01 kg vitam\u00edn D3 (E671) 300 IU, vitam\u00edn E (3a700) 150 mg, taurin (3a370) 650 mg, biotin...\" \/>\n<meta property=\"og:url\" content=\"https:\/\/shopatoa.com\/cz\/konzerva-carnilove-turkey-salmon-for-kittens-100g\/\" \/>\n<meta property=\"og:site_name\" content=\"SHOPATOA\" \/>\n<meta property=\"article:modified_time\" content=\"2026-01-31T14:50:13+00:00\" \/>\n<meta property=\"og:image\" content=\"https:\/\/storage.googleapis.com\/cz-shopatoa-img\/cz\/9cdd1110-1_67378.jpg\" \/>\n\t<meta property=\"og:image:width\" content=\"600\" \/>\n\t<meta property=\"og:image:height\" content=\"600\" \/>\n\t<meta property=\"og:image:type\" content=\"image\/jpeg\" \/>\n<meta name=\"twitter:card\" content=\"summary_large_image\" \/>\n<script type=\"application\/ld+json\" class=\"yoast-schema-graph\">{\"@context\":\"https:\\\/\\\/schema.org\",\"@graph\":[{\"@type\":\"WebPage\",\"@id\":\"https:\\\/\\\/shopatoa.com\\\/cz\\\/konzerva-carnilove-turkey-salmon-for-kittens-100g\\\/\",\"url\":\"https:\\\/\\\/shopatoa.com\\\/cz\\\/konzerva-carnilove-turkey-salmon-for-kittens-100g\\\/\",\"name\":\"Konzerva Carnilove Turkey & Salmon for Kittens 100g - SHOPATOA.COM\",\"isPartOf\":{\"@id\":\"https:\\\/\\\/shopatoa.com\\\/cz\\\/#website\"},\"primaryImageOfPage\":{\"@id\":\"https:\\\/\\\/shopatoa.com\\\/cz\\\/konzerva-carnilove-turkey-salmon-for-kittens-100g\\\/#primaryimage\"},\"image\":{\"@id\":\"https:\\\/\\\/shopatoa.com\\\/cz\\\/konzerva-carnilove-turkey-salmon-for-kittens-100g\\\/#primaryimage\"},\"thumbnailUrl\":\"https:\\\/\\\/storage.googleapis.com\\\/cz-shopatoa-img\\\/cz\\\/9cdd1110-1_67378.jpg\",\"datePublished\":\"2025-04-03T04:25:02+00:00\",\"dateModified\":\"2026-01-31T14:50:13+00:00\",\"breadcrumb\":{\"@id\":\"https:\\\/\\\/shopatoa.com\\\/cz\\\/konzerva-carnilove-turkey-salmon-for-kittens-100g\\\/#breadcrumb\"},\"inLanguage\":\"cs\",\"potentialAction\":[{\"@type\":\"ReadAction\",\"target\":[\"https:\\\/\\\/shopatoa.com\\\/cz\\\/konzerva-carnilove-turkey-salmon-for-kittens-100g\\\/\"]}]},{\"@type\":\"ImageObject\",\"inLanguage\":\"cs\",\"@id\":\"https:\\\/\\\/shopatoa.com\\\/cz\\\/konzerva-carnilove-turkey-salmon-for-kittens-100g\\\/#primaryimage\",\"url\":\"https:\\\/\\\/storage.googleapis.com\\\/cz-shopatoa-img\\\/cz\\\/9cdd1110-1_67378.jpg\",\"contentUrl\":\"https:\\\/\\\/storage.googleapis.com\\\/cz-shopatoa-img\\\/cz\\\/9cdd1110-1_67378.jpg\",\"width\":600,\"height\":600},{\"@type\":\"BreadcrumbList\",\"@id\":\"https:\\\/\\\/shopatoa.com\\\/cz\\\/konzerva-carnilove-turkey-salmon-for-kittens-100g\\\/#breadcrumb\",\"itemListElement\":[{\"@type\":\"ListItem\",\"position\":1,\"name\":\"Dom\u016f\",\"item\":\"https:\\\/\\\/shopatoa.com\\\/cz\\\/\"},{\"@type\":\"ListItem\",\"position\":2,\"name\":\"Produkty\",\"item\":\"https:\\\/\\\/shopatoa.com\\\/cz\\\/shop\\\/\"},{\"@type\":\"ListItem\",\"position\":3,\"name\":\"Chovatelsk\u00e9 pot\u0159eby\",\"item\":\"https:\\\/\\\/shopatoa.com\\\/cz\\\/chovatelske-potreby-2\\\/\"},{\"@type\":\"ListItem\",\"position\":4,\"name\":\"Pro ko\u010dky\",\"item\":\"https:\\\/\\\/shopatoa.com\\\/cz\\\/pro-kocky-chovatelske-potreby-2\\\/\"},{\"@type\":\"ListItem\",\"position\":5,\"name\":\"Krmivo pro ko\u010dky\",\"item\":\"https:\\\/\\\/shopatoa.com\\\/cz\\\/krmivo-pro-kocky-pro-kocky-chovatelske-potreby-2\\\/\"},{\"@type\":\"ListItem\",\"position\":6,\"name\":\"Konzervy pro ko\u010dky\",\"item\":\"https:\\\/\\\/shopatoa.com\\\/cz\\\/konzervy-pro-kocky\\\/\"},{\"@type\":\"ListItem\",\"position\":7,\"name\":\"Konzerva Carnilove Turkey &amp; Salmon for Kittens 100g\"}]},{\"@type\":\"WebSite\",\"@id\":\"https:\\\/\\\/shopatoa.com\\\/cz\\\/#website\",\"url\":\"https:\\\/\\\/shopatoa.com\\\/cz\\\/\",\"name\":\"SHOPATOA\",\"description\":\"\",\"publisher\":{\"@id\":\"https:\\\/\\\/shopatoa.com\\\/cz\\\/#organization\"},\"potentialAction\":[{\"@type\":\"SearchAction\",\"target\":{\"@type\":\"EntryPoint\",\"urlTemplate\":\"https:\\\/\\\/shopatoa.com\\\/cz\\\/?s={search_term_string}\"},\"query-input\":{\"@type\":\"PropertyValueSpecification\",\"valueRequired\":true,\"valueName\":\"search_term_string\"}}],\"inLanguage\":\"cs\"},{\"@type\":\"Organization\",\"@id\":\"https:\\\/\\\/shopatoa.com\\\/cz\\\/#organization\",\"name\":\"SHOPATOA Digital s.r.o.\",\"url\":\"https:\\\/\\\/shopatoa.com\\\/cz\\\/\",\"logo\":{\"@type\":\"ImageObject\",\"inLanguage\":\"cs\",\"@id\":\"https:\\\/\\\/shopatoa.com\\\/cz\\\/#\\\/schema\\\/logo\\\/image\\\/\",\"url\":\"https:\\\/\\\/storage.googleapis.com\\\/cz-shopatoa-img\\\/cz\\\/ebccf434-shopatoa_logo.png\",\"contentUrl\":\"https:\\\/\\\/storage.googleapis.com\\\/cz-shopatoa-img\\\/cz\\\/ebccf434-shopatoa_logo.png\",\"width\":416,\"height\":63,\"caption\":\"SHOPATOA Digital s.r.o.\"},\"image\":{\"@id\":\"https:\\\/\\\/shopatoa.com\\\/cz\\\/#\\\/schema\\\/logo\\\/image\\\/\"}}]}<\/script>\n<!-- \/ Yoast SEO plugin. -->","yoast_head_json":{"title":"Konzerva Carnilove Turkey & Salmon for Kittens 100g - SHOPATOA.COM","robots":{"index":"index","follow":"follow","max-snippet":"max-snippet:-1","max-image-preview":"max-image-preview:large","max-video-preview":"max-video-preview:-1"},"canonical":"https:\/\/shopatoa.com\/cz\/konzerva-carnilove-turkey-salmon-for-kittens-100g\/","og_locale":"cs_CZ","og_type":"article","og_title":"Konzerva Carnilove Turkey & Salmon for Kittens 100g - SHOPATOA.COM","og_description":"Kompletn\u00ed vlhk\u00e9 krmivo pro ko\u0165ata s\u00a0krocan\u00edm masem ze svaloviny a lososem. Slo\u017een\u00ed 35 % krocan\u00ed maso, krocan\u00ed j\u00e1tra, krocan\u00ed srdce, 42,8 % v\u00fdvar, 20 % losos, 1 % brusinky, 1 % miner\u00e1ly, 0,2 % lososov\u00fd olej. Nutri\u010dn\u00ed aditiva v\u00a01 kg vitam\u00edn D3 (E671) 300 IU, vitam\u00edn E (3a700) 150 mg, taurin (3a370) 650 mg, biotin...","og_url":"https:\/\/shopatoa.com\/cz\/konzerva-carnilove-turkey-salmon-for-kittens-100g\/","og_site_name":"SHOPATOA","article_modified_time":"2026-01-31T14:50:13+00:00","og_image":[{"width":600,"height":600,"url":"https:\/\/storage.googleapis.com\/cz-shopatoa-img\/cz\/9cdd1110-1_67378.jpg","type":"image\/jpeg"}],"twitter_card":"summary_large_image","schema":{"@context":"https:\/\/schema.org","@graph":[{"@type":"WebPage","@id":"https:\/\/shopatoa.com\/cz\/konzerva-carnilove-turkey-salmon-for-kittens-100g\/","url":"https:\/\/shopatoa.com\/cz\/konzerva-carnilove-turkey-salmon-for-kittens-100g\/","name":"Konzerva Carnilove Turkey & Salmon for Kittens 100g - SHOPATOA.COM","isPartOf":{"@id":"https:\/\/shopatoa.com\/cz\/#website"},"primaryImageOfPage":{"@id":"https:\/\/shopatoa.com\/cz\/konzerva-carnilove-turkey-salmon-for-kittens-100g\/#primaryimage"},"image":{"@id":"https:\/\/shopatoa.com\/cz\/konzerva-carnilove-turkey-salmon-for-kittens-100g\/#primaryimage"},"thumbnailUrl":"https:\/\/storage.googleapis.com\/cz-shopatoa-img\/cz\/9cdd1110-1_67378.jpg","datePublished":"2025-04-03T04:25:02+00:00","dateModified":"2026-01-31T14:50:13+00:00","breadcrumb":{"@id":"https:\/\/shopatoa.com\/cz\/konzerva-carnilove-turkey-salmon-for-kittens-100g\/#breadcrumb"},"inLanguage":"cs","potentialAction":[{"@type":"ReadAction","target":["https:\/\/shopatoa.com\/cz\/konzerva-carnilove-turkey-salmon-for-kittens-100g\/"]}]},{"@type":"ImageObject","inLanguage":"cs","@id":"https:\/\/shopatoa.com\/cz\/konzerva-carnilove-turkey-salmon-for-kittens-100g\/#primaryimage","url":"https:\/\/storage.googleapis.com\/cz-shopatoa-img\/cz\/9cdd1110-1_67378.jpg","contentUrl":"https:\/\/storage.googleapis.com\/cz-shopatoa-img\/cz\/9cdd1110-1_67378.jpg","width":600,"height":600},{"@type":"BreadcrumbList","@id":"https:\/\/shopatoa.com\/cz\/konzerva-carnilove-turkey-salmon-for-kittens-100g\/#breadcrumb","itemListElement":[{"@type":"ListItem","position":1,"name":"Dom\u016f","item":"https:\/\/shopatoa.com\/cz\/"},{"@type":"ListItem","position":2,"name":"Produkty","item":"https:\/\/shopatoa.com\/cz\/shop\/"},{"@type":"ListItem","position":3,"name":"Chovatelsk\u00e9 pot\u0159eby","item":"https:\/\/shopatoa.com\/cz\/chovatelske-potreby-2\/"},{"@type":"ListItem","position":4,"name":"Pro ko\u010dky","item":"https:\/\/shopatoa.com\/cz\/pro-kocky-chovatelske-potreby-2\/"},{"@type":"ListItem","position":5,"name":"Krmivo pro ko\u010dky","item":"https:\/\/shopatoa.com\/cz\/krmivo-pro-kocky-pro-kocky-chovatelske-potreby-2\/"},{"@type":"ListItem","position":6,"name":"Konzervy pro ko\u010dky","item":"https:\/\/shopatoa.com\/cz\/konzervy-pro-kocky\/"},{"@type":"ListItem","position":7,"name":"Konzerva Carnilove Turkey &amp; Salmon for Kittens 100g"}]},{"@type":"WebSite","@id":"https:\/\/shopatoa.com\/cz\/#website","url":"https:\/\/shopatoa.com\/cz\/","name":"SHOPATOA","description":"","publisher":{"@id":"https:\/\/shopatoa.com\/cz\/#organization"},"potentialAction":[{"@type":"SearchAction","target":{"@type":"EntryPoint","urlTemplate":"https:\/\/shopatoa.com\/cz\/?s={search_term_string}"},"query-input":{"@type":"PropertyValueSpecification","valueRequired":true,"valueName":"search_term_string"}}],"inLanguage":"cs"},{"@type":"Organization","@id":"https:\/\/shopatoa.com\/cz\/#organization","name":"SHOPATOA Digital s.r.o.","url":"https:\/\/shopatoa.com\/cz\/","logo":{"@type":"ImageObject","inLanguage":"cs","@id":"https:\/\/shopatoa.com\/cz\/#\/schema\/logo\/image\/","url":"https:\/\/storage.googleapis.com\/cz-shopatoa-img\/cz\/ebccf434-shopatoa_logo.png","contentUrl":"https:\/\/storage.googleapis.com\/cz-shopatoa-img\/cz\/ebccf434-shopatoa_logo.png","width":416,"height":63,"caption":"SHOPATOA Digital s.r.o."},"image":{"@id":"https:\/\/shopatoa.com\/cz\/#\/schema\/logo\/image\/"}}]}},"_links":{"self":[{"href":"https:\/\/shopatoa.com\/cz\/wp-json\/wp\/v2\/product\/249728","targetHints":{"allow":["GET"]}}],"collection":[{"href":"https:\/\/shopatoa.com\/cz\/wp-json\/wp\/v2\/product"}],"about":[{"href":"https:\/\/shopatoa.com\/cz\/wp-json\/wp\/v2\/types\/product"}],"replies":[{"embeddable":true,"href":"https:\/\/shopatoa.com\/cz\/wp-json\/wp\/v2\/comments?post=249728"}],"wp:featuredmedia":[{"embeddable":true,"href":"https:\/\/shopatoa.com\/cz\/wp-json\/wp\/v2\/media\/249729"}],"wp:attachment":[{"href":"https:\/\/shopatoa.com\/cz\/wp-json\/wp\/v2\/media?parent=249728"}],"wp:term":[{"taxonomy":"product_brand","embeddable":true,"href":"https:\/\/shopatoa.com\/cz\/wp-json\/wp\/v2\/product_brand?post=249728"},{"taxonomy":"product_cat","embeddable":true,"href":"https:\/\/shopatoa.com\/cz\/wp-json\/wp\/v2\/product_cat?post=249728"},{"taxonomy":"product_tag","embeddable":true,"href":"https:\/\/shopatoa.com\/cz\/wp-json\/wp\/v2\/product_tag?post=249728"}],"curies":[{"name":"wp","href":"https:\/\/api.w.org\/{rel}","templated":true}]}}