{"id":249806,"date":"2025-04-03T06:36:46","date_gmt":"2025-04-03T04:36:46","guid":{"rendered":"https:\/\/shopatoa.com\/cz\/?post_type=product&#038;p=249806"},"modified":"2025-04-25T21:27:20","modified_gmt":"2025-04-25T19:27:20","slug":"pelisek-viky-stribrna-50cm","status":"publish","type":"product","link":"https:\/\/shopatoa.com\/cz\/pelisek-viky-stribrna-50cm\/","title":{"rendered":"Pel\u00ed\u0161ek Viky st\u0159\u00edbrn\u00e1 50cm"},"content":{"rendered":"<p>M\u011bkk\u00fd pel\u00ed\u0161ek pro mal\u00e9 psy a ko\u010dky.<\/p>\n<p>Lze pr\u00e1t v\u00a0pra\u010dce na 30 stup\u0148\u016f.<\/p>\n<p>Vn\u011bj\u0161\u00ed pr\u016fm\u011br: 50 cm<\/p>\n","protected":false},"excerpt":{"rendered":"<p>M\u011bkk\u00fd pel\u00ed\u0161ek pro mal\u00e9 psy a ko\u010dky. Lze pr\u00e1t v\u00a0pra\u010dce na 30 stup\u0148\u016f. Vn\u011bj\u0161\u00ed pr\u016fm\u011br: 50 cm<\/p>\n","protected":false},"featured_media":249807,"comment_status":"closed","ping_status":"open","template":"","meta":{"_acf_changed":false,"_kadence_starter_templates_imported_post":false,"_kad_post_transparent":"","_kad_post_title":"","_kad_post_layout":"","_kad_post_sidebar_id":"","_kad_post_content_style":"","_kad_post_vertical_padding":"","_kad_post_feature":"","_kad_post_feature_position":"","_kad_post_header":false,"_kad_post_footer":false,"_kad_post_classname":""},"product_brand":[2704],"product_cat":[436,2613,2612,739],"product_tag":[],"class_list":{"0":"post-249806","1":"product","2":"type-product","3":"status-publish","4":"has-post-thumbnail","6":"product_brand-i-love-pets","7":"product_cat-chovatelske-potreby-2","8":"product_cat-pelisky-pro-psy","9":"product_cat-pelisky-boudy-a-dvirka-pro-psy","10":"product_cat-pro-psy-chovatelske-potreby-2","11":"pa_obchod-superzoo-cz","13":"first","14":"instock","15":"product-type-external","16":"entry","17":"content-bg","18":"loop-entry"},"acf":[],"yoast_head":"<!-- This site is optimized with the Yoast SEO plugin v27.4 - https:\/\/yoast.com\/product\/yoast-seo-wordpress\/ -->\n<title>Pel\u00ed\u0161ek Viky st\u0159\u00edbrn\u00e1 50cm - SHOPATOA.COM<\/title>\n<meta name=\"robots\" content=\"index, follow, max-snippet:-1, max-image-preview:large, max-video-preview:-1\" \/>\n<link rel=\"canonical\" href=\"https:\/\/shopatoa.com\/cz\/pelisek-viky-stribrna-50cm\/\" \/>\n<meta property=\"og:locale\" content=\"cs_CZ\" \/>\n<meta property=\"og:type\" content=\"article\" \/>\n<meta property=\"og:title\" content=\"Pel\u00ed\u0161ek Viky st\u0159\u00edbrn\u00e1 50cm - SHOPATOA.COM\" \/>\n<meta property=\"og:description\" content=\"M\u011bkk\u00fd pel\u00ed\u0161ek pro mal\u00e9 psy a ko\u010dky. Lze pr\u00e1t v\u00a0pra\u010dce na 30 stup\u0148\u016f. Vn\u011bj\u0161\u00ed pr\u016fm\u011br: 50 cm\" \/>\n<meta property=\"og:url\" content=\"https:\/\/shopatoa.com\/cz\/pelisek-viky-stribrna-50cm\/\" \/>\n<meta property=\"og:site_name\" content=\"SHOPATOA\" \/>\n<meta property=\"article:modified_time\" content=\"2025-04-25T19:27:20+00:00\" \/>\n<meta property=\"og:image\" content=\"https:\/\/storage.googleapis.com\/cz-shopatoa-img\/cz\/efdd6d68-1_68511.jpg\" \/>\n\t<meta property=\"og:image:width\" content=\"600\" \/>\n\t<meta property=\"og:image:height\" content=\"600\" \/>\n\t<meta property=\"og:image:type\" content=\"image\/jpeg\" \/>\n<meta name=\"twitter:card\" content=\"summary_large_image\" \/>\n<script type=\"application\/ld+json\" class=\"yoast-schema-graph\">{\"@context\":\"https:\\\/\\\/schema.org\",\"@graph\":[{\"@type\":\"WebPage\",\"@id\":\"https:\\\/\\\/shopatoa.com\\\/cz\\\/pelisek-viky-stribrna-50cm\\\/\",\"url\":\"https:\\\/\\\/shopatoa.com\\\/cz\\\/pelisek-viky-stribrna-50cm\\\/\",\"name\":\"Pel\u00ed\u0161ek Viky st\u0159\u00edbrn\u00e1 50cm - SHOPATOA.COM\",\"isPartOf\":{\"@id\":\"https:\\\/\\\/shopatoa.com\\\/cz\\\/#website\"},\"primaryImageOfPage\":{\"@id\":\"https:\\\/\\\/shopatoa.com\\\/cz\\\/pelisek-viky-stribrna-50cm\\\/#primaryimage\"},\"image\":{\"@id\":\"https:\\\/\\\/shopatoa.com\\\/cz\\\/pelisek-viky-stribrna-50cm\\\/#primaryimage\"},\"thumbnailUrl\":\"https:\\\/\\\/storage.googleapis.com\\\/cz-shopatoa-img\\\/cz\\\/efdd6d68-1_68511.jpg\",\"datePublished\":\"2025-04-03T04:36:46+00:00\",\"dateModified\":\"2025-04-25T19:27:20+00:00\",\"breadcrumb\":{\"@id\":\"https:\\\/\\\/shopatoa.com\\\/cz\\\/pelisek-viky-stribrna-50cm\\\/#breadcrumb\"},\"inLanguage\":\"cs\",\"potentialAction\":[{\"@type\":\"ReadAction\",\"target\":[\"https:\\\/\\\/shopatoa.com\\\/cz\\\/pelisek-viky-stribrna-50cm\\\/\"]}]},{\"@type\":\"ImageObject\",\"inLanguage\":\"cs\",\"@id\":\"https:\\\/\\\/shopatoa.com\\\/cz\\\/pelisek-viky-stribrna-50cm\\\/#primaryimage\",\"url\":\"https:\\\/\\\/storage.googleapis.com\\\/cz-shopatoa-img\\\/cz\\\/efdd6d68-1_68511.jpg\",\"contentUrl\":\"https:\\\/\\\/storage.googleapis.com\\\/cz-shopatoa-img\\\/cz\\\/efdd6d68-1_68511.jpg\",\"width\":600,\"height\":600},{\"@type\":\"BreadcrumbList\",\"@id\":\"https:\\\/\\\/shopatoa.com\\\/cz\\\/pelisek-viky-stribrna-50cm\\\/#breadcrumb\",\"itemListElement\":[{\"@type\":\"ListItem\",\"position\":1,\"name\":\"Dom\u016f\",\"item\":\"https:\\\/\\\/shopatoa.com\\\/cz\\\/\"},{\"@type\":\"ListItem\",\"position\":2,\"name\":\"Produkty\",\"item\":\"https:\\\/\\\/shopatoa.com\\\/cz\\\/shop\\\/\"},{\"@type\":\"ListItem\",\"position\":3,\"name\":\"Chovatelsk\u00e9 pot\u0159eby\",\"item\":\"https:\\\/\\\/shopatoa.com\\\/cz\\\/chovatelske-potreby-2\\\/\"},{\"@type\":\"ListItem\",\"position\":4,\"name\":\"Pro psy\",\"item\":\"https:\\\/\\\/shopatoa.com\\\/cz\\\/pro-psy-chovatelske-potreby-2\\\/\"},{\"@type\":\"ListItem\",\"position\":5,\"name\":\"Pel\u00ed\u0161ky, boudy a dv\u00ed\u0159ka pro psy\",\"item\":\"https:\\\/\\\/shopatoa.com\\\/cz\\\/pelisky-boudy-a-dvirka-pro-psy\\\/\"},{\"@type\":\"ListItem\",\"position\":6,\"name\":\"Pel\u00ed\u0161ky pro psy\",\"item\":\"https:\\\/\\\/shopatoa.com\\\/cz\\\/pelisky-pro-psy\\\/\"},{\"@type\":\"ListItem\",\"position\":7,\"name\":\"Pel\u00ed\u0161ek Viky st\u0159\u00edbrn\u00e1 50cm\"}]},{\"@type\":\"WebSite\",\"@id\":\"https:\\\/\\\/shopatoa.com\\\/cz\\\/#website\",\"url\":\"https:\\\/\\\/shopatoa.com\\\/cz\\\/\",\"name\":\"SHOPATOA\",\"description\":\"\",\"publisher\":{\"@id\":\"https:\\\/\\\/shopatoa.com\\\/cz\\\/#organization\"},\"potentialAction\":[{\"@type\":\"SearchAction\",\"target\":{\"@type\":\"EntryPoint\",\"urlTemplate\":\"https:\\\/\\\/shopatoa.com\\\/cz\\\/?s={search_term_string}\"},\"query-input\":{\"@type\":\"PropertyValueSpecification\",\"valueRequired\":true,\"valueName\":\"search_term_string\"}}],\"inLanguage\":\"cs\"},{\"@type\":\"Organization\",\"@id\":\"https:\\\/\\\/shopatoa.com\\\/cz\\\/#organization\",\"name\":\"SHOPATOA Digital s.r.o.\",\"url\":\"https:\\\/\\\/shopatoa.com\\\/cz\\\/\",\"logo\":{\"@type\":\"ImageObject\",\"inLanguage\":\"cs\",\"@id\":\"https:\\\/\\\/shopatoa.com\\\/cz\\\/#\\\/schema\\\/logo\\\/image\\\/\",\"url\":\"https:\\\/\\\/storage.googleapis.com\\\/cz-shopatoa-img\\\/cz\\\/ebccf434-shopatoa_logo.png\",\"contentUrl\":\"https:\\\/\\\/storage.googleapis.com\\\/cz-shopatoa-img\\\/cz\\\/ebccf434-shopatoa_logo.png\",\"width\":416,\"height\":63,\"caption\":\"SHOPATOA Digital s.r.o.\"},\"image\":{\"@id\":\"https:\\\/\\\/shopatoa.com\\\/cz\\\/#\\\/schema\\\/logo\\\/image\\\/\"}}]}<\/script>\n<!-- \/ Yoast SEO plugin. -->","yoast_head_json":{"title":"Pel\u00ed\u0161ek Viky st\u0159\u00edbrn\u00e1 50cm - SHOPATOA.COM","robots":{"index":"index","follow":"follow","max-snippet":"max-snippet:-1","max-image-preview":"max-image-preview:large","max-video-preview":"max-video-preview:-1"},"canonical":"https:\/\/shopatoa.com\/cz\/pelisek-viky-stribrna-50cm\/","og_locale":"cs_CZ","og_type":"article","og_title":"Pel\u00ed\u0161ek Viky st\u0159\u00edbrn\u00e1 50cm - SHOPATOA.COM","og_description":"M\u011bkk\u00fd pel\u00ed\u0161ek pro mal\u00e9 psy a ko\u010dky. Lze pr\u00e1t v\u00a0pra\u010dce na 30 stup\u0148\u016f. Vn\u011bj\u0161\u00ed pr\u016fm\u011br: 50 cm","og_url":"https:\/\/shopatoa.com\/cz\/pelisek-viky-stribrna-50cm\/","og_site_name":"SHOPATOA","article_modified_time":"2025-04-25T19:27:20+00:00","og_image":[{"width":600,"height":600,"url":"https:\/\/storage.googleapis.com\/cz-shopatoa-img\/cz\/efdd6d68-1_68511.jpg","type":"image\/jpeg"}],"twitter_card":"summary_large_image","schema":{"@context":"https:\/\/schema.org","@graph":[{"@type":"WebPage","@id":"https:\/\/shopatoa.com\/cz\/pelisek-viky-stribrna-50cm\/","url":"https:\/\/shopatoa.com\/cz\/pelisek-viky-stribrna-50cm\/","name":"Pel\u00ed\u0161ek Viky st\u0159\u00edbrn\u00e1 50cm - SHOPATOA.COM","isPartOf":{"@id":"https:\/\/shopatoa.com\/cz\/#website"},"primaryImageOfPage":{"@id":"https:\/\/shopatoa.com\/cz\/pelisek-viky-stribrna-50cm\/#primaryimage"},"image":{"@id":"https:\/\/shopatoa.com\/cz\/pelisek-viky-stribrna-50cm\/#primaryimage"},"thumbnailUrl":"https:\/\/storage.googleapis.com\/cz-shopatoa-img\/cz\/efdd6d68-1_68511.jpg","datePublished":"2025-04-03T04:36:46+00:00","dateModified":"2025-04-25T19:27:20+00:00","breadcrumb":{"@id":"https:\/\/shopatoa.com\/cz\/pelisek-viky-stribrna-50cm\/#breadcrumb"},"inLanguage":"cs","potentialAction":[{"@type":"ReadAction","target":["https:\/\/shopatoa.com\/cz\/pelisek-viky-stribrna-50cm\/"]}]},{"@type":"ImageObject","inLanguage":"cs","@id":"https:\/\/shopatoa.com\/cz\/pelisek-viky-stribrna-50cm\/#primaryimage","url":"https:\/\/storage.googleapis.com\/cz-shopatoa-img\/cz\/efdd6d68-1_68511.jpg","contentUrl":"https:\/\/storage.googleapis.com\/cz-shopatoa-img\/cz\/efdd6d68-1_68511.jpg","width":600,"height":600},{"@type":"BreadcrumbList","@id":"https:\/\/shopatoa.com\/cz\/pelisek-viky-stribrna-50cm\/#breadcrumb","itemListElement":[{"@type":"ListItem","position":1,"name":"Dom\u016f","item":"https:\/\/shopatoa.com\/cz\/"},{"@type":"ListItem","position":2,"name":"Produkty","item":"https:\/\/shopatoa.com\/cz\/shop\/"},{"@type":"ListItem","position":3,"name":"Chovatelsk\u00e9 pot\u0159eby","item":"https:\/\/shopatoa.com\/cz\/chovatelske-potreby-2\/"},{"@type":"ListItem","position":4,"name":"Pro psy","item":"https:\/\/shopatoa.com\/cz\/pro-psy-chovatelske-potreby-2\/"},{"@type":"ListItem","position":5,"name":"Pel\u00ed\u0161ky, boudy a dv\u00ed\u0159ka pro psy","item":"https:\/\/shopatoa.com\/cz\/pelisky-boudy-a-dvirka-pro-psy\/"},{"@type":"ListItem","position":6,"name":"Pel\u00ed\u0161ky pro psy","item":"https:\/\/shopatoa.com\/cz\/pelisky-pro-psy\/"},{"@type":"ListItem","position":7,"name":"Pel\u00ed\u0161ek Viky st\u0159\u00edbrn\u00e1 50cm"}]},{"@type":"WebSite","@id":"https:\/\/shopatoa.com\/cz\/#website","url":"https:\/\/shopatoa.com\/cz\/","name":"SHOPATOA","description":"","publisher":{"@id":"https:\/\/shopatoa.com\/cz\/#organization"},"potentialAction":[{"@type":"SearchAction","target":{"@type":"EntryPoint","urlTemplate":"https:\/\/shopatoa.com\/cz\/?s={search_term_string}"},"query-input":{"@type":"PropertyValueSpecification","valueRequired":true,"valueName":"search_term_string"}}],"inLanguage":"cs"},{"@type":"Organization","@id":"https:\/\/shopatoa.com\/cz\/#organization","name":"SHOPATOA Digital s.r.o.","url":"https:\/\/shopatoa.com\/cz\/","logo":{"@type":"ImageObject","inLanguage":"cs","@id":"https:\/\/shopatoa.com\/cz\/#\/schema\/logo\/image\/","url":"https:\/\/storage.googleapis.com\/cz-shopatoa-img\/cz\/ebccf434-shopatoa_logo.png","contentUrl":"https:\/\/storage.googleapis.com\/cz-shopatoa-img\/cz\/ebccf434-shopatoa_logo.png","width":416,"height":63,"caption":"SHOPATOA Digital s.r.o."},"image":{"@id":"https:\/\/shopatoa.com\/cz\/#\/schema\/logo\/image\/"}}]}},"_links":{"self":[{"href":"https:\/\/shopatoa.com\/cz\/wp-json\/wp\/v2\/product\/249806","targetHints":{"allow":["GET"]}}],"collection":[{"href":"https:\/\/shopatoa.com\/cz\/wp-json\/wp\/v2\/product"}],"about":[{"href":"https:\/\/shopatoa.com\/cz\/wp-json\/wp\/v2\/types\/product"}],"replies":[{"embeddable":true,"href":"https:\/\/shopatoa.com\/cz\/wp-json\/wp\/v2\/comments?post=249806"}],"wp:featuredmedia":[{"embeddable":true,"href":"https:\/\/shopatoa.com\/cz\/wp-json\/wp\/v2\/media\/249807"}],"wp:attachment":[{"href":"https:\/\/shopatoa.com\/cz\/wp-json\/wp\/v2\/media?parent=249806"}],"wp:term":[{"taxonomy":"product_brand","embeddable":true,"href":"https:\/\/shopatoa.com\/cz\/wp-json\/wp\/v2\/product_brand?post=249806"},{"taxonomy":"product_cat","embeddable":true,"href":"https:\/\/shopatoa.com\/cz\/wp-json\/wp\/v2\/product_cat?post=249806"},{"taxonomy":"product_tag","embeddable":true,"href":"https:\/\/shopatoa.com\/cz\/wp-json\/wp\/v2\/product_tag?post=249806"}],"curies":[{"name":"wp","href":"https:\/\/api.w.org\/{rel}","templated":true}]}}