{"id":249864,"date":"2025-04-03T06:50:02","date_gmt":"2025-04-03T04:50:02","guid":{"rendered":"https:\/\/shopatoa.com\/cz\/?post_type=product&#038;p=249864"},"modified":"2026-02-01T22:13:32","modified_gmt":"2026-02-01T21:13:32","slug":"velky-papousek-delux-15kg","status":"publish","type":"product","link":"https:\/\/shopatoa.com\/cz\/velky-papousek-delux-15kg\/","title":{"rendered":"Velk\u00fd papou\u0161ek delux 15kg"},"content":{"rendered":"<p>Kompletn\u00ed krmivo pro velk\u00e9 papou\u0161ky. V\u00fdb\u011brov\u00e1 sm\u011bs zrnin pro velk\u00e9 papou\u0161ky se spoustou o\u0159\u00ed\u0161k\u016f, ovoce, zeleniny a chilli papri\u010dek.<\/p>\n<p>Slo\u017een\u00ed: slune\u010dnice b\u00edl\u00e1, kardi, oves nah\u00fd, kuku\u0159ice \u017elut\u00e1, d\u00fdn\u011b, bursk\u00e9 o\u0159\u00ed\u0161ky ve slupce, bursk\u00e9 o\u0159\u00ed\u0161ky loupan\u00e9, slune\u010dnice b\u00edl\u00e1 Kenya, dari, lesknice, \u010dirok \u010derven\u00fd, pohanka, kuku\u0159ice \u010derven\u00e1, ostropest\u0159ec, mungo, semenec, ban\u00e1ny, kuku\u0159i\u010dn\u00e9 vlo\u010dky, slune\u010dnice \u017e\u00edhan\u00e1 velk\u00e1, soja, hrachov\u00e9 vlo\u010dky, extrudovan\u00e1 r\u00fd\u017ee, chilli papri\u010dky.<\/p>\n","protected":false},"excerpt":{"rendered":"<p>Kompletn\u00ed krmivo pro velk\u00e9 papou\u0161ky. V\u00fdb\u011brov\u00e1 sm\u011bs zrnin pro velk\u00e9 papou\u0161ky se spoustou o\u0159\u00ed\u0161k\u016f, ovoce, zeleniny a chilli papri\u010dek. Slo\u017een\u00ed: slune\u010dnice b\u00edl\u00e1, kardi, oves nah\u00fd, kuku\u0159ice \u017elut\u00e1, d\u00fdn\u011b, bursk\u00e9 o\u0159\u00ed\u0161ky ve slupce, bursk\u00e9 o\u0159\u00ed\u0161ky loupan\u00e9, slune\u010dnice b\u00edl\u00e1 Kenya, dari, lesknice, \u010dirok \u010derven\u00fd, pohanka, kuku\u0159ice \u010derven\u00e1, ostropest\u0159ec, mungo, semenec, ban\u00e1ny, kuku\u0159i\u010dn\u00e9 vlo\u010dky, slune\u010dnice \u017e\u00edhan\u00e1 velk\u00e1, soja,&#8230;<\/p>\n","protected":false},"featured_media":249865,"comment_status":"closed","ping_status":"open","template":"","meta":{"_acf_changed":false,"_kadence_starter_templates_imported_post":false,"_kad_post_transparent":"","_kad_post_title":"","_kad_post_layout":"","_kad_post_sidebar_id":"","_kad_post_content_style":"","_kad_post_vertical_padding":"","_kad_post_feature":"","_kad_post_feature_position":"","_kad_post_header":false,"_kad_post_footer":false,"_kad_post_classname":""},"product_brand":[2474],"product_cat":[2663,2664,358],"product_tag":[],"class_list":{"0":"post-249864","1":"product","2":"type-product","3":"status-publish","4":"has-post-thumbnail","6":"product_brand-avicentra","7":"product_cat-eroticke-hry-a-hracky","8":"product_cat-eroticke-pochoutky","9":"product_cat-eroticke-pomucky","10":"pa_obchod-superzoo-cz","12":"first","13":"instock","14":"product-type-external","15":"entry","16":"content-bg","17":"loop-entry"},"acf":[],"yoast_head":"<!-- This site is optimized with the Yoast SEO plugin v27.4 - https:\/\/yoast.com\/product\/yoast-seo-wordpress\/ -->\n<title>Velk\u00fd papou\u0161ek delux 15kg - SHOPATOA.COM<\/title>\n<meta name=\"robots\" content=\"index, follow, max-snippet:-1, max-image-preview:large, max-video-preview:-1\" \/>\n<link rel=\"canonical\" href=\"https:\/\/shopatoa.com\/cz\/velky-papousek-delux-15kg\/\" \/>\n<meta property=\"og:locale\" content=\"cs_CZ\" \/>\n<meta property=\"og:type\" content=\"article\" \/>\n<meta property=\"og:title\" content=\"Velk\u00fd papou\u0161ek delux 15kg - SHOPATOA.COM\" \/>\n<meta property=\"og:description\" content=\"Kompletn\u00ed krmivo pro velk\u00e9 papou\u0161ky. V\u00fdb\u011brov\u00e1 sm\u011bs zrnin pro velk\u00e9 papou\u0161ky se spoustou o\u0159\u00ed\u0161k\u016f, ovoce, zeleniny a chilli papri\u010dek. Slo\u017een\u00ed: slune\u010dnice b\u00edl\u00e1, kardi, oves nah\u00fd, kuku\u0159ice \u017elut\u00e1, d\u00fdn\u011b, bursk\u00e9 o\u0159\u00ed\u0161ky ve slupce, bursk\u00e9 o\u0159\u00ed\u0161ky loupan\u00e9, slune\u010dnice b\u00edl\u00e1 Kenya, dari, lesknice, \u010dirok \u010derven\u00fd, pohanka, kuku\u0159ice \u010derven\u00e1, ostropest\u0159ec, mungo, semenec, ban\u00e1ny, kuku\u0159i\u010dn\u00e9 vlo\u010dky, slune\u010dnice \u017e\u00edhan\u00e1 velk\u00e1, soja,...\" \/>\n<meta property=\"og:url\" content=\"https:\/\/shopatoa.com\/cz\/velky-papousek-delux-15kg\/\" \/>\n<meta property=\"og:site_name\" content=\"SHOPATOA\" \/>\n<meta property=\"article:modified_time\" content=\"2026-02-01T21:13:32+00:00\" \/>\n<meta property=\"og:image\" content=\"https:\/\/storage.googleapis.com\/cz-shopatoa-img\/cz\/24beb84a-1_66689.jpg\" \/>\n\t<meta property=\"og:image:width\" content=\"600\" \/>\n\t<meta property=\"og:image:height\" content=\"600\" \/>\n\t<meta property=\"og:image:type\" content=\"image\/jpeg\" \/>\n<meta name=\"twitter:card\" content=\"summary_large_image\" \/>\n<script type=\"application\/ld+json\" class=\"yoast-schema-graph\">{\"@context\":\"https:\\\/\\\/schema.org\",\"@graph\":[{\"@type\":\"WebPage\",\"@id\":\"https:\\\/\\\/shopatoa.com\\\/cz\\\/velky-papousek-delux-15kg\\\/\",\"url\":\"https:\\\/\\\/shopatoa.com\\\/cz\\\/velky-papousek-delux-15kg\\\/\",\"name\":\"Velk\u00fd papou\u0161ek delux 15kg - SHOPATOA.COM\",\"isPartOf\":{\"@id\":\"https:\\\/\\\/shopatoa.com\\\/cz\\\/#website\"},\"primaryImageOfPage\":{\"@id\":\"https:\\\/\\\/shopatoa.com\\\/cz\\\/velky-papousek-delux-15kg\\\/#primaryimage\"},\"image\":{\"@id\":\"https:\\\/\\\/shopatoa.com\\\/cz\\\/velky-papousek-delux-15kg\\\/#primaryimage\"},\"thumbnailUrl\":\"https:\\\/\\\/storage.googleapis.com\\\/cz-shopatoa-img\\\/cz\\\/24beb84a-1_66689.jpg\",\"datePublished\":\"2025-04-03T04:50:02+00:00\",\"dateModified\":\"2026-02-01T21:13:32+00:00\",\"breadcrumb\":{\"@id\":\"https:\\\/\\\/shopatoa.com\\\/cz\\\/velky-papousek-delux-15kg\\\/#breadcrumb\"},\"inLanguage\":\"cs\",\"potentialAction\":[{\"@type\":\"ReadAction\",\"target\":[\"https:\\\/\\\/shopatoa.com\\\/cz\\\/velky-papousek-delux-15kg\\\/\"]}]},{\"@type\":\"ImageObject\",\"inLanguage\":\"cs\",\"@id\":\"https:\\\/\\\/shopatoa.com\\\/cz\\\/velky-papousek-delux-15kg\\\/#primaryimage\",\"url\":\"https:\\\/\\\/storage.googleapis.com\\\/cz-shopatoa-img\\\/cz\\\/24beb84a-1_66689.jpg\",\"contentUrl\":\"https:\\\/\\\/storage.googleapis.com\\\/cz-shopatoa-img\\\/cz\\\/24beb84a-1_66689.jpg\",\"width\":600,\"height\":600},{\"@type\":\"BreadcrumbList\",\"@id\":\"https:\\\/\\\/shopatoa.com\\\/cz\\\/velky-papousek-delux-15kg\\\/#breadcrumb\",\"itemListElement\":[{\"@type\":\"ListItem\",\"position\":1,\"name\":\"Dom\u016f\",\"item\":\"https:\\\/\\\/shopatoa.com\\\/cz\\\/\"},{\"@type\":\"ListItem\",\"position\":2,\"name\":\"Produkty\",\"item\":\"https:\\\/\\\/shopatoa.com\\\/cz\\\/shop\\\/\"},{\"@type\":\"ListItem\",\"position\":3,\"name\":\"Erotick\u00e9 pom\u016fcky\",\"item\":\"https:\\\/\\\/shopatoa.com\\\/cz\\\/eroticke-pomucky\\\/\"},{\"@type\":\"ListItem\",\"position\":4,\"name\":\"Erotick\u00e9 hry a hra\u010dky\",\"item\":\"https:\\\/\\\/shopatoa.com\\\/cz\\\/eroticke-hry-a-hracky\\\/\"},{\"@type\":\"ListItem\",\"position\":5,\"name\":\"Erotick\u00e9 pochoutky\",\"item\":\"https:\\\/\\\/shopatoa.com\\\/cz\\\/eroticke-pochoutky\\\/\"},{\"@type\":\"ListItem\",\"position\":6,\"name\":\"Velk\u00fd papou\u0161ek delux 15kg\"}]},{\"@type\":\"WebSite\",\"@id\":\"https:\\\/\\\/shopatoa.com\\\/cz\\\/#website\",\"url\":\"https:\\\/\\\/shopatoa.com\\\/cz\\\/\",\"name\":\"SHOPATOA\",\"description\":\"\",\"publisher\":{\"@id\":\"https:\\\/\\\/shopatoa.com\\\/cz\\\/#organization\"},\"potentialAction\":[{\"@type\":\"SearchAction\",\"target\":{\"@type\":\"EntryPoint\",\"urlTemplate\":\"https:\\\/\\\/shopatoa.com\\\/cz\\\/?s={search_term_string}\"},\"query-input\":{\"@type\":\"PropertyValueSpecification\",\"valueRequired\":true,\"valueName\":\"search_term_string\"}}],\"inLanguage\":\"cs\"},{\"@type\":\"Organization\",\"@id\":\"https:\\\/\\\/shopatoa.com\\\/cz\\\/#organization\",\"name\":\"SHOPATOA Digital s.r.o.\",\"url\":\"https:\\\/\\\/shopatoa.com\\\/cz\\\/\",\"logo\":{\"@type\":\"ImageObject\",\"inLanguage\":\"cs\",\"@id\":\"https:\\\/\\\/shopatoa.com\\\/cz\\\/#\\\/schema\\\/logo\\\/image\\\/\",\"url\":\"https:\\\/\\\/storage.googleapis.com\\\/cz-shopatoa-img\\\/cz\\\/ebccf434-shopatoa_logo.png\",\"contentUrl\":\"https:\\\/\\\/storage.googleapis.com\\\/cz-shopatoa-img\\\/cz\\\/ebccf434-shopatoa_logo.png\",\"width\":416,\"height\":63,\"caption\":\"SHOPATOA Digital s.r.o.\"},\"image\":{\"@id\":\"https:\\\/\\\/shopatoa.com\\\/cz\\\/#\\\/schema\\\/logo\\\/image\\\/\"}}]}<\/script>\n<!-- \/ Yoast SEO plugin. -->","yoast_head_json":{"title":"Velk\u00fd papou\u0161ek delux 15kg - SHOPATOA.COM","robots":{"index":"index","follow":"follow","max-snippet":"max-snippet:-1","max-image-preview":"max-image-preview:large","max-video-preview":"max-video-preview:-1"},"canonical":"https:\/\/shopatoa.com\/cz\/velky-papousek-delux-15kg\/","og_locale":"cs_CZ","og_type":"article","og_title":"Velk\u00fd papou\u0161ek delux 15kg - SHOPATOA.COM","og_description":"Kompletn\u00ed krmivo pro velk\u00e9 papou\u0161ky. V\u00fdb\u011brov\u00e1 sm\u011bs zrnin pro velk\u00e9 papou\u0161ky se spoustou o\u0159\u00ed\u0161k\u016f, ovoce, zeleniny a chilli papri\u010dek. Slo\u017een\u00ed: slune\u010dnice b\u00edl\u00e1, kardi, oves nah\u00fd, kuku\u0159ice \u017elut\u00e1, d\u00fdn\u011b, bursk\u00e9 o\u0159\u00ed\u0161ky ve slupce, bursk\u00e9 o\u0159\u00ed\u0161ky loupan\u00e9, slune\u010dnice b\u00edl\u00e1 Kenya, dari, lesknice, \u010dirok \u010derven\u00fd, pohanka, kuku\u0159ice \u010derven\u00e1, ostropest\u0159ec, mungo, semenec, ban\u00e1ny, kuku\u0159i\u010dn\u00e9 vlo\u010dky, slune\u010dnice \u017e\u00edhan\u00e1 velk\u00e1, soja,...","og_url":"https:\/\/shopatoa.com\/cz\/velky-papousek-delux-15kg\/","og_site_name":"SHOPATOA","article_modified_time":"2026-02-01T21:13:32+00:00","og_image":[{"width":600,"height":600,"url":"https:\/\/storage.googleapis.com\/cz-shopatoa-img\/cz\/24beb84a-1_66689.jpg","type":"image\/jpeg"}],"twitter_card":"summary_large_image","schema":{"@context":"https:\/\/schema.org","@graph":[{"@type":"WebPage","@id":"https:\/\/shopatoa.com\/cz\/velky-papousek-delux-15kg\/","url":"https:\/\/shopatoa.com\/cz\/velky-papousek-delux-15kg\/","name":"Velk\u00fd papou\u0161ek delux 15kg - SHOPATOA.COM","isPartOf":{"@id":"https:\/\/shopatoa.com\/cz\/#website"},"primaryImageOfPage":{"@id":"https:\/\/shopatoa.com\/cz\/velky-papousek-delux-15kg\/#primaryimage"},"image":{"@id":"https:\/\/shopatoa.com\/cz\/velky-papousek-delux-15kg\/#primaryimage"},"thumbnailUrl":"https:\/\/storage.googleapis.com\/cz-shopatoa-img\/cz\/24beb84a-1_66689.jpg","datePublished":"2025-04-03T04:50:02+00:00","dateModified":"2026-02-01T21:13:32+00:00","breadcrumb":{"@id":"https:\/\/shopatoa.com\/cz\/velky-papousek-delux-15kg\/#breadcrumb"},"inLanguage":"cs","potentialAction":[{"@type":"ReadAction","target":["https:\/\/shopatoa.com\/cz\/velky-papousek-delux-15kg\/"]}]},{"@type":"ImageObject","inLanguage":"cs","@id":"https:\/\/shopatoa.com\/cz\/velky-papousek-delux-15kg\/#primaryimage","url":"https:\/\/storage.googleapis.com\/cz-shopatoa-img\/cz\/24beb84a-1_66689.jpg","contentUrl":"https:\/\/storage.googleapis.com\/cz-shopatoa-img\/cz\/24beb84a-1_66689.jpg","width":600,"height":600},{"@type":"BreadcrumbList","@id":"https:\/\/shopatoa.com\/cz\/velky-papousek-delux-15kg\/#breadcrumb","itemListElement":[{"@type":"ListItem","position":1,"name":"Dom\u016f","item":"https:\/\/shopatoa.com\/cz\/"},{"@type":"ListItem","position":2,"name":"Produkty","item":"https:\/\/shopatoa.com\/cz\/shop\/"},{"@type":"ListItem","position":3,"name":"Erotick\u00e9 pom\u016fcky","item":"https:\/\/shopatoa.com\/cz\/eroticke-pomucky\/"},{"@type":"ListItem","position":4,"name":"Erotick\u00e9 hry a hra\u010dky","item":"https:\/\/shopatoa.com\/cz\/eroticke-hry-a-hracky\/"},{"@type":"ListItem","position":5,"name":"Erotick\u00e9 pochoutky","item":"https:\/\/shopatoa.com\/cz\/eroticke-pochoutky\/"},{"@type":"ListItem","position":6,"name":"Velk\u00fd papou\u0161ek delux 15kg"}]},{"@type":"WebSite","@id":"https:\/\/shopatoa.com\/cz\/#website","url":"https:\/\/shopatoa.com\/cz\/","name":"SHOPATOA","description":"","publisher":{"@id":"https:\/\/shopatoa.com\/cz\/#organization"},"potentialAction":[{"@type":"SearchAction","target":{"@type":"EntryPoint","urlTemplate":"https:\/\/shopatoa.com\/cz\/?s={search_term_string}"},"query-input":{"@type":"PropertyValueSpecification","valueRequired":true,"valueName":"search_term_string"}}],"inLanguage":"cs"},{"@type":"Organization","@id":"https:\/\/shopatoa.com\/cz\/#organization","name":"SHOPATOA Digital s.r.o.","url":"https:\/\/shopatoa.com\/cz\/","logo":{"@type":"ImageObject","inLanguage":"cs","@id":"https:\/\/shopatoa.com\/cz\/#\/schema\/logo\/image\/","url":"https:\/\/storage.googleapis.com\/cz-shopatoa-img\/cz\/ebccf434-shopatoa_logo.png","contentUrl":"https:\/\/storage.googleapis.com\/cz-shopatoa-img\/cz\/ebccf434-shopatoa_logo.png","width":416,"height":63,"caption":"SHOPATOA Digital s.r.o."},"image":{"@id":"https:\/\/shopatoa.com\/cz\/#\/schema\/logo\/image\/"}}]}},"_links":{"self":[{"href":"https:\/\/shopatoa.com\/cz\/wp-json\/wp\/v2\/product\/249864","targetHints":{"allow":["GET"]}}],"collection":[{"href":"https:\/\/shopatoa.com\/cz\/wp-json\/wp\/v2\/product"}],"about":[{"href":"https:\/\/shopatoa.com\/cz\/wp-json\/wp\/v2\/types\/product"}],"replies":[{"embeddable":true,"href":"https:\/\/shopatoa.com\/cz\/wp-json\/wp\/v2\/comments?post=249864"}],"wp:featuredmedia":[{"embeddable":true,"href":"https:\/\/shopatoa.com\/cz\/wp-json\/wp\/v2\/media\/249865"}],"wp:attachment":[{"href":"https:\/\/shopatoa.com\/cz\/wp-json\/wp\/v2\/media?parent=249864"}],"wp:term":[{"taxonomy":"product_brand","embeddable":true,"href":"https:\/\/shopatoa.com\/cz\/wp-json\/wp\/v2\/product_brand?post=249864"},{"taxonomy":"product_cat","embeddable":true,"href":"https:\/\/shopatoa.com\/cz\/wp-json\/wp\/v2\/product_cat?post=249864"},{"taxonomy":"product_tag","embeddable":true,"href":"https:\/\/shopatoa.com\/cz\/wp-json\/wp\/v2\/product_tag?post=249864"}],"curies":[{"name":"wp","href":"https:\/\/api.w.org\/{rel}","templated":true}]}}