{"id":249970,"date":"2025-04-03T07:06:46","date_gmt":"2025-04-03T05:06:46","guid":{"rendered":"https:\/\/shopatoa.com\/cz\/?post_type=product&#038;p=249970"},"modified":"2026-02-04T00:43:03","modified_gmt":"2026-02-03T23:43:03","slug":"terarijni-substrat-3l","status":"publish","type":"product","link":"https:\/\/shopatoa.com\/cz\/terarijni-substrat-3l\/","title":{"rendered":"Terarijn\u00ed substr\u00e1t 3l"},"content":{"rendered":"<p>Speci\u00e1ln\u011b nam\u00edchan\u00e1\u00a0sm\u011bs kokosov\u00e9ho substr\u00e1tu (lignocelu) a p\u00edsku je ji\u017e p\u0159ipravena k p\u0159\u00edm\u00e9mu pou\u017eit\u00ed. Nemus\u00edte tedy slo\u017eit\u011b nam\u00e1\u010det lignocel, \u010dekat a\u017e nabobtn\u00e1 a n\u00e1sledn\u011b m\u00edchat s dal\u0161\u00edmi materi\u00e1ly. Pom\u011br jednotliv\u00fdch slo\u017eek je prov\u011b\u0159en\u00fd a odzkou\u0161en\u00fd. Zrnka p\u00edsku jsou r\u016fzn\u00e9 velikosti, n\u011bkter\u00e1 zv\u00ed\u0159ata si je ze substr\u00e1tu r\u00e1da vyb\u00edraj\u00ed (pom\u00e1h\u00e1 jim to v \u017ealudku rozm\u011bl\u0148ovat potravu). Substr\u00e1t dob\u0159e dr\u017e\u00ed vlhkost a nelep\u00ed se.\u00a0<\/p>\n<p>Pou\u017eit\u00ed:\u00a0sta\u010d\u00ed jednodu\u0161e vysypat p\u0159\u00edmo do ter\u00e1ria, v\u011bt\u0161inou se pou\u017e\u00edv\u00e1\u00a0vrstva cca 3 &#8211; 6 cm, ale p\u0159edev\u0161\u00edm\u00a0z\u00e1le\u017e\u00ed na chovan\u00e9m druhu, hrabav\u00e9 a v\u011bt\u0161\u00ed druhy zv\u00ed\u0159at vy\u017eaduj\u00ed samoz\u0159ejm\u011b vy\u0161\u0161\u00ed vrstvu.<\/p>\n<p>Z jednoho 3l balen\u00ed se\u00a0pokryje prostor o velikosti cca 30&#215;20 cm ve vrstv\u011b asi 3 cm. Doporu\u010den\u00e1 v\u00fdm\u011bna substr\u00e1tu je\u00a02 &#8211; 4 x ro\u010dn\u011b,\u00a0dle zne\u010di\u0161t\u011bn\u00ed. Samoz\u0159ejm\u011b mezit\u00edm se mus\u00ed z ter\u00e1ria pr\u016fb\u011b\u017en\u011b odstra\u0148ovat exkrementy a jin\u00e9 ne\u010distoty a substr\u00e1t v p\u0159\u00edpad\u011b pot\u0159eby dosypat.<\/p>\n","protected":false},"excerpt":{"rendered":"<p>Speci\u00e1ln\u011b nam\u00edchan\u00e1\u00a0sm\u011bs kokosov\u00e9ho substr\u00e1tu (lignocelu) a p\u00edsku je ji\u017e p\u0159ipravena k p\u0159\u00edm\u00e9mu pou\u017eit\u00ed. Nemus\u00edte tedy slo\u017eit\u011b nam\u00e1\u010det lignocel, \u010dekat a\u017e nabobtn\u00e1 a n\u00e1sledn\u011b m\u00edchat s dal\u0161\u00edmi materi\u00e1ly. Pom\u011br jednotliv\u00fdch slo\u017eek je prov\u011b\u0159en\u00fd a odzkou\u0161en\u00fd. Zrnka p\u00edsku jsou r\u016fzn\u00e9 velikosti, n\u011bkter\u00e1 zv\u00ed\u0159ata si je ze substr\u00e1tu r\u00e1da vyb\u00edraj\u00ed (pom\u00e1h\u00e1 jim to v \u017ealudku rozm\u011bl\u0148ovat potravu). Substr\u00e1t&#8230;<\/p>\n","protected":false},"featured_media":249971,"comment_status":"closed","ping_status":"open","template":"","meta":{"_acf_changed":false,"_kadence_starter_templates_imported_post":false,"_kad_post_transparent":"","_kad_post_title":"","_kad_post_layout":"","_kad_post_sidebar_id":"","_kad_post_content_style":"","_kad_post_vertical_padding":"","_kad_post_feature":"","_kad_post_feature_position":"","_kad_post_header":false,"_kad_post_footer":false,"_kad_post_classname":""},"product_brand":[2748],"product_cat":[436,2559,2528,2557],"product_tag":[],"class_list":{"0":"post-249970","1":"product","2":"type-product","3":"status-publish","4":"has-post-thumbnail","6":"product_brand-robimaus","7":"product_cat-chovatelske-potreby-2","8":"product_cat-pisky-a-substraty-do-terarii","9":"product_cat-teraristika","10":"product_cat-vybaveni-terarii","11":"pa_obchod-superzoo-cz","13":"first","14":"instock","15":"product-type-external","16":"entry","17":"content-bg","18":"loop-entry"},"acf":[],"yoast_head":"<!-- This site is optimized with the Yoast SEO plugin v27.4 - https:\/\/yoast.com\/product\/yoast-seo-wordpress\/ -->\n<title>Terarijn\u00ed substr\u00e1t 3l - SHOPATOA.COM<\/title>\n<meta name=\"robots\" content=\"index, follow, max-snippet:-1, max-image-preview:large, max-video-preview:-1\" \/>\n<link rel=\"canonical\" href=\"https:\/\/shopatoa.com\/cz\/terarijni-substrat-3l\/\" \/>\n<meta property=\"og:locale\" content=\"cs_CZ\" \/>\n<meta property=\"og:type\" content=\"article\" \/>\n<meta property=\"og:title\" content=\"Terarijn\u00ed substr\u00e1t 3l - SHOPATOA.COM\" \/>\n<meta property=\"og:description\" content=\"Speci\u00e1ln\u011b nam\u00edchan\u00e1\u00a0sm\u011bs kokosov\u00e9ho substr\u00e1tu (lignocelu) a p\u00edsku je ji\u017e p\u0159ipravena k p\u0159\u00edm\u00e9mu pou\u017eit\u00ed. Nemus\u00edte tedy slo\u017eit\u011b nam\u00e1\u010det lignocel, \u010dekat a\u017e nabobtn\u00e1 a n\u00e1sledn\u011b m\u00edchat s dal\u0161\u00edmi materi\u00e1ly. Pom\u011br jednotliv\u00fdch slo\u017eek je prov\u011b\u0159en\u00fd a odzkou\u0161en\u00fd. Zrnka p\u00edsku jsou r\u016fzn\u00e9 velikosti, n\u011bkter\u00e1 zv\u00ed\u0159ata si je ze substr\u00e1tu r\u00e1da vyb\u00edraj\u00ed (pom\u00e1h\u00e1 jim to v \u017ealudku rozm\u011bl\u0148ovat potravu). Substr\u00e1t...\" \/>\n<meta property=\"og:url\" content=\"https:\/\/shopatoa.com\/cz\/terarijni-substrat-3l\/\" \/>\n<meta property=\"og:site_name\" content=\"SHOPATOA\" \/>\n<meta property=\"article:modified_time\" content=\"2026-02-03T23:43:03+00:00\" \/>\n<meta property=\"og:image\" content=\"https:\/\/storage.googleapis.com\/cz-shopatoa-img\/cz\/96639cba-1_68342.jpg\" \/>\n\t<meta property=\"og:image:width\" content=\"600\" \/>\n\t<meta property=\"og:image:height\" content=\"600\" \/>\n\t<meta property=\"og:image:type\" content=\"image\/jpeg\" \/>\n<meta name=\"twitter:card\" content=\"summary_large_image\" \/>\n<meta name=\"twitter:label1\" content=\"Odhadovan\u00e1 doba \u010dten\u00ed\" \/>\n\t<meta name=\"twitter:data1\" content=\"1 minuta\" \/>\n<script type=\"application\/ld+json\" class=\"yoast-schema-graph\">{\"@context\":\"https:\\\/\\\/schema.org\",\"@graph\":[{\"@type\":\"WebPage\",\"@id\":\"https:\\\/\\\/shopatoa.com\\\/cz\\\/terarijni-substrat-3l\\\/\",\"url\":\"https:\\\/\\\/shopatoa.com\\\/cz\\\/terarijni-substrat-3l\\\/\",\"name\":\"Terarijn\u00ed substr\u00e1t 3l - SHOPATOA.COM\",\"isPartOf\":{\"@id\":\"https:\\\/\\\/shopatoa.com\\\/cz\\\/#website\"},\"primaryImageOfPage\":{\"@id\":\"https:\\\/\\\/shopatoa.com\\\/cz\\\/terarijni-substrat-3l\\\/#primaryimage\"},\"image\":{\"@id\":\"https:\\\/\\\/shopatoa.com\\\/cz\\\/terarijni-substrat-3l\\\/#primaryimage\"},\"thumbnailUrl\":\"https:\\\/\\\/storage.googleapis.com\\\/cz-shopatoa-img\\\/cz\\\/96639cba-1_68342.jpg\",\"datePublished\":\"2025-04-03T05:06:46+00:00\",\"dateModified\":\"2026-02-03T23:43:03+00:00\",\"breadcrumb\":{\"@id\":\"https:\\\/\\\/shopatoa.com\\\/cz\\\/terarijni-substrat-3l\\\/#breadcrumb\"},\"inLanguage\":\"cs\",\"potentialAction\":[{\"@type\":\"ReadAction\",\"target\":[\"https:\\\/\\\/shopatoa.com\\\/cz\\\/terarijni-substrat-3l\\\/\"]}]},{\"@type\":\"ImageObject\",\"inLanguage\":\"cs\",\"@id\":\"https:\\\/\\\/shopatoa.com\\\/cz\\\/terarijni-substrat-3l\\\/#primaryimage\",\"url\":\"https:\\\/\\\/storage.googleapis.com\\\/cz-shopatoa-img\\\/cz\\\/96639cba-1_68342.jpg\",\"contentUrl\":\"https:\\\/\\\/storage.googleapis.com\\\/cz-shopatoa-img\\\/cz\\\/96639cba-1_68342.jpg\",\"width\":600,\"height\":600},{\"@type\":\"BreadcrumbList\",\"@id\":\"https:\\\/\\\/shopatoa.com\\\/cz\\\/terarijni-substrat-3l\\\/#breadcrumb\",\"itemListElement\":[{\"@type\":\"ListItem\",\"position\":1,\"name\":\"Dom\u016f\",\"item\":\"https:\\\/\\\/shopatoa.com\\\/cz\\\/\"},{\"@type\":\"ListItem\",\"position\":2,\"name\":\"Produkty\",\"item\":\"https:\\\/\\\/shopatoa.com\\\/cz\\\/shop\\\/\"},{\"@type\":\"ListItem\",\"position\":3,\"name\":\"Chovatelsk\u00e9 pot\u0159eby\",\"item\":\"https:\\\/\\\/shopatoa.com\\\/cz\\\/chovatelske-potreby-2\\\/\"},{\"@type\":\"ListItem\",\"position\":4,\"name\":\"Teraristika\",\"item\":\"https:\\\/\\\/shopatoa.com\\\/cz\\\/teraristika\\\/\"},{\"@type\":\"ListItem\",\"position\":5,\"name\":\"Vybaven\u00ed ter\u00e1ri\u00ed\",\"item\":\"https:\\\/\\\/shopatoa.com\\\/cz\\\/vybaveni-terarii\\\/\"},{\"@type\":\"ListItem\",\"position\":6,\"name\":\"P\u00edsky a substr\u00e1ty do ter\u00e1ri\u00ed\",\"item\":\"https:\\\/\\\/shopatoa.com\\\/cz\\\/pisky-a-substraty-do-terarii\\\/\"},{\"@type\":\"ListItem\",\"position\":7,\"name\":\"Terarijn\u00ed substr\u00e1t 3l\"}]},{\"@type\":\"WebSite\",\"@id\":\"https:\\\/\\\/shopatoa.com\\\/cz\\\/#website\",\"url\":\"https:\\\/\\\/shopatoa.com\\\/cz\\\/\",\"name\":\"SHOPATOA\",\"description\":\"\",\"publisher\":{\"@id\":\"https:\\\/\\\/shopatoa.com\\\/cz\\\/#organization\"},\"potentialAction\":[{\"@type\":\"SearchAction\",\"target\":{\"@type\":\"EntryPoint\",\"urlTemplate\":\"https:\\\/\\\/shopatoa.com\\\/cz\\\/?s={search_term_string}\"},\"query-input\":{\"@type\":\"PropertyValueSpecification\",\"valueRequired\":true,\"valueName\":\"search_term_string\"}}],\"inLanguage\":\"cs\"},{\"@type\":\"Organization\",\"@id\":\"https:\\\/\\\/shopatoa.com\\\/cz\\\/#organization\",\"name\":\"SHOPATOA Digital s.r.o.\",\"url\":\"https:\\\/\\\/shopatoa.com\\\/cz\\\/\",\"logo\":{\"@type\":\"ImageObject\",\"inLanguage\":\"cs\",\"@id\":\"https:\\\/\\\/shopatoa.com\\\/cz\\\/#\\\/schema\\\/logo\\\/image\\\/\",\"url\":\"https:\\\/\\\/storage.googleapis.com\\\/cz-shopatoa-img\\\/cz\\\/ebccf434-shopatoa_logo.png\",\"contentUrl\":\"https:\\\/\\\/storage.googleapis.com\\\/cz-shopatoa-img\\\/cz\\\/ebccf434-shopatoa_logo.png\",\"width\":416,\"height\":63,\"caption\":\"SHOPATOA Digital s.r.o.\"},\"image\":{\"@id\":\"https:\\\/\\\/shopatoa.com\\\/cz\\\/#\\\/schema\\\/logo\\\/image\\\/\"}}]}<\/script>\n<!-- \/ Yoast SEO plugin. -->","yoast_head_json":{"title":"Terarijn\u00ed substr\u00e1t 3l - SHOPATOA.COM","robots":{"index":"index","follow":"follow","max-snippet":"max-snippet:-1","max-image-preview":"max-image-preview:large","max-video-preview":"max-video-preview:-1"},"canonical":"https:\/\/shopatoa.com\/cz\/terarijni-substrat-3l\/","og_locale":"cs_CZ","og_type":"article","og_title":"Terarijn\u00ed substr\u00e1t 3l - SHOPATOA.COM","og_description":"Speci\u00e1ln\u011b nam\u00edchan\u00e1\u00a0sm\u011bs kokosov\u00e9ho substr\u00e1tu (lignocelu) a p\u00edsku je ji\u017e p\u0159ipravena k p\u0159\u00edm\u00e9mu pou\u017eit\u00ed. Nemus\u00edte tedy slo\u017eit\u011b nam\u00e1\u010det lignocel, \u010dekat a\u017e nabobtn\u00e1 a n\u00e1sledn\u011b m\u00edchat s dal\u0161\u00edmi materi\u00e1ly. Pom\u011br jednotliv\u00fdch slo\u017eek je prov\u011b\u0159en\u00fd a odzkou\u0161en\u00fd. Zrnka p\u00edsku jsou r\u016fzn\u00e9 velikosti, n\u011bkter\u00e1 zv\u00ed\u0159ata si je ze substr\u00e1tu r\u00e1da vyb\u00edraj\u00ed (pom\u00e1h\u00e1 jim to v \u017ealudku rozm\u011bl\u0148ovat potravu). Substr\u00e1t...","og_url":"https:\/\/shopatoa.com\/cz\/terarijni-substrat-3l\/","og_site_name":"SHOPATOA","article_modified_time":"2026-02-03T23:43:03+00:00","og_image":[{"width":600,"height":600,"url":"https:\/\/storage.googleapis.com\/cz-shopatoa-img\/cz\/96639cba-1_68342.jpg","type":"image\/jpeg"}],"twitter_card":"summary_large_image","twitter_misc":{"Odhadovan\u00e1 doba \u010dten\u00ed":"1 minuta"},"schema":{"@context":"https:\/\/schema.org","@graph":[{"@type":"WebPage","@id":"https:\/\/shopatoa.com\/cz\/terarijni-substrat-3l\/","url":"https:\/\/shopatoa.com\/cz\/terarijni-substrat-3l\/","name":"Terarijn\u00ed substr\u00e1t 3l - SHOPATOA.COM","isPartOf":{"@id":"https:\/\/shopatoa.com\/cz\/#website"},"primaryImageOfPage":{"@id":"https:\/\/shopatoa.com\/cz\/terarijni-substrat-3l\/#primaryimage"},"image":{"@id":"https:\/\/shopatoa.com\/cz\/terarijni-substrat-3l\/#primaryimage"},"thumbnailUrl":"https:\/\/storage.googleapis.com\/cz-shopatoa-img\/cz\/96639cba-1_68342.jpg","datePublished":"2025-04-03T05:06:46+00:00","dateModified":"2026-02-03T23:43:03+00:00","breadcrumb":{"@id":"https:\/\/shopatoa.com\/cz\/terarijni-substrat-3l\/#breadcrumb"},"inLanguage":"cs","potentialAction":[{"@type":"ReadAction","target":["https:\/\/shopatoa.com\/cz\/terarijni-substrat-3l\/"]}]},{"@type":"ImageObject","inLanguage":"cs","@id":"https:\/\/shopatoa.com\/cz\/terarijni-substrat-3l\/#primaryimage","url":"https:\/\/storage.googleapis.com\/cz-shopatoa-img\/cz\/96639cba-1_68342.jpg","contentUrl":"https:\/\/storage.googleapis.com\/cz-shopatoa-img\/cz\/96639cba-1_68342.jpg","width":600,"height":600},{"@type":"BreadcrumbList","@id":"https:\/\/shopatoa.com\/cz\/terarijni-substrat-3l\/#breadcrumb","itemListElement":[{"@type":"ListItem","position":1,"name":"Dom\u016f","item":"https:\/\/shopatoa.com\/cz\/"},{"@type":"ListItem","position":2,"name":"Produkty","item":"https:\/\/shopatoa.com\/cz\/shop\/"},{"@type":"ListItem","position":3,"name":"Chovatelsk\u00e9 pot\u0159eby","item":"https:\/\/shopatoa.com\/cz\/chovatelske-potreby-2\/"},{"@type":"ListItem","position":4,"name":"Teraristika","item":"https:\/\/shopatoa.com\/cz\/teraristika\/"},{"@type":"ListItem","position":5,"name":"Vybaven\u00ed ter\u00e1ri\u00ed","item":"https:\/\/shopatoa.com\/cz\/vybaveni-terarii\/"},{"@type":"ListItem","position":6,"name":"P\u00edsky a substr\u00e1ty do ter\u00e1ri\u00ed","item":"https:\/\/shopatoa.com\/cz\/pisky-a-substraty-do-terarii\/"},{"@type":"ListItem","position":7,"name":"Terarijn\u00ed substr\u00e1t 3l"}]},{"@type":"WebSite","@id":"https:\/\/shopatoa.com\/cz\/#website","url":"https:\/\/shopatoa.com\/cz\/","name":"SHOPATOA","description":"","publisher":{"@id":"https:\/\/shopatoa.com\/cz\/#organization"},"potentialAction":[{"@type":"SearchAction","target":{"@type":"EntryPoint","urlTemplate":"https:\/\/shopatoa.com\/cz\/?s={search_term_string}"},"query-input":{"@type":"PropertyValueSpecification","valueRequired":true,"valueName":"search_term_string"}}],"inLanguage":"cs"},{"@type":"Organization","@id":"https:\/\/shopatoa.com\/cz\/#organization","name":"SHOPATOA Digital s.r.o.","url":"https:\/\/shopatoa.com\/cz\/","logo":{"@type":"ImageObject","inLanguage":"cs","@id":"https:\/\/shopatoa.com\/cz\/#\/schema\/logo\/image\/","url":"https:\/\/storage.googleapis.com\/cz-shopatoa-img\/cz\/ebccf434-shopatoa_logo.png","contentUrl":"https:\/\/storage.googleapis.com\/cz-shopatoa-img\/cz\/ebccf434-shopatoa_logo.png","width":416,"height":63,"caption":"SHOPATOA Digital s.r.o."},"image":{"@id":"https:\/\/shopatoa.com\/cz\/#\/schema\/logo\/image\/"}}]}},"_links":{"self":[{"href":"https:\/\/shopatoa.com\/cz\/wp-json\/wp\/v2\/product\/249970","targetHints":{"allow":["GET"]}}],"collection":[{"href":"https:\/\/shopatoa.com\/cz\/wp-json\/wp\/v2\/product"}],"about":[{"href":"https:\/\/shopatoa.com\/cz\/wp-json\/wp\/v2\/types\/product"}],"replies":[{"embeddable":true,"href":"https:\/\/shopatoa.com\/cz\/wp-json\/wp\/v2\/comments?post=249970"}],"wp:featuredmedia":[{"embeddable":true,"href":"https:\/\/shopatoa.com\/cz\/wp-json\/wp\/v2\/media\/249971"}],"wp:attachment":[{"href":"https:\/\/shopatoa.com\/cz\/wp-json\/wp\/v2\/media?parent=249970"}],"wp:term":[{"taxonomy":"product_brand","embeddable":true,"href":"https:\/\/shopatoa.com\/cz\/wp-json\/wp\/v2\/product_brand?post=249970"},{"taxonomy":"product_cat","embeddable":true,"href":"https:\/\/shopatoa.com\/cz\/wp-json\/wp\/v2\/product_cat?post=249970"},{"taxonomy":"product_tag","embeddable":true,"href":"https:\/\/shopatoa.com\/cz\/wp-json\/wp\/v2\/product_tag?post=249970"}],"curies":[{"name":"wp","href":"https:\/\/api.w.org\/{rel}","templated":true}]}}