{"id":250064,"date":"2025-04-03T07:25:52","date_gmt":"2025-04-03T05:25:52","guid":{"rendered":"https:\/\/shopatoa.com\/cz\/?post_type=product&#038;p=250064"},"modified":"2026-02-01T21:51:20","modified_gmt":"2026-02-01T20:51:20","slug":"repti-planet-inkubator","status":"publish","type":"product","link":"https:\/\/shopatoa.com\/cz\/repti-planet-inkubator\/","title":{"rendered":"Repti Planet Inkub\u00e1tor"},"content":{"rendered":"<p>Jednoduch\u00e9 a efektivn\u00ed \u0159e\u0161en\u00ed pro inkubaci vajec.<\/p>\n<p>\tPam\u011b\u0165ov\u00e1 funkce.<br \/>\n\tTopn\u00fd kabel zaji\u0161\u0165uje optim\u00e1ln\u00ed v\u00fdh\u0159ev.<br \/>\n\tIntuitivn\u00ed ovl\u00e1d\u00e1n\u00ed a nastaven\u00ed po\u017eadovan\u00e9 teploty.<br \/>\n\tSnadn\u00e1 obsluha a n\u00edzk\u00e1 spot\u0159eba energie.<br \/>\n\tPr\u016fhledn\u00e1 ok\u00e9nka pro vizu\u00e1ln\u00ed kontrolu vajec.<br \/>\n\tV\u00fd\u0161kov\u011b nastaviteln\u00fd teplotn\u00ed senzor.<br \/>\n\tN\u00e1doba na vodu pro optim\u00e1ln\u00ed vlhkost p\u0159i inkubaci.<\/p>\n<p>Velikost:\u00a0D\u00e9lka &#8211; 50 cm, \u0161\u00ed\u0159ka &#8211; 40 cm, v\u00fd\u0161ka &#8211; 21 cm + cca 2 cm pro kabel a teplotn\u00ed sondu.<\/p>\n","protected":false},"excerpt":{"rendered":"<p>Jednoduch\u00e9 a efektivn\u00ed \u0159e\u0161en\u00ed pro inkubaci vajec. Pam\u011b\u0165ov\u00e1 funkce. Topn\u00fd kabel zaji\u0161\u0165uje optim\u00e1ln\u00ed v\u00fdh\u0159ev. Intuitivn\u00ed ovl\u00e1d\u00e1n\u00ed a nastaven\u00ed po\u017eadovan\u00e9 teploty. Snadn\u00e1 obsluha a n\u00edzk\u00e1 spot\u0159eba energie. Pr\u016fhledn\u00e1 ok\u00e9nka pro vizu\u00e1ln\u00ed kontrolu vajec. V\u00fd\u0161kov\u011b nastaviteln\u00fd teplotn\u00ed senzor. N\u00e1doba na vodu pro optim\u00e1ln\u00ed vlhkost p\u0159i inkubaci. Velikost:\u00a0D\u00e9lka &#8211; 50 cm, \u0161\u00ed\u0159ka &#8211; 40 cm, v\u00fd\u0161ka &#8211; 21&#8230;<\/p>\n","protected":false},"featured_media":250065,"comment_status":"closed","ping_status":"open","template":"","meta":{"_acf_changed":false,"_kadence_starter_templates_imported_post":false,"_kad_post_transparent":"","_kad_post_title":"","_kad_post_layout":"","_kad_post_sidebar_id":"","_kad_post_content_style":"","_kad_post_vertical_padding":"","_kad_post_feature":"","_kad_post_feature_position":"","_kad_post_header":false,"_kad_post_footer":false,"_kad_post_classname":""},"product_brand":[2722],"product_cat":[358,2731],"product_tag":[],"class_list":{"0":"post-250064","1":"product","2":"type-product","3":"status-publish","4":"has-post-thumbnail","6":"product_brand-repti-planet","7":"product_cat-eroticke-pomucky","8":"product_cat-eroticke-pomucky-pro-zeny","9":"pa_obchod-superzoo-cz","11":"first","12":"instock","13":"product-type-external","14":"entry","15":"content-bg","16":"loop-entry"},"acf":[],"yoast_head":"<!-- This site is optimized with the Yoast SEO plugin v27.4 - https:\/\/yoast.com\/product\/yoast-seo-wordpress\/ -->\n<title>Repti Planet Inkub\u00e1tor - SHOPATOA.COM<\/title>\n<meta name=\"robots\" content=\"index, follow, max-snippet:-1, max-image-preview:large, max-video-preview:-1\" \/>\n<link rel=\"canonical\" href=\"https:\/\/shopatoa.com\/cz\/repti-planet-inkubator\/\" \/>\n<meta property=\"og:locale\" content=\"cs_CZ\" \/>\n<meta property=\"og:type\" content=\"article\" \/>\n<meta property=\"og:title\" content=\"Repti Planet Inkub\u00e1tor - SHOPATOA.COM\" \/>\n<meta property=\"og:description\" content=\"Jednoduch\u00e9 a efektivn\u00ed \u0159e\u0161en\u00ed pro inkubaci vajec. Pam\u011b\u0165ov\u00e1 funkce. Topn\u00fd kabel zaji\u0161\u0165uje optim\u00e1ln\u00ed v\u00fdh\u0159ev. Intuitivn\u00ed ovl\u00e1d\u00e1n\u00ed a nastaven\u00ed po\u017eadovan\u00e9 teploty. Snadn\u00e1 obsluha a n\u00edzk\u00e1 spot\u0159eba energie. Pr\u016fhledn\u00e1 ok\u00e9nka pro vizu\u00e1ln\u00ed kontrolu vajec. V\u00fd\u0161kov\u011b nastaviteln\u00fd teplotn\u00ed senzor. N\u00e1doba na vodu pro optim\u00e1ln\u00ed vlhkost p\u0159i inkubaci. Velikost:\u00a0D\u00e9lka &#8211; 50 cm, \u0161\u00ed\u0159ka &#8211; 40 cm, v\u00fd\u0161ka &#8211; 21...\" \/>\n<meta property=\"og:url\" content=\"https:\/\/shopatoa.com\/cz\/repti-planet-inkubator\/\" \/>\n<meta property=\"og:site_name\" content=\"SHOPATOA\" \/>\n<meta property=\"article:modified_time\" content=\"2026-02-01T20:51:20+00:00\" \/>\n<meta property=\"og:image\" content=\"https:\/\/storage.googleapis.com\/cz-shopatoa-img\/cz\/c56678d1-1_69215.jpg\" \/>\n\t<meta property=\"og:image:width\" content=\"600\" \/>\n\t<meta property=\"og:image:height\" content=\"600\" \/>\n\t<meta property=\"og:image:type\" content=\"image\/jpeg\" \/>\n<meta name=\"twitter:card\" content=\"summary_large_image\" \/>\n<script type=\"application\/ld+json\" class=\"yoast-schema-graph\">{\"@context\":\"https:\\\/\\\/schema.org\",\"@graph\":[{\"@type\":\"WebPage\",\"@id\":\"https:\\\/\\\/shopatoa.com\\\/cz\\\/repti-planet-inkubator\\\/\",\"url\":\"https:\\\/\\\/shopatoa.com\\\/cz\\\/repti-planet-inkubator\\\/\",\"name\":\"Repti Planet Inkub\u00e1tor - SHOPATOA.COM\",\"isPartOf\":{\"@id\":\"https:\\\/\\\/shopatoa.com\\\/cz\\\/#website\"},\"primaryImageOfPage\":{\"@id\":\"https:\\\/\\\/shopatoa.com\\\/cz\\\/repti-planet-inkubator\\\/#primaryimage\"},\"image\":{\"@id\":\"https:\\\/\\\/shopatoa.com\\\/cz\\\/repti-planet-inkubator\\\/#primaryimage\"},\"thumbnailUrl\":\"https:\\\/\\\/storage.googleapis.com\\\/cz-shopatoa-img\\\/cz\\\/c56678d1-1_69215.jpg\",\"datePublished\":\"2025-04-03T05:25:52+00:00\",\"dateModified\":\"2026-02-01T20:51:20+00:00\",\"breadcrumb\":{\"@id\":\"https:\\\/\\\/shopatoa.com\\\/cz\\\/repti-planet-inkubator\\\/#breadcrumb\"},\"inLanguage\":\"cs\",\"potentialAction\":[{\"@type\":\"ReadAction\",\"target\":[\"https:\\\/\\\/shopatoa.com\\\/cz\\\/repti-planet-inkubator\\\/\"]}]},{\"@type\":\"ImageObject\",\"inLanguage\":\"cs\",\"@id\":\"https:\\\/\\\/shopatoa.com\\\/cz\\\/repti-planet-inkubator\\\/#primaryimage\",\"url\":\"https:\\\/\\\/storage.googleapis.com\\\/cz-shopatoa-img\\\/cz\\\/c56678d1-1_69215.jpg\",\"contentUrl\":\"https:\\\/\\\/storage.googleapis.com\\\/cz-shopatoa-img\\\/cz\\\/c56678d1-1_69215.jpg\",\"width\":600,\"height\":600},{\"@type\":\"BreadcrumbList\",\"@id\":\"https:\\\/\\\/shopatoa.com\\\/cz\\\/repti-planet-inkubator\\\/#breadcrumb\",\"itemListElement\":[{\"@type\":\"ListItem\",\"position\":1,\"name\":\"Dom\u016f\",\"item\":\"https:\\\/\\\/shopatoa.com\\\/cz\\\/\"},{\"@type\":\"ListItem\",\"position\":2,\"name\":\"Produkty\",\"item\":\"https:\\\/\\\/shopatoa.com\\\/cz\\\/shop\\\/\"},{\"@type\":\"ListItem\",\"position\":3,\"name\":\"Erotick\u00e9 pom\u016fcky\",\"item\":\"https:\\\/\\\/shopatoa.com\\\/cz\\\/eroticke-pomucky\\\/\"},{\"@type\":\"ListItem\",\"position\":4,\"name\":\"Erotick\u00e9 pom\u016fcky pro \u017eeny\",\"item\":\"https:\\\/\\\/shopatoa.com\\\/cz\\\/eroticke-pomucky-pro-zeny\\\/\"},{\"@type\":\"ListItem\",\"position\":5,\"name\":\"Repti Planet Inkub\u00e1tor\"}]},{\"@type\":\"WebSite\",\"@id\":\"https:\\\/\\\/shopatoa.com\\\/cz\\\/#website\",\"url\":\"https:\\\/\\\/shopatoa.com\\\/cz\\\/\",\"name\":\"SHOPATOA\",\"description\":\"\",\"publisher\":{\"@id\":\"https:\\\/\\\/shopatoa.com\\\/cz\\\/#organization\"},\"potentialAction\":[{\"@type\":\"SearchAction\",\"target\":{\"@type\":\"EntryPoint\",\"urlTemplate\":\"https:\\\/\\\/shopatoa.com\\\/cz\\\/?s={search_term_string}\"},\"query-input\":{\"@type\":\"PropertyValueSpecification\",\"valueRequired\":true,\"valueName\":\"search_term_string\"}}],\"inLanguage\":\"cs\"},{\"@type\":\"Organization\",\"@id\":\"https:\\\/\\\/shopatoa.com\\\/cz\\\/#organization\",\"name\":\"SHOPATOA Digital s.r.o.\",\"url\":\"https:\\\/\\\/shopatoa.com\\\/cz\\\/\",\"logo\":{\"@type\":\"ImageObject\",\"inLanguage\":\"cs\",\"@id\":\"https:\\\/\\\/shopatoa.com\\\/cz\\\/#\\\/schema\\\/logo\\\/image\\\/\",\"url\":\"https:\\\/\\\/storage.googleapis.com\\\/cz-shopatoa-img\\\/cz\\\/ebccf434-shopatoa_logo.png\",\"contentUrl\":\"https:\\\/\\\/storage.googleapis.com\\\/cz-shopatoa-img\\\/cz\\\/ebccf434-shopatoa_logo.png\",\"width\":416,\"height\":63,\"caption\":\"SHOPATOA Digital s.r.o.\"},\"image\":{\"@id\":\"https:\\\/\\\/shopatoa.com\\\/cz\\\/#\\\/schema\\\/logo\\\/image\\\/\"}}]}<\/script>\n<!-- \/ Yoast SEO plugin. -->","yoast_head_json":{"title":"Repti Planet Inkub\u00e1tor - SHOPATOA.COM","robots":{"index":"index","follow":"follow","max-snippet":"max-snippet:-1","max-image-preview":"max-image-preview:large","max-video-preview":"max-video-preview:-1"},"canonical":"https:\/\/shopatoa.com\/cz\/repti-planet-inkubator\/","og_locale":"cs_CZ","og_type":"article","og_title":"Repti Planet Inkub\u00e1tor - SHOPATOA.COM","og_description":"Jednoduch\u00e9 a efektivn\u00ed \u0159e\u0161en\u00ed pro inkubaci vajec. Pam\u011b\u0165ov\u00e1 funkce. Topn\u00fd kabel zaji\u0161\u0165uje optim\u00e1ln\u00ed v\u00fdh\u0159ev. Intuitivn\u00ed ovl\u00e1d\u00e1n\u00ed a nastaven\u00ed po\u017eadovan\u00e9 teploty. Snadn\u00e1 obsluha a n\u00edzk\u00e1 spot\u0159eba energie. Pr\u016fhledn\u00e1 ok\u00e9nka pro vizu\u00e1ln\u00ed kontrolu vajec. V\u00fd\u0161kov\u011b nastaviteln\u00fd teplotn\u00ed senzor. N\u00e1doba na vodu pro optim\u00e1ln\u00ed vlhkost p\u0159i inkubaci. Velikost:\u00a0D\u00e9lka &#8211; 50 cm, \u0161\u00ed\u0159ka &#8211; 40 cm, v\u00fd\u0161ka &#8211; 21...","og_url":"https:\/\/shopatoa.com\/cz\/repti-planet-inkubator\/","og_site_name":"SHOPATOA","article_modified_time":"2026-02-01T20:51:20+00:00","og_image":[{"width":600,"height":600,"url":"https:\/\/storage.googleapis.com\/cz-shopatoa-img\/cz\/c56678d1-1_69215.jpg","type":"image\/jpeg"}],"twitter_card":"summary_large_image","schema":{"@context":"https:\/\/schema.org","@graph":[{"@type":"WebPage","@id":"https:\/\/shopatoa.com\/cz\/repti-planet-inkubator\/","url":"https:\/\/shopatoa.com\/cz\/repti-planet-inkubator\/","name":"Repti Planet Inkub\u00e1tor - SHOPATOA.COM","isPartOf":{"@id":"https:\/\/shopatoa.com\/cz\/#website"},"primaryImageOfPage":{"@id":"https:\/\/shopatoa.com\/cz\/repti-planet-inkubator\/#primaryimage"},"image":{"@id":"https:\/\/shopatoa.com\/cz\/repti-planet-inkubator\/#primaryimage"},"thumbnailUrl":"https:\/\/storage.googleapis.com\/cz-shopatoa-img\/cz\/c56678d1-1_69215.jpg","datePublished":"2025-04-03T05:25:52+00:00","dateModified":"2026-02-01T20:51:20+00:00","breadcrumb":{"@id":"https:\/\/shopatoa.com\/cz\/repti-planet-inkubator\/#breadcrumb"},"inLanguage":"cs","potentialAction":[{"@type":"ReadAction","target":["https:\/\/shopatoa.com\/cz\/repti-planet-inkubator\/"]}]},{"@type":"ImageObject","inLanguage":"cs","@id":"https:\/\/shopatoa.com\/cz\/repti-planet-inkubator\/#primaryimage","url":"https:\/\/storage.googleapis.com\/cz-shopatoa-img\/cz\/c56678d1-1_69215.jpg","contentUrl":"https:\/\/storage.googleapis.com\/cz-shopatoa-img\/cz\/c56678d1-1_69215.jpg","width":600,"height":600},{"@type":"BreadcrumbList","@id":"https:\/\/shopatoa.com\/cz\/repti-planet-inkubator\/#breadcrumb","itemListElement":[{"@type":"ListItem","position":1,"name":"Dom\u016f","item":"https:\/\/shopatoa.com\/cz\/"},{"@type":"ListItem","position":2,"name":"Produkty","item":"https:\/\/shopatoa.com\/cz\/shop\/"},{"@type":"ListItem","position":3,"name":"Erotick\u00e9 pom\u016fcky","item":"https:\/\/shopatoa.com\/cz\/eroticke-pomucky\/"},{"@type":"ListItem","position":4,"name":"Erotick\u00e9 pom\u016fcky pro \u017eeny","item":"https:\/\/shopatoa.com\/cz\/eroticke-pomucky-pro-zeny\/"},{"@type":"ListItem","position":5,"name":"Repti Planet Inkub\u00e1tor"}]},{"@type":"WebSite","@id":"https:\/\/shopatoa.com\/cz\/#website","url":"https:\/\/shopatoa.com\/cz\/","name":"SHOPATOA","description":"","publisher":{"@id":"https:\/\/shopatoa.com\/cz\/#organization"},"potentialAction":[{"@type":"SearchAction","target":{"@type":"EntryPoint","urlTemplate":"https:\/\/shopatoa.com\/cz\/?s={search_term_string}"},"query-input":{"@type":"PropertyValueSpecification","valueRequired":true,"valueName":"search_term_string"}}],"inLanguage":"cs"},{"@type":"Organization","@id":"https:\/\/shopatoa.com\/cz\/#organization","name":"SHOPATOA Digital s.r.o.","url":"https:\/\/shopatoa.com\/cz\/","logo":{"@type":"ImageObject","inLanguage":"cs","@id":"https:\/\/shopatoa.com\/cz\/#\/schema\/logo\/image\/","url":"https:\/\/storage.googleapis.com\/cz-shopatoa-img\/cz\/ebccf434-shopatoa_logo.png","contentUrl":"https:\/\/storage.googleapis.com\/cz-shopatoa-img\/cz\/ebccf434-shopatoa_logo.png","width":416,"height":63,"caption":"SHOPATOA Digital s.r.o."},"image":{"@id":"https:\/\/shopatoa.com\/cz\/#\/schema\/logo\/image\/"}}]}},"_links":{"self":[{"href":"https:\/\/shopatoa.com\/cz\/wp-json\/wp\/v2\/product\/250064","targetHints":{"allow":["GET"]}}],"collection":[{"href":"https:\/\/shopatoa.com\/cz\/wp-json\/wp\/v2\/product"}],"about":[{"href":"https:\/\/shopatoa.com\/cz\/wp-json\/wp\/v2\/types\/product"}],"replies":[{"embeddable":true,"href":"https:\/\/shopatoa.com\/cz\/wp-json\/wp\/v2\/comments?post=250064"}],"wp:featuredmedia":[{"embeddable":true,"href":"https:\/\/shopatoa.com\/cz\/wp-json\/wp\/v2\/media\/250065"}],"wp:attachment":[{"href":"https:\/\/shopatoa.com\/cz\/wp-json\/wp\/v2\/media?parent=250064"}],"wp:term":[{"taxonomy":"product_brand","embeddable":true,"href":"https:\/\/shopatoa.com\/cz\/wp-json\/wp\/v2\/product_brand?post=250064"},{"taxonomy":"product_cat","embeddable":true,"href":"https:\/\/shopatoa.com\/cz\/wp-json\/wp\/v2\/product_cat?post=250064"},{"taxonomy":"product_tag","embeddable":true,"href":"https:\/\/shopatoa.com\/cz\/wp-json\/wp\/v2\/product_tag?post=250064"}],"curies":[{"name":"wp","href":"https:\/\/api.w.org\/{rel}","templated":true}]}}