{"id":250116,"date":"2025-04-03T07:35:46","date_gmt":"2025-04-03T05:35:46","guid":{"rendered":"https:\/\/shopatoa.com\/cz\/?post_type=product&#038;p=250116"},"modified":"2026-02-04T00:42:19","modified_gmt":"2026-02-03T23:42:19","slug":"voditko-flexi-new-comfort-lanko-m-5m-cerne","status":"publish","type":"product","link":"https:\/\/shopatoa.com\/cz\/voditko-flexi-new-comfort-lanko-m-5m-cerne\/","title":{"rendered":"Vod\u00edtko Flexi New Comfort lanko M 5m \u010dern\u00e9"},"content":{"rendered":"<p>Samonav\u00edjec\u00ed lankov\u00e9 vod\u00edtko pro psy\u00a0do hmotnosti 20 kg.<\/p>\n<p>Nav\u00edjec\u00ed vod\u00edtka Flexi poskytuj\u00ed Va\u0161emu psovi pot\u0159ebnou volnost v\u00fdb\u011bhu. D\u00edky brzd\u00edc\u00edmu syst\u00e9mu, kter\u00fd je mo\u017eno ovl\u00e1dat jednou rukou, m\u00e1te sv\u00e9ho psa v\u017edy pod kontrolou. S chromovanou karabinou.\u00a0<\/p>\n<p>D\u00e9lka: 5 m<\/p>\n","protected":false},"excerpt":{"rendered":"<p>Samonav\u00edjec\u00ed lankov\u00e9 vod\u00edtko pro psy\u00a0do hmotnosti 20 kg. Nav\u00edjec\u00ed vod\u00edtka Flexi poskytuj\u00ed Va\u0161emu psovi pot\u0159ebnou volnost v\u00fdb\u011bhu. D\u00edky brzd\u00edc\u00edmu syst\u00e9mu, kter\u00fd je mo\u017eno ovl\u00e1dat jednou rukou, m\u00e1te sv\u00e9ho psa v\u017edy pod kontrolou. S chromovanou karabinou.\u00a0 D\u00e9lka: 5 m<\/p>\n","protected":false},"featured_media":250117,"comment_status":"closed","ping_status":"open","template":"","meta":{"_acf_changed":false,"_kadence_starter_templates_imported_post":false,"_kad_post_transparent":"","_kad_post_title":"","_kad_post_layout":"","_kad_post_sidebar_id":"","_kad_post_content_style":"","_kad_post_vertical_padding":"","_kad_post_feature":"","_kad_post_feature_position":"","_kad_post_header":false,"_kad_post_footer":false,"_kad_post_classname":""},"product_brand":[2691],"product_cat":[436,2506,739,2633],"product_tag":[],"class_list":{"0":"post-250116","1":"product","2":"type-product","3":"status-publish","4":"has-post-thumbnail","6":"product_brand-flexi","7":"product_cat-chovatelske-potreby-2","8":"product_cat-obojky-a-voditka-pro-psy","9":"product_cat-pro-psy-chovatelske-potreby-2","10":"product_cat-voditka-pro-psy","11":"pa_obchod-superzoo-cz","13":"first","14":"instock","15":"product-type-external","16":"entry","17":"content-bg","18":"loop-entry"},"acf":[],"yoast_head":"<!-- This site is optimized with the Yoast SEO plugin v27.4 - https:\/\/yoast.com\/product\/yoast-seo-wordpress\/ -->\n<title>Vod\u00edtko Flexi New Comfort lanko M 5m \u010dern\u00e9 - SHOPATOA.COM<\/title>\n<meta name=\"robots\" content=\"index, follow, max-snippet:-1, max-image-preview:large, max-video-preview:-1\" \/>\n<link rel=\"canonical\" href=\"https:\/\/shopatoa.com\/cz\/voditko-flexi-new-comfort-lanko-m-5m-cerne\/\" \/>\n<meta property=\"og:locale\" content=\"cs_CZ\" \/>\n<meta property=\"og:type\" content=\"article\" \/>\n<meta property=\"og:title\" content=\"Vod\u00edtko Flexi New Comfort lanko M 5m \u010dern\u00e9 - SHOPATOA.COM\" \/>\n<meta property=\"og:description\" content=\"Samonav\u00edjec\u00ed lankov\u00e9 vod\u00edtko pro psy\u00a0do hmotnosti 20 kg. Nav\u00edjec\u00ed vod\u00edtka Flexi poskytuj\u00ed Va\u0161emu psovi pot\u0159ebnou volnost v\u00fdb\u011bhu. D\u00edky brzd\u00edc\u00edmu syst\u00e9mu, kter\u00fd je mo\u017eno ovl\u00e1dat jednou rukou, m\u00e1te sv\u00e9ho psa v\u017edy pod kontrolou. S chromovanou karabinou.\u00a0 D\u00e9lka: 5 m\" \/>\n<meta property=\"og:url\" content=\"https:\/\/shopatoa.com\/cz\/voditko-flexi-new-comfort-lanko-m-5m-cerne\/\" \/>\n<meta property=\"og:site_name\" content=\"SHOPATOA\" \/>\n<meta property=\"article:modified_time\" content=\"2026-02-03T23:42:19+00:00\" \/>\n<meta property=\"og:image\" content=\"https:\/\/storage.googleapis.com\/cz-shopatoa-img\/cz\/8e324d6b-1_69745.jpg\" \/>\n\t<meta property=\"og:image:width\" content=\"600\" \/>\n\t<meta property=\"og:image:height\" content=\"600\" \/>\n\t<meta property=\"og:image:type\" content=\"image\/jpeg\" \/>\n<meta name=\"twitter:card\" content=\"summary_large_image\" \/>\n<script type=\"application\/ld+json\" class=\"yoast-schema-graph\">{\"@context\":\"https:\\\/\\\/schema.org\",\"@graph\":[{\"@type\":\"WebPage\",\"@id\":\"https:\\\/\\\/shopatoa.com\\\/cz\\\/voditko-flexi-new-comfort-lanko-m-5m-cerne\\\/\",\"url\":\"https:\\\/\\\/shopatoa.com\\\/cz\\\/voditko-flexi-new-comfort-lanko-m-5m-cerne\\\/\",\"name\":\"Vod\u00edtko Flexi New Comfort lanko M 5m \u010dern\u00e9 - SHOPATOA.COM\",\"isPartOf\":{\"@id\":\"https:\\\/\\\/shopatoa.com\\\/cz\\\/#website\"},\"primaryImageOfPage\":{\"@id\":\"https:\\\/\\\/shopatoa.com\\\/cz\\\/voditko-flexi-new-comfort-lanko-m-5m-cerne\\\/#primaryimage\"},\"image\":{\"@id\":\"https:\\\/\\\/shopatoa.com\\\/cz\\\/voditko-flexi-new-comfort-lanko-m-5m-cerne\\\/#primaryimage\"},\"thumbnailUrl\":\"https:\\\/\\\/storage.googleapis.com\\\/cz-shopatoa-img\\\/cz\\\/8e324d6b-1_69745.jpg\",\"datePublished\":\"2025-04-03T05:35:46+00:00\",\"dateModified\":\"2026-02-03T23:42:19+00:00\",\"breadcrumb\":{\"@id\":\"https:\\\/\\\/shopatoa.com\\\/cz\\\/voditko-flexi-new-comfort-lanko-m-5m-cerne\\\/#breadcrumb\"},\"inLanguage\":\"cs\",\"potentialAction\":[{\"@type\":\"ReadAction\",\"target\":[\"https:\\\/\\\/shopatoa.com\\\/cz\\\/voditko-flexi-new-comfort-lanko-m-5m-cerne\\\/\"]}]},{\"@type\":\"ImageObject\",\"inLanguage\":\"cs\",\"@id\":\"https:\\\/\\\/shopatoa.com\\\/cz\\\/voditko-flexi-new-comfort-lanko-m-5m-cerne\\\/#primaryimage\",\"url\":\"https:\\\/\\\/storage.googleapis.com\\\/cz-shopatoa-img\\\/cz\\\/8e324d6b-1_69745.jpg\",\"contentUrl\":\"https:\\\/\\\/storage.googleapis.com\\\/cz-shopatoa-img\\\/cz\\\/8e324d6b-1_69745.jpg\",\"width\":600,\"height\":600},{\"@type\":\"BreadcrumbList\",\"@id\":\"https:\\\/\\\/shopatoa.com\\\/cz\\\/voditko-flexi-new-comfort-lanko-m-5m-cerne\\\/#breadcrumb\",\"itemListElement\":[{\"@type\":\"ListItem\",\"position\":1,\"name\":\"Dom\u016f\",\"item\":\"https:\\\/\\\/shopatoa.com\\\/cz\\\/\"},{\"@type\":\"ListItem\",\"position\":2,\"name\":\"Produkty\",\"item\":\"https:\\\/\\\/shopatoa.com\\\/cz\\\/shop\\\/\"},{\"@type\":\"ListItem\",\"position\":3,\"name\":\"Chovatelsk\u00e9 pot\u0159eby\",\"item\":\"https:\\\/\\\/shopatoa.com\\\/cz\\\/chovatelske-potreby-2\\\/\"},{\"@type\":\"ListItem\",\"position\":4,\"name\":\"Pro psy\",\"item\":\"https:\\\/\\\/shopatoa.com\\\/cz\\\/pro-psy-chovatelske-potreby-2\\\/\"},{\"@type\":\"ListItem\",\"position\":5,\"name\":\"Obojky a vod\u00edtka pro psy\",\"item\":\"https:\\\/\\\/shopatoa.com\\\/cz\\\/obojky-a-voditka-pro-psy\\\/\"},{\"@type\":\"ListItem\",\"position\":6,\"name\":\"Vod\u00edtka pro psy\",\"item\":\"https:\\\/\\\/shopatoa.com\\\/cz\\\/voditka-pro-psy\\\/\"},{\"@type\":\"ListItem\",\"position\":7,\"name\":\"Vod\u00edtko Flexi New Comfort lanko M 5m \u010dern\u00e9\"}]},{\"@type\":\"WebSite\",\"@id\":\"https:\\\/\\\/shopatoa.com\\\/cz\\\/#website\",\"url\":\"https:\\\/\\\/shopatoa.com\\\/cz\\\/\",\"name\":\"SHOPATOA\",\"description\":\"\",\"publisher\":{\"@id\":\"https:\\\/\\\/shopatoa.com\\\/cz\\\/#organization\"},\"potentialAction\":[{\"@type\":\"SearchAction\",\"target\":{\"@type\":\"EntryPoint\",\"urlTemplate\":\"https:\\\/\\\/shopatoa.com\\\/cz\\\/?s={search_term_string}\"},\"query-input\":{\"@type\":\"PropertyValueSpecification\",\"valueRequired\":true,\"valueName\":\"search_term_string\"}}],\"inLanguage\":\"cs\"},{\"@type\":\"Organization\",\"@id\":\"https:\\\/\\\/shopatoa.com\\\/cz\\\/#organization\",\"name\":\"SHOPATOA Digital s.r.o.\",\"url\":\"https:\\\/\\\/shopatoa.com\\\/cz\\\/\",\"logo\":{\"@type\":\"ImageObject\",\"inLanguage\":\"cs\",\"@id\":\"https:\\\/\\\/shopatoa.com\\\/cz\\\/#\\\/schema\\\/logo\\\/image\\\/\",\"url\":\"https:\\\/\\\/storage.googleapis.com\\\/cz-shopatoa-img\\\/cz\\\/ebccf434-shopatoa_logo.png\",\"contentUrl\":\"https:\\\/\\\/storage.googleapis.com\\\/cz-shopatoa-img\\\/cz\\\/ebccf434-shopatoa_logo.png\",\"width\":416,\"height\":63,\"caption\":\"SHOPATOA Digital s.r.o.\"},\"image\":{\"@id\":\"https:\\\/\\\/shopatoa.com\\\/cz\\\/#\\\/schema\\\/logo\\\/image\\\/\"}}]}<\/script>\n<!-- \/ Yoast SEO plugin. -->","yoast_head_json":{"title":"Vod\u00edtko Flexi New Comfort lanko M 5m \u010dern\u00e9 - SHOPATOA.COM","robots":{"index":"index","follow":"follow","max-snippet":"max-snippet:-1","max-image-preview":"max-image-preview:large","max-video-preview":"max-video-preview:-1"},"canonical":"https:\/\/shopatoa.com\/cz\/voditko-flexi-new-comfort-lanko-m-5m-cerne\/","og_locale":"cs_CZ","og_type":"article","og_title":"Vod\u00edtko Flexi New Comfort lanko M 5m \u010dern\u00e9 - SHOPATOA.COM","og_description":"Samonav\u00edjec\u00ed lankov\u00e9 vod\u00edtko pro psy\u00a0do hmotnosti 20 kg. Nav\u00edjec\u00ed vod\u00edtka Flexi poskytuj\u00ed Va\u0161emu psovi pot\u0159ebnou volnost v\u00fdb\u011bhu. D\u00edky brzd\u00edc\u00edmu syst\u00e9mu, kter\u00fd je mo\u017eno ovl\u00e1dat jednou rukou, m\u00e1te sv\u00e9ho psa v\u017edy pod kontrolou. S chromovanou karabinou.\u00a0 D\u00e9lka: 5 m","og_url":"https:\/\/shopatoa.com\/cz\/voditko-flexi-new-comfort-lanko-m-5m-cerne\/","og_site_name":"SHOPATOA","article_modified_time":"2026-02-03T23:42:19+00:00","og_image":[{"width":600,"height":600,"url":"https:\/\/storage.googleapis.com\/cz-shopatoa-img\/cz\/8e324d6b-1_69745.jpg","type":"image\/jpeg"}],"twitter_card":"summary_large_image","schema":{"@context":"https:\/\/schema.org","@graph":[{"@type":"WebPage","@id":"https:\/\/shopatoa.com\/cz\/voditko-flexi-new-comfort-lanko-m-5m-cerne\/","url":"https:\/\/shopatoa.com\/cz\/voditko-flexi-new-comfort-lanko-m-5m-cerne\/","name":"Vod\u00edtko Flexi New Comfort lanko M 5m \u010dern\u00e9 - SHOPATOA.COM","isPartOf":{"@id":"https:\/\/shopatoa.com\/cz\/#website"},"primaryImageOfPage":{"@id":"https:\/\/shopatoa.com\/cz\/voditko-flexi-new-comfort-lanko-m-5m-cerne\/#primaryimage"},"image":{"@id":"https:\/\/shopatoa.com\/cz\/voditko-flexi-new-comfort-lanko-m-5m-cerne\/#primaryimage"},"thumbnailUrl":"https:\/\/storage.googleapis.com\/cz-shopatoa-img\/cz\/8e324d6b-1_69745.jpg","datePublished":"2025-04-03T05:35:46+00:00","dateModified":"2026-02-03T23:42:19+00:00","breadcrumb":{"@id":"https:\/\/shopatoa.com\/cz\/voditko-flexi-new-comfort-lanko-m-5m-cerne\/#breadcrumb"},"inLanguage":"cs","potentialAction":[{"@type":"ReadAction","target":["https:\/\/shopatoa.com\/cz\/voditko-flexi-new-comfort-lanko-m-5m-cerne\/"]}]},{"@type":"ImageObject","inLanguage":"cs","@id":"https:\/\/shopatoa.com\/cz\/voditko-flexi-new-comfort-lanko-m-5m-cerne\/#primaryimage","url":"https:\/\/storage.googleapis.com\/cz-shopatoa-img\/cz\/8e324d6b-1_69745.jpg","contentUrl":"https:\/\/storage.googleapis.com\/cz-shopatoa-img\/cz\/8e324d6b-1_69745.jpg","width":600,"height":600},{"@type":"BreadcrumbList","@id":"https:\/\/shopatoa.com\/cz\/voditko-flexi-new-comfort-lanko-m-5m-cerne\/#breadcrumb","itemListElement":[{"@type":"ListItem","position":1,"name":"Dom\u016f","item":"https:\/\/shopatoa.com\/cz\/"},{"@type":"ListItem","position":2,"name":"Produkty","item":"https:\/\/shopatoa.com\/cz\/shop\/"},{"@type":"ListItem","position":3,"name":"Chovatelsk\u00e9 pot\u0159eby","item":"https:\/\/shopatoa.com\/cz\/chovatelske-potreby-2\/"},{"@type":"ListItem","position":4,"name":"Pro psy","item":"https:\/\/shopatoa.com\/cz\/pro-psy-chovatelske-potreby-2\/"},{"@type":"ListItem","position":5,"name":"Obojky a vod\u00edtka pro psy","item":"https:\/\/shopatoa.com\/cz\/obojky-a-voditka-pro-psy\/"},{"@type":"ListItem","position":6,"name":"Vod\u00edtka pro psy","item":"https:\/\/shopatoa.com\/cz\/voditka-pro-psy\/"},{"@type":"ListItem","position":7,"name":"Vod\u00edtko Flexi New Comfort lanko M 5m \u010dern\u00e9"}]},{"@type":"WebSite","@id":"https:\/\/shopatoa.com\/cz\/#website","url":"https:\/\/shopatoa.com\/cz\/","name":"SHOPATOA","description":"","publisher":{"@id":"https:\/\/shopatoa.com\/cz\/#organization"},"potentialAction":[{"@type":"SearchAction","target":{"@type":"EntryPoint","urlTemplate":"https:\/\/shopatoa.com\/cz\/?s={search_term_string}"},"query-input":{"@type":"PropertyValueSpecification","valueRequired":true,"valueName":"search_term_string"}}],"inLanguage":"cs"},{"@type":"Organization","@id":"https:\/\/shopatoa.com\/cz\/#organization","name":"SHOPATOA Digital s.r.o.","url":"https:\/\/shopatoa.com\/cz\/","logo":{"@type":"ImageObject","inLanguage":"cs","@id":"https:\/\/shopatoa.com\/cz\/#\/schema\/logo\/image\/","url":"https:\/\/storage.googleapis.com\/cz-shopatoa-img\/cz\/ebccf434-shopatoa_logo.png","contentUrl":"https:\/\/storage.googleapis.com\/cz-shopatoa-img\/cz\/ebccf434-shopatoa_logo.png","width":416,"height":63,"caption":"SHOPATOA Digital s.r.o."},"image":{"@id":"https:\/\/shopatoa.com\/cz\/#\/schema\/logo\/image\/"}}]}},"_links":{"self":[{"href":"https:\/\/shopatoa.com\/cz\/wp-json\/wp\/v2\/product\/250116","targetHints":{"allow":["GET"]}}],"collection":[{"href":"https:\/\/shopatoa.com\/cz\/wp-json\/wp\/v2\/product"}],"about":[{"href":"https:\/\/shopatoa.com\/cz\/wp-json\/wp\/v2\/types\/product"}],"replies":[{"embeddable":true,"href":"https:\/\/shopatoa.com\/cz\/wp-json\/wp\/v2\/comments?post=250116"}],"wp:featuredmedia":[{"embeddable":true,"href":"https:\/\/shopatoa.com\/cz\/wp-json\/wp\/v2\/media\/250117"}],"wp:attachment":[{"href":"https:\/\/shopatoa.com\/cz\/wp-json\/wp\/v2\/media?parent=250116"}],"wp:term":[{"taxonomy":"product_brand","embeddable":true,"href":"https:\/\/shopatoa.com\/cz\/wp-json\/wp\/v2\/product_brand?post=250116"},{"taxonomy":"product_cat","embeddable":true,"href":"https:\/\/shopatoa.com\/cz\/wp-json\/wp\/v2\/product_cat?post=250116"},{"taxonomy":"product_tag","embeddable":true,"href":"https:\/\/shopatoa.com\/cz\/wp-json\/wp\/v2\/product_tag?post=250116"}],"curies":[{"name":"wp","href":"https:\/\/api.w.org\/{rel}","templated":true}]}}