{"id":250280,"date":"2025-04-03T08:05:31","date_gmt":"2025-04-03T06:05:31","guid":{"rendered":"https:\/\/shopatoa.com\/cz\/?post_type=product&#038;p=250280"},"modified":"2026-02-04T00:32:17","modified_gmt":"2026-02-03T23:32:17","slug":"acana-singles-free-run-duck-114-kg","status":"publish","type":"product","link":"https:\/\/shopatoa.com\/cz\/acana-singles-free-run-duck-114-kg\/","title":{"rendered":"Acana Singles Free-Run Duck 11,4 kg"},"content":{"rendered":"<p>Kompletn\u00ed krmivo pro psy v\u0161ech plemen a v\u011bkov\u00fdch kategori\u00ed, kter\u00e9 je p\u0159ipravov\u00e1no v\u00a0oce\u0148ovan\u00fdch kanadsk\u00fdch kuchyn\u00edch.\u00a0Receptura s\u00a0jedin\u00fdm zdrojem \u017eivo\u010di\u0161n\u00e9ho proteinu obsahuje maso z\u00a0voln\u011b chovan\u00fdch kachen, kter\u00e9 je dod\u00e1van\u00e9 \u010derstv\u00e9 v\u00a0pod\u00edlu cel\u00e9 ko\u0159isti. Vhodn\u00e9 pro psy s\u00a0citliv\u00fdm za\u017e\u00edv\u00e1n\u00edm. Bez obsahu obilovin a brambor.<\/p>\n<p>Slo\u017een\u00ed<\/p>\n<p>\u010cerstv\u00e1 kachna 18 %, dehydrovan\u00e9 kachn\u00ed maso 17 %, cel\u00fd zelen\u00fd hr\u00e1ch, cel\u00e1 \u010derven\u00e1 \u010do\u010dka, \u010derstv\u00e9 kachn\u00ed droby (j\u00e1tra, srdce, ledviny) 7 %, kachn\u00ed tuk 6 %, \u010derstv\u00e9 hru\u0161ky Bartlett 4 %, cel\u00e1 cizrna, cel\u00e1 zelen\u00e1 \u010do\u010dka, cel\u00fd \u017elut\u00fd hr\u00e1ch, su\u0161en\u00e9 kachn\u00ed chrupavky 2 %, vl\u00e1knina z \u010do\u010dky, mo\u0159sk\u00e1 \u0159asa 1,2 % (zdroj DHA a EPA), \u010derstv\u00e1 cel\u00e1 m\u00e1slov\u00e1 d\u00fdn\u011b, \u010derstv\u00e1 cel\u00e1 d\u00fdn\u011b, su\u0161en\u00e1 mo\u0159sk\u00e1 \u0159asa, mrazem su\u0161en\u00e1 kachn\u00ed j\u00e1tra 0,1 %, s\u016fl, \u010derstv\u00e9 cel\u00e9 brusinky, \u010derstv\u00e9 cel\u00e9 bor\u016fvky, ko\u0159en \u010dekanky, kurkuma, ostropest\u0159ec, ko\u0159en lopuchu, levandule, ko\u0159en ibi\u0161ku, \u0161\u00edpky, tokoferolov\u00fd extrakt.<\/p>\n<p>Analytick\u00e9 slo\u017eky<\/p>\n<p>Hrub\u00fd protein 31 %, obsah tuku 15 %, hrub\u00fd popel 7,5 %,&#8230;<\/p>\n","protected":false},"excerpt":{"rendered":"<p>Kompletn\u00ed krmivo pro psy v\u0161ech plemen a v\u011bkov\u00fdch kategori\u00ed, kter\u00e9 je p\u0159ipravov\u00e1no v\u00a0oce\u0148ovan\u00fdch kanadsk\u00fdch kuchyn\u00edch.\u00a0Receptura s\u00a0jedin\u00fdm zdrojem \u017eivo\u010di\u0161n\u00e9ho proteinu obsahuje maso z\u00a0voln\u011b chovan\u00fdch kachen, kter\u00e9 je dod\u00e1van\u00e9 \u010derstv\u00e9 v\u00a0pod\u00edlu cel\u00e9 ko\u0159isti. Vhodn\u00e9 pro psy s\u00a0citliv\u00fdm za\u017e\u00edv\u00e1n\u00edm. Bez obsahu obilovin a brambor. Slo\u017een\u00ed \u010cerstv\u00e1 kachna 18 %, dehydrovan\u00e9 kachn\u00ed maso 17 %, cel\u00fd zelen\u00fd hr\u00e1ch, cel\u00e1&#8230;<\/p>\n","protected":false},"featured_media":250281,"comment_status":"closed","ping_status":"open","template":"","meta":{"_acf_changed":false,"_kadence_starter_templates_imported_post":false,"_kad_post_transparent":"","_kad_post_title":"","_kad_post_layout":"","_kad_post_sidebar_id":"","_kad_post_content_style":"","_kad_post_vertical_padding":"","_kad_post_feature":"","_kad_post_feature_position":"","_kad_post_header":false,"_kad_post_footer":false,"_kad_post_classname":""},"product_brand":[2744],"product_cat":[436,2569,2568,739],"product_tag":[],"class_list":{"0":"post-250280","1":"product","2":"type-product","3":"status-publish","4":"has-post-thumbnail","6":"product_brand-acana","7":"product_cat-chovatelske-potreby-2","8":"product_cat-granule-pro-psy","9":"product_cat-krmivo-pro-psy-pro-psy-chovatelske-potreby-2","10":"product_cat-pro-psy-chovatelske-potreby-2","11":"pa_obchod-superzoo-cz","13":"first","14":"instock","15":"product-type-external","16":"entry","17":"content-bg","18":"loop-entry"},"acf":[],"yoast_head":"<!-- This site is optimized with the Yoast SEO plugin v27.4 - https:\/\/yoast.com\/product\/yoast-seo-wordpress\/ -->\n<title>Acana Singles Free-Run Duck 11,4 kg - SHOPATOA.COM<\/title>\n<meta name=\"robots\" content=\"index, follow, max-snippet:-1, max-image-preview:large, max-video-preview:-1\" \/>\n<link rel=\"canonical\" href=\"https:\/\/shopatoa.com\/cz\/acana-singles-free-run-duck-114-kg\/\" \/>\n<meta property=\"og:locale\" content=\"cs_CZ\" \/>\n<meta property=\"og:type\" content=\"article\" \/>\n<meta property=\"og:title\" content=\"Acana Singles Free-Run Duck 11,4 kg - SHOPATOA.COM\" \/>\n<meta property=\"og:description\" content=\"Kompletn\u00ed krmivo pro psy v\u0161ech plemen a v\u011bkov\u00fdch kategori\u00ed, kter\u00e9 je p\u0159ipravov\u00e1no v\u00a0oce\u0148ovan\u00fdch kanadsk\u00fdch kuchyn\u00edch.\u00a0Receptura s\u00a0jedin\u00fdm zdrojem \u017eivo\u010di\u0161n\u00e9ho proteinu obsahuje maso z\u00a0voln\u011b chovan\u00fdch kachen, kter\u00e9 je dod\u00e1van\u00e9 \u010derstv\u00e9 v\u00a0pod\u00edlu cel\u00e9 ko\u0159isti. Vhodn\u00e9 pro psy s\u00a0citliv\u00fdm za\u017e\u00edv\u00e1n\u00edm. Bez obsahu obilovin a brambor. Slo\u017een\u00ed \u010cerstv\u00e1 kachna 18 %, dehydrovan\u00e9 kachn\u00ed maso 17 %, cel\u00fd zelen\u00fd hr\u00e1ch, cel\u00e1...\" \/>\n<meta property=\"og:url\" content=\"https:\/\/shopatoa.com\/cz\/acana-singles-free-run-duck-114-kg\/\" \/>\n<meta property=\"og:site_name\" content=\"SHOPATOA\" \/>\n<meta property=\"article:modified_time\" content=\"2026-02-03T23:32:17+00:00\" \/>\n<meta property=\"og:image\" content=\"https:\/\/storage.googleapis.com\/cz-shopatoa-img\/cz\/1426af71-1_70135.jpg\" \/>\n\t<meta property=\"og:image:width\" content=\"600\" \/>\n\t<meta property=\"og:image:height\" content=\"600\" \/>\n\t<meta property=\"og:image:type\" content=\"image\/jpeg\" \/>\n<meta name=\"twitter:card\" content=\"summary_large_image\" \/>\n<meta name=\"twitter:label1\" content=\"Odhadovan\u00e1 doba \u010dten\u00ed\" \/>\n\t<meta name=\"twitter:data1\" content=\"1 minuta\" \/>\n<script type=\"application\/ld+json\" class=\"yoast-schema-graph\">{\"@context\":\"https:\\\/\\\/schema.org\",\"@graph\":[{\"@type\":\"WebPage\",\"@id\":\"https:\\\/\\\/shopatoa.com\\\/cz\\\/acana-singles-free-run-duck-114-kg\\\/\",\"url\":\"https:\\\/\\\/shopatoa.com\\\/cz\\\/acana-singles-free-run-duck-114-kg\\\/\",\"name\":\"Acana Singles Free-Run Duck 11,4 kg - SHOPATOA.COM\",\"isPartOf\":{\"@id\":\"https:\\\/\\\/shopatoa.com\\\/cz\\\/#website\"},\"primaryImageOfPage\":{\"@id\":\"https:\\\/\\\/shopatoa.com\\\/cz\\\/acana-singles-free-run-duck-114-kg\\\/#primaryimage\"},\"image\":{\"@id\":\"https:\\\/\\\/shopatoa.com\\\/cz\\\/acana-singles-free-run-duck-114-kg\\\/#primaryimage\"},\"thumbnailUrl\":\"https:\\\/\\\/storage.googleapis.com\\\/cz-shopatoa-img\\\/cz\\\/1426af71-1_70135.jpg\",\"datePublished\":\"2025-04-03T06:05:31+00:00\",\"dateModified\":\"2026-02-03T23:32:17+00:00\",\"breadcrumb\":{\"@id\":\"https:\\\/\\\/shopatoa.com\\\/cz\\\/acana-singles-free-run-duck-114-kg\\\/#breadcrumb\"},\"inLanguage\":\"cs\",\"potentialAction\":[{\"@type\":\"ReadAction\",\"target\":[\"https:\\\/\\\/shopatoa.com\\\/cz\\\/acana-singles-free-run-duck-114-kg\\\/\"]}]},{\"@type\":\"ImageObject\",\"inLanguage\":\"cs\",\"@id\":\"https:\\\/\\\/shopatoa.com\\\/cz\\\/acana-singles-free-run-duck-114-kg\\\/#primaryimage\",\"url\":\"https:\\\/\\\/storage.googleapis.com\\\/cz-shopatoa-img\\\/cz\\\/1426af71-1_70135.jpg\",\"contentUrl\":\"https:\\\/\\\/storage.googleapis.com\\\/cz-shopatoa-img\\\/cz\\\/1426af71-1_70135.jpg\",\"width\":600,\"height\":600},{\"@type\":\"BreadcrumbList\",\"@id\":\"https:\\\/\\\/shopatoa.com\\\/cz\\\/acana-singles-free-run-duck-114-kg\\\/#breadcrumb\",\"itemListElement\":[{\"@type\":\"ListItem\",\"position\":1,\"name\":\"Dom\u016f\",\"item\":\"https:\\\/\\\/shopatoa.com\\\/cz\\\/\"},{\"@type\":\"ListItem\",\"position\":2,\"name\":\"Produkty\",\"item\":\"https:\\\/\\\/shopatoa.com\\\/cz\\\/shop\\\/\"},{\"@type\":\"ListItem\",\"position\":3,\"name\":\"Chovatelsk\u00e9 pot\u0159eby\",\"item\":\"https:\\\/\\\/shopatoa.com\\\/cz\\\/chovatelske-potreby-2\\\/\"},{\"@type\":\"ListItem\",\"position\":4,\"name\":\"Pro psy\",\"item\":\"https:\\\/\\\/shopatoa.com\\\/cz\\\/pro-psy-chovatelske-potreby-2\\\/\"},{\"@type\":\"ListItem\",\"position\":5,\"name\":\"Krmivo pro psy\",\"item\":\"https:\\\/\\\/shopatoa.com\\\/cz\\\/krmivo-pro-psy-pro-psy-chovatelske-potreby-2\\\/\"},{\"@type\":\"ListItem\",\"position\":6,\"name\":\"Granule pro psy\",\"item\":\"https:\\\/\\\/shopatoa.com\\\/cz\\\/granule-pro-psy\\\/\"},{\"@type\":\"ListItem\",\"position\":7,\"name\":\"Acana Singles Free-Run Duck 11,4 kg\"}]},{\"@type\":\"WebSite\",\"@id\":\"https:\\\/\\\/shopatoa.com\\\/cz\\\/#website\",\"url\":\"https:\\\/\\\/shopatoa.com\\\/cz\\\/\",\"name\":\"SHOPATOA\",\"description\":\"\",\"publisher\":{\"@id\":\"https:\\\/\\\/shopatoa.com\\\/cz\\\/#organization\"},\"potentialAction\":[{\"@type\":\"SearchAction\",\"target\":{\"@type\":\"EntryPoint\",\"urlTemplate\":\"https:\\\/\\\/shopatoa.com\\\/cz\\\/?s={search_term_string}\"},\"query-input\":{\"@type\":\"PropertyValueSpecification\",\"valueRequired\":true,\"valueName\":\"search_term_string\"}}],\"inLanguage\":\"cs\"},{\"@type\":\"Organization\",\"@id\":\"https:\\\/\\\/shopatoa.com\\\/cz\\\/#organization\",\"name\":\"SHOPATOA Digital s.r.o.\",\"url\":\"https:\\\/\\\/shopatoa.com\\\/cz\\\/\",\"logo\":{\"@type\":\"ImageObject\",\"inLanguage\":\"cs\",\"@id\":\"https:\\\/\\\/shopatoa.com\\\/cz\\\/#\\\/schema\\\/logo\\\/image\\\/\",\"url\":\"https:\\\/\\\/storage.googleapis.com\\\/cz-shopatoa-img\\\/cz\\\/ebccf434-shopatoa_logo.png\",\"contentUrl\":\"https:\\\/\\\/storage.googleapis.com\\\/cz-shopatoa-img\\\/cz\\\/ebccf434-shopatoa_logo.png\",\"width\":416,\"height\":63,\"caption\":\"SHOPATOA Digital s.r.o.\"},\"image\":{\"@id\":\"https:\\\/\\\/shopatoa.com\\\/cz\\\/#\\\/schema\\\/logo\\\/image\\\/\"}}]}<\/script>\n<!-- \/ Yoast SEO plugin. -->","yoast_head_json":{"title":"Acana Singles Free-Run Duck 11,4 kg - SHOPATOA.COM","robots":{"index":"index","follow":"follow","max-snippet":"max-snippet:-1","max-image-preview":"max-image-preview:large","max-video-preview":"max-video-preview:-1"},"canonical":"https:\/\/shopatoa.com\/cz\/acana-singles-free-run-duck-114-kg\/","og_locale":"cs_CZ","og_type":"article","og_title":"Acana Singles Free-Run Duck 11,4 kg - SHOPATOA.COM","og_description":"Kompletn\u00ed krmivo pro psy v\u0161ech plemen a v\u011bkov\u00fdch kategori\u00ed, kter\u00e9 je p\u0159ipravov\u00e1no v\u00a0oce\u0148ovan\u00fdch kanadsk\u00fdch kuchyn\u00edch.\u00a0Receptura s\u00a0jedin\u00fdm zdrojem \u017eivo\u010di\u0161n\u00e9ho proteinu obsahuje maso z\u00a0voln\u011b chovan\u00fdch kachen, kter\u00e9 je dod\u00e1van\u00e9 \u010derstv\u00e9 v\u00a0pod\u00edlu cel\u00e9 ko\u0159isti. Vhodn\u00e9 pro psy s\u00a0citliv\u00fdm za\u017e\u00edv\u00e1n\u00edm. Bez obsahu obilovin a brambor. Slo\u017een\u00ed \u010cerstv\u00e1 kachna 18 %, dehydrovan\u00e9 kachn\u00ed maso 17 %, cel\u00fd zelen\u00fd hr\u00e1ch, cel\u00e1...","og_url":"https:\/\/shopatoa.com\/cz\/acana-singles-free-run-duck-114-kg\/","og_site_name":"SHOPATOA","article_modified_time":"2026-02-03T23:32:17+00:00","og_image":[{"width":600,"height":600,"url":"https:\/\/storage.googleapis.com\/cz-shopatoa-img\/cz\/1426af71-1_70135.jpg","type":"image\/jpeg"}],"twitter_card":"summary_large_image","twitter_misc":{"Odhadovan\u00e1 doba \u010dten\u00ed":"1 minuta"},"schema":{"@context":"https:\/\/schema.org","@graph":[{"@type":"WebPage","@id":"https:\/\/shopatoa.com\/cz\/acana-singles-free-run-duck-114-kg\/","url":"https:\/\/shopatoa.com\/cz\/acana-singles-free-run-duck-114-kg\/","name":"Acana Singles Free-Run Duck 11,4 kg - SHOPATOA.COM","isPartOf":{"@id":"https:\/\/shopatoa.com\/cz\/#website"},"primaryImageOfPage":{"@id":"https:\/\/shopatoa.com\/cz\/acana-singles-free-run-duck-114-kg\/#primaryimage"},"image":{"@id":"https:\/\/shopatoa.com\/cz\/acana-singles-free-run-duck-114-kg\/#primaryimage"},"thumbnailUrl":"https:\/\/storage.googleapis.com\/cz-shopatoa-img\/cz\/1426af71-1_70135.jpg","datePublished":"2025-04-03T06:05:31+00:00","dateModified":"2026-02-03T23:32:17+00:00","breadcrumb":{"@id":"https:\/\/shopatoa.com\/cz\/acana-singles-free-run-duck-114-kg\/#breadcrumb"},"inLanguage":"cs","potentialAction":[{"@type":"ReadAction","target":["https:\/\/shopatoa.com\/cz\/acana-singles-free-run-duck-114-kg\/"]}]},{"@type":"ImageObject","inLanguage":"cs","@id":"https:\/\/shopatoa.com\/cz\/acana-singles-free-run-duck-114-kg\/#primaryimage","url":"https:\/\/storage.googleapis.com\/cz-shopatoa-img\/cz\/1426af71-1_70135.jpg","contentUrl":"https:\/\/storage.googleapis.com\/cz-shopatoa-img\/cz\/1426af71-1_70135.jpg","width":600,"height":600},{"@type":"BreadcrumbList","@id":"https:\/\/shopatoa.com\/cz\/acana-singles-free-run-duck-114-kg\/#breadcrumb","itemListElement":[{"@type":"ListItem","position":1,"name":"Dom\u016f","item":"https:\/\/shopatoa.com\/cz\/"},{"@type":"ListItem","position":2,"name":"Produkty","item":"https:\/\/shopatoa.com\/cz\/shop\/"},{"@type":"ListItem","position":3,"name":"Chovatelsk\u00e9 pot\u0159eby","item":"https:\/\/shopatoa.com\/cz\/chovatelske-potreby-2\/"},{"@type":"ListItem","position":4,"name":"Pro psy","item":"https:\/\/shopatoa.com\/cz\/pro-psy-chovatelske-potreby-2\/"},{"@type":"ListItem","position":5,"name":"Krmivo pro psy","item":"https:\/\/shopatoa.com\/cz\/krmivo-pro-psy-pro-psy-chovatelske-potreby-2\/"},{"@type":"ListItem","position":6,"name":"Granule pro psy","item":"https:\/\/shopatoa.com\/cz\/granule-pro-psy\/"},{"@type":"ListItem","position":7,"name":"Acana Singles Free-Run Duck 11,4 kg"}]},{"@type":"WebSite","@id":"https:\/\/shopatoa.com\/cz\/#website","url":"https:\/\/shopatoa.com\/cz\/","name":"SHOPATOA","description":"","publisher":{"@id":"https:\/\/shopatoa.com\/cz\/#organization"},"potentialAction":[{"@type":"SearchAction","target":{"@type":"EntryPoint","urlTemplate":"https:\/\/shopatoa.com\/cz\/?s={search_term_string}"},"query-input":{"@type":"PropertyValueSpecification","valueRequired":true,"valueName":"search_term_string"}}],"inLanguage":"cs"},{"@type":"Organization","@id":"https:\/\/shopatoa.com\/cz\/#organization","name":"SHOPATOA Digital s.r.o.","url":"https:\/\/shopatoa.com\/cz\/","logo":{"@type":"ImageObject","inLanguage":"cs","@id":"https:\/\/shopatoa.com\/cz\/#\/schema\/logo\/image\/","url":"https:\/\/storage.googleapis.com\/cz-shopatoa-img\/cz\/ebccf434-shopatoa_logo.png","contentUrl":"https:\/\/storage.googleapis.com\/cz-shopatoa-img\/cz\/ebccf434-shopatoa_logo.png","width":416,"height":63,"caption":"SHOPATOA Digital s.r.o."},"image":{"@id":"https:\/\/shopatoa.com\/cz\/#\/schema\/logo\/image\/"}}]}},"_links":{"self":[{"href":"https:\/\/shopatoa.com\/cz\/wp-json\/wp\/v2\/product\/250280","targetHints":{"allow":["GET"]}}],"collection":[{"href":"https:\/\/shopatoa.com\/cz\/wp-json\/wp\/v2\/product"}],"about":[{"href":"https:\/\/shopatoa.com\/cz\/wp-json\/wp\/v2\/types\/product"}],"replies":[{"embeddable":true,"href":"https:\/\/shopatoa.com\/cz\/wp-json\/wp\/v2\/comments?post=250280"}],"wp:featuredmedia":[{"embeddable":true,"href":"https:\/\/shopatoa.com\/cz\/wp-json\/wp\/v2\/media\/250281"}],"wp:attachment":[{"href":"https:\/\/shopatoa.com\/cz\/wp-json\/wp\/v2\/media?parent=250280"}],"wp:term":[{"taxonomy":"product_brand","embeddable":true,"href":"https:\/\/shopatoa.com\/cz\/wp-json\/wp\/v2\/product_brand?post=250280"},{"taxonomy":"product_cat","embeddable":true,"href":"https:\/\/shopatoa.com\/cz\/wp-json\/wp\/v2\/product_cat?post=250280"},{"taxonomy":"product_tag","embeddable":true,"href":"https:\/\/shopatoa.com\/cz\/wp-json\/wp\/v2\/product_tag?post=250280"}],"curies":[{"name":"wp","href":"https:\/\/api.w.org\/{rel}","templated":true}]}}