{"id":250344,"date":"2025-04-03T08:16:26","date_gmt":"2025-04-03T06:16:26","guid":{"rendered":"https:\/\/shopatoa.com\/cz\/?post_type=product&#038;p=250344"},"modified":"2026-02-01T21:30:21","modified_gmt":"2026-02-01T20:30:21","slug":"calibra-dog-expert-nutrition-mobility-12-kg","status":"publish","type":"product","link":"https:\/\/shopatoa.com\/cz\/calibra-dog-expert-nutrition-mobility-12-kg\/","title":{"rendered":"Calibra Dog Expert Nutrition Mobility 12 kg"},"content":{"rendered":"<p>Expertn\u00ed v\u00fd\u017eiva pro psy s predispozic\u00ed k probl\u00e9m\u016fm s klouby, na podporu pohybov\u00e9ho apar\u00e1tu a prevenci onemocn\u011bn\u00ed kloub\u016f. Kompletn\u00ed hypoalergenn\u00ed krmivo\u00a0ur\u010den\u00e9 dosp\u011bl\u00fdm a dosp\u00edvaj\u00edc\u00edm ps\u016fm\u00a0s\u00a0tendenc\u00ed k\u00a0pot\u00ed\u017e\u00edm\u00a0pohybov\u00e9ho\u00a0apar\u00e1tu\u00a0(klouby, \u0161lachy, vazy), p\u0159ev\u00e1\u017en\u011b velk\u00fdch plemen.\u00a0Obsahuje\u00a0nejen\u00a0zv\u00fd\u0161en\u00e9 mno\u017estv\u00ed\u00a0chondroitinu a glukosaminu, ale tak\u00e9\u00a0boswelii\u00a0a MSM\u00a0zaji\u0161\u0165uj\u00edc\u00ed v\u00fd\u017eivu\u00a0kloubn\u00ed chrupavky\u00a0a l\u00e1tky\u00a0s protiz\u00e1n\u011btliv\u00fdm \u00fa\u010dinkem, kter\u00e9 pom\u00e1haj\u00ed k rekonvalescenci\u00a0po zran\u011bn\u00ed\u00a0a\u00a0p\u0159i\u00a0vysok\u00e9 fyzick\u00e9 aktivit\u011b.\u00a0\u00a0<\/p>\n<p>B\u00edlkoviny \u017eivo\u010di\u0161n\u00e9ho p\u016fvodu tvo\u0159\u00ed\u00a090\u00a0% z celkov\u00e9ho obsahu b\u00edlkovin.\u00a0Receptury jsou sestaveny jako\u00a0monoproteinov\u00e9\u00a0&#8211; v\u017edy pouze jeden zdroj \u017eivo\u010di\u0161n\u00fdch b\u00edlkovin. Z obilovin je zastoupena pouze r\u00fd\u017ee.\u00a0<\/p>\n<p>Funkce hlavn\u00edch aditiv:\u00a0<\/p>\n<p>\tChondroprotektiva\u00a0&amp;\u00a0Boswellia\u00a0serrata\u00a0&amp; MSM\u00a0\u2013 v\u00fd\u017eiva\u00a0chrupavky a zpomalen\u00ed procesu jej\u00edho opot\u0159eben\u00ed, protiz\u00e1n\u011btliv\u00e9 \u00fa\u010dinky, zm\u00edrn\u011bn\u00ed projev\u016f osteoartr\u00f3zy\u00a0<br \/>\n\tVitaminy a chel\u00e1tov\u00e9 miner\u00e1ly\u00a0pro spr\u00e1vnou funkci organismu, prevenci onemocn\u011bn\u00ed a&#8230;<\/p>\n","protected":false},"excerpt":{"rendered":"<p>Expertn\u00ed v\u00fd\u017eiva pro psy s predispozic\u00ed k probl\u00e9m\u016fm s klouby, na podporu pohybov\u00e9ho apar\u00e1tu a prevenci onemocn\u011bn\u00ed kloub\u016f. Kompletn\u00ed hypoalergenn\u00ed krmivo\u00a0ur\u010den\u00e9 dosp\u011bl\u00fdm a dosp\u00edvaj\u00edc\u00edm ps\u016fm\u00a0s\u00a0tendenc\u00ed k\u00a0pot\u00ed\u017e\u00edm\u00a0pohybov\u00e9ho\u00a0apar\u00e1tu\u00a0(klouby, \u0161lachy, vazy), p\u0159ev\u00e1\u017en\u011b velk\u00fdch plemen.\u00a0Obsahuje\u00a0nejen\u00a0zv\u00fd\u0161en\u00e9 mno\u017estv\u00ed\u00a0chondroitinu a glukosaminu, ale tak\u00e9\u00a0boswelii\u00a0a MSM\u00a0zaji\u0161\u0165uj\u00edc\u00ed v\u00fd\u017eivu\u00a0kloubn\u00ed chrupavky\u00a0a l\u00e1tky\u00a0s protiz\u00e1n\u011btliv\u00fdm \u00fa\u010dinkem, kter\u00e9 pom\u00e1haj\u00ed k rekonvalescenci\u00a0po zran\u011bn\u00ed\u00a0a\u00a0p\u0159i\u00a0vysok\u00e9 fyzick\u00e9 aktivit\u011b.\u00a0\u00a0 B\u00edlkoviny \u017eivo\u010di\u0161n\u00e9ho p\u016fvodu tvo\u0159\u00ed\u00a090\u00a0% z celkov\u00e9ho&#8230;<\/p>\n","protected":false},"featured_media":250345,"comment_status":"closed","ping_status":"open","template":"","meta":{"_acf_changed":false,"_kadence_starter_templates_imported_post":false,"_kad_post_transparent":"","_kad_post_title":"","_kad_post_layout":"","_kad_post_sidebar_id":"","_kad_post_content_style":"","_kad_post_vertical_padding":"","_kad_post_feature":"","_kad_post_feature_position":"","_kad_post_header":false,"_kad_post_footer":false,"_kad_post_classname":""},"product_brand":[1789],"product_cat":[436,2569,2568,739],"product_tag":[],"class_list":{"0":"post-250344","1":"product","2":"type-product","3":"status-publish","4":"has-post-thumbnail","6":"product_brand-calibra","7":"product_cat-chovatelske-potreby-2","8":"product_cat-granule-pro-psy","9":"product_cat-krmivo-pro-psy-pro-psy-chovatelske-potreby-2","10":"product_cat-pro-psy-chovatelske-potreby-2","11":"pa_obchod-superzoo-cz","13":"first","14":"instock","15":"product-type-external","16":"entry","17":"content-bg","18":"loop-entry"},"acf":[],"yoast_head":"<!-- This site is optimized with the Yoast SEO plugin v27.4 - https:\/\/yoast.com\/product\/yoast-seo-wordpress\/ -->\n<title>Calibra Dog Expert Nutrition Mobility 12 kg - SHOPATOA.COM<\/title>\n<meta name=\"robots\" content=\"index, follow, max-snippet:-1, max-image-preview:large, max-video-preview:-1\" \/>\n<link rel=\"canonical\" href=\"https:\/\/shopatoa.com\/cz\/calibra-dog-expert-nutrition-mobility-12-kg\/\" \/>\n<meta property=\"og:locale\" content=\"cs_CZ\" \/>\n<meta property=\"og:type\" content=\"article\" \/>\n<meta property=\"og:title\" content=\"Calibra Dog Expert Nutrition Mobility 12 kg - SHOPATOA.COM\" \/>\n<meta property=\"og:description\" content=\"Expertn\u00ed v\u00fd\u017eiva pro psy s predispozic\u00ed k probl\u00e9m\u016fm s klouby, na podporu pohybov\u00e9ho apar\u00e1tu a prevenci onemocn\u011bn\u00ed kloub\u016f. Kompletn\u00ed hypoalergenn\u00ed krmivo\u00a0ur\u010den\u00e9 dosp\u011bl\u00fdm a dosp\u00edvaj\u00edc\u00edm ps\u016fm\u00a0s\u00a0tendenc\u00ed k\u00a0pot\u00ed\u017e\u00edm\u00a0pohybov\u00e9ho\u00a0apar\u00e1tu\u00a0(klouby, \u0161lachy, vazy), p\u0159ev\u00e1\u017en\u011b velk\u00fdch plemen.\u00a0Obsahuje\u00a0nejen\u00a0zv\u00fd\u0161en\u00e9 mno\u017estv\u00ed\u00a0chondroitinu a glukosaminu, ale tak\u00e9\u00a0boswelii\u00a0a MSM\u00a0zaji\u0161\u0165uj\u00edc\u00ed v\u00fd\u017eivu\u00a0kloubn\u00ed chrupavky\u00a0a l\u00e1tky\u00a0s protiz\u00e1n\u011btliv\u00fdm \u00fa\u010dinkem, kter\u00e9 pom\u00e1haj\u00ed k rekonvalescenci\u00a0po zran\u011bn\u00ed\u00a0a\u00a0p\u0159i\u00a0vysok\u00e9 fyzick\u00e9 aktivit\u011b.\u00a0\u00a0 B\u00edlkoviny \u017eivo\u010di\u0161n\u00e9ho p\u016fvodu tvo\u0159\u00ed\u00a090\u00a0% z celkov\u00e9ho...\" \/>\n<meta property=\"og:url\" content=\"https:\/\/shopatoa.com\/cz\/calibra-dog-expert-nutrition-mobility-12-kg\/\" \/>\n<meta property=\"og:site_name\" content=\"SHOPATOA\" \/>\n<meta property=\"article:modified_time\" content=\"2026-02-01T20:30:21+00:00\" \/>\n<meta property=\"og:image\" content=\"https:\/\/storage.googleapis.com\/cz-shopatoa-img\/cz\/66a112e3-1_70826.jpg\" \/>\n\t<meta property=\"og:image:width\" content=\"600\" \/>\n\t<meta property=\"og:image:height\" content=\"600\" \/>\n\t<meta property=\"og:image:type\" content=\"image\/jpeg\" \/>\n<meta name=\"twitter:card\" content=\"summary_large_image\" \/>\n<meta name=\"twitter:label1\" content=\"Odhadovan\u00e1 doba \u010dten\u00ed\" \/>\n\t<meta name=\"twitter:data1\" content=\"1 minuta\" \/>\n<script type=\"application\/ld+json\" class=\"yoast-schema-graph\">{\"@context\":\"https:\\\/\\\/schema.org\",\"@graph\":[{\"@type\":\"WebPage\",\"@id\":\"https:\\\/\\\/shopatoa.com\\\/cz\\\/calibra-dog-expert-nutrition-mobility-12-kg\\\/\",\"url\":\"https:\\\/\\\/shopatoa.com\\\/cz\\\/calibra-dog-expert-nutrition-mobility-12-kg\\\/\",\"name\":\"Calibra Dog Expert Nutrition Mobility 12 kg - SHOPATOA.COM\",\"isPartOf\":{\"@id\":\"https:\\\/\\\/shopatoa.com\\\/cz\\\/#website\"},\"primaryImageOfPage\":{\"@id\":\"https:\\\/\\\/shopatoa.com\\\/cz\\\/calibra-dog-expert-nutrition-mobility-12-kg\\\/#primaryimage\"},\"image\":{\"@id\":\"https:\\\/\\\/shopatoa.com\\\/cz\\\/calibra-dog-expert-nutrition-mobility-12-kg\\\/#primaryimage\"},\"thumbnailUrl\":\"https:\\\/\\\/storage.googleapis.com\\\/cz-shopatoa-img\\\/cz\\\/66a112e3-1_70826.jpg\",\"datePublished\":\"2025-04-03T06:16:26+00:00\",\"dateModified\":\"2026-02-01T20:30:21+00:00\",\"breadcrumb\":{\"@id\":\"https:\\\/\\\/shopatoa.com\\\/cz\\\/calibra-dog-expert-nutrition-mobility-12-kg\\\/#breadcrumb\"},\"inLanguage\":\"cs\",\"potentialAction\":[{\"@type\":\"ReadAction\",\"target\":[\"https:\\\/\\\/shopatoa.com\\\/cz\\\/calibra-dog-expert-nutrition-mobility-12-kg\\\/\"]}]},{\"@type\":\"ImageObject\",\"inLanguage\":\"cs\",\"@id\":\"https:\\\/\\\/shopatoa.com\\\/cz\\\/calibra-dog-expert-nutrition-mobility-12-kg\\\/#primaryimage\",\"url\":\"https:\\\/\\\/storage.googleapis.com\\\/cz-shopatoa-img\\\/cz\\\/66a112e3-1_70826.jpg\",\"contentUrl\":\"https:\\\/\\\/storage.googleapis.com\\\/cz-shopatoa-img\\\/cz\\\/66a112e3-1_70826.jpg\",\"width\":600,\"height\":600},{\"@type\":\"BreadcrumbList\",\"@id\":\"https:\\\/\\\/shopatoa.com\\\/cz\\\/calibra-dog-expert-nutrition-mobility-12-kg\\\/#breadcrumb\",\"itemListElement\":[{\"@type\":\"ListItem\",\"position\":1,\"name\":\"Dom\u016f\",\"item\":\"https:\\\/\\\/shopatoa.com\\\/cz\\\/\"},{\"@type\":\"ListItem\",\"position\":2,\"name\":\"Produkty\",\"item\":\"https:\\\/\\\/shopatoa.com\\\/cz\\\/shop\\\/\"},{\"@type\":\"ListItem\",\"position\":3,\"name\":\"Chovatelsk\u00e9 pot\u0159eby\",\"item\":\"https:\\\/\\\/shopatoa.com\\\/cz\\\/chovatelske-potreby-2\\\/\"},{\"@type\":\"ListItem\",\"position\":4,\"name\":\"Pro psy\",\"item\":\"https:\\\/\\\/shopatoa.com\\\/cz\\\/pro-psy-chovatelske-potreby-2\\\/\"},{\"@type\":\"ListItem\",\"position\":5,\"name\":\"Krmivo pro psy\",\"item\":\"https:\\\/\\\/shopatoa.com\\\/cz\\\/krmivo-pro-psy-pro-psy-chovatelske-potreby-2\\\/\"},{\"@type\":\"ListItem\",\"position\":6,\"name\":\"Granule pro psy\",\"item\":\"https:\\\/\\\/shopatoa.com\\\/cz\\\/granule-pro-psy\\\/\"},{\"@type\":\"ListItem\",\"position\":7,\"name\":\"Calibra Dog Expert Nutrition Mobility 12 kg\"}]},{\"@type\":\"WebSite\",\"@id\":\"https:\\\/\\\/shopatoa.com\\\/cz\\\/#website\",\"url\":\"https:\\\/\\\/shopatoa.com\\\/cz\\\/\",\"name\":\"SHOPATOA\",\"description\":\"\",\"publisher\":{\"@id\":\"https:\\\/\\\/shopatoa.com\\\/cz\\\/#organization\"},\"potentialAction\":[{\"@type\":\"SearchAction\",\"target\":{\"@type\":\"EntryPoint\",\"urlTemplate\":\"https:\\\/\\\/shopatoa.com\\\/cz\\\/?s={search_term_string}\"},\"query-input\":{\"@type\":\"PropertyValueSpecification\",\"valueRequired\":true,\"valueName\":\"search_term_string\"}}],\"inLanguage\":\"cs\"},{\"@type\":\"Organization\",\"@id\":\"https:\\\/\\\/shopatoa.com\\\/cz\\\/#organization\",\"name\":\"SHOPATOA Digital s.r.o.\",\"url\":\"https:\\\/\\\/shopatoa.com\\\/cz\\\/\",\"logo\":{\"@type\":\"ImageObject\",\"inLanguage\":\"cs\",\"@id\":\"https:\\\/\\\/shopatoa.com\\\/cz\\\/#\\\/schema\\\/logo\\\/image\\\/\",\"url\":\"https:\\\/\\\/storage.googleapis.com\\\/cz-shopatoa-img\\\/cz\\\/ebccf434-shopatoa_logo.png\",\"contentUrl\":\"https:\\\/\\\/storage.googleapis.com\\\/cz-shopatoa-img\\\/cz\\\/ebccf434-shopatoa_logo.png\",\"width\":416,\"height\":63,\"caption\":\"SHOPATOA Digital s.r.o.\"},\"image\":{\"@id\":\"https:\\\/\\\/shopatoa.com\\\/cz\\\/#\\\/schema\\\/logo\\\/image\\\/\"}}]}<\/script>\n<!-- \/ Yoast SEO plugin. -->","yoast_head_json":{"title":"Calibra Dog Expert Nutrition Mobility 12 kg - SHOPATOA.COM","robots":{"index":"index","follow":"follow","max-snippet":"max-snippet:-1","max-image-preview":"max-image-preview:large","max-video-preview":"max-video-preview:-1"},"canonical":"https:\/\/shopatoa.com\/cz\/calibra-dog-expert-nutrition-mobility-12-kg\/","og_locale":"cs_CZ","og_type":"article","og_title":"Calibra Dog Expert Nutrition Mobility 12 kg - SHOPATOA.COM","og_description":"Expertn\u00ed v\u00fd\u017eiva pro psy s predispozic\u00ed k probl\u00e9m\u016fm s klouby, na podporu pohybov\u00e9ho apar\u00e1tu a prevenci onemocn\u011bn\u00ed kloub\u016f. Kompletn\u00ed hypoalergenn\u00ed krmivo\u00a0ur\u010den\u00e9 dosp\u011bl\u00fdm a dosp\u00edvaj\u00edc\u00edm ps\u016fm\u00a0s\u00a0tendenc\u00ed k\u00a0pot\u00ed\u017e\u00edm\u00a0pohybov\u00e9ho\u00a0apar\u00e1tu\u00a0(klouby, \u0161lachy, vazy), p\u0159ev\u00e1\u017en\u011b velk\u00fdch plemen.\u00a0Obsahuje\u00a0nejen\u00a0zv\u00fd\u0161en\u00e9 mno\u017estv\u00ed\u00a0chondroitinu a glukosaminu, ale tak\u00e9\u00a0boswelii\u00a0a MSM\u00a0zaji\u0161\u0165uj\u00edc\u00ed v\u00fd\u017eivu\u00a0kloubn\u00ed chrupavky\u00a0a l\u00e1tky\u00a0s protiz\u00e1n\u011btliv\u00fdm \u00fa\u010dinkem, kter\u00e9 pom\u00e1haj\u00ed k rekonvalescenci\u00a0po zran\u011bn\u00ed\u00a0a\u00a0p\u0159i\u00a0vysok\u00e9 fyzick\u00e9 aktivit\u011b.\u00a0\u00a0 B\u00edlkoviny \u017eivo\u010di\u0161n\u00e9ho p\u016fvodu tvo\u0159\u00ed\u00a090\u00a0% z celkov\u00e9ho...","og_url":"https:\/\/shopatoa.com\/cz\/calibra-dog-expert-nutrition-mobility-12-kg\/","og_site_name":"SHOPATOA","article_modified_time":"2026-02-01T20:30:21+00:00","og_image":[{"width":600,"height":600,"url":"https:\/\/storage.googleapis.com\/cz-shopatoa-img\/cz\/66a112e3-1_70826.jpg","type":"image\/jpeg"}],"twitter_card":"summary_large_image","twitter_misc":{"Odhadovan\u00e1 doba \u010dten\u00ed":"1 minuta"},"schema":{"@context":"https:\/\/schema.org","@graph":[{"@type":"WebPage","@id":"https:\/\/shopatoa.com\/cz\/calibra-dog-expert-nutrition-mobility-12-kg\/","url":"https:\/\/shopatoa.com\/cz\/calibra-dog-expert-nutrition-mobility-12-kg\/","name":"Calibra Dog Expert Nutrition Mobility 12 kg - SHOPATOA.COM","isPartOf":{"@id":"https:\/\/shopatoa.com\/cz\/#website"},"primaryImageOfPage":{"@id":"https:\/\/shopatoa.com\/cz\/calibra-dog-expert-nutrition-mobility-12-kg\/#primaryimage"},"image":{"@id":"https:\/\/shopatoa.com\/cz\/calibra-dog-expert-nutrition-mobility-12-kg\/#primaryimage"},"thumbnailUrl":"https:\/\/storage.googleapis.com\/cz-shopatoa-img\/cz\/66a112e3-1_70826.jpg","datePublished":"2025-04-03T06:16:26+00:00","dateModified":"2026-02-01T20:30:21+00:00","breadcrumb":{"@id":"https:\/\/shopatoa.com\/cz\/calibra-dog-expert-nutrition-mobility-12-kg\/#breadcrumb"},"inLanguage":"cs","potentialAction":[{"@type":"ReadAction","target":["https:\/\/shopatoa.com\/cz\/calibra-dog-expert-nutrition-mobility-12-kg\/"]}]},{"@type":"ImageObject","inLanguage":"cs","@id":"https:\/\/shopatoa.com\/cz\/calibra-dog-expert-nutrition-mobility-12-kg\/#primaryimage","url":"https:\/\/storage.googleapis.com\/cz-shopatoa-img\/cz\/66a112e3-1_70826.jpg","contentUrl":"https:\/\/storage.googleapis.com\/cz-shopatoa-img\/cz\/66a112e3-1_70826.jpg","width":600,"height":600},{"@type":"BreadcrumbList","@id":"https:\/\/shopatoa.com\/cz\/calibra-dog-expert-nutrition-mobility-12-kg\/#breadcrumb","itemListElement":[{"@type":"ListItem","position":1,"name":"Dom\u016f","item":"https:\/\/shopatoa.com\/cz\/"},{"@type":"ListItem","position":2,"name":"Produkty","item":"https:\/\/shopatoa.com\/cz\/shop\/"},{"@type":"ListItem","position":3,"name":"Chovatelsk\u00e9 pot\u0159eby","item":"https:\/\/shopatoa.com\/cz\/chovatelske-potreby-2\/"},{"@type":"ListItem","position":4,"name":"Pro psy","item":"https:\/\/shopatoa.com\/cz\/pro-psy-chovatelske-potreby-2\/"},{"@type":"ListItem","position":5,"name":"Krmivo pro psy","item":"https:\/\/shopatoa.com\/cz\/krmivo-pro-psy-pro-psy-chovatelske-potreby-2\/"},{"@type":"ListItem","position":6,"name":"Granule pro psy","item":"https:\/\/shopatoa.com\/cz\/granule-pro-psy\/"},{"@type":"ListItem","position":7,"name":"Calibra Dog Expert Nutrition Mobility 12 kg"}]},{"@type":"WebSite","@id":"https:\/\/shopatoa.com\/cz\/#website","url":"https:\/\/shopatoa.com\/cz\/","name":"SHOPATOA","description":"","publisher":{"@id":"https:\/\/shopatoa.com\/cz\/#organization"},"potentialAction":[{"@type":"SearchAction","target":{"@type":"EntryPoint","urlTemplate":"https:\/\/shopatoa.com\/cz\/?s={search_term_string}"},"query-input":{"@type":"PropertyValueSpecification","valueRequired":true,"valueName":"search_term_string"}}],"inLanguage":"cs"},{"@type":"Organization","@id":"https:\/\/shopatoa.com\/cz\/#organization","name":"SHOPATOA Digital s.r.o.","url":"https:\/\/shopatoa.com\/cz\/","logo":{"@type":"ImageObject","inLanguage":"cs","@id":"https:\/\/shopatoa.com\/cz\/#\/schema\/logo\/image\/","url":"https:\/\/storage.googleapis.com\/cz-shopatoa-img\/cz\/ebccf434-shopatoa_logo.png","contentUrl":"https:\/\/storage.googleapis.com\/cz-shopatoa-img\/cz\/ebccf434-shopatoa_logo.png","width":416,"height":63,"caption":"SHOPATOA Digital s.r.o."},"image":{"@id":"https:\/\/shopatoa.com\/cz\/#\/schema\/logo\/image\/"}}]}},"_links":{"self":[{"href":"https:\/\/shopatoa.com\/cz\/wp-json\/wp\/v2\/product\/250344","targetHints":{"allow":["GET"]}}],"collection":[{"href":"https:\/\/shopatoa.com\/cz\/wp-json\/wp\/v2\/product"}],"about":[{"href":"https:\/\/shopatoa.com\/cz\/wp-json\/wp\/v2\/types\/product"}],"replies":[{"embeddable":true,"href":"https:\/\/shopatoa.com\/cz\/wp-json\/wp\/v2\/comments?post=250344"}],"wp:featuredmedia":[{"embeddable":true,"href":"https:\/\/shopatoa.com\/cz\/wp-json\/wp\/v2\/media\/250345"}],"wp:attachment":[{"href":"https:\/\/shopatoa.com\/cz\/wp-json\/wp\/v2\/media?parent=250344"}],"wp:term":[{"taxonomy":"product_brand","embeddable":true,"href":"https:\/\/shopatoa.com\/cz\/wp-json\/wp\/v2\/product_brand?post=250344"},{"taxonomy":"product_cat","embeddable":true,"href":"https:\/\/shopatoa.com\/cz\/wp-json\/wp\/v2\/product_cat?post=250344"},{"taxonomy":"product_tag","embeddable":true,"href":"https:\/\/shopatoa.com\/cz\/wp-json\/wp\/v2\/product_tag?post=250344"}],"curies":[{"name":"wp","href":"https:\/\/api.w.org\/{rel}","templated":true}]}}