{"id":250558,"date":"2025-04-03T08:55:45","date_gmt":"2025-04-03T06:55:45","guid":{"rendered":"https:\/\/shopatoa.com\/cz\/?post_type=product&#038;p=250558"},"modified":"2025-04-25T21:01:21","modified_gmt":"2025-04-25T19:01:21","slug":"orijen-tundra-6kg","status":"publish","type":"product","link":"https:\/\/shopatoa.com\/cz\/orijen-tundra-6kg\/","title":{"rendered":"Orijen Tundra 6kg"},"content":{"rendered":"<p>Kompletn\u00ed krmivo pro psy ka\u017ed\u00e9ho v\u011bku v\u0161ech plemen.<\/p>\n<p>Orijen Tundra je bezkonkuren\u010dn\u00ed d\u00edky sv\u00e9mu obsahu kozy, divok\u00e9ho kance, zv\u011b\u0159iny, alpsk\u00e9ho sivena, kachny a skopce. V\u0161echny tyto suroviny jsou n\u00e1m dod\u00e1v\u00e1ny \u010derstv\u00e9 nebo syrov\u00e9 v bohat\u011b v\u00fd\u017eivn\u00e9m pod\u00edlu cel\u00e9 ko\u0159isti, co\u017e sni\u017euje pot\u0159ebu p\u0159id\u00e1vat um\u011bl\u00e9 dopl\u0148ky do na\u0161ich krmiv.<\/p>\n<p>Krmiva Orijen jsou p\u0159ipravov\u00e1na ve v\u00edt\u011bzn\u011b oce\u0148ovan\u00fdch kuchyn\u00edch NorthStar\u00ae v Kanad\u011b a zaru\u010d\u00ed, \u017ee v\u00e1\u0161 pes bude zdrav\u00fd, spokojen\u00fd a siln\u00fd. Krmivo neobsahuje obiloviny a brambory.<\/p>\n<p>Slo\u017een\u00ed<\/p>\n<p>\u010cerstv\u00e9 koz\u00ed maso 5 %, \u010derstv\u00e9 kan\u010d\u00ed maso 5 %, \u010derstv\u00e1 zv\u011b\u0159ina 5 %, \u010derstv\u00fd siven alpsk\u00fd 5 %, \u010derstv\u00e9 kachn\u00ed maso 5 %, \u010derstv\u00e1 kan\u010d\u00ed j\u00e1tra 5 %, \u010derstv\u00e1 kachn\u00ed j\u00e1tra 5 %, \u010derstv\u00e9 skopov\u00e9 maso 4 %, \u010derstv\u00fd pstruh duhov\u00fd 4 %, \u010derstv\u00e9 kan\u010d\u00ed ledviny 4 %, cel\u00e1 makrela (dehydrovan\u00e1) 4 %, \u010derstv\u00e1 cel\u00e1 sardinka 4 %, jehn\u011bc\u00ed (dehydrovan\u00e9) 4 %, skopov\u00e9 (dehydrovan\u00e9) 4 %, alja\u0161sk\u00e1 treska (dehydrovan\u00e1) 4 %, cel\u00e1 treska modrav\u00e1 (dehydrovan\u00e1) 4 %, cel\u00fd sle\u010f (dehydrovan\u00fd) 4 %, cel\u00e1&#8230;<\/p>\n","protected":false},"excerpt":{"rendered":"<p>Kompletn\u00ed krmivo pro psy ka\u017ed\u00e9ho v\u011bku v\u0161ech plemen. Orijen Tundra je bezkonkuren\u010dn\u00ed d\u00edky sv\u00e9mu obsahu kozy, divok\u00e9ho kance, zv\u011b\u0159iny, alpsk\u00e9ho sivena, kachny a skopce. V\u0161echny tyto suroviny jsou n\u00e1m dod\u00e1v\u00e1ny \u010derstv\u00e9 nebo syrov\u00e9 v bohat\u011b v\u00fd\u017eivn\u00e9m pod\u00edlu cel\u00e9 ko\u0159isti, co\u017e sni\u017euje pot\u0159ebu p\u0159id\u00e1vat um\u011bl\u00e9 dopl\u0148ky do na\u0161ich krmiv. Krmiva Orijen jsou p\u0159ipravov\u00e1na ve v\u00edt\u011bzn\u011b oce\u0148ovan\u00fdch&#8230;<\/p>\n","protected":false},"featured_media":250559,"comment_status":"closed","ping_status":"open","template":"","meta":{"_acf_changed":false,"_kadence_starter_templates_imported_post":false,"_kad_post_transparent":"","_kad_post_title":"","_kad_post_layout":"","_kad_post_sidebar_id":"","_kad_post_content_style":"","_kad_post_vertical_padding":"","_kad_post_feature":"","_kad_post_feature_position":"","_kad_post_header":false,"_kad_post_footer":false,"_kad_post_classname":""},"product_brand":[2750],"product_cat":[436,2569,2568,739],"product_tag":[],"class_list":{"0":"post-250558","1":"product","2":"type-product","3":"status-publish","4":"has-post-thumbnail","6":"product_brand-orijen","7":"product_cat-chovatelske-potreby-2","8":"product_cat-granule-pro-psy","9":"product_cat-krmivo-pro-psy-pro-psy-chovatelske-potreby-2","10":"product_cat-pro-psy-chovatelske-potreby-2","11":"pa_obchod-superzoo-cz","13":"first","14":"instock","15":"product-type-external","16":"entry","17":"content-bg","18":"loop-entry"},"acf":[],"yoast_head":"<!-- This site is optimized with the Yoast SEO plugin v27.4 - https:\/\/yoast.com\/product\/yoast-seo-wordpress\/ -->\n<title>Orijen Tundra 6kg - SHOPATOA.COM<\/title>\n<meta name=\"robots\" content=\"index, follow, max-snippet:-1, max-image-preview:large, max-video-preview:-1\" \/>\n<link rel=\"canonical\" href=\"https:\/\/shopatoa.com\/cz\/orijen-tundra-6kg\/\" \/>\n<meta property=\"og:locale\" content=\"cs_CZ\" \/>\n<meta property=\"og:type\" content=\"article\" \/>\n<meta property=\"og:title\" content=\"Orijen Tundra 6kg - SHOPATOA.COM\" \/>\n<meta property=\"og:description\" content=\"Kompletn\u00ed krmivo pro psy ka\u017ed\u00e9ho v\u011bku v\u0161ech plemen. Orijen Tundra je bezkonkuren\u010dn\u00ed d\u00edky sv\u00e9mu obsahu kozy, divok\u00e9ho kance, zv\u011b\u0159iny, alpsk\u00e9ho sivena, kachny a skopce. V\u0161echny tyto suroviny jsou n\u00e1m dod\u00e1v\u00e1ny \u010derstv\u00e9 nebo syrov\u00e9 v bohat\u011b v\u00fd\u017eivn\u00e9m pod\u00edlu cel\u00e9 ko\u0159isti, co\u017e sni\u017euje pot\u0159ebu p\u0159id\u00e1vat um\u011bl\u00e9 dopl\u0148ky do na\u0161ich krmiv. Krmiva Orijen jsou p\u0159ipravov\u00e1na ve v\u00edt\u011bzn\u011b oce\u0148ovan\u00fdch...\" \/>\n<meta property=\"og:url\" content=\"https:\/\/shopatoa.com\/cz\/orijen-tundra-6kg\/\" \/>\n<meta property=\"og:site_name\" content=\"SHOPATOA\" \/>\n<meta property=\"article:modified_time\" content=\"2025-04-25T19:01:21+00:00\" \/>\n<meta property=\"og:image\" content=\"https:\/\/storage.googleapis.com\/cz-shopatoa-img\/cz\/0da6b81e-1_71202.jpg\" \/>\n\t<meta property=\"og:image:width\" content=\"600\" \/>\n\t<meta property=\"og:image:height\" content=\"600\" \/>\n\t<meta property=\"og:image:type\" content=\"image\/jpeg\" \/>\n<meta name=\"twitter:card\" content=\"summary_large_image\" \/>\n<meta name=\"twitter:label1\" content=\"Odhadovan\u00e1 doba \u010dten\u00ed\" \/>\n\t<meta name=\"twitter:data1\" content=\"1 minuta\" \/>\n<script type=\"application\/ld+json\" class=\"yoast-schema-graph\">{\"@context\":\"https:\\\/\\\/schema.org\",\"@graph\":[{\"@type\":\"WebPage\",\"@id\":\"https:\\\/\\\/shopatoa.com\\\/cz\\\/orijen-tundra-6kg\\\/\",\"url\":\"https:\\\/\\\/shopatoa.com\\\/cz\\\/orijen-tundra-6kg\\\/\",\"name\":\"Orijen Tundra 6kg - SHOPATOA.COM\",\"isPartOf\":{\"@id\":\"https:\\\/\\\/shopatoa.com\\\/cz\\\/#website\"},\"primaryImageOfPage\":{\"@id\":\"https:\\\/\\\/shopatoa.com\\\/cz\\\/orijen-tundra-6kg\\\/#primaryimage\"},\"image\":{\"@id\":\"https:\\\/\\\/shopatoa.com\\\/cz\\\/orijen-tundra-6kg\\\/#primaryimage\"},\"thumbnailUrl\":\"https:\\\/\\\/storage.googleapis.com\\\/cz-shopatoa-img\\\/cz\\\/0da6b81e-1_71202.jpg\",\"datePublished\":\"2025-04-03T06:55:45+00:00\",\"dateModified\":\"2025-04-25T19:01:21+00:00\",\"breadcrumb\":{\"@id\":\"https:\\\/\\\/shopatoa.com\\\/cz\\\/orijen-tundra-6kg\\\/#breadcrumb\"},\"inLanguage\":\"cs\",\"potentialAction\":[{\"@type\":\"ReadAction\",\"target\":[\"https:\\\/\\\/shopatoa.com\\\/cz\\\/orijen-tundra-6kg\\\/\"]}]},{\"@type\":\"ImageObject\",\"inLanguage\":\"cs\",\"@id\":\"https:\\\/\\\/shopatoa.com\\\/cz\\\/orijen-tundra-6kg\\\/#primaryimage\",\"url\":\"https:\\\/\\\/storage.googleapis.com\\\/cz-shopatoa-img\\\/cz\\\/0da6b81e-1_71202.jpg\",\"contentUrl\":\"https:\\\/\\\/storage.googleapis.com\\\/cz-shopatoa-img\\\/cz\\\/0da6b81e-1_71202.jpg\",\"width\":600,\"height\":600},{\"@type\":\"BreadcrumbList\",\"@id\":\"https:\\\/\\\/shopatoa.com\\\/cz\\\/orijen-tundra-6kg\\\/#breadcrumb\",\"itemListElement\":[{\"@type\":\"ListItem\",\"position\":1,\"name\":\"Dom\u016f\",\"item\":\"https:\\\/\\\/shopatoa.com\\\/cz\\\/\"},{\"@type\":\"ListItem\",\"position\":2,\"name\":\"Produkty\",\"item\":\"https:\\\/\\\/shopatoa.com\\\/cz\\\/shop\\\/\"},{\"@type\":\"ListItem\",\"position\":3,\"name\":\"Chovatelsk\u00e9 pot\u0159eby\",\"item\":\"https:\\\/\\\/shopatoa.com\\\/cz\\\/chovatelske-potreby-2\\\/\"},{\"@type\":\"ListItem\",\"position\":4,\"name\":\"Pro psy\",\"item\":\"https:\\\/\\\/shopatoa.com\\\/cz\\\/pro-psy-chovatelske-potreby-2\\\/\"},{\"@type\":\"ListItem\",\"position\":5,\"name\":\"Krmivo pro psy\",\"item\":\"https:\\\/\\\/shopatoa.com\\\/cz\\\/krmivo-pro-psy-pro-psy-chovatelske-potreby-2\\\/\"},{\"@type\":\"ListItem\",\"position\":6,\"name\":\"Granule pro psy\",\"item\":\"https:\\\/\\\/shopatoa.com\\\/cz\\\/granule-pro-psy\\\/\"},{\"@type\":\"ListItem\",\"position\":7,\"name\":\"Orijen Tundra 6kg\"}]},{\"@type\":\"WebSite\",\"@id\":\"https:\\\/\\\/shopatoa.com\\\/cz\\\/#website\",\"url\":\"https:\\\/\\\/shopatoa.com\\\/cz\\\/\",\"name\":\"SHOPATOA\",\"description\":\"\",\"publisher\":{\"@id\":\"https:\\\/\\\/shopatoa.com\\\/cz\\\/#organization\"},\"potentialAction\":[{\"@type\":\"SearchAction\",\"target\":{\"@type\":\"EntryPoint\",\"urlTemplate\":\"https:\\\/\\\/shopatoa.com\\\/cz\\\/?s={search_term_string}\"},\"query-input\":{\"@type\":\"PropertyValueSpecification\",\"valueRequired\":true,\"valueName\":\"search_term_string\"}}],\"inLanguage\":\"cs\"},{\"@type\":\"Organization\",\"@id\":\"https:\\\/\\\/shopatoa.com\\\/cz\\\/#organization\",\"name\":\"SHOPATOA Digital s.r.o.\",\"url\":\"https:\\\/\\\/shopatoa.com\\\/cz\\\/\",\"logo\":{\"@type\":\"ImageObject\",\"inLanguage\":\"cs\",\"@id\":\"https:\\\/\\\/shopatoa.com\\\/cz\\\/#\\\/schema\\\/logo\\\/image\\\/\",\"url\":\"https:\\\/\\\/storage.googleapis.com\\\/cz-shopatoa-img\\\/cz\\\/ebccf434-shopatoa_logo.png\",\"contentUrl\":\"https:\\\/\\\/storage.googleapis.com\\\/cz-shopatoa-img\\\/cz\\\/ebccf434-shopatoa_logo.png\",\"width\":416,\"height\":63,\"caption\":\"SHOPATOA Digital s.r.o.\"},\"image\":{\"@id\":\"https:\\\/\\\/shopatoa.com\\\/cz\\\/#\\\/schema\\\/logo\\\/image\\\/\"}}]}<\/script>\n<!-- \/ Yoast SEO plugin. -->","yoast_head_json":{"title":"Orijen Tundra 6kg - SHOPATOA.COM","robots":{"index":"index","follow":"follow","max-snippet":"max-snippet:-1","max-image-preview":"max-image-preview:large","max-video-preview":"max-video-preview:-1"},"canonical":"https:\/\/shopatoa.com\/cz\/orijen-tundra-6kg\/","og_locale":"cs_CZ","og_type":"article","og_title":"Orijen Tundra 6kg - SHOPATOA.COM","og_description":"Kompletn\u00ed krmivo pro psy ka\u017ed\u00e9ho v\u011bku v\u0161ech plemen. Orijen Tundra je bezkonkuren\u010dn\u00ed d\u00edky sv\u00e9mu obsahu kozy, divok\u00e9ho kance, zv\u011b\u0159iny, alpsk\u00e9ho sivena, kachny a skopce. V\u0161echny tyto suroviny jsou n\u00e1m dod\u00e1v\u00e1ny \u010derstv\u00e9 nebo syrov\u00e9 v bohat\u011b v\u00fd\u017eivn\u00e9m pod\u00edlu cel\u00e9 ko\u0159isti, co\u017e sni\u017euje pot\u0159ebu p\u0159id\u00e1vat um\u011bl\u00e9 dopl\u0148ky do na\u0161ich krmiv. Krmiva Orijen jsou p\u0159ipravov\u00e1na ve v\u00edt\u011bzn\u011b oce\u0148ovan\u00fdch...","og_url":"https:\/\/shopatoa.com\/cz\/orijen-tundra-6kg\/","og_site_name":"SHOPATOA","article_modified_time":"2025-04-25T19:01:21+00:00","og_image":[{"width":600,"height":600,"url":"https:\/\/storage.googleapis.com\/cz-shopatoa-img\/cz\/0da6b81e-1_71202.jpg","type":"image\/jpeg"}],"twitter_card":"summary_large_image","twitter_misc":{"Odhadovan\u00e1 doba \u010dten\u00ed":"1 minuta"},"schema":{"@context":"https:\/\/schema.org","@graph":[{"@type":"WebPage","@id":"https:\/\/shopatoa.com\/cz\/orijen-tundra-6kg\/","url":"https:\/\/shopatoa.com\/cz\/orijen-tundra-6kg\/","name":"Orijen Tundra 6kg - SHOPATOA.COM","isPartOf":{"@id":"https:\/\/shopatoa.com\/cz\/#website"},"primaryImageOfPage":{"@id":"https:\/\/shopatoa.com\/cz\/orijen-tundra-6kg\/#primaryimage"},"image":{"@id":"https:\/\/shopatoa.com\/cz\/orijen-tundra-6kg\/#primaryimage"},"thumbnailUrl":"https:\/\/storage.googleapis.com\/cz-shopatoa-img\/cz\/0da6b81e-1_71202.jpg","datePublished":"2025-04-03T06:55:45+00:00","dateModified":"2025-04-25T19:01:21+00:00","breadcrumb":{"@id":"https:\/\/shopatoa.com\/cz\/orijen-tundra-6kg\/#breadcrumb"},"inLanguage":"cs","potentialAction":[{"@type":"ReadAction","target":["https:\/\/shopatoa.com\/cz\/orijen-tundra-6kg\/"]}]},{"@type":"ImageObject","inLanguage":"cs","@id":"https:\/\/shopatoa.com\/cz\/orijen-tundra-6kg\/#primaryimage","url":"https:\/\/storage.googleapis.com\/cz-shopatoa-img\/cz\/0da6b81e-1_71202.jpg","contentUrl":"https:\/\/storage.googleapis.com\/cz-shopatoa-img\/cz\/0da6b81e-1_71202.jpg","width":600,"height":600},{"@type":"BreadcrumbList","@id":"https:\/\/shopatoa.com\/cz\/orijen-tundra-6kg\/#breadcrumb","itemListElement":[{"@type":"ListItem","position":1,"name":"Dom\u016f","item":"https:\/\/shopatoa.com\/cz\/"},{"@type":"ListItem","position":2,"name":"Produkty","item":"https:\/\/shopatoa.com\/cz\/shop\/"},{"@type":"ListItem","position":3,"name":"Chovatelsk\u00e9 pot\u0159eby","item":"https:\/\/shopatoa.com\/cz\/chovatelske-potreby-2\/"},{"@type":"ListItem","position":4,"name":"Pro psy","item":"https:\/\/shopatoa.com\/cz\/pro-psy-chovatelske-potreby-2\/"},{"@type":"ListItem","position":5,"name":"Krmivo pro psy","item":"https:\/\/shopatoa.com\/cz\/krmivo-pro-psy-pro-psy-chovatelske-potreby-2\/"},{"@type":"ListItem","position":6,"name":"Granule pro psy","item":"https:\/\/shopatoa.com\/cz\/granule-pro-psy\/"},{"@type":"ListItem","position":7,"name":"Orijen Tundra 6kg"}]},{"@type":"WebSite","@id":"https:\/\/shopatoa.com\/cz\/#website","url":"https:\/\/shopatoa.com\/cz\/","name":"SHOPATOA","description":"","publisher":{"@id":"https:\/\/shopatoa.com\/cz\/#organization"},"potentialAction":[{"@type":"SearchAction","target":{"@type":"EntryPoint","urlTemplate":"https:\/\/shopatoa.com\/cz\/?s={search_term_string}"},"query-input":{"@type":"PropertyValueSpecification","valueRequired":true,"valueName":"search_term_string"}}],"inLanguage":"cs"},{"@type":"Organization","@id":"https:\/\/shopatoa.com\/cz\/#organization","name":"SHOPATOA Digital s.r.o.","url":"https:\/\/shopatoa.com\/cz\/","logo":{"@type":"ImageObject","inLanguage":"cs","@id":"https:\/\/shopatoa.com\/cz\/#\/schema\/logo\/image\/","url":"https:\/\/storage.googleapis.com\/cz-shopatoa-img\/cz\/ebccf434-shopatoa_logo.png","contentUrl":"https:\/\/storage.googleapis.com\/cz-shopatoa-img\/cz\/ebccf434-shopatoa_logo.png","width":416,"height":63,"caption":"SHOPATOA Digital s.r.o."},"image":{"@id":"https:\/\/shopatoa.com\/cz\/#\/schema\/logo\/image\/"}}]}},"_links":{"self":[{"href":"https:\/\/shopatoa.com\/cz\/wp-json\/wp\/v2\/product\/250558","targetHints":{"allow":["GET"]}}],"collection":[{"href":"https:\/\/shopatoa.com\/cz\/wp-json\/wp\/v2\/product"}],"about":[{"href":"https:\/\/shopatoa.com\/cz\/wp-json\/wp\/v2\/types\/product"}],"replies":[{"embeddable":true,"href":"https:\/\/shopatoa.com\/cz\/wp-json\/wp\/v2\/comments?post=250558"}],"wp:featuredmedia":[{"embeddable":true,"href":"https:\/\/shopatoa.com\/cz\/wp-json\/wp\/v2\/media\/250559"}],"wp:attachment":[{"href":"https:\/\/shopatoa.com\/cz\/wp-json\/wp\/v2\/media?parent=250558"}],"wp:term":[{"taxonomy":"product_brand","embeddable":true,"href":"https:\/\/shopatoa.com\/cz\/wp-json\/wp\/v2\/product_brand?post=250558"},{"taxonomy":"product_cat","embeddable":true,"href":"https:\/\/shopatoa.com\/cz\/wp-json\/wp\/v2\/product_cat?post=250558"},{"taxonomy":"product_tag","embeddable":true,"href":"https:\/\/shopatoa.com\/cz\/wp-json\/wp\/v2\/product_tag?post=250558"}],"curies":[{"name":"wp","href":"https:\/\/api.w.org\/{rel}","templated":true}]}}