{"id":250568,"date":"2025-04-03T08:56:30","date_gmt":"2025-04-03T06:56:30","guid":{"rendered":"https:\/\/shopatoa.com\/cz\/?post_type=product&#038;p=250568"},"modified":"2026-02-01T15:08:02","modified_gmt":"2026-02-01T14:08:02","slug":"brit-care-cat-grain-free-kitten-healthy-growth-development-7kg","status":"publish","type":"product","link":"https:\/\/shopatoa.com\/cz\/brit-care-cat-grain-free-kitten-healthy-growth-development-7kg\/","title":{"rendered":"Brit Care Cat Grain-Free Kitten Healthy Growth &amp; Development 7kg"},"content":{"rendered":"<p>Kompletn\u00ed krmivo pro ko\u0165ata nebo b\u0159ez\u00ed a koj\u00edc\u00ed ko\u010dky.<\/p>\n<p>Hypoalergenn\u00ed, bezobiln\u00e1, vysoce straviteln\u00e1 receptura bohat\u00e1 na nezbytn\u00e9 \u017eiviny, pokr\u00fdv\u00e1 energetick\u00e9 pot\u0159eby b\u0159ez\u00edch a koj\u00edc\u00edch ko\u010dek a podporuje v\u00fdvoj ko\u0165at b\u011bhem b\u0159ezosti. Spr\u00e1vn\u00fd obsah v\u00e1pn\u00edku, fosforu, ho\u0159\u010d\u00edku, vitam\u00ednu D, komplexu vitam\u00edn\u016f, miner\u00e1l\u016f a esenci\u00e1ln\u00edch mastn\u00fdch kyselin zajist\u00ed narozen\u00ed zdrav\u00fdch ko\u0165at a p\u016fsob\u00ed preventivn\u011b proti k\u0159ivici.<\/p>\n<p>\tPROBIOTIKA A PREBIOTIKA pom\u00e1haj\u00ed udr\u017eovat norm\u00e1ln\u00ed zdrav\u00e1 st\u0159eva a imunitn\u00ed syst\u00e9m.<br \/>\n\tKOLOSTRUM obsahuje imunoglobuliny, protil\u00e1tky, kter\u00e9 pom\u00e1haj\u00ed budovat imunitu kot\u011bte.<br \/>\n\tTAURIN podporuje dobr\u00fd zrak a zdrav\u00e9 srdce.<br \/>\n\tVYSOK\u00dd OBSAH PROTEIN\u016e pom\u00e1h\u00e1 udr\u017eovat r\u016fst a v\u00fdvoj svalov\u00e9 hmoty.<br \/>\n\tBEZ obilovin &#8211; BEZ barviv \u2013 BEZ konzervant\u016f \u2013 BEZ GMO \u2013 BEZ soji<\/p>\n<p>Slo\u017een\u00ed<\/p>\n<p>dehydratovan\u00fd krocan (30 %), \u010derstv\u00e9 ku\u0159ec\u00ed maso (26 %), dr\u016fbe\u017e\u00ed tuk (chr\u00e1n\u011bno tokoferoly, 12 %), \u017elut\u00fd hr\u00e1ch (12 %), cizrna (8 %), lososov\u00fd olej (3 %), hydrolyzovan\u00e1 ku\u0159ec\u00ed j\u00e1tra (2 %), ln\u011bn\u00e9 sem\u00ednko (2 %),&#8230;<\/p>\n","protected":false},"excerpt":{"rendered":"<p>Kompletn\u00ed krmivo pro ko\u0165ata nebo b\u0159ez\u00ed a koj\u00edc\u00ed ko\u010dky. Hypoalergenn\u00ed, bezobiln\u00e1, vysoce straviteln\u00e1 receptura bohat\u00e1 na nezbytn\u00e9 \u017eiviny, pokr\u00fdv\u00e1 energetick\u00e9 pot\u0159eby b\u0159ez\u00edch a koj\u00edc\u00edch ko\u010dek a podporuje v\u00fdvoj ko\u0165at b\u011bhem b\u0159ezosti. Spr\u00e1vn\u00fd obsah v\u00e1pn\u00edku, fosforu, ho\u0159\u010d\u00edku, vitam\u00ednu D, komplexu vitam\u00edn\u016f, miner\u00e1l\u016f a esenci\u00e1ln\u00edch mastn\u00fdch kyselin zajist\u00ed narozen\u00ed zdrav\u00fdch ko\u0165at a p\u016fsob\u00ed preventivn\u011b proti k\u0159ivici. PROBIOTIKA&#8230;<\/p>\n","protected":false},"featured_media":250569,"comment_status":"closed","ping_status":"open","template":"","meta":{"_acf_changed":false,"_kadence_starter_templates_imported_post":false,"_kad_post_transparent":"","_kad_post_title":"","_kad_post_layout":"","_kad_post_sidebar_id":"","_kad_post_content_style":"","_kad_post_vertical_padding":"","_kad_post_feature":"","_kad_post_feature_position":"","_kad_post_header":false,"_kad_post_footer":false,"_kad_post_classname":""},"product_brand":[1744],"product_cat":[436,2675,1465,1464],"product_tag":[],"class_list":{"0":"post-250568","1":"product","2":"type-product","3":"status-publish","4":"has-post-thumbnail","6":"product_brand-brit-care","7":"product_cat-chovatelske-potreby-2","8":"product_cat-granule-pro-kocky","9":"product_cat-krmivo-pro-kocky-pro-kocky-chovatelske-potreby-2","10":"product_cat-pro-kocky-chovatelske-potreby-2","11":"pa_obchod-superzoo-cz","13":"first","14":"instock","15":"product-type-external","16":"entry","17":"content-bg","18":"loop-entry"},"acf":[],"yoast_head":"<!-- This site is optimized with the Yoast SEO plugin v27.4 - https:\/\/yoast.com\/product\/yoast-seo-wordpress\/ -->\n<title>Brit Care Cat Grain-Free Kitten Healthy Growth &amp; Development 7kg - SHOPATOA.COM<\/title>\n<meta name=\"robots\" content=\"index, follow, max-snippet:-1, max-image-preview:large, max-video-preview:-1\" \/>\n<link rel=\"canonical\" href=\"https:\/\/shopatoa.com\/cz\/brit-care-cat-grain-free-kitten-healthy-growth-development-7kg\/\" \/>\n<meta property=\"og:locale\" content=\"cs_CZ\" \/>\n<meta property=\"og:type\" content=\"article\" \/>\n<meta property=\"og:title\" content=\"Brit Care Cat Grain-Free Kitten Healthy Growth &amp; Development 7kg - SHOPATOA.COM\" \/>\n<meta property=\"og:description\" content=\"Kompletn\u00ed krmivo pro ko\u0165ata nebo b\u0159ez\u00ed a koj\u00edc\u00ed ko\u010dky. Hypoalergenn\u00ed, bezobiln\u00e1, vysoce straviteln\u00e1 receptura bohat\u00e1 na nezbytn\u00e9 \u017eiviny, pokr\u00fdv\u00e1 energetick\u00e9 pot\u0159eby b\u0159ez\u00edch a koj\u00edc\u00edch ko\u010dek a podporuje v\u00fdvoj ko\u0165at b\u011bhem b\u0159ezosti. Spr\u00e1vn\u00fd obsah v\u00e1pn\u00edku, fosforu, ho\u0159\u010d\u00edku, vitam\u00ednu D, komplexu vitam\u00edn\u016f, miner\u00e1l\u016f a esenci\u00e1ln\u00edch mastn\u00fdch kyselin zajist\u00ed narozen\u00ed zdrav\u00fdch ko\u0165at a p\u016fsob\u00ed preventivn\u011b proti k\u0159ivici. PROBIOTIKA...\" \/>\n<meta property=\"og:url\" content=\"https:\/\/shopatoa.com\/cz\/brit-care-cat-grain-free-kitten-healthy-growth-development-7kg\/\" \/>\n<meta property=\"og:site_name\" content=\"SHOPATOA\" \/>\n<meta property=\"article:modified_time\" content=\"2026-02-01T14:08:02+00:00\" \/>\n<meta property=\"og:image\" content=\"https:\/\/storage.googleapis.com\/cz-shopatoa-img\/cz\/00a9c3dd-1_71222.jpg\" \/>\n\t<meta property=\"og:image:width\" content=\"600\" \/>\n\t<meta property=\"og:image:height\" content=\"600\" \/>\n\t<meta property=\"og:image:type\" content=\"image\/jpeg\" \/>\n<meta name=\"twitter:card\" content=\"summary_large_image\" \/>\n<meta name=\"twitter:label1\" content=\"Odhadovan\u00e1 doba \u010dten\u00ed\" \/>\n\t<meta name=\"twitter:data1\" content=\"1 minuta\" \/>\n<script type=\"application\/ld+json\" class=\"yoast-schema-graph\">{\"@context\":\"https:\\\/\\\/schema.org\",\"@graph\":[{\"@type\":\"WebPage\",\"@id\":\"https:\\\/\\\/shopatoa.com\\\/cz\\\/brit-care-cat-grain-free-kitten-healthy-growth-development-7kg\\\/\",\"url\":\"https:\\\/\\\/shopatoa.com\\\/cz\\\/brit-care-cat-grain-free-kitten-healthy-growth-development-7kg\\\/\",\"name\":\"Brit Care Cat Grain-Free Kitten Healthy Growth & Development 7kg - SHOPATOA.COM\",\"isPartOf\":{\"@id\":\"https:\\\/\\\/shopatoa.com\\\/cz\\\/#website\"},\"primaryImageOfPage\":{\"@id\":\"https:\\\/\\\/shopatoa.com\\\/cz\\\/brit-care-cat-grain-free-kitten-healthy-growth-development-7kg\\\/#primaryimage\"},\"image\":{\"@id\":\"https:\\\/\\\/shopatoa.com\\\/cz\\\/brit-care-cat-grain-free-kitten-healthy-growth-development-7kg\\\/#primaryimage\"},\"thumbnailUrl\":\"https:\\\/\\\/storage.googleapis.com\\\/cz-shopatoa-img\\\/cz\\\/00a9c3dd-1_71222.jpg\",\"datePublished\":\"2025-04-03T06:56:30+00:00\",\"dateModified\":\"2026-02-01T14:08:02+00:00\",\"breadcrumb\":{\"@id\":\"https:\\\/\\\/shopatoa.com\\\/cz\\\/brit-care-cat-grain-free-kitten-healthy-growth-development-7kg\\\/#breadcrumb\"},\"inLanguage\":\"cs\",\"potentialAction\":[{\"@type\":\"ReadAction\",\"target\":[\"https:\\\/\\\/shopatoa.com\\\/cz\\\/brit-care-cat-grain-free-kitten-healthy-growth-development-7kg\\\/\"]}]},{\"@type\":\"ImageObject\",\"inLanguage\":\"cs\",\"@id\":\"https:\\\/\\\/shopatoa.com\\\/cz\\\/brit-care-cat-grain-free-kitten-healthy-growth-development-7kg\\\/#primaryimage\",\"url\":\"https:\\\/\\\/storage.googleapis.com\\\/cz-shopatoa-img\\\/cz\\\/00a9c3dd-1_71222.jpg\",\"contentUrl\":\"https:\\\/\\\/storage.googleapis.com\\\/cz-shopatoa-img\\\/cz\\\/00a9c3dd-1_71222.jpg\",\"width\":600,\"height\":600},{\"@type\":\"BreadcrumbList\",\"@id\":\"https:\\\/\\\/shopatoa.com\\\/cz\\\/brit-care-cat-grain-free-kitten-healthy-growth-development-7kg\\\/#breadcrumb\",\"itemListElement\":[{\"@type\":\"ListItem\",\"position\":1,\"name\":\"Dom\u016f\",\"item\":\"https:\\\/\\\/shopatoa.com\\\/cz\\\/\"},{\"@type\":\"ListItem\",\"position\":2,\"name\":\"Produkty\",\"item\":\"https:\\\/\\\/shopatoa.com\\\/cz\\\/shop\\\/\"},{\"@type\":\"ListItem\",\"position\":3,\"name\":\"Chovatelsk\u00e9 pot\u0159eby\",\"item\":\"https:\\\/\\\/shopatoa.com\\\/cz\\\/chovatelske-potreby-2\\\/\"},{\"@type\":\"ListItem\",\"position\":4,\"name\":\"Pro ko\u010dky\",\"item\":\"https:\\\/\\\/shopatoa.com\\\/cz\\\/pro-kocky-chovatelske-potreby-2\\\/\"},{\"@type\":\"ListItem\",\"position\":5,\"name\":\"Krmivo pro ko\u010dky\",\"item\":\"https:\\\/\\\/shopatoa.com\\\/cz\\\/krmivo-pro-kocky-pro-kocky-chovatelske-potreby-2\\\/\"},{\"@type\":\"ListItem\",\"position\":6,\"name\":\"Granule pro ko\u010dky\",\"item\":\"https:\\\/\\\/shopatoa.com\\\/cz\\\/granule-pro-kocky\\\/\"},{\"@type\":\"ListItem\",\"position\":7,\"name\":\"Brit Care Cat Grain-Free Kitten Healthy Growth &amp; Development 7kg\"}]},{\"@type\":\"WebSite\",\"@id\":\"https:\\\/\\\/shopatoa.com\\\/cz\\\/#website\",\"url\":\"https:\\\/\\\/shopatoa.com\\\/cz\\\/\",\"name\":\"SHOPATOA\",\"description\":\"\",\"publisher\":{\"@id\":\"https:\\\/\\\/shopatoa.com\\\/cz\\\/#organization\"},\"potentialAction\":[{\"@type\":\"SearchAction\",\"target\":{\"@type\":\"EntryPoint\",\"urlTemplate\":\"https:\\\/\\\/shopatoa.com\\\/cz\\\/?s={search_term_string}\"},\"query-input\":{\"@type\":\"PropertyValueSpecification\",\"valueRequired\":true,\"valueName\":\"search_term_string\"}}],\"inLanguage\":\"cs\"},{\"@type\":\"Organization\",\"@id\":\"https:\\\/\\\/shopatoa.com\\\/cz\\\/#organization\",\"name\":\"SHOPATOA Digital s.r.o.\",\"url\":\"https:\\\/\\\/shopatoa.com\\\/cz\\\/\",\"logo\":{\"@type\":\"ImageObject\",\"inLanguage\":\"cs\",\"@id\":\"https:\\\/\\\/shopatoa.com\\\/cz\\\/#\\\/schema\\\/logo\\\/image\\\/\",\"url\":\"https:\\\/\\\/storage.googleapis.com\\\/cz-shopatoa-img\\\/cz\\\/ebccf434-shopatoa_logo.png\",\"contentUrl\":\"https:\\\/\\\/storage.googleapis.com\\\/cz-shopatoa-img\\\/cz\\\/ebccf434-shopatoa_logo.png\",\"width\":416,\"height\":63,\"caption\":\"SHOPATOA Digital s.r.o.\"},\"image\":{\"@id\":\"https:\\\/\\\/shopatoa.com\\\/cz\\\/#\\\/schema\\\/logo\\\/image\\\/\"}}]}<\/script>\n<!-- \/ Yoast SEO plugin. -->","yoast_head_json":{"title":"Brit Care Cat Grain-Free Kitten Healthy Growth & Development 7kg - SHOPATOA.COM","robots":{"index":"index","follow":"follow","max-snippet":"max-snippet:-1","max-image-preview":"max-image-preview:large","max-video-preview":"max-video-preview:-1"},"canonical":"https:\/\/shopatoa.com\/cz\/brit-care-cat-grain-free-kitten-healthy-growth-development-7kg\/","og_locale":"cs_CZ","og_type":"article","og_title":"Brit Care Cat Grain-Free Kitten Healthy Growth & Development 7kg - SHOPATOA.COM","og_description":"Kompletn\u00ed krmivo pro ko\u0165ata nebo b\u0159ez\u00ed a koj\u00edc\u00ed ko\u010dky. Hypoalergenn\u00ed, bezobiln\u00e1, vysoce straviteln\u00e1 receptura bohat\u00e1 na nezbytn\u00e9 \u017eiviny, pokr\u00fdv\u00e1 energetick\u00e9 pot\u0159eby b\u0159ez\u00edch a koj\u00edc\u00edch ko\u010dek a podporuje v\u00fdvoj ko\u0165at b\u011bhem b\u0159ezosti. Spr\u00e1vn\u00fd obsah v\u00e1pn\u00edku, fosforu, ho\u0159\u010d\u00edku, vitam\u00ednu D, komplexu vitam\u00edn\u016f, miner\u00e1l\u016f a esenci\u00e1ln\u00edch mastn\u00fdch kyselin zajist\u00ed narozen\u00ed zdrav\u00fdch ko\u0165at a p\u016fsob\u00ed preventivn\u011b proti k\u0159ivici. PROBIOTIKA...","og_url":"https:\/\/shopatoa.com\/cz\/brit-care-cat-grain-free-kitten-healthy-growth-development-7kg\/","og_site_name":"SHOPATOA","article_modified_time":"2026-02-01T14:08:02+00:00","og_image":[{"width":600,"height":600,"url":"https:\/\/storage.googleapis.com\/cz-shopatoa-img\/cz\/00a9c3dd-1_71222.jpg","type":"image\/jpeg"}],"twitter_card":"summary_large_image","twitter_misc":{"Odhadovan\u00e1 doba \u010dten\u00ed":"1 minuta"},"schema":{"@context":"https:\/\/schema.org","@graph":[{"@type":"WebPage","@id":"https:\/\/shopatoa.com\/cz\/brit-care-cat-grain-free-kitten-healthy-growth-development-7kg\/","url":"https:\/\/shopatoa.com\/cz\/brit-care-cat-grain-free-kitten-healthy-growth-development-7kg\/","name":"Brit Care Cat Grain-Free Kitten Healthy Growth & Development 7kg - SHOPATOA.COM","isPartOf":{"@id":"https:\/\/shopatoa.com\/cz\/#website"},"primaryImageOfPage":{"@id":"https:\/\/shopatoa.com\/cz\/brit-care-cat-grain-free-kitten-healthy-growth-development-7kg\/#primaryimage"},"image":{"@id":"https:\/\/shopatoa.com\/cz\/brit-care-cat-grain-free-kitten-healthy-growth-development-7kg\/#primaryimage"},"thumbnailUrl":"https:\/\/storage.googleapis.com\/cz-shopatoa-img\/cz\/00a9c3dd-1_71222.jpg","datePublished":"2025-04-03T06:56:30+00:00","dateModified":"2026-02-01T14:08:02+00:00","breadcrumb":{"@id":"https:\/\/shopatoa.com\/cz\/brit-care-cat-grain-free-kitten-healthy-growth-development-7kg\/#breadcrumb"},"inLanguage":"cs","potentialAction":[{"@type":"ReadAction","target":["https:\/\/shopatoa.com\/cz\/brit-care-cat-grain-free-kitten-healthy-growth-development-7kg\/"]}]},{"@type":"ImageObject","inLanguage":"cs","@id":"https:\/\/shopatoa.com\/cz\/brit-care-cat-grain-free-kitten-healthy-growth-development-7kg\/#primaryimage","url":"https:\/\/storage.googleapis.com\/cz-shopatoa-img\/cz\/00a9c3dd-1_71222.jpg","contentUrl":"https:\/\/storage.googleapis.com\/cz-shopatoa-img\/cz\/00a9c3dd-1_71222.jpg","width":600,"height":600},{"@type":"BreadcrumbList","@id":"https:\/\/shopatoa.com\/cz\/brit-care-cat-grain-free-kitten-healthy-growth-development-7kg\/#breadcrumb","itemListElement":[{"@type":"ListItem","position":1,"name":"Dom\u016f","item":"https:\/\/shopatoa.com\/cz\/"},{"@type":"ListItem","position":2,"name":"Produkty","item":"https:\/\/shopatoa.com\/cz\/shop\/"},{"@type":"ListItem","position":3,"name":"Chovatelsk\u00e9 pot\u0159eby","item":"https:\/\/shopatoa.com\/cz\/chovatelske-potreby-2\/"},{"@type":"ListItem","position":4,"name":"Pro ko\u010dky","item":"https:\/\/shopatoa.com\/cz\/pro-kocky-chovatelske-potreby-2\/"},{"@type":"ListItem","position":5,"name":"Krmivo pro ko\u010dky","item":"https:\/\/shopatoa.com\/cz\/krmivo-pro-kocky-pro-kocky-chovatelske-potreby-2\/"},{"@type":"ListItem","position":6,"name":"Granule pro ko\u010dky","item":"https:\/\/shopatoa.com\/cz\/granule-pro-kocky\/"},{"@type":"ListItem","position":7,"name":"Brit Care Cat Grain-Free Kitten Healthy Growth &amp; Development 7kg"}]},{"@type":"WebSite","@id":"https:\/\/shopatoa.com\/cz\/#website","url":"https:\/\/shopatoa.com\/cz\/","name":"SHOPATOA","description":"","publisher":{"@id":"https:\/\/shopatoa.com\/cz\/#organization"},"potentialAction":[{"@type":"SearchAction","target":{"@type":"EntryPoint","urlTemplate":"https:\/\/shopatoa.com\/cz\/?s={search_term_string}"},"query-input":{"@type":"PropertyValueSpecification","valueRequired":true,"valueName":"search_term_string"}}],"inLanguage":"cs"},{"@type":"Organization","@id":"https:\/\/shopatoa.com\/cz\/#organization","name":"SHOPATOA Digital s.r.o.","url":"https:\/\/shopatoa.com\/cz\/","logo":{"@type":"ImageObject","inLanguage":"cs","@id":"https:\/\/shopatoa.com\/cz\/#\/schema\/logo\/image\/","url":"https:\/\/storage.googleapis.com\/cz-shopatoa-img\/cz\/ebccf434-shopatoa_logo.png","contentUrl":"https:\/\/storage.googleapis.com\/cz-shopatoa-img\/cz\/ebccf434-shopatoa_logo.png","width":416,"height":63,"caption":"SHOPATOA Digital s.r.o."},"image":{"@id":"https:\/\/shopatoa.com\/cz\/#\/schema\/logo\/image\/"}}]}},"_links":{"self":[{"href":"https:\/\/shopatoa.com\/cz\/wp-json\/wp\/v2\/product\/250568","targetHints":{"allow":["GET"]}}],"collection":[{"href":"https:\/\/shopatoa.com\/cz\/wp-json\/wp\/v2\/product"}],"about":[{"href":"https:\/\/shopatoa.com\/cz\/wp-json\/wp\/v2\/types\/product"}],"replies":[{"embeddable":true,"href":"https:\/\/shopatoa.com\/cz\/wp-json\/wp\/v2\/comments?post=250568"}],"wp:featuredmedia":[{"embeddable":true,"href":"https:\/\/shopatoa.com\/cz\/wp-json\/wp\/v2\/media\/250569"}],"wp:attachment":[{"href":"https:\/\/shopatoa.com\/cz\/wp-json\/wp\/v2\/media?parent=250568"}],"wp:term":[{"taxonomy":"product_brand","embeddable":true,"href":"https:\/\/shopatoa.com\/cz\/wp-json\/wp\/v2\/product_brand?post=250568"},{"taxonomy":"product_cat","embeddable":true,"href":"https:\/\/shopatoa.com\/cz\/wp-json\/wp\/v2\/product_cat?post=250568"},{"taxonomy":"product_tag","embeddable":true,"href":"https:\/\/shopatoa.com\/cz\/wp-json\/wp\/v2\/product_tag?post=250568"}],"curies":[{"name":"wp","href":"https:\/\/api.w.org\/{rel}","templated":true}]}}