{"id":250634,"date":"2025-04-03T09:10:13","date_gmt":"2025-04-03T07:10:13","guid":{"rendered":"https:\/\/shopatoa.com\/cz\/?post_type=product&#038;p=250634"},"modified":"2026-02-01T21:10:24","modified_gmt":"2026-02-01T20:10:24","slug":"spot-on-beaphar-combotec-pro-psy-l-20-40kg","status":"publish","type":"product","link":"https:\/\/shopatoa.com\/cz\/spot-on-beaphar-combotec-pro-psy-l-20-40kg\/","title":{"rendered":"Spot-on Beaphar COMBOtec pro psy L 20-40kg"},"content":{"rendered":"<p>P\u0159\u00edpravek COMBOtec je zalo\u017een\u00fd na \u00fa\u010dinn\u00e9 kombinaci dvou antiparazitik. Chr\u00e1n\u00ed psy p\u0159ed napaden\u00edm blechami, kl\u00ed\u0161\u0165aty a v\u0161enkami a z\u00e1rove\u0148 zabra\u0148uje zamo\u0159en\u00ed okoln\u00edho prost\u0159ed\u00ed blechami.<br \/>\nP\u0159\u00edpravek lze pou\u017e\u00edvat tak\u00e9 jako podporu p\u0159i l\u00e9\u010db\u011b ble\u0161\u00ed alergick\u00e9 dermatitidy.<\/p>\n<p>\tJe ur\u010den\u00fd pro velk\u00e9 psy o v\u00e1ze 20-40 kg<br \/>\n\tVhodn\u00fd pro \u0161t\u011b\u0148ata od 8 t\u00fddn\u016f v\u011bku<br \/>\n\tChr\u00e1n\u00ed p\u0159ed blechami a potla\u010duje v\u00fdvoj jejich vaj\u00ed\u010dek, larev a kukel po dobu 8 t\u00fddn\u016f<br \/>\n\t\u00da\u010dinkuje proti kl\u00ed\u0161\u0165at\u016fm 4 t\u00fddny<br \/>\n\tEfektivn\u011b hub\u00ed v\u0161enky<\/p>\n<p>Slo\u017een\u00ed: (S)-Methoprenum 241,2 mg, Fipronilum 268 mg, Butylhydroxyanisol (E320) 0,54 mg, Butylhydroxytoluen (E321) 0,27 mg, q.s. 2,68 ml<\/p>\n<p>N\u00e1vod k\u00a0pou\u017eit\u00ed: Vyjm\u011bte pipetu z\u00a0blistru a odst\u0159ihn\u011bte horn\u00ed \u010d\u00e1st pipety n\u016f\u017ekami. Rozhr\u0148te srst zv\u00ed\u0159ete mezi lopatkami tak, aby byla viditeln\u00e1 k\u016f\u017ee. P\u0159ilo\u017ete hrot pipety p\u0159\u00edmo na k\u016f\u017ei a jemn\u011b vytla\u010dte jej\u00ed obsah. Je t\u0159eba zabr\u00e1nit nadm\u011brn\u00e9mu zvlh\u010den\u00ed srsti p\u0159\u00edpravkem, proto\u017ee srst v\u00a0m\u00edst\u011b pod\u00e1n\u00ed pak p\u016fsob\u00ed p\u0159echodn\u011b slepen\u00fdm dojmem.<br \/>\nMinim\u00e1ln\u00ed interval&#8230;<\/p>\n","protected":false},"excerpt":{"rendered":"<p>P\u0159\u00edpravek COMBOtec je zalo\u017een\u00fd na \u00fa\u010dinn\u00e9 kombinaci dvou antiparazitik. Chr\u00e1n\u00ed psy p\u0159ed napaden\u00edm blechami, kl\u00ed\u0161\u0165aty a v\u0161enkami a z\u00e1rove\u0148 zabra\u0148uje zamo\u0159en\u00ed okoln\u00edho prost\u0159ed\u00ed blechami. P\u0159\u00edpravek lze pou\u017e\u00edvat tak\u00e9 jako podporu p\u0159i l\u00e9\u010db\u011b ble\u0161\u00ed alergick\u00e9 dermatitidy. Je ur\u010den\u00fd pro velk\u00e9 psy o v\u00e1ze 20-40 kg Vhodn\u00fd pro \u0161t\u011b\u0148ata od 8 t\u00fddn\u016f v\u011bku Chr\u00e1n\u00ed p\u0159ed blechami a&#8230;<\/p>\n","protected":false},"featured_media":250635,"comment_status":"closed","ping_status":"open","template":"","meta":{"_acf_changed":false,"_kadence_starter_templates_imported_post":false,"_kad_post_transparent":"","_kad_post_title":"","_kad_post_layout":"","_kad_post_sidebar_id":"","_kad_post_content_style":"","_kad_post_vertical_padding":"","_kad_post_feature":"","_kad_post_feature_position":"","_kad_post_header":false,"_kad_post_footer":false,"_kad_post_classname":""},"product_brand":[2037],"product_cat":[438,436,437],"product_tag":[],"class_list":{"0":"post-250634","1":"product","2":"type-product","3":"status-publish","4":"has-post-thumbnail","6":"product_brand-beaphar","7":"product_cat-antiparazitika-pro-zvirata","8":"product_cat-chovatelske-potreby-2","9":"product_cat-veterinarni-lekarna","10":"pa_obchod-superzoo-cz","12":"first","13":"instock","14":"product-type-external","15":"entry","16":"content-bg","17":"loop-entry"},"acf":[],"yoast_head":"<!-- This site is optimized with the Yoast SEO plugin v27.4 - https:\/\/yoast.com\/product\/yoast-seo-wordpress\/ -->\n<title>Spot-on Beaphar COMBOtec pro psy L 20-40kg - SHOPATOA.COM<\/title>\n<meta name=\"robots\" content=\"index, follow, max-snippet:-1, max-image-preview:large, max-video-preview:-1\" \/>\n<link rel=\"canonical\" href=\"https:\/\/shopatoa.com\/cz\/spot-on-beaphar-combotec-pro-psy-l-20-40kg\/\" \/>\n<meta property=\"og:locale\" content=\"cs_CZ\" \/>\n<meta property=\"og:type\" content=\"article\" \/>\n<meta property=\"og:title\" content=\"Spot-on Beaphar COMBOtec pro psy L 20-40kg - SHOPATOA.COM\" \/>\n<meta property=\"og:description\" content=\"P\u0159\u00edpravek COMBOtec je zalo\u017een\u00fd na \u00fa\u010dinn\u00e9 kombinaci dvou antiparazitik. Chr\u00e1n\u00ed psy p\u0159ed napaden\u00edm blechami, kl\u00ed\u0161\u0165aty a v\u0161enkami a z\u00e1rove\u0148 zabra\u0148uje zamo\u0159en\u00ed okoln\u00edho prost\u0159ed\u00ed blechami. P\u0159\u00edpravek lze pou\u017e\u00edvat tak\u00e9 jako podporu p\u0159i l\u00e9\u010db\u011b ble\u0161\u00ed alergick\u00e9 dermatitidy. Je ur\u010den\u00fd pro velk\u00e9 psy o v\u00e1ze 20-40 kg Vhodn\u00fd pro \u0161t\u011b\u0148ata od 8 t\u00fddn\u016f v\u011bku Chr\u00e1n\u00ed p\u0159ed blechami a...\" \/>\n<meta property=\"og:url\" content=\"https:\/\/shopatoa.com\/cz\/spot-on-beaphar-combotec-pro-psy-l-20-40kg\/\" \/>\n<meta property=\"og:site_name\" content=\"SHOPATOA\" \/>\n<meta property=\"article:modified_time\" content=\"2026-02-01T20:10:24+00:00\" \/>\n<meta property=\"og:image\" content=\"https:\/\/storage.googleapis.com\/cz-shopatoa-img\/cz\/1e5df18e-1_71317.jpg\" \/>\n\t<meta property=\"og:image:width\" content=\"600\" \/>\n\t<meta property=\"og:image:height\" content=\"600\" \/>\n\t<meta property=\"og:image:type\" content=\"image\/jpeg\" \/>\n<meta name=\"twitter:card\" content=\"summary_large_image\" \/>\n<meta name=\"twitter:label1\" content=\"Odhadovan\u00e1 doba \u010dten\u00ed\" \/>\n\t<meta name=\"twitter:data1\" content=\"1 minuta\" \/>\n<script type=\"application\/ld+json\" class=\"yoast-schema-graph\">{\"@context\":\"https:\\\/\\\/schema.org\",\"@graph\":[{\"@type\":\"WebPage\",\"@id\":\"https:\\\/\\\/shopatoa.com\\\/cz\\\/spot-on-beaphar-combotec-pro-psy-l-20-40kg\\\/\",\"url\":\"https:\\\/\\\/shopatoa.com\\\/cz\\\/spot-on-beaphar-combotec-pro-psy-l-20-40kg\\\/\",\"name\":\"Spot-on Beaphar COMBOtec pro psy L 20-40kg - SHOPATOA.COM\",\"isPartOf\":{\"@id\":\"https:\\\/\\\/shopatoa.com\\\/cz\\\/#website\"},\"primaryImageOfPage\":{\"@id\":\"https:\\\/\\\/shopatoa.com\\\/cz\\\/spot-on-beaphar-combotec-pro-psy-l-20-40kg\\\/#primaryimage\"},\"image\":{\"@id\":\"https:\\\/\\\/shopatoa.com\\\/cz\\\/spot-on-beaphar-combotec-pro-psy-l-20-40kg\\\/#primaryimage\"},\"thumbnailUrl\":\"https:\\\/\\\/storage.googleapis.com\\\/cz-shopatoa-img\\\/cz\\\/1e5df18e-1_71317.jpg\",\"datePublished\":\"2025-04-03T07:10:13+00:00\",\"dateModified\":\"2026-02-01T20:10:24+00:00\",\"breadcrumb\":{\"@id\":\"https:\\\/\\\/shopatoa.com\\\/cz\\\/spot-on-beaphar-combotec-pro-psy-l-20-40kg\\\/#breadcrumb\"},\"inLanguage\":\"cs\",\"potentialAction\":[{\"@type\":\"ReadAction\",\"target\":[\"https:\\\/\\\/shopatoa.com\\\/cz\\\/spot-on-beaphar-combotec-pro-psy-l-20-40kg\\\/\"]}]},{\"@type\":\"ImageObject\",\"inLanguage\":\"cs\",\"@id\":\"https:\\\/\\\/shopatoa.com\\\/cz\\\/spot-on-beaphar-combotec-pro-psy-l-20-40kg\\\/#primaryimage\",\"url\":\"https:\\\/\\\/storage.googleapis.com\\\/cz-shopatoa-img\\\/cz\\\/1e5df18e-1_71317.jpg\",\"contentUrl\":\"https:\\\/\\\/storage.googleapis.com\\\/cz-shopatoa-img\\\/cz\\\/1e5df18e-1_71317.jpg\",\"width\":600,\"height\":600},{\"@type\":\"BreadcrumbList\",\"@id\":\"https:\\\/\\\/shopatoa.com\\\/cz\\\/spot-on-beaphar-combotec-pro-psy-l-20-40kg\\\/#breadcrumb\",\"itemListElement\":[{\"@type\":\"ListItem\",\"position\":1,\"name\":\"Dom\u016f\",\"item\":\"https:\\\/\\\/shopatoa.com\\\/cz\\\/\"},{\"@type\":\"ListItem\",\"position\":2,\"name\":\"Produkty\",\"item\":\"https:\\\/\\\/shopatoa.com\\\/cz\\\/shop\\\/\"},{\"@type\":\"ListItem\",\"position\":3,\"name\":\"Chovatelsk\u00e9 pot\u0159eby\",\"item\":\"https:\\\/\\\/shopatoa.com\\\/cz\\\/chovatelske-potreby-2\\\/\"},{\"@type\":\"ListItem\",\"position\":4,\"name\":\"Veterin\u00e1rn\u00ed l\u00e9k\u00e1rna\",\"item\":\"https:\\\/\\\/shopatoa.com\\\/cz\\\/veterinarni-lekarna\\\/\"},{\"@type\":\"ListItem\",\"position\":5,\"name\":\"Antiparazitika pro zv\u00ed\u0159ata\",\"item\":\"https:\\\/\\\/shopatoa.com\\\/cz\\\/antiparazitika-pro-zvirata\\\/\"},{\"@type\":\"ListItem\",\"position\":6,\"name\":\"Spot-on Beaphar COMBOtec pro psy L 20-40kg\"}]},{\"@type\":\"WebSite\",\"@id\":\"https:\\\/\\\/shopatoa.com\\\/cz\\\/#website\",\"url\":\"https:\\\/\\\/shopatoa.com\\\/cz\\\/\",\"name\":\"SHOPATOA\",\"description\":\"\",\"publisher\":{\"@id\":\"https:\\\/\\\/shopatoa.com\\\/cz\\\/#organization\"},\"potentialAction\":[{\"@type\":\"SearchAction\",\"target\":{\"@type\":\"EntryPoint\",\"urlTemplate\":\"https:\\\/\\\/shopatoa.com\\\/cz\\\/?s={search_term_string}\"},\"query-input\":{\"@type\":\"PropertyValueSpecification\",\"valueRequired\":true,\"valueName\":\"search_term_string\"}}],\"inLanguage\":\"cs\"},{\"@type\":\"Organization\",\"@id\":\"https:\\\/\\\/shopatoa.com\\\/cz\\\/#organization\",\"name\":\"SHOPATOA Digital s.r.o.\",\"url\":\"https:\\\/\\\/shopatoa.com\\\/cz\\\/\",\"logo\":{\"@type\":\"ImageObject\",\"inLanguage\":\"cs\",\"@id\":\"https:\\\/\\\/shopatoa.com\\\/cz\\\/#\\\/schema\\\/logo\\\/image\\\/\",\"url\":\"https:\\\/\\\/storage.googleapis.com\\\/cz-shopatoa-img\\\/cz\\\/ebccf434-shopatoa_logo.png\",\"contentUrl\":\"https:\\\/\\\/storage.googleapis.com\\\/cz-shopatoa-img\\\/cz\\\/ebccf434-shopatoa_logo.png\",\"width\":416,\"height\":63,\"caption\":\"SHOPATOA Digital s.r.o.\"},\"image\":{\"@id\":\"https:\\\/\\\/shopatoa.com\\\/cz\\\/#\\\/schema\\\/logo\\\/image\\\/\"}}]}<\/script>\n<!-- \/ Yoast SEO plugin. -->","yoast_head_json":{"title":"Spot-on Beaphar COMBOtec pro psy L 20-40kg - SHOPATOA.COM","robots":{"index":"index","follow":"follow","max-snippet":"max-snippet:-1","max-image-preview":"max-image-preview:large","max-video-preview":"max-video-preview:-1"},"canonical":"https:\/\/shopatoa.com\/cz\/spot-on-beaphar-combotec-pro-psy-l-20-40kg\/","og_locale":"cs_CZ","og_type":"article","og_title":"Spot-on Beaphar COMBOtec pro psy L 20-40kg - SHOPATOA.COM","og_description":"P\u0159\u00edpravek COMBOtec je zalo\u017een\u00fd na \u00fa\u010dinn\u00e9 kombinaci dvou antiparazitik. Chr\u00e1n\u00ed psy p\u0159ed napaden\u00edm blechami, kl\u00ed\u0161\u0165aty a v\u0161enkami a z\u00e1rove\u0148 zabra\u0148uje zamo\u0159en\u00ed okoln\u00edho prost\u0159ed\u00ed blechami. P\u0159\u00edpravek lze pou\u017e\u00edvat tak\u00e9 jako podporu p\u0159i l\u00e9\u010db\u011b ble\u0161\u00ed alergick\u00e9 dermatitidy. Je ur\u010den\u00fd pro velk\u00e9 psy o v\u00e1ze 20-40 kg Vhodn\u00fd pro \u0161t\u011b\u0148ata od 8 t\u00fddn\u016f v\u011bku Chr\u00e1n\u00ed p\u0159ed blechami a...","og_url":"https:\/\/shopatoa.com\/cz\/spot-on-beaphar-combotec-pro-psy-l-20-40kg\/","og_site_name":"SHOPATOA","article_modified_time":"2026-02-01T20:10:24+00:00","og_image":[{"width":600,"height":600,"url":"https:\/\/storage.googleapis.com\/cz-shopatoa-img\/cz\/1e5df18e-1_71317.jpg","type":"image\/jpeg"}],"twitter_card":"summary_large_image","twitter_misc":{"Odhadovan\u00e1 doba \u010dten\u00ed":"1 minuta"},"schema":{"@context":"https:\/\/schema.org","@graph":[{"@type":"WebPage","@id":"https:\/\/shopatoa.com\/cz\/spot-on-beaphar-combotec-pro-psy-l-20-40kg\/","url":"https:\/\/shopatoa.com\/cz\/spot-on-beaphar-combotec-pro-psy-l-20-40kg\/","name":"Spot-on Beaphar COMBOtec pro psy L 20-40kg - SHOPATOA.COM","isPartOf":{"@id":"https:\/\/shopatoa.com\/cz\/#website"},"primaryImageOfPage":{"@id":"https:\/\/shopatoa.com\/cz\/spot-on-beaphar-combotec-pro-psy-l-20-40kg\/#primaryimage"},"image":{"@id":"https:\/\/shopatoa.com\/cz\/spot-on-beaphar-combotec-pro-psy-l-20-40kg\/#primaryimage"},"thumbnailUrl":"https:\/\/storage.googleapis.com\/cz-shopatoa-img\/cz\/1e5df18e-1_71317.jpg","datePublished":"2025-04-03T07:10:13+00:00","dateModified":"2026-02-01T20:10:24+00:00","breadcrumb":{"@id":"https:\/\/shopatoa.com\/cz\/spot-on-beaphar-combotec-pro-psy-l-20-40kg\/#breadcrumb"},"inLanguage":"cs","potentialAction":[{"@type":"ReadAction","target":["https:\/\/shopatoa.com\/cz\/spot-on-beaphar-combotec-pro-psy-l-20-40kg\/"]}]},{"@type":"ImageObject","inLanguage":"cs","@id":"https:\/\/shopatoa.com\/cz\/spot-on-beaphar-combotec-pro-psy-l-20-40kg\/#primaryimage","url":"https:\/\/storage.googleapis.com\/cz-shopatoa-img\/cz\/1e5df18e-1_71317.jpg","contentUrl":"https:\/\/storage.googleapis.com\/cz-shopatoa-img\/cz\/1e5df18e-1_71317.jpg","width":600,"height":600},{"@type":"BreadcrumbList","@id":"https:\/\/shopatoa.com\/cz\/spot-on-beaphar-combotec-pro-psy-l-20-40kg\/#breadcrumb","itemListElement":[{"@type":"ListItem","position":1,"name":"Dom\u016f","item":"https:\/\/shopatoa.com\/cz\/"},{"@type":"ListItem","position":2,"name":"Produkty","item":"https:\/\/shopatoa.com\/cz\/shop\/"},{"@type":"ListItem","position":3,"name":"Chovatelsk\u00e9 pot\u0159eby","item":"https:\/\/shopatoa.com\/cz\/chovatelske-potreby-2\/"},{"@type":"ListItem","position":4,"name":"Veterin\u00e1rn\u00ed l\u00e9k\u00e1rna","item":"https:\/\/shopatoa.com\/cz\/veterinarni-lekarna\/"},{"@type":"ListItem","position":5,"name":"Antiparazitika pro zv\u00ed\u0159ata","item":"https:\/\/shopatoa.com\/cz\/antiparazitika-pro-zvirata\/"},{"@type":"ListItem","position":6,"name":"Spot-on Beaphar COMBOtec pro psy L 20-40kg"}]},{"@type":"WebSite","@id":"https:\/\/shopatoa.com\/cz\/#website","url":"https:\/\/shopatoa.com\/cz\/","name":"SHOPATOA","description":"","publisher":{"@id":"https:\/\/shopatoa.com\/cz\/#organization"},"potentialAction":[{"@type":"SearchAction","target":{"@type":"EntryPoint","urlTemplate":"https:\/\/shopatoa.com\/cz\/?s={search_term_string}"},"query-input":{"@type":"PropertyValueSpecification","valueRequired":true,"valueName":"search_term_string"}}],"inLanguage":"cs"},{"@type":"Organization","@id":"https:\/\/shopatoa.com\/cz\/#organization","name":"SHOPATOA Digital s.r.o.","url":"https:\/\/shopatoa.com\/cz\/","logo":{"@type":"ImageObject","inLanguage":"cs","@id":"https:\/\/shopatoa.com\/cz\/#\/schema\/logo\/image\/","url":"https:\/\/storage.googleapis.com\/cz-shopatoa-img\/cz\/ebccf434-shopatoa_logo.png","contentUrl":"https:\/\/storage.googleapis.com\/cz-shopatoa-img\/cz\/ebccf434-shopatoa_logo.png","width":416,"height":63,"caption":"SHOPATOA Digital s.r.o."},"image":{"@id":"https:\/\/shopatoa.com\/cz\/#\/schema\/logo\/image\/"}}]}},"_links":{"self":[{"href":"https:\/\/shopatoa.com\/cz\/wp-json\/wp\/v2\/product\/250634","targetHints":{"allow":["GET"]}}],"collection":[{"href":"https:\/\/shopatoa.com\/cz\/wp-json\/wp\/v2\/product"}],"about":[{"href":"https:\/\/shopatoa.com\/cz\/wp-json\/wp\/v2\/types\/product"}],"replies":[{"embeddable":true,"href":"https:\/\/shopatoa.com\/cz\/wp-json\/wp\/v2\/comments?post=250634"}],"wp:featuredmedia":[{"embeddable":true,"href":"https:\/\/shopatoa.com\/cz\/wp-json\/wp\/v2\/media\/250635"}],"wp:attachment":[{"href":"https:\/\/shopatoa.com\/cz\/wp-json\/wp\/v2\/media?parent=250634"}],"wp:term":[{"taxonomy":"product_brand","embeddable":true,"href":"https:\/\/shopatoa.com\/cz\/wp-json\/wp\/v2\/product_brand?post=250634"},{"taxonomy":"product_cat","embeddable":true,"href":"https:\/\/shopatoa.com\/cz\/wp-json\/wp\/v2\/product_cat?post=250634"},{"taxonomy":"product_tag","embeddable":true,"href":"https:\/\/shopatoa.com\/cz\/wp-json\/wp\/v2\/product_tag?post=250634"}],"curies":[{"name":"wp","href":"https:\/\/api.w.org\/{rel}","templated":true}]}}