{"id":250756,"date":"2025-04-03T09:31:35","date_gmt":"2025-04-03T07:31:35","guid":{"rendered":"https:\/\/shopatoa.com\/cz\/?post_type=product&#038;p=250756"},"modified":"2026-02-01T21:10:10","modified_gmt":"2026-02-01T20:10:10","slug":"magnet-cistici-tetra-flat-l","status":"publish","type":"product","link":"https:\/\/shopatoa.com\/cz\/magnet-cistici-tetra-flat-l\/","title":{"rendered":"Magnet \u010dist\u00edc\u00ed Tetra Flat L"},"content":{"rendered":"<p>\u0158ada Tetra Magnet Cleaners Flat zaru\u010duje dokonal\u00fd v\u00fdhled na ryby a podvodn\u00ed krajinu. Dokonal\u00fd tvar pro ploch\u00e9 akvarijn\u00ed sklo.<\/p>\n<p>\t\u0160ir\u0161\u00ed \u010distic\u00ed roh usnad\u0148uje \u010di\u0161t\u011bn\u00ed rohu.<br \/>\n\tErgonomick\u00fd tvar sed\u00ed pohodln\u011b v\u00a0ruce.<br \/>\n\tProtiskluzov\u00fd povrch zaji\u0161\u0165uje maxim\u00e1ln\u00ed dr\u017een\u00ed p\u0159i \u010di\u0161t\u011bn\u00ed.<\/p>\n<p>Plovouc\u00ed \u010d\u00e1st uvnit\u0159 akv\u00e1ria zabra\u0148uje mokr\u00fdm ruk\u00e1m a po\u0161kr\u00e1b\u00e1n\u00ed skla kameny z podkladu, kter\u00e9 se zachyt\u00ed mezi sklem a magnetem, pokud se oba kusy odd\u011bl\u00ed.<\/p>\n<p>Jednoduch\u00e9 a d\u016fkladn\u00e9 \u010di\u0161t\u011bn\u00ed akvarijn\u00edho skla a\u017e do :<\/p>\n<p>\t4 mm s\u00edly \u2013 S<br \/>\n\t6 mm s\u00edly \u2013 M<br \/>\n\t10 mm s\u00edly \u2013 L<\/p>\n","protected":false},"excerpt":{"rendered":"<p>\u0158ada Tetra Magnet Cleaners Flat zaru\u010duje dokonal\u00fd v\u00fdhled na ryby a podvodn\u00ed krajinu. Dokonal\u00fd tvar pro ploch\u00e9 akvarijn\u00ed sklo. \u0160ir\u0161\u00ed \u010distic\u00ed roh usnad\u0148uje \u010di\u0161t\u011bn\u00ed rohu. Ergonomick\u00fd tvar sed\u00ed pohodln\u011b v\u00a0ruce. Protiskluzov\u00fd povrch zaji\u0161\u0165uje maxim\u00e1ln\u00ed dr\u017een\u00ed p\u0159i \u010di\u0161t\u011bn\u00ed. Plovouc\u00ed \u010d\u00e1st uvnit\u0159 akv\u00e1ria zabra\u0148uje mokr\u00fdm ruk\u00e1m a po\u0161kr\u00e1b\u00e1n\u00ed skla kameny z podkladu, kter\u00e9 se zachyt\u00ed mezi sklem&#8230;<\/p>\n","protected":false},"featured_media":250757,"comment_status":"closed","ping_status":"open","template":"","meta":{"_acf_changed":false,"_kadence_starter_templates_imported_post":false,"_kad_post_transparent":"","_kad_post_title":"","_kad_post_layout":"","_kad_post_sidebar_id":"","_kad_post_content_style":"","_kad_post_vertical_padding":"","_kad_post_feature":"","_kad_post_feature_position":"","_kad_post_header":false,"_kad_post_footer":false,"_kad_post_classname":""},"product_brand":[2614],"product_cat":[2510,436,2513,2514],"product_tag":[],"class_list":{"0":"post-250756","1":"product","2":"type-product","3":"status-publish","4":"has-post-thumbnail","6":"product_brand-tetra","7":"product_cat-akvaristika","8":"product_cat-chovatelske-potreby-2","9":"product_cat-pece-a-udrzba-akvaria","10":"product_cat-potreby-na-cisteni-akvarii","11":"pa_obchod-superzoo-cz","13":"first","14":"instock","15":"product-type-external","16":"entry","17":"content-bg","18":"loop-entry"},"acf":[],"yoast_head":"<!-- This site is optimized with the Yoast SEO plugin v27.4 - https:\/\/yoast.com\/product\/yoast-seo-wordpress\/ -->\n<title>Magnet \u010dist\u00edc\u00ed Tetra Flat L - SHOPATOA.COM<\/title>\n<meta name=\"robots\" content=\"index, follow, max-snippet:-1, max-image-preview:large, max-video-preview:-1\" \/>\n<link rel=\"canonical\" href=\"https:\/\/shopatoa.com\/cz\/magnet-cistici-tetra-flat-l\/\" \/>\n<meta property=\"og:locale\" content=\"cs_CZ\" \/>\n<meta property=\"og:type\" content=\"article\" \/>\n<meta property=\"og:title\" content=\"Magnet \u010dist\u00edc\u00ed Tetra Flat L - SHOPATOA.COM\" \/>\n<meta property=\"og:description\" content=\"\u0158ada Tetra Magnet Cleaners Flat zaru\u010duje dokonal\u00fd v\u00fdhled na ryby a podvodn\u00ed krajinu. Dokonal\u00fd tvar pro ploch\u00e9 akvarijn\u00ed sklo. \u0160ir\u0161\u00ed \u010distic\u00ed roh usnad\u0148uje \u010di\u0161t\u011bn\u00ed rohu. Ergonomick\u00fd tvar sed\u00ed pohodln\u011b v\u00a0ruce. Protiskluzov\u00fd povrch zaji\u0161\u0165uje maxim\u00e1ln\u00ed dr\u017een\u00ed p\u0159i \u010di\u0161t\u011bn\u00ed. Plovouc\u00ed \u010d\u00e1st uvnit\u0159 akv\u00e1ria zabra\u0148uje mokr\u00fdm ruk\u00e1m a po\u0161kr\u00e1b\u00e1n\u00ed skla kameny z podkladu, kter\u00e9 se zachyt\u00ed mezi sklem...\" \/>\n<meta property=\"og:url\" content=\"https:\/\/shopatoa.com\/cz\/magnet-cistici-tetra-flat-l\/\" \/>\n<meta property=\"og:site_name\" content=\"SHOPATOA\" \/>\n<meta property=\"article:modified_time\" content=\"2026-02-01T20:10:10+00:00\" \/>\n<meta property=\"og:image\" content=\"https:\/\/storage.googleapis.com\/cz-shopatoa-img\/cz\/3ca250db-1_72090.jpg\" \/>\n\t<meta property=\"og:image:width\" content=\"600\" \/>\n\t<meta property=\"og:image:height\" content=\"600\" \/>\n\t<meta property=\"og:image:type\" content=\"image\/jpeg\" \/>\n<meta name=\"twitter:card\" content=\"summary_large_image\" \/>\n<meta name=\"twitter:label1\" content=\"Odhadovan\u00e1 doba \u010dten\u00ed\" \/>\n\t<meta name=\"twitter:data1\" content=\"1 minuta\" \/>\n<script type=\"application\/ld+json\" class=\"yoast-schema-graph\">{\"@context\":\"https:\\\/\\\/schema.org\",\"@graph\":[{\"@type\":\"WebPage\",\"@id\":\"https:\\\/\\\/shopatoa.com\\\/cz\\\/magnet-cistici-tetra-flat-l\\\/\",\"url\":\"https:\\\/\\\/shopatoa.com\\\/cz\\\/magnet-cistici-tetra-flat-l\\\/\",\"name\":\"Magnet \u010dist\u00edc\u00ed Tetra Flat L - SHOPATOA.COM\",\"isPartOf\":{\"@id\":\"https:\\\/\\\/shopatoa.com\\\/cz\\\/#website\"},\"primaryImageOfPage\":{\"@id\":\"https:\\\/\\\/shopatoa.com\\\/cz\\\/magnet-cistici-tetra-flat-l\\\/#primaryimage\"},\"image\":{\"@id\":\"https:\\\/\\\/shopatoa.com\\\/cz\\\/magnet-cistici-tetra-flat-l\\\/#primaryimage\"},\"thumbnailUrl\":\"https:\\\/\\\/storage.googleapis.com\\\/cz-shopatoa-img\\\/cz\\\/3ca250db-1_72090.jpg\",\"datePublished\":\"2025-04-03T07:31:35+00:00\",\"dateModified\":\"2026-02-01T20:10:10+00:00\",\"breadcrumb\":{\"@id\":\"https:\\\/\\\/shopatoa.com\\\/cz\\\/magnet-cistici-tetra-flat-l\\\/#breadcrumb\"},\"inLanguage\":\"cs\",\"potentialAction\":[{\"@type\":\"ReadAction\",\"target\":[\"https:\\\/\\\/shopatoa.com\\\/cz\\\/magnet-cistici-tetra-flat-l\\\/\"]}]},{\"@type\":\"ImageObject\",\"inLanguage\":\"cs\",\"@id\":\"https:\\\/\\\/shopatoa.com\\\/cz\\\/magnet-cistici-tetra-flat-l\\\/#primaryimage\",\"url\":\"https:\\\/\\\/storage.googleapis.com\\\/cz-shopatoa-img\\\/cz\\\/3ca250db-1_72090.jpg\",\"contentUrl\":\"https:\\\/\\\/storage.googleapis.com\\\/cz-shopatoa-img\\\/cz\\\/3ca250db-1_72090.jpg\",\"width\":600,\"height\":600},{\"@type\":\"BreadcrumbList\",\"@id\":\"https:\\\/\\\/shopatoa.com\\\/cz\\\/magnet-cistici-tetra-flat-l\\\/#breadcrumb\",\"itemListElement\":[{\"@type\":\"ListItem\",\"position\":1,\"name\":\"Dom\u016f\",\"item\":\"https:\\\/\\\/shopatoa.com\\\/cz\\\/\"},{\"@type\":\"ListItem\",\"position\":2,\"name\":\"Produkty\",\"item\":\"https:\\\/\\\/shopatoa.com\\\/cz\\\/shop\\\/\"},{\"@type\":\"ListItem\",\"position\":3,\"name\":\"Chovatelsk\u00e9 pot\u0159eby\",\"item\":\"https:\\\/\\\/shopatoa.com\\\/cz\\\/chovatelske-potreby-2\\\/\"},{\"@type\":\"ListItem\",\"position\":4,\"name\":\"Akvaristika\",\"item\":\"https:\\\/\\\/shopatoa.com\\\/cz\\\/akvaristika\\\/\"},{\"@type\":\"ListItem\",\"position\":5,\"name\":\"P\u00e9\u010de a \u00fadr\u017eba akv\u00e1ria\",\"item\":\"https:\\\/\\\/shopatoa.com\\\/cz\\\/pece-a-udrzba-akvaria\\\/\"},{\"@type\":\"ListItem\",\"position\":6,\"name\":\"Pot\u0159eby na \u010di\u0161t\u011bn\u00ed akv\u00e1ri\u00ed\",\"item\":\"https:\\\/\\\/shopatoa.com\\\/cz\\\/potreby-na-cisteni-akvarii\\\/\"},{\"@type\":\"ListItem\",\"position\":7,\"name\":\"Magnet \u010dist\u00edc\u00ed Tetra Flat L\"}]},{\"@type\":\"WebSite\",\"@id\":\"https:\\\/\\\/shopatoa.com\\\/cz\\\/#website\",\"url\":\"https:\\\/\\\/shopatoa.com\\\/cz\\\/\",\"name\":\"SHOPATOA\",\"description\":\"\",\"publisher\":{\"@id\":\"https:\\\/\\\/shopatoa.com\\\/cz\\\/#organization\"},\"potentialAction\":[{\"@type\":\"SearchAction\",\"target\":{\"@type\":\"EntryPoint\",\"urlTemplate\":\"https:\\\/\\\/shopatoa.com\\\/cz\\\/?s={search_term_string}\"},\"query-input\":{\"@type\":\"PropertyValueSpecification\",\"valueRequired\":true,\"valueName\":\"search_term_string\"}}],\"inLanguage\":\"cs\"},{\"@type\":\"Organization\",\"@id\":\"https:\\\/\\\/shopatoa.com\\\/cz\\\/#organization\",\"name\":\"SHOPATOA Digital s.r.o.\",\"url\":\"https:\\\/\\\/shopatoa.com\\\/cz\\\/\",\"logo\":{\"@type\":\"ImageObject\",\"inLanguage\":\"cs\",\"@id\":\"https:\\\/\\\/shopatoa.com\\\/cz\\\/#\\\/schema\\\/logo\\\/image\\\/\",\"url\":\"https:\\\/\\\/storage.googleapis.com\\\/cz-shopatoa-img\\\/cz\\\/ebccf434-shopatoa_logo.png\",\"contentUrl\":\"https:\\\/\\\/storage.googleapis.com\\\/cz-shopatoa-img\\\/cz\\\/ebccf434-shopatoa_logo.png\",\"width\":416,\"height\":63,\"caption\":\"SHOPATOA Digital s.r.o.\"},\"image\":{\"@id\":\"https:\\\/\\\/shopatoa.com\\\/cz\\\/#\\\/schema\\\/logo\\\/image\\\/\"}}]}<\/script>\n<!-- \/ Yoast SEO plugin. -->","yoast_head_json":{"title":"Magnet \u010dist\u00edc\u00ed Tetra Flat L - SHOPATOA.COM","robots":{"index":"index","follow":"follow","max-snippet":"max-snippet:-1","max-image-preview":"max-image-preview:large","max-video-preview":"max-video-preview:-1"},"canonical":"https:\/\/shopatoa.com\/cz\/magnet-cistici-tetra-flat-l\/","og_locale":"cs_CZ","og_type":"article","og_title":"Magnet \u010dist\u00edc\u00ed Tetra Flat L - SHOPATOA.COM","og_description":"\u0158ada Tetra Magnet Cleaners Flat zaru\u010duje dokonal\u00fd v\u00fdhled na ryby a podvodn\u00ed krajinu. Dokonal\u00fd tvar pro ploch\u00e9 akvarijn\u00ed sklo. \u0160ir\u0161\u00ed \u010distic\u00ed roh usnad\u0148uje \u010di\u0161t\u011bn\u00ed rohu. Ergonomick\u00fd tvar sed\u00ed pohodln\u011b v\u00a0ruce. Protiskluzov\u00fd povrch zaji\u0161\u0165uje maxim\u00e1ln\u00ed dr\u017een\u00ed p\u0159i \u010di\u0161t\u011bn\u00ed. Plovouc\u00ed \u010d\u00e1st uvnit\u0159 akv\u00e1ria zabra\u0148uje mokr\u00fdm ruk\u00e1m a po\u0161kr\u00e1b\u00e1n\u00ed skla kameny z podkladu, kter\u00e9 se zachyt\u00ed mezi sklem...","og_url":"https:\/\/shopatoa.com\/cz\/magnet-cistici-tetra-flat-l\/","og_site_name":"SHOPATOA","article_modified_time":"2026-02-01T20:10:10+00:00","og_image":[{"width":600,"height":600,"url":"https:\/\/storage.googleapis.com\/cz-shopatoa-img\/cz\/3ca250db-1_72090.jpg","type":"image\/jpeg"}],"twitter_card":"summary_large_image","twitter_misc":{"Odhadovan\u00e1 doba \u010dten\u00ed":"1 minuta"},"schema":{"@context":"https:\/\/schema.org","@graph":[{"@type":"WebPage","@id":"https:\/\/shopatoa.com\/cz\/magnet-cistici-tetra-flat-l\/","url":"https:\/\/shopatoa.com\/cz\/magnet-cistici-tetra-flat-l\/","name":"Magnet \u010dist\u00edc\u00ed Tetra Flat L - SHOPATOA.COM","isPartOf":{"@id":"https:\/\/shopatoa.com\/cz\/#website"},"primaryImageOfPage":{"@id":"https:\/\/shopatoa.com\/cz\/magnet-cistici-tetra-flat-l\/#primaryimage"},"image":{"@id":"https:\/\/shopatoa.com\/cz\/magnet-cistici-tetra-flat-l\/#primaryimage"},"thumbnailUrl":"https:\/\/storage.googleapis.com\/cz-shopatoa-img\/cz\/3ca250db-1_72090.jpg","datePublished":"2025-04-03T07:31:35+00:00","dateModified":"2026-02-01T20:10:10+00:00","breadcrumb":{"@id":"https:\/\/shopatoa.com\/cz\/magnet-cistici-tetra-flat-l\/#breadcrumb"},"inLanguage":"cs","potentialAction":[{"@type":"ReadAction","target":["https:\/\/shopatoa.com\/cz\/magnet-cistici-tetra-flat-l\/"]}]},{"@type":"ImageObject","inLanguage":"cs","@id":"https:\/\/shopatoa.com\/cz\/magnet-cistici-tetra-flat-l\/#primaryimage","url":"https:\/\/storage.googleapis.com\/cz-shopatoa-img\/cz\/3ca250db-1_72090.jpg","contentUrl":"https:\/\/storage.googleapis.com\/cz-shopatoa-img\/cz\/3ca250db-1_72090.jpg","width":600,"height":600},{"@type":"BreadcrumbList","@id":"https:\/\/shopatoa.com\/cz\/magnet-cistici-tetra-flat-l\/#breadcrumb","itemListElement":[{"@type":"ListItem","position":1,"name":"Dom\u016f","item":"https:\/\/shopatoa.com\/cz\/"},{"@type":"ListItem","position":2,"name":"Produkty","item":"https:\/\/shopatoa.com\/cz\/shop\/"},{"@type":"ListItem","position":3,"name":"Chovatelsk\u00e9 pot\u0159eby","item":"https:\/\/shopatoa.com\/cz\/chovatelske-potreby-2\/"},{"@type":"ListItem","position":4,"name":"Akvaristika","item":"https:\/\/shopatoa.com\/cz\/akvaristika\/"},{"@type":"ListItem","position":5,"name":"P\u00e9\u010de a \u00fadr\u017eba akv\u00e1ria","item":"https:\/\/shopatoa.com\/cz\/pece-a-udrzba-akvaria\/"},{"@type":"ListItem","position":6,"name":"Pot\u0159eby na \u010di\u0161t\u011bn\u00ed akv\u00e1ri\u00ed","item":"https:\/\/shopatoa.com\/cz\/potreby-na-cisteni-akvarii\/"},{"@type":"ListItem","position":7,"name":"Magnet \u010dist\u00edc\u00ed Tetra Flat L"}]},{"@type":"WebSite","@id":"https:\/\/shopatoa.com\/cz\/#website","url":"https:\/\/shopatoa.com\/cz\/","name":"SHOPATOA","description":"","publisher":{"@id":"https:\/\/shopatoa.com\/cz\/#organization"},"potentialAction":[{"@type":"SearchAction","target":{"@type":"EntryPoint","urlTemplate":"https:\/\/shopatoa.com\/cz\/?s={search_term_string}"},"query-input":{"@type":"PropertyValueSpecification","valueRequired":true,"valueName":"search_term_string"}}],"inLanguage":"cs"},{"@type":"Organization","@id":"https:\/\/shopatoa.com\/cz\/#organization","name":"SHOPATOA Digital s.r.o.","url":"https:\/\/shopatoa.com\/cz\/","logo":{"@type":"ImageObject","inLanguage":"cs","@id":"https:\/\/shopatoa.com\/cz\/#\/schema\/logo\/image\/","url":"https:\/\/storage.googleapis.com\/cz-shopatoa-img\/cz\/ebccf434-shopatoa_logo.png","contentUrl":"https:\/\/storage.googleapis.com\/cz-shopatoa-img\/cz\/ebccf434-shopatoa_logo.png","width":416,"height":63,"caption":"SHOPATOA Digital s.r.o."},"image":{"@id":"https:\/\/shopatoa.com\/cz\/#\/schema\/logo\/image\/"}}]}},"_links":{"self":[{"href":"https:\/\/shopatoa.com\/cz\/wp-json\/wp\/v2\/product\/250756","targetHints":{"allow":["GET"]}}],"collection":[{"href":"https:\/\/shopatoa.com\/cz\/wp-json\/wp\/v2\/product"}],"about":[{"href":"https:\/\/shopatoa.com\/cz\/wp-json\/wp\/v2\/types\/product"}],"replies":[{"embeddable":true,"href":"https:\/\/shopatoa.com\/cz\/wp-json\/wp\/v2\/comments?post=250756"}],"wp:featuredmedia":[{"embeddable":true,"href":"https:\/\/shopatoa.com\/cz\/wp-json\/wp\/v2\/media\/250757"}],"wp:attachment":[{"href":"https:\/\/shopatoa.com\/cz\/wp-json\/wp\/v2\/media?parent=250756"}],"wp:term":[{"taxonomy":"product_brand","embeddable":true,"href":"https:\/\/shopatoa.com\/cz\/wp-json\/wp\/v2\/product_brand?post=250756"},{"taxonomy":"product_cat","embeddable":true,"href":"https:\/\/shopatoa.com\/cz\/wp-json\/wp\/v2\/product_cat?post=250756"},{"taxonomy":"product_tag","embeddable":true,"href":"https:\/\/shopatoa.com\/cz\/wp-json\/wp\/v2\/product_tag?post=250756"}],"curies":[{"name":"wp","href":"https:\/\/api.w.org\/{rel}","templated":true}]}}