{"id":251164,"date":"2025-04-03T10:46:41","date_gmt":"2025-04-03T08:46:41","guid":{"rendered":"https:\/\/shopatoa.com\/cz\/?post_type=product&#038;p=251164"},"modified":"2026-02-03T23:41:24","modified_gmt":"2026-02-03T22:41:24","slug":"obojek-tamer-softy-43x51cm-zelenocerny","status":"publish","type":"product","link":"https:\/\/shopatoa.com\/cz\/obojek-tamer-softy-43x51cm-zelenocerny\/","title":{"rendered":"Obojek Tamer Softy 4,3x51cm zeleno\u010dern\u00fd"},"content":{"rendered":"<p>Origin\u00e1ln\u00ed obojek ve sportovn\u00edm proveden\u00ed do jak\u00fdchkoliv podm\u00ednek. Velice lehk\u00fd, vzdu\u0161n\u00fd a m\u00e1lo nas\u00e1kav\u00fd materi\u00e1l.<\/p>\n<p>\tVysok\u00e1 pevnost v tahu (3-bodov\u00fd syst\u00e9m podpory zaru\u010duje rozlo\u017een\u00ed s\u00edly tak, \u017ee nenam\u00e1h\u00e1 pouze p\u0159ezku zap\u00edn\u00e1n\u00ed, ale celkem t\u0159i pevnostn\u00ed body, d\u00edku tomu je tah na p\u0159ezku t\u0159etinov\u00fd.<br \/>\n\tVelice lehk\u00fd a vzdu\u0161n\u00fd materi\u00e1l.<br \/>\n\tD\u00edky perforaci je skv\u011ble prody\u0161n\u00fd a zabra\u0148uje zapa\u0159ov\u00e1n\u00ed srsti psa.<br \/>\n\tVelice snadn\u00e1 \u00fadr\u017eba.<br \/>\n\tKvalitn\u00ed materi\u00e1ly opat\u0159eny pevnostn\u00edmi stehy. Kombinace horolezeck\u00fdch materi\u00e1l\u016f a technologie tkan\u00ed bezpe\u010dnostn\u00edch p\u00e1s\u016f v automobilov\u00e9m pr\u016fmyslu.<br \/>\n\tUltim\u00e1tn\u00ed ru\u010dn\u00ed v\u00fdroba zaru\u010duje nekompromisn\u00ed kvalitu.<br \/>\n\tVyrobeno k maximalizaci u\u017eitn\u00e9 hodnoty a odolnosti.<\/p>\n<p>Pro obvod krku: 45 \u2013 51 cm<\/p>\n","protected":false},"excerpt":{"rendered":"<p>Origin\u00e1ln\u00ed obojek ve sportovn\u00edm proveden\u00ed do jak\u00fdchkoliv podm\u00ednek. Velice lehk\u00fd, vzdu\u0161n\u00fd a m\u00e1lo nas\u00e1kav\u00fd materi\u00e1l. Vysok\u00e1 pevnost v tahu (3-bodov\u00fd syst\u00e9m podpory zaru\u010duje rozlo\u017een\u00ed s\u00edly tak, \u017ee nenam\u00e1h\u00e1 pouze p\u0159ezku zap\u00edn\u00e1n\u00ed, ale celkem t\u0159i pevnostn\u00ed body, d\u00edku tomu je tah na p\u0159ezku t\u0159etinov\u00fd. Velice lehk\u00fd a vzdu\u0161n\u00fd materi\u00e1l. D\u00edky perforaci je skv\u011ble prody\u0161n\u00fd a zabra\u0148uje&#8230;<\/p>\n","protected":false},"featured_media":251165,"comment_status":"closed","ping_status":"open","template":"","meta":{"_acf_changed":false,"_kadence_starter_templates_imported_post":false,"_kad_post_transparent":"","_kad_post_title":"","_kad_post_layout":"","_kad_post_sidebar_id":"","_kad_post_content_style":"","_kad_post_vertical_padding":"","_kad_post_feature":"","_kad_post_feature_position":"","_kad_post_header":false,"_kad_post_footer":false,"_kad_post_classname":""},"product_brand":[2735],"product_cat":[436,2506,739,2507],"product_tag":[],"class_list":{"0":"post-251164","1":"product","2":"type-product","3":"status-publish","4":"has-post-thumbnail","6":"product_brand-tamer","7":"product_cat-chovatelske-potreby-2","8":"product_cat-obojky-a-voditka-pro-psy","9":"product_cat-pro-psy-chovatelske-potreby-2","10":"product_cat-znamky-adresare-a-privesky-pro-psy","11":"pa_obchod-superzoo-cz","13":"first","14":"instock","15":"product-type-external","16":"entry","17":"content-bg","18":"loop-entry"},"acf":[],"yoast_head":"<!-- This site is optimized with the Yoast SEO plugin v27.4 - https:\/\/yoast.com\/product\/yoast-seo-wordpress\/ -->\n<title>Obojek Tamer Softy 4,3x51cm zeleno\u010dern\u00fd - SHOPATOA.COM<\/title>\n<meta name=\"robots\" content=\"index, follow, max-snippet:-1, max-image-preview:large, max-video-preview:-1\" \/>\n<link rel=\"canonical\" href=\"https:\/\/shopatoa.com\/cz\/obojek-tamer-softy-43x51cm-zelenocerny\/\" \/>\n<meta property=\"og:locale\" content=\"cs_CZ\" \/>\n<meta property=\"og:type\" content=\"article\" \/>\n<meta property=\"og:title\" content=\"Obojek Tamer Softy 4,3x51cm zeleno\u010dern\u00fd - SHOPATOA.COM\" \/>\n<meta property=\"og:description\" content=\"Origin\u00e1ln\u00ed obojek ve sportovn\u00edm proveden\u00ed do jak\u00fdchkoliv podm\u00ednek. Velice lehk\u00fd, vzdu\u0161n\u00fd a m\u00e1lo nas\u00e1kav\u00fd materi\u00e1l. Vysok\u00e1 pevnost v tahu (3-bodov\u00fd syst\u00e9m podpory zaru\u010duje rozlo\u017een\u00ed s\u00edly tak, \u017ee nenam\u00e1h\u00e1 pouze p\u0159ezku zap\u00edn\u00e1n\u00ed, ale celkem t\u0159i pevnostn\u00ed body, d\u00edku tomu je tah na p\u0159ezku t\u0159etinov\u00fd. Velice lehk\u00fd a vzdu\u0161n\u00fd materi\u00e1l. D\u00edky perforaci je skv\u011ble prody\u0161n\u00fd a zabra\u0148uje...\" \/>\n<meta property=\"og:url\" content=\"https:\/\/shopatoa.com\/cz\/obojek-tamer-softy-43x51cm-zelenocerny\/\" \/>\n<meta property=\"og:site_name\" content=\"SHOPATOA\" \/>\n<meta property=\"article:modified_time\" content=\"2026-02-03T22:41:24+00:00\" \/>\n<meta property=\"og:image\" content=\"https:\/\/storage.googleapis.com\/cz-shopatoa-img\/cz\/ebd5510d-1_74969.jpg\" \/>\n\t<meta property=\"og:image:width\" content=\"600\" \/>\n\t<meta property=\"og:image:height\" content=\"600\" \/>\n\t<meta property=\"og:image:type\" content=\"image\/jpeg\" \/>\n<meta name=\"twitter:card\" content=\"summary_large_image\" \/>\n<meta name=\"twitter:label1\" content=\"Odhadovan\u00e1 doba \u010dten\u00ed\" \/>\n\t<meta name=\"twitter:data1\" content=\"1 minuta\" \/>\n<script type=\"application\/ld+json\" class=\"yoast-schema-graph\">{\"@context\":\"https:\\\/\\\/schema.org\",\"@graph\":[{\"@type\":\"WebPage\",\"@id\":\"https:\\\/\\\/shopatoa.com\\\/cz\\\/obojek-tamer-softy-43x51cm-zelenocerny\\\/\",\"url\":\"https:\\\/\\\/shopatoa.com\\\/cz\\\/obojek-tamer-softy-43x51cm-zelenocerny\\\/\",\"name\":\"Obojek Tamer Softy 4,3x51cm zeleno\u010dern\u00fd - SHOPATOA.COM\",\"isPartOf\":{\"@id\":\"https:\\\/\\\/shopatoa.com\\\/cz\\\/#website\"},\"primaryImageOfPage\":{\"@id\":\"https:\\\/\\\/shopatoa.com\\\/cz\\\/obojek-tamer-softy-43x51cm-zelenocerny\\\/#primaryimage\"},\"image\":{\"@id\":\"https:\\\/\\\/shopatoa.com\\\/cz\\\/obojek-tamer-softy-43x51cm-zelenocerny\\\/#primaryimage\"},\"thumbnailUrl\":\"https:\\\/\\\/storage.googleapis.com\\\/cz-shopatoa-img\\\/cz\\\/ebd5510d-1_74969.jpg\",\"datePublished\":\"2025-04-03T08:46:41+00:00\",\"dateModified\":\"2026-02-03T22:41:24+00:00\",\"breadcrumb\":{\"@id\":\"https:\\\/\\\/shopatoa.com\\\/cz\\\/obojek-tamer-softy-43x51cm-zelenocerny\\\/#breadcrumb\"},\"inLanguage\":\"cs\",\"potentialAction\":[{\"@type\":\"ReadAction\",\"target\":[\"https:\\\/\\\/shopatoa.com\\\/cz\\\/obojek-tamer-softy-43x51cm-zelenocerny\\\/\"]}]},{\"@type\":\"ImageObject\",\"inLanguage\":\"cs\",\"@id\":\"https:\\\/\\\/shopatoa.com\\\/cz\\\/obojek-tamer-softy-43x51cm-zelenocerny\\\/#primaryimage\",\"url\":\"https:\\\/\\\/storage.googleapis.com\\\/cz-shopatoa-img\\\/cz\\\/ebd5510d-1_74969.jpg\",\"contentUrl\":\"https:\\\/\\\/storage.googleapis.com\\\/cz-shopatoa-img\\\/cz\\\/ebd5510d-1_74969.jpg\",\"width\":600,\"height\":600},{\"@type\":\"BreadcrumbList\",\"@id\":\"https:\\\/\\\/shopatoa.com\\\/cz\\\/obojek-tamer-softy-43x51cm-zelenocerny\\\/#breadcrumb\",\"itemListElement\":[{\"@type\":\"ListItem\",\"position\":1,\"name\":\"Dom\u016f\",\"item\":\"https:\\\/\\\/shopatoa.com\\\/cz\\\/\"},{\"@type\":\"ListItem\",\"position\":2,\"name\":\"Produkty\",\"item\":\"https:\\\/\\\/shopatoa.com\\\/cz\\\/shop\\\/\"},{\"@type\":\"ListItem\",\"position\":3,\"name\":\"Chovatelsk\u00e9 pot\u0159eby\",\"item\":\"https:\\\/\\\/shopatoa.com\\\/cz\\\/chovatelske-potreby-2\\\/\"},{\"@type\":\"ListItem\",\"position\":4,\"name\":\"Pro psy\",\"item\":\"https:\\\/\\\/shopatoa.com\\\/cz\\\/pro-psy-chovatelske-potreby-2\\\/\"},{\"@type\":\"ListItem\",\"position\":5,\"name\":\"Obojky a vod\u00edtka pro psy\",\"item\":\"https:\\\/\\\/shopatoa.com\\\/cz\\\/obojky-a-voditka-pro-psy\\\/\"},{\"@type\":\"ListItem\",\"position\":6,\"name\":\"Zn\u00e1mky, adres\u00e1\u0159e a p\u0159\u00edv\u011bsky pro psy\",\"item\":\"https:\\\/\\\/shopatoa.com\\\/cz\\\/znamky-adresare-a-privesky-pro-psy\\\/\"},{\"@type\":\"ListItem\",\"position\":7,\"name\":\"Obojek Tamer Softy 4,3x51cm zeleno\u010dern\u00fd\"}]},{\"@type\":\"WebSite\",\"@id\":\"https:\\\/\\\/shopatoa.com\\\/cz\\\/#website\",\"url\":\"https:\\\/\\\/shopatoa.com\\\/cz\\\/\",\"name\":\"SHOPATOA\",\"description\":\"\",\"publisher\":{\"@id\":\"https:\\\/\\\/shopatoa.com\\\/cz\\\/#organization\"},\"potentialAction\":[{\"@type\":\"SearchAction\",\"target\":{\"@type\":\"EntryPoint\",\"urlTemplate\":\"https:\\\/\\\/shopatoa.com\\\/cz\\\/?s={search_term_string}\"},\"query-input\":{\"@type\":\"PropertyValueSpecification\",\"valueRequired\":true,\"valueName\":\"search_term_string\"}}],\"inLanguage\":\"cs\"},{\"@type\":\"Organization\",\"@id\":\"https:\\\/\\\/shopatoa.com\\\/cz\\\/#organization\",\"name\":\"SHOPATOA Digital s.r.o.\",\"url\":\"https:\\\/\\\/shopatoa.com\\\/cz\\\/\",\"logo\":{\"@type\":\"ImageObject\",\"inLanguage\":\"cs\",\"@id\":\"https:\\\/\\\/shopatoa.com\\\/cz\\\/#\\\/schema\\\/logo\\\/image\\\/\",\"url\":\"https:\\\/\\\/storage.googleapis.com\\\/cz-shopatoa-img\\\/cz\\\/ebccf434-shopatoa_logo.png\",\"contentUrl\":\"https:\\\/\\\/storage.googleapis.com\\\/cz-shopatoa-img\\\/cz\\\/ebccf434-shopatoa_logo.png\",\"width\":416,\"height\":63,\"caption\":\"SHOPATOA Digital s.r.o.\"},\"image\":{\"@id\":\"https:\\\/\\\/shopatoa.com\\\/cz\\\/#\\\/schema\\\/logo\\\/image\\\/\"}}]}<\/script>\n<!-- \/ Yoast SEO plugin. -->","yoast_head_json":{"title":"Obojek Tamer Softy 4,3x51cm zeleno\u010dern\u00fd - SHOPATOA.COM","robots":{"index":"index","follow":"follow","max-snippet":"max-snippet:-1","max-image-preview":"max-image-preview:large","max-video-preview":"max-video-preview:-1"},"canonical":"https:\/\/shopatoa.com\/cz\/obojek-tamer-softy-43x51cm-zelenocerny\/","og_locale":"cs_CZ","og_type":"article","og_title":"Obojek Tamer Softy 4,3x51cm zeleno\u010dern\u00fd - SHOPATOA.COM","og_description":"Origin\u00e1ln\u00ed obojek ve sportovn\u00edm proveden\u00ed do jak\u00fdchkoliv podm\u00ednek. Velice lehk\u00fd, vzdu\u0161n\u00fd a m\u00e1lo nas\u00e1kav\u00fd materi\u00e1l. Vysok\u00e1 pevnost v tahu (3-bodov\u00fd syst\u00e9m podpory zaru\u010duje rozlo\u017een\u00ed s\u00edly tak, \u017ee nenam\u00e1h\u00e1 pouze p\u0159ezku zap\u00edn\u00e1n\u00ed, ale celkem t\u0159i pevnostn\u00ed body, d\u00edku tomu je tah na p\u0159ezku t\u0159etinov\u00fd. Velice lehk\u00fd a vzdu\u0161n\u00fd materi\u00e1l. D\u00edky perforaci je skv\u011ble prody\u0161n\u00fd a zabra\u0148uje...","og_url":"https:\/\/shopatoa.com\/cz\/obojek-tamer-softy-43x51cm-zelenocerny\/","og_site_name":"SHOPATOA","article_modified_time":"2026-02-03T22:41:24+00:00","og_image":[{"width":600,"height":600,"url":"https:\/\/storage.googleapis.com\/cz-shopatoa-img\/cz\/ebd5510d-1_74969.jpg","type":"image\/jpeg"}],"twitter_card":"summary_large_image","twitter_misc":{"Odhadovan\u00e1 doba \u010dten\u00ed":"1 minuta"},"schema":{"@context":"https:\/\/schema.org","@graph":[{"@type":"WebPage","@id":"https:\/\/shopatoa.com\/cz\/obojek-tamer-softy-43x51cm-zelenocerny\/","url":"https:\/\/shopatoa.com\/cz\/obojek-tamer-softy-43x51cm-zelenocerny\/","name":"Obojek Tamer Softy 4,3x51cm zeleno\u010dern\u00fd - SHOPATOA.COM","isPartOf":{"@id":"https:\/\/shopatoa.com\/cz\/#website"},"primaryImageOfPage":{"@id":"https:\/\/shopatoa.com\/cz\/obojek-tamer-softy-43x51cm-zelenocerny\/#primaryimage"},"image":{"@id":"https:\/\/shopatoa.com\/cz\/obojek-tamer-softy-43x51cm-zelenocerny\/#primaryimage"},"thumbnailUrl":"https:\/\/storage.googleapis.com\/cz-shopatoa-img\/cz\/ebd5510d-1_74969.jpg","datePublished":"2025-04-03T08:46:41+00:00","dateModified":"2026-02-03T22:41:24+00:00","breadcrumb":{"@id":"https:\/\/shopatoa.com\/cz\/obojek-tamer-softy-43x51cm-zelenocerny\/#breadcrumb"},"inLanguage":"cs","potentialAction":[{"@type":"ReadAction","target":["https:\/\/shopatoa.com\/cz\/obojek-tamer-softy-43x51cm-zelenocerny\/"]}]},{"@type":"ImageObject","inLanguage":"cs","@id":"https:\/\/shopatoa.com\/cz\/obojek-tamer-softy-43x51cm-zelenocerny\/#primaryimage","url":"https:\/\/storage.googleapis.com\/cz-shopatoa-img\/cz\/ebd5510d-1_74969.jpg","contentUrl":"https:\/\/storage.googleapis.com\/cz-shopatoa-img\/cz\/ebd5510d-1_74969.jpg","width":600,"height":600},{"@type":"BreadcrumbList","@id":"https:\/\/shopatoa.com\/cz\/obojek-tamer-softy-43x51cm-zelenocerny\/#breadcrumb","itemListElement":[{"@type":"ListItem","position":1,"name":"Dom\u016f","item":"https:\/\/shopatoa.com\/cz\/"},{"@type":"ListItem","position":2,"name":"Produkty","item":"https:\/\/shopatoa.com\/cz\/shop\/"},{"@type":"ListItem","position":3,"name":"Chovatelsk\u00e9 pot\u0159eby","item":"https:\/\/shopatoa.com\/cz\/chovatelske-potreby-2\/"},{"@type":"ListItem","position":4,"name":"Pro psy","item":"https:\/\/shopatoa.com\/cz\/pro-psy-chovatelske-potreby-2\/"},{"@type":"ListItem","position":5,"name":"Obojky a vod\u00edtka pro psy","item":"https:\/\/shopatoa.com\/cz\/obojky-a-voditka-pro-psy\/"},{"@type":"ListItem","position":6,"name":"Zn\u00e1mky, adres\u00e1\u0159e a p\u0159\u00edv\u011bsky pro psy","item":"https:\/\/shopatoa.com\/cz\/znamky-adresare-a-privesky-pro-psy\/"},{"@type":"ListItem","position":7,"name":"Obojek Tamer Softy 4,3x51cm zeleno\u010dern\u00fd"}]},{"@type":"WebSite","@id":"https:\/\/shopatoa.com\/cz\/#website","url":"https:\/\/shopatoa.com\/cz\/","name":"SHOPATOA","description":"","publisher":{"@id":"https:\/\/shopatoa.com\/cz\/#organization"},"potentialAction":[{"@type":"SearchAction","target":{"@type":"EntryPoint","urlTemplate":"https:\/\/shopatoa.com\/cz\/?s={search_term_string}"},"query-input":{"@type":"PropertyValueSpecification","valueRequired":true,"valueName":"search_term_string"}}],"inLanguage":"cs"},{"@type":"Organization","@id":"https:\/\/shopatoa.com\/cz\/#organization","name":"SHOPATOA Digital s.r.o.","url":"https:\/\/shopatoa.com\/cz\/","logo":{"@type":"ImageObject","inLanguage":"cs","@id":"https:\/\/shopatoa.com\/cz\/#\/schema\/logo\/image\/","url":"https:\/\/storage.googleapis.com\/cz-shopatoa-img\/cz\/ebccf434-shopatoa_logo.png","contentUrl":"https:\/\/storage.googleapis.com\/cz-shopatoa-img\/cz\/ebccf434-shopatoa_logo.png","width":416,"height":63,"caption":"SHOPATOA Digital s.r.o."},"image":{"@id":"https:\/\/shopatoa.com\/cz\/#\/schema\/logo\/image\/"}}]}},"_links":{"self":[{"href":"https:\/\/shopatoa.com\/cz\/wp-json\/wp\/v2\/product\/251164","targetHints":{"allow":["GET"]}}],"collection":[{"href":"https:\/\/shopatoa.com\/cz\/wp-json\/wp\/v2\/product"}],"about":[{"href":"https:\/\/shopatoa.com\/cz\/wp-json\/wp\/v2\/types\/product"}],"replies":[{"embeddable":true,"href":"https:\/\/shopatoa.com\/cz\/wp-json\/wp\/v2\/comments?post=251164"}],"wp:featuredmedia":[{"embeddable":true,"href":"https:\/\/shopatoa.com\/cz\/wp-json\/wp\/v2\/media\/251165"}],"wp:attachment":[{"href":"https:\/\/shopatoa.com\/cz\/wp-json\/wp\/v2\/media?parent=251164"}],"wp:term":[{"taxonomy":"product_brand","embeddable":true,"href":"https:\/\/shopatoa.com\/cz\/wp-json\/wp\/v2\/product_brand?post=251164"},{"taxonomy":"product_cat","embeddable":true,"href":"https:\/\/shopatoa.com\/cz\/wp-json\/wp\/v2\/product_cat?post=251164"},{"taxonomy":"product_tag","embeddable":true,"href":"https:\/\/shopatoa.com\/cz\/wp-json\/wp\/v2\/product_tag?post=251164"}],"curies":[{"name":"wp","href":"https:\/\/api.w.org\/{rel}","templated":true}]}}