{"id":251544,"date":"2025-04-03T11:56:23","date_gmt":"2025-04-03T09:56:23","guid":{"rendered":"https:\/\/shopatoa.com\/cz\/?post_type=product&#038;p=251544"},"modified":"2025-04-25T20:28:01","modified_gmt":"2025-04-25T18:28:01","slug":"pelech-kiwi-walker-4elements-water-sofa-bed-modry-xl-120cm","status":"publish","type":"product","link":"https:\/\/shopatoa.com\/cz\/pelech-kiwi-walker-4elements-water-sofa-bed-modry-xl-120cm\/","title":{"rendered":"Pelech Kiwi Walker 4Elements Water Sofa Bed modr\u00fd XL 120cm"},"content":{"rendered":"<p>Kiwi Walker pel\u00ed\u0161ky z kolekce 4Elements se mohou py\u0161nit prvot\u0159\u00eddn\u00ed kvalitou a\u00a0\u0161etrnost\u00ed k na\u0161emu \u017eivotn\u00edmu prost\u0159ed\u00ed, pou\u017eit\u00fd materi\u00e1l poch\u00e1z\u00ed\u00a0100% z recyklovan\u00e9ho polyesteru.<\/p>\n<p>Pel\u00ed\u0161ky jsou vyrobeny v srdci Evropy. Pe\u010dliv\u011b vybran\u00e1 l\u00e1tka je pr\u00e9miov\u00e9 kvality a sv\u00e9 vyu\u017eit\u00ed m\u00e1 nap\u0159\u00edklad jako \u010daloun\u011bn\u00ed designov\u00fdch kus\u016f n\u00e1bytku pro lidi, d\u00e1le se dr\u017e\u00edme hesla, \u017ee to nejlep\u0161\u00ed z lidsk\u00e9ho sv\u011bta p\u0159in\u00e1\u0161\u00edme do sv\u011bta na\u0161ich mazl\u00ed\u010dk\u016f. Ze zbytk\u016f l\u00e1tky z v\u00fdroby je d\u00e1le vytvo\u0159ena v\u00fdpl\u0148, nen\u00ed tedy produkov\u00e1n t\u00e9m\u011b\u0159 \u017e\u00e1dn\u00fd odpad a v\u0161e je kr\u00e1sn\u011b vyu\u017eito.\u00a0<\/p>\n<p>Povlak i v\u00fdpl\u0148 pel\u00ed\u0161k\u016f jsou vyrobeny ze 100 % recyklovan\u00e9ho materi\u00e1lu a cel\u00e1 kolekce vyu\u017e\u00edv\u00e1 technologii Kiwi Easy-Clean, kter\u00e1 umo\u017e\u0148uje snaz\u0161\u00ed \u00fadr\u017ebu materi\u00e1lu a \u010dist\u011bn\u00ed. Materi\u00e1l je p\u0159\u00edjemn\u00fd na dotek a designov\u00e9 prvky a potisky odkazuji k jednotliv\u00fdm element\u016fm.<\/p>\n<p>Kolekce 4 Elements p\u0159edstavuje pel\u00ed\u0161ky v pastelov\u00fdch barv\u00e1ch, kter\u00e9 lehce zapadnou do ka\u017ed\u00e9ho interi\u00e9ru.\u00a0<\/p>\n<p>Velikost:\u00a0120 x 80 x 31 cm<\/p>\n","protected":false},"excerpt":{"rendered":"<p>Kiwi Walker pel\u00ed\u0161ky z kolekce 4Elements se mohou py\u0161nit prvot\u0159\u00eddn\u00ed kvalitou a\u00a0\u0161etrnost\u00ed k na\u0161emu \u017eivotn\u00edmu prost\u0159ed\u00ed, pou\u017eit\u00fd materi\u00e1l poch\u00e1z\u00ed\u00a0100% z recyklovan\u00e9ho polyesteru. Pel\u00ed\u0161ky jsou vyrobeny v srdci Evropy. Pe\u010dliv\u011b vybran\u00e1 l\u00e1tka je pr\u00e9miov\u00e9 kvality a sv\u00e9 vyu\u017eit\u00ed m\u00e1 nap\u0159\u00edklad jako \u010daloun\u011bn\u00ed designov\u00fdch kus\u016f n\u00e1bytku pro lidi, d\u00e1le se dr\u017e\u00edme hesla, \u017ee to nejlep\u0161\u00ed z lidsk\u00e9ho&#8230;<\/p>\n","protected":false},"featured_media":251545,"comment_status":"closed","ping_status":"open","template":"","meta":{"_acf_changed":false,"_kadence_starter_templates_imported_post":false,"_kad_post_transparent":"","_kad_post_title":"","_kad_post_layout":"","_kad_post_sidebar_id":"","_kad_post_content_style":"","_kad_post_vertical_padding":"","_kad_post_feature":"","_kad_post_feature_position":"","_kad_post_header":false,"_kad_post_footer":false,"_kad_post_classname":""},"product_brand":[2740],"product_cat":[436,2613,2612,739],"product_tag":[],"class_list":{"0":"post-251544","1":"product","2":"type-product","3":"status-publish","4":"has-post-thumbnail","6":"product_brand-kiwi-walker","7":"product_cat-chovatelske-potreby-2","8":"product_cat-pelisky-pro-psy","9":"product_cat-pelisky-boudy-a-dvirka-pro-psy","10":"product_cat-pro-psy-chovatelske-potreby-2","11":"pa_obchod-superzoo-cz","13":"first","14":"instock","15":"product-type-external","16":"entry","17":"content-bg","18":"loop-entry"},"acf":[],"yoast_head":"<!-- This site is optimized with the Yoast SEO plugin v27.4 - https:\/\/yoast.com\/product\/yoast-seo-wordpress\/ -->\n<title>Pelech Kiwi Walker 4Elements Water Sofa Bed modr\u00fd XL 120cm - SHOPATOA.COM<\/title>\n<meta name=\"robots\" content=\"index, follow, max-snippet:-1, max-image-preview:large, max-video-preview:-1\" \/>\n<link rel=\"canonical\" href=\"https:\/\/shopatoa.com\/cz\/pelech-kiwi-walker-4elements-water-sofa-bed-modry-xl-120cm\/\" \/>\n<meta property=\"og:locale\" content=\"cs_CZ\" \/>\n<meta property=\"og:type\" content=\"article\" \/>\n<meta property=\"og:title\" content=\"Pelech Kiwi Walker 4Elements Water Sofa Bed modr\u00fd XL 120cm - SHOPATOA.COM\" \/>\n<meta property=\"og:description\" content=\"Kiwi Walker pel\u00ed\u0161ky z kolekce 4Elements se mohou py\u0161nit prvot\u0159\u00eddn\u00ed kvalitou a\u00a0\u0161etrnost\u00ed k na\u0161emu \u017eivotn\u00edmu prost\u0159ed\u00ed, pou\u017eit\u00fd materi\u00e1l poch\u00e1z\u00ed\u00a0100% z recyklovan\u00e9ho polyesteru. Pel\u00ed\u0161ky jsou vyrobeny v srdci Evropy. Pe\u010dliv\u011b vybran\u00e1 l\u00e1tka je pr\u00e9miov\u00e9 kvality a sv\u00e9 vyu\u017eit\u00ed m\u00e1 nap\u0159\u00edklad jako \u010daloun\u011bn\u00ed designov\u00fdch kus\u016f n\u00e1bytku pro lidi, d\u00e1le se dr\u017e\u00edme hesla, \u017ee to nejlep\u0161\u00ed z lidsk\u00e9ho...\" \/>\n<meta property=\"og:url\" content=\"https:\/\/shopatoa.com\/cz\/pelech-kiwi-walker-4elements-water-sofa-bed-modry-xl-120cm\/\" \/>\n<meta property=\"og:site_name\" content=\"SHOPATOA\" \/>\n<meta property=\"article:modified_time\" content=\"2025-04-25T18:28:01+00:00\" \/>\n<meta property=\"og:image\" content=\"https:\/\/storage.googleapis.com\/cz-shopatoa-img\/cz\/4257c467-1_78048.jpg\" \/>\n\t<meta property=\"og:image:width\" content=\"600\" \/>\n\t<meta property=\"og:image:height\" content=\"600\" \/>\n\t<meta property=\"og:image:type\" content=\"image\/jpeg\" \/>\n<meta name=\"twitter:card\" content=\"summary_large_image\" \/>\n<meta name=\"twitter:label1\" content=\"Odhadovan\u00e1 doba \u010dten\u00ed\" \/>\n\t<meta name=\"twitter:data1\" content=\"1 minuta\" \/>\n<script type=\"application\/ld+json\" class=\"yoast-schema-graph\">{\"@context\":\"https:\\\/\\\/schema.org\",\"@graph\":[{\"@type\":\"WebPage\",\"@id\":\"https:\\\/\\\/shopatoa.com\\\/cz\\\/pelech-kiwi-walker-4elements-water-sofa-bed-modry-xl-120cm\\\/\",\"url\":\"https:\\\/\\\/shopatoa.com\\\/cz\\\/pelech-kiwi-walker-4elements-water-sofa-bed-modry-xl-120cm\\\/\",\"name\":\"Pelech Kiwi Walker 4Elements Water Sofa Bed modr\u00fd XL 120cm - SHOPATOA.COM\",\"isPartOf\":{\"@id\":\"https:\\\/\\\/shopatoa.com\\\/cz\\\/#website\"},\"primaryImageOfPage\":{\"@id\":\"https:\\\/\\\/shopatoa.com\\\/cz\\\/pelech-kiwi-walker-4elements-water-sofa-bed-modry-xl-120cm\\\/#primaryimage\"},\"image\":{\"@id\":\"https:\\\/\\\/shopatoa.com\\\/cz\\\/pelech-kiwi-walker-4elements-water-sofa-bed-modry-xl-120cm\\\/#primaryimage\"},\"thumbnailUrl\":\"https:\\\/\\\/storage.googleapis.com\\\/cz-shopatoa-img\\\/cz\\\/4257c467-1_78048.jpg\",\"datePublished\":\"2025-04-03T09:56:23+00:00\",\"dateModified\":\"2025-04-25T18:28:01+00:00\",\"breadcrumb\":{\"@id\":\"https:\\\/\\\/shopatoa.com\\\/cz\\\/pelech-kiwi-walker-4elements-water-sofa-bed-modry-xl-120cm\\\/#breadcrumb\"},\"inLanguage\":\"cs\",\"potentialAction\":[{\"@type\":\"ReadAction\",\"target\":[\"https:\\\/\\\/shopatoa.com\\\/cz\\\/pelech-kiwi-walker-4elements-water-sofa-bed-modry-xl-120cm\\\/\"]}]},{\"@type\":\"ImageObject\",\"inLanguage\":\"cs\",\"@id\":\"https:\\\/\\\/shopatoa.com\\\/cz\\\/pelech-kiwi-walker-4elements-water-sofa-bed-modry-xl-120cm\\\/#primaryimage\",\"url\":\"https:\\\/\\\/storage.googleapis.com\\\/cz-shopatoa-img\\\/cz\\\/4257c467-1_78048.jpg\",\"contentUrl\":\"https:\\\/\\\/storage.googleapis.com\\\/cz-shopatoa-img\\\/cz\\\/4257c467-1_78048.jpg\",\"width\":600,\"height\":600},{\"@type\":\"BreadcrumbList\",\"@id\":\"https:\\\/\\\/shopatoa.com\\\/cz\\\/pelech-kiwi-walker-4elements-water-sofa-bed-modry-xl-120cm\\\/#breadcrumb\",\"itemListElement\":[{\"@type\":\"ListItem\",\"position\":1,\"name\":\"Dom\u016f\",\"item\":\"https:\\\/\\\/shopatoa.com\\\/cz\\\/\"},{\"@type\":\"ListItem\",\"position\":2,\"name\":\"Produkty\",\"item\":\"https:\\\/\\\/shopatoa.com\\\/cz\\\/shop\\\/\"},{\"@type\":\"ListItem\",\"position\":3,\"name\":\"Chovatelsk\u00e9 pot\u0159eby\",\"item\":\"https:\\\/\\\/shopatoa.com\\\/cz\\\/chovatelske-potreby-2\\\/\"},{\"@type\":\"ListItem\",\"position\":4,\"name\":\"Pro psy\",\"item\":\"https:\\\/\\\/shopatoa.com\\\/cz\\\/pro-psy-chovatelske-potreby-2\\\/\"},{\"@type\":\"ListItem\",\"position\":5,\"name\":\"Pel\u00ed\u0161ky, boudy a dv\u00ed\u0159ka pro psy\",\"item\":\"https:\\\/\\\/shopatoa.com\\\/cz\\\/pelisky-boudy-a-dvirka-pro-psy\\\/\"},{\"@type\":\"ListItem\",\"position\":6,\"name\":\"Pel\u00ed\u0161ky pro psy\",\"item\":\"https:\\\/\\\/shopatoa.com\\\/cz\\\/pelisky-pro-psy\\\/\"},{\"@type\":\"ListItem\",\"position\":7,\"name\":\"Pelech Kiwi Walker 4Elements Water Sofa Bed modr\u00fd XL 120cm\"}]},{\"@type\":\"WebSite\",\"@id\":\"https:\\\/\\\/shopatoa.com\\\/cz\\\/#website\",\"url\":\"https:\\\/\\\/shopatoa.com\\\/cz\\\/\",\"name\":\"SHOPATOA\",\"description\":\"\",\"publisher\":{\"@id\":\"https:\\\/\\\/shopatoa.com\\\/cz\\\/#organization\"},\"potentialAction\":[{\"@type\":\"SearchAction\",\"target\":{\"@type\":\"EntryPoint\",\"urlTemplate\":\"https:\\\/\\\/shopatoa.com\\\/cz\\\/?s={search_term_string}\"},\"query-input\":{\"@type\":\"PropertyValueSpecification\",\"valueRequired\":true,\"valueName\":\"search_term_string\"}}],\"inLanguage\":\"cs\"},{\"@type\":\"Organization\",\"@id\":\"https:\\\/\\\/shopatoa.com\\\/cz\\\/#organization\",\"name\":\"SHOPATOA Digital s.r.o.\",\"url\":\"https:\\\/\\\/shopatoa.com\\\/cz\\\/\",\"logo\":{\"@type\":\"ImageObject\",\"inLanguage\":\"cs\",\"@id\":\"https:\\\/\\\/shopatoa.com\\\/cz\\\/#\\\/schema\\\/logo\\\/image\\\/\",\"url\":\"https:\\\/\\\/storage.googleapis.com\\\/cz-shopatoa-img\\\/cz\\\/ebccf434-shopatoa_logo.png\",\"contentUrl\":\"https:\\\/\\\/storage.googleapis.com\\\/cz-shopatoa-img\\\/cz\\\/ebccf434-shopatoa_logo.png\",\"width\":416,\"height\":63,\"caption\":\"SHOPATOA Digital s.r.o.\"},\"image\":{\"@id\":\"https:\\\/\\\/shopatoa.com\\\/cz\\\/#\\\/schema\\\/logo\\\/image\\\/\"}}]}<\/script>\n<!-- \/ Yoast SEO plugin. -->","yoast_head_json":{"title":"Pelech Kiwi Walker 4Elements Water Sofa Bed modr\u00fd XL 120cm - SHOPATOA.COM","robots":{"index":"index","follow":"follow","max-snippet":"max-snippet:-1","max-image-preview":"max-image-preview:large","max-video-preview":"max-video-preview:-1"},"canonical":"https:\/\/shopatoa.com\/cz\/pelech-kiwi-walker-4elements-water-sofa-bed-modry-xl-120cm\/","og_locale":"cs_CZ","og_type":"article","og_title":"Pelech Kiwi Walker 4Elements Water Sofa Bed modr\u00fd XL 120cm - SHOPATOA.COM","og_description":"Kiwi Walker pel\u00ed\u0161ky z kolekce 4Elements se mohou py\u0161nit prvot\u0159\u00eddn\u00ed kvalitou a\u00a0\u0161etrnost\u00ed k na\u0161emu \u017eivotn\u00edmu prost\u0159ed\u00ed, pou\u017eit\u00fd materi\u00e1l poch\u00e1z\u00ed\u00a0100% z recyklovan\u00e9ho polyesteru. Pel\u00ed\u0161ky jsou vyrobeny v srdci Evropy. Pe\u010dliv\u011b vybran\u00e1 l\u00e1tka je pr\u00e9miov\u00e9 kvality a sv\u00e9 vyu\u017eit\u00ed m\u00e1 nap\u0159\u00edklad jako \u010daloun\u011bn\u00ed designov\u00fdch kus\u016f n\u00e1bytku pro lidi, d\u00e1le se dr\u017e\u00edme hesla, \u017ee to nejlep\u0161\u00ed z lidsk\u00e9ho...","og_url":"https:\/\/shopatoa.com\/cz\/pelech-kiwi-walker-4elements-water-sofa-bed-modry-xl-120cm\/","og_site_name":"SHOPATOA","article_modified_time":"2025-04-25T18:28:01+00:00","og_image":[{"width":600,"height":600,"url":"https:\/\/storage.googleapis.com\/cz-shopatoa-img\/cz\/4257c467-1_78048.jpg","type":"image\/jpeg"}],"twitter_card":"summary_large_image","twitter_misc":{"Odhadovan\u00e1 doba \u010dten\u00ed":"1 minuta"},"schema":{"@context":"https:\/\/schema.org","@graph":[{"@type":"WebPage","@id":"https:\/\/shopatoa.com\/cz\/pelech-kiwi-walker-4elements-water-sofa-bed-modry-xl-120cm\/","url":"https:\/\/shopatoa.com\/cz\/pelech-kiwi-walker-4elements-water-sofa-bed-modry-xl-120cm\/","name":"Pelech Kiwi Walker 4Elements Water Sofa Bed modr\u00fd XL 120cm - SHOPATOA.COM","isPartOf":{"@id":"https:\/\/shopatoa.com\/cz\/#website"},"primaryImageOfPage":{"@id":"https:\/\/shopatoa.com\/cz\/pelech-kiwi-walker-4elements-water-sofa-bed-modry-xl-120cm\/#primaryimage"},"image":{"@id":"https:\/\/shopatoa.com\/cz\/pelech-kiwi-walker-4elements-water-sofa-bed-modry-xl-120cm\/#primaryimage"},"thumbnailUrl":"https:\/\/storage.googleapis.com\/cz-shopatoa-img\/cz\/4257c467-1_78048.jpg","datePublished":"2025-04-03T09:56:23+00:00","dateModified":"2025-04-25T18:28:01+00:00","breadcrumb":{"@id":"https:\/\/shopatoa.com\/cz\/pelech-kiwi-walker-4elements-water-sofa-bed-modry-xl-120cm\/#breadcrumb"},"inLanguage":"cs","potentialAction":[{"@type":"ReadAction","target":["https:\/\/shopatoa.com\/cz\/pelech-kiwi-walker-4elements-water-sofa-bed-modry-xl-120cm\/"]}]},{"@type":"ImageObject","inLanguage":"cs","@id":"https:\/\/shopatoa.com\/cz\/pelech-kiwi-walker-4elements-water-sofa-bed-modry-xl-120cm\/#primaryimage","url":"https:\/\/storage.googleapis.com\/cz-shopatoa-img\/cz\/4257c467-1_78048.jpg","contentUrl":"https:\/\/storage.googleapis.com\/cz-shopatoa-img\/cz\/4257c467-1_78048.jpg","width":600,"height":600},{"@type":"BreadcrumbList","@id":"https:\/\/shopatoa.com\/cz\/pelech-kiwi-walker-4elements-water-sofa-bed-modry-xl-120cm\/#breadcrumb","itemListElement":[{"@type":"ListItem","position":1,"name":"Dom\u016f","item":"https:\/\/shopatoa.com\/cz\/"},{"@type":"ListItem","position":2,"name":"Produkty","item":"https:\/\/shopatoa.com\/cz\/shop\/"},{"@type":"ListItem","position":3,"name":"Chovatelsk\u00e9 pot\u0159eby","item":"https:\/\/shopatoa.com\/cz\/chovatelske-potreby-2\/"},{"@type":"ListItem","position":4,"name":"Pro psy","item":"https:\/\/shopatoa.com\/cz\/pro-psy-chovatelske-potreby-2\/"},{"@type":"ListItem","position":5,"name":"Pel\u00ed\u0161ky, boudy a dv\u00ed\u0159ka pro psy","item":"https:\/\/shopatoa.com\/cz\/pelisky-boudy-a-dvirka-pro-psy\/"},{"@type":"ListItem","position":6,"name":"Pel\u00ed\u0161ky pro psy","item":"https:\/\/shopatoa.com\/cz\/pelisky-pro-psy\/"},{"@type":"ListItem","position":7,"name":"Pelech Kiwi Walker 4Elements Water Sofa Bed modr\u00fd XL 120cm"}]},{"@type":"WebSite","@id":"https:\/\/shopatoa.com\/cz\/#website","url":"https:\/\/shopatoa.com\/cz\/","name":"SHOPATOA","description":"","publisher":{"@id":"https:\/\/shopatoa.com\/cz\/#organization"},"potentialAction":[{"@type":"SearchAction","target":{"@type":"EntryPoint","urlTemplate":"https:\/\/shopatoa.com\/cz\/?s={search_term_string}"},"query-input":{"@type":"PropertyValueSpecification","valueRequired":true,"valueName":"search_term_string"}}],"inLanguage":"cs"},{"@type":"Organization","@id":"https:\/\/shopatoa.com\/cz\/#organization","name":"SHOPATOA Digital s.r.o.","url":"https:\/\/shopatoa.com\/cz\/","logo":{"@type":"ImageObject","inLanguage":"cs","@id":"https:\/\/shopatoa.com\/cz\/#\/schema\/logo\/image\/","url":"https:\/\/storage.googleapis.com\/cz-shopatoa-img\/cz\/ebccf434-shopatoa_logo.png","contentUrl":"https:\/\/storage.googleapis.com\/cz-shopatoa-img\/cz\/ebccf434-shopatoa_logo.png","width":416,"height":63,"caption":"SHOPATOA Digital s.r.o."},"image":{"@id":"https:\/\/shopatoa.com\/cz\/#\/schema\/logo\/image\/"}}]}},"_links":{"self":[{"href":"https:\/\/shopatoa.com\/cz\/wp-json\/wp\/v2\/product\/251544","targetHints":{"allow":["GET"]}}],"collection":[{"href":"https:\/\/shopatoa.com\/cz\/wp-json\/wp\/v2\/product"}],"about":[{"href":"https:\/\/shopatoa.com\/cz\/wp-json\/wp\/v2\/types\/product"}],"replies":[{"embeddable":true,"href":"https:\/\/shopatoa.com\/cz\/wp-json\/wp\/v2\/comments?post=251544"}],"wp:featuredmedia":[{"embeddable":true,"href":"https:\/\/shopatoa.com\/cz\/wp-json\/wp\/v2\/media\/251545"}],"wp:attachment":[{"href":"https:\/\/shopatoa.com\/cz\/wp-json\/wp\/v2\/media?parent=251544"}],"wp:term":[{"taxonomy":"product_brand","embeddable":true,"href":"https:\/\/shopatoa.com\/cz\/wp-json\/wp\/v2\/product_brand?post=251544"},{"taxonomy":"product_cat","embeddable":true,"href":"https:\/\/shopatoa.com\/cz\/wp-json\/wp\/v2\/product_cat?post=251544"},{"taxonomy":"product_tag","embeddable":true,"href":"https:\/\/shopatoa.com\/cz\/wp-json\/wp\/v2\/product_tag?post=251544"}],"curies":[{"name":"wp","href":"https:\/\/api.w.org\/{rel}","templated":true}]}}