{"id":251548,"date":"2025-04-03T11:56:40","date_gmt":"2025-04-03T09:56:40","guid":{"rendered":"https:\/\/shopatoa.com\/cz\/?post_type=product&#038;p=251548"},"modified":"2026-02-04T20:03:55","modified_gmt":"2026-02-04T19:03:55","slug":"podestylka-asan-petit-5l","status":"publish","type":"product","link":"https:\/\/shopatoa.com\/cz\/podestylka-asan-petit-5l\/","title":{"rendered":"Podest\u00fdlka Asan Petit 5l"},"content":{"rendered":"<p>Ekologick\u00e9 stelivo pro drobn\u00e9 hlodavce, nap\u0159. k\u0159e\u010dky, my\u0161ky. Asan je velice\u00a0\u0161etrn\u00fd k \u017eivotn\u00edmu prost\u0159ed\u00ed. Vznik\u00e1 recyklac\u00ed a je 100% rozlo\u017eiteln\u00fd (vyhazuje se do toalety, kompostu nebo n\u00e1dob s biologick\u00fdm odpadem).<\/p>\n<p>\tBez prachu, vzdu\u0161n\u00fdch alergen\u016f a p\u0159idan\u00fdch parf\u00e9m\u016f \u2013 ide\u00e1ln\u00ed volba pro astmatiky a alergiky (garance bezpra\u0161nosti 99 %).<br \/>\n\tEfektivn\u011b\u00a0eliminuje pachy\u00a0z okol\u00ed klece nebo chovn\u00e9ho boxu (Odour Control\u00a0funkce).<br \/>\n\tS maxim\u00e1ln\u00ed efektivitou\u00a0absorbuje vlhkost. P\u016fsob\u00ed ode dna ubikace. Povrch podest\u00fdlky tak z\u016fst\u00e1v\u00e1 st\u00e1le such\u00fd a pro zv\u00ed\u0159ata p\u0159\u00edjemn\u00fd na dotek. D\u00edky tomu v\u00e1m vydr\u017e\u00ed podest\u00fdlka d\u00e9le a u\u0161et\u0159\u00edte (pro 1 k\u0159e\u010dka\u00a0na cca 60 dn\u00ed).<br \/>\n\tStelivo\u00a0nevytv\u00e1\u0159\u00ed vlhk\u00e9 mazlav\u00e9 bl\u00e1to, jeho\u017e stopy se t\u011b\u017eko odstra\u0148uj\u00ed z podlahov\u00fdch krytin.<br \/>\n\tPodest\u00fdlka je velmi lehk\u00e1 a snadno se s n\u00ed manipuluje.<\/p>\n<p>Bezpe\u010dnost\u00a0steliv Asan potvrzuje \u00daSKVBL (\u00dastav pro st\u00e1tn\u00ed kontrolu veterin\u00e1rn\u00edch bioprepar\u00e1t\u016f a l\u00e9\u010div).<\/p>\n<p>N\u00e1vod k pou\u017eit\u00ed:\u00a0Klec pro hlodavce napl\u0148te vrstvou podest\u00fdlky vysokou cca 3 cm a&#8230;<\/p>\n","protected":false},"excerpt":{"rendered":"<p>Ekologick\u00e9 stelivo pro drobn\u00e9 hlodavce, nap\u0159. k\u0159e\u010dky, my\u0161ky. Asan je velice\u00a0\u0161etrn\u00fd k \u017eivotn\u00edmu prost\u0159ed\u00ed. Vznik\u00e1 recyklac\u00ed a je 100% rozlo\u017eiteln\u00fd (vyhazuje se do toalety, kompostu nebo n\u00e1dob s biologick\u00fdm odpadem). Bez prachu, vzdu\u0161n\u00fdch alergen\u016f a p\u0159idan\u00fdch parf\u00e9m\u016f \u2013 ide\u00e1ln\u00ed volba pro astmatiky a alergiky (garance bezpra\u0161nosti 99 %). Efektivn\u011b\u00a0eliminuje pachy\u00a0z okol\u00ed klece nebo chovn\u00e9ho boxu&#8230;<\/p>\n","protected":false},"featured_media":251549,"comment_status":"closed","ping_status":"open","template":"","meta":{"_acf_changed":false,"_kadence_starter_templates_imported_post":false,"_kad_post_transparent":"","_kad_post_title":"","_kad_post_layout":"","_kad_post_sidebar_id":"","_kad_post_content_style":"","_kad_post_vertical_padding":"","_kad_post_feature":"","_kad_post_feature_position":"","_kad_post_header":false,"_kad_post_footer":false,"_kad_post_classname":""},"product_brand":[2681],"product_cat":[436,2502,2503,2501],"product_tag":[],"class_list":{"0":"post-251548","1":"product","2":"type-product","3":"status-publish","4":"has-post-thumbnail","6":"product_brand-asan","7":"product_cat-chovatelske-potreby-2","8":"product_cat-hygiena-a-kosmetika-pro-hlodavce","9":"product_cat-podestylky-pro-hlodavce","10":"product_cat-pro-hlodavce","11":"pa_obchod-superzoo-cz","13":"first","14":"instock","15":"product-type-external","16":"entry","17":"content-bg","18":"loop-entry"},"acf":[],"yoast_head":"<!-- This site is optimized with the Yoast SEO plugin v27.4 - https:\/\/yoast.com\/product\/yoast-seo-wordpress\/ -->\n<title>Podest\u00fdlka Asan Petit 5l - SHOPATOA.COM<\/title>\n<meta name=\"robots\" content=\"index, follow, max-snippet:-1, max-image-preview:large, max-video-preview:-1\" \/>\n<link rel=\"canonical\" href=\"https:\/\/shopatoa.com\/cz\/podestylka-asan-petit-5l\/\" \/>\n<meta property=\"og:locale\" content=\"cs_CZ\" \/>\n<meta property=\"og:type\" content=\"article\" \/>\n<meta property=\"og:title\" content=\"Podest\u00fdlka Asan Petit 5l - SHOPATOA.COM\" \/>\n<meta property=\"og:description\" content=\"Ekologick\u00e9 stelivo pro drobn\u00e9 hlodavce, nap\u0159. k\u0159e\u010dky, my\u0161ky. Asan je velice\u00a0\u0161etrn\u00fd k \u017eivotn\u00edmu prost\u0159ed\u00ed. Vznik\u00e1 recyklac\u00ed a je 100% rozlo\u017eiteln\u00fd (vyhazuje se do toalety, kompostu nebo n\u00e1dob s biologick\u00fdm odpadem). Bez prachu, vzdu\u0161n\u00fdch alergen\u016f a p\u0159idan\u00fdch parf\u00e9m\u016f \u2013 ide\u00e1ln\u00ed volba pro astmatiky a alergiky (garance bezpra\u0161nosti 99 %). Efektivn\u011b\u00a0eliminuje pachy\u00a0z okol\u00ed klece nebo chovn\u00e9ho boxu...\" \/>\n<meta property=\"og:url\" content=\"https:\/\/shopatoa.com\/cz\/podestylka-asan-petit-5l\/\" \/>\n<meta property=\"og:site_name\" content=\"SHOPATOA\" \/>\n<meta property=\"article:modified_time\" content=\"2026-02-04T19:03:55+00:00\" \/>\n<meta property=\"og:image\" content=\"https:\/\/storage.googleapis.com\/cz-shopatoa-img\/cz\/cd521928-1_78073.jpg\" \/>\n\t<meta property=\"og:image:width\" content=\"600\" \/>\n\t<meta property=\"og:image:height\" content=\"600\" \/>\n\t<meta property=\"og:image:type\" content=\"image\/jpeg\" \/>\n<meta name=\"twitter:card\" content=\"summary_large_image\" \/>\n<meta name=\"twitter:label1\" content=\"Odhadovan\u00e1 doba \u010dten\u00ed\" \/>\n\t<meta name=\"twitter:data1\" content=\"1 minuta\" \/>\n<script type=\"application\/ld+json\" class=\"yoast-schema-graph\">{\"@context\":\"https:\\\/\\\/schema.org\",\"@graph\":[{\"@type\":\"WebPage\",\"@id\":\"https:\\\/\\\/shopatoa.com\\\/cz\\\/podestylka-asan-petit-5l\\\/\",\"url\":\"https:\\\/\\\/shopatoa.com\\\/cz\\\/podestylka-asan-petit-5l\\\/\",\"name\":\"Podest\u00fdlka Asan Petit 5l - SHOPATOA.COM\",\"isPartOf\":{\"@id\":\"https:\\\/\\\/shopatoa.com\\\/cz\\\/#website\"},\"primaryImageOfPage\":{\"@id\":\"https:\\\/\\\/shopatoa.com\\\/cz\\\/podestylka-asan-petit-5l\\\/#primaryimage\"},\"image\":{\"@id\":\"https:\\\/\\\/shopatoa.com\\\/cz\\\/podestylka-asan-petit-5l\\\/#primaryimage\"},\"thumbnailUrl\":\"https:\\\/\\\/storage.googleapis.com\\\/cz-shopatoa-img\\\/cz\\\/cd521928-1_78073.jpg\",\"datePublished\":\"2025-04-03T09:56:40+00:00\",\"dateModified\":\"2026-02-04T19:03:55+00:00\",\"breadcrumb\":{\"@id\":\"https:\\\/\\\/shopatoa.com\\\/cz\\\/podestylka-asan-petit-5l\\\/#breadcrumb\"},\"inLanguage\":\"cs\",\"potentialAction\":[{\"@type\":\"ReadAction\",\"target\":[\"https:\\\/\\\/shopatoa.com\\\/cz\\\/podestylka-asan-petit-5l\\\/\"]}]},{\"@type\":\"ImageObject\",\"inLanguage\":\"cs\",\"@id\":\"https:\\\/\\\/shopatoa.com\\\/cz\\\/podestylka-asan-petit-5l\\\/#primaryimage\",\"url\":\"https:\\\/\\\/storage.googleapis.com\\\/cz-shopatoa-img\\\/cz\\\/cd521928-1_78073.jpg\",\"contentUrl\":\"https:\\\/\\\/storage.googleapis.com\\\/cz-shopatoa-img\\\/cz\\\/cd521928-1_78073.jpg\",\"width\":600,\"height\":600},{\"@type\":\"BreadcrumbList\",\"@id\":\"https:\\\/\\\/shopatoa.com\\\/cz\\\/podestylka-asan-petit-5l\\\/#breadcrumb\",\"itemListElement\":[{\"@type\":\"ListItem\",\"position\":1,\"name\":\"Dom\u016f\",\"item\":\"https:\\\/\\\/shopatoa.com\\\/cz\\\/\"},{\"@type\":\"ListItem\",\"position\":2,\"name\":\"Produkty\",\"item\":\"https:\\\/\\\/shopatoa.com\\\/cz\\\/shop\\\/\"},{\"@type\":\"ListItem\",\"position\":3,\"name\":\"Chovatelsk\u00e9 pot\u0159eby\",\"item\":\"https:\\\/\\\/shopatoa.com\\\/cz\\\/chovatelske-potreby-2\\\/\"},{\"@type\":\"ListItem\",\"position\":4,\"name\":\"Pro hlodavce\",\"item\":\"https:\\\/\\\/shopatoa.com\\\/cz\\\/pro-hlodavce\\\/\"},{\"@type\":\"ListItem\",\"position\":5,\"name\":\"Hygiena a kosmetika pro hlodavce\",\"item\":\"https:\\\/\\\/shopatoa.com\\\/cz\\\/hygiena-a-kosmetika-pro-hlodavce\\\/\"},{\"@type\":\"ListItem\",\"position\":6,\"name\":\"Podest\u00fdlky pro hlodavce\",\"item\":\"https:\\\/\\\/shopatoa.com\\\/cz\\\/podestylky-pro-hlodavce\\\/\"},{\"@type\":\"ListItem\",\"position\":7,\"name\":\"Podest\u00fdlka Asan Petit 5l\"}]},{\"@type\":\"WebSite\",\"@id\":\"https:\\\/\\\/shopatoa.com\\\/cz\\\/#website\",\"url\":\"https:\\\/\\\/shopatoa.com\\\/cz\\\/\",\"name\":\"SHOPATOA\",\"description\":\"\",\"publisher\":{\"@id\":\"https:\\\/\\\/shopatoa.com\\\/cz\\\/#organization\"},\"potentialAction\":[{\"@type\":\"SearchAction\",\"target\":{\"@type\":\"EntryPoint\",\"urlTemplate\":\"https:\\\/\\\/shopatoa.com\\\/cz\\\/?s={search_term_string}\"},\"query-input\":{\"@type\":\"PropertyValueSpecification\",\"valueRequired\":true,\"valueName\":\"search_term_string\"}}],\"inLanguage\":\"cs\"},{\"@type\":\"Organization\",\"@id\":\"https:\\\/\\\/shopatoa.com\\\/cz\\\/#organization\",\"name\":\"SHOPATOA Digital s.r.o.\",\"url\":\"https:\\\/\\\/shopatoa.com\\\/cz\\\/\",\"logo\":{\"@type\":\"ImageObject\",\"inLanguage\":\"cs\",\"@id\":\"https:\\\/\\\/shopatoa.com\\\/cz\\\/#\\\/schema\\\/logo\\\/image\\\/\",\"url\":\"https:\\\/\\\/storage.googleapis.com\\\/cz-shopatoa-img\\\/cz\\\/ebccf434-shopatoa_logo.png\",\"contentUrl\":\"https:\\\/\\\/storage.googleapis.com\\\/cz-shopatoa-img\\\/cz\\\/ebccf434-shopatoa_logo.png\",\"width\":416,\"height\":63,\"caption\":\"SHOPATOA Digital s.r.o.\"},\"image\":{\"@id\":\"https:\\\/\\\/shopatoa.com\\\/cz\\\/#\\\/schema\\\/logo\\\/image\\\/\"}}]}<\/script>\n<!-- \/ Yoast SEO plugin. -->","yoast_head_json":{"title":"Podest\u00fdlka Asan Petit 5l - SHOPATOA.COM","robots":{"index":"index","follow":"follow","max-snippet":"max-snippet:-1","max-image-preview":"max-image-preview:large","max-video-preview":"max-video-preview:-1"},"canonical":"https:\/\/shopatoa.com\/cz\/podestylka-asan-petit-5l\/","og_locale":"cs_CZ","og_type":"article","og_title":"Podest\u00fdlka Asan Petit 5l - SHOPATOA.COM","og_description":"Ekologick\u00e9 stelivo pro drobn\u00e9 hlodavce, nap\u0159. k\u0159e\u010dky, my\u0161ky. Asan je velice\u00a0\u0161etrn\u00fd k \u017eivotn\u00edmu prost\u0159ed\u00ed. Vznik\u00e1 recyklac\u00ed a je 100% rozlo\u017eiteln\u00fd (vyhazuje se do toalety, kompostu nebo n\u00e1dob s biologick\u00fdm odpadem). Bez prachu, vzdu\u0161n\u00fdch alergen\u016f a p\u0159idan\u00fdch parf\u00e9m\u016f \u2013 ide\u00e1ln\u00ed volba pro astmatiky a alergiky (garance bezpra\u0161nosti 99 %). Efektivn\u011b\u00a0eliminuje pachy\u00a0z okol\u00ed klece nebo chovn\u00e9ho boxu...","og_url":"https:\/\/shopatoa.com\/cz\/podestylka-asan-petit-5l\/","og_site_name":"SHOPATOA","article_modified_time":"2026-02-04T19:03:55+00:00","og_image":[{"width":600,"height":600,"url":"https:\/\/storage.googleapis.com\/cz-shopatoa-img\/cz\/cd521928-1_78073.jpg","type":"image\/jpeg"}],"twitter_card":"summary_large_image","twitter_misc":{"Odhadovan\u00e1 doba \u010dten\u00ed":"1 minuta"},"schema":{"@context":"https:\/\/schema.org","@graph":[{"@type":"WebPage","@id":"https:\/\/shopatoa.com\/cz\/podestylka-asan-petit-5l\/","url":"https:\/\/shopatoa.com\/cz\/podestylka-asan-petit-5l\/","name":"Podest\u00fdlka Asan Petit 5l - SHOPATOA.COM","isPartOf":{"@id":"https:\/\/shopatoa.com\/cz\/#website"},"primaryImageOfPage":{"@id":"https:\/\/shopatoa.com\/cz\/podestylka-asan-petit-5l\/#primaryimage"},"image":{"@id":"https:\/\/shopatoa.com\/cz\/podestylka-asan-petit-5l\/#primaryimage"},"thumbnailUrl":"https:\/\/storage.googleapis.com\/cz-shopatoa-img\/cz\/cd521928-1_78073.jpg","datePublished":"2025-04-03T09:56:40+00:00","dateModified":"2026-02-04T19:03:55+00:00","breadcrumb":{"@id":"https:\/\/shopatoa.com\/cz\/podestylka-asan-petit-5l\/#breadcrumb"},"inLanguage":"cs","potentialAction":[{"@type":"ReadAction","target":["https:\/\/shopatoa.com\/cz\/podestylka-asan-petit-5l\/"]}]},{"@type":"ImageObject","inLanguage":"cs","@id":"https:\/\/shopatoa.com\/cz\/podestylka-asan-petit-5l\/#primaryimage","url":"https:\/\/storage.googleapis.com\/cz-shopatoa-img\/cz\/cd521928-1_78073.jpg","contentUrl":"https:\/\/storage.googleapis.com\/cz-shopatoa-img\/cz\/cd521928-1_78073.jpg","width":600,"height":600},{"@type":"BreadcrumbList","@id":"https:\/\/shopatoa.com\/cz\/podestylka-asan-petit-5l\/#breadcrumb","itemListElement":[{"@type":"ListItem","position":1,"name":"Dom\u016f","item":"https:\/\/shopatoa.com\/cz\/"},{"@type":"ListItem","position":2,"name":"Produkty","item":"https:\/\/shopatoa.com\/cz\/shop\/"},{"@type":"ListItem","position":3,"name":"Chovatelsk\u00e9 pot\u0159eby","item":"https:\/\/shopatoa.com\/cz\/chovatelske-potreby-2\/"},{"@type":"ListItem","position":4,"name":"Pro hlodavce","item":"https:\/\/shopatoa.com\/cz\/pro-hlodavce\/"},{"@type":"ListItem","position":5,"name":"Hygiena a kosmetika pro hlodavce","item":"https:\/\/shopatoa.com\/cz\/hygiena-a-kosmetika-pro-hlodavce\/"},{"@type":"ListItem","position":6,"name":"Podest\u00fdlky pro hlodavce","item":"https:\/\/shopatoa.com\/cz\/podestylky-pro-hlodavce\/"},{"@type":"ListItem","position":7,"name":"Podest\u00fdlka Asan Petit 5l"}]},{"@type":"WebSite","@id":"https:\/\/shopatoa.com\/cz\/#website","url":"https:\/\/shopatoa.com\/cz\/","name":"SHOPATOA","description":"","publisher":{"@id":"https:\/\/shopatoa.com\/cz\/#organization"},"potentialAction":[{"@type":"SearchAction","target":{"@type":"EntryPoint","urlTemplate":"https:\/\/shopatoa.com\/cz\/?s={search_term_string}"},"query-input":{"@type":"PropertyValueSpecification","valueRequired":true,"valueName":"search_term_string"}}],"inLanguage":"cs"},{"@type":"Organization","@id":"https:\/\/shopatoa.com\/cz\/#organization","name":"SHOPATOA Digital s.r.o.","url":"https:\/\/shopatoa.com\/cz\/","logo":{"@type":"ImageObject","inLanguage":"cs","@id":"https:\/\/shopatoa.com\/cz\/#\/schema\/logo\/image\/","url":"https:\/\/storage.googleapis.com\/cz-shopatoa-img\/cz\/ebccf434-shopatoa_logo.png","contentUrl":"https:\/\/storage.googleapis.com\/cz-shopatoa-img\/cz\/ebccf434-shopatoa_logo.png","width":416,"height":63,"caption":"SHOPATOA Digital s.r.o."},"image":{"@id":"https:\/\/shopatoa.com\/cz\/#\/schema\/logo\/image\/"}}]}},"_links":{"self":[{"href":"https:\/\/shopatoa.com\/cz\/wp-json\/wp\/v2\/product\/251548","targetHints":{"allow":["GET"]}}],"collection":[{"href":"https:\/\/shopatoa.com\/cz\/wp-json\/wp\/v2\/product"}],"about":[{"href":"https:\/\/shopatoa.com\/cz\/wp-json\/wp\/v2\/types\/product"}],"replies":[{"embeddable":true,"href":"https:\/\/shopatoa.com\/cz\/wp-json\/wp\/v2\/comments?post=251548"}],"wp:featuredmedia":[{"embeddable":true,"href":"https:\/\/shopatoa.com\/cz\/wp-json\/wp\/v2\/media\/251549"}],"wp:attachment":[{"href":"https:\/\/shopatoa.com\/cz\/wp-json\/wp\/v2\/media?parent=251548"}],"wp:term":[{"taxonomy":"product_brand","embeddable":true,"href":"https:\/\/shopatoa.com\/cz\/wp-json\/wp\/v2\/product_brand?post=251548"},{"taxonomy":"product_cat","embeddable":true,"href":"https:\/\/shopatoa.com\/cz\/wp-json\/wp\/v2\/product_cat?post=251548"},{"taxonomy":"product_tag","embeddable":true,"href":"https:\/\/shopatoa.com\/cz\/wp-json\/wp\/v2\/product_tag?post=251548"}],"curies":[{"name":"wp","href":"https:\/\/api.w.org\/{rel}","templated":true}]}}