{"id":252120,"date":"2025-04-03T13:45:02","date_gmt":"2025-04-03T11:45:02","guid":{"rendered":"https:\/\/shopatoa.com\/cz\/?post_type=product&#038;p=252120"},"modified":"2026-02-03T23:21:50","modified_gmt":"2026-02-03T22:21:50","slug":"voditko-tamer-lanove-easylong-twist-mini-2m-zelene","status":"publish","type":"product","link":"https:\/\/shopatoa.com\/cz\/voditko-tamer-lanove-easylong-twist-mini-2m-zelene\/","title":{"rendered":"Vod\u00edtko Tamer lanov\u00e9 Easylong Twist mini 2m zelen\u00e9"},"content":{"rendered":"<p>Kvalitn\u00ed, ru\u010dn\u011b vyr\u00e1b\u011bn\u00e9 vod\u00edtko\u00a0s\u00a0origin\u00e1ln\u00edm posuvn\u00fdm syst\u00e9mem umo\u017en\u00ed nastaven\u00ed d\u00e9lky vod\u00edtka v\u00a0cel\u00e9 d\u00e9lce\u00a0snadn\u00fdm pohybem n\u011bkolika prsty. Vod\u00edtko je osazeno\u00a0odleh\u010den\u00fdmi karabinami\u00a0na obou konc\u00edch a st\u00e1v\u00e1 se tak variabiln\u011bj\u0161\u00edm.<\/p>\n<p>Pot\u011b\u0161\u00ed v\u00e1s nejenom kvalitn\u00ed\u00a0zpracov\u00e1n\u00ed\u00a0a nad\u010dasov\u00fd\u00a0design, ale tak\u00e9\u00a0extr\u00e9mn\u011b dlouh\u00e1 \u017eivotnost. Vod\u00edtko je d\u00edky sv\u00e9 n\u00edzk\u00e9 hmotnosti ide\u00e1ln\u00ed pro nejmen\u0161\u00ed plemena. V\u017edy v\u0161ak bude z\u00e1le\u017eet na preferenc\u00edch p\u00e1n\u00ed\u010dka a t\u011blesn\u00e9 konstituci chlup\u00e1\u010de.<\/p>\n<p>D\u00e9lka: 2 m<\/p>\n<p>Pr\u016fm\u011br lana: 6 mm<\/p>\n","protected":false},"excerpt":{"rendered":"<p>Kvalitn\u00ed, ru\u010dn\u011b vyr\u00e1b\u011bn\u00e9 vod\u00edtko\u00a0s\u00a0origin\u00e1ln\u00edm posuvn\u00fdm syst\u00e9mem umo\u017en\u00ed nastaven\u00ed d\u00e9lky vod\u00edtka v\u00a0cel\u00e9 d\u00e9lce\u00a0snadn\u00fdm pohybem n\u011bkolika prsty. Vod\u00edtko je osazeno\u00a0odleh\u010den\u00fdmi karabinami\u00a0na obou konc\u00edch a st\u00e1v\u00e1 se tak variabiln\u011bj\u0161\u00edm. Pot\u011b\u0161\u00ed v\u00e1s nejenom kvalitn\u00ed\u00a0zpracov\u00e1n\u00ed\u00a0a nad\u010dasov\u00fd\u00a0design, ale tak\u00e9\u00a0extr\u00e9mn\u011b dlouh\u00e1 \u017eivotnost. Vod\u00edtko je d\u00edky sv\u00e9 n\u00edzk\u00e9 hmotnosti ide\u00e1ln\u00ed pro nejmen\u0161\u00ed plemena. V\u017edy v\u0161ak bude z\u00e1le\u017eet na preferenc\u00edch p\u00e1n\u00ed\u010dka a t\u011blesn\u00e9 konstituci&#8230;<\/p>\n","protected":false},"featured_media":252121,"comment_status":"closed","ping_status":"open","template":"","meta":{"_acf_changed":false,"_kadence_starter_templates_imported_post":false,"_kad_post_transparent":"","_kad_post_title":"","_kad_post_layout":"","_kad_post_sidebar_id":"","_kad_post_content_style":"","_kad_post_vertical_padding":"","_kad_post_feature":"","_kad_post_feature_position":"","_kad_post_header":false,"_kad_post_footer":false,"_kad_post_classname":""},"product_brand":[2735],"product_cat":[436,2506,739,2633],"product_tag":[],"class_list":{"0":"post-252120","1":"product","2":"type-product","3":"status-publish","4":"has-post-thumbnail","6":"product_brand-tamer","7":"product_cat-chovatelske-potreby-2","8":"product_cat-obojky-a-voditka-pro-psy","9":"product_cat-pro-psy-chovatelske-potreby-2","10":"product_cat-voditka-pro-psy","11":"pa_obchod-superzoo-cz","13":"first","14":"instock","15":"product-type-external","16":"entry","17":"content-bg","18":"loop-entry"},"acf":[],"yoast_head":"<!-- This site is optimized with the Yoast SEO plugin v27.4 - https:\/\/yoast.com\/product\/yoast-seo-wordpress\/ -->\n<title>Vod\u00edtko Tamer lanov\u00e9 Easylong Twist mini 2m zelen\u00e9 - SHOPATOA.COM<\/title>\n<meta name=\"robots\" content=\"index, follow, max-snippet:-1, max-image-preview:large, max-video-preview:-1\" \/>\n<link rel=\"canonical\" href=\"https:\/\/shopatoa.com\/cz\/voditko-tamer-lanove-easylong-twist-mini-2m-zelene\/\" \/>\n<meta property=\"og:locale\" content=\"cs_CZ\" \/>\n<meta property=\"og:type\" content=\"article\" \/>\n<meta property=\"og:title\" content=\"Vod\u00edtko Tamer lanov\u00e9 Easylong Twist mini 2m zelen\u00e9 - SHOPATOA.COM\" \/>\n<meta property=\"og:description\" content=\"Kvalitn\u00ed, ru\u010dn\u011b vyr\u00e1b\u011bn\u00e9 vod\u00edtko\u00a0s\u00a0origin\u00e1ln\u00edm posuvn\u00fdm syst\u00e9mem umo\u017en\u00ed nastaven\u00ed d\u00e9lky vod\u00edtka v\u00a0cel\u00e9 d\u00e9lce\u00a0snadn\u00fdm pohybem n\u011bkolika prsty. Vod\u00edtko je osazeno\u00a0odleh\u010den\u00fdmi karabinami\u00a0na obou konc\u00edch a st\u00e1v\u00e1 se tak variabiln\u011bj\u0161\u00edm. Pot\u011b\u0161\u00ed v\u00e1s nejenom kvalitn\u00ed\u00a0zpracov\u00e1n\u00ed\u00a0a nad\u010dasov\u00fd\u00a0design, ale tak\u00e9\u00a0extr\u00e9mn\u011b dlouh\u00e1 \u017eivotnost. Vod\u00edtko je d\u00edky sv\u00e9 n\u00edzk\u00e9 hmotnosti ide\u00e1ln\u00ed pro nejmen\u0161\u00ed plemena. V\u017edy v\u0161ak bude z\u00e1le\u017eet na preferenc\u00edch p\u00e1n\u00ed\u010dka a t\u011blesn\u00e9 konstituci...\" \/>\n<meta property=\"og:url\" content=\"https:\/\/shopatoa.com\/cz\/voditko-tamer-lanove-easylong-twist-mini-2m-zelene\/\" \/>\n<meta property=\"og:site_name\" content=\"SHOPATOA\" \/>\n<meta property=\"article:modified_time\" content=\"2026-02-03T22:21:50+00:00\" \/>\n<meta property=\"og:image\" content=\"https:\/\/storage.googleapis.com\/cz-shopatoa-img\/cz\/7da73dd0-1_79533.jpg\" \/>\n\t<meta property=\"og:image:width\" content=\"600\" \/>\n\t<meta property=\"og:image:height\" content=\"600\" \/>\n\t<meta property=\"og:image:type\" content=\"image\/jpeg\" \/>\n<meta name=\"twitter:card\" content=\"summary_large_image\" \/>\n<meta name=\"twitter:label1\" content=\"Odhadovan\u00e1 doba \u010dten\u00ed\" \/>\n\t<meta name=\"twitter:data1\" content=\"1 minuta\" \/>\n<script type=\"application\/ld+json\" class=\"yoast-schema-graph\">{\"@context\":\"https:\\\/\\\/schema.org\",\"@graph\":[{\"@type\":\"WebPage\",\"@id\":\"https:\\\/\\\/shopatoa.com\\\/cz\\\/voditko-tamer-lanove-easylong-twist-mini-2m-zelene\\\/\",\"url\":\"https:\\\/\\\/shopatoa.com\\\/cz\\\/voditko-tamer-lanove-easylong-twist-mini-2m-zelene\\\/\",\"name\":\"Vod\u00edtko Tamer lanov\u00e9 Easylong Twist mini 2m zelen\u00e9 - SHOPATOA.COM\",\"isPartOf\":{\"@id\":\"https:\\\/\\\/shopatoa.com\\\/cz\\\/#website\"},\"primaryImageOfPage\":{\"@id\":\"https:\\\/\\\/shopatoa.com\\\/cz\\\/voditko-tamer-lanove-easylong-twist-mini-2m-zelene\\\/#primaryimage\"},\"image\":{\"@id\":\"https:\\\/\\\/shopatoa.com\\\/cz\\\/voditko-tamer-lanove-easylong-twist-mini-2m-zelene\\\/#primaryimage\"},\"thumbnailUrl\":\"https:\\\/\\\/storage.googleapis.com\\\/cz-shopatoa-img\\\/cz\\\/7da73dd0-1_79533.jpg\",\"datePublished\":\"2025-04-03T11:45:02+00:00\",\"dateModified\":\"2026-02-03T22:21:50+00:00\",\"breadcrumb\":{\"@id\":\"https:\\\/\\\/shopatoa.com\\\/cz\\\/voditko-tamer-lanove-easylong-twist-mini-2m-zelene\\\/#breadcrumb\"},\"inLanguage\":\"cs\",\"potentialAction\":[{\"@type\":\"ReadAction\",\"target\":[\"https:\\\/\\\/shopatoa.com\\\/cz\\\/voditko-tamer-lanove-easylong-twist-mini-2m-zelene\\\/\"]}]},{\"@type\":\"ImageObject\",\"inLanguage\":\"cs\",\"@id\":\"https:\\\/\\\/shopatoa.com\\\/cz\\\/voditko-tamer-lanove-easylong-twist-mini-2m-zelene\\\/#primaryimage\",\"url\":\"https:\\\/\\\/storage.googleapis.com\\\/cz-shopatoa-img\\\/cz\\\/7da73dd0-1_79533.jpg\",\"contentUrl\":\"https:\\\/\\\/storage.googleapis.com\\\/cz-shopatoa-img\\\/cz\\\/7da73dd0-1_79533.jpg\",\"width\":600,\"height\":600},{\"@type\":\"BreadcrumbList\",\"@id\":\"https:\\\/\\\/shopatoa.com\\\/cz\\\/voditko-tamer-lanove-easylong-twist-mini-2m-zelene\\\/#breadcrumb\",\"itemListElement\":[{\"@type\":\"ListItem\",\"position\":1,\"name\":\"Dom\u016f\",\"item\":\"https:\\\/\\\/shopatoa.com\\\/cz\\\/\"},{\"@type\":\"ListItem\",\"position\":2,\"name\":\"Produkty\",\"item\":\"https:\\\/\\\/shopatoa.com\\\/cz\\\/shop\\\/\"},{\"@type\":\"ListItem\",\"position\":3,\"name\":\"Chovatelsk\u00e9 pot\u0159eby\",\"item\":\"https:\\\/\\\/shopatoa.com\\\/cz\\\/chovatelske-potreby-2\\\/\"},{\"@type\":\"ListItem\",\"position\":4,\"name\":\"Pro psy\",\"item\":\"https:\\\/\\\/shopatoa.com\\\/cz\\\/pro-psy-chovatelske-potreby-2\\\/\"},{\"@type\":\"ListItem\",\"position\":5,\"name\":\"Obojky a vod\u00edtka pro psy\",\"item\":\"https:\\\/\\\/shopatoa.com\\\/cz\\\/obojky-a-voditka-pro-psy\\\/\"},{\"@type\":\"ListItem\",\"position\":6,\"name\":\"Vod\u00edtka pro psy\",\"item\":\"https:\\\/\\\/shopatoa.com\\\/cz\\\/voditka-pro-psy\\\/\"},{\"@type\":\"ListItem\",\"position\":7,\"name\":\"Vod\u00edtko Tamer lanov\u00e9 Easylong Twist mini 2m zelen\u00e9\"}]},{\"@type\":\"WebSite\",\"@id\":\"https:\\\/\\\/shopatoa.com\\\/cz\\\/#website\",\"url\":\"https:\\\/\\\/shopatoa.com\\\/cz\\\/\",\"name\":\"SHOPATOA\",\"description\":\"\",\"publisher\":{\"@id\":\"https:\\\/\\\/shopatoa.com\\\/cz\\\/#organization\"},\"potentialAction\":[{\"@type\":\"SearchAction\",\"target\":{\"@type\":\"EntryPoint\",\"urlTemplate\":\"https:\\\/\\\/shopatoa.com\\\/cz\\\/?s={search_term_string}\"},\"query-input\":{\"@type\":\"PropertyValueSpecification\",\"valueRequired\":true,\"valueName\":\"search_term_string\"}}],\"inLanguage\":\"cs\"},{\"@type\":\"Organization\",\"@id\":\"https:\\\/\\\/shopatoa.com\\\/cz\\\/#organization\",\"name\":\"SHOPATOA Digital s.r.o.\",\"url\":\"https:\\\/\\\/shopatoa.com\\\/cz\\\/\",\"logo\":{\"@type\":\"ImageObject\",\"inLanguage\":\"cs\",\"@id\":\"https:\\\/\\\/shopatoa.com\\\/cz\\\/#\\\/schema\\\/logo\\\/image\\\/\",\"url\":\"https:\\\/\\\/storage.googleapis.com\\\/cz-shopatoa-img\\\/cz\\\/ebccf434-shopatoa_logo.png\",\"contentUrl\":\"https:\\\/\\\/storage.googleapis.com\\\/cz-shopatoa-img\\\/cz\\\/ebccf434-shopatoa_logo.png\",\"width\":416,\"height\":63,\"caption\":\"SHOPATOA Digital s.r.o.\"},\"image\":{\"@id\":\"https:\\\/\\\/shopatoa.com\\\/cz\\\/#\\\/schema\\\/logo\\\/image\\\/\"}}]}<\/script>\n<!-- \/ Yoast SEO plugin. -->","yoast_head_json":{"title":"Vod\u00edtko Tamer lanov\u00e9 Easylong Twist mini 2m zelen\u00e9 - SHOPATOA.COM","robots":{"index":"index","follow":"follow","max-snippet":"max-snippet:-1","max-image-preview":"max-image-preview:large","max-video-preview":"max-video-preview:-1"},"canonical":"https:\/\/shopatoa.com\/cz\/voditko-tamer-lanove-easylong-twist-mini-2m-zelene\/","og_locale":"cs_CZ","og_type":"article","og_title":"Vod\u00edtko Tamer lanov\u00e9 Easylong Twist mini 2m zelen\u00e9 - SHOPATOA.COM","og_description":"Kvalitn\u00ed, ru\u010dn\u011b vyr\u00e1b\u011bn\u00e9 vod\u00edtko\u00a0s\u00a0origin\u00e1ln\u00edm posuvn\u00fdm syst\u00e9mem umo\u017en\u00ed nastaven\u00ed d\u00e9lky vod\u00edtka v\u00a0cel\u00e9 d\u00e9lce\u00a0snadn\u00fdm pohybem n\u011bkolika prsty. Vod\u00edtko je osazeno\u00a0odleh\u010den\u00fdmi karabinami\u00a0na obou konc\u00edch a st\u00e1v\u00e1 se tak variabiln\u011bj\u0161\u00edm. Pot\u011b\u0161\u00ed v\u00e1s nejenom kvalitn\u00ed\u00a0zpracov\u00e1n\u00ed\u00a0a nad\u010dasov\u00fd\u00a0design, ale tak\u00e9\u00a0extr\u00e9mn\u011b dlouh\u00e1 \u017eivotnost. Vod\u00edtko je d\u00edky sv\u00e9 n\u00edzk\u00e9 hmotnosti ide\u00e1ln\u00ed pro nejmen\u0161\u00ed plemena. V\u017edy v\u0161ak bude z\u00e1le\u017eet na preferenc\u00edch p\u00e1n\u00ed\u010dka a t\u011blesn\u00e9 konstituci...","og_url":"https:\/\/shopatoa.com\/cz\/voditko-tamer-lanove-easylong-twist-mini-2m-zelene\/","og_site_name":"SHOPATOA","article_modified_time":"2026-02-03T22:21:50+00:00","og_image":[{"width":600,"height":600,"url":"https:\/\/storage.googleapis.com\/cz-shopatoa-img\/cz\/7da73dd0-1_79533.jpg","type":"image\/jpeg"}],"twitter_card":"summary_large_image","twitter_misc":{"Odhadovan\u00e1 doba \u010dten\u00ed":"1 minuta"},"schema":{"@context":"https:\/\/schema.org","@graph":[{"@type":"WebPage","@id":"https:\/\/shopatoa.com\/cz\/voditko-tamer-lanove-easylong-twist-mini-2m-zelene\/","url":"https:\/\/shopatoa.com\/cz\/voditko-tamer-lanove-easylong-twist-mini-2m-zelene\/","name":"Vod\u00edtko Tamer lanov\u00e9 Easylong Twist mini 2m zelen\u00e9 - SHOPATOA.COM","isPartOf":{"@id":"https:\/\/shopatoa.com\/cz\/#website"},"primaryImageOfPage":{"@id":"https:\/\/shopatoa.com\/cz\/voditko-tamer-lanove-easylong-twist-mini-2m-zelene\/#primaryimage"},"image":{"@id":"https:\/\/shopatoa.com\/cz\/voditko-tamer-lanove-easylong-twist-mini-2m-zelene\/#primaryimage"},"thumbnailUrl":"https:\/\/storage.googleapis.com\/cz-shopatoa-img\/cz\/7da73dd0-1_79533.jpg","datePublished":"2025-04-03T11:45:02+00:00","dateModified":"2026-02-03T22:21:50+00:00","breadcrumb":{"@id":"https:\/\/shopatoa.com\/cz\/voditko-tamer-lanove-easylong-twist-mini-2m-zelene\/#breadcrumb"},"inLanguage":"cs","potentialAction":[{"@type":"ReadAction","target":["https:\/\/shopatoa.com\/cz\/voditko-tamer-lanove-easylong-twist-mini-2m-zelene\/"]}]},{"@type":"ImageObject","inLanguage":"cs","@id":"https:\/\/shopatoa.com\/cz\/voditko-tamer-lanove-easylong-twist-mini-2m-zelene\/#primaryimage","url":"https:\/\/storage.googleapis.com\/cz-shopatoa-img\/cz\/7da73dd0-1_79533.jpg","contentUrl":"https:\/\/storage.googleapis.com\/cz-shopatoa-img\/cz\/7da73dd0-1_79533.jpg","width":600,"height":600},{"@type":"BreadcrumbList","@id":"https:\/\/shopatoa.com\/cz\/voditko-tamer-lanove-easylong-twist-mini-2m-zelene\/#breadcrumb","itemListElement":[{"@type":"ListItem","position":1,"name":"Dom\u016f","item":"https:\/\/shopatoa.com\/cz\/"},{"@type":"ListItem","position":2,"name":"Produkty","item":"https:\/\/shopatoa.com\/cz\/shop\/"},{"@type":"ListItem","position":3,"name":"Chovatelsk\u00e9 pot\u0159eby","item":"https:\/\/shopatoa.com\/cz\/chovatelske-potreby-2\/"},{"@type":"ListItem","position":4,"name":"Pro psy","item":"https:\/\/shopatoa.com\/cz\/pro-psy-chovatelske-potreby-2\/"},{"@type":"ListItem","position":5,"name":"Obojky a vod\u00edtka pro psy","item":"https:\/\/shopatoa.com\/cz\/obojky-a-voditka-pro-psy\/"},{"@type":"ListItem","position":6,"name":"Vod\u00edtka pro psy","item":"https:\/\/shopatoa.com\/cz\/voditka-pro-psy\/"},{"@type":"ListItem","position":7,"name":"Vod\u00edtko Tamer lanov\u00e9 Easylong Twist mini 2m zelen\u00e9"}]},{"@type":"WebSite","@id":"https:\/\/shopatoa.com\/cz\/#website","url":"https:\/\/shopatoa.com\/cz\/","name":"SHOPATOA","description":"","publisher":{"@id":"https:\/\/shopatoa.com\/cz\/#organization"},"potentialAction":[{"@type":"SearchAction","target":{"@type":"EntryPoint","urlTemplate":"https:\/\/shopatoa.com\/cz\/?s={search_term_string}"},"query-input":{"@type":"PropertyValueSpecification","valueRequired":true,"valueName":"search_term_string"}}],"inLanguage":"cs"},{"@type":"Organization","@id":"https:\/\/shopatoa.com\/cz\/#organization","name":"SHOPATOA Digital s.r.o.","url":"https:\/\/shopatoa.com\/cz\/","logo":{"@type":"ImageObject","inLanguage":"cs","@id":"https:\/\/shopatoa.com\/cz\/#\/schema\/logo\/image\/","url":"https:\/\/storage.googleapis.com\/cz-shopatoa-img\/cz\/ebccf434-shopatoa_logo.png","contentUrl":"https:\/\/storage.googleapis.com\/cz-shopatoa-img\/cz\/ebccf434-shopatoa_logo.png","width":416,"height":63,"caption":"SHOPATOA Digital s.r.o."},"image":{"@id":"https:\/\/shopatoa.com\/cz\/#\/schema\/logo\/image\/"}}]}},"_links":{"self":[{"href":"https:\/\/shopatoa.com\/cz\/wp-json\/wp\/v2\/product\/252120","targetHints":{"allow":["GET"]}}],"collection":[{"href":"https:\/\/shopatoa.com\/cz\/wp-json\/wp\/v2\/product"}],"about":[{"href":"https:\/\/shopatoa.com\/cz\/wp-json\/wp\/v2\/types\/product"}],"replies":[{"embeddable":true,"href":"https:\/\/shopatoa.com\/cz\/wp-json\/wp\/v2\/comments?post=252120"}],"wp:featuredmedia":[{"embeddable":true,"href":"https:\/\/shopatoa.com\/cz\/wp-json\/wp\/v2\/media\/252121"}],"wp:attachment":[{"href":"https:\/\/shopatoa.com\/cz\/wp-json\/wp\/v2\/media?parent=252120"}],"wp:term":[{"taxonomy":"product_brand","embeddable":true,"href":"https:\/\/shopatoa.com\/cz\/wp-json\/wp\/v2\/product_brand?post=252120"},{"taxonomy":"product_cat","embeddable":true,"href":"https:\/\/shopatoa.com\/cz\/wp-json\/wp\/v2\/product_cat?post=252120"},{"taxonomy":"product_tag","embeddable":true,"href":"https:\/\/shopatoa.com\/cz\/wp-json\/wp\/v2\/product_tag?post=252120"}],"curies":[{"name":"wp","href":"https:\/\/api.w.org\/{rel}","templated":true}]}}