{"id":252276,"date":"2025-04-03T14:12:00","date_gmt":"2025-04-03T12:12:00","guid":{"rendered":"https:\/\/shopatoa.com\/cz\/?post_type=product&#038;p=252276"},"modified":"2026-02-01T00:18:20","modified_gmt":"2026-01-31T23:18:20","slug":"zamek-repti-planet-s-ciselnym-kodem","status":"publish","type":"product","link":"https:\/\/shopatoa.com\/cz\/zamek-repti-planet-s-ciselnym-kodem\/","title":{"rendered":"Z\u00e1mek Repti Planet s \u010d\u00edseln\u00fdm k\u00f3dem"},"content":{"rendered":"<p>Bezpe\u010dnostn\u00ed z\u00e1mek s \u010d\u00edseln\u00fdm k\u00f3dem. Vhodn\u00e9 pro v\u0161echny typy sklen\u011bn\u00fdch ter\u00e1ri\u00ed Repti Planet. Pro ter\u00e1ria s posuvn\u00fdmi dv\u00ed\u0159ky je nutn\u00e9 pou\u017e\u00edt z\u00e1mek 007-60900. Zabra\u0148uje n\u00e1hodn\u00e9mu otev\u0159en\u00ed ter\u00e1ria. Snadn\u00e9 pou\u017eit\u00ed.<\/p>\n","protected":false},"excerpt":{"rendered":"<p>Bezpe\u010dnostn\u00ed z\u00e1mek s \u010d\u00edseln\u00fdm k\u00f3dem. Vhodn\u00e9 pro v\u0161echny typy sklen\u011bn\u00fdch ter\u00e1ri\u00ed Repti Planet. Pro ter\u00e1ria s posuvn\u00fdmi dv\u00ed\u0159ky je nutn\u00e9 pou\u017e\u00edt z\u00e1mek 007-60900. Zabra\u0148uje n\u00e1hodn\u00e9mu otev\u0159en\u00ed ter\u00e1ria. Snadn\u00e9 pou\u017eit\u00ed.<\/p>\n","protected":false},"featured_media":252277,"comment_status":"closed","ping_status":"open","template":"","meta":{"_acf_changed":false,"_kadence_starter_templates_imported_post":false,"_kad_post_transparent":"","_kad_post_title":"","_kad_post_layout":"","_kad_post_sidebar_id":"","_kad_post_content_style":"","_kad_post_vertical_padding":"","_kad_post_feature":"","_kad_post_feature_position":"","_kad_post_header":false,"_kad_post_footer":false,"_kad_post_classname":""},"product_brand":[2722],"product_cat":[358,2731],"product_tag":[],"class_list":{"0":"post-252276","1":"product","2":"type-product","3":"status-publish","4":"has-post-thumbnail","6":"product_brand-repti-planet","7":"product_cat-eroticke-pomucky","8":"product_cat-eroticke-pomucky-pro-zeny","9":"pa_obchod-superzoo-cz","11":"first","12":"instock","13":"product-type-external","14":"entry","15":"content-bg","16":"loop-entry"},"acf":[],"yoast_head":"<!-- This site is optimized with the Yoast SEO plugin v27.4 - https:\/\/yoast.com\/product\/yoast-seo-wordpress\/ -->\n<title>Z\u00e1mek Repti Planet s \u010d\u00edseln\u00fdm k\u00f3dem - SHOPATOA.COM<\/title>\n<meta name=\"robots\" content=\"index, follow, max-snippet:-1, max-image-preview:large, max-video-preview:-1\" \/>\n<link rel=\"canonical\" href=\"https:\/\/shopatoa.com\/cz\/zamek-repti-planet-s-ciselnym-kodem\/\" \/>\n<meta property=\"og:locale\" content=\"cs_CZ\" \/>\n<meta property=\"og:type\" content=\"article\" \/>\n<meta property=\"og:title\" content=\"Z\u00e1mek Repti Planet s \u010d\u00edseln\u00fdm k\u00f3dem - SHOPATOA.COM\" \/>\n<meta property=\"og:description\" content=\"Bezpe\u010dnostn\u00ed z\u00e1mek s \u010d\u00edseln\u00fdm k\u00f3dem. Vhodn\u00e9 pro v\u0161echny typy sklen\u011bn\u00fdch ter\u00e1ri\u00ed Repti Planet. Pro ter\u00e1ria s posuvn\u00fdmi dv\u00ed\u0159ky je nutn\u00e9 pou\u017e\u00edt z\u00e1mek 007-60900. Zabra\u0148uje n\u00e1hodn\u00e9mu otev\u0159en\u00ed ter\u00e1ria. Snadn\u00e9 pou\u017eit\u00ed.\" \/>\n<meta property=\"og:url\" content=\"https:\/\/shopatoa.com\/cz\/zamek-repti-planet-s-ciselnym-kodem\/\" \/>\n<meta property=\"og:site_name\" content=\"SHOPATOA\" \/>\n<meta property=\"article:modified_time\" content=\"2026-01-31T23:18:20+00:00\" \/>\n<meta property=\"og:image\" content=\"https:\/\/storage.googleapis.com\/cz-shopatoa-img\/cz\/8dd98ce2-1_80279.jpg\" \/>\n\t<meta property=\"og:image:width\" content=\"600\" \/>\n\t<meta property=\"og:image:height\" content=\"600\" \/>\n\t<meta property=\"og:image:type\" content=\"image\/jpeg\" \/>\n<meta name=\"twitter:card\" content=\"summary_large_image\" \/>\n<script type=\"application\/ld+json\" class=\"yoast-schema-graph\">{\"@context\":\"https:\\\/\\\/schema.org\",\"@graph\":[{\"@type\":\"WebPage\",\"@id\":\"https:\\\/\\\/shopatoa.com\\\/cz\\\/zamek-repti-planet-s-ciselnym-kodem\\\/\",\"url\":\"https:\\\/\\\/shopatoa.com\\\/cz\\\/zamek-repti-planet-s-ciselnym-kodem\\\/\",\"name\":\"Z\u00e1mek Repti Planet s \u010d\u00edseln\u00fdm k\u00f3dem - SHOPATOA.COM\",\"isPartOf\":{\"@id\":\"https:\\\/\\\/shopatoa.com\\\/cz\\\/#website\"},\"primaryImageOfPage\":{\"@id\":\"https:\\\/\\\/shopatoa.com\\\/cz\\\/zamek-repti-planet-s-ciselnym-kodem\\\/#primaryimage\"},\"image\":{\"@id\":\"https:\\\/\\\/shopatoa.com\\\/cz\\\/zamek-repti-planet-s-ciselnym-kodem\\\/#primaryimage\"},\"thumbnailUrl\":\"https:\\\/\\\/storage.googleapis.com\\\/cz-shopatoa-img\\\/cz\\\/8dd98ce2-1_80279.jpg\",\"datePublished\":\"2025-04-03T12:12:00+00:00\",\"dateModified\":\"2026-01-31T23:18:20+00:00\",\"breadcrumb\":{\"@id\":\"https:\\\/\\\/shopatoa.com\\\/cz\\\/zamek-repti-planet-s-ciselnym-kodem\\\/#breadcrumb\"},\"inLanguage\":\"cs\",\"potentialAction\":[{\"@type\":\"ReadAction\",\"target\":[\"https:\\\/\\\/shopatoa.com\\\/cz\\\/zamek-repti-planet-s-ciselnym-kodem\\\/\"]}]},{\"@type\":\"ImageObject\",\"inLanguage\":\"cs\",\"@id\":\"https:\\\/\\\/shopatoa.com\\\/cz\\\/zamek-repti-planet-s-ciselnym-kodem\\\/#primaryimage\",\"url\":\"https:\\\/\\\/storage.googleapis.com\\\/cz-shopatoa-img\\\/cz\\\/8dd98ce2-1_80279.jpg\",\"contentUrl\":\"https:\\\/\\\/storage.googleapis.com\\\/cz-shopatoa-img\\\/cz\\\/8dd98ce2-1_80279.jpg\",\"width\":600,\"height\":600},{\"@type\":\"BreadcrumbList\",\"@id\":\"https:\\\/\\\/shopatoa.com\\\/cz\\\/zamek-repti-planet-s-ciselnym-kodem\\\/#breadcrumb\",\"itemListElement\":[{\"@type\":\"ListItem\",\"position\":1,\"name\":\"Dom\u016f\",\"item\":\"https:\\\/\\\/shopatoa.com\\\/cz\\\/\"},{\"@type\":\"ListItem\",\"position\":2,\"name\":\"Produkty\",\"item\":\"https:\\\/\\\/shopatoa.com\\\/cz\\\/shop\\\/\"},{\"@type\":\"ListItem\",\"position\":3,\"name\":\"Erotick\u00e9 pom\u016fcky\",\"item\":\"https:\\\/\\\/shopatoa.com\\\/cz\\\/eroticke-pomucky\\\/\"},{\"@type\":\"ListItem\",\"position\":4,\"name\":\"Erotick\u00e9 pom\u016fcky pro \u017eeny\",\"item\":\"https:\\\/\\\/shopatoa.com\\\/cz\\\/eroticke-pomucky-pro-zeny\\\/\"},{\"@type\":\"ListItem\",\"position\":5,\"name\":\"Z\u00e1mek Repti Planet s \u010d\u00edseln\u00fdm k\u00f3dem\"}]},{\"@type\":\"WebSite\",\"@id\":\"https:\\\/\\\/shopatoa.com\\\/cz\\\/#website\",\"url\":\"https:\\\/\\\/shopatoa.com\\\/cz\\\/\",\"name\":\"SHOPATOA\",\"description\":\"\",\"publisher\":{\"@id\":\"https:\\\/\\\/shopatoa.com\\\/cz\\\/#organization\"},\"potentialAction\":[{\"@type\":\"SearchAction\",\"target\":{\"@type\":\"EntryPoint\",\"urlTemplate\":\"https:\\\/\\\/shopatoa.com\\\/cz\\\/?s={search_term_string}\"},\"query-input\":{\"@type\":\"PropertyValueSpecification\",\"valueRequired\":true,\"valueName\":\"search_term_string\"}}],\"inLanguage\":\"cs\"},{\"@type\":\"Organization\",\"@id\":\"https:\\\/\\\/shopatoa.com\\\/cz\\\/#organization\",\"name\":\"SHOPATOA Digital s.r.o.\",\"url\":\"https:\\\/\\\/shopatoa.com\\\/cz\\\/\",\"logo\":{\"@type\":\"ImageObject\",\"inLanguage\":\"cs\",\"@id\":\"https:\\\/\\\/shopatoa.com\\\/cz\\\/#\\\/schema\\\/logo\\\/image\\\/\",\"url\":\"https:\\\/\\\/storage.googleapis.com\\\/cz-shopatoa-img\\\/cz\\\/ebccf434-shopatoa_logo.png\",\"contentUrl\":\"https:\\\/\\\/storage.googleapis.com\\\/cz-shopatoa-img\\\/cz\\\/ebccf434-shopatoa_logo.png\",\"width\":416,\"height\":63,\"caption\":\"SHOPATOA Digital s.r.o.\"},\"image\":{\"@id\":\"https:\\\/\\\/shopatoa.com\\\/cz\\\/#\\\/schema\\\/logo\\\/image\\\/\"}}]}<\/script>\n<!-- \/ Yoast SEO plugin. -->","yoast_head_json":{"title":"Z\u00e1mek Repti Planet s \u010d\u00edseln\u00fdm k\u00f3dem - SHOPATOA.COM","robots":{"index":"index","follow":"follow","max-snippet":"max-snippet:-1","max-image-preview":"max-image-preview:large","max-video-preview":"max-video-preview:-1"},"canonical":"https:\/\/shopatoa.com\/cz\/zamek-repti-planet-s-ciselnym-kodem\/","og_locale":"cs_CZ","og_type":"article","og_title":"Z\u00e1mek Repti Planet s \u010d\u00edseln\u00fdm k\u00f3dem - SHOPATOA.COM","og_description":"Bezpe\u010dnostn\u00ed z\u00e1mek s \u010d\u00edseln\u00fdm k\u00f3dem. Vhodn\u00e9 pro v\u0161echny typy sklen\u011bn\u00fdch ter\u00e1ri\u00ed Repti Planet. Pro ter\u00e1ria s posuvn\u00fdmi dv\u00ed\u0159ky je nutn\u00e9 pou\u017e\u00edt z\u00e1mek 007-60900. Zabra\u0148uje n\u00e1hodn\u00e9mu otev\u0159en\u00ed ter\u00e1ria. Snadn\u00e9 pou\u017eit\u00ed.","og_url":"https:\/\/shopatoa.com\/cz\/zamek-repti-planet-s-ciselnym-kodem\/","og_site_name":"SHOPATOA","article_modified_time":"2026-01-31T23:18:20+00:00","og_image":[{"width":600,"height":600,"url":"https:\/\/storage.googleapis.com\/cz-shopatoa-img\/cz\/8dd98ce2-1_80279.jpg","type":"image\/jpeg"}],"twitter_card":"summary_large_image","schema":{"@context":"https:\/\/schema.org","@graph":[{"@type":"WebPage","@id":"https:\/\/shopatoa.com\/cz\/zamek-repti-planet-s-ciselnym-kodem\/","url":"https:\/\/shopatoa.com\/cz\/zamek-repti-planet-s-ciselnym-kodem\/","name":"Z\u00e1mek Repti Planet s \u010d\u00edseln\u00fdm k\u00f3dem - SHOPATOA.COM","isPartOf":{"@id":"https:\/\/shopatoa.com\/cz\/#website"},"primaryImageOfPage":{"@id":"https:\/\/shopatoa.com\/cz\/zamek-repti-planet-s-ciselnym-kodem\/#primaryimage"},"image":{"@id":"https:\/\/shopatoa.com\/cz\/zamek-repti-planet-s-ciselnym-kodem\/#primaryimage"},"thumbnailUrl":"https:\/\/storage.googleapis.com\/cz-shopatoa-img\/cz\/8dd98ce2-1_80279.jpg","datePublished":"2025-04-03T12:12:00+00:00","dateModified":"2026-01-31T23:18:20+00:00","breadcrumb":{"@id":"https:\/\/shopatoa.com\/cz\/zamek-repti-planet-s-ciselnym-kodem\/#breadcrumb"},"inLanguage":"cs","potentialAction":[{"@type":"ReadAction","target":["https:\/\/shopatoa.com\/cz\/zamek-repti-planet-s-ciselnym-kodem\/"]}]},{"@type":"ImageObject","inLanguage":"cs","@id":"https:\/\/shopatoa.com\/cz\/zamek-repti-planet-s-ciselnym-kodem\/#primaryimage","url":"https:\/\/storage.googleapis.com\/cz-shopatoa-img\/cz\/8dd98ce2-1_80279.jpg","contentUrl":"https:\/\/storage.googleapis.com\/cz-shopatoa-img\/cz\/8dd98ce2-1_80279.jpg","width":600,"height":600},{"@type":"BreadcrumbList","@id":"https:\/\/shopatoa.com\/cz\/zamek-repti-planet-s-ciselnym-kodem\/#breadcrumb","itemListElement":[{"@type":"ListItem","position":1,"name":"Dom\u016f","item":"https:\/\/shopatoa.com\/cz\/"},{"@type":"ListItem","position":2,"name":"Produkty","item":"https:\/\/shopatoa.com\/cz\/shop\/"},{"@type":"ListItem","position":3,"name":"Erotick\u00e9 pom\u016fcky","item":"https:\/\/shopatoa.com\/cz\/eroticke-pomucky\/"},{"@type":"ListItem","position":4,"name":"Erotick\u00e9 pom\u016fcky pro \u017eeny","item":"https:\/\/shopatoa.com\/cz\/eroticke-pomucky-pro-zeny\/"},{"@type":"ListItem","position":5,"name":"Z\u00e1mek Repti Planet s \u010d\u00edseln\u00fdm k\u00f3dem"}]},{"@type":"WebSite","@id":"https:\/\/shopatoa.com\/cz\/#website","url":"https:\/\/shopatoa.com\/cz\/","name":"SHOPATOA","description":"","publisher":{"@id":"https:\/\/shopatoa.com\/cz\/#organization"},"potentialAction":[{"@type":"SearchAction","target":{"@type":"EntryPoint","urlTemplate":"https:\/\/shopatoa.com\/cz\/?s={search_term_string}"},"query-input":{"@type":"PropertyValueSpecification","valueRequired":true,"valueName":"search_term_string"}}],"inLanguage":"cs"},{"@type":"Organization","@id":"https:\/\/shopatoa.com\/cz\/#organization","name":"SHOPATOA Digital s.r.o.","url":"https:\/\/shopatoa.com\/cz\/","logo":{"@type":"ImageObject","inLanguage":"cs","@id":"https:\/\/shopatoa.com\/cz\/#\/schema\/logo\/image\/","url":"https:\/\/storage.googleapis.com\/cz-shopatoa-img\/cz\/ebccf434-shopatoa_logo.png","contentUrl":"https:\/\/storage.googleapis.com\/cz-shopatoa-img\/cz\/ebccf434-shopatoa_logo.png","width":416,"height":63,"caption":"SHOPATOA Digital s.r.o."},"image":{"@id":"https:\/\/shopatoa.com\/cz\/#\/schema\/logo\/image\/"}}]}},"_links":{"self":[{"href":"https:\/\/shopatoa.com\/cz\/wp-json\/wp\/v2\/product\/252276","targetHints":{"allow":["GET"]}}],"collection":[{"href":"https:\/\/shopatoa.com\/cz\/wp-json\/wp\/v2\/product"}],"about":[{"href":"https:\/\/shopatoa.com\/cz\/wp-json\/wp\/v2\/types\/product"}],"replies":[{"embeddable":true,"href":"https:\/\/shopatoa.com\/cz\/wp-json\/wp\/v2\/comments?post=252276"}],"wp:featuredmedia":[{"embeddable":true,"href":"https:\/\/shopatoa.com\/cz\/wp-json\/wp\/v2\/media\/252277"}],"wp:attachment":[{"href":"https:\/\/shopatoa.com\/cz\/wp-json\/wp\/v2\/media?parent=252276"}],"wp:term":[{"taxonomy":"product_brand","embeddable":true,"href":"https:\/\/shopatoa.com\/cz\/wp-json\/wp\/v2\/product_brand?post=252276"},{"taxonomy":"product_cat","embeddable":true,"href":"https:\/\/shopatoa.com\/cz\/wp-json\/wp\/v2\/product_cat?post=252276"},{"taxonomy":"product_tag","embeddable":true,"href":"https:\/\/shopatoa.com\/cz\/wp-json\/wp\/v2\/product_tag?post=252276"}],"curies":[{"name":"wp","href":"https:\/\/api.w.org\/{rel}","templated":true}]}}