{"id":252292,"date":"2025-04-03T14:16:06","date_gmt":"2025-04-03T12:16:06","guid":{"rendered":"https:\/\/shopatoa.com\/cz\/?post_type=product&#038;p=252292"},"modified":"2026-02-01T00:18:13","modified_gmt":"2026-01-31T23:18:13","slug":"fontana-epic-pet-zen-automaticka-bila-24l","status":"publish","type":"product","link":"https:\/\/shopatoa.com\/cz\/fontana-epic-pet-zen-automaticka-bila-24l\/","title":{"rendered":"Font\u00e1na Epic Pet Zen automatick\u00e1 b\u00edl\u00e1 2,4l"},"content":{"rendered":"<p>Font\u00e1na pro ko\u010dky a mal\u00e9 psy.<\/p>\n<p>Font\u00e1na, kter\u00e1 zv\u00ed\u0159eti\u00a0zaru\u010duje neomezen\u00fd p\u0159\u00edstup k \u010derstv\u00e9 pitn\u00e9 vod\u011b. Tekouc\u00ed voda je v\u017edy atraktivn\u011bj\u0161\u00ed a tak p\u0159irozen\u011b\u00a0podporuje dostate\u010dn\u00fd p\u0159\u00edjem tekutin, kter\u00fd pom\u00e1h\u00e1 zejm\u00e9na u ko\u010dek p\u0159edch\u00e1zet tvorb\u011b mo\u010dov\u00fdch kamenu. P\u0159epad, kter\u00fd zv\u00ed\u0159at\u016fm simuluje vodop\u00e1d napom\u00e1h\u00e1 okysli\u010dov\u00e1n\u00ed vody a t\u00edm podporuje jej\u00ed \u010derstvou a sv\u011b\u017e\u00ed chu\u0165.<\/p>\n<p>Objem: 2,4 l<\/p>\n","protected":false},"excerpt":{"rendered":"<p>Font\u00e1na pro ko\u010dky a mal\u00e9 psy. Font\u00e1na, kter\u00e1 zv\u00ed\u0159eti\u00a0zaru\u010duje neomezen\u00fd p\u0159\u00edstup k \u010derstv\u00e9 pitn\u00e9 vod\u011b. Tekouc\u00ed voda je v\u017edy atraktivn\u011bj\u0161\u00ed a tak p\u0159irozen\u011b\u00a0podporuje dostate\u010dn\u00fd p\u0159\u00edjem tekutin, kter\u00fd pom\u00e1h\u00e1 zejm\u00e9na u ko\u010dek p\u0159edch\u00e1zet tvorb\u011b mo\u010dov\u00fdch kamenu. P\u0159epad, kter\u00fd zv\u00ed\u0159at\u016fm simuluje vodop\u00e1d napom\u00e1h\u00e1 okysli\u010dov\u00e1n\u00ed vody a t\u00edm podporuje jej\u00ed \u010derstvou a sv\u011b\u017e\u00ed chu\u0165. Objem: 2,4 l<\/p>\n","protected":false},"featured_media":252293,"comment_status":"closed","ping_status":"open","template":"","meta":{"_acf_changed":false,"_kadence_starter_templates_imported_post":false,"_kad_post_transparent":"","_kad_post_title":"","_kad_post_layout":"","_kad_post_sidebar_id":"","_kad_post_content_style":"","_kad_post_vertical_padding":"","_kad_post_feature":"","_kad_post_feature_position":"","_kad_post_header":false,"_kad_post_footer":false,"_kad_post_classname":""},"product_brand":[2468],"product_cat":[436,2534,1464],"product_tag":[],"class_list":{"0":"post-252292","1":"product","2":"type-product","3":"status-publish","4":"has-post-thumbnail","6":"product_brand-epic-pet","7":"product_cat-chovatelske-potreby-2","8":"product_cat-misky-a-zasobniky-pro-kocky","9":"product_cat-pro-kocky-chovatelske-potreby-2","10":"pa_obchod-superzoo-cz","12":"first","13":"instock","14":"product-type-external","15":"entry","16":"content-bg","17":"loop-entry"},"acf":[],"yoast_head":"<!-- This site is optimized with the Yoast SEO plugin v27.4 - https:\/\/yoast.com\/product\/yoast-seo-wordpress\/ -->\n<title>Font\u00e1na Epic Pet Zen automatick\u00e1 b\u00edl\u00e1 2,4l - SHOPATOA.COM<\/title>\n<meta name=\"robots\" content=\"index, follow, max-snippet:-1, max-image-preview:large, max-video-preview:-1\" \/>\n<link rel=\"canonical\" href=\"https:\/\/shopatoa.com\/cz\/fontana-epic-pet-zen-automaticka-bila-24l\/\" \/>\n<meta property=\"og:locale\" content=\"cs_CZ\" \/>\n<meta property=\"og:type\" content=\"article\" \/>\n<meta property=\"og:title\" content=\"Font\u00e1na Epic Pet Zen automatick\u00e1 b\u00edl\u00e1 2,4l - SHOPATOA.COM\" \/>\n<meta property=\"og:description\" content=\"Font\u00e1na pro ko\u010dky a mal\u00e9 psy. Font\u00e1na, kter\u00e1 zv\u00ed\u0159eti\u00a0zaru\u010duje neomezen\u00fd p\u0159\u00edstup k \u010derstv\u00e9 pitn\u00e9 vod\u011b. Tekouc\u00ed voda je v\u017edy atraktivn\u011bj\u0161\u00ed a tak p\u0159irozen\u011b\u00a0podporuje dostate\u010dn\u00fd p\u0159\u00edjem tekutin, kter\u00fd pom\u00e1h\u00e1 zejm\u00e9na u ko\u010dek p\u0159edch\u00e1zet tvorb\u011b mo\u010dov\u00fdch kamenu. P\u0159epad, kter\u00fd zv\u00ed\u0159at\u016fm simuluje vodop\u00e1d napom\u00e1h\u00e1 okysli\u010dov\u00e1n\u00ed vody a t\u00edm podporuje jej\u00ed \u010derstvou a sv\u011b\u017e\u00ed chu\u0165. Objem: 2,4 l\" \/>\n<meta property=\"og:url\" content=\"https:\/\/shopatoa.com\/cz\/fontana-epic-pet-zen-automaticka-bila-24l\/\" \/>\n<meta property=\"og:site_name\" content=\"SHOPATOA\" \/>\n<meta property=\"article:modified_time\" content=\"2026-01-31T23:18:13+00:00\" \/>\n<meta property=\"og:image\" content=\"https:\/\/storage.googleapis.com\/cz-shopatoa-img\/cz\/666e57eb-1_80209.jpg\" \/>\n\t<meta property=\"og:image:width\" content=\"600\" \/>\n\t<meta property=\"og:image:height\" content=\"600\" \/>\n\t<meta property=\"og:image:type\" content=\"image\/jpeg\" \/>\n<meta name=\"twitter:card\" content=\"summary_large_image\" \/>\n<script type=\"application\/ld+json\" class=\"yoast-schema-graph\">{\"@context\":\"https:\\\/\\\/schema.org\",\"@graph\":[{\"@type\":\"WebPage\",\"@id\":\"https:\\\/\\\/shopatoa.com\\\/cz\\\/fontana-epic-pet-zen-automaticka-bila-24l\\\/\",\"url\":\"https:\\\/\\\/shopatoa.com\\\/cz\\\/fontana-epic-pet-zen-automaticka-bila-24l\\\/\",\"name\":\"Font\u00e1na Epic Pet Zen automatick\u00e1 b\u00edl\u00e1 2,4l - SHOPATOA.COM\",\"isPartOf\":{\"@id\":\"https:\\\/\\\/shopatoa.com\\\/cz\\\/#website\"},\"primaryImageOfPage\":{\"@id\":\"https:\\\/\\\/shopatoa.com\\\/cz\\\/fontana-epic-pet-zen-automaticka-bila-24l\\\/#primaryimage\"},\"image\":{\"@id\":\"https:\\\/\\\/shopatoa.com\\\/cz\\\/fontana-epic-pet-zen-automaticka-bila-24l\\\/#primaryimage\"},\"thumbnailUrl\":\"https:\\\/\\\/storage.googleapis.com\\\/cz-shopatoa-img\\\/cz\\\/666e57eb-1_80209.jpg\",\"datePublished\":\"2025-04-03T12:16:06+00:00\",\"dateModified\":\"2026-01-31T23:18:13+00:00\",\"breadcrumb\":{\"@id\":\"https:\\\/\\\/shopatoa.com\\\/cz\\\/fontana-epic-pet-zen-automaticka-bila-24l\\\/#breadcrumb\"},\"inLanguage\":\"cs\",\"potentialAction\":[{\"@type\":\"ReadAction\",\"target\":[\"https:\\\/\\\/shopatoa.com\\\/cz\\\/fontana-epic-pet-zen-automaticka-bila-24l\\\/\"]}]},{\"@type\":\"ImageObject\",\"inLanguage\":\"cs\",\"@id\":\"https:\\\/\\\/shopatoa.com\\\/cz\\\/fontana-epic-pet-zen-automaticka-bila-24l\\\/#primaryimage\",\"url\":\"https:\\\/\\\/storage.googleapis.com\\\/cz-shopatoa-img\\\/cz\\\/666e57eb-1_80209.jpg\",\"contentUrl\":\"https:\\\/\\\/storage.googleapis.com\\\/cz-shopatoa-img\\\/cz\\\/666e57eb-1_80209.jpg\",\"width\":600,\"height\":600},{\"@type\":\"BreadcrumbList\",\"@id\":\"https:\\\/\\\/shopatoa.com\\\/cz\\\/fontana-epic-pet-zen-automaticka-bila-24l\\\/#breadcrumb\",\"itemListElement\":[{\"@type\":\"ListItem\",\"position\":1,\"name\":\"Dom\u016f\",\"item\":\"https:\\\/\\\/shopatoa.com\\\/cz\\\/\"},{\"@type\":\"ListItem\",\"position\":2,\"name\":\"Produkty\",\"item\":\"https:\\\/\\\/shopatoa.com\\\/cz\\\/shop\\\/\"},{\"@type\":\"ListItem\",\"position\":3,\"name\":\"Chovatelsk\u00e9 pot\u0159eby\",\"item\":\"https:\\\/\\\/shopatoa.com\\\/cz\\\/chovatelske-potreby-2\\\/\"},{\"@type\":\"ListItem\",\"position\":4,\"name\":\"Pro ko\u010dky\",\"item\":\"https:\\\/\\\/shopatoa.com\\\/cz\\\/pro-kocky-chovatelske-potreby-2\\\/\"},{\"@type\":\"ListItem\",\"position\":5,\"name\":\"Misky a z\u00e1sobn\u00edky pro ko\u010dky\",\"item\":\"https:\\\/\\\/shopatoa.com\\\/cz\\\/misky-a-zasobniky-pro-kocky\\\/\"},{\"@type\":\"ListItem\",\"position\":6,\"name\":\"Font\u00e1na Epic Pet Zen automatick\u00e1 b\u00edl\u00e1 2,4l\"}]},{\"@type\":\"WebSite\",\"@id\":\"https:\\\/\\\/shopatoa.com\\\/cz\\\/#website\",\"url\":\"https:\\\/\\\/shopatoa.com\\\/cz\\\/\",\"name\":\"SHOPATOA\",\"description\":\"\",\"publisher\":{\"@id\":\"https:\\\/\\\/shopatoa.com\\\/cz\\\/#organization\"},\"potentialAction\":[{\"@type\":\"SearchAction\",\"target\":{\"@type\":\"EntryPoint\",\"urlTemplate\":\"https:\\\/\\\/shopatoa.com\\\/cz\\\/?s={search_term_string}\"},\"query-input\":{\"@type\":\"PropertyValueSpecification\",\"valueRequired\":true,\"valueName\":\"search_term_string\"}}],\"inLanguage\":\"cs\"},{\"@type\":\"Organization\",\"@id\":\"https:\\\/\\\/shopatoa.com\\\/cz\\\/#organization\",\"name\":\"SHOPATOA Digital s.r.o.\",\"url\":\"https:\\\/\\\/shopatoa.com\\\/cz\\\/\",\"logo\":{\"@type\":\"ImageObject\",\"inLanguage\":\"cs\",\"@id\":\"https:\\\/\\\/shopatoa.com\\\/cz\\\/#\\\/schema\\\/logo\\\/image\\\/\",\"url\":\"https:\\\/\\\/storage.googleapis.com\\\/cz-shopatoa-img\\\/cz\\\/ebccf434-shopatoa_logo.png\",\"contentUrl\":\"https:\\\/\\\/storage.googleapis.com\\\/cz-shopatoa-img\\\/cz\\\/ebccf434-shopatoa_logo.png\",\"width\":416,\"height\":63,\"caption\":\"SHOPATOA Digital s.r.o.\"},\"image\":{\"@id\":\"https:\\\/\\\/shopatoa.com\\\/cz\\\/#\\\/schema\\\/logo\\\/image\\\/\"}}]}<\/script>\n<!-- \/ Yoast SEO plugin. -->","yoast_head_json":{"title":"Font\u00e1na Epic Pet Zen automatick\u00e1 b\u00edl\u00e1 2,4l - SHOPATOA.COM","robots":{"index":"index","follow":"follow","max-snippet":"max-snippet:-1","max-image-preview":"max-image-preview:large","max-video-preview":"max-video-preview:-1"},"canonical":"https:\/\/shopatoa.com\/cz\/fontana-epic-pet-zen-automaticka-bila-24l\/","og_locale":"cs_CZ","og_type":"article","og_title":"Font\u00e1na Epic Pet Zen automatick\u00e1 b\u00edl\u00e1 2,4l - SHOPATOA.COM","og_description":"Font\u00e1na pro ko\u010dky a mal\u00e9 psy. Font\u00e1na, kter\u00e1 zv\u00ed\u0159eti\u00a0zaru\u010duje neomezen\u00fd p\u0159\u00edstup k \u010derstv\u00e9 pitn\u00e9 vod\u011b. Tekouc\u00ed voda je v\u017edy atraktivn\u011bj\u0161\u00ed a tak p\u0159irozen\u011b\u00a0podporuje dostate\u010dn\u00fd p\u0159\u00edjem tekutin, kter\u00fd pom\u00e1h\u00e1 zejm\u00e9na u ko\u010dek p\u0159edch\u00e1zet tvorb\u011b mo\u010dov\u00fdch kamenu. P\u0159epad, kter\u00fd zv\u00ed\u0159at\u016fm simuluje vodop\u00e1d napom\u00e1h\u00e1 okysli\u010dov\u00e1n\u00ed vody a t\u00edm podporuje jej\u00ed \u010derstvou a sv\u011b\u017e\u00ed chu\u0165. Objem: 2,4 l","og_url":"https:\/\/shopatoa.com\/cz\/fontana-epic-pet-zen-automaticka-bila-24l\/","og_site_name":"SHOPATOA","article_modified_time":"2026-01-31T23:18:13+00:00","og_image":[{"width":600,"height":600,"url":"https:\/\/storage.googleapis.com\/cz-shopatoa-img\/cz\/666e57eb-1_80209.jpg","type":"image\/jpeg"}],"twitter_card":"summary_large_image","schema":{"@context":"https:\/\/schema.org","@graph":[{"@type":"WebPage","@id":"https:\/\/shopatoa.com\/cz\/fontana-epic-pet-zen-automaticka-bila-24l\/","url":"https:\/\/shopatoa.com\/cz\/fontana-epic-pet-zen-automaticka-bila-24l\/","name":"Font\u00e1na Epic Pet Zen automatick\u00e1 b\u00edl\u00e1 2,4l - SHOPATOA.COM","isPartOf":{"@id":"https:\/\/shopatoa.com\/cz\/#website"},"primaryImageOfPage":{"@id":"https:\/\/shopatoa.com\/cz\/fontana-epic-pet-zen-automaticka-bila-24l\/#primaryimage"},"image":{"@id":"https:\/\/shopatoa.com\/cz\/fontana-epic-pet-zen-automaticka-bila-24l\/#primaryimage"},"thumbnailUrl":"https:\/\/storage.googleapis.com\/cz-shopatoa-img\/cz\/666e57eb-1_80209.jpg","datePublished":"2025-04-03T12:16:06+00:00","dateModified":"2026-01-31T23:18:13+00:00","breadcrumb":{"@id":"https:\/\/shopatoa.com\/cz\/fontana-epic-pet-zen-automaticka-bila-24l\/#breadcrumb"},"inLanguage":"cs","potentialAction":[{"@type":"ReadAction","target":["https:\/\/shopatoa.com\/cz\/fontana-epic-pet-zen-automaticka-bila-24l\/"]}]},{"@type":"ImageObject","inLanguage":"cs","@id":"https:\/\/shopatoa.com\/cz\/fontana-epic-pet-zen-automaticka-bila-24l\/#primaryimage","url":"https:\/\/storage.googleapis.com\/cz-shopatoa-img\/cz\/666e57eb-1_80209.jpg","contentUrl":"https:\/\/storage.googleapis.com\/cz-shopatoa-img\/cz\/666e57eb-1_80209.jpg","width":600,"height":600},{"@type":"BreadcrumbList","@id":"https:\/\/shopatoa.com\/cz\/fontana-epic-pet-zen-automaticka-bila-24l\/#breadcrumb","itemListElement":[{"@type":"ListItem","position":1,"name":"Dom\u016f","item":"https:\/\/shopatoa.com\/cz\/"},{"@type":"ListItem","position":2,"name":"Produkty","item":"https:\/\/shopatoa.com\/cz\/shop\/"},{"@type":"ListItem","position":3,"name":"Chovatelsk\u00e9 pot\u0159eby","item":"https:\/\/shopatoa.com\/cz\/chovatelske-potreby-2\/"},{"@type":"ListItem","position":4,"name":"Pro ko\u010dky","item":"https:\/\/shopatoa.com\/cz\/pro-kocky-chovatelske-potreby-2\/"},{"@type":"ListItem","position":5,"name":"Misky a z\u00e1sobn\u00edky pro ko\u010dky","item":"https:\/\/shopatoa.com\/cz\/misky-a-zasobniky-pro-kocky\/"},{"@type":"ListItem","position":6,"name":"Font\u00e1na Epic Pet Zen automatick\u00e1 b\u00edl\u00e1 2,4l"}]},{"@type":"WebSite","@id":"https:\/\/shopatoa.com\/cz\/#website","url":"https:\/\/shopatoa.com\/cz\/","name":"SHOPATOA","description":"","publisher":{"@id":"https:\/\/shopatoa.com\/cz\/#organization"},"potentialAction":[{"@type":"SearchAction","target":{"@type":"EntryPoint","urlTemplate":"https:\/\/shopatoa.com\/cz\/?s={search_term_string}"},"query-input":{"@type":"PropertyValueSpecification","valueRequired":true,"valueName":"search_term_string"}}],"inLanguage":"cs"},{"@type":"Organization","@id":"https:\/\/shopatoa.com\/cz\/#organization","name":"SHOPATOA Digital s.r.o.","url":"https:\/\/shopatoa.com\/cz\/","logo":{"@type":"ImageObject","inLanguage":"cs","@id":"https:\/\/shopatoa.com\/cz\/#\/schema\/logo\/image\/","url":"https:\/\/storage.googleapis.com\/cz-shopatoa-img\/cz\/ebccf434-shopatoa_logo.png","contentUrl":"https:\/\/storage.googleapis.com\/cz-shopatoa-img\/cz\/ebccf434-shopatoa_logo.png","width":416,"height":63,"caption":"SHOPATOA Digital s.r.o."},"image":{"@id":"https:\/\/shopatoa.com\/cz\/#\/schema\/logo\/image\/"}}]}},"_links":{"self":[{"href":"https:\/\/shopatoa.com\/cz\/wp-json\/wp\/v2\/product\/252292","targetHints":{"allow":["GET"]}}],"collection":[{"href":"https:\/\/shopatoa.com\/cz\/wp-json\/wp\/v2\/product"}],"about":[{"href":"https:\/\/shopatoa.com\/cz\/wp-json\/wp\/v2\/types\/product"}],"replies":[{"embeddable":true,"href":"https:\/\/shopatoa.com\/cz\/wp-json\/wp\/v2\/comments?post=252292"}],"wp:featuredmedia":[{"embeddable":true,"href":"https:\/\/shopatoa.com\/cz\/wp-json\/wp\/v2\/media\/252293"}],"wp:attachment":[{"href":"https:\/\/shopatoa.com\/cz\/wp-json\/wp\/v2\/media?parent=252292"}],"wp:term":[{"taxonomy":"product_brand","embeddable":true,"href":"https:\/\/shopatoa.com\/cz\/wp-json\/wp\/v2\/product_brand?post=252292"},{"taxonomy":"product_cat","embeddable":true,"href":"https:\/\/shopatoa.com\/cz\/wp-json\/wp\/v2\/product_cat?post=252292"},{"taxonomy":"product_tag","embeddable":true,"href":"https:\/\/shopatoa.com\/cz\/wp-json\/wp\/v2\/product_tag?post=252292"}],"curies":[{"name":"wp","href":"https:\/\/api.w.org\/{rel}","templated":true}]}}