{"id":252300,"date":"2025-04-03T14:16:40","date_gmt":"2025-04-03T12:16:40","guid":{"rendered":"https:\/\/shopatoa.com\/cz\/?post_type=product&#038;p=252300"},"modified":"2026-02-01T00:18:03","modified_gmt":"2026-01-31T23:18:03","slug":"hracka-epic-pet-automaticka-skluzavka-20cm","status":"publish","type":"product","link":"https:\/\/shopatoa.com\/cz\/hracka-epic-pet-automaticka-skluzavka-20cm\/","title":{"rendered":"Hra\u010dka Epic Pet automatick\u00e1 skluzavka 20cm"},"content":{"rendered":"<p>Automatick\u00e1 hra\u010dka pro ko\u010dky.<\/p>\n<p>Skluzavka, ve kter\u00e9 automaticky jezd\u00ed m\u00ed\u010dky, v ko\u010dk\u00e1ch podporuje jejich p\u0159irozen\u00e9 loveck\u00e9 instinkty a obratnost. Blikaj\u00edc\u00ed m\u00ed\u010dek a zvukov\u00fd doprovod, kter\u00fd lze libovoln\u011b zapnout nebo vypnout zvy\u0161uje atraktivitu hra\u010dky. M\u00ed\u010dky ve skluzavce jsou automatick\u00fdm syst\u00e9mem po projet\u00ed skluzavky znovu vyvezeny nahoru, tak\u017ee odpad\u00e1 neust\u00e1l\u00fd p\u0159esun m\u00ed\u010dku zespod skluzavky na jej\u00ed vrchol.<\/p>\n<p>Velikost: 20 cm<\/p>\n<p>Pot\u0159ebn\u00e9\u00a0baterie 3\u00a0x AA\u00a0nejsou\u00a0sou\u010d\u00e1st\u00ed balen\u00ed.<\/p>\n","protected":false},"excerpt":{"rendered":"<p>Automatick\u00e1 hra\u010dka pro ko\u010dky. Skluzavka, ve kter\u00e9 automaticky jezd\u00ed m\u00ed\u010dky, v ko\u010dk\u00e1ch podporuje jejich p\u0159irozen\u00e9 loveck\u00e9 instinkty a obratnost. Blikaj\u00edc\u00ed m\u00ed\u010dek a zvukov\u00fd doprovod, kter\u00fd lze libovoln\u011b zapnout nebo vypnout zvy\u0161uje atraktivitu hra\u010dky. M\u00ed\u010dky ve skluzavce jsou automatick\u00fdm syst\u00e9mem po projet\u00ed skluzavky znovu vyvezeny nahoru, tak\u017ee odpad\u00e1 neust\u00e1l\u00fd p\u0159esun m\u00ed\u010dku zespod skluzavky na jej\u00ed vrchol&#8230;.<\/p>\n","protected":false},"featured_media":252301,"comment_status":"closed","ping_status":"open","template":"","meta":{"_acf_changed":false,"_kadence_starter_templates_imported_post":false,"_kad_post_transparent":"","_kad_post_title":"","_kad_post_layout":"","_kad_post_sidebar_id":"","_kad_post_content_style":"","_kad_post_vertical_padding":"","_kad_post_feature":"","_kad_post_feature_position":"","_kad_post_header":false,"_kad_post_footer":false,"_kad_post_classname":""},"product_brand":[2468],"product_cat":[2540,2541,2542],"product_tag":[],"class_list":{"0":"post-252300","1":"product","2":"type-product","3":"status-publish","4":"has-post-thumbnail","6":"product_brand-epic-pet","7":"product_cat-hracky","8":"product_cat-interaktivni-a-roboticke-hracky","9":"product_cat-interaktivni-hracky","10":"pa_obchod-superzoo-cz","12":"first","13":"instock","14":"product-type-external","15":"entry","16":"content-bg","17":"loop-entry"},"acf":[],"yoast_head":"<!-- This site is optimized with the Yoast SEO plugin v27.4 - https:\/\/yoast.com\/product\/yoast-seo-wordpress\/ -->\n<title>Hra\u010dka Epic Pet automatick\u00e1 skluzavka 20cm - SHOPATOA.COM<\/title>\n<meta name=\"robots\" content=\"index, follow, max-snippet:-1, max-image-preview:large, max-video-preview:-1\" \/>\n<link rel=\"canonical\" href=\"https:\/\/shopatoa.com\/cz\/hracka-epic-pet-automaticka-skluzavka-20cm\/\" \/>\n<meta property=\"og:locale\" content=\"cs_CZ\" \/>\n<meta property=\"og:type\" content=\"article\" \/>\n<meta property=\"og:title\" content=\"Hra\u010dka Epic Pet automatick\u00e1 skluzavka 20cm - SHOPATOA.COM\" \/>\n<meta property=\"og:description\" content=\"Automatick\u00e1 hra\u010dka pro ko\u010dky. Skluzavka, ve kter\u00e9 automaticky jezd\u00ed m\u00ed\u010dky, v ko\u010dk\u00e1ch podporuje jejich p\u0159irozen\u00e9 loveck\u00e9 instinkty a obratnost. Blikaj\u00edc\u00ed m\u00ed\u010dek a zvukov\u00fd doprovod, kter\u00fd lze libovoln\u011b zapnout nebo vypnout zvy\u0161uje atraktivitu hra\u010dky. M\u00ed\u010dky ve skluzavce jsou automatick\u00fdm syst\u00e9mem po projet\u00ed skluzavky znovu vyvezeny nahoru, tak\u017ee odpad\u00e1 neust\u00e1l\u00fd p\u0159esun m\u00ed\u010dku zespod skluzavky na jej\u00ed vrchol....\" \/>\n<meta property=\"og:url\" content=\"https:\/\/shopatoa.com\/cz\/hracka-epic-pet-automaticka-skluzavka-20cm\/\" \/>\n<meta property=\"og:site_name\" content=\"SHOPATOA\" \/>\n<meta property=\"article:modified_time\" content=\"2026-01-31T23:18:03+00:00\" \/>\n<meta property=\"og:image\" content=\"https:\/\/storage.googleapis.com\/cz-shopatoa-img\/cz\/6e73526c-1_80048.jpg\" \/>\n\t<meta property=\"og:image:width\" content=\"600\" \/>\n\t<meta property=\"og:image:height\" content=\"600\" \/>\n\t<meta property=\"og:image:type\" content=\"image\/jpeg\" \/>\n<meta name=\"twitter:card\" content=\"summary_large_image\" \/>\n<script type=\"application\/ld+json\" class=\"yoast-schema-graph\">{\"@context\":\"https:\\\/\\\/schema.org\",\"@graph\":[{\"@type\":\"WebPage\",\"@id\":\"https:\\\/\\\/shopatoa.com\\\/cz\\\/hracka-epic-pet-automaticka-skluzavka-20cm\\\/\",\"url\":\"https:\\\/\\\/shopatoa.com\\\/cz\\\/hracka-epic-pet-automaticka-skluzavka-20cm\\\/\",\"name\":\"Hra\u010dka Epic Pet automatick\u00e1 skluzavka 20cm - SHOPATOA.COM\",\"isPartOf\":{\"@id\":\"https:\\\/\\\/shopatoa.com\\\/cz\\\/#website\"},\"primaryImageOfPage\":{\"@id\":\"https:\\\/\\\/shopatoa.com\\\/cz\\\/hracka-epic-pet-automaticka-skluzavka-20cm\\\/#primaryimage\"},\"image\":{\"@id\":\"https:\\\/\\\/shopatoa.com\\\/cz\\\/hracka-epic-pet-automaticka-skluzavka-20cm\\\/#primaryimage\"},\"thumbnailUrl\":\"https:\\\/\\\/storage.googleapis.com\\\/cz-shopatoa-img\\\/cz\\\/6e73526c-1_80048.jpg\",\"datePublished\":\"2025-04-03T12:16:40+00:00\",\"dateModified\":\"2026-01-31T23:18:03+00:00\",\"breadcrumb\":{\"@id\":\"https:\\\/\\\/shopatoa.com\\\/cz\\\/hracka-epic-pet-automaticka-skluzavka-20cm\\\/#breadcrumb\"},\"inLanguage\":\"cs\",\"potentialAction\":[{\"@type\":\"ReadAction\",\"target\":[\"https:\\\/\\\/shopatoa.com\\\/cz\\\/hracka-epic-pet-automaticka-skluzavka-20cm\\\/\"]}]},{\"@type\":\"ImageObject\",\"inLanguage\":\"cs\",\"@id\":\"https:\\\/\\\/shopatoa.com\\\/cz\\\/hracka-epic-pet-automaticka-skluzavka-20cm\\\/#primaryimage\",\"url\":\"https:\\\/\\\/storage.googleapis.com\\\/cz-shopatoa-img\\\/cz\\\/6e73526c-1_80048.jpg\",\"contentUrl\":\"https:\\\/\\\/storage.googleapis.com\\\/cz-shopatoa-img\\\/cz\\\/6e73526c-1_80048.jpg\",\"width\":600,\"height\":600},{\"@type\":\"BreadcrumbList\",\"@id\":\"https:\\\/\\\/shopatoa.com\\\/cz\\\/hracka-epic-pet-automaticka-skluzavka-20cm\\\/#breadcrumb\",\"itemListElement\":[{\"@type\":\"ListItem\",\"position\":1,\"name\":\"Dom\u016f\",\"item\":\"https:\\\/\\\/shopatoa.com\\\/cz\\\/\"},{\"@type\":\"ListItem\",\"position\":2,\"name\":\"Produkty\",\"item\":\"https:\\\/\\\/shopatoa.com\\\/cz\\\/shop\\\/\"},{\"@type\":\"ListItem\",\"position\":3,\"name\":\"Hra\u010dky\",\"item\":\"https:\\\/\\\/shopatoa.com\\\/cz\\\/hracky\\\/\"},{\"@type\":\"ListItem\",\"position\":4,\"name\":\"Interaktivn\u00ed a robotick\u00e9 hra\u010dky\",\"item\":\"https:\\\/\\\/shopatoa.com\\\/cz\\\/interaktivni-a-roboticke-hracky\\\/\"},{\"@type\":\"ListItem\",\"position\":5,\"name\":\"Interaktivn\u00ed hra\u010dky\",\"item\":\"https:\\\/\\\/shopatoa.com\\\/cz\\\/interaktivni-hracky\\\/\"},{\"@type\":\"ListItem\",\"position\":6,\"name\":\"Hra\u010dka Epic Pet automatick\u00e1 skluzavka 20cm\"}]},{\"@type\":\"WebSite\",\"@id\":\"https:\\\/\\\/shopatoa.com\\\/cz\\\/#website\",\"url\":\"https:\\\/\\\/shopatoa.com\\\/cz\\\/\",\"name\":\"SHOPATOA\",\"description\":\"\",\"publisher\":{\"@id\":\"https:\\\/\\\/shopatoa.com\\\/cz\\\/#organization\"},\"potentialAction\":[{\"@type\":\"SearchAction\",\"target\":{\"@type\":\"EntryPoint\",\"urlTemplate\":\"https:\\\/\\\/shopatoa.com\\\/cz\\\/?s={search_term_string}\"},\"query-input\":{\"@type\":\"PropertyValueSpecification\",\"valueRequired\":true,\"valueName\":\"search_term_string\"}}],\"inLanguage\":\"cs\"},{\"@type\":\"Organization\",\"@id\":\"https:\\\/\\\/shopatoa.com\\\/cz\\\/#organization\",\"name\":\"SHOPATOA Digital s.r.o.\",\"url\":\"https:\\\/\\\/shopatoa.com\\\/cz\\\/\",\"logo\":{\"@type\":\"ImageObject\",\"inLanguage\":\"cs\",\"@id\":\"https:\\\/\\\/shopatoa.com\\\/cz\\\/#\\\/schema\\\/logo\\\/image\\\/\",\"url\":\"https:\\\/\\\/storage.googleapis.com\\\/cz-shopatoa-img\\\/cz\\\/ebccf434-shopatoa_logo.png\",\"contentUrl\":\"https:\\\/\\\/storage.googleapis.com\\\/cz-shopatoa-img\\\/cz\\\/ebccf434-shopatoa_logo.png\",\"width\":416,\"height\":63,\"caption\":\"SHOPATOA Digital s.r.o.\"},\"image\":{\"@id\":\"https:\\\/\\\/shopatoa.com\\\/cz\\\/#\\\/schema\\\/logo\\\/image\\\/\"}}]}<\/script>\n<!-- \/ Yoast SEO plugin. -->","yoast_head_json":{"title":"Hra\u010dka Epic Pet automatick\u00e1 skluzavka 20cm - SHOPATOA.COM","robots":{"index":"index","follow":"follow","max-snippet":"max-snippet:-1","max-image-preview":"max-image-preview:large","max-video-preview":"max-video-preview:-1"},"canonical":"https:\/\/shopatoa.com\/cz\/hracka-epic-pet-automaticka-skluzavka-20cm\/","og_locale":"cs_CZ","og_type":"article","og_title":"Hra\u010dka Epic Pet automatick\u00e1 skluzavka 20cm - SHOPATOA.COM","og_description":"Automatick\u00e1 hra\u010dka pro ko\u010dky. Skluzavka, ve kter\u00e9 automaticky jezd\u00ed m\u00ed\u010dky, v ko\u010dk\u00e1ch podporuje jejich p\u0159irozen\u00e9 loveck\u00e9 instinkty a obratnost. Blikaj\u00edc\u00ed m\u00ed\u010dek a zvukov\u00fd doprovod, kter\u00fd lze libovoln\u011b zapnout nebo vypnout zvy\u0161uje atraktivitu hra\u010dky. M\u00ed\u010dky ve skluzavce jsou automatick\u00fdm syst\u00e9mem po projet\u00ed skluzavky znovu vyvezeny nahoru, tak\u017ee odpad\u00e1 neust\u00e1l\u00fd p\u0159esun m\u00ed\u010dku zespod skluzavky na jej\u00ed vrchol....","og_url":"https:\/\/shopatoa.com\/cz\/hracka-epic-pet-automaticka-skluzavka-20cm\/","og_site_name":"SHOPATOA","article_modified_time":"2026-01-31T23:18:03+00:00","og_image":[{"width":600,"height":600,"url":"https:\/\/storage.googleapis.com\/cz-shopatoa-img\/cz\/6e73526c-1_80048.jpg","type":"image\/jpeg"}],"twitter_card":"summary_large_image","schema":{"@context":"https:\/\/schema.org","@graph":[{"@type":"WebPage","@id":"https:\/\/shopatoa.com\/cz\/hracka-epic-pet-automaticka-skluzavka-20cm\/","url":"https:\/\/shopatoa.com\/cz\/hracka-epic-pet-automaticka-skluzavka-20cm\/","name":"Hra\u010dka Epic Pet automatick\u00e1 skluzavka 20cm - SHOPATOA.COM","isPartOf":{"@id":"https:\/\/shopatoa.com\/cz\/#website"},"primaryImageOfPage":{"@id":"https:\/\/shopatoa.com\/cz\/hracka-epic-pet-automaticka-skluzavka-20cm\/#primaryimage"},"image":{"@id":"https:\/\/shopatoa.com\/cz\/hracka-epic-pet-automaticka-skluzavka-20cm\/#primaryimage"},"thumbnailUrl":"https:\/\/storage.googleapis.com\/cz-shopatoa-img\/cz\/6e73526c-1_80048.jpg","datePublished":"2025-04-03T12:16:40+00:00","dateModified":"2026-01-31T23:18:03+00:00","breadcrumb":{"@id":"https:\/\/shopatoa.com\/cz\/hracka-epic-pet-automaticka-skluzavka-20cm\/#breadcrumb"},"inLanguage":"cs","potentialAction":[{"@type":"ReadAction","target":["https:\/\/shopatoa.com\/cz\/hracka-epic-pet-automaticka-skluzavka-20cm\/"]}]},{"@type":"ImageObject","inLanguage":"cs","@id":"https:\/\/shopatoa.com\/cz\/hracka-epic-pet-automaticka-skluzavka-20cm\/#primaryimage","url":"https:\/\/storage.googleapis.com\/cz-shopatoa-img\/cz\/6e73526c-1_80048.jpg","contentUrl":"https:\/\/storage.googleapis.com\/cz-shopatoa-img\/cz\/6e73526c-1_80048.jpg","width":600,"height":600},{"@type":"BreadcrumbList","@id":"https:\/\/shopatoa.com\/cz\/hracka-epic-pet-automaticka-skluzavka-20cm\/#breadcrumb","itemListElement":[{"@type":"ListItem","position":1,"name":"Dom\u016f","item":"https:\/\/shopatoa.com\/cz\/"},{"@type":"ListItem","position":2,"name":"Produkty","item":"https:\/\/shopatoa.com\/cz\/shop\/"},{"@type":"ListItem","position":3,"name":"Hra\u010dky","item":"https:\/\/shopatoa.com\/cz\/hracky\/"},{"@type":"ListItem","position":4,"name":"Interaktivn\u00ed a robotick\u00e9 hra\u010dky","item":"https:\/\/shopatoa.com\/cz\/interaktivni-a-roboticke-hracky\/"},{"@type":"ListItem","position":5,"name":"Interaktivn\u00ed hra\u010dky","item":"https:\/\/shopatoa.com\/cz\/interaktivni-hracky\/"},{"@type":"ListItem","position":6,"name":"Hra\u010dka Epic Pet automatick\u00e1 skluzavka 20cm"}]},{"@type":"WebSite","@id":"https:\/\/shopatoa.com\/cz\/#website","url":"https:\/\/shopatoa.com\/cz\/","name":"SHOPATOA","description":"","publisher":{"@id":"https:\/\/shopatoa.com\/cz\/#organization"},"potentialAction":[{"@type":"SearchAction","target":{"@type":"EntryPoint","urlTemplate":"https:\/\/shopatoa.com\/cz\/?s={search_term_string}"},"query-input":{"@type":"PropertyValueSpecification","valueRequired":true,"valueName":"search_term_string"}}],"inLanguage":"cs"},{"@type":"Organization","@id":"https:\/\/shopatoa.com\/cz\/#organization","name":"SHOPATOA Digital s.r.o.","url":"https:\/\/shopatoa.com\/cz\/","logo":{"@type":"ImageObject","inLanguage":"cs","@id":"https:\/\/shopatoa.com\/cz\/#\/schema\/logo\/image\/","url":"https:\/\/storage.googleapis.com\/cz-shopatoa-img\/cz\/ebccf434-shopatoa_logo.png","contentUrl":"https:\/\/storage.googleapis.com\/cz-shopatoa-img\/cz\/ebccf434-shopatoa_logo.png","width":416,"height":63,"caption":"SHOPATOA Digital s.r.o."},"image":{"@id":"https:\/\/shopatoa.com\/cz\/#\/schema\/logo\/image\/"}}]}},"_links":{"self":[{"href":"https:\/\/shopatoa.com\/cz\/wp-json\/wp\/v2\/product\/252300","targetHints":{"allow":["GET"]}}],"collection":[{"href":"https:\/\/shopatoa.com\/cz\/wp-json\/wp\/v2\/product"}],"about":[{"href":"https:\/\/shopatoa.com\/cz\/wp-json\/wp\/v2\/types\/product"}],"replies":[{"embeddable":true,"href":"https:\/\/shopatoa.com\/cz\/wp-json\/wp\/v2\/comments?post=252300"}],"wp:featuredmedia":[{"embeddable":true,"href":"https:\/\/shopatoa.com\/cz\/wp-json\/wp\/v2\/media\/252301"}],"wp:attachment":[{"href":"https:\/\/shopatoa.com\/cz\/wp-json\/wp\/v2\/media?parent=252300"}],"wp:term":[{"taxonomy":"product_brand","embeddable":true,"href":"https:\/\/shopatoa.com\/cz\/wp-json\/wp\/v2\/product_brand?post=252300"},{"taxonomy":"product_cat","embeddable":true,"href":"https:\/\/shopatoa.com\/cz\/wp-json\/wp\/v2\/product_cat?post=252300"},{"taxonomy":"product_tag","embeddable":true,"href":"https:\/\/shopatoa.com\/cz\/wp-json\/wp\/v2\/product_tag?post=252300"}],"curies":[{"name":"wp","href":"https:\/\/api.w.org\/{rel}","templated":true}]}}