{"id":252374,"date":"2025-04-03T14:31:17","date_gmt":"2025-04-03T12:31:17","guid":{"rendered":"https:\/\/shopatoa.com\/cz\/?post_type=product&#038;p=252374"},"modified":"2026-02-03T22:51:07","modified_gmt":"2026-02-03T21:51:07","slug":"voditko-flexi-puppy-paska-2m-sv-modre","status":"publish","type":"product","link":"https:\/\/shopatoa.com\/cz\/voditko-flexi-puppy-paska-2m-sv-modre\/","title":{"rendered":"Vod\u00edtko Flexi Puppy p\u00e1ska 2m sv.modr\u00e9"},"content":{"rendered":"<p>Vod\u00edtko z atraktivn\u00ed edice pro \u0161t\u011b\u0148ata je ide\u00e1ln\u00edm pomocn\u00edkem pro prvn\u00ed spole\u010dn\u00e9 proch\u00e1zky venku.<\/p>\n<p>\tP\u00e1sek extra odoln\u00fd v\u016f\u010di ostr\u00fdm \u0161t\u011bn\u011b\u010d\u00edm zub\u016fm.<br \/>\n\tSpolehliv\u00fd brzdn\u00fd syst\u00e9m.<br \/>\n\tErgonomick\u00fd design.<\/p>\n<p>Barva<\/p>\n<p>Sv\u011btle modr\u00e1<\/p>\n<p>D\u00e9lka p\u00e1sku<\/p>\n<p>2m<\/p>\n<p>Maxim\u00e1ln\u00ed zat\u00ed\u017een\u00ed p\u00e1sku<\/p>\n<p>12 kg<\/p>\n","protected":false},"excerpt":{"rendered":"<p>Vod\u00edtko z atraktivn\u00ed edice pro \u0161t\u011b\u0148ata je ide\u00e1ln\u00edm pomocn\u00edkem pro prvn\u00ed spole\u010dn\u00e9 proch\u00e1zky venku. P\u00e1sek extra odoln\u00fd v\u016f\u010di ostr\u00fdm \u0161t\u011bn\u011b\u010d\u00edm zub\u016fm. Spolehliv\u00fd brzdn\u00fd syst\u00e9m. Ergonomick\u00fd design. Barva Sv\u011btle modr\u00e1 D\u00e9lka p\u00e1sku 2m Maxim\u00e1ln\u00ed zat\u00ed\u017een\u00ed p\u00e1sku 12 kg<\/p>\n","protected":false},"featured_media":252375,"comment_status":"closed","ping_status":"open","template":"","meta":{"_acf_changed":false,"_kadence_starter_templates_imported_post":false,"_kad_post_transparent":"","_kad_post_title":"","_kad_post_layout":"","_kad_post_sidebar_id":"","_kad_post_content_style":"","_kad_post_vertical_padding":"","_kad_post_feature":"","_kad_post_feature_position":"","_kad_post_header":false,"_kad_post_footer":false,"_kad_post_classname":""},"product_brand":[2691],"product_cat":[436,739,2546],"product_tag":[],"class_list":{"0":"post-252374","1":"product","2":"type-product","3":"status-publish","4":"has-post-thumbnail","6":"product_brand-flexi","7":"product_cat-chovatelske-potreby-2","8":"product_cat-pro-psy-chovatelske-potreby-2","9":"product_cat-vycvik-a-psi-sporty","10":"pa_obchod-superzoo-cz","12":"first","13":"instock","14":"product-type-external","15":"entry","16":"content-bg","17":"loop-entry"},"acf":[],"yoast_head":"<!-- This site is optimized with the Yoast SEO plugin v27.4 - https:\/\/yoast.com\/product\/yoast-seo-wordpress\/ -->\n<title>Vod\u00edtko Flexi Puppy p\u00e1ska 2m sv.modr\u00e9 - SHOPATOA.COM<\/title>\n<meta name=\"robots\" content=\"index, follow, max-snippet:-1, max-image-preview:large, max-video-preview:-1\" \/>\n<link rel=\"canonical\" href=\"https:\/\/shopatoa.com\/cz\/voditko-flexi-puppy-paska-2m-sv-modre\/\" \/>\n<meta property=\"og:locale\" content=\"cs_CZ\" \/>\n<meta property=\"og:type\" content=\"article\" \/>\n<meta property=\"og:title\" content=\"Vod\u00edtko Flexi Puppy p\u00e1ska 2m sv.modr\u00e9 - SHOPATOA.COM\" \/>\n<meta property=\"og:description\" content=\"Vod\u00edtko z atraktivn\u00ed edice pro \u0161t\u011b\u0148ata je ide\u00e1ln\u00edm pomocn\u00edkem pro prvn\u00ed spole\u010dn\u00e9 proch\u00e1zky venku. P\u00e1sek extra odoln\u00fd v\u016f\u010di ostr\u00fdm \u0161t\u011bn\u011b\u010d\u00edm zub\u016fm. Spolehliv\u00fd brzdn\u00fd syst\u00e9m. Ergonomick\u00fd design. Barva Sv\u011btle modr\u00e1 D\u00e9lka p\u00e1sku 2m Maxim\u00e1ln\u00ed zat\u00ed\u017een\u00ed p\u00e1sku 12 kg\" \/>\n<meta property=\"og:url\" content=\"https:\/\/shopatoa.com\/cz\/voditko-flexi-puppy-paska-2m-sv-modre\/\" \/>\n<meta property=\"og:site_name\" content=\"SHOPATOA\" \/>\n<meta property=\"article:modified_time\" content=\"2026-02-03T21:51:07+00:00\" \/>\n<meta property=\"og:image\" content=\"https:\/\/storage.googleapis.com\/cz-shopatoa-img\/cz\/ffb8c164-1_80666.jpg\" \/>\n\t<meta property=\"og:image:width\" content=\"600\" \/>\n\t<meta property=\"og:image:height\" content=\"600\" \/>\n\t<meta property=\"og:image:type\" content=\"image\/jpeg\" \/>\n<meta name=\"twitter:card\" content=\"summary_large_image\" \/>\n<script type=\"application\/ld+json\" class=\"yoast-schema-graph\">{\"@context\":\"https:\\\/\\\/schema.org\",\"@graph\":[{\"@type\":\"WebPage\",\"@id\":\"https:\\\/\\\/shopatoa.com\\\/cz\\\/voditko-flexi-puppy-paska-2m-sv-modre\\\/\",\"url\":\"https:\\\/\\\/shopatoa.com\\\/cz\\\/voditko-flexi-puppy-paska-2m-sv-modre\\\/\",\"name\":\"Vod\u00edtko Flexi Puppy p\u00e1ska 2m sv.modr\u00e9 - SHOPATOA.COM\",\"isPartOf\":{\"@id\":\"https:\\\/\\\/shopatoa.com\\\/cz\\\/#website\"},\"primaryImageOfPage\":{\"@id\":\"https:\\\/\\\/shopatoa.com\\\/cz\\\/voditko-flexi-puppy-paska-2m-sv-modre\\\/#primaryimage\"},\"image\":{\"@id\":\"https:\\\/\\\/shopatoa.com\\\/cz\\\/voditko-flexi-puppy-paska-2m-sv-modre\\\/#primaryimage\"},\"thumbnailUrl\":\"https:\\\/\\\/storage.googleapis.com\\\/cz-shopatoa-img\\\/cz\\\/ffb8c164-1_80666.jpg\",\"datePublished\":\"2025-04-03T12:31:17+00:00\",\"dateModified\":\"2026-02-03T21:51:07+00:00\",\"breadcrumb\":{\"@id\":\"https:\\\/\\\/shopatoa.com\\\/cz\\\/voditko-flexi-puppy-paska-2m-sv-modre\\\/#breadcrumb\"},\"inLanguage\":\"cs\",\"potentialAction\":[{\"@type\":\"ReadAction\",\"target\":[\"https:\\\/\\\/shopatoa.com\\\/cz\\\/voditko-flexi-puppy-paska-2m-sv-modre\\\/\"]}]},{\"@type\":\"ImageObject\",\"inLanguage\":\"cs\",\"@id\":\"https:\\\/\\\/shopatoa.com\\\/cz\\\/voditko-flexi-puppy-paska-2m-sv-modre\\\/#primaryimage\",\"url\":\"https:\\\/\\\/storage.googleapis.com\\\/cz-shopatoa-img\\\/cz\\\/ffb8c164-1_80666.jpg\",\"contentUrl\":\"https:\\\/\\\/storage.googleapis.com\\\/cz-shopatoa-img\\\/cz\\\/ffb8c164-1_80666.jpg\",\"width\":600,\"height\":600},{\"@type\":\"BreadcrumbList\",\"@id\":\"https:\\\/\\\/shopatoa.com\\\/cz\\\/voditko-flexi-puppy-paska-2m-sv-modre\\\/#breadcrumb\",\"itemListElement\":[{\"@type\":\"ListItem\",\"position\":1,\"name\":\"Dom\u016f\",\"item\":\"https:\\\/\\\/shopatoa.com\\\/cz\\\/\"},{\"@type\":\"ListItem\",\"position\":2,\"name\":\"Produkty\",\"item\":\"https:\\\/\\\/shopatoa.com\\\/cz\\\/shop\\\/\"},{\"@type\":\"ListItem\",\"position\":3,\"name\":\"Chovatelsk\u00e9 pot\u0159eby\",\"item\":\"https:\\\/\\\/shopatoa.com\\\/cz\\\/chovatelske-potreby-2\\\/\"},{\"@type\":\"ListItem\",\"position\":4,\"name\":\"Pro psy\",\"item\":\"https:\\\/\\\/shopatoa.com\\\/cz\\\/pro-psy-chovatelske-potreby-2\\\/\"},{\"@type\":\"ListItem\",\"position\":5,\"name\":\"V\u00fdcvik a ps\u00ed sporty\",\"item\":\"https:\\\/\\\/shopatoa.com\\\/cz\\\/vycvik-a-psi-sporty\\\/\"},{\"@type\":\"ListItem\",\"position\":6,\"name\":\"Vod\u00edtko Flexi Puppy p\u00e1ska 2m sv.modr\u00e9\"}]},{\"@type\":\"WebSite\",\"@id\":\"https:\\\/\\\/shopatoa.com\\\/cz\\\/#website\",\"url\":\"https:\\\/\\\/shopatoa.com\\\/cz\\\/\",\"name\":\"SHOPATOA\",\"description\":\"\",\"publisher\":{\"@id\":\"https:\\\/\\\/shopatoa.com\\\/cz\\\/#organization\"},\"potentialAction\":[{\"@type\":\"SearchAction\",\"target\":{\"@type\":\"EntryPoint\",\"urlTemplate\":\"https:\\\/\\\/shopatoa.com\\\/cz\\\/?s={search_term_string}\"},\"query-input\":{\"@type\":\"PropertyValueSpecification\",\"valueRequired\":true,\"valueName\":\"search_term_string\"}}],\"inLanguage\":\"cs\"},{\"@type\":\"Organization\",\"@id\":\"https:\\\/\\\/shopatoa.com\\\/cz\\\/#organization\",\"name\":\"SHOPATOA Digital s.r.o.\",\"url\":\"https:\\\/\\\/shopatoa.com\\\/cz\\\/\",\"logo\":{\"@type\":\"ImageObject\",\"inLanguage\":\"cs\",\"@id\":\"https:\\\/\\\/shopatoa.com\\\/cz\\\/#\\\/schema\\\/logo\\\/image\\\/\",\"url\":\"https:\\\/\\\/storage.googleapis.com\\\/cz-shopatoa-img\\\/cz\\\/ebccf434-shopatoa_logo.png\",\"contentUrl\":\"https:\\\/\\\/storage.googleapis.com\\\/cz-shopatoa-img\\\/cz\\\/ebccf434-shopatoa_logo.png\",\"width\":416,\"height\":63,\"caption\":\"SHOPATOA Digital s.r.o.\"},\"image\":{\"@id\":\"https:\\\/\\\/shopatoa.com\\\/cz\\\/#\\\/schema\\\/logo\\\/image\\\/\"}}]}<\/script>\n<!-- \/ Yoast SEO plugin. -->","yoast_head_json":{"title":"Vod\u00edtko Flexi Puppy p\u00e1ska 2m sv.modr\u00e9 - SHOPATOA.COM","robots":{"index":"index","follow":"follow","max-snippet":"max-snippet:-1","max-image-preview":"max-image-preview:large","max-video-preview":"max-video-preview:-1"},"canonical":"https:\/\/shopatoa.com\/cz\/voditko-flexi-puppy-paska-2m-sv-modre\/","og_locale":"cs_CZ","og_type":"article","og_title":"Vod\u00edtko Flexi Puppy p\u00e1ska 2m sv.modr\u00e9 - SHOPATOA.COM","og_description":"Vod\u00edtko z atraktivn\u00ed edice pro \u0161t\u011b\u0148ata je ide\u00e1ln\u00edm pomocn\u00edkem pro prvn\u00ed spole\u010dn\u00e9 proch\u00e1zky venku. P\u00e1sek extra odoln\u00fd v\u016f\u010di ostr\u00fdm \u0161t\u011bn\u011b\u010d\u00edm zub\u016fm. Spolehliv\u00fd brzdn\u00fd syst\u00e9m. Ergonomick\u00fd design. Barva Sv\u011btle modr\u00e1 D\u00e9lka p\u00e1sku 2m Maxim\u00e1ln\u00ed zat\u00ed\u017een\u00ed p\u00e1sku 12 kg","og_url":"https:\/\/shopatoa.com\/cz\/voditko-flexi-puppy-paska-2m-sv-modre\/","og_site_name":"SHOPATOA","article_modified_time":"2026-02-03T21:51:07+00:00","og_image":[{"width":600,"height":600,"url":"https:\/\/storage.googleapis.com\/cz-shopatoa-img\/cz\/ffb8c164-1_80666.jpg","type":"image\/jpeg"}],"twitter_card":"summary_large_image","schema":{"@context":"https:\/\/schema.org","@graph":[{"@type":"WebPage","@id":"https:\/\/shopatoa.com\/cz\/voditko-flexi-puppy-paska-2m-sv-modre\/","url":"https:\/\/shopatoa.com\/cz\/voditko-flexi-puppy-paska-2m-sv-modre\/","name":"Vod\u00edtko Flexi Puppy p\u00e1ska 2m sv.modr\u00e9 - SHOPATOA.COM","isPartOf":{"@id":"https:\/\/shopatoa.com\/cz\/#website"},"primaryImageOfPage":{"@id":"https:\/\/shopatoa.com\/cz\/voditko-flexi-puppy-paska-2m-sv-modre\/#primaryimage"},"image":{"@id":"https:\/\/shopatoa.com\/cz\/voditko-flexi-puppy-paska-2m-sv-modre\/#primaryimage"},"thumbnailUrl":"https:\/\/storage.googleapis.com\/cz-shopatoa-img\/cz\/ffb8c164-1_80666.jpg","datePublished":"2025-04-03T12:31:17+00:00","dateModified":"2026-02-03T21:51:07+00:00","breadcrumb":{"@id":"https:\/\/shopatoa.com\/cz\/voditko-flexi-puppy-paska-2m-sv-modre\/#breadcrumb"},"inLanguage":"cs","potentialAction":[{"@type":"ReadAction","target":["https:\/\/shopatoa.com\/cz\/voditko-flexi-puppy-paska-2m-sv-modre\/"]}]},{"@type":"ImageObject","inLanguage":"cs","@id":"https:\/\/shopatoa.com\/cz\/voditko-flexi-puppy-paska-2m-sv-modre\/#primaryimage","url":"https:\/\/storage.googleapis.com\/cz-shopatoa-img\/cz\/ffb8c164-1_80666.jpg","contentUrl":"https:\/\/storage.googleapis.com\/cz-shopatoa-img\/cz\/ffb8c164-1_80666.jpg","width":600,"height":600},{"@type":"BreadcrumbList","@id":"https:\/\/shopatoa.com\/cz\/voditko-flexi-puppy-paska-2m-sv-modre\/#breadcrumb","itemListElement":[{"@type":"ListItem","position":1,"name":"Dom\u016f","item":"https:\/\/shopatoa.com\/cz\/"},{"@type":"ListItem","position":2,"name":"Produkty","item":"https:\/\/shopatoa.com\/cz\/shop\/"},{"@type":"ListItem","position":3,"name":"Chovatelsk\u00e9 pot\u0159eby","item":"https:\/\/shopatoa.com\/cz\/chovatelske-potreby-2\/"},{"@type":"ListItem","position":4,"name":"Pro psy","item":"https:\/\/shopatoa.com\/cz\/pro-psy-chovatelske-potreby-2\/"},{"@type":"ListItem","position":5,"name":"V\u00fdcvik a ps\u00ed sporty","item":"https:\/\/shopatoa.com\/cz\/vycvik-a-psi-sporty\/"},{"@type":"ListItem","position":6,"name":"Vod\u00edtko Flexi Puppy p\u00e1ska 2m sv.modr\u00e9"}]},{"@type":"WebSite","@id":"https:\/\/shopatoa.com\/cz\/#website","url":"https:\/\/shopatoa.com\/cz\/","name":"SHOPATOA","description":"","publisher":{"@id":"https:\/\/shopatoa.com\/cz\/#organization"},"potentialAction":[{"@type":"SearchAction","target":{"@type":"EntryPoint","urlTemplate":"https:\/\/shopatoa.com\/cz\/?s={search_term_string}"},"query-input":{"@type":"PropertyValueSpecification","valueRequired":true,"valueName":"search_term_string"}}],"inLanguage":"cs"},{"@type":"Organization","@id":"https:\/\/shopatoa.com\/cz\/#organization","name":"SHOPATOA Digital s.r.o.","url":"https:\/\/shopatoa.com\/cz\/","logo":{"@type":"ImageObject","inLanguage":"cs","@id":"https:\/\/shopatoa.com\/cz\/#\/schema\/logo\/image\/","url":"https:\/\/storage.googleapis.com\/cz-shopatoa-img\/cz\/ebccf434-shopatoa_logo.png","contentUrl":"https:\/\/storage.googleapis.com\/cz-shopatoa-img\/cz\/ebccf434-shopatoa_logo.png","width":416,"height":63,"caption":"SHOPATOA Digital s.r.o."},"image":{"@id":"https:\/\/shopatoa.com\/cz\/#\/schema\/logo\/image\/"}}]}},"_links":{"self":[{"href":"https:\/\/shopatoa.com\/cz\/wp-json\/wp\/v2\/product\/252374","targetHints":{"allow":["GET"]}}],"collection":[{"href":"https:\/\/shopatoa.com\/cz\/wp-json\/wp\/v2\/product"}],"about":[{"href":"https:\/\/shopatoa.com\/cz\/wp-json\/wp\/v2\/types\/product"}],"replies":[{"embeddable":true,"href":"https:\/\/shopatoa.com\/cz\/wp-json\/wp\/v2\/comments?post=252374"}],"wp:featuredmedia":[{"embeddable":true,"href":"https:\/\/shopatoa.com\/cz\/wp-json\/wp\/v2\/media\/252375"}],"wp:attachment":[{"href":"https:\/\/shopatoa.com\/cz\/wp-json\/wp\/v2\/media?parent=252374"}],"wp:term":[{"taxonomy":"product_brand","embeddable":true,"href":"https:\/\/shopatoa.com\/cz\/wp-json\/wp\/v2\/product_brand?post=252374"},{"taxonomy":"product_cat","embeddable":true,"href":"https:\/\/shopatoa.com\/cz\/wp-json\/wp\/v2\/product_cat?post=252374"},{"taxonomy":"product_tag","embeddable":true,"href":"https:\/\/shopatoa.com\/cz\/wp-json\/wp\/v2\/product_tag?post=252374"}],"curies":[{"name":"wp","href":"https:\/\/api.w.org\/{rel}","templated":true}]}}