{"id":252438,"date":"2025-04-03T14:45:21","date_gmt":"2025-04-03T12:45:21","guid":{"rendered":"https:\/\/shopatoa.com\/cz\/?post_type=product&#038;p=252438"},"modified":"2025-05-16T14:48:04","modified_gmt":"2025-05-16T12:48:04","slug":"kondicioner-kay-vyzivujici-5l","status":"publish","type":"product","link":"https:\/\/shopatoa.com\/cz\/kondicioner-kay-vyzivujici-5l\/","title":{"rendered":"Kondicion\u00e9r KAY vy\u017eivuj\u00edc\u00ed 5l"},"content":{"rendered":"<p>Vy\u017eivuj\u00edc\u00ed kondicion\u00e9r KAY pro dosp\u011bl\u00e9 psy v\u0161ech plemen. \u200b<\/p>\n<p>\tDod\u00e1v\u00e1 srsti hebkost a z\u00e1\u0159iv\u00fd lesk d\u00edky extraktu z rakytn\u00edku.<br \/>\n\tOlej z makadamov\u00fdch o\u0159ech\u016f\u00a0zvlh\u010duje k\u016f\u017ei a br\u00e1n\u00ed tak jej\u00edmu vysu\u0161ov\u00e1n\u00ed.<br \/>\n\tKondicion\u00e9r je vhodn\u00fd pro v\u0161echny typy k\u016f\u017ee i srsti.<br \/>\n\tVhodn\u00fd pro denn\u00ed pou\u017e\u00edv\u00e1n\u00ed.<\/p>\n<p>Slo\u017een\u00ed<\/p>\n<p>Deionizovan\u00e1 voda 87,64 %, glycerol 3 %, stearylalkohol 2,5 %, trimethylstearylammonium chlorid 2%, cetylalkohol 2%, PEG-40 1%, polykvaternium-32 0,5%, makadamov\u00fd olej 0,5%, rakytn\u00edkov\u00fd extrakt 0,5%, v\u016fn\u011b 0,1 %, C12S 0,1 %, EDTA 0,1 %, kathon 0,06 %. \u200b<\/p>\n<p>Pou\u017eit\u00ed<\/p>\n<p>Pou\u017e\u00edvejte kondicion\u00e9r st\u0159\u00eddm\u011b a uzp\u016fsobte mno\u017estv\u00ed podle velikosti psa. Naneste kondicion\u00e9r na mokrou srst, rovnom\u011brn\u011b rozet\u0159ete a opl\u00e1chn\u011bte vla\u017enou vodou. V p\u0159\u00edpad\u011b pot\u0159eby opakujte. Po umyt\u00ed vysu\u0161te srst psa a chra\u0148te ho p\u0159ed pr\u016fvanem.<\/p>\n<p>\u010c\u00edslo schv\u00e1len\u00ed: 349-21\/C.<\/p>\n","protected":false},"excerpt":{"rendered":"<p>Vy\u017eivuj\u00edc\u00ed kondicion\u00e9r KAY pro dosp\u011bl\u00e9 psy v\u0161ech plemen. \u200b Dod\u00e1v\u00e1 srsti hebkost a z\u00e1\u0159iv\u00fd lesk d\u00edky extraktu z rakytn\u00edku. Olej z makadamov\u00fdch o\u0159ech\u016f\u00a0zvlh\u010duje k\u016f\u017ei a br\u00e1n\u00ed tak jej\u00edmu vysu\u0161ov\u00e1n\u00ed. Kondicion\u00e9r je vhodn\u00fd pro v\u0161echny typy k\u016f\u017ee i srsti. Vhodn\u00fd pro denn\u00ed pou\u017e\u00edv\u00e1n\u00ed. Slo\u017een\u00ed Deionizovan\u00e1 voda 87,64 %, glycerol 3 %, stearylalkohol 2,5 %, trimethylstearylammonium chlorid&#8230;<\/p>\n","protected":false},"featured_media":252439,"comment_status":"closed","ping_status":"open","template":"","meta":{"_acf_changed":false,"_kadence_starter_templates_imported_post":false,"_kad_post_transparent":"","_kad_post_title":"","_kad_post_layout":"","_kad_post_sidebar_id":"","_kad_post_content_style":"","_kad_post_vertical_padding":"","_kad_post_feature":"","_kad_post_feature_position":"","_kad_post_header":false,"_kad_post_footer":false,"_kad_post_classname":""},"product_brand":[2045],"product_cat":[436,740,742,741,739],"product_tag":[],"class_list":{"0":"post-252438","1":"product","2":"type-product","3":"status-publish","4":"has-post-thumbnail","6":"product_brand-kay","7":"product_cat-chovatelske-potreby-2","8":"product_cat-hygiena-a-kosmetika-pro-psy","9":"product_cat-kosmetika-a-uprava-psa","10":"product_cat-pece-o-psi-srst","11":"product_cat-pro-psy-chovatelske-potreby-2","12":"pa_obchod-superzoo-cz","14":"first","15":"instock","16":"product-type-external","17":"entry","18":"content-bg","19":"loop-entry"},"acf":[],"yoast_head":"<!-- This site is optimized with the Yoast SEO plugin v27.4 - https:\/\/yoast.com\/product\/yoast-seo-wordpress\/ -->\n<title>Kondicion\u00e9r KAY vy\u017eivuj\u00edc\u00ed 5l - SHOPATOA.COM<\/title>\n<meta name=\"robots\" content=\"index, follow, max-snippet:-1, max-image-preview:large, max-video-preview:-1\" \/>\n<link rel=\"canonical\" href=\"https:\/\/shopatoa.com\/cz\/kondicioner-kay-vyzivujici-5l\/\" \/>\n<meta property=\"og:locale\" content=\"cs_CZ\" \/>\n<meta property=\"og:type\" content=\"article\" \/>\n<meta property=\"og:title\" content=\"Kondicion\u00e9r KAY vy\u017eivuj\u00edc\u00ed 5l - SHOPATOA.COM\" \/>\n<meta property=\"og:description\" content=\"Vy\u017eivuj\u00edc\u00ed kondicion\u00e9r KAY pro dosp\u011bl\u00e9 psy v\u0161ech plemen. \u200b Dod\u00e1v\u00e1 srsti hebkost a z\u00e1\u0159iv\u00fd lesk d\u00edky extraktu z rakytn\u00edku. Olej z makadamov\u00fdch o\u0159ech\u016f\u00a0zvlh\u010duje k\u016f\u017ei a br\u00e1n\u00ed tak jej\u00edmu vysu\u0161ov\u00e1n\u00ed. Kondicion\u00e9r je vhodn\u00fd pro v\u0161echny typy k\u016f\u017ee i srsti. Vhodn\u00fd pro denn\u00ed pou\u017e\u00edv\u00e1n\u00ed. Slo\u017een\u00ed Deionizovan\u00e1 voda 87,64 %, glycerol 3 %, stearylalkohol 2,5 %, trimethylstearylammonium chlorid...\" \/>\n<meta property=\"og:url\" content=\"https:\/\/shopatoa.com\/cz\/kondicioner-kay-vyzivujici-5l\/\" \/>\n<meta property=\"og:site_name\" content=\"SHOPATOA\" \/>\n<meta property=\"article:modified_time\" content=\"2025-05-16T12:48:04+00:00\" \/>\n<meta property=\"og:image\" content=\"https:\/\/storage.googleapis.com\/cz-shopatoa-img\/cz\/8106c2b1-1_81244.jpg\" \/>\n\t<meta property=\"og:image:width\" content=\"600\" \/>\n\t<meta property=\"og:image:height\" content=\"600\" \/>\n\t<meta property=\"og:image:type\" content=\"image\/jpeg\" \/>\n<meta name=\"twitter:card\" content=\"summary_large_image\" \/>\n<meta name=\"twitter:label1\" content=\"Odhadovan\u00e1 doba \u010dten\u00ed\" \/>\n\t<meta name=\"twitter:data1\" content=\"1 minuta\" \/>\n<script type=\"application\/ld+json\" class=\"yoast-schema-graph\">{\"@context\":\"https:\\\/\\\/schema.org\",\"@graph\":[{\"@type\":\"WebPage\",\"@id\":\"https:\\\/\\\/shopatoa.com\\\/cz\\\/kondicioner-kay-vyzivujici-5l\\\/\",\"url\":\"https:\\\/\\\/shopatoa.com\\\/cz\\\/kondicioner-kay-vyzivujici-5l\\\/\",\"name\":\"Kondicion\u00e9r KAY vy\u017eivuj\u00edc\u00ed 5l - SHOPATOA.COM\",\"isPartOf\":{\"@id\":\"https:\\\/\\\/shopatoa.com\\\/cz\\\/#website\"},\"primaryImageOfPage\":{\"@id\":\"https:\\\/\\\/shopatoa.com\\\/cz\\\/kondicioner-kay-vyzivujici-5l\\\/#primaryimage\"},\"image\":{\"@id\":\"https:\\\/\\\/shopatoa.com\\\/cz\\\/kondicioner-kay-vyzivujici-5l\\\/#primaryimage\"},\"thumbnailUrl\":\"https:\\\/\\\/storage.googleapis.com\\\/cz-shopatoa-img\\\/cz\\\/8106c2b1-1_81244.jpg\",\"datePublished\":\"2025-04-03T12:45:21+00:00\",\"dateModified\":\"2025-05-16T12:48:04+00:00\",\"breadcrumb\":{\"@id\":\"https:\\\/\\\/shopatoa.com\\\/cz\\\/kondicioner-kay-vyzivujici-5l\\\/#breadcrumb\"},\"inLanguage\":\"cs\",\"potentialAction\":[{\"@type\":\"ReadAction\",\"target\":[\"https:\\\/\\\/shopatoa.com\\\/cz\\\/kondicioner-kay-vyzivujici-5l\\\/\"]}]},{\"@type\":\"ImageObject\",\"inLanguage\":\"cs\",\"@id\":\"https:\\\/\\\/shopatoa.com\\\/cz\\\/kondicioner-kay-vyzivujici-5l\\\/#primaryimage\",\"url\":\"https:\\\/\\\/storage.googleapis.com\\\/cz-shopatoa-img\\\/cz\\\/8106c2b1-1_81244.jpg\",\"contentUrl\":\"https:\\\/\\\/storage.googleapis.com\\\/cz-shopatoa-img\\\/cz\\\/8106c2b1-1_81244.jpg\",\"width\":600,\"height\":600},{\"@type\":\"BreadcrumbList\",\"@id\":\"https:\\\/\\\/shopatoa.com\\\/cz\\\/kondicioner-kay-vyzivujici-5l\\\/#breadcrumb\",\"itemListElement\":[{\"@type\":\"ListItem\",\"position\":1,\"name\":\"Dom\u016f\",\"item\":\"https:\\\/\\\/shopatoa.com\\\/cz\\\/\"},{\"@type\":\"ListItem\",\"position\":2,\"name\":\"Produkty\",\"item\":\"https:\\\/\\\/shopatoa.com\\\/cz\\\/shop\\\/\"},{\"@type\":\"ListItem\",\"position\":3,\"name\":\"Chovatelsk\u00e9 pot\u0159eby\",\"item\":\"https:\\\/\\\/shopatoa.com\\\/cz\\\/chovatelske-potreby-2\\\/\"},{\"@type\":\"ListItem\",\"position\":4,\"name\":\"Pro psy\",\"item\":\"https:\\\/\\\/shopatoa.com\\\/cz\\\/pro-psy-chovatelske-potreby-2\\\/\"},{\"@type\":\"ListItem\",\"position\":5,\"name\":\"Hygiena a kosmetika pro psy\",\"item\":\"https:\\\/\\\/shopatoa.com\\\/cz\\\/hygiena-a-kosmetika-pro-psy\\\/\"},{\"@type\":\"ListItem\",\"position\":6,\"name\":\"P\u00e9\u010de o ps\u00ed srst\",\"item\":\"https:\\\/\\\/shopatoa.com\\\/cz\\\/pece-o-psi-srst\\\/\"},{\"@type\":\"ListItem\",\"position\":7,\"name\":\"Kosmetika a \u00faprava psa\",\"item\":\"https:\\\/\\\/shopatoa.com\\\/cz\\\/kosmetika-a-uprava-psa\\\/\"},{\"@type\":\"ListItem\",\"position\":8,\"name\":\"Kondicion\u00e9r KAY vy\u017eivuj\u00edc\u00ed 5l\"}]},{\"@type\":\"WebSite\",\"@id\":\"https:\\\/\\\/shopatoa.com\\\/cz\\\/#website\",\"url\":\"https:\\\/\\\/shopatoa.com\\\/cz\\\/\",\"name\":\"SHOPATOA\",\"description\":\"\",\"publisher\":{\"@id\":\"https:\\\/\\\/shopatoa.com\\\/cz\\\/#organization\"},\"potentialAction\":[{\"@type\":\"SearchAction\",\"target\":{\"@type\":\"EntryPoint\",\"urlTemplate\":\"https:\\\/\\\/shopatoa.com\\\/cz\\\/?s={search_term_string}\"},\"query-input\":{\"@type\":\"PropertyValueSpecification\",\"valueRequired\":true,\"valueName\":\"search_term_string\"}}],\"inLanguage\":\"cs\"},{\"@type\":\"Organization\",\"@id\":\"https:\\\/\\\/shopatoa.com\\\/cz\\\/#organization\",\"name\":\"SHOPATOA Digital s.r.o.\",\"url\":\"https:\\\/\\\/shopatoa.com\\\/cz\\\/\",\"logo\":{\"@type\":\"ImageObject\",\"inLanguage\":\"cs\",\"@id\":\"https:\\\/\\\/shopatoa.com\\\/cz\\\/#\\\/schema\\\/logo\\\/image\\\/\",\"url\":\"https:\\\/\\\/storage.googleapis.com\\\/cz-shopatoa-img\\\/cz\\\/ebccf434-shopatoa_logo.png\",\"contentUrl\":\"https:\\\/\\\/storage.googleapis.com\\\/cz-shopatoa-img\\\/cz\\\/ebccf434-shopatoa_logo.png\",\"width\":416,\"height\":63,\"caption\":\"SHOPATOA Digital s.r.o.\"},\"image\":{\"@id\":\"https:\\\/\\\/shopatoa.com\\\/cz\\\/#\\\/schema\\\/logo\\\/image\\\/\"}}]}<\/script>\n<!-- \/ Yoast SEO plugin. -->","yoast_head_json":{"title":"Kondicion\u00e9r KAY vy\u017eivuj\u00edc\u00ed 5l - SHOPATOA.COM","robots":{"index":"index","follow":"follow","max-snippet":"max-snippet:-1","max-image-preview":"max-image-preview:large","max-video-preview":"max-video-preview:-1"},"canonical":"https:\/\/shopatoa.com\/cz\/kondicioner-kay-vyzivujici-5l\/","og_locale":"cs_CZ","og_type":"article","og_title":"Kondicion\u00e9r KAY vy\u017eivuj\u00edc\u00ed 5l - SHOPATOA.COM","og_description":"Vy\u017eivuj\u00edc\u00ed kondicion\u00e9r KAY pro dosp\u011bl\u00e9 psy v\u0161ech plemen. \u200b Dod\u00e1v\u00e1 srsti hebkost a z\u00e1\u0159iv\u00fd lesk d\u00edky extraktu z rakytn\u00edku. Olej z makadamov\u00fdch o\u0159ech\u016f\u00a0zvlh\u010duje k\u016f\u017ei a br\u00e1n\u00ed tak jej\u00edmu vysu\u0161ov\u00e1n\u00ed. Kondicion\u00e9r je vhodn\u00fd pro v\u0161echny typy k\u016f\u017ee i srsti. Vhodn\u00fd pro denn\u00ed pou\u017e\u00edv\u00e1n\u00ed. Slo\u017een\u00ed Deionizovan\u00e1 voda 87,64 %, glycerol 3 %, stearylalkohol 2,5 %, trimethylstearylammonium chlorid...","og_url":"https:\/\/shopatoa.com\/cz\/kondicioner-kay-vyzivujici-5l\/","og_site_name":"SHOPATOA","article_modified_time":"2025-05-16T12:48:04+00:00","og_image":[{"width":600,"height":600,"url":"https:\/\/storage.googleapis.com\/cz-shopatoa-img\/cz\/8106c2b1-1_81244.jpg","type":"image\/jpeg"}],"twitter_card":"summary_large_image","twitter_misc":{"Odhadovan\u00e1 doba \u010dten\u00ed":"1 minuta"},"schema":{"@context":"https:\/\/schema.org","@graph":[{"@type":"WebPage","@id":"https:\/\/shopatoa.com\/cz\/kondicioner-kay-vyzivujici-5l\/","url":"https:\/\/shopatoa.com\/cz\/kondicioner-kay-vyzivujici-5l\/","name":"Kondicion\u00e9r KAY vy\u017eivuj\u00edc\u00ed 5l - SHOPATOA.COM","isPartOf":{"@id":"https:\/\/shopatoa.com\/cz\/#website"},"primaryImageOfPage":{"@id":"https:\/\/shopatoa.com\/cz\/kondicioner-kay-vyzivujici-5l\/#primaryimage"},"image":{"@id":"https:\/\/shopatoa.com\/cz\/kondicioner-kay-vyzivujici-5l\/#primaryimage"},"thumbnailUrl":"https:\/\/storage.googleapis.com\/cz-shopatoa-img\/cz\/8106c2b1-1_81244.jpg","datePublished":"2025-04-03T12:45:21+00:00","dateModified":"2025-05-16T12:48:04+00:00","breadcrumb":{"@id":"https:\/\/shopatoa.com\/cz\/kondicioner-kay-vyzivujici-5l\/#breadcrumb"},"inLanguage":"cs","potentialAction":[{"@type":"ReadAction","target":["https:\/\/shopatoa.com\/cz\/kondicioner-kay-vyzivujici-5l\/"]}]},{"@type":"ImageObject","inLanguage":"cs","@id":"https:\/\/shopatoa.com\/cz\/kondicioner-kay-vyzivujici-5l\/#primaryimage","url":"https:\/\/storage.googleapis.com\/cz-shopatoa-img\/cz\/8106c2b1-1_81244.jpg","contentUrl":"https:\/\/storage.googleapis.com\/cz-shopatoa-img\/cz\/8106c2b1-1_81244.jpg","width":600,"height":600},{"@type":"BreadcrumbList","@id":"https:\/\/shopatoa.com\/cz\/kondicioner-kay-vyzivujici-5l\/#breadcrumb","itemListElement":[{"@type":"ListItem","position":1,"name":"Dom\u016f","item":"https:\/\/shopatoa.com\/cz\/"},{"@type":"ListItem","position":2,"name":"Produkty","item":"https:\/\/shopatoa.com\/cz\/shop\/"},{"@type":"ListItem","position":3,"name":"Chovatelsk\u00e9 pot\u0159eby","item":"https:\/\/shopatoa.com\/cz\/chovatelske-potreby-2\/"},{"@type":"ListItem","position":4,"name":"Pro psy","item":"https:\/\/shopatoa.com\/cz\/pro-psy-chovatelske-potreby-2\/"},{"@type":"ListItem","position":5,"name":"Hygiena a kosmetika pro psy","item":"https:\/\/shopatoa.com\/cz\/hygiena-a-kosmetika-pro-psy\/"},{"@type":"ListItem","position":6,"name":"P\u00e9\u010de o ps\u00ed srst","item":"https:\/\/shopatoa.com\/cz\/pece-o-psi-srst\/"},{"@type":"ListItem","position":7,"name":"Kosmetika a \u00faprava psa","item":"https:\/\/shopatoa.com\/cz\/kosmetika-a-uprava-psa\/"},{"@type":"ListItem","position":8,"name":"Kondicion\u00e9r KAY vy\u017eivuj\u00edc\u00ed 5l"}]},{"@type":"WebSite","@id":"https:\/\/shopatoa.com\/cz\/#website","url":"https:\/\/shopatoa.com\/cz\/","name":"SHOPATOA","description":"","publisher":{"@id":"https:\/\/shopatoa.com\/cz\/#organization"},"potentialAction":[{"@type":"SearchAction","target":{"@type":"EntryPoint","urlTemplate":"https:\/\/shopatoa.com\/cz\/?s={search_term_string}"},"query-input":{"@type":"PropertyValueSpecification","valueRequired":true,"valueName":"search_term_string"}}],"inLanguage":"cs"},{"@type":"Organization","@id":"https:\/\/shopatoa.com\/cz\/#organization","name":"SHOPATOA Digital s.r.o.","url":"https:\/\/shopatoa.com\/cz\/","logo":{"@type":"ImageObject","inLanguage":"cs","@id":"https:\/\/shopatoa.com\/cz\/#\/schema\/logo\/image\/","url":"https:\/\/storage.googleapis.com\/cz-shopatoa-img\/cz\/ebccf434-shopatoa_logo.png","contentUrl":"https:\/\/storage.googleapis.com\/cz-shopatoa-img\/cz\/ebccf434-shopatoa_logo.png","width":416,"height":63,"caption":"SHOPATOA Digital s.r.o."},"image":{"@id":"https:\/\/shopatoa.com\/cz\/#\/schema\/logo\/image\/"}}]}},"_links":{"self":[{"href":"https:\/\/shopatoa.com\/cz\/wp-json\/wp\/v2\/product\/252438","targetHints":{"allow":["GET"]}}],"collection":[{"href":"https:\/\/shopatoa.com\/cz\/wp-json\/wp\/v2\/product"}],"about":[{"href":"https:\/\/shopatoa.com\/cz\/wp-json\/wp\/v2\/types\/product"}],"replies":[{"embeddable":true,"href":"https:\/\/shopatoa.com\/cz\/wp-json\/wp\/v2\/comments?post=252438"}],"wp:featuredmedia":[{"embeddable":true,"href":"https:\/\/shopatoa.com\/cz\/wp-json\/wp\/v2\/media\/252439"}],"wp:attachment":[{"href":"https:\/\/shopatoa.com\/cz\/wp-json\/wp\/v2\/media?parent=252438"}],"wp:term":[{"taxonomy":"product_brand","embeddable":true,"href":"https:\/\/shopatoa.com\/cz\/wp-json\/wp\/v2\/product_brand?post=252438"},{"taxonomy":"product_cat","embeddable":true,"href":"https:\/\/shopatoa.com\/cz\/wp-json\/wp\/v2\/product_cat?post=252438"},{"taxonomy":"product_tag","embeddable":true,"href":"https:\/\/shopatoa.com\/cz\/wp-json\/wp\/v2\/product_tag?post=252438"}],"curies":[{"name":"wp","href":"https:\/\/api.w.org\/{rel}","templated":true}]}}