{"id":252440,"date":"2025-04-03T14:45:31","date_gmt":"2025-04-03T12:45:31","guid":{"rendered":"https:\/\/shopatoa.com\/cz\/?post_type=product&#038;p=252440"},"modified":"2026-02-03T22:50:49","modified_gmt":"2026-02-03T21:50:49","slug":"hills-prescription-diet-i-d-canine-4kg","status":"publish","type":"product","link":"https:\/\/shopatoa.com\/cz\/hills-prescription-diet-i-d-canine-4kg\/","title":{"rendered":"Hill&#8217;s Prescription Diet i\/d Canine 4kg"},"content":{"rendered":"<p>Vysoce straviteln\u00e9 krmivo vytvo\u0159en\u00e9 k podpo\u0159e ps\u016f s gastrointestin\u00e1ln\u00edmi probl\u00e9my. Kompletn\u00ed krmivo pro psy.<\/p>\n<p>Kl\u00ed\u010dov\u00e9 v\u00fdhody<\/p>\n<p>\tPom\u00e1h\u00e1 neutralizovat voln\u00e9 radik\u00e1ly d\u00edky vysok\u00e9 hladin\u011b antioxidatn\u016f<br \/>\n\tVysoce straviteln\u00e9 suroviny pro lep\u0161\u00ed za\u017e\u00edv\u00e1n\u00ed<br \/>\n\tPoskytuje specifickou vl\u00e1kninu, kter\u00e1 pom\u00e1h\u00e1 vy\u017eivovat st\u0159evn\u00ed bu\u0148ky<br \/>\n\t\u00a0<\/p>\n<p>Hill&#8217;s Prescription Diet i\/d Digestive Care je dietn\u00ed krmivo pro psy, kter\u00e9 m\u016f\u017ee b\u00fdt pou\u017eito k \u00falev\u011b od st\u0159evn\u00edch pot\u00ed\u017e\u00ed, a zlep\u0161it nedostate\u010dn\u00e9 tr\u00e1ven\u00ed p\u0159i exokrinn\u00ed pankreatick\u00e9 insificienci. Slo\u017eky p\u0159\u00edtomn\u00e9 v krmivu jsou lehce straviteln\u00e9 a obsah tuku sn\u00ed\u017een\u00fd, tak\u017ee toto krmivo je tak\u00e9 ide\u00e1ln\u00ed jako krmivo p\u0159i zotaven\u00ed po chirurgick\u00e9m z\u00e1kroku a po vysiluj\u00edc\u00edm onemocn\u011bn\u00ed. Zv\u00fd\u0161en\u00fd obsah elektrolyt\u016f a cenn\u00e9 antioxidanty nav\u00edc podporuj\u00ed zdrav\u00ed Va\u0161eho psa.<\/p>\n<p>Indikace<\/p>\n<p>\tgastrointestin\u00e1ln\u00ed poruchy: gastritis, enteritis, kolitida (nap\u0159\u00edklad nej\u010dast\u011bj\u0161\u00ed p\u0159\u00ed\u010dinou pr\u016fjm\u016f a malabsorpce a nadm\u011brn\u00e9ho mno\u017estv\u00ed bakteri\u00ed) .<br \/>\n\tzotaven\u00ed po gastrointestin\u00e1ln\u00edm&#8230;<\/p>\n","protected":false},"excerpt":{"rendered":"<p>Vysoce straviteln\u00e9 krmivo vytvo\u0159en\u00e9 k podpo\u0159e ps\u016f s gastrointestin\u00e1ln\u00edmi probl\u00e9my. Kompletn\u00ed krmivo pro psy. Kl\u00ed\u010dov\u00e9 v\u00fdhody Pom\u00e1h\u00e1 neutralizovat voln\u00e9 radik\u00e1ly d\u00edky vysok\u00e9 hladin\u011b antioxidatn\u016f Vysoce straviteln\u00e9 suroviny pro lep\u0161\u00ed za\u017e\u00edv\u00e1n\u00ed Poskytuje specifickou vl\u00e1kninu, kter\u00e1 pom\u00e1h\u00e1 vy\u017eivovat st\u0159evn\u00ed bu\u0148ky \u00a0 Hill&#8217;s Prescription Diet i\/d Digestive Care je dietn\u00ed krmivo pro psy, kter\u00e9 m\u016f\u017ee b\u00fdt pou\u017eito k&#8230;<\/p>\n","protected":false},"featured_media":252441,"comment_status":"closed","ping_status":"open","template":"","meta":{"_acf_changed":false,"_kadence_starter_templates_imported_post":false,"_kad_post_transparent":"","_kad_post_title":"","_kad_post_layout":"","_kad_post_sidebar_id":"","_kad_post_content_style":"","_kad_post_vertical_padding":"","_kad_post_feature":"","_kad_post_feature_position":"","_kad_post_header":false,"_kad_post_footer":false,"_kad_post_classname":""},"product_brand":[2710],"product_cat":[436,2569,2568,739],"product_tag":[],"class_list":{"0":"post-252440","1":"product","2":"type-product","3":"status-publish","4":"has-post-thumbnail","6":"product_brand-hills","7":"product_cat-chovatelske-potreby-2","8":"product_cat-granule-pro-psy","9":"product_cat-krmivo-pro-psy-pro-psy-chovatelske-potreby-2","10":"product_cat-pro-psy-chovatelske-potreby-2","11":"pa_obchod-superzoo-cz","13":"first","14":"instock","15":"product-type-external","16":"entry","17":"content-bg","18":"loop-entry"},"acf":[],"yoast_head":"<!-- This site is optimized with the Yoast SEO plugin v27.4 - https:\/\/yoast.com\/product\/yoast-seo-wordpress\/ -->\n<title>Hill&#039;s Prescription Diet i\/d Canine 4kg - SHOPATOA.COM<\/title>\n<meta name=\"robots\" content=\"index, follow, max-snippet:-1, max-image-preview:large, max-video-preview:-1\" \/>\n<link rel=\"canonical\" href=\"https:\/\/shopatoa.com\/cz\/hills-prescription-diet-i-d-canine-4kg\/\" \/>\n<meta property=\"og:locale\" content=\"cs_CZ\" \/>\n<meta property=\"og:type\" content=\"article\" \/>\n<meta property=\"og:title\" content=\"Hill&#039;s Prescription Diet i\/d Canine 4kg - SHOPATOA.COM\" \/>\n<meta property=\"og:description\" content=\"Vysoce straviteln\u00e9 krmivo vytvo\u0159en\u00e9 k podpo\u0159e ps\u016f s gastrointestin\u00e1ln\u00edmi probl\u00e9my. Kompletn\u00ed krmivo pro psy. Kl\u00ed\u010dov\u00e9 v\u00fdhody Pom\u00e1h\u00e1 neutralizovat voln\u00e9 radik\u00e1ly d\u00edky vysok\u00e9 hladin\u011b antioxidatn\u016f Vysoce straviteln\u00e9 suroviny pro lep\u0161\u00ed za\u017e\u00edv\u00e1n\u00ed Poskytuje specifickou vl\u00e1kninu, kter\u00e1 pom\u00e1h\u00e1 vy\u017eivovat st\u0159evn\u00ed bu\u0148ky \u00a0 Hill&#8217;s Prescription Diet i\/d Digestive Care je dietn\u00ed krmivo pro psy, kter\u00e9 m\u016f\u017ee b\u00fdt pou\u017eito k...\" \/>\n<meta property=\"og:url\" content=\"https:\/\/shopatoa.com\/cz\/hills-prescription-diet-i-d-canine-4kg\/\" \/>\n<meta property=\"og:site_name\" content=\"SHOPATOA\" \/>\n<meta property=\"article:modified_time\" content=\"2026-02-03T21:50:49+00:00\" \/>\n<meta property=\"og:image\" content=\"https:\/\/storage.googleapis.com\/cz-shopatoa-img\/cz\/f86e3a2c-1_81247.jpg\" \/>\n\t<meta property=\"og:image:width\" content=\"600\" \/>\n\t<meta property=\"og:image:height\" content=\"600\" \/>\n\t<meta property=\"og:image:type\" content=\"image\/jpeg\" \/>\n<meta name=\"twitter:card\" content=\"summary_large_image\" \/>\n<meta name=\"twitter:label1\" content=\"Odhadovan\u00e1 doba \u010dten\u00ed\" \/>\n\t<meta name=\"twitter:data1\" content=\"1 minuta\" \/>\n<script type=\"application\/ld+json\" class=\"yoast-schema-graph\">{\"@context\":\"https:\\\/\\\/schema.org\",\"@graph\":[{\"@type\":\"WebPage\",\"@id\":\"https:\\\/\\\/shopatoa.com\\\/cz\\\/hills-prescription-diet-i-d-canine-4kg\\\/\",\"url\":\"https:\\\/\\\/shopatoa.com\\\/cz\\\/hills-prescription-diet-i-d-canine-4kg\\\/\",\"name\":\"Hill's Prescription Diet i\\\/d Canine 4kg - SHOPATOA.COM\",\"isPartOf\":{\"@id\":\"https:\\\/\\\/shopatoa.com\\\/cz\\\/#website\"},\"primaryImageOfPage\":{\"@id\":\"https:\\\/\\\/shopatoa.com\\\/cz\\\/hills-prescription-diet-i-d-canine-4kg\\\/#primaryimage\"},\"image\":{\"@id\":\"https:\\\/\\\/shopatoa.com\\\/cz\\\/hills-prescription-diet-i-d-canine-4kg\\\/#primaryimage\"},\"thumbnailUrl\":\"https:\\\/\\\/storage.googleapis.com\\\/cz-shopatoa-img\\\/cz\\\/f86e3a2c-1_81247.jpg\",\"datePublished\":\"2025-04-03T12:45:31+00:00\",\"dateModified\":\"2026-02-03T21:50:49+00:00\",\"breadcrumb\":{\"@id\":\"https:\\\/\\\/shopatoa.com\\\/cz\\\/hills-prescription-diet-i-d-canine-4kg\\\/#breadcrumb\"},\"inLanguage\":\"cs\",\"potentialAction\":[{\"@type\":\"ReadAction\",\"target\":[\"https:\\\/\\\/shopatoa.com\\\/cz\\\/hills-prescription-diet-i-d-canine-4kg\\\/\"]}]},{\"@type\":\"ImageObject\",\"inLanguage\":\"cs\",\"@id\":\"https:\\\/\\\/shopatoa.com\\\/cz\\\/hills-prescription-diet-i-d-canine-4kg\\\/#primaryimage\",\"url\":\"https:\\\/\\\/storage.googleapis.com\\\/cz-shopatoa-img\\\/cz\\\/f86e3a2c-1_81247.jpg\",\"contentUrl\":\"https:\\\/\\\/storage.googleapis.com\\\/cz-shopatoa-img\\\/cz\\\/f86e3a2c-1_81247.jpg\",\"width\":600,\"height\":600},{\"@type\":\"BreadcrumbList\",\"@id\":\"https:\\\/\\\/shopatoa.com\\\/cz\\\/hills-prescription-diet-i-d-canine-4kg\\\/#breadcrumb\",\"itemListElement\":[{\"@type\":\"ListItem\",\"position\":1,\"name\":\"Dom\u016f\",\"item\":\"https:\\\/\\\/shopatoa.com\\\/cz\\\/\"},{\"@type\":\"ListItem\",\"position\":2,\"name\":\"Produkty\",\"item\":\"https:\\\/\\\/shopatoa.com\\\/cz\\\/shop\\\/\"},{\"@type\":\"ListItem\",\"position\":3,\"name\":\"Chovatelsk\u00e9 pot\u0159eby\",\"item\":\"https:\\\/\\\/shopatoa.com\\\/cz\\\/chovatelske-potreby-2\\\/\"},{\"@type\":\"ListItem\",\"position\":4,\"name\":\"Pro psy\",\"item\":\"https:\\\/\\\/shopatoa.com\\\/cz\\\/pro-psy-chovatelske-potreby-2\\\/\"},{\"@type\":\"ListItem\",\"position\":5,\"name\":\"Krmivo pro psy\",\"item\":\"https:\\\/\\\/shopatoa.com\\\/cz\\\/krmivo-pro-psy-pro-psy-chovatelske-potreby-2\\\/\"},{\"@type\":\"ListItem\",\"position\":6,\"name\":\"Granule pro psy\",\"item\":\"https:\\\/\\\/shopatoa.com\\\/cz\\\/granule-pro-psy\\\/\"},{\"@type\":\"ListItem\",\"position\":7,\"name\":\"Hill&#8217;s Prescription Diet i\\\/d Canine 4kg\"}]},{\"@type\":\"WebSite\",\"@id\":\"https:\\\/\\\/shopatoa.com\\\/cz\\\/#website\",\"url\":\"https:\\\/\\\/shopatoa.com\\\/cz\\\/\",\"name\":\"SHOPATOA\",\"description\":\"\",\"publisher\":{\"@id\":\"https:\\\/\\\/shopatoa.com\\\/cz\\\/#organization\"},\"potentialAction\":[{\"@type\":\"SearchAction\",\"target\":{\"@type\":\"EntryPoint\",\"urlTemplate\":\"https:\\\/\\\/shopatoa.com\\\/cz\\\/?s={search_term_string}\"},\"query-input\":{\"@type\":\"PropertyValueSpecification\",\"valueRequired\":true,\"valueName\":\"search_term_string\"}}],\"inLanguage\":\"cs\"},{\"@type\":\"Organization\",\"@id\":\"https:\\\/\\\/shopatoa.com\\\/cz\\\/#organization\",\"name\":\"SHOPATOA Digital s.r.o.\",\"url\":\"https:\\\/\\\/shopatoa.com\\\/cz\\\/\",\"logo\":{\"@type\":\"ImageObject\",\"inLanguage\":\"cs\",\"@id\":\"https:\\\/\\\/shopatoa.com\\\/cz\\\/#\\\/schema\\\/logo\\\/image\\\/\",\"url\":\"https:\\\/\\\/storage.googleapis.com\\\/cz-shopatoa-img\\\/cz\\\/ebccf434-shopatoa_logo.png\",\"contentUrl\":\"https:\\\/\\\/storage.googleapis.com\\\/cz-shopatoa-img\\\/cz\\\/ebccf434-shopatoa_logo.png\",\"width\":416,\"height\":63,\"caption\":\"SHOPATOA Digital s.r.o.\"},\"image\":{\"@id\":\"https:\\\/\\\/shopatoa.com\\\/cz\\\/#\\\/schema\\\/logo\\\/image\\\/\"}}]}<\/script>\n<!-- \/ Yoast SEO plugin. -->","yoast_head_json":{"title":"Hill's Prescription Diet i\/d Canine 4kg - SHOPATOA.COM","robots":{"index":"index","follow":"follow","max-snippet":"max-snippet:-1","max-image-preview":"max-image-preview:large","max-video-preview":"max-video-preview:-1"},"canonical":"https:\/\/shopatoa.com\/cz\/hills-prescription-diet-i-d-canine-4kg\/","og_locale":"cs_CZ","og_type":"article","og_title":"Hill's Prescription Diet i\/d Canine 4kg - SHOPATOA.COM","og_description":"Vysoce straviteln\u00e9 krmivo vytvo\u0159en\u00e9 k podpo\u0159e ps\u016f s gastrointestin\u00e1ln\u00edmi probl\u00e9my. Kompletn\u00ed krmivo pro psy. Kl\u00ed\u010dov\u00e9 v\u00fdhody Pom\u00e1h\u00e1 neutralizovat voln\u00e9 radik\u00e1ly d\u00edky vysok\u00e9 hladin\u011b antioxidatn\u016f Vysoce straviteln\u00e9 suroviny pro lep\u0161\u00ed za\u017e\u00edv\u00e1n\u00ed Poskytuje specifickou vl\u00e1kninu, kter\u00e1 pom\u00e1h\u00e1 vy\u017eivovat st\u0159evn\u00ed bu\u0148ky \u00a0 Hill&#8217;s Prescription Diet i\/d Digestive Care je dietn\u00ed krmivo pro psy, kter\u00e9 m\u016f\u017ee b\u00fdt pou\u017eito k...","og_url":"https:\/\/shopatoa.com\/cz\/hills-prescription-diet-i-d-canine-4kg\/","og_site_name":"SHOPATOA","article_modified_time":"2026-02-03T21:50:49+00:00","og_image":[{"width":600,"height":600,"url":"https:\/\/storage.googleapis.com\/cz-shopatoa-img\/cz\/f86e3a2c-1_81247.jpg","type":"image\/jpeg"}],"twitter_card":"summary_large_image","twitter_misc":{"Odhadovan\u00e1 doba \u010dten\u00ed":"1 minuta"},"schema":{"@context":"https:\/\/schema.org","@graph":[{"@type":"WebPage","@id":"https:\/\/shopatoa.com\/cz\/hills-prescription-diet-i-d-canine-4kg\/","url":"https:\/\/shopatoa.com\/cz\/hills-prescription-diet-i-d-canine-4kg\/","name":"Hill's Prescription Diet i\/d Canine 4kg - SHOPATOA.COM","isPartOf":{"@id":"https:\/\/shopatoa.com\/cz\/#website"},"primaryImageOfPage":{"@id":"https:\/\/shopatoa.com\/cz\/hills-prescription-diet-i-d-canine-4kg\/#primaryimage"},"image":{"@id":"https:\/\/shopatoa.com\/cz\/hills-prescription-diet-i-d-canine-4kg\/#primaryimage"},"thumbnailUrl":"https:\/\/storage.googleapis.com\/cz-shopatoa-img\/cz\/f86e3a2c-1_81247.jpg","datePublished":"2025-04-03T12:45:31+00:00","dateModified":"2026-02-03T21:50:49+00:00","breadcrumb":{"@id":"https:\/\/shopatoa.com\/cz\/hills-prescription-diet-i-d-canine-4kg\/#breadcrumb"},"inLanguage":"cs","potentialAction":[{"@type":"ReadAction","target":["https:\/\/shopatoa.com\/cz\/hills-prescription-diet-i-d-canine-4kg\/"]}]},{"@type":"ImageObject","inLanguage":"cs","@id":"https:\/\/shopatoa.com\/cz\/hills-prescription-diet-i-d-canine-4kg\/#primaryimage","url":"https:\/\/storage.googleapis.com\/cz-shopatoa-img\/cz\/f86e3a2c-1_81247.jpg","contentUrl":"https:\/\/storage.googleapis.com\/cz-shopatoa-img\/cz\/f86e3a2c-1_81247.jpg","width":600,"height":600},{"@type":"BreadcrumbList","@id":"https:\/\/shopatoa.com\/cz\/hills-prescription-diet-i-d-canine-4kg\/#breadcrumb","itemListElement":[{"@type":"ListItem","position":1,"name":"Dom\u016f","item":"https:\/\/shopatoa.com\/cz\/"},{"@type":"ListItem","position":2,"name":"Produkty","item":"https:\/\/shopatoa.com\/cz\/shop\/"},{"@type":"ListItem","position":3,"name":"Chovatelsk\u00e9 pot\u0159eby","item":"https:\/\/shopatoa.com\/cz\/chovatelske-potreby-2\/"},{"@type":"ListItem","position":4,"name":"Pro psy","item":"https:\/\/shopatoa.com\/cz\/pro-psy-chovatelske-potreby-2\/"},{"@type":"ListItem","position":5,"name":"Krmivo pro psy","item":"https:\/\/shopatoa.com\/cz\/krmivo-pro-psy-pro-psy-chovatelske-potreby-2\/"},{"@type":"ListItem","position":6,"name":"Granule pro psy","item":"https:\/\/shopatoa.com\/cz\/granule-pro-psy\/"},{"@type":"ListItem","position":7,"name":"Hill&#8217;s Prescription Diet i\/d Canine 4kg"}]},{"@type":"WebSite","@id":"https:\/\/shopatoa.com\/cz\/#website","url":"https:\/\/shopatoa.com\/cz\/","name":"SHOPATOA","description":"","publisher":{"@id":"https:\/\/shopatoa.com\/cz\/#organization"},"potentialAction":[{"@type":"SearchAction","target":{"@type":"EntryPoint","urlTemplate":"https:\/\/shopatoa.com\/cz\/?s={search_term_string}"},"query-input":{"@type":"PropertyValueSpecification","valueRequired":true,"valueName":"search_term_string"}}],"inLanguage":"cs"},{"@type":"Organization","@id":"https:\/\/shopatoa.com\/cz\/#organization","name":"SHOPATOA Digital s.r.o.","url":"https:\/\/shopatoa.com\/cz\/","logo":{"@type":"ImageObject","inLanguage":"cs","@id":"https:\/\/shopatoa.com\/cz\/#\/schema\/logo\/image\/","url":"https:\/\/storage.googleapis.com\/cz-shopatoa-img\/cz\/ebccf434-shopatoa_logo.png","contentUrl":"https:\/\/storage.googleapis.com\/cz-shopatoa-img\/cz\/ebccf434-shopatoa_logo.png","width":416,"height":63,"caption":"SHOPATOA Digital s.r.o."},"image":{"@id":"https:\/\/shopatoa.com\/cz\/#\/schema\/logo\/image\/"}}]}},"_links":{"self":[{"href":"https:\/\/shopatoa.com\/cz\/wp-json\/wp\/v2\/product\/252440","targetHints":{"allow":["GET"]}}],"collection":[{"href":"https:\/\/shopatoa.com\/cz\/wp-json\/wp\/v2\/product"}],"about":[{"href":"https:\/\/shopatoa.com\/cz\/wp-json\/wp\/v2\/types\/product"}],"replies":[{"embeddable":true,"href":"https:\/\/shopatoa.com\/cz\/wp-json\/wp\/v2\/comments?post=252440"}],"wp:featuredmedia":[{"embeddable":true,"href":"https:\/\/shopatoa.com\/cz\/wp-json\/wp\/v2\/media\/252441"}],"wp:attachment":[{"href":"https:\/\/shopatoa.com\/cz\/wp-json\/wp\/v2\/media?parent=252440"}],"wp:term":[{"taxonomy":"product_brand","embeddable":true,"href":"https:\/\/shopatoa.com\/cz\/wp-json\/wp\/v2\/product_brand?post=252440"},{"taxonomy":"product_cat","embeddable":true,"href":"https:\/\/shopatoa.com\/cz\/wp-json\/wp\/v2\/product_cat?post=252440"},{"taxonomy":"product_tag","embeddable":true,"href":"https:\/\/shopatoa.com\/cz\/wp-json\/wp\/v2\/product_tag?post=252440"}],"curies":[{"name":"wp","href":"https:\/\/api.w.org\/{rel}","templated":true}]}}