{"id":252580,"date":"2025-04-03T15:10:59","date_gmt":"2025-04-03T13:10:59","guid":{"rendered":"https:\/\/shopatoa.com\/cz\/?post_type=product&#038;p=252580"},"modified":"2026-01-31T13:48:41","modified_gmt":"2026-01-31T12:48:41","slug":"fontanka-catit-pixi-ruzova","status":"publish","type":"product","link":"https:\/\/shopatoa.com\/cz\/fontanka-catit-pixi-ruzova\/","title":{"rendered":"Font\u00e1nka Catit Pixi r\u016f\u017eov\u00e1"},"content":{"rendered":"<p>Font\u00e1na pro ko\u010dky je vybavena energeticky \u00fasporn\u00fdm a velmi tich\u00fdm \u010derpadlem, kter\u00e9 se automaticky vypne, kdy\u017e je hladina vody p\u0159\u00edli\u0161 n\u00edzk\u00e1.\u00a0Filtr s troj\u00edm \u00fa\u010dinkem zaji\u0161\u0165uje d\u016fkladn\u011b vy\u010di\u0161t\u011bnou vodu.<\/p>\n<p>\tVelmi\u00a0tich\u00e9, energeticky \u00fasporn\u00e9 \u010derpadlo.<br \/>\n\tKompaktn\u00ed, ergonomick\u00fd design &#8211;\u00a0nevy\u017eaduje mnoho m\u00edsta\u00a0na podlaze, font\u00e1nu lze snadno zvednout.<br \/>\n\tPodsv\u00edcen\u00fd ukazatel hladiny vody: zven\u010d\u00ed jasn\u011b\u00a0viditeln\u00fd ukazatel stavu napln\u011bn\u00ed.<br \/>\n\tOchrana proti p\u0159ete\u010den\u00ed.\u00a0<br \/>\n\tDiskr\u00e9tn\u00ed no\u010dn\u00ed sv\u011btlo &#8211; jemn\u011b sv\u00edt\u00ed a ukazuje cestu k vod\u011b v noci, p\u0159i n\u00edzk\u00e9 hladin\u011b vody blik\u00e1 \u010derven\u011b.<\/p>\n<p>Objem:\u00a02,5 l<\/p>\n<p>Celkov\u00e9 rozm\u011bry:\u00a0\u00a020,5 x\u00a020,5 x 17 cm<\/p>\n<p>3n\u00e1sobn\u00fd efektivn\u00ed filtr:<\/p>\n<p>\tBavln\u011bn\u00e1 tkanina:\u00a0filtruje \u010d\u00e1stice ne\u010distot z vody<br \/>\n\tAktivn\u00ed uhl\u00ed:\u00a0odstra\u0148uje z vody ne\u010distoty a pachy<br \/>\n\tIontov\u00fd v\u00fdm\u011bn\u00edk:\u00a0pom\u00e1h\u00e1 zm\u011bk\u010dovat vodu<\/p>\n<p>\u010ci\u0161t\u011bn\u00ed font\u00e1nky:<\/p>\n<p>Jednou t\u00fddn\u011b umyjte a opl\u00e1chn\u011bte font\u00e1nu na pit\u00ed m\u011bkkou houbi\u010dkou a jemn\u00fdm \u010distic\u00edm\u00a0prost\u0159edkem bez chemik\u00e1li\u00ed a abraziv. V\u0161e pe\u010dliv\u011b opl\u00e1chn\u011bte, aby nikde nez\u016fstaly&#8230;<\/p>\n","protected":false},"excerpt":{"rendered":"<p>Font\u00e1na pro ko\u010dky je vybavena energeticky \u00fasporn\u00fdm a velmi tich\u00fdm \u010derpadlem, kter\u00e9 se automaticky vypne, kdy\u017e je hladina vody p\u0159\u00edli\u0161 n\u00edzk\u00e1.\u00a0Filtr s troj\u00edm \u00fa\u010dinkem zaji\u0161\u0165uje d\u016fkladn\u011b vy\u010di\u0161t\u011bnou vodu. Velmi\u00a0tich\u00e9, energeticky \u00fasporn\u00e9 \u010derpadlo. Kompaktn\u00ed, ergonomick\u00fd design &#8211;\u00a0nevy\u017eaduje mnoho m\u00edsta\u00a0na podlaze, font\u00e1nu lze snadno zvednout. Podsv\u00edcen\u00fd ukazatel hladiny vody: zven\u010d\u00ed jasn\u011b\u00a0viditeln\u00fd ukazatel stavu napln\u011bn\u00ed. Ochrana proti p\u0159ete\u010den\u00ed.\u00a0&#8230;<\/p>\n","protected":false},"featured_media":252581,"comment_status":"closed","ping_status":"open","template":"","meta":{"_acf_changed":false,"_kadence_starter_templates_imported_post":false,"_kad_post_transparent":"","_kad_post_title":"","_kad_post_layout":"","_kad_post_sidebar_id":"","_kad_post_content_style":"","_kad_post_vertical_padding":"","_kad_post_feature":"","_kad_post_feature_position":"","_kad_post_header":false,"_kad_post_footer":false,"_kad_post_classname":""},"product_brand":[2532],"product_cat":[436,2534,1464],"product_tag":[],"class_list":{"0":"post-252580","1":"product","2":"type-product","3":"status-publish","4":"has-post-thumbnail","6":"product_brand-cat-it","7":"product_cat-chovatelske-potreby-2","8":"product_cat-misky-a-zasobniky-pro-kocky","9":"product_cat-pro-kocky-chovatelske-potreby-2","10":"pa_obchod-superzoo-cz","12":"first","13":"instock","14":"product-type-external","15":"entry","16":"content-bg","17":"loop-entry"},"acf":[],"yoast_head":"<!-- This site is optimized with the Yoast SEO plugin v27.4 - https:\/\/yoast.com\/product\/yoast-seo-wordpress\/ -->\n<title>Font\u00e1nka Catit Pixi r\u016f\u017eov\u00e1 - SHOPATOA.COM<\/title>\n<meta name=\"robots\" content=\"index, follow, max-snippet:-1, max-image-preview:large, max-video-preview:-1\" \/>\n<link rel=\"canonical\" href=\"https:\/\/shopatoa.com\/cz\/fontanka-catit-pixi-ruzova\/\" \/>\n<meta property=\"og:locale\" content=\"cs_CZ\" \/>\n<meta property=\"og:type\" content=\"article\" \/>\n<meta property=\"og:title\" content=\"Font\u00e1nka Catit Pixi r\u016f\u017eov\u00e1 - SHOPATOA.COM\" \/>\n<meta property=\"og:description\" content=\"Font\u00e1na pro ko\u010dky je vybavena energeticky \u00fasporn\u00fdm a velmi tich\u00fdm \u010derpadlem, kter\u00e9 se automaticky vypne, kdy\u017e je hladina vody p\u0159\u00edli\u0161 n\u00edzk\u00e1.\u00a0Filtr s troj\u00edm \u00fa\u010dinkem zaji\u0161\u0165uje d\u016fkladn\u011b vy\u010di\u0161t\u011bnou vodu. Velmi\u00a0tich\u00e9, energeticky \u00fasporn\u00e9 \u010derpadlo. Kompaktn\u00ed, ergonomick\u00fd design &#8211;\u00a0nevy\u017eaduje mnoho m\u00edsta\u00a0na podlaze, font\u00e1nu lze snadno zvednout. Podsv\u00edcen\u00fd ukazatel hladiny vody: zven\u010d\u00ed jasn\u011b\u00a0viditeln\u00fd ukazatel stavu napln\u011bn\u00ed. Ochrana proti p\u0159ete\u010den\u00ed.\u00a0...\" \/>\n<meta property=\"og:url\" content=\"https:\/\/shopatoa.com\/cz\/fontanka-catit-pixi-ruzova\/\" \/>\n<meta property=\"og:site_name\" content=\"SHOPATOA\" \/>\n<meta property=\"article:modified_time\" content=\"2026-01-31T12:48:41+00:00\" \/>\n<meta property=\"og:image\" content=\"https:\/\/storage.googleapis.com\/cz-shopatoa-img\/cz\/5c663083-1_81590.jpg\" \/>\n\t<meta property=\"og:image:width\" content=\"600\" \/>\n\t<meta property=\"og:image:height\" content=\"600\" \/>\n\t<meta property=\"og:image:type\" content=\"image\/jpeg\" \/>\n<meta name=\"twitter:card\" content=\"summary_large_image\" \/>\n<meta name=\"twitter:label1\" content=\"Odhadovan\u00e1 doba \u010dten\u00ed\" \/>\n\t<meta name=\"twitter:data1\" content=\"1 minuta\" \/>\n<script type=\"application\/ld+json\" class=\"yoast-schema-graph\">{\"@context\":\"https:\\\/\\\/schema.org\",\"@graph\":[{\"@type\":\"WebPage\",\"@id\":\"https:\\\/\\\/shopatoa.com\\\/cz\\\/fontanka-catit-pixi-ruzova\\\/\",\"url\":\"https:\\\/\\\/shopatoa.com\\\/cz\\\/fontanka-catit-pixi-ruzova\\\/\",\"name\":\"Font\u00e1nka Catit Pixi r\u016f\u017eov\u00e1 - SHOPATOA.COM\",\"isPartOf\":{\"@id\":\"https:\\\/\\\/shopatoa.com\\\/cz\\\/#website\"},\"primaryImageOfPage\":{\"@id\":\"https:\\\/\\\/shopatoa.com\\\/cz\\\/fontanka-catit-pixi-ruzova\\\/#primaryimage\"},\"image\":{\"@id\":\"https:\\\/\\\/shopatoa.com\\\/cz\\\/fontanka-catit-pixi-ruzova\\\/#primaryimage\"},\"thumbnailUrl\":\"https:\\\/\\\/storage.googleapis.com\\\/cz-shopatoa-img\\\/cz\\\/5c663083-1_81590.jpg\",\"datePublished\":\"2025-04-03T13:10:59+00:00\",\"dateModified\":\"2026-01-31T12:48:41+00:00\",\"breadcrumb\":{\"@id\":\"https:\\\/\\\/shopatoa.com\\\/cz\\\/fontanka-catit-pixi-ruzova\\\/#breadcrumb\"},\"inLanguage\":\"cs\",\"potentialAction\":[{\"@type\":\"ReadAction\",\"target\":[\"https:\\\/\\\/shopatoa.com\\\/cz\\\/fontanka-catit-pixi-ruzova\\\/\"]}]},{\"@type\":\"ImageObject\",\"inLanguage\":\"cs\",\"@id\":\"https:\\\/\\\/shopatoa.com\\\/cz\\\/fontanka-catit-pixi-ruzova\\\/#primaryimage\",\"url\":\"https:\\\/\\\/storage.googleapis.com\\\/cz-shopatoa-img\\\/cz\\\/5c663083-1_81590.jpg\",\"contentUrl\":\"https:\\\/\\\/storage.googleapis.com\\\/cz-shopatoa-img\\\/cz\\\/5c663083-1_81590.jpg\",\"width\":600,\"height\":600},{\"@type\":\"BreadcrumbList\",\"@id\":\"https:\\\/\\\/shopatoa.com\\\/cz\\\/fontanka-catit-pixi-ruzova\\\/#breadcrumb\",\"itemListElement\":[{\"@type\":\"ListItem\",\"position\":1,\"name\":\"Dom\u016f\",\"item\":\"https:\\\/\\\/shopatoa.com\\\/cz\\\/\"},{\"@type\":\"ListItem\",\"position\":2,\"name\":\"Produkty\",\"item\":\"https:\\\/\\\/shopatoa.com\\\/cz\\\/shop\\\/\"},{\"@type\":\"ListItem\",\"position\":3,\"name\":\"Chovatelsk\u00e9 pot\u0159eby\",\"item\":\"https:\\\/\\\/shopatoa.com\\\/cz\\\/chovatelske-potreby-2\\\/\"},{\"@type\":\"ListItem\",\"position\":4,\"name\":\"Pro ko\u010dky\",\"item\":\"https:\\\/\\\/shopatoa.com\\\/cz\\\/pro-kocky-chovatelske-potreby-2\\\/\"},{\"@type\":\"ListItem\",\"position\":5,\"name\":\"Misky a z\u00e1sobn\u00edky pro ko\u010dky\",\"item\":\"https:\\\/\\\/shopatoa.com\\\/cz\\\/misky-a-zasobniky-pro-kocky\\\/\"},{\"@type\":\"ListItem\",\"position\":6,\"name\":\"Font\u00e1nka Catit Pixi r\u016f\u017eov\u00e1\"}]},{\"@type\":\"WebSite\",\"@id\":\"https:\\\/\\\/shopatoa.com\\\/cz\\\/#website\",\"url\":\"https:\\\/\\\/shopatoa.com\\\/cz\\\/\",\"name\":\"SHOPATOA\",\"description\":\"\",\"publisher\":{\"@id\":\"https:\\\/\\\/shopatoa.com\\\/cz\\\/#organization\"},\"potentialAction\":[{\"@type\":\"SearchAction\",\"target\":{\"@type\":\"EntryPoint\",\"urlTemplate\":\"https:\\\/\\\/shopatoa.com\\\/cz\\\/?s={search_term_string}\"},\"query-input\":{\"@type\":\"PropertyValueSpecification\",\"valueRequired\":true,\"valueName\":\"search_term_string\"}}],\"inLanguage\":\"cs\"},{\"@type\":\"Organization\",\"@id\":\"https:\\\/\\\/shopatoa.com\\\/cz\\\/#organization\",\"name\":\"SHOPATOA Digital s.r.o.\",\"url\":\"https:\\\/\\\/shopatoa.com\\\/cz\\\/\",\"logo\":{\"@type\":\"ImageObject\",\"inLanguage\":\"cs\",\"@id\":\"https:\\\/\\\/shopatoa.com\\\/cz\\\/#\\\/schema\\\/logo\\\/image\\\/\",\"url\":\"https:\\\/\\\/storage.googleapis.com\\\/cz-shopatoa-img\\\/cz\\\/ebccf434-shopatoa_logo.png\",\"contentUrl\":\"https:\\\/\\\/storage.googleapis.com\\\/cz-shopatoa-img\\\/cz\\\/ebccf434-shopatoa_logo.png\",\"width\":416,\"height\":63,\"caption\":\"SHOPATOA Digital s.r.o.\"},\"image\":{\"@id\":\"https:\\\/\\\/shopatoa.com\\\/cz\\\/#\\\/schema\\\/logo\\\/image\\\/\"}}]}<\/script>\n<!-- \/ Yoast SEO plugin. -->","yoast_head_json":{"title":"Font\u00e1nka Catit Pixi r\u016f\u017eov\u00e1 - SHOPATOA.COM","robots":{"index":"index","follow":"follow","max-snippet":"max-snippet:-1","max-image-preview":"max-image-preview:large","max-video-preview":"max-video-preview:-1"},"canonical":"https:\/\/shopatoa.com\/cz\/fontanka-catit-pixi-ruzova\/","og_locale":"cs_CZ","og_type":"article","og_title":"Font\u00e1nka Catit Pixi r\u016f\u017eov\u00e1 - SHOPATOA.COM","og_description":"Font\u00e1na pro ko\u010dky je vybavena energeticky \u00fasporn\u00fdm a velmi tich\u00fdm \u010derpadlem, kter\u00e9 se automaticky vypne, kdy\u017e je hladina vody p\u0159\u00edli\u0161 n\u00edzk\u00e1.\u00a0Filtr s troj\u00edm \u00fa\u010dinkem zaji\u0161\u0165uje d\u016fkladn\u011b vy\u010di\u0161t\u011bnou vodu. Velmi\u00a0tich\u00e9, energeticky \u00fasporn\u00e9 \u010derpadlo. Kompaktn\u00ed, ergonomick\u00fd design &#8211;\u00a0nevy\u017eaduje mnoho m\u00edsta\u00a0na podlaze, font\u00e1nu lze snadno zvednout. Podsv\u00edcen\u00fd ukazatel hladiny vody: zven\u010d\u00ed jasn\u011b\u00a0viditeln\u00fd ukazatel stavu napln\u011bn\u00ed. Ochrana proti p\u0159ete\u010den\u00ed.\u00a0...","og_url":"https:\/\/shopatoa.com\/cz\/fontanka-catit-pixi-ruzova\/","og_site_name":"SHOPATOA","article_modified_time":"2026-01-31T12:48:41+00:00","og_image":[{"width":600,"height":600,"url":"https:\/\/storage.googleapis.com\/cz-shopatoa-img\/cz\/5c663083-1_81590.jpg","type":"image\/jpeg"}],"twitter_card":"summary_large_image","twitter_misc":{"Odhadovan\u00e1 doba \u010dten\u00ed":"1 minuta"},"schema":{"@context":"https:\/\/schema.org","@graph":[{"@type":"WebPage","@id":"https:\/\/shopatoa.com\/cz\/fontanka-catit-pixi-ruzova\/","url":"https:\/\/shopatoa.com\/cz\/fontanka-catit-pixi-ruzova\/","name":"Font\u00e1nka Catit Pixi r\u016f\u017eov\u00e1 - SHOPATOA.COM","isPartOf":{"@id":"https:\/\/shopatoa.com\/cz\/#website"},"primaryImageOfPage":{"@id":"https:\/\/shopatoa.com\/cz\/fontanka-catit-pixi-ruzova\/#primaryimage"},"image":{"@id":"https:\/\/shopatoa.com\/cz\/fontanka-catit-pixi-ruzova\/#primaryimage"},"thumbnailUrl":"https:\/\/storage.googleapis.com\/cz-shopatoa-img\/cz\/5c663083-1_81590.jpg","datePublished":"2025-04-03T13:10:59+00:00","dateModified":"2026-01-31T12:48:41+00:00","breadcrumb":{"@id":"https:\/\/shopatoa.com\/cz\/fontanka-catit-pixi-ruzova\/#breadcrumb"},"inLanguage":"cs","potentialAction":[{"@type":"ReadAction","target":["https:\/\/shopatoa.com\/cz\/fontanka-catit-pixi-ruzova\/"]}]},{"@type":"ImageObject","inLanguage":"cs","@id":"https:\/\/shopatoa.com\/cz\/fontanka-catit-pixi-ruzova\/#primaryimage","url":"https:\/\/storage.googleapis.com\/cz-shopatoa-img\/cz\/5c663083-1_81590.jpg","contentUrl":"https:\/\/storage.googleapis.com\/cz-shopatoa-img\/cz\/5c663083-1_81590.jpg","width":600,"height":600},{"@type":"BreadcrumbList","@id":"https:\/\/shopatoa.com\/cz\/fontanka-catit-pixi-ruzova\/#breadcrumb","itemListElement":[{"@type":"ListItem","position":1,"name":"Dom\u016f","item":"https:\/\/shopatoa.com\/cz\/"},{"@type":"ListItem","position":2,"name":"Produkty","item":"https:\/\/shopatoa.com\/cz\/shop\/"},{"@type":"ListItem","position":3,"name":"Chovatelsk\u00e9 pot\u0159eby","item":"https:\/\/shopatoa.com\/cz\/chovatelske-potreby-2\/"},{"@type":"ListItem","position":4,"name":"Pro ko\u010dky","item":"https:\/\/shopatoa.com\/cz\/pro-kocky-chovatelske-potreby-2\/"},{"@type":"ListItem","position":5,"name":"Misky a z\u00e1sobn\u00edky pro ko\u010dky","item":"https:\/\/shopatoa.com\/cz\/misky-a-zasobniky-pro-kocky\/"},{"@type":"ListItem","position":6,"name":"Font\u00e1nka Catit Pixi r\u016f\u017eov\u00e1"}]},{"@type":"WebSite","@id":"https:\/\/shopatoa.com\/cz\/#website","url":"https:\/\/shopatoa.com\/cz\/","name":"SHOPATOA","description":"","publisher":{"@id":"https:\/\/shopatoa.com\/cz\/#organization"},"potentialAction":[{"@type":"SearchAction","target":{"@type":"EntryPoint","urlTemplate":"https:\/\/shopatoa.com\/cz\/?s={search_term_string}"},"query-input":{"@type":"PropertyValueSpecification","valueRequired":true,"valueName":"search_term_string"}}],"inLanguage":"cs"},{"@type":"Organization","@id":"https:\/\/shopatoa.com\/cz\/#organization","name":"SHOPATOA Digital s.r.o.","url":"https:\/\/shopatoa.com\/cz\/","logo":{"@type":"ImageObject","inLanguage":"cs","@id":"https:\/\/shopatoa.com\/cz\/#\/schema\/logo\/image\/","url":"https:\/\/storage.googleapis.com\/cz-shopatoa-img\/cz\/ebccf434-shopatoa_logo.png","contentUrl":"https:\/\/storage.googleapis.com\/cz-shopatoa-img\/cz\/ebccf434-shopatoa_logo.png","width":416,"height":63,"caption":"SHOPATOA Digital s.r.o."},"image":{"@id":"https:\/\/shopatoa.com\/cz\/#\/schema\/logo\/image\/"}}]}},"_links":{"self":[{"href":"https:\/\/shopatoa.com\/cz\/wp-json\/wp\/v2\/product\/252580","targetHints":{"allow":["GET"]}}],"collection":[{"href":"https:\/\/shopatoa.com\/cz\/wp-json\/wp\/v2\/product"}],"about":[{"href":"https:\/\/shopatoa.com\/cz\/wp-json\/wp\/v2\/types\/product"}],"replies":[{"embeddable":true,"href":"https:\/\/shopatoa.com\/cz\/wp-json\/wp\/v2\/comments?post=252580"}],"wp:featuredmedia":[{"embeddable":true,"href":"https:\/\/shopatoa.com\/cz\/wp-json\/wp\/v2\/media\/252581"}],"wp:attachment":[{"href":"https:\/\/shopatoa.com\/cz\/wp-json\/wp\/v2\/media?parent=252580"}],"wp:term":[{"taxonomy":"product_brand","embeddable":true,"href":"https:\/\/shopatoa.com\/cz\/wp-json\/wp\/v2\/product_brand?post=252580"},{"taxonomy":"product_cat","embeddable":true,"href":"https:\/\/shopatoa.com\/cz\/wp-json\/wp\/v2\/product_cat?post=252580"},{"taxonomy":"product_tag","embeddable":true,"href":"https:\/\/shopatoa.com\/cz\/wp-json\/wp\/v2\/product_tag?post=252580"}],"curies":[{"name":"wp","href":"https:\/\/api.w.org\/{rel}","templated":true}]}}