{"id":252636,"date":"2025-04-03T15:21:16","date_gmt":"2025-04-03T13:21:16","guid":{"rendered":"https:\/\/shopatoa.com\/cz\/?post_type=product&#038;p=252636"},"modified":"2025-05-16T14:51:16","modified_gmt":"2025-05-16T12:51:16","slug":"substrat-rataj-volcano-black-powder-2l","status":"publish","type":"product","link":"https:\/\/shopatoa.com\/cz\/substrat-rataj-volcano-black-powder-2l\/","title":{"rendered":"Substr\u00e1t Rataj Volcano Black Powder 2l"},"content":{"rendered":"<p>\u010cern\u00fd substr\u00e1t, vulkanick\u00e9ho p\u016fvodu. Granule jsou 1-2 mm velk\u00e9, vysoce por\u00e9zn\u00ed. Jemnozrnn\u00fd substr\u00e1t je vhodn\u00fd pro chov krevetek, ryb \u017eij\u00edc\u00edch u dna a pro p\u011bstov\u00e1n\u00ed kobercov\u00fdch rostlin.<\/p>\n<p>\tZrnitost: 1-2 mm.<br \/>\n\tVhodn\u00fd pro chov krevet, ryb \u017eij\u00edc\u00edch u dna.<br \/>\n\tVhodn\u00fd pro p\u011bstov\u00e1n\u00ed kobercov\u00fdch rostlin.<br \/>\n\tSubstr\u00e1t je por\u00e9zn\u00ed = nesl\u00e9h\u00e1, dob\u0159e vede \u017eiviny a kysl\u00edk.<br \/>\n\tPerfektn\u00ed pro zako\u0159en\u011bn\u00ed a r\u016fst rostlin.<br \/>\n\tP\u00f3rovit\u00fd substr\u00e1t je ide\u00e1ln\u00ed domov pro filtra\u010dn\u00ed bakterie, kter\u00e9 \u010dist\u00ed vodu = zdrav\u00e9 a \u010dist\u00e9 prost\u0159ed\u00ed pro ryby a rostliny.<br \/>\n\t100% p\u0159\u00edrodn\u00ed.<br \/>\n\tNedrol\u00ed se<br \/>\n\tNeuvol\u0148uje do vody \u017eiviny &#8211; nen\u00ed nutn\u00e1 \u010dast\u00e1 v\u00fdm\u011bna vody<br \/>\n\tSnadn\u00e1 manipulace<\/p>\n<p>Velikost balen\u00ed<\/p>\n<p>2 l<\/p>\n","protected":false},"excerpt":{"rendered":"<p>\u010cern\u00fd substr\u00e1t, vulkanick\u00e9ho p\u016fvodu. Granule jsou 1-2 mm velk\u00e9, vysoce por\u00e9zn\u00ed. Jemnozrnn\u00fd substr\u00e1t je vhodn\u00fd pro chov krevetek, ryb \u017eij\u00edc\u00edch u dna a pro p\u011bstov\u00e1n\u00ed kobercov\u00fdch rostlin. Zrnitost: 1-2 mm. Vhodn\u00fd pro chov krevet, ryb \u017eij\u00edc\u00edch u dna. Vhodn\u00fd pro p\u011bstov\u00e1n\u00ed kobercov\u00fdch rostlin. Substr\u00e1t je por\u00e9zn\u00ed = nesl\u00e9h\u00e1, dob\u0159e vede \u017eiviny a kysl\u00edk. Perfektn\u00ed pro&#8230;<\/p>\n","protected":false},"featured_media":252637,"comment_status":"closed","ping_status":"open","template":"","meta":{"_acf_changed":false,"_kadence_starter_templates_imported_post":false,"_kad_post_transparent":"","_kad_post_title":"","_kad_post_layout":"","_kad_post_sidebar_id":"","_kad_post_content_style":"","_kad_post_vertical_padding":"","_kad_post_feature":"","_kad_post_feature_position":"","_kad_post_header":false,"_kad_post_footer":false,"_kad_post_classname":""},"product_brand":[2745],"product_cat":[683,2620,2579,2621],"product_tag":[],"class_list":{"0":"post-252636","1":"product","2":"type-product","3":"status-publish","4":"has-post-thumbnail","6":"product_brand-rataj","7":"product_cat-dilna-stavba-zahrada","8":"product_cat-pece-o-rostliny-a-pestovani-rostlin-zahrada-dilna-stavba-zahrada","9":"product_cat-zahrada-dilna-stavba-zahrada","10":"product_cat-zahradni-substraty","11":"pa_obchod-superzoo-cz","13":"first","14":"instock","15":"product-type-external","16":"entry","17":"content-bg","18":"loop-entry"},"acf":[],"yoast_head":"<!-- This site is optimized with the Yoast SEO plugin v27.4 - https:\/\/yoast.com\/product\/yoast-seo-wordpress\/ -->\n<title>Substr\u00e1t Rataj Volcano Black Powder 2l - SHOPATOA.COM<\/title>\n<meta name=\"robots\" content=\"index, follow, max-snippet:-1, max-image-preview:large, max-video-preview:-1\" \/>\n<link rel=\"canonical\" href=\"https:\/\/shopatoa.com\/cz\/substrat-rataj-volcano-black-powder-2l\/\" \/>\n<meta property=\"og:locale\" content=\"cs_CZ\" \/>\n<meta property=\"og:type\" content=\"article\" \/>\n<meta property=\"og:title\" content=\"Substr\u00e1t Rataj Volcano Black Powder 2l - SHOPATOA.COM\" \/>\n<meta property=\"og:description\" content=\"\u010cern\u00fd substr\u00e1t, vulkanick\u00e9ho p\u016fvodu. Granule jsou 1-2 mm velk\u00e9, vysoce por\u00e9zn\u00ed. Jemnozrnn\u00fd substr\u00e1t je vhodn\u00fd pro chov krevetek, ryb \u017eij\u00edc\u00edch u dna a pro p\u011bstov\u00e1n\u00ed kobercov\u00fdch rostlin. Zrnitost: 1-2 mm. Vhodn\u00fd pro chov krevet, ryb \u017eij\u00edc\u00edch u dna. Vhodn\u00fd pro p\u011bstov\u00e1n\u00ed kobercov\u00fdch rostlin. Substr\u00e1t je por\u00e9zn\u00ed = nesl\u00e9h\u00e1, dob\u0159e vede \u017eiviny a kysl\u00edk. Perfektn\u00ed pro...\" \/>\n<meta property=\"og:url\" content=\"https:\/\/shopatoa.com\/cz\/substrat-rataj-volcano-black-powder-2l\/\" \/>\n<meta property=\"og:site_name\" content=\"SHOPATOA\" \/>\n<meta property=\"article:modified_time\" content=\"2025-05-16T12:51:16+00:00\" \/>\n<meta property=\"og:image\" content=\"https:\/\/storage.googleapis.com\/cz-shopatoa-img\/cz\/f0ff8052-1_82254.jpg\" \/>\n\t<meta property=\"og:image:width\" content=\"600\" \/>\n\t<meta property=\"og:image:height\" content=\"600\" \/>\n\t<meta property=\"og:image:type\" content=\"image\/jpeg\" \/>\n<meta name=\"twitter:card\" content=\"summary_large_image\" \/>\n<meta name=\"twitter:label1\" content=\"Odhadovan\u00e1 doba \u010dten\u00ed\" \/>\n\t<meta name=\"twitter:data1\" content=\"1 minuta\" \/>\n<script type=\"application\/ld+json\" class=\"yoast-schema-graph\">{\"@context\":\"https:\\\/\\\/schema.org\",\"@graph\":[{\"@type\":\"WebPage\",\"@id\":\"https:\\\/\\\/shopatoa.com\\\/cz\\\/substrat-rataj-volcano-black-powder-2l\\\/\",\"url\":\"https:\\\/\\\/shopatoa.com\\\/cz\\\/substrat-rataj-volcano-black-powder-2l\\\/\",\"name\":\"Substr\u00e1t Rataj Volcano Black Powder 2l - SHOPATOA.COM\",\"isPartOf\":{\"@id\":\"https:\\\/\\\/shopatoa.com\\\/cz\\\/#website\"},\"primaryImageOfPage\":{\"@id\":\"https:\\\/\\\/shopatoa.com\\\/cz\\\/substrat-rataj-volcano-black-powder-2l\\\/#primaryimage\"},\"image\":{\"@id\":\"https:\\\/\\\/shopatoa.com\\\/cz\\\/substrat-rataj-volcano-black-powder-2l\\\/#primaryimage\"},\"thumbnailUrl\":\"https:\\\/\\\/storage.googleapis.com\\\/cz-shopatoa-img\\\/cz\\\/f0ff8052-1_82254.jpg\",\"datePublished\":\"2025-04-03T13:21:16+00:00\",\"dateModified\":\"2025-05-16T12:51:16+00:00\",\"breadcrumb\":{\"@id\":\"https:\\\/\\\/shopatoa.com\\\/cz\\\/substrat-rataj-volcano-black-powder-2l\\\/#breadcrumb\"},\"inLanguage\":\"cs\",\"potentialAction\":[{\"@type\":\"ReadAction\",\"target\":[\"https:\\\/\\\/shopatoa.com\\\/cz\\\/substrat-rataj-volcano-black-powder-2l\\\/\"]}]},{\"@type\":\"ImageObject\",\"inLanguage\":\"cs\",\"@id\":\"https:\\\/\\\/shopatoa.com\\\/cz\\\/substrat-rataj-volcano-black-powder-2l\\\/#primaryimage\",\"url\":\"https:\\\/\\\/storage.googleapis.com\\\/cz-shopatoa-img\\\/cz\\\/f0ff8052-1_82254.jpg\",\"contentUrl\":\"https:\\\/\\\/storage.googleapis.com\\\/cz-shopatoa-img\\\/cz\\\/f0ff8052-1_82254.jpg\",\"width\":600,\"height\":600},{\"@type\":\"BreadcrumbList\",\"@id\":\"https:\\\/\\\/shopatoa.com\\\/cz\\\/substrat-rataj-volcano-black-powder-2l\\\/#breadcrumb\",\"itemListElement\":[{\"@type\":\"ListItem\",\"position\":1,\"name\":\"Dom\u016f\",\"item\":\"https:\\\/\\\/shopatoa.com\\\/cz\\\/\"},{\"@type\":\"ListItem\",\"position\":2,\"name\":\"Produkty\",\"item\":\"https:\\\/\\\/shopatoa.com\\\/cz\\\/shop\\\/\"},{\"@type\":\"ListItem\",\"position\":3,\"name\":\"D\u00edlna, stavba, zahrada\",\"item\":\"https:\\\/\\\/shopatoa.com\\\/cz\\\/dilna-stavba-zahrada\\\/\"},{\"@type\":\"ListItem\",\"position\":4,\"name\":\"Zahrada\",\"item\":\"https:\\\/\\\/shopatoa.com\\\/cz\\\/zahrada-dilna-stavba-zahrada\\\/\"},{\"@type\":\"ListItem\",\"position\":5,\"name\":\"P\u00e9\u010de o rostliny a p\u011bstov\u00e1n\u00ed rostlin\",\"item\":\"https:\\\/\\\/shopatoa.com\\\/cz\\\/pece-o-rostliny-a-pestovani-rostlin-zahrada-dilna-stavba-zahrada\\\/\"},{\"@type\":\"ListItem\",\"position\":6,\"name\":\"Zahradn\u00ed substr\u00e1ty\",\"item\":\"https:\\\/\\\/shopatoa.com\\\/cz\\\/zahradni-substraty\\\/\"},{\"@type\":\"ListItem\",\"position\":7,\"name\":\"Substr\u00e1t Rataj Volcano Black Powder 2l\"}]},{\"@type\":\"WebSite\",\"@id\":\"https:\\\/\\\/shopatoa.com\\\/cz\\\/#website\",\"url\":\"https:\\\/\\\/shopatoa.com\\\/cz\\\/\",\"name\":\"SHOPATOA\",\"description\":\"\",\"publisher\":{\"@id\":\"https:\\\/\\\/shopatoa.com\\\/cz\\\/#organization\"},\"potentialAction\":[{\"@type\":\"SearchAction\",\"target\":{\"@type\":\"EntryPoint\",\"urlTemplate\":\"https:\\\/\\\/shopatoa.com\\\/cz\\\/?s={search_term_string}\"},\"query-input\":{\"@type\":\"PropertyValueSpecification\",\"valueRequired\":true,\"valueName\":\"search_term_string\"}}],\"inLanguage\":\"cs\"},{\"@type\":\"Organization\",\"@id\":\"https:\\\/\\\/shopatoa.com\\\/cz\\\/#organization\",\"name\":\"SHOPATOA Digital s.r.o.\",\"url\":\"https:\\\/\\\/shopatoa.com\\\/cz\\\/\",\"logo\":{\"@type\":\"ImageObject\",\"inLanguage\":\"cs\",\"@id\":\"https:\\\/\\\/shopatoa.com\\\/cz\\\/#\\\/schema\\\/logo\\\/image\\\/\",\"url\":\"https:\\\/\\\/storage.googleapis.com\\\/cz-shopatoa-img\\\/cz\\\/ebccf434-shopatoa_logo.png\",\"contentUrl\":\"https:\\\/\\\/storage.googleapis.com\\\/cz-shopatoa-img\\\/cz\\\/ebccf434-shopatoa_logo.png\",\"width\":416,\"height\":63,\"caption\":\"SHOPATOA Digital s.r.o.\"},\"image\":{\"@id\":\"https:\\\/\\\/shopatoa.com\\\/cz\\\/#\\\/schema\\\/logo\\\/image\\\/\"}}]}<\/script>\n<!-- \/ Yoast SEO plugin. -->","yoast_head_json":{"title":"Substr\u00e1t Rataj Volcano Black Powder 2l - SHOPATOA.COM","robots":{"index":"index","follow":"follow","max-snippet":"max-snippet:-1","max-image-preview":"max-image-preview:large","max-video-preview":"max-video-preview:-1"},"canonical":"https:\/\/shopatoa.com\/cz\/substrat-rataj-volcano-black-powder-2l\/","og_locale":"cs_CZ","og_type":"article","og_title":"Substr\u00e1t Rataj Volcano Black Powder 2l - SHOPATOA.COM","og_description":"\u010cern\u00fd substr\u00e1t, vulkanick\u00e9ho p\u016fvodu. Granule jsou 1-2 mm velk\u00e9, vysoce por\u00e9zn\u00ed. Jemnozrnn\u00fd substr\u00e1t je vhodn\u00fd pro chov krevetek, ryb \u017eij\u00edc\u00edch u dna a pro p\u011bstov\u00e1n\u00ed kobercov\u00fdch rostlin. Zrnitost: 1-2 mm. Vhodn\u00fd pro chov krevet, ryb \u017eij\u00edc\u00edch u dna. Vhodn\u00fd pro p\u011bstov\u00e1n\u00ed kobercov\u00fdch rostlin. Substr\u00e1t je por\u00e9zn\u00ed = nesl\u00e9h\u00e1, dob\u0159e vede \u017eiviny a kysl\u00edk. Perfektn\u00ed pro...","og_url":"https:\/\/shopatoa.com\/cz\/substrat-rataj-volcano-black-powder-2l\/","og_site_name":"SHOPATOA","article_modified_time":"2025-05-16T12:51:16+00:00","og_image":[{"width":600,"height":600,"url":"https:\/\/storage.googleapis.com\/cz-shopatoa-img\/cz\/f0ff8052-1_82254.jpg","type":"image\/jpeg"}],"twitter_card":"summary_large_image","twitter_misc":{"Odhadovan\u00e1 doba \u010dten\u00ed":"1 minuta"},"schema":{"@context":"https:\/\/schema.org","@graph":[{"@type":"WebPage","@id":"https:\/\/shopatoa.com\/cz\/substrat-rataj-volcano-black-powder-2l\/","url":"https:\/\/shopatoa.com\/cz\/substrat-rataj-volcano-black-powder-2l\/","name":"Substr\u00e1t Rataj Volcano Black Powder 2l - SHOPATOA.COM","isPartOf":{"@id":"https:\/\/shopatoa.com\/cz\/#website"},"primaryImageOfPage":{"@id":"https:\/\/shopatoa.com\/cz\/substrat-rataj-volcano-black-powder-2l\/#primaryimage"},"image":{"@id":"https:\/\/shopatoa.com\/cz\/substrat-rataj-volcano-black-powder-2l\/#primaryimage"},"thumbnailUrl":"https:\/\/storage.googleapis.com\/cz-shopatoa-img\/cz\/f0ff8052-1_82254.jpg","datePublished":"2025-04-03T13:21:16+00:00","dateModified":"2025-05-16T12:51:16+00:00","breadcrumb":{"@id":"https:\/\/shopatoa.com\/cz\/substrat-rataj-volcano-black-powder-2l\/#breadcrumb"},"inLanguage":"cs","potentialAction":[{"@type":"ReadAction","target":["https:\/\/shopatoa.com\/cz\/substrat-rataj-volcano-black-powder-2l\/"]}]},{"@type":"ImageObject","inLanguage":"cs","@id":"https:\/\/shopatoa.com\/cz\/substrat-rataj-volcano-black-powder-2l\/#primaryimage","url":"https:\/\/storage.googleapis.com\/cz-shopatoa-img\/cz\/f0ff8052-1_82254.jpg","contentUrl":"https:\/\/storage.googleapis.com\/cz-shopatoa-img\/cz\/f0ff8052-1_82254.jpg","width":600,"height":600},{"@type":"BreadcrumbList","@id":"https:\/\/shopatoa.com\/cz\/substrat-rataj-volcano-black-powder-2l\/#breadcrumb","itemListElement":[{"@type":"ListItem","position":1,"name":"Dom\u016f","item":"https:\/\/shopatoa.com\/cz\/"},{"@type":"ListItem","position":2,"name":"Produkty","item":"https:\/\/shopatoa.com\/cz\/shop\/"},{"@type":"ListItem","position":3,"name":"D\u00edlna, stavba, zahrada","item":"https:\/\/shopatoa.com\/cz\/dilna-stavba-zahrada\/"},{"@type":"ListItem","position":4,"name":"Zahrada","item":"https:\/\/shopatoa.com\/cz\/zahrada-dilna-stavba-zahrada\/"},{"@type":"ListItem","position":5,"name":"P\u00e9\u010de o rostliny a p\u011bstov\u00e1n\u00ed rostlin","item":"https:\/\/shopatoa.com\/cz\/pece-o-rostliny-a-pestovani-rostlin-zahrada-dilna-stavba-zahrada\/"},{"@type":"ListItem","position":6,"name":"Zahradn\u00ed substr\u00e1ty","item":"https:\/\/shopatoa.com\/cz\/zahradni-substraty\/"},{"@type":"ListItem","position":7,"name":"Substr\u00e1t Rataj Volcano Black Powder 2l"}]},{"@type":"WebSite","@id":"https:\/\/shopatoa.com\/cz\/#website","url":"https:\/\/shopatoa.com\/cz\/","name":"SHOPATOA","description":"","publisher":{"@id":"https:\/\/shopatoa.com\/cz\/#organization"},"potentialAction":[{"@type":"SearchAction","target":{"@type":"EntryPoint","urlTemplate":"https:\/\/shopatoa.com\/cz\/?s={search_term_string}"},"query-input":{"@type":"PropertyValueSpecification","valueRequired":true,"valueName":"search_term_string"}}],"inLanguage":"cs"},{"@type":"Organization","@id":"https:\/\/shopatoa.com\/cz\/#organization","name":"SHOPATOA Digital s.r.o.","url":"https:\/\/shopatoa.com\/cz\/","logo":{"@type":"ImageObject","inLanguage":"cs","@id":"https:\/\/shopatoa.com\/cz\/#\/schema\/logo\/image\/","url":"https:\/\/storage.googleapis.com\/cz-shopatoa-img\/cz\/ebccf434-shopatoa_logo.png","contentUrl":"https:\/\/storage.googleapis.com\/cz-shopatoa-img\/cz\/ebccf434-shopatoa_logo.png","width":416,"height":63,"caption":"SHOPATOA Digital s.r.o."},"image":{"@id":"https:\/\/shopatoa.com\/cz\/#\/schema\/logo\/image\/"}}]}},"_links":{"self":[{"href":"https:\/\/shopatoa.com\/cz\/wp-json\/wp\/v2\/product\/252636","targetHints":{"allow":["GET"]}}],"collection":[{"href":"https:\/\/shopatoa.com\/cz\/wp-json\/wp\/v2\/product"}],"about":[{"href":"https:\/\/shopatoa.com\/cz\/wp-json\/wp\/v2\/types\/product"}],"replies":[{"embeddable":true,"href":"https:\/\/shopatoa.com\/cz\/wp-json\/wp\/v2\/comments?post=252636"}],"wp:featuredmedia":[{"embeddable":true,"href":"https:\/\/shopatoa.com\/cz\/wp-json\/wp\/v2\/media\/252637"}],"wp:attachment":[{"href":"https:\/\/shopatoa.com\/cz\/wp-json\/wp\/v2\/media?parent=252636"}],"wp:term":[{"taxonomy":"product_brand","embeddable":true,"href":"https:\/\/shopatoa.com\/cz\/wp-json\/wp\/v2\/product_brand?post=252636"},{"taxonomy":"product_cat","embeddable":true,"href":"https:\/\/shopatoa.com\/cz\/wp-json\/wp\/v2\/product_cat?post=252636"},{"taxonomy":"product_tag","embeddable":true,"href":"https:\/\/shopatoa.com\/cz\/wp-json\/wp\/v2\/product_tag?post=252636"}],"curies":[{"name":"wp","href":"https:\/\/api.w.org\/{rel}","templated":true}]}}