{"id":253004,"date":"2025-04-03T16:30:23","date_gmt":"2025-04-03T14:30:23","guid":{"rendered":"https:\/\/shopatoa.com\/cz\/?post_type=product&#038;p=253004"},"modified":"2025-05-16T14:57:05","modified_gmt":"2025-05-16T12:57:05","slug":"barf-light-lehce-stravitelny-500g","status":"publish","type":"product","link":"https:\/\/shopatoa.com\/cz\/barf-light-lehce-stravitelny-500g\/","title":{"rendered":"BARF Light &#8211; lehce straviteln\u00fd 500g"},"content":{"rendered":"<p>Kompletn\u00ed krmivo s\u00a0kuskusem a libov\u00fdm ku\u0159ec\u00edm masem pro zdrav\u00e9 psy v\u0161ech plemen od 2. m\u011bs\u00edce \u017eivota. Vhodn\u00e9 pro psy, kte\u0159\u00ed vy\u017eaduj\u00ed lehce stravitelnou stravu.<\/p>\n<p>\tObsahuje pouze p\u0159\u00edrodn\u00ed ingredience.<br \/>\n\tBez barviv, konzervant\u016f.<br \/>\n\tPro v\u00fdrobu je pou\u017e\u00edv\u00e1no maso v\u00a0kvalit\u011b pro lidskou konzumaci.<br \/>\n\tRu\u010dn\u011b vyr\u00e1b\u011bn\u00e9.<\/p>\n<p>Slo\u017een\u00ed<\/p>\n<p>Dr\u016fbe\u017e\u00ed svalovina 46 %, dr\u016fbe\u017e\u00ed kost 15 %, kuskus 15 %, hov\u011bz\u00ed ledvina 10 %, sal\u00e1tov\u00e1 okurka 4 %, hru\u0161ka 4 %, ledov\u00fd sal\u00e1t 3 %, poln\u00ed\u010dek 1 %, cvr\u010dek 1 %, psyllium 1 %.<\/p>\n<p>Analytick\u00e9 slo\u017eky<\/p>\n<p>Hrub\u00fd protein 13,87 %, hrub\u00fd tuk 0,72 %, hrub\u00e1 vl\u00e1knina 1,61 %, hrub\u00fd popel 1,74 %, vlhkost 72,9 %.<\/p>\n<p>Metabolizovateln\u00e1 energie: 3 629 kcal\/kg<\/p>\n","protected":false},"excerpt":{"rendered":"<p>Kompletn\u00ed krmivo s\u00a0kuskusem a libov\u00fdm ku\u0159ec\u00edm masem pro zdrav\u00e9 psy v\u0161ech plemen od 2. m\u011bs\u00edce \u017eivota. Vhodn\u00e9 pro psy, kte\u0159\u00ed vy\u017eaduj\u00ed lehce stravitelnou stravu. Obsahuje pouze p\u0159\u00edrodn\u00ed ingredience. Bez barviv, konzervant\u016f. Pro v\u00fdrobu je pou\u017e\u00edv\u00e1no maso v\u00a0kvalit\u011b pro lidskou konzumaci. Ru\u010dn\u011b vyr\u00e1b\u011bn\u00e9. Slo\u017een\u00ed Dr\u016fbe\u017e\u00ed svalovina 46 %, dr\u016fbe\u017e\u00ed kost 15 %, kuskus 15 %, hov\u011bz\u00ed&#8230;<\/p>\n","protected":false},"featured_media":253005,"comment_status":"closed","ping_status":"open","template":"","meta":{"_acf_changed":false,"_kadence_starter_templates_imported_post":false,"_kad_post_transparent":"","_kad_post_title":"","_kad_post_layout":"","_kad_post_sidebar_id":"","_kad_post_content_style":"","_kad_post_vertical_padding":"","_kad_post_feature":"","_kad_post_feature_position":"","_kad_post_header":false,"_kad_post_footer":false,"_kad_post_classname":""},"product_brand":[2769],"product_cat":[436,2568,2576,739],"product_tag":[],"class_list":{"0":"post-253004","1":"product","2":"type-product","3":"status-publish","4":"has-post-thumbnail","6":"product_brand-grub-barf","7":"product_cat-chovatelske-potreby-2","8":"product_cat-krmivo-pro-psy-pro-psy-chovatelske-potreby-2","9":"product_cat-pamlsky-pro-psy","10":"product_cat-pro-psy-chovatelske-potreby-2","11":"pa_obchod-superzoo-cz","13":"first","14":"instock","15":"product-type-external","16":"entry","17":"content-bg","18":"loop-entry"},"acf":[],"yoast_head":"<!-- This site is optimized with the Yoast SEO plugin v27.4 - https:\/\/yoast.com\/product\/yoast-seo-wordpress\/ -->\n<title>BARF Light - lehce straviteln\u00fd 500g - SHOPATOA.COM<\/title>\n<meta name=\"robots\" content=\"index, follow, max-snippet:-1, max-image-preview:large, max-video-preview:-1\" \/>\n<link rel=\"canonical\" href=\"https:\/\/shopatoa.com\/cz\/barf-light-lehce-stravitelny-500g\/\" \/>\n<meta property=\"og:locale\" content=\"cs_CZ\" \/>\n<meta property=\"og:type\" content=\"article\" \/>\n<meta property=\"og:title\" content=\"BARF Light - lehce straviteln\u00fd 500g - SHOPATOA.COM\" \/>\n<meta property=\"og:description\" content=\"Kompletn\u00ed krmivo s\u00a0kuskusem a libov\u00fdm ku\u0159ec\u00edm masem pro zdrav\u00e9 psy v\u0161ech plemen od 2. m\u011bs\u00edce \u017eivota. Vhodn\u00e9 pro psy, kte\u0159\u00ed vy\u017eaduj\u00ed lehce stravitelnou stravu. Obsahuje pouze p\u0159\u00edrodn\u00ed ingredience. Bez barviv, konzervant\u016f. Pro v\u00fdrobu je pou\u017e\u00edv\u00e1no maso v\u00a0kvalit\u011b pro lidskou konzumaci. Ru\u010dn\u011b vyr\u00e1b\u011bn\u00e9. Slo\u017een\u00ed Dr\u016fbe\u017e\u00ed svalovina 46 %, dr\u016fbe\u017e\u00ed kost 15 %, kuskus 15 %, hov\u011bz\u00ed...\" \/>\n<meta property=\"og:url\" content=\"https:\/\/shopatoa.com\/cz\/barf-light-lehce-stravitelny-500g\/\" \/>\n<meta property=\"og:site_name\" content=\"SHOPATOA\" \/>\n<meta property=\"article:modified_time\" content=\"2025-05-16T12:57:05+00:00\" \/>\n<meta property=\"og:image\" content=\"https:\/\/storage.googleapis.com\/cz-shopatoa-img\/cz\/b2008ade-1_82355.jpg\" \/>\n\t<meta property=\"og:image:width\" content=\"600\" \/>\n\t<meta property=\"og:image:height\" content=\"600\" \/>\n\t<meta property=\"og:image:type\" content=\"image\/jpeg\" \/>\n<meta name=\"twitter:card\" content=\"summary_large_image\" \/>\n<script type=\"application\/ld+json\" class=\"yoast-schema-graph\">{\"@context\":\"https:\\\/\\\/schema.org\",\"@graph\":[{\"@type\":\"WebPage\",\"@id\":\"https:\\\/\\\/shopatoa.com\\\/cz\\\/barf-light-lehce-stravitelny-500g\\\/\",\"url\":\"https:\\\/\\\/shopatoa.com\\\/cz\\\/barf-light-lehce-stravitelny-500g\\\/\",\"name\":\"BARF Light - lehce straviteln\u00fd 500g - SHOPATOA.COM\",\"isPartOf\":{\"@id\":\"https:\\\/\\\/shopatoa.com\\\/cz\\\/#website\"},\"primaryImageOfPage\":{\"@id\":\"https:\\\/\\\/shopatoa.com\\\/cz\\\/barf-light-lehce-stravitelny-500g\\\/#primaryimage\"},\"image\":{\"@id\":\"https:\\\/\\\/shopatoa.com\\\/cz\\\/barf-light-lehce-stravitelny-500g\\\/#primaryimage\"},\"thumbnailUrl\":\"https:\\\/\\\/storage.googleapis.com\\\/cz-shopatoa-img\\\/cz\\\/b2008ade-1_82355.jpg\",\"datePublished\":\"2025-04-03T14:30:23+00:00\",\"dateModified\":\"2025-05-16T12:57:05+00:00\",\"breadcrumb\":{\"@id\":\"https:\\\/\\\/shopatoa.com\\\/cz\\\/barf-light-lehce-stravitelny-500g\\\/#breadcrumb\"},\"inLanguage\":\"cs\",\"potentialAction\":[{\"@type\":\"ReadAction\",\"target\":[\"https:\\\/\\\/shopatoa.com\\\/cz\\\/barf-light-lehce-stravitelny-500g\\\/\"]}]},{\"@type\":\"ImageObject\",\"inLanguage\":\"cs\",\"@id\":\"https:\\\/\\\/shopatoa.com\\\/cz\\\/barf-light-lehce-stravitelny-500g\\\/#primaryimage\",\"url\":\"https:\\\/\\\/storage.googleapis.com\\\/cz-shopatoa-img\\\/cz\\\/b2008ade-1_82355.jpg\",\"contentUrl\":\"https:\\\/\\\/storage.googleapis.com\\\/cz-shopatoa-img\\\/cz\\\/b2008ade-1_82355.jpg\",\"width\":600,\"height\":600},{\"@type\":\"BreadcrumbList\",\"@id\":\"https:\\\/\\\/shopatoa.com\\\/cz\\\/barf-light-lehce-stravitelny-500g\\\/#breadcrumb\",\"itemListElement\":[{\"@type\":\"ListItem\",\"position\":1,\"name\":\"Dom\u016f\",\"item\":\"https:\\\/\\\/shopatoa.com\\\/cz\\\/\"},{\"@type\":\"ListItem\",\"position\":2,\"name\":\"Produkty\",\"item\":\"https:\\\/\\\/shopatoa.com\\\/cz\\\/shop\\\/\"},{\"@type\":\"ListItem\",\"position\":3,\"name\":\"Chovatelsk\u00e9 pot\u0159eby\",\"item\":\"https:\\\/\\\/shopatoa.com\\\/cz\\\/chovatelske-potreby-2\\\/\"},{\"@type\":\"ListItem\",\"position\":4,\"name\":\"Pro psy\",\"item\":\"https:\\\/\\\/shopatoa.com\\\/cz\\\/pro-psy-chovatelske-potreby-2\\\/\"},{\"@type\":\"ListItem\",\"position\":5,\"name\":\"Krmivo pro psy\",\"item\":\"https:\\\/\\\/shopatoa.com\\\/cz\\\/krmivo-pro-psy-pro-psy-chovatelske-potreby-2\\\/\"},{\"@type\":\"ListItem\",\"position\":6,\"name\":\"Pamlsky pro psy\",\"item\":\"https:\\\/\\\/shopatoa.com\\\/cz\\\/pamlsky-pro-psy\\\/\"},{\"@type\":\"ListItem\",\"position\":7,\"name\":\"BARF Light &#8211; lehce straviteln\u00fd 500g\"}]},{\"@type\":\"WebSite\",\"@id\":\"https:\\\/\\\/shopatoa.com\\\/cz\\\/#website\",\"url\":\"https:\\\/\\\/shopatoa.com\\\/cz\\\/\",\"name\":\"SHOPATOA\",\"description\":\"\",\"publisher\":{\"@id\":\"https:\\\/\\\/shopatoa.com\\\/cz\\\/#organization\"},\"potentialAction\":[{\"@type\":\"SearchAction\",\"target\":{\"@type\":\"EntryPoint\",\"urlTemplate\":\"https:\\\/\\\/shopatoa.com\\\/cz\\\/?s={search_term_string}\"},\"query-input\":{\"@type\":\"PropertyValueSpecification\",\"valueRequired\":true,\"valueName\":\"search_term_string\"}}],\"inLanguage\":\"cs\"},{\"@type\":\"Organization\",\"@id\":\"https:\\\/\\\/shopatoa.com\\\/cz\\\/#organization\",\"name\":\"SHOPATOA Digital s.r.o.\",\"url\":\"https:\\\/\\\/shopatoa.com\\\/cz\\\/\",\"logo\":{\"@type\":\"ImageObject\",\"inLanguage\":\"cs\",\"@id\":\"https:\\\/\\\/shopatoa.com\\\/cz\\\/#\\\/schema\\\/logo\\\/image\\\/\",\"url\":\"https:\\\/\\\/storage.googleapis.com\\\/cz-shopatoa-img\\\/cz\\\/ebccf434-shopatoa_logo.png\",\"contentUrl\":\"https:\\\/\\\/storage.googleapis.com\\\/cz-shopatoa-img\\\/cz\\\/ebccf434-shopatoa_logo.png\",\"width\":416,\"height\":63,\"caption\":\"SHOPATOA Digital s.r.o.\"},\"image\":{\"@id\":\"https:\\\/\\\/shopatoa.com\\\/cz\\\/#\\\/schema\\\/logo\\\/image\\\/\"}}]}<\/script>\n<!-- \/ Yoast SEO plugin. -->","yoast_head_json":{"title":"BARF Light - lehce straviteln\u00fd 500g - SHOPATOA.COM","robots":{"index":"index","follow":"follow","max-snippet":"max-snippet:-1","max-image-preview":"max-image-preview:large","max-video-preview":"max-video-preview:-1"},"canonical":"https:\/\/shopatoa.com\/cz\/barf-light-lehce-stravitelny-500g\/","og_locale":"cs_CZ","og_type":"article","og_title":"BARF Light - lehce straviteln\u00fd 500g - SHOPATOA.COM","og_description":"Kompletn\u00ed krmivo s\u00a0kuskusem a libov\u00fdm ku\u0159ec\u00edm masem pro zdrav\u00e9 psy v\u0161ech plemen od 2. m\u011bs\u00edce \u017eivota. Vhodn\u00e9 pro psy, kte\u0159\u00ed vy\u017eaduj\u00ed lehce stravitelnou stravu. Obsahuje pouze p\u0159\u00edrodn\u00ed ingredience. Bez barviv, konzervant\u016f. Pro v\u00fdrobu je pou\u017e\u00edv\u00e1no maso v\u00a0kvalit\u011b pro lidskou konzumaci. Ru\u010dn\u011b vyr\u00e1b\u011bn\u00e9. Slo\u017een\u00ed Dr\u016fbe\u017e\u00ed svalovina 46 %, dr\u016fbe\u017e\u00ed kost 15 %, kuskus 15 %, hov\u011bz\u00ed...","og_url":"https:\/\/shopatoa.com\/cz\/barf-light-lehce-stravitelny-500g\/","og_site_name":"SHOPATOA","article_modified_time":"2025-05-16T12:57:05+00:00","og_image":[{"width":600,"height":600,"url":"https:\/\/storage.googleapis.com\/cz-shopatoa-img\/cz\/b2008ade-1_82355.jpg","type":"image\/jpeg"}],"twitter_card":"summary_large_image","schema":{"@context":"https:\/\/schema.org","@graph":[{"@type":"WebPage","@id":"https:\/\/shopatoa.com\/cz\/barf-light-lehce-stravitelny-500g\/","url":"https:\/\/shopatoa.com\/cz\/barf-light-lehce-stravitelny-500g\/","name":"BARF Light - lehce straviteln\u00fd 500g - SHOPATOA.COM","isPartOf":{"@id":"https:\/\/shopatoa.com\/cz\/#website"},"primaryImageOfPage":{"@id":"https:\/\/shopatoa.com\/cz\/barf-light-lehce-stravitelny-500g\/#primaryimage"},"image":{"@id":"https:\/\/shopatoa.com\/cz\/barf-light-lehce-stravitelny-500g\/#primaryimage"},"thumbnailUrl":"https:\/\/storage.googleapis.com\/cz-shopatoa-img\/cz\/b2008ade-1_82355.jpg","datePublished":"2025-04-03T14:30:23+00:00","dateModified":"2025-05-16T12:57:05+00:00","breadcrumb":{"@id":"https:\/\/shopatoa.com\/cz\/barf-light-lehce-stravitelny-500g\/#breadcrumb"},"inLanguage":"cs","potentialAction":[{"@type":"ReadAction","target":["https:\/\/shopatoa.com\/cz\/barf-light-lehce-stravitelny-500g\/"]}]},{"@type":"ImageObject","inLanguage":"cs","@id":"https:\/\/shopatoa.com\/cz\/barf-light-lehce-stravitelny-500g\/#primaryimage","url":"https:\/\/storage.googleapis.com\/cz-shopatoa-img\/cz\/b2008ade-1_82355.jpg","contentUrl":"https:\/\/storage.googleapis.com\/cz-shopatoa-img\/cz\/b2008ade-1_82355.jpg","width":600,"height":600},{"@type":"BreadcrumbList","@id":"https:\/\/shopatoa.com\/cz\/barf-light-lehce-stravitelny-500g\/#breadcrumb","itemListElement":[{"@type":"ListItem","position":1,"name":"Dom\u016f","item":"https:\/\/shopatoa.com\/cz\/"},{"@type":"ListItem","position":2,"name":"Produkty","item":"https:\/\/shopatoa.com\/cz\/shop\/"},{"@type":"ListItem","position":3,"name":"Chovatelsk\u00e9 pot\u0159eby","item":"https:\/\/shopatoa.com\/cz\/chovatelske-potreby-2\/"},{"@type":"ListItem","position":4,"name":"Pro psy","item":"https:\/\/shopatoa.com\/cz\/pro-psy-chovatelske-potreby-2\/"},{"@type":"ListItem","position":5,"name":"Krmivo pro psy","item":"https:\/\/shopatoa.com\/cz\/krmivo-pro-psy-pro-psy-chovatelske-potreby-2\/"},{"@type":"ListItem","position":6,"name":"Pamlsky pro psy","item":"https:\/\/shopatoa.com\/cz\/pamlsky-pro-psy\/"},{"@type":"ListItem","position":7,"name":"BARF Light &#8211; lehce straviteln\u00fd 500g"}]},{"@type":"WebSite","@id":"https:\/\/shopatoa.com\/cz\/#website","url":"https:\/\/shopatoa.com\/cz\/","name":"SHOPATOA","description":"","publisher":{"@id":"https:\/\/shopatoa.com\/cz\/#organization"},"potentialAction":[{"@type":"SearchAction","target":{"@type":"EntryPoint","urlTemplate":"https:\/\/shopatoa.com\/cz\/?s={search_term_string}"},"query-input":{"@type":"PropertyValueSpecification","valueRequired":true,"valueName":"search_term_string"}}],"inLanguage":"cs"},{"@type":"Organization","@id":"https:\/\/shopatoa.com\/cz\/#organization","name":"SHOPATOA Digital s.r.o.","url":"https:\/\/shopatoa.com\/cz\/","logo":{"@type":"ImageObject","inLanguage":"cs","@id":"https:\/\/shopatoa.com\/cz\/#\/schema\/logo\/image\/","url":"https:\/\/storage.googleapis.com\/cz-shopatoa-img\/cz\/ebccf434-shopatoa_logo.png","contentUrl":"https:\/\/storage.googleapis.com\/cz-shopatoa-img\/cz\/ebccf434-shopatoa_logo.png","width":416,"height":63,"caption":"SHOPATOA Digital s.r.o."},"image":{"@id":"https:\/\/shopatoa.com\/cz\/#\/schema\/logo\/image\/"}}]}},"_links":{"self":[{"href":"https:\/\/shopatoa.com\/cz\/wp-json\/wp\/v2\/product\/253004","targetHints":{"allow":["GET"]}}],"collection":[{"href":"https:\/\/shopatoa.com\/cz\/wp-json\/wp\/v2\/product"}],"about":[{"href":"https:\/\/shopatoa.com\/cz\/wp-json\/wp\/v2\/types\/product"}],"replies":[{"embeddable":true,"href":"https:\/\/shopatoa.com\/cz\/wp-json\/wp\/v2\/comments?post=253004"}],"wp:featuredmedia":[{"embeddable":true,"href":"https:\/\/shopatoa.com\/cz\/wp-json\/wp\/v2\/media\/253005"}],"wp:attachment":[{"href":"https:\/\/shopatoa.com\/cz\/wp-json\/wp\/v2\/media?parent=253004"}],"wp:term":[{"taxonomy":"product_brand","embeddable":true,"href":"https:\/\/shopatoa.com\/cz\/wp-json\/wp\/v2\/product_brand?post=253004"},{"taxonomy":"product_cat","embeddable":true,"href":"https:\/\/shopatoa.com\/cz\/wp-json\/wp\/v2\/product_cat?post=253004"},{"taxonomy":"product_tag","embeddable":true,"href":"https:\/\/shopatoa.com\/cz\/wp-json\/wp\/v2\/product_tag?post=253004"}],"curies":[{"name":"wp","href":"https:\/\/api.w.org\/{rel}","templated":true}]}}