{"id":253014,"date":"2025-04-03T16:31:08","date_gmt":"2025-04-03T14:31:08","guid":{"rendered":"https:\/\/shopatoa.com\/cz\/?post_type=product&#038;p=253014"},"modified":"2026-02-03T22:40:07","modified_gmt":"2026-02-03T21:40:07","slug":"acana-adult-dog-recipe-17kg","status":"publish","type":"product","link":"https:\/\/shopatoa.com\/cz\/acana-adult-dog-recipe-17kg\/","title":{"rendered":"Acana Adult Dog Recipe 17kg"},"content":{"rendered":"<p>Krmivo pro psy\u00a0v\u0161ech plemen a ka\u017ed\u00e9ho v\u011bku.<\/p>\n<p>Krmivo Acana Adult je\u00a0p\u0159ipravov\u00e1no v\u00a0oce\u0148ovan\u00fdch kanadsk\u00fdch kuchyn\u00edch\u00a0a p\u0159ekypuje voln\u011b chovan\u00fdmi ku\u0159aty, vejci z\u00a0hn\u00edzdn\u00edch chov\u016f plat\u00fdsem loven\u00fdm voln\u011b v\u00a0p\u0159\u00edrod\u011b a na slunci zraj\u00edc\u00edm ovocem a zeleninou \u2013 v\u0161e dod\u00e1v\u00e1no \u010derstv\u00e9. Krmivo je\u00a0bez obilovin a brambor.<\/p>\n<p>Slo\u017een\u00ed<\/p>\n<p>\u010cerstv\u00e9 ku\u0159ec\u00ed maso (14 %), dehydrovan\u00e9 ku\u0159e (14 %), cel\u00e1 \u010derven\u00e1 \u010do\u010dka, cel\u00fd zelen\u00fd hr\u00e1ch, cel\u00e1 cizrna, \u010derstv\u00e9 ku\u0159ec\u00ed droby (j\u00e1tra, srdce) (5,5 %), dehydrovan\u00fd sle\u010f (5 %), ku\u0159ec\u00ed tuk (5 %), dehydrovan\u00e1 kr\u016fta (5 %), vejce (4 %), syrov\u00fd plat\u00fds (4 %), ryb\u00ed olej (3 %), cel\u00e1 zelen\u00e1 \u010do\u010dka, cel\u00fd \u017elut\u00fd hr\u00e1ch, vl\u00e1knina z hr\u00e1\u0161ku, hr\u00e1\u0161kov\u00fd \u0161krob, syrov\u00e1 kr\u016ft\u00ed j\u00e1tra (0,5 %), s\u016fl, su\u0161en\u00e1 \u0159asa, cel\u00e1 \u010derstv\u00e1 jablka, \u010derstv\u00e1 cel\u00e1 m\u00e1slov\u00e1 d\u00fdn\u011b, \u010derstv\u00e1 cel\u00e1 mrkev, \u010derstv\u00e9 cel\u00e9 hru\u0161ky, cel\u00e1 \u010derstv\u00e1 d\u00fdn\u011b, \u010derstv\u00e1 cel\u00e1 cuketa, \u010derstv\u00e9 listy \u010derven\u00e9 \u0159epy, \u010derstv\u00e1 kapusta, \u010derstv\u00fd \u0161pen\u00e1t, \u010derstv\u00e9 listy tu\u0159\u00ednu, \u010derstv\u00e9 bor\u016fvky, \u010derstv\u00e9 brusinky, \u010derstv\u00fd cel\u00fd muchovn\u00edk ol\u0161olist\u00fd, ko\u0159en&#8230;<\/p>\n","protected":false},"excerpt":{"rendered":"<p>Krmivo pro psy\u00a0v\u0161ech plemen a ka\u017ed\u00e9ho v\u011bku. Krmivo Acana Adult je\u00a0p\u0159ipravov\u00e1no v\u00a0oce\u0148ovan\u00fdch kanadsk\u00fdch kuchyn\u00edch\u00a0a p\u0159ekypuje voln\u011b chovan\u00fdmi ku\u0159aty, vejci z\u00a0hn\u00edzdn\u00edch chov\u016f plat\u00fdsem loven\u00fdm voln\u011b v\u00a0p\u0159\u00edrod\u011b a na slunci zraj\u00edc\u00edm ovocem a zeleninou \u2013 v\u0161e dod\u00e1v\u00e1no \u010derstv\u00e9. Krmivo je\u00a0bez obilovin a brambor. Slo\u017een\u00ed \u010cerstv\u00e9 ku\u0159ec\u00ed maso (14 %), dehydrovan\u00e9 ku\u0159e (14 %), cel\u00e1 \u010derven\u00e1 \u010do\u010dka, cel\u00fd&#8230;<\/p>\n","protected":false},"featured_media":253015,"comment_status":"closed","ping_status":"open","template":"","meta":{"_acf_changed":false,"_kadence_starter_templates_imported_post":false,"_kad_post_transparent":"","_kad_post_title":"","_kad_post_layout":"","_kad_post_sidebar_id":"","_kad_post_content_style":"","_kad_post_vertical_padding":"","_kad_post_feature":"","_kad_post_feature_position":"","_kad_post_header":false,"_kad_post_footer":false,"_kad_post_classname":""},"product_brand":[2744],"product_cat":[436,2569,2568,739],"product_tag":[],"class_list":{"0":"post-253014","1":"product","2":"type-product","3":"status-publish","4":"has-post-thumbnail","6":"product_brand-acana","7":"product_cat-chovatelske-potreby-2","8":"product_cat-granule-pro-psy","9":"product_cat-krmivo-pro-psy-pro-psy-chovatelske-potreby-2","10":"product_cat-pro-psy-chovatelske-potreby-2","11":"pa_obchod-superzoo-cz","13":"first","14":"instock","15":"product-type-external","16":"entry","17":"content-bg","18":"loop-entry"},"acf":[],"yoast_head":"<!-- This site is optimized with the Yoast SEO plugin v27.4 - https:\/\/yoast.com\/product\/yoast-seo-wordpress\/ -->\n<title>Acana Adult Dog Recipe 17kg - SHOPATOA.COM<\/title>\n<meta name=\"robots\" content=\"index, follow, max-snippet:-1, max-image-preview:large, max-video-preview:-1\" \/>\n<link rel=\"canonical\" href=\"https:\/\/shopatoa.com\/cz\/acana-adult-dog-recipe-17kg\/\" \/>\n<meta property=\"og:locale\" content=\"cs_CZ\" \/>\n<meta property=\"og:type\" content=\"article\" \/>\n<meta property=\"og:title\" content=\"Acana Adult Dog Recipe 17kg - SHOPATOA.COM\" \/>\n<meta property=\"og:description\" content=\"Krmivo pro psy\u00a0v\u0161ech plemen a ka\u017ed\u00e9ho v\u011bku. Krmivo Acana Adult je\u00a0p\u0159ipravov\u00e1no v\u00a0oce\u0148ovan\u00fdch kanadsk\u00fdch kuchyn\u00edch\u00a0a p\u0159ekypuje voln\u011b chovan\u00fdmi ku\u0159aty, vejci z\u00a0hn\u00edzdn\u00edch chov\u016f plat\u00fdsem loven\u00fdm voln\u011b v\u00a0p\u0159\u00edrod\u011b a na slunci zraj\u00edc\u00edm ovocem a zeleninou \u2013 v\u0161e dod\u00e1v\u00e1no \u010derstv\u00e9. Krmivo je\u00a0bez obilovin a brambor. Slo\u017een\u00ed \u010cerstv\u00e9 ku\u0159ec\u00ed maso (14 %), dehydrovan\u00e9 ku\u0159e (14 %), cel\u00e1 \u010derven\u00e1 \u010do\u010dka, cel\u00fd...\" \/>\n<meta property=\"og:url\" content=\"https:\/\/shopatoa.com\/cz\/acana-adult-dog-recipe-17kg\/\" \/>\n<meta property=\"og:site_name\" content=\"SHOPATOA\" \/>\n<meta property=\"article:modified_time\" content=\"2026-02-03T21:40:07+00:00\" \/>\n<meta property=\"og:image\" content=\"https:\/\/storage.googleapis.com\/cz-shopatoa-img\/cz\/d4c6e168-1_81473.jpg\" \/>\n\t<meta property=\"og:image:width\" content=\"600\" \/>\n\t<meta property=\"og:image:height\" content=\"600\" \/>\n\t<meta property=\"og:image:type\" content=\"image\/jpeg\" \/>\n<meta name=\"twitter:card\" content=\"summary_large_image\" \/>\n<meta name=\"twitter:label1\" content=\"Odhadovan\u00e1 doba \u010dten\u00ed\" \/>\n\t<meta name=\"twitter:data1\" content=\"1 minuta\" \/>\n<script type=\"application\/ld+json\" class=\"yoast-schema-graph\">{\"@context\":\"https:\\\/\\\/schema.org\",\"@graph\":[{\"@type\":\"WebPage\",\"@id\":\"https:\\\/\\\/shopatoa.com\\\/cz\\\/acana-adult-dog-recipe-17kg\\\/\",\"url\":\"https:\\\/\\\/shopatoa.com\\\/cz\\\/acana-adult-dog-recipe-17kg\\\/\",\"name\":\"Acana Adult Dog Recipe 17kg - SHOPATOA.COM\",\"isPartOf\":{\"@id\":\"https:\\\/\\\/shopatoa.com\\\/cz\\\/#website\"},\"primaryImageOfPage\":{\"@id\":\"https:\\\/\\\/shopatoa.com\\\/cz\\\/acana-adult-dog-recipe-17kg\\\/#primaryimage\"},\"image\":{\"@id\":\"https:\\\/\\\/shopatoa.com\\\/cz\\\/acana-adult-dog-recipe-17kg\\\/#primaryimage\"},\"thumbnailUrl\":\"https:\\\/\\\/storage.googleapis.com\\\/cz-shopatoa-img\\\/cz\\\/d4c6e168-1_81473.jpg\",\"datePublished\":\"2025-04-03T14:31:08+00:00\",\"dateModified\":\"2026-02-03T21:40:07+00:00\",\"breadcrumb\":{\"@id\":\"https:\\\/\\\/shopatoa.com\\\/cz\\\/acana-adult-dog-recipe-17kg\\\/#breadcrumb\"},\"inLanguage\":\"cs\",\"potentialAction\":[{\"@type\":\"ReadAction\",\"target\":[\"https:\\\/\\\/shopatoa.com\\\/cz\\\/acana-adult-dog-recipe-17kg\\\/\"]}]},{\"@type\":\"ImageObject\",\"inLanguage\":\"cs\",\"@id\":\"https:\\\/\\\/shopatoa.com\\\/cz\\\/acana-adult-dog-recipe-17kg\\\/#primaryimage\",\"url\":\"https:\\\/\\\/storage.googleapis.com\\\/cz-shopatoa-img\\\/cz\\\/d4c6e168-1_81473.jpg\",\"contentUrl\":\"https:\\\/\\\/storage.googleapis.com\\\/cz-shopatoa-img\\\/cz\\\/d4c6e168-1_81473.jpg\",\"width\":600,\"height\":600},{\"@type\":\"BreadcrumbList\",\"@id\":\"https:\\\/\\\/shopatoa.com\\\/cz\\\/acana-adult-dog-recipe-17kg\\\/#breadcrumb\",\"itemListElement\":[{\"@type\":\"ListItem\",\"position\":1,\"name\":\"Dom\u016f\",\"item\":\"https:\\\/\\\/shopatoa.com\\\/cz\\\/\"},{\"@type\":\"ListItem\",\"position\":2,\"name\":\"Produkty\",\"item\":\"https:\\\/\\\/shopatoa.com\\\/cz\\\/shop\\\/\"},{\"@type\":\"ListItem\",\"position\":3,\"name\":\"Chovatelsk\u00e9 pot\u0159eby\",\"item\":\"https:\\\/\\\/shopatoa.com\\\/cz\\\/chovatelske-potreby-2\\\/\"},{\"@type\":\"ListItem\",\"position\":4,\"name\":\"Pro psy\",\"item\":\"https:\\\/\\\/shopatoa.com\\\/cz\\\/pro-psy-chovatelske-potreby-2\\\/\"},{\"@type\":\"ListItem\",\"position\":5,\"name\":\"Krmivo pro psy\",\"item\":\"https:\\\/\\\/shopatoa.com\\\/cz\\\/krmivo-pro-psy-pro-psy-chovatelske-potreby-2\\\/\"},{\"@type\":\"ListItem\",\"position\":6,\"name\":\"Granule pro psy\",\"item\":\"https:\\\/\\\/shopatoa.com\\\/cz\\\/granule-pro-psy\\\/\"},{\"@type\":\"ListItem\",\"position\":7,\"name\":\"Acana Adult Dog Recipe 17kg\"}]},{\"@type\":\"WebSite\",\"@id\":\"https:\\\/\\\/shopatoa.com\\\/cz\\\/#website\",\"url\":\"https:\\\/\\\/shopatoa.com\\\/cz\\\/\",\"name\":\"SHOPATOA\",\"description\":\"\",\"publisher\":{\"@id\":\"https:\\\/\\\/shopatoa.com\\\/cz\\\/#organization\"},\"potentialAction\":[{\"@type\":\"SearchAction\",\"target\":{\"@type\":\"EntryPoint\",\"urlTemplate\":\"https:\\\/\\\/shopatoa.com\\\/cz\\\/?s={search_term_string}\"},\"query-input\":{\"@type\":\"PropertyValueSpecification\",\"valueRequired\":true,\"valueName\":\"search_term_string\"}}],\"inLanguage\":\"cs\"},{\"@type\":\"Organization\",\"@id\":\"https:\\\/\\\/shopatoa.com\\\/cz\\\/#organization\",\"name\":\"SHOPATOA Digital s.r.o.\",\"url\":\"https:\\\/\\\/shopatoa.com\\\/cz\\\/\",\"logo\":{\"@type\":\"ImageObject\",\"inLanguage\":\"cs\",\"@id\":\"https:\\\/\\\/shopatoa.com\\\/cz\\\/#\\\/schema\\\/logo\\\/image\\\/\",\"url\":\"https:\\\/\\\/storage.googleapis.com\\\/cz-shopatoa-img\\\/cz\\\/ebccf434-shopatoa_logo.png\",\"contentUrl\":\"https:\\\/\\\/storage.googleapis.com\\\/cz-shopatoa-img\\\/cz\\\/ebccf434-shopatoa_logo.png\",\"width\":416,\"height\":63,\"caption\":\"SHOPATOA Digital s.r.o.\"},\"image\":{\"@id\":\"https:\\\/\\\/shopatoa.com\\\/cz\\\/#\\\/schema\\\/logo\\\/image\\\/\"}}]}<\/script>\n<!-- \/ Yoast SEO plugin. -->","yoast_head_json":{"title":"Acana Adult Dog Recipe 17kg - SHOPATOA.COM","robots":{"index":"index","follow":"follow","max-snippet":"max-snippet:-1","max-image-preview":"max-image-preview:large","max-video-preview":"max-video-preview:-1"},"canonical":"https:\/\/shopatoa.com\/cz\/acana-adult-dog-recipe-17kg\/","og_locale":"cs_CZ","og_type":"article","og_title":"Acana Adult Dog Recipe 17kg - SHOPATOA.COM","og_description":"Krmivo pro psy\u00a0v\u0161ech plemen a ka\u017ed\u00e9ho v\u011bku. Krmivo Acana Adult je\u00a0p\u0159ipravov\u00e1no v\u00a0oce\u0148ovan\u00fdch kanadsk\u00fdch kuchyn\u00edch\u00a0a p\u0159ekypuje voln\u011b chovan\u00fdmi ku\u0159aty, vejci z\u00a0hn\u00edzdn\u00edch chov\u016f plat\u00fdsem loven\u00fdm voln\u011b v\u00a0p\u0159\u00edrod\u011b a na slunci zraj\u00edc\u00edm ovocem a zeleninou \u2013 v\u0161e dod\u00e1v\u00e1no \u010derstv\u00e9. Krmivo je\u00a0bez obilovin a brambor. Slo\u017een\u00ed \u010cerstv\u00e9 ku\u0159ec\u00ed maso (14 %), dehydrovan\u00e9 ku\u0159e (14 %), cel\u00e1 \u010derven\u00e1 \u010do\u010dka, cel\u00fd...","og_url":"https:\/\/shopatoa.com\/cz\/acana-adult-dog-recipe-17kg\/","og_site_name":"SHOPATOA","article_modified_time":"2026-02-03T21:40:07+00:00","og_image":[{"width":600,"height":600,"url":"https:\/\/storage.googleapis.com\/cz-shopatoa-img\/cz\/d4c6e168-1_81473.jpg","type":"image\/jpeg"}],"twitter_card":"summary_large_image","twitter_misc":{"Odhadovan\u00e1 doba \u010dten\u00ed":"1 minuta"},"schema":{"@context":"https:\/\/schema.org","@graph":[{"@type":"WebPage","@id":"https:\/\/shopatoa.com\/cz\/acana-adult-dog-recipe-17kg\/","url":"https:\/\/shopatoa.com\/cz\/acana-adult-dog-recipe-17kg\/","name":"Acana Adult Dog Recipe 17kg - SHOPATOA.COM","isPartOf":{"@id":"https:\/\/shopatoa.com\/cz\/#website"},"primaryImageOfPage":{"@id":"https:\/\/shopatoa.com\/cz\/acana-adult-dog-recipe-17kg\/#primaryimage"},"image":{"@id":"https:\/\/shopatoa.com\/cz\/acana-adult-dog-recipe-17kg\/#primaryimage"},"thumbnailUrl":"https:\/\/storage.googleapis.com\/cz-shopatoa-img\/cz\/d4c6e168-1_81473.jpg","datePublished":"2025-04-03T14:31:08+00:00","dateModified":"2026-02-03T21:40:07+00:00","breadcrumb":{"@id":"https:\/\/shopatoa.com\/cz\/acana-adult-dog-recipe-17kg\/#breadcrumb"},"inLanguage":"cs","potentialAction":[{"@type":"ReadAction","target":["https:\/\/shopatoa.com\/cz\/acana-adult-dog-recipe-17kg\/"]}]},{"@type":"ImageObject","inLanguage":"cs","@id":"https:\/\/shopatoa.com\/cz\/acana-adult-dog-recipe-17kg\/#primaryimage","url":"https:\/\/storage.googleapis.com\/cz-shopatoa-img\/cz\/d4c6e168-1_81473.jpg","contentUrl":"https:\/\/storage.googleapis.com\/cz-shopatoa-img\/cz\/d4c6e168-1_81473.jpg","width":600,"height":600},{"@type":"BreadcrumbList","@id":"https:\/\/shopatoa.com\/cz\/acana-adult-dog-recipe-17kg\/#breadcrumb","itemListElement":[{"@type":"ListItem","position":1,"name":"Dom\u016f","item":"https:\/\/shopatoa.com\/cz\/"},{"@type":"ListItem","position":2,"name":"Produkty","item":"https:\/\/shopatoa.com\/cz\/shop\/"},{"@type":"ListItem","position":3,"name":"Chovatelsk\u00e9 pot\u0159eby","item":"https:\/\/shopatoa.com\/cz\/chovatelske-potreby-2\/"},{"@type":"ListItem","position":4,"name":"Pro psy","item":"https:\/\/shopatoa.com\/cz\/pro-psy-chovatelske-potreby-2\/"},{"@type":"ListItem","position":5,"name":"Krmivo pro psy","item":"https:\/\/shopatoa.com\/cz\/krmivo-pro-psy-pro-psy-chovatelske-potreby-2\/"},{"@type":"ListItem","position":6,"name":"Granule pro psy","item":"https:\/\/shopatoa.com\/cz\/granule-pro-psy\/"},{"@type":"ListItem","position":7,"name":"Acana Adult Dog Recipe 17kg"}]},{"@type":"WebSite","@id":"https:\/\/shopatoa.com\/cz\/#website","url":"https:\/\/shopatoa.com\/cz\/","name":"SHOPATOA","description":"","publisher":{"@id":"https:\/\/shopatoa.com\/cz\/#organization"},"potentialAction":[{"@type":"SearchAction","target":{"@type":"EntryPoint","urlTemplate":"https:\/\/shopatoa.com\/cz\/?s={search_term_string}"},"query-input":{"@type":"PropertyValueSpecification","valueRequired":true,"valueName":"search_term_string"}}],"inLanguage":"cs"},{"@type":"Organization","@id":"https:\/\/shopatoa.com\/cz\/#organization","name":"SHOPATOA Digital s.r.o.","url":"https:\/\/shopatoa.com\/cz\/","logo":{"@type":"ImageObject","inLanguage":"cs","@id":"https:\/\/shopatoa.com\/cz\/#\/schema\/logo\/image\/","url":"https:\/\/storage.googleapis.com\/cz-shopatoa-img\/cz\/ebccf434-shopatoa_logo.png","contentUrl":"https:\/\/storage.googleapis.com\/cz-shopatoa-img\/cz\/ebccf434-shopatoa_logo.png","width":416,"height":63,"caption":"SHOPATOA Digital s.r.o."},"image":{"@id":"https:\/\/shopatoa.com\/cz\/#\/schema\/logo\/image\/"}}]}},"_links":{"self":[{"href":"https:\/\/shopatoa.com\/cz\/wp-json\/wp\/v2\/product\/253014","targetHints":{"allow":["GET"]}}],"collection":[{"href":"https:\/\/shopatoa.com\/cz\/wp-json\/wp\/v2\/product"}],"about":[{"href":"https:\/\/shopatoa.com\/cz\/wp-json\/wp\/v2\/types\/product"}],"replies":[{"embeddable":true,"href":"https:\/\/shopatoa.com\/cz\/wp-json\/wp\/v2\/comments?post=253014"}],"wp:featuredmedia":[{"embeddable":true,"href":"https:\/\/shopatoa.com\/cz\/wp-json\/wp\/v2\/media\/253015"}],"wp:attachment":[{"href":"https:\/\/shopatoa.com\/cz\/wp-json\/wp\/v2\/media?parent=253014"}],"wp:term":[{"taxonomy":"product_brand","embeddable":true,"href":"https:\/\/shopatoa.com\/cz\/wp-json\/wp\/v2\/product_brand?post=253014"},{"taxonomy":"product_cat","embeddable":true,"href":"https:\/\/shopatoa.com\/cz\/wp-json\/wp\/v2\/product_cat?post=253014"},{"taxonomy":"product_tag","embeddable":true,"href":"https:\/\/shopatoa.com\/cz\/wp-json\/wp\/v2\/product_tag?post=253014"}],"curies":[{"name":"wp","href":"https:\/\/api.w.org\/{rel}","templated":true}]}}