{"id":253048,"date":"2025-04-03T16:36:29","date_gmt":"2025-04-03T14:36:29","guid":{"rendered":"https:\/\/shopatoa.com\/cz\/?post_type=product&#038;p=253048"},"modified":"2026-02-03T22:39:59","modified_gmt":"2026-02-03T21:39:59","slug":"acana-classics-red-meat-2kg","status":"publish","type":"product","link":"https:\/\/shopatoa.com\/cz\/acana-classics-red-meat-2kg\/","title":{"rendered":"Acana Classics Red Meat 2kg"},"content":{"rendered":"<p>Krmivo pro psy v\u0161ech plemen a v\u011bkov\u00fdch kategori\u00ed.<\/p>\n<p>Receptury ACANA\u00ae jsou vytvo\u0159eny od za\u010d\u00e1tku a\u017e do konce s pou\u017eit\u00edm lahodn\u00fdch a kvalitn\u00edch surovin. \u010cerven\u00e1 masa, v\u00fd\u017eivn\u00e9 ovoce, obiloviny a zelenina v krmivu ACANA Classics Red Meat poskytuj\u00ed va\u0161emu psovi syt\u00e9 a v\u00fd\u017eivn\u00e9 j\u00eddlo vyroben\u00e9 z jednoduch\u00fdch a zdrav\u00fdch surovin. Obsahuje tak\u00e9 ingredience bohat\u00e9 na \u017eiviny, kter\u00e9 podporuj\u00ed t\u0159i kl\u00ed\u010dov\u00e9 zdravotn\u00ed benefity, v\u010detn\u011b imunitn\u00ed funkce, zdrav\u00e9ho tr\u00e1ven\u00ed a zdrav\u00e9 k\u016f\u017ee a srsti.<\/p>\n<p>\tObsahuje antioxidanty z ovoce a zeleniny a tak\u00e9 vitam\u00edn C pro podporu imunitn\u00edch funkc\u00ed.<br \/>\n\tObsahuje prebiotika a vl\u00e1kninu pro podporu zdrav\u00e9ho tr\u00e1ven\u00ed.<br \/>\n\tObsahuje Omega-3 mastn\u00e9 kyseliny z ryb\u00edho tuku pro podporu zdrav\u00e9 k\u016f\u017ee a srsti.<br \/>\n\tVyrobeno v Kanad\u011b z t\u011bch nejlep\u0161\u00edch ingredienc\u00ed na sv\u011bt\u011b.<\/p>\n<p>Slo\u017een\u00ed<\/p>\n<p>Syrov\u00e9 hov\u011bz\u00ed maso (16 %), dehydrovan\u00e9 jehn\u011b\u010d\u00ed maso (15 %), perli\u010dkov\u00fd je\u010dmen, cel\u00fd hr\u00e1\u0161ek, ovesn\u00e9 kroupy, vep\u0159ov\u00fd tuk (8 %), dehydrovan\u00e9 vep\u0159ov\u00e9 maso (8 %), cel\u00fd oves, cizrnov\u00e1 vl\u00e1knina, syrov\u00e9 vep\u0159ov\u00e9&#8230;<\/p>\n","protected":false},"excerpt":{"rendered":"<p>Krmivo pro psy v\u0161ech plemen a v\u011bkov\u00fdch kategori\u00ed. Receptury ACANA\u00ae jsou vytvo\u0159eny od za\u010d\u00e1tku a\u017e do konce s pou\u017eit\u00edm lahodn\u00fdch a kvalitn\u00edch surovin. \u010cerven\u00e1 masa, v\u00fd\u017eivn\u00e9 ovoce, obiloviny a zelenina v krmivu ACANA Classics Red Meat poskytuj\u00ed va\u0161emu psovi syt\u00e9 a v\u00fd\u017eivn\u00e9 j\u00eddlo vyroben\u00e9 z jednoduch\u00fdch a zdrav\u00fdch surovin. Obsahuje tak\u00e9 ingredience bohat\u00e9 na \u017eiviny,&#8230;<\/p>\n","protected":false},"featured_media":253049,"comment_status":"closed","ping_status":"open","template":"","meta":{"_acf_changed":false,"_kadence_starter_templates_imported_post":false,"_kad_post_transparent":"","_kad_post_title":"","_kad_post_layout":"","_kad_post_sidebar_id":"","_kad_post_content_style":"","_kad_post_vertical_padding":"","_kad_post_feature":"","_kad_post_feature_position":"","_kad_post_header":false,"_kad_post_footer":false,"_kad_post_classname":""},"product_brand":[2744],"product_cat":[436,2569,2568,739],"product_tag":[],"class_list":{"0":"post-253048","1":"product","2":"type-product","3":"status-publish","4":"has-post-thumbnail","6":"product_brand-acana","7":"product_cat-chovatelske-potreby-2","8":"product_cat-granule-pro-psy","9":"product_cat-krmivo-pro-psy-pro-psy-chovatelske-potreby-2","10":"product_cat-pro-psy-chovatelske-potreby-2","11":"pa_obchod-superzoo-cz","13":"first","14":"instock","15":"product-type-external","16":"entry","17":"content-bg","18":"loop-entry"},"acf":[],"yoast_head":"<!-- This site is optimized with the Yoast SEO plugin v27.4 - https:\/\/yoast.com\/product\/yoast-seo-wordpress\/ -->\n<title>Acana Classics Red Meat 2kg - SHOPATOA.COM<\/title>\n<meta name=\"robots\" content=\"index, follow, max-snippet:-1, max-image-preview:large, max-video-preview:-1\" \/>\n<link rel=\"canonical\" href=\"https:\/\/shopatoa.com\/cz\/acana-classics-red-meat-2kg\/\" \/>\n<meta property=\"og:locale\" content=\"cs_CZ\" \/>\n<meta property=\"og:type\" content=\"article\" \/>\n<meta property=\"og:title\" content=\"Acana Classics Red Meat 2kg - SHOPATOA.COM\" \/>\n<meta property=\"og:description\" content=\"Krmivo pro psy v\u0161ech plemen a v\u011bkov\u00fdch kategori\u00ed. Receptury ACANA\u00ae jsou vytvo\u0159eny od za\u010d\u00e1tku a\u017e do konce s pou\u017eit\u00edm lahodn\u00fdch a kvalitn\u00edch surovin. \u010cerven\u00e1 masa, v\u00fd\u017eivn\u00e9 ovoce, obiloviny a zelenina v krmivu ACANA Classics Red Meat poskytuj\u00ed va\u0161emu psovi syt\u00e9 a v\u00fd\u017eivn\u00e9 j\u00eddlo vyroben\u00e9 z jednoduch\u00fdch a zdrav\u00fdch surovin. Obsahuje tak\u00e9 ingredience bohat\u00e9 na \u017eiviny,...\" \/>\n<meta property=\"og:url\" content=\"https:\/\/shopatoa.com\/cz\/acana-classics-red-meat-2kg\/\" \/>\n<meta property=\"og:site_name\" content=\"SHOPATOA\" \/>\n<meta property=\"article:modified_time\" content=\"2026-02-03T21:39:59+00:00\" \/>\n<meta property=\"og:image\" content=\"https:\/\/storage.googleapis.com\/cz-shopatoa-img\/cz\/c5ad8192-1_83015.jpg\" \/>\n\t<meta property=\"og:image:width\" content=\"600\" \/>\n\t<meta property=\"og:image:height\" content=\"600\" \/>\n\t<meta property=\"og:image:type\" content=\"image\/jpeg\" \/>\n<meta name=\"twitter:card\" content=\"summary_large_image\" \/>\n<meta name=\"twitter:label1\" content=\"Odhadovan\u00e1 doba \u010dten\u00ed\" \/>\n\t<meta name=\"twitter:data1\" content=\"1 minuta\" \/>\n<script type=\"application\/ld+json\" class=\"yoast-schema-graph\">{\"@context\":\"https:\\\/\\\/schema.org\",\"@graph\":[{\"@type\":\"WebPage\",\"@id\":\"https:\\\/\\\/shopatoa.com\\\/cz\\\/acana-classics-red-meat-2kg\\\/\",\"url\":\"https:\\\/\\\/shopatoa.com\\\/cz\\\/acana-classics-red-meat-2kg\\\/\",\"name\":\"Acana Classics Red Meat 2kg - SHOPATOA.COM\",\"isPartOf\":{\"@id\":\"https:\\\/\\\/shopatoa.com\\\/cz\\\/#website\"},\"primaryImageOfPage\":{\"@id\":\"https:\\\/\\\/shopatoa.com\\\/cz\\\/acana-classics-red-meat-2kg\\\/#primaryimage\"},\"image\":{\"@id\":\"https:\\\/\\\/shopatoa.com\\\/cz\\\/acana-classics-red-meat-2kg\\\/#primaryimage\"},\"thumbnailUrl\":\"https:\\\/\\\/storage.googleapis.com\\\/cz-shopatoa-img\\\/cz\\\/c5ad8192-1_83015.jpg\",\"datePublished\":\"2025-04-03T14:36:29+00:00\",\"dateModified\":\"2026-02-03T21:39:59+00:00\",\"breadcrumb\":{\"@id\":\"https:\\\/\\\/shopatoa.com\\\/cz\\\/acana-classics-red-meat-2kg\\\/#breadcrumb\"},\"inLanguage\":\"cs\",\"potentialAction\":[{\"@type\":\"ReadAction\",\"target\":[\"https:\\\/\\\/shopatoa.com\\\/cz\\\/acana-classics-red-meat-2kg\\\/\"]}]},{\"@type\":\"ImageObject\",\"inLanguage\":\"cs\",\"@id\":\"https:\\\/\\\/shopatoa.com\\\/cz\\\/acana-classics-red-meat-2kg\\\/#primaryimage\",\"url\":\"https:\\\/\\\/storage.googleapis.com\\\/cz-shopatoa-img\\\/cz\\\/c5ad8192-1_83015.jpg\",\"contentUrl\":\"https:\\\/\\\/storage.googleapis.com\\\/cz-shopatoa-img\\\/cz\\\/c5ad8192-1_83015.jpg\",\"width\":600,\"height\":600},{\"@type\":\"BreadcrumbList\",\"@id\":\"https:\\\/\\\/shopatoa.com\\\/cz\\\/acana-classics-red-meat-2kg\\\/#breadcrumb\",\"itemListElement\":[{\"@type\":\"ListItem\",\"position\":1,\"name\":\"Dom\u016f\",\"item\":\"https:\\\/\\\/shopatoa.com\\\/cz\\\/\"},{\"@type\":\"ListItem\",\"position\":2,\"name\":\"Produkty\",\"item\":\"https:\\\/\\\/shopatoa.com\\\/cz\\\/shop\\\/\"},{\"@type\":\"ListItem\",\"position\":3,\"name\":\"Chovatelsk\u00e9 pot\u0159eby\",\"item\":\"https:\\\/\\\/shopatoa.com\\\/cz\\\/chovatelske-potreby-2\\\/\"},{\"@type\":\"ListItem\",\"position\":4,\"name\":\"Pro psy\",\"item\":\"https:\\\/\\\/shopatoa.com\\\/cz\\\/pro-psy-chovatelske-potreby-2\\\/\"},{\"@type\":\"ListItem\",\"position\":5,\"name\":\"Krmivo pro psy\",\"item\":\"https:\\\/\\\/shopatoa.com\\\/cz\\\/krmivo-pro-psy-pro-psy-chovatelske-potreby-2\\\/\"},{\"@type\":\"ListItem\",\"position\":6,\"name\":\"Granule pro psy\",\"item\":\"https:\\\/\\\/shopatoa.com\\\/cz\\\/granule-pro-psy\\\/\"},{\"@type\":\"ListItem\",\"position\":7,\"name\":\"Acana Classics Red Meat 2kg\"}]},{\"@type\":\"WebSite\",\"@id\":\"https:\\\/\\\/shopatoa.com\\\/cz\\\/#website\",\"url\":\"https:\\\/\\\/shopatoa.com\\\/cz\\\/\",\"name\":\"SHOPATOA\",\"description\":\"\",\"publisher\":{\"@id\":\"https:\\\/\\\/shopatoa.com\\\/cz\\\/#organization\"},\"potentialAction\":[{\"@type\":\"SearchAction\",\"target\":{\"@type\":\"EntryPoint\",\"urlTemplate\":\"https:\\\/\\\/shopatoa.com\\\/cz\\\/?s={search_term_string}\"},\"query-input\":{\"@type\":\"PropertyValueSpecification\",\"valueRequired\":true,\"valueName\":\"search_term_string\"}}],\"inLanguage\":\"cs\"},{\"@type\":\"Organization\",\"@id\":\"https:\\\/\\\/shopatoa.com\\\/cz\\\/#organization\",\"name\":\"SHOPATOA Digital s.r.o.\",\"url\":\"https:\\\/\\\/shopatoa.com\\\/cz\\\/\",\"logo\":{\"@type\":\"ImageObject\",\"inLanguage\":\"cs\",\"@id\":\"https:\\\/\\\/shopatoa.com\\\/cz\\\/#\\\/schema\\\/logo\\\/image\\\/\",\"url\":\"https:\\\/\\\/storage.googleapis.com\\\/cz-shopatoa-img\\\/cz\\\/ebccf434-shopatoa_logo.png\",\"contentUrl\":\"https:\\\/\\\/storage.googleapis.com\\\/cz-shopatoa-img\\\/cz\\\/ebccf434-shopatoa_logo.png\",\"width\":416,\"height\":63,\"caption\":\"SHOPATOA Digital s.r.o.\"},\"image\":{\"@id\":\"https:\\\/\\\/shopatoa.com\\\/cz\\\/#\\\/schema\\\/logo\\\/image\\\/\"}}]}<\/script>\n<!-- \/ Yoast SEO plugin. -->","yoast_head_json":{"title":"Acana Classics Red Meat 2kg - SHOPATOA.COM","robots":{"index":"index","follow":"follow","max-snippet":"max-snippet:-1","max-image-preview":"max-image-preview:large","max-video-preview":"max-video-preview:-1"},"canonical":"https:\/\/shopatoa.com\/cz\/acana-classics-red-meat-2kg\/","og_locale":"cs_CZ","og_type":"article","og_title":"Acana Classics Red Meat 2kg - SHOPATOA.COM","og_description":"Krmivo pro psy v\u0161ech plemen a v\u011bkov\u00fdch kategori\u00ed. Receptury ACANA\u00ae jsou vytvo\u0159eny od za\u010d\u00e1tku a\u017e do konce s pou\u017eit\u00edm lahodn\u00fdch a kvalitn\u00edch surovin. \u010cerven\u00e1 masa, v\u00fd\u017eivn\u00e9 ovoce, obiloviny a zelenina v krmivu ACANA Classics Red Meat poskytuj\u00ed va\u0161emu psovi syt\u00e9 a v\u00fd\u017eivn\u00e9 j\u00eddlo vyroben\u00e9 z jednoduch\u00fdch a zdrav\u00fdch surovin. Obsahuje tak\u00e9 ingredience bohat\u00e9 na \u017eiviny,...","og_url":"https:\/\/shopatoa.com\/cz\/acana-classics-red-meat-2kg\/","og_site_name":"SHOPATOA","article_modified_time":"2026-02-03T21:39:59+00:00","og_image":[{"width":600,"height":600,"url":"https:\/\/storage.googleapis.com\/cz-shopatoa-img\/cz\/c5ad8192-1_83015.jpg","type":"image\/jpeg"}],"twitter_card":"summary_large_image","twitter_misc":{"Odhadovan\u00e1 doba \u010dten\u00ed":"1 minuta"},"schema":{"@context":"https:\/\/schema.org","@graph":[{"@type":"WebPage","@id":"https:\/\/shopatoa.com\/cz\/acana-classics-red-meat-2kg\/","url":"https:\/\/shopatoa.com\/cz\/acana-classics-red-meat-2kg\/","name":"Acana Classics Red Meat 2kg - SHOPATOA.COM","isPartOf":{"@id":"https:\/\/shopatoa.com\/cz\/#website"},"primaryImageOfPage":{"@id":"https:\/\/shopatoa.com\/cz\/acana-classics-red-meat-2kg\/#primaryimage"},"image":{"@id":"https:\/\/shopatoa.com\/cz\/acana-classics-red-meat-2kg\/#primaryimage"},"thumbnailUrl":"https:\/\/storage.googleapis.com\/cz-shopatoa-img\/cz\/c5ad8192-1_83015.jpg","datePublished":"2025-04-03T14:36:29+00:00","dateModified":"2026-02-03T21:39:59+00:00","breadcrumb":{"@id":"https:\/\/shopatoa.com\/cz\/acana-classics-red-meat-2kg\/#breadcrumb"},"inLanguage":"cs","potentialAction":[{"@type":"ReadAction","target":["https:\/\/shopatoa.com\/cz\/acana-classics-red-meat-2kg\/"]}]},{"@type":"ImageObject","inLanguage":"cs","@id":"https:\/\/shopatoa.com\/cz\/acana-classics-red-meat-2kg\/#primaryimage","url":"https:\/\/storage.googleapis.com\/cz-shopatoa-img\/cz\/c5ad8192-1_83015.jpg","contentUrl":"https:\/\/storage.googleapis.com\/cz-shopatoa-img\/cz\/c5ad8192-1_83015.jpg","width":600,"height":600},{"@type":"BreadcrumbList","@id":"https:\/\/shopatoa.com\/cz\/acana-classics-red-meat-2kg\/#breadcrumb","itemListElement":[{"@type":"ListItem","position":1,"name":"Dom\u016f","item":"https:\/\/shopatoa.com\/cz\/"},{"@type":"ListItem","position":2,"name":"Produkty","item":"https:\/\/shopatoa.com\/cz\/shop\/"},{"@type":"ListItem","position":3,"name":"Chovatelsk\u00e9 pot\u0159eby","item":"https:\/\/shopatoa.com\/cz\/chovatelske-potreby-2\/"},{"@type":"ListItem","position":4,"name":"Pro psy","item":"https:\/\/shopatoa.com\/cz\/pro-psy-chovatelske-potreby-2\/"},{"@type":"ListItem","position":5,"name":"Krmivo pro psy","item":"https:\/\/shopatoa.com\/cz\/krmivo-pro-psy-pro-psy-chovatelske-potreby-2\/"},{"@type":"ListItem","position":6,"name":"Granule pro psy","item":"https:\/\/shopatoa.com\/cz\/granule-pro-psy\/"},{"@type":"ListItem","position":7,"name":"Acana Classics Red Meat 2kg"}]},{"@type":"WebSite","@id":"https:\/\/shopatoa.com\/cz\/#website","url":"https:\/\/shopatoa.com\/cz\/","name":"SHOPATOA","description":"","publisher":{"@id":"https:\/\/shopatoa.com\/cz\/#organization"},"potentialAction":[{"@type":"SearchAction","target":{"@type":"EntryPoint","urlTemplate":"https:\/\/shopatoa.com\/cz\/?s={search_term_string}"},"query-input":{"@type":"PropertyValueSpecification","valueRequired":true,"valueName":"search_term_string"}}],"inLanguage":"cs"},{"@type":"Organization","@id":"https:\/\/shopatoa.com\/cz\/#organization","name":"SHOPATOA Digital s.r.o.","url":"https:\/\/shopatoa.com\/cz\/","logo":{"@type":"ImageObject","inLanguage":"cs","@id":"https:\/\/shopatoa.com\/cz\/#\/schema\/logo\/image\/","url":"https:\/\/storage.googleapis.com\/cz-shopatoa-img\/cz\/ebccf434-shopatoa_logo.png","contentUrl":"https:\/\/storage.googleapis.com\/cz-shopatoa-img\/cz\/ebccf434-shopatoa_logo.png","width":416,"height":63,"caption":"SHOPATOA Digital s.r.o."},"image":{"@id":"https:\/\/shopatoa.com\/cz\/#\/schema\/logo\/image\/"}}]}},"_links":{"self":[{"href":"https:\/\/shopatoa.com\/cz\/wp-json\/wp\/v2\/product\/253048","targetHints":{"allow":["GET"]}}],"collection":[{"href":"https:\/\/shopatoa.com\/cz\/wp-json\/wp\/v2\/product"}],"about":[{"href":"https:\/\/shopatoa.com\/cz\/wp-json\/wp\/v2\/types\/product"}],"replies":[{"embeddable":true,"href":"https:\/\/shopatoa.com\/cz\/wp-json\/wp\/v2\/comments?post=253048"}],"wp:featuredmedia":[{"embeddable":true,"href":"https:\/\/shopatoa.com\/cz\/wp-json\/wp\/v2\/media\/253049"}],"wp:attachment":[{"href":"https:\/\/shopatoa.com\/cz\/wp-json\/wp\/v2\/media?parent=253048"}],"wp:term":[{"taxonomy":"product_brand","embeddable":true,"href":"https:\/\/shopatoa.com\/cz\/wp-json\/wp\/v2\/product_brand?post=253048"},{"taxonomy":"product_cat","embeddable":true,"href":"https:\/\/shopatoa.com\/cz\/wp-json\/wp\/v2\/product_cat?post=253048"},{"taxonomy":"product_tag","embeddable":true,"href":"https:\/\/shopatoa.com\/cz\/wp-json\/wp\/v2\/product_tag?post=253048"}],"curies":[{"name":"wp","href":"https:\/\/api.w.org\/{rel}","templated":true}]}}