{"id":253086,"date":"2025-04-03T16:45:13","date_gmt":"2025-04-03T14:45:13","guid":{"rendered":"https:\/\/shopatoa.com\/cz\/?post_type=product&#038;p=253086"},"modified":"2025-05-16T14:58:13","modified_gmt":"2025-05-16T12:58:13","slug":"kukan-kelly-stribrna-modra","status":"publish","type":"product","link":"https:\/\/shopatoa.com\/cz\/kukan-kelly-stribrna-modra\/","title":{"rendered":"Kuka\u0148 Kelly st\u0159\u00edbrn\u00e1\/modr\u00e1"},"content":{"rendered":"<p>Kuka\u0148 Kelly je mimo\u0159\u00e1dn\u011b pohodln\u00fd, stylov\u00fd a kvalitn\u00ed p\u0159\u00edbytek pro va\u0161eho milovan\u00e9ho mazl\u00ed\u010dka, kter\u00fd je vytvo\u0159en s nejvy\u0161\u0161\u00ed pozornost\u00ed k detail\u016fm a p\u00e9\u010d\u00ed o jeho pohodl\u00ed.<\/p>\n<p>Kuka\u0148 Kelly je vyrobena z 100% polyesteru, co\u017e zaji\u0161\u0165uje jej\u00ed vysokou kvalitu, trvanlivost a dlouhou \u017eivotnost. Tento v\u00fdjime\u010dn\u00fd materi\u00e1l je nav\u00edc velmi snadno udr\u017eovateln\u00fd a prateln\u00fd.<\/p>\n<p>Design t\u00e9to kukan\u011b byl pe\u010dliv\u011b promy\u0161len tak, aby spl\u0148oval pot\u0159eby jak zv\u00ed\u0159ete, tak i majitele. Kuka\u0148 Kelly poskytuje va\u0161emu mazl\u00ed\u010dkovi dostatek prostoru pro hran\u00ed, odpo\u010dinek a sp\u00e1nek, zat\u00edmco jeho elegantn\u00ed design obohat\u00ed ka\u017ed\u00fd interi\u00e9r.<\/p>\n<p>K\u00a0v\u00fdrob\u011b jsou pou\u017eity pouze certifikovan\u00e9 materi\u00e1ly, tak\u017ee si m\u016f\u017eete b\u00fdt jisti, \u017ee kuka\u0148 Kelly je nejen kr\u00e1sn\u00fd, ale tak\u00e9 bezpe\u010dn\u00fd pel\u00ed\u0161ek pro va\u0161eho mazl\u00ed\u010dka. Nav\u00edc je mo\u017en\u00e9 tuto kuka\u0148 pr\u00e1t ru\u010dn\u011b p\u0159i teplot\u011b 30\u00b0C, co\u017e udr\u017euje jej\u00ed \u010distotu a sv\u011b\u017eest.<\/p>\n<p>Kuka\u0148 Kelly je v\u00edc ne\u017e jen p\u0159\u00edbytek pro va\u0161eho mazl\u00ed\u010dka. Je to m\u00edsto, kde se v\u00e1\u0161 mazl\u00ed\u010dek c\u00edt\u00ed bezpe\u010dn\u011b, je chr\u00e1n\u011bna a milov\u00e1na. Je to jej\u00ed&#8230;<\/p>\n","protected":false},"excerpt":{"rendered":"<p>Kuka\u0148 Kelly je mimo\u0159\u00e1dn\u011b pohodln\u00fd, stylov\u00fd a kvalitn\u00ed p\u0159\u00edbytek pro va\u0161eho milovan\u00e9ho mazl\u00ed\u010dka, kter\u00fd je vytvo\u0159en s nejvy\u0161\u0161\u00ed pozornost\u00ed k detail\u016fm a p\u00e9\u010d\u00ed o jeho pohodl\u00ed. Kuka\u0148 Kelly je vyrobena z 100% polyesteru, co\u017e zaji\u0161\u0165uje jej\u00ed vysokou kvalitu, trvanlivost a dlouhou \u017eivotnost. Tento v\u00fdjime\u010dn\u00fd materi\u00e1l je nav\u00edc velmi snadno udr\u017eovateln\u00fd a prateln\u00fd. Design t\u00e9to kukan\u011b&#8230;<\/p>\n","protected":false},"featured_media":253087,"comment_status":"closed","ping_status":"open","template":"","meta":{"_acf_changed":false,"_kadence_starter_templates_imported_post":false,"_kad_post_transparent":"","_kad_post_title":"","_kad_post_layout":"","_kad_post_sidebar_id":"","_kad_post_content_style":"","_kad_post_vertical_padding":"","_kad_post_feature":"","_kad_post_feature_position":"","_kad_post_header":false,"_kad_post_footer":false,"_kad_post_classname":""},"product_brand":[2704],"product_cat":[436,2613,2612,739],"product_tag":[],"class_list":{"0":"post-253086","1":"product","2":"type-product","3":"status-publish","4":"has-post-thumbnail","6":"product_brand-i-love-pets","7":"product_cat-chovatelske-potreby-2","8":"product_cat-pelisky-pro-psy","9":"product_cat-pelisky-boudy-a-dvirka-pro-psy","10":"product_cat-pro-psy-chovatelske-potreby-2","11":"pa_obchod-superzoo-cz","13":"first","14":"instock","15":"product-type-external","16":"entry","17":"content-bg","18":"loop-entry"},"acf":[],"yoast_head":"<!-- This site is optimized with the Yoast SEO plugin v27.4 - https:\/\/yoast.com\/product\/yoast-seo-wordpress\/ -->\n<title>Kuka\u0148 Kelly st\u0159\u00edbrn\u00e1\/modr\u00e1 - SHOPATOA.COM<\/title>\n<meta name=\"robots\" content=\"index, follow, max-snippet:-1, max-image-preview:large, max-video-preview:-1\" \/>\n<link rel=\"canonical\" href=\"https:\/\/shopatoa.com\/cz\/kukan-kelly-stribrna-modra\/\" \/>\n<meta property=\"og:locale\" content=\"cs_CZ\" \/>\n<meta property=\"og:type\" content=\"article\" \/>\n<meta property=\"og:title\" content=\"Kuka\u0148 Kelly st\u0159\u00edbrn\u00e1\/modr\u00e1 - SHOPATOA.COM\" \/>\n<meta property=\"og:description\" content=\"Kuka\u0148 Kelly je mimo\u0159\u00e1dn\u011b pohodln\u00fd, stylov\u00fd a kvalitn\u00ed p\u0159\u00edbytek pro va\u0161eho milovan\u00e9ho mazl\u00ed\u010dka, kter\u00fd je vytvo\u0159en s nejvy\u0161\u0161\u00ed pozornost\u00ed k detail\u016fm a p\u00e9\u010d\u00ed o jeho pohodl\u00ed. Kuka\u0148 Kelly je vyrobena z 100% polyesteru, co\u017e zaji\u0161\u0165uje jej\u00ed vysokou kvalitu, trvanlivost a dlouhou \u017eivotnost. Tento v\u00fdjime\u010dn\u00fd materi\u00e1l je nav\u00edc velmi snadno udr\u017eovateln\u00fd a prateln\u00fd. Design t\u00e9to kukan\u011b...\" \/>\n<meta property=\"og:url\" content=\"https:\/\/shopatoa.com\/cz\/kukan-kelly-stribrna-modra\/\" \/>\n<meta property=\"og:site_name\" content=\"SHOPATOA\" \/>\n<meta property=\"article:modified_time\" content=\"2025-05-16T12:58:13+00:00\" \/>\n<meta property=\"og:image\" content=\"https:\/\/storage.googleapis.com\/cz-shopatoa-img\/cz\/67246a7b-1_83036.jpg\" \/>\n\t<meta property=\"og:image:width\" content=\"600\" \/>\n\t<meta property=\"og:image:height\" content=\"600\" \/>\n\t<meta property=\"og:image:type\" content=\"image\/jpeg\" \/>\n<meta name=\"twitter:card\" content=\"summary_large_image\" \/>\n<meta name=\"twitter:label1\" content=\"Odhadovan\u00e1 doba \u010dten\u00ed\" \/>\n\t<meta name=\"twitter:data1\" content=\"1 minuta\" \/>\n<script type=\"application\/ld+json\" class=\"yoast-schema-graph\">{\"@context\":\"https:\\\/\\\/schema.org\",\"@graph\":[{\"@type\":\"WebPage\",\"@id\":\"https:\\\/\\\/shopatoa.com\\\/cz\\\/kukan-kelly-stribrna-modra\\\/\",\"url\":\"https:\\\/\\\/shopatoa.com\\\/cz\\\/kukan-kelly-stribrna-modra\\\/\",\"name\":\"Kuka\u0148 Kelly st\u0159\u00edbrn\u00e1\\\/modr\u00e1 - SHOPATOA.COM\",\"isPartOf\":{\"@id\":\"https:\\\/\\\/shopatoa.com\\\/cz\\\/#website\"},\"primaryImageOfPage\":{\"@id\":\"https:\\\/\\\/shopatoa.com\\\/cz\\\/kukan-kelly-stribrna-modra\\\/#primaryimage\"},\"image\":{\"@id\":\"https:\\\/\\\/shopatoa.com\\\/cz\\\/kukan-kelly-stribrna-modra\\\/#primaryimage\"},\"thumbnailUrl\":\"https:\\\/\\\/storage.googleapis.com\\\/cz-shopatoa-img\\\/cz\\\/67246a7b-1_83036.jpg\",\"datePublished\":\"2025-04-03T14:45:13+00:00\",\"dateModified\":\"2025-05-16T12:58:13+00:00\",\"breadcrumb\":{\"@id\":\"https:\\\/\\\/shopatoa.com\\\/cz\\\/kukan-kelly-stribrna-modra\\\/#breadcrumb\"},\"inLanguage\":\"cs\",\"potentialAction\":[{\"@type\":\"ReadAction\",\"target\":[\"https:\\\/\\\/shopatoa.com\\\/cz\\\/kukan-kelly-stribrna-modra\\\/\"]}]},{\"@type\":\"ImageObject\",\"inLanguage\":\"cs\",\"@id\":\"https:\\\/\\\/shopatoa.com\\\/cz\\\/kukan-kelly-stribrna-modra\\\/#primaryimage\",\"url\":\"https:\\\/\\\/storage.googleapis.com\\\/cz-shopatoa-img\\\/cz\\\/67246a7b-1_83036.jpg\",\"contentUrl\":\"https:\\\/\\\/storage.googleapis.com\\\/cz-shopatoa-img\\\/cz\\\/67246a7b-1_83036.jpg\",\"width\":600,\"height\":600},{\"@type\":\"BreadcrumbList\",\"@id\":\"https:\\\/\\\/shopatoa.com\\\/cz\\\/kukan-kelly-stribrna-modra\\\/#breadcrumb\",\"itemListElement\":[{\"@type\":\"ListItem\",\"position\":1,\"name\":\"Dom\u016f\",\"item\":\"https:\\\/\\\/shopatoa.com\\\/cz\\\/\"},{\"@type\":\"ListItem\",\"position\":2,\"name\":\"Produkty\",\"item\":\"https:\\\/\\\/shopatoa.com\\\/cz\\\/shop\\\/\"},{\"@type\":\"ListItem\",\"position\":3,\"name\":\"Chovatelsk\u00e9 pot\u0159eby\",\"item\":\"https:\\\/\\\/shopatoa.com\\\/cz\\\/chovatelske-potreby-2\\\/\"},{\"@type\":\"ListItem\",\"position\":4,\"name\":\"Pro psy\",\"item\":\"https:\\\/\\\/shopatoa.com\\\/cz\\\/pro-psy-chovatelske-potreby-2\\\/\"},{\"@type\":\"ListItem\",\"position\":5,\"name\":\"Pel\u00ed\u0161ky, boudy a dv\u00ed\u0159ka pro psy\",\"item\":\"https:\\\/\\\/shopatoa.com\\\/cz\\\/pelisky-boudy-a-dvirka-pro-psy\\\/\"},{\"@type\":\"ListItem\",\"position\":6,\"name\":\"Pel\u00ed\u0161ky pro psy\",\"item\":\"https:\\\/\\\/shopatoa.com\\\/cz\\\/pelisky-pro-psy\\\/\"},{\"@type\":\"ListItem\",\"position\":7,\"name\":\"Kuka\u0148 Kelly st\u0159\u00edbrn\u00e1\\\/modr\u00e1\"}]},{\"@type\":\"WebSite\",\"@id\":\"https:\\\/\\\/shopatoa.com\\\/cz\\\/#website\",\"url\":\"https:\\\/\\\/shopatoa.com\\\/cz\\\/\",\"name\":\"SHOPATOA\",\"description\":\"\",\"publisher\":{\"@id\":\"https:\\\/\\\/shopatoa.com\\\/cz\\\/#organization\"},\"potentialAction\":[{\"@type\":\"SearchAction\",\"target\":{\"@type\":\"EntryPoint\",\"urlTemplate\":\"https:\\\/\\\/shopatoa.com\\\/cz\\\/?s={search_term_string}\"},\"query-input\":{\"@type\":\"PropertyValueSpecification\",\"valueRequired\":true,\"valueName\":\"search_term_string\"}}],\"inLanguage\":\"cs\"},{\"@type\":\"Organization\",\"@id\":\"https:\\\/\\\/shopatoa.com\\\/cz\\\/#organization\",\"name\":\"SHOPATOA Digital s.r.o.\",\"url\":\"https:\\\/\\\/shopatoa.com\\\/cz\\\/\",\"logo\":{\"@type\":\"ImageObject\",\"inLanguage\":\"cs\",\"@id\":\"https:\\\/\\\/shopatoa.com\\\/cz\\\/#\\\/schema\\\/logo\\\/image\\\/\",\"url\":\"https:\\\/\\\/storage.googleapis.com\\\/cz-shopatoa-img\\\/cz\\\/ebccf434-shopatoa_logo.png\",\"contentUrl\":\"https:\\\/\\\/storage.googleapis.com\\\/cz-shopatoa-img\\\/cz\\\/ebccf434-shopatoa_logo.png\",\"width\":416,\"height\":63,\"caption\":\"SHOPATOA Digital s.r.o.\"},\"image\":{\"@id\":\"https:\\\/\\\/shopatoa.com\\\/cz\\\/#\\\/schema\\\/logo\\\/image\\\/\"}}]}<\/script>\n<!-- \/ Yoast SEO plugin. -->","yoast_head_json":{"title":"Kuka\u0148 Kelly st\u0159\u00edbrn\u00e1\/modr\u00e1 - SHOPATOA.COM","robots":{"index":"index","follow":"follow","max-snippet":"max-snippet:-1","max-image-preview":"max-image-preview:large","max-video-preview":"max-video-preview:-1"},"canonical":"https:\/\/shopatoa.com\/cz\/kukan-kelly-stribrna-modra\/","og_locale":"cs_CZ","og_type":"article","og_title":"Kuka\u0148 Kelly st\u0159\u00edbrn\u00e1\/modr\u00e1 - SHOPATOA.COM","og_description":"Kuka\u0148 Kelly je mimo\u0159\u00e1dn\u011b pohodln\u00fd, stylov\u00fd a kvalitn\u00ed p\u0159\u00edbytek pro va\u0161eho milovan\u00e9ho mazl\u00ed\u010dka, kter\u00fd je vytvo\u0159en s nejvy\u0161\u0161\u00ed pozornost\u00ed k detail\u016fm a p\u00e9\u010d\u00ed o jeho pohodl\u00ed. Kuka\u0148 Kelly je vyrobena z 100% polyesteru, co\u017e zaji\u0161\u0165uje jej\u00ed vysokou kvalitu, trvanlivost a dlouhou \u017eivotnost. Tento v\u00fdjime\u010dn\u00fd materi\u00e1l je nav\u00edc velmi snadno udr\u017eovateln\u00fd a prateln\u00fd. Design t\u00e9to kukan\u011b...","og_url":"https:\/\/shopatoa.com\/cz\/kukan-kelly-stribrna-modra\/","og_site_name":"SHOPATOA","article_modified_time":"2025-05-16T12:58:13+00:00","og_image":[{"width":600,"height":600,"url":"https:\/\/storage.googleapis.com\/cz-shopatoa-img\/cz\/67246a7b-1_83036.jpg","type":"image\/jpeg"}],"twitter_card":"summary_large_image","twitter_misc":{"Odhadovan\u00e1 doba \u010dten\u00ed":"1 minuta"},"schema":{"@context":"https:\/\/schema.org","@graph":[{"@type":"WebPage","@id":"https:\/\/shopatoa.com\/cz\/kukan-kelly-stribrna-modra\/","url":"https:\/\/shopatoa.com\/cz\/kukan-kelly-stribrna-modra\/","name":"Kuka\u0148 Kelly st\u0159\u00edbrn\u00e1\/modr\u00e1 - SHOPATOA.COM","isPartOf":{"@id":"https:\/\/shopatoa.com\/cz\/#website"},"primaryImageOfPage":{"@id":"https:\/\/shopatoa.com\/cz\/kukan-kelly-stribrna-modra\/#primaryimage"},"image":{"@id":"https:\/\/shopatoa.com\/cz\/kukan-kelly-stribrna-modra\/#primaryimage"},"thumbnailUrl":"https:\/\/storage.googleapis.com\/cz-shopatoa-img\/cz\/67246a7b-1_83036.jpg","datePublished":"2025-04-03T14:45:13+00:00","dateModified":"2025-05-16T12:58:13+00:00","breadcrumb":{"@id":"https:\/\/shopatoa.com\/cz\/kukan-kelly-stribrna-modra\/#breadcrumb"},"inLanguage":"cs","potentialAction":[{"@type":"ReadAction","target":["https:\/\/shopatoa.com\/cz\/kukan-kelly-stribrna-modra\/"]}]},{"@type":"ImageObject","inLanguage":"cs","@id":"https:\/\/shopatoa.com\/cz\/kukan-kelly-stribrna-modra\/#primaryimage","url":"https:\/\/storage.googleapis.com\/cz-shopatoa-img\/cz\/67246a7b-1_83036.jpg","contentUrl":"https:\/\/storage.googleapis.com\/cz-shopatoa-img\/cz\/67246a7b-1_83036.jpg","width":600,"height":600},{"@type":"BreadcrumbList","@id":"https:\/\/shopatoa.com\/cz\/kukan-kelly-stribrna-modra\/#breadcrumb","itemListElement":[{"@type":"ListItem","position":1,"name":"Dom\u016f","item":"https:\/\/shopatoa.com\/cz\/"},{"@type":"ListItem","position":2,"name":"Produkty","item":"https:\/\/shopatoa.com\/cz\/shop\/"},{"@type":"ListItem","position":3,"name":"Chovatelsk\u00e9 pot\u0159eby","item":"https:\/\/shopatoa.com\/cz\/chovatelske-potreby-2\/"},{"@type":"ListItem","position":4,"name":"Pro psy","item":"https:\/\/shopatoa.com\/cz\/pro-psy-chovatelske-potreby-2\/"},{"@type":"ListItem","position":5,"name":"Pel\u00ed\u0161ky, boudy a dv\u00ed\u0159ka pro psy","item":"https:\/\/shopatoa.com\/cz\/pelisky-boudy-a-dvirka-pro-psy\/"},{"@type":"ListItem","position":6,"name":"Pel\u00ed\u0161ky pro psy","item":"https:\/\/shopatoa.com\/cz\/pelisky-pro-psy\/"},{"@type":"ListItem","position":7,"name":"Kuka\u0148 Kelly st\u0159\u00edbrn\u00e1\/modr\u00e1"}]},{"@type":"WebSite","@id":"https:\/\/shopatoa.com\/cz\/#website","url":"https:\/\/shopatoa.com\/cz\/","name":"SHOPATOA","description":"","publisher":{"@id":"https:\/\/shopatoa.com\/cz\/#organization"},"potentialAction":[{"@type":"SearchAction","target":{"@type":"EntryPoint","urlTemplate":"https:\/\/shopatoa.com\/cz\/?s={search_term_string}"},"query-input":{"@type":"PropertyValueSpecification","valueRequired":true,"valueName":"search_term_string"}}],"inLanguage":"cs"},{"@type":"Organization","@id":"https:\/\/shopatoa.com\/cz\/#organization","name":"SHOPATOA Digital s.r.o.","url":"https:\/\/shopatoa.com\/cz\/","logo":{"@type":"ImageObject","inLanguage":"cs","@id":"https:\/\/shopatoa.com\/cz\/#\/schema\/logo\/image\/","url":"https:\/\/storage.googleapis.com\/cz-shopatoa-img\/cz\/ebccf434-shopatoa_logo.png","contentUrl":"https:\/\/storage.googleapis.com\/cz-shopatoa-img\/cz\/ebccf434-shopatoa_logo.png","width":416,"height":63,"caption":"SHOPATOA Digital s.r.o."},"image":{"@id":"https:\/\/shopatoa.com\/cz\/#\/schema\/logo\/image\/"}}]}},"_links":{"self":[{"href":"https:\/\/shopatoa.com\/cz\/wp-json\/wp\/v2\/product\/253086","targetHints":{"allow":["GET"]}}],"collection":[{"href":"https:\/\/shopatoa.com\/cz\/wp-json\/wp\/v2\/product"}],"about":[{"href":"https:\/\/shopatoa.com\/cz\/wp-json\/wp\/v2\/types\/product"}],"replies":[{"embeddable":true,"href":"https:\/\/shopatoa.com\/cz\/wp-json\/wp\/v2\/comments?post=253086"}],"wp:featuredmedia":[{"embeddable":true,"href":"https:\/\/shopatoa.com\/cz\/wp-json\/wp\/v2\/media\/253087"}],"wp:attachment":[{"href":"https:\/\/shopatoa.com\/cz\/wp-json\/wp\/v2\/media?parent=253086"}],"wp:term":[{"taxonomy":"product_brand","embeddable":true,"href":"https:\/\/shopatoa.com\/cz\/wp-json\/wp\/v2\/product_brand?post=253086"},{"taxonomy":"product_cat","embeddable":true,"href":"https:\/\/shopatoa.com\/cz\/wp-json\/wp\/v2\/product_cat?post=253086"},{"taxonomy":"product_tag","embeddable":true,"href":"https:\/\/shopatoa.com\/cz\/wp-json\/wp\/v2\/product_tag?post=253086"}],"curies":[{"name":"wp","href":"https:\/\/api.w.org\/{rel}","templated":true}]}}