{"id":253114,"date":"2025-04-03T16:50:14","date_gmt":"2025-04-03T14:50:14","guid":{"rendered":"https:\/\/shopatoa.com\/cz\/?post_type=product&#038;p=253114"},"modified":"2025-05-16T14:58:38","modified_gmt":"2025-05-16T12:58:38","slug":"taste-of-the-wild-high-prairie-puppy-2kg","status":"publish","type":"product","link":"https:\/\/shopatoa.com\/cz\/taste-of-the-wild-high-prairie-puppy-2kg\/","title":{"rendered":"Taste of the Wild High Prairie Puppy 2kg"},"content":{"rendered":"<p>Vyv\u00e1\u017een\u00e9 a chutn\u00e9 krmivo\u00a0pro \u0161t\u011b\u0148ata a dosp\u00edvaj\u00edc\u00ed psy a \u0161t\u011b\u0148ata v\u0161ech plemen. Neobsahuje obiloviny.<\/p>\n<p>\tBizon, jehn\u011b\u010d\u00ed a jelen poskytuj\u00ed vysoce kvalitn\u00ed b\u00edlkoviny a nab\u00edz\u00ed vydatnou chu\u0165. Jsou vz\u00e1cn\u00fdm zdrojem b\u00edlkovin a maj\u00ed n\u00edzk\u00fd alergenn\u00ed potenci\u00e1l.<br \/>\n\tLehce straviteln\u00e9 bat\u00e1ty, obsahuj\u00ed spoustu vl\u00e1kniny, vitam\u00edn\u016f a d\u016fle\u017eit\u00e9ho \u017eeleza, v\u00e1pn\u00edku a beta-karotenu.<br \/>\n\tLososov\u00fd olej je zdrojem DHA, omega 3 mastn\u00fdch kyselin, kter\u00e9 jsou d\u016fle\u017eit\u00e9\u00a0pro spr\u00e1vn\u00fd v\u00fdvoj mozku, zraku a kloub\u016f.<br \/>\n\tKrmivo d\u00edky obsahu p\u0159\u00edrodn\u00edch antioxidant\u016f\u00a0ochra\u0148uje organismus proti voln\u00fdm radik\u00e1l\u016fm a posiluje imunitn\u00ed syst\u00e9m.<br \/>\n\tPodporu zdrav\u00e9ho tr\u00e1ven\u00ed a vyv\u00e1\u017een\u00e9 st\u0159evn\u00ed mikrofll\u00f3ry zaji\u0161\u0165uje p\u0159\u00eddavek \u010dekanky a yuccy, kter\u00e9 poskytuj\u00ed prebioticky p\u016fsob\u00edc\u00ed inulin.<\/p>\n<p>Krmivo neobsahuje\u00a0jate\u010dn\u00ed odpad, rostlinn\u00e9 a \u017eivo\u010di\u0161n\u00e9 vedlej\u0161\u00ed produkty, barviva a ochucovadla.<\/p>\n<p>Slo\u017een\u00ed<\/p>\n<p>bizon, jehn\u011b\u010d\u00ed masov\u00e1 mou\u010dka, bat\u00e1ty, vejce, hr\u00e1\u0161kov\u00e1 b\u00edlkovina, hr\u00e1\u0161ek, brambory, \u0159epkov\u00fd olej, raj\u010datov\u00e9 v\u00fdlisky, pe\u010den\u00fd jelen, pe\u010den\u00fd&#8230;<\/p>\n","protected":false},"excerpt":{"rendered":"<p>Vyv\u00e1\u017een\u00e9 a chutn\u00e9 krmivo\u00a0pro \u0161t\u011b\u0148ata a dosp\u00edvaj\u00edc\u00ed psy a \u0161t\u011b\u0148ata v\u0161ech plemen. Neobsahuje obiloviny. Bizon, jehn\u011b\u010d\u00ed a jelen poskytuj\u00ed vysoce kvalitn\u00ed b\u00edlkoviny a nab\u00edz\u00ed vydatnou chu\u0165. Jsou vz\u00e1cn\u00fdm zdrojem b\u00edlkovin a maj\u00ed n\u00edzk\u00fd alergenn\u00ed potenci\u00e1l. Lehce straviteln\u00e9 bat\u00e1ty, obsahuj\u00ed spoustu vl\u00e1kniny, vitam\u00edn\u016f a d\u016fle\u017eit\u00e9ho \u017eeleza, v\u00e1pn\u00edku a beta-karotenu. Lososov\u00fd olej je zdrojem DHA, omega 3&#8230;<\/p>\n","protected":false},"featured_media":253115,"comment_status":"closed","ping_status":"open","template":"","meta":{"_acf_changed":false,"_kadence_starter_templates_imported_post":false,"_kad_post_transparent":"","_kad_post_title":"","_kad_post_layout":"","_kad_post_sidebar_id":"","_kad_post_content_style":"","_kad_post_vertical_padding":"","_kad_post_feature":"","_kad_post_feature_position":"","_kad_post_header":false,"_kad_post_footer":false,"_kad_post_classname":""},"product_brand":[2746],"product_cat":[436,2569,2568,739],"product_tag":[],"class_list":{"0":"post-253114","1":"product","2":"type-product","3":"status-publish","4":"has-post-thumbnail","6":"product_brand-taste-of-the-wild","7":"product_cat-chovatelske-potreby-2","8":"product_cat-granule-pro-psy","9":"product_cat-krmivo-pro-psy-pro-psy-chovatelske-potreby-2","10":"product_cat-pro-psy-chovatelske-potreby-2","11":"pa_obchod-superzoo-cz","13":"first","14":"instock","15":"product-type-external","16":"entry","17":"content-bg","18":"loop-entry"},"acf":[],"yoast_head":"<!-- This site is optimized with the Yoast SEO plugin v27.4 - https:\/\/yoast.com\/product\/yoast-seo-wordpress\/ -->\n<title>Taste of the Wild High Prairie Puppy 2kg - SHOPATOA.COM<\/title>\n<meta name=\"robots\" content=\"index, follow, max-snippet:-1, max-image-preview:large, max-video-preview:-1\" \/>\n<link rel=\"canonical\" href=\"https:\/\/shopatoa.com\/cz\/taste-of-the-wild-high-prairie-puppy-2kg\/\" \/>\n<meta property=\"og:locale\" content=\"cs_CZ\" \/>\n<meta property=\"og:type\" content=\"article\" \/>\n<meta property=\"og:title\" content=\"Taste of the Wild High Prairie Puppy 2kg - SHOPATOA.COM\" \/>\n<meta property=\"og:description\" content=\"Vyv\u00e1\u017een\u00e9 a chutn\u00e9 krmivo\u00a0pro \u0161t\u011b\u0148ata a dosp\u00edvaj\u00edc\u00ed psy a \u0161t\u011b\u0148ata v\u0161ech plemen. Neobsahuje obiloviny. Bizon, jehn\u011b\u010d\u00ed a jelen poskytuj\u00ed vysoce kvalitn\u00ed b\u00edlkoviny a nab\u00edz\u00ed vydatnou chu\u0165. Jsou vz\u00e1cn\u00fdm zdrojem b\u00edlkovin a maj\u00ed n\u00edzk\u00fd alergenn\u00ed potenci\u00e1l. Lehce straviteln\u00e9 bat\u00e1ty, obsahuj\u00ed spoustu vl\u00e1kniny, vitam\u00edn\u016f a d\u016fle\u017eit\u00e9ho \u017eeleza, v\u00e1pn\u00edku a beta-karotenu. Lososov\u00fd olej je zdrojem DHA, omega 3...\" \/>\n<meta property=\"og:url\" content=\"https:\/\/shopatoa.com\/cz\/taste-of-the-wild-high-prairie-puppy-2kg\/\" \/>\n<meta property=\"og:site_name\" content=\"SHOPATOA\" \/>\n<meta property=\"article:modified_time\" content=\"2025-05-16T12:58:38+00:00\" \/>\n<meta property=\"og:image\" content=\"https:\/\/storage.googleapis.com\/cz-shopatoa-img\/cz\/53814f9d-1_83335.jpg\" \/>\n\t<meta property=\"og:image:width\" content=\"600\" \/>\n\t<meta property=\"og:image:height\" content=\"600\" \/>\n\t<meta property=\"og:image:type\" content=\"image\/jpeg\" \/>\n<meta name=\"twitter:card\" content=\"summary_large_image\" \/>\n<meta name=\"twitter:label1\" content=\"Odhadovan\u00e1 doba \u010dten\u00ed\" \/>\n\t<meta name=\"twitter:data1\" content=\"1 minuta\" \/>\n<script type=\"application\/ld+json\" class=\"yoast-schema-graph\">{\"@context\":\"https:\\\/\\\/schema.org\",\"@graph\":[{\"@type\":\"WebPage\",\"@id\":\"https:\\\/\\\/shopatoa.com\\\/cz\\\/taste-of-the-wild-high-prairie-puppy-2kg\\\/\",\"url\":\"https:\\\/\\\/shopatoa.com\\\/cz\\\/taste-of-the-wild-high-prairie-puppy-2kg\\\/\",\"name\":\"Taste of the Wild High Prairie Puppy 2kg - SHOPATOA.COM\",\"isPartOf\":{\"@id\":\"https:\\\/\\\/shopatoa.com\\\/cz\\\/#website\"},\"primaryImageOfPage\":{\"@id\":\"https:\\\/\\\/shopatoa.com\\\/cz\\\/taste-of-the-wild-high-prairie-puppy-2kg\\\/#primaryimage\"},\"image\":{\"@id\":\"https:\\\/\\\/shopatoa.com\\\/cz\\\/taste-of-the-wild-high-prairie-puppy-2kg\\\/#primaryimage\"},\"thumbnailUrl\":\"https:\\\/\\\/storage.googleapis.com\\\/cz-shopatoa-img\\\/cz\\\/53814f9d-1_83335.jpg\",\"datePublished\":\"2025-04-03T14:50:14+00:00\",\"dateModified\":\"2025-05-16T12:58:38+00:00\",\"breadcrumb\":{\"@id\":\"https:\\\/\\\/shopatoa.com\\\/cz\\\/taste-of-the-wild-high-prairie-puppy-2kg\\\/#breadcrumb\"},\"inLanguage\":\"cs\",\"potentialAction\":[{\"@type\":\"ReadAction\",\"target\":[\"https:\\\/\\\/shopatoa.com\\\/cz\\\/taste-of-the-wild-high-prairie-puppy-2kg\\\/\"]}]},{\"@type\":\"ImageObject\",\"inLanguage\":\"cs\",\"@id\":\"https:\\\/\\\/shopatoa.com\\\/cz\\\/taste-of-the-wild-high-prairie-puppy-2kg\\\/#primaryimage\",\"url\":\"https:\\\/\\\/storage.googleapis.com\\\/cz-shopatoa-img\\\/cz\\\/53814f9d-1_83335.jpg\",\"contentUrl\":\"https:\\\/\\\/storage.googleapis.com\\\/cz-shopatoa-img\\\/cz\\\/53814f9d-1_83335.jpg\",\"width\":600,\"height\":600},{\"@type\":\"BreadcrumbList\",\"@id\":\"https:\\\/\\\/shopatoa.com\\\/cz\\\/taste-of-the-wild-high-prairie-puppy-2kg\\\/#breadcrumb\",\"itemListElement\":[{\"@type\":\"ListItem\",\"position\":1,\"name\":\"Dom\u016f\",\"item\":\"https:\\\/\\\/shopatoa.com\\\/cz\\\/\"},{\"@type\":\"ListItem\",\"position\":2,\"name\":\"Produkty\",\"item\":\"https:\\\/\\\/shopatoa.com\\\/cz\\\/shop\\\/\"},{\"@type\":\"ListItem\",\"position\":3,\"name\":\"Chovatelsk\u00e9 pot\u0159eby\",\"item\":\"https:\\\/\\\/shopatoa.com\\\/cz\\\/chovatelske-potreby-2\\\/\"},{\"@type\":\"ListItem\",\"position\":4,\"name\":\"Pro psy\",\"item\":\"https:\\\/\\\/shopatoa.com\\\/cz\\\/pro-psy-chovatelske-potreby-2\\\/\"},{\"@type\":\"ListItem\",\"position\":5,\"name\":\"Krmivo pro psy\",\"item\":\"https:\\\/\\\/shopatoa.com\\\/cz\\\/krmivo-pro-psy-pro-psy-chovatelske-potreby-2\\\/\"},{\"@type\":\"ListItem\",\"position\":6,\"name\":\"Granule pro psy\",\"item\":\"https:\\\/\\\/shopatoa.com\\\/cz\\\/granule-pro-psy\\\/\"},{\"@type\":\"ListItem\",\"position\":7,\"name\":\"Taste of the Wild High Prairie Puppy 2kg\"}]},{\"@type\":\"WebSite\",\"@id\":\"https:\\\/\\\/shopatoa.com\\\/cz\\\/#website\",\"url\":\"https:\\\/\\\/shopatoa.com\\\/cz\\\/\",\"name\":\"SHOPATOA\",\"description\":\"\",\"publisher\":{\"@id\":\"https:\\\/\\\/shopatoa.com\\\/cz\\\/#organization\"},\"potentialAction\":[{\"@type\":\"SearchAction\",\"target\":{\"@type\":\"EntryPoint\",\"urlTemplate\":\"https:\\\/\\\/shopatoa.com\\\/cz\\\/?s={search_term_string}\"},\"query-input\":{\"@type\":\"PropertyValueSpecification\",\"valueRequired\":true,\"valueName\":\"search_term_string\"}}],\"inLanguage\":\"cs\"},{\"@type\":\"Organization\",\"@id\":\"https:\\\/\\\/shopatoa.com\\\/cz\\\/#organization\",\"name\":\"SHOPATOA Digital s.r.o.\",\"url\":\"https:\\\/\\\/shopatoa.com\\\/cz\\\/\",\"logo\":{\"@type\":\"ImageObject\",\"inLanguage\":\"cs\",\"@id\":\"https:\\\/\\\/shopatoa.com\\\/cz\\\/#\\\/schema\\\/logo\\\/image\\\/\",\"url\":\"https:\\\/\\\/storage.googleapis.com\\\/cz-shopatoa-img\\\/cz\\\/ebccf434-shopatoa_logo.png\",\"contentUrl\":\"https:\\\/\\\/storage.googleapis.com\\\/cz-shopatoa-img\\\/cz\\\/ebccf434-shopatoa_logo.png\",\"width\":416,\"height\":63,\"caption\":\"SHOPATOA Digital s.r.o.\"},\"image\":{\"@id\":\"https:\\\/\\\/shopatoa.com\\\/cz\\\/#\\\/schema\\\/logo\\\/image\\\/\"}}]}<\/script>\n<!-- \/ Yoast SEO plugin. -->","yoast_head_json":{"title":"Taste of the Wild High Prairie Puppy 2kg - SHOPATOA.COM","robots":{"index":"index","follow":"follow","max-snippet":"max-snippet:-1","max-image-preview":"max-image-preview:large","max-video-preview":"max-video-preview:-1"},"canonical":"https:\/\/shopatoa.com\/cz\/taste-of-the-wild-high-prairie-puppy-2kg\/","og_locale":"cs_CZ","og_type":"article","og_title":"Taste of the Wild High Prairie Puppy 2kg - SHOPATOA.COM","og_description":"Vyv\u00e1\u017een\u00e9 a chutn\u00e9 krmivo\u00a0pro \u0161t\u011b\u0148ata a dosp\u00edvaj\u00edc\u00ed psy a \u0161t\u011b\u0148ata v\u0161ech plemen. Neobsahuje obiloviny. Bizon, jehn\u011b\u010d\u00ed a jelen poskytuj\u00ed vysoce kvalitn\u00ed b\u00edlkoviny a nab\u00edz\u00ed vydatnou chu\u0165. Jsou vz\u00e1cn\u00fdm zdrojem b\u00edlkovin a maj\u00ed n\u00edzk\u00fd alergenn\u00ed potenci\u00e1l. Lehce straviteln\u00e9 bat\u00e1ty, obsahuj\u00ed spoustu vl\u00e1kniny, vitam\u00edn\u016f a d\u016fle\u017eit\u00e9ho \u017eeleza, v\u00e1pn\u00edku a beta-karotenu. Lososov\u00fd olej je zdrojem DHA, omega 3...","og_url":"https:\/\/shopatoa.com\/cz\/taste-of-the-wild-high-prairie-puppy-2kg\/","og_site_name":"SHOPATOA","article_modified_time":"2025-05-16T12:58:38+00:00","og_image":[{"width":600,"height":600,"url":"https:\/\/storage.googleapis.com\/cz-shopatoa-img\/cz\/53814f9d-1_83335.jpg","type":"image\/jpeg"}],"twitter_card":"summary_large_image","twitter_misc":{"Odhadovan\u00e1 doba \u010dten\u00ed":"1 minuta"},"schema":{"@context":"https:\/\/schema.org","@graph":[{"@type":"WebPage","@id":"https:\/\/shopatoa.com\/cz\/taste-of-the-wild-high-prairie-puppy-2kg\/","url":"https:\/\/shopatoa.com\/cz\/taste-of-the-wild-high-prairie-puppy-2kg\/","name":"Taste of the Wild High Prairie Puppy 2kg - SHOPATOA.COM","isPartOf":{"@id":"https:\/\/shopatoa.com\/cz\/#website"},"primaryImageOfPage":{"@id":"https:\/\/shopatoa.com\/cz\/taste-of-the-wild-high-prairie-puppy-2kg\/#primaryimage"},"image":{"@id":"https:\/\/shopatoa.com\/cz\/taste-of-the-wild-high-prairie-puppy-2kg\/#primaryimage"},"thumbnailUrl":"https:\/\/storage.googleapis.com\/cz-shopatoa-img\/cz\/53814f9d-1_83335.jpg","datePublished":"2025-04-03T14:50:14+00:00","dateModified":"2025-05-16T12:58:38+00:00","breadcrumb":{"@id":"https:\/\/shopatoa.com\/cz\/taste-of-the-wild-high-prairie-puppy-2kg\/#breadcrumb"},"inLanguage":"cs","potentialAction":[{"@type":"ReadAction","target":["https:\/\/shopatoa.com\/cz\/taste-of-the-wild-high-prairie-puppy-2kg\/"]}]},{"@type":"ImageObject","inLanguage":"cs","@id":"https:\/\/shopatoa.com\/cz\/taste-of-the-wild-high-prairie-puppy-2kg\/#primaryimage","url":"https:\/\/storage.googleapis.com\/cz-shopatoa-img\/cz\/53814f9d-1_83335.jpg","contentUrl":"https:\/\/storage.googleapis.com\/cz-shopatoa-img\/cz\/53814f9d-1_83335.jpg","width":600,"height":600},{"@type":"BreadcrumbList","@id":"https:\/\/shopatoa.com\/cz\/taste-of-the-wild-high-prairie-puppy-2kg\/#breadcrumb","itemListElement":[{"@type":"ListItem","position":1,"name":"Dom\u016f","item":"https:\/\/shopatoa.com\/cz\/"},{"@type":"ListItem","position":2,"name":"Produkty","item":"https:\/\/shopatoa.com\/cz\/shop\/"},{"@type":"ListItem","position":3,"name":"Chovatelsk\u00e9 pot\u0159eby","item":"https:\/\/shopatoa.com\/cz\/chovatelske-potreby-2\/"},{"@type":"ListItem","position":4,"name":"Pro psy","item":"https:\/\/shopatoa.com\/cz\/pro-psy-chovatelske-potreby-2\/"},{"@type":"ListItem","position":5,"name":"Krmivo pro psy","item":"https:\/\/shopatoa.com\/cz\/krmivo-pro-psy-pro-psy-chovatelske-potreby-2\/"},{"@type":"ListItem","position":6,"name":"Granule pro psy","item":"https:\/\/shopatoa.com\/cz\/granule-pro-psy\/"},{"@type":"ListItem","position":7,"name":"Taste of the Wild High Prairie Puppy 2kg"}]},{"@type":"WebSite","@id":"https:\/\/shopatoa.com\/cz\/#website","url":"https:\/\/shopatoa.com\/cz\/","name":"SHOPATOA","description":"","publisher":{"@id":"https:\/\/shopatoa.com\/cz\/#organization"},"potentialAction":[{"@type":"SearchAction","target":{"@type":"EntryPoint","urlTemplate":"https:\/\/shopatoa.com\/cz\/?s={search_term_string}"},"query-input":{"@type":"PropertyValueSpecification","valueRequired":true,"valueName":"search_term_string"}}],"inLanguage":"cs"},{"@type":"Organization","@id":"https:\/\/shopatoa.com\/cz\/#organization","name":"SHOPATOA Digital s.r.o.","url":"https:\/\/shopatoa.com\/cz\/","logo":{"@type":"ImageObject","inLanguage":"cs","@id":"https:\/\/shopatoa.com\/cz\/#\/schema\/logo\/image\/","url":"https:\/\/storage.googleapis.com\/cz-shopatoa-img\/cz\/ebccf434-shopatoa_logo.png","contentUrl":"https:\/\/storage.googleapis.com\/cz-shopatoa-img\/cz\/ebccf434-shopatoa_logo.png","width":416,"height":63,"caption":"SHOPATOA Digital s.r.o."},"image":{"@id":"https:\/\/shopatoa.com\/cz\/#\/schema\/logo\/image\/"}}]}},"_links":{"self":[{"href":"https:\/\/shopatoa.com\/cz\/wp-json\/wp\/v2\/product\/253114","targetHints":{"allow":["GET"]}}],"collection":[{"href":"https:\/\/shopatoa.com\/cz\/wp-json\/wp\/v2\/product"}],"about":[{"href":"https:\/\/shopatoa.com\/cz\/wp-json\/wp\/v2\/types\/product"}],"replies":[{"embeddable":true,"href":"https:\/\/shopatoa.com\/cz\/wp-json\/wp\/v2\/comments?post=253114"}],"wp:featuredmedia":[{"embeddable":true,"href":"https:\/\/shopatoa.com\/cz\/wp-json\/wp\/v2\/media\/253115"}],"wp:attachment":[{"href":"https:\/\/shopatoa.com\/cz\/wp-json\/wp\/v2\/media?parent=253114"}],"wp:term":[{"taxonomy":"product_brand","embeddable":true,"href":"https:\/\/shopatoa.com\/cz\/wp-json\/wp\/v2\/product_brand?post=253114"},{"taxonomy":"product_cat","embeddable":true,"href":"https:\/\/shopatoa.com\/cz\/wp-json\/wp\/v2\/product_cat?post=253114"},{"taxonomy":"product_tag","embeddable":true,"href":"https:\/\/shopatoa.com\/cz\/wp-json\/wp\/v2\/product_tag?post=253114"}],"curies":[{"name":"wp","href":"https:\/\/api.w.org\/{rel}","templated":true}]}}