{"id":253152,"date":"2025-04-03T16:56:11","date_gmt":"2025-04-03T14:56:11","guid":{"rendered":"https:\/\/shopatoa.com\/cz\/?post_type=product&#038;p=253152"},"modified":"2026-02-03T22:31:24","modified_gmt":"2026-02-03T21:31:24","slug":"carnilove-true-fresh-junior-large-breed-kure-114kg","status":"publish","type":"product","link":"https:\/\/shopatoa.com\/cz\/carnilove-true-fresh-junior-large-breed-kure-114kg\/","title":{"rendered":"Carnilove True Fresh Junior Large Breed ku\u0159e 11,4kg"},"content":{"rendered":"<p>Holistick\u00e9 krmivo vhodn\u00e9\u00a0pro mlad\u00e9 psy velk\u00fdch a ob\u0159\u00edch plemen.\u00a0Receptura obsahuje\u00a0vysok\u00fd pod\u00edl \u010derstv\u00e9ho ku\u0159ec\u00edho z farem a lok\u00e1ln\u00edch zdroj\u016f.\u00a0Vysoce kvalitn\u00ed b\u00edlkoviny pom\u00e1haj\u00ed udr\u017eovat siln\u00e9 a \u0161t\u00edhl\u00e9 svaly, zat\u00edmco vaje\u010dn\u00e9 sko\u0159\u00e1pky a sl\u00e1vka zeleno\u00fast\u00e1 podporuj\u00ed spr\u00e1vn\u00fd v\u00fdvoj zub\u016f, kloub\u016f a kost\u00ed. Pohanka je zdrojem lysinu, kter\u00fd je nezbytn\u00fd pro r\u016fst a regeneraci tk\u00e1n\u00ed, a podporuje tak\u00e9 vst\u0159eb\u00e1v\u00e1n\u00ed v\u00e1pn\u00edku, co\u017e je d\u016fle\u017eit\u00e9 pro \u0161t\u011b\u0148ata velk\u00fdch plemen. Krom\u011b toho jsou pohanka a \u010do\u010dka p\u0159irozen\u00fdm zdrojem rostlinn\u00fdch b\u00edlkovin a miner\u00e1ln\u00edch l\u00e1tek pot\u0159ebn\u00fdch pro zdrav\u00fd metabolismus a pom\u00e1haj\u00ed tak\u00e9 udr\u017eovat optim\u00e1ln\u00ed t\u011blesnou hmotnost. Lososov\u00fd olej m\u00e1 protiz\u00e1n\u011btliv\u00e9 a pozitivn\u00ed \u00fa\u010dinky na srst a k\u016f\u017ei va\u0161eho psa a potenci\u00e1ln\u011b sni\u017euje vznik ko\u017en\u00edch alergi\u00ed.<\/p>\n<p>\tVyrobeno\u00a0pouze z \u010derstv\u00e9ho masa\u00a0\u2013 Bez pou\u017eit\u00ed masov\u00fdch mou\u010dek.<br \/>\n\tP\u0159irozen\u00e1 forma v\u00fd\u017eivy s\u00a0vynikaj\u00edc\u00ed chutnost\u00ed a vysokou stravitelnost\u00ed.<br \/>\n\tChondroprotektiva\u00a0pro podporu zdrav\u00e9ho v\u00fdvoje pohybov\u00e9ho apar\u00e1tu.<br \/>\n\tOmega mastn\u00e9 kyseliny pro&#8230;<\/p>\n","protected":false},"excerpt":{"rendered":"<p>Holistick\u00e9 krmivo vhodn\u00e9\u00a0pro mlad\u00e9 psy velk\u00fdch a ob\u0159\u00edch plemen.\u00a0Receptura obsahuje\u00a0vysok\u00fd pod\u00edl \u010derstv\u00e9ho ku\u0159ec\u00edho z farem a lok\u00e1ln\u00edch zdroj\u016f.\u00a0Vysoce kvalitn\u00ed b\u00edlkoviny pom\u00e1haj\u00ed udr\u017eovat siln\u00e9 a \u0161t\u00edhl\u00e9 svaly, zat\u00edmco vaje\u010dn\u00e9 sko\u0159\u00e1pky a sl\u00e1vka zeleno\u00fast\u00e1 podporuj\u00ed spr\u00e1vn\u00fd v\u00fdvoj zub\u016f, kloub\u016f a kost\u00ed. Pohanka je zdrojem lysinu, kter\u00fd je nezbytn\u00fd pro r\u016fst a regeneraci tk\u00e1n\u00ed, a podporuje tak\u00e9 vst\u0159eb\u00e1v\u00e1n\u00ed&#8230;<\/p>\n","protected":false},"featured_media":253153,"comment_status":"closed","ping_status":"open","template":"","meta":{"_acf_changed":false,"_kadence_starter_templates_imported_post":false,"_kad_post_transparent":"","_kad_post_title":"","_kad_post_layout":"","_kad_post_sidebar_id":"","_kad_post_content_style":"","_kad_post_vertical_padding":"","_kad_post_feature":"","_kad_post_feature_position":"","_kad_post_header":false,"_kad_post_footer":false,"_kad_post_classname":""},"product_brand":[2684],"product_cat":[436,2569,2568,739],"product_tag":[],"class_list":{"0":"post-253152","1":"product","2":"type-product","3":"status-publish","4":"has-post-thumbnail","6":"product_brand-carnilove","7":"product_cat-chovatelske-potreby-2","8":"product_cat-granule-pro-psy","9":"product_cat-krmivo-pro-psy-pro-psy-chovatelske-potreby-2","10":"product_cat-pro-psy-chovatelske-potreby-2","11":"pa_obchod-superzoo-cz","13":"first","14":"instock","15":"product-type-external","16":"entry","17":"content-bg","18":"loop-entry"},"acf":[],"yoast_head":"<!-- This site is optimized with the Yoast SEO plugin v27.4 - https:\/\/yoast.com\/product\/yoast-seo-wordpress\/ -->\n<title>Carnilove True Fresh Junior Large Breed ku\u0159e 11,4kg - SHOPATOA.COM<\/title>\n<meta name=\"robots\" content=\"index, follow, max-snippet:-1, max-image-preview:large, max-video-preview:-1\" \/>\n<link rel=\"canonical\" href=\"https:\/\/shopatoa.com\/cz\/carnilove-true-fresh-junior-large-breed-kure-114kg\/\" \/>\n<meta property=\"og:locale\" content=\"cs_CZ\" \/>\n<meta property=\"og:type\" content=\"article\" \/>\n<meta property=\"og:title\" content=\"Carnilove True Fresh Junior Large Breed ku\u0159e 11,4kg - SHOPATOA.COM\" \/>\n<meta property=\"og:description\" content=\"Holistick\u00e9 krmivo vhodn\u00e9\u00a0pro mlad\u00e9 psy velk\u00fdch a ob\u0159\u00edch plemen.\u00a0Receptura obsahuje\u00a0vysok\u00fd pod\u00edl \u010derstv\u00e9ho ku\u0159ec\u00edho z farem a lok\u00e1ln\u00edch zdroj\u016f.\u00a0Vysoce kvalitn\u00ed b\u00edlkoviny pom\u00e1haj\u00ed udr\u017eovat siln\u00e9 a \u0161t\u00edhl\u00e9 svaly, zat\u00edmco vaje\u010dn\u00e9 sko\u0159\u00e1pky a sl\u00e1vka zeleno\u00fast\u00e1 podporuj\u00ed spr\u00e1vn\u00fd v\u00fdvoj zub\u016f, kloub\u016f a kost\u00ed. Pohanka je zdrojem lysinu, kter\u00fd je nezbytn\u00fd pro r\u016fst a regeneraci tk\u00e1n\u00ed, a podporuje tak\u00e9 vst\u0159eb\u00e1v\u00e1n\u00ed...\" \/>\n<meta property=\"og:url\" content=\"https:\/\/shopatoa.com\/cz\/carnilove-true-fresh-junior-large-breed-kure-114kg\/\" \/>\n<meta property=\"og:site_name\" content=\"SHOPATOA\" \/>\n<meta property=\"article:modified_time\" content=\"2026-02-03T21:31:24+00:00\" \/>\n<meta property=\"og:image\" content=\"https:\/\/storage.googleapis.com\/cz-shopatoa-img\/cz\/fe67133f-1_83370.jpg\" \/>\n\t<meta property=\"og:image:width\" content=\"600\" \/>\n\t<meta property=\"og:image:height\" content=\"600\" \/>\n\t<meta property=\"og:image:type\" content=\"image\/jpeg\" \/>\n<meta name=\"twitter:card\" content=\"summary_large_image\" \/>\n<meta name=\"twitter:label1\" content=\"Odhadovan\u00e1 doba \u010dten\u00ed\" \/>\n\t<meta name=\"twitter:data1\" content=\"1 minuta\" \/>\n<script type=\"application\/ld+json\" class=\"yoast-schema-graph\">{\"@context\":\"https:\\\/\\\/schema.org\",\"@graph\":[{\"@type\":\"WebPage\",\"@id\":\"https:\\\/\\\/shopatoa.com\\\/cz\\\/carnilove-true-fresh-junior-large-breed-kure-114kg\\\/\",\"url\":\"https:\\\/\\\/shopatoa.com\\\/cz\\\/carnilove-true-fresh-junior-large-breed-kure-114kg\\\/\",\"name\":\"Carnilove True Fresh Junior Large Breed ku\u0159e 11,4kg - SHOPATOA.COM\",\"isPartOf\":{\"@id\":\"https:\\\/\\\/shopatoa.com\\\/cz\\\/#website\"},\"primaryImageOfPage\":{\"@id\":\"https:\\\/\\\/shopatoa.com\\\/cz\\\/carnilove-true-fresh-junior-large-breed-kure-114kg\\\/#primaryimage\"},\"image\":{\"@id\":\"https:\\\/\\\/shopatoa.com\\\/cz\\\/carnilove-true-fresh-junior-large-breed-kure-114kg\\\/#primaryimage\"},\"thumbnailUrl\":\"https:\\\/\\\/storage.googleapis.com\\\/cz-shopatoa-img\\\/cz\\\/fe67133f-1_83370.jpg\",\"datePublished\":\"2025-04-03T14:56:11+00:00\",\"dateModified\":\"2026-02-03T21:31:24+00:00\",\"breadcrumb\":{\"@id\":\"https:\\\/\\\/shopatoa.com\\\/cz\\\/carnilove-true-fresh-junior-large-breed-kure-114kg\\\/#breadcrumb\"},\"inLanguage\":\"cs\",\"potentialAction\":[{\"@type\":\"ReadAction\",\"target\":[\"https:\\\/\\\/shopatoa.com\\\/cz\\\/carnilove-true-fresh-junior-large-breed-kure-114kg\\\/\"]}]},{\"@type\":\"ImageObject\",\"inLanguage\":\"cs\",\"@id\":\"https:\\\/\\\/shopatoa.com\\\/cz\\\/carnilove-true-fresh-junior-large-breed-kure-114kg\\\/#primaryimage\",\"url\":\"https:\\\/\\\/storage.googleapis.com\\\/cz-shopatoa-img\\\/cz\\\/fe67133f-1_83370.jpg\",\"contentUrl\":\"https:\\\/\\\/storage.googleapis.com\\\/cz-shopatoa-img\\\/cz\\\/fe67133f-1_83370.jpg\",\"width\":600,\"height\":600},{\"@type\":\"BreadcrumbList\",\"@id\":\"https:\\\/\\\/shopatoa.com\\\/cz\\\/carnilove-true-fresh-junior-large-breed-kure-114kg\\\/#breadcrumb\",\"itemListElement\":[{\"@type\":\"ListItem\",\"position\":1,\"name\":\"Dom\u016f\",\"item\":\"https:\\\/\\\/shopatoa.com\\\/cz\\\/\"},{\"@type\":\"ListItem\",\"position\":2,\"name\":\"Produkty\",\"item\":\"https:\\\/\\\/shopatoa.com\\\/cz\\\/shop\\\/\"},{\"@type\":\"ListItem\",\"position\":3,\"name\":\"Chovatelsk\u00e9 pot\u0159eby\",\"item\":\"https:\\\/\\\/shopatoa.com\\\/cz\\\/chovatelske-potreby-2\\\/\"},{\"@type\":\"ListItem\",\"position\":4,\"name\":\"Pro psy\",\"item\":\"https:\\\/\\\/shopatoa.com\\\/cz\\\/pro-psy-chovatelske-potreby-2\\\/\"},{\"@type\":\"ListItem\",\"position\":5,\"name\":\"Krmivo pro psy\",\"item\":\"https:\\\/\\\/shopatoa.com\\\/cz\\\/krmivo-pro-psy-pro-psy-chovatelske-potreby-2\\\/\"},{\"@type\":\"ListItem\",\"position\":6,\"name\":\"Granule pro psy\",\"item\":\"https:\\\/\\\/shopatoa.com\\\/cz\\\/granule-pro-psy\\\/\"},{\"@type\":\"ListItem\",\"position\":7,\"name\":\"Carnilove True Fresh Junior Large Breed ku\u0159e 11,4kg\"}]},{\"@type\":\"WebSite\",\"@id\":\"https:\\\/\\\/shopatoa.com\\\/cz\\\/#website\",\"url\":\"https:\\\/\\\/shopatoa.com\\\/cz\\\/\",\"name\":\"SHOPATOA\",\"description\":\"\",\"publisher\":{\"@id\":\"https:\\\/\\\/shopatoa.com\\\/cz\\\/#organization\"},\"potentialAction\":[{\"@type\":\"SearchAction\",\"target\":{\"@type\":\"EntryPoint\",\"urlTemplate\":\"https:\\\/\\\/shopatoa.com\\\/cz\\\/?s={search_term_string}\"},\"query-input\":{\"@type\":\"PropertyValueSpecification\",\"valueRequired\":true,\"valueName\":\"search_term_string\"}}],\"inLanguage\":\"cs\"},{\"@type\":\"Organization\",\"@id\":\"https:\\\/\\\/shopatoa.com\\\/cz\\\/#organization\",\"name\":\"SHOPATOA Digital s.r.o.\",\"url\":\"https:\\\/\\\/shopatoa.com\\\/cz\\\/\",\"logo\":{\"@type\":\"ImageObject\",\"inLanguage\":\"cs\",\"@id\":\"https:\\\/\\\/shopatoa.com\\\/cz\\\/#\\\/schema\\\/logo\\\/image\\\/\",\"url\":\"https:\\\/\\\/storage.googleapis.com\\\/cz-shopatoa-img\\\/cz\\\/ebccf434-shopatoa_logo.png\",\"contentUrl\":\"https:\\\/\\\/storage.googleapis.com\\\/cz-shopatoa-img\\\/cz\\\/ebccf434-shopatoa_logo.png\",\"width\":416,\"height\":63,\"caption\":\"SHOPATOA Digital s.r.o.\"},\"image\":{\"@id\":\"https:\\\/\\\/shopatoa.com\\\/cz\\\/#\\\/schema\\\/logo\\\/image\\\/\"}}]}<\/script>\n<!-- \/ Yoast SEO plugin. -->","yoast_head_json":{"title":"Carnilove True Fresh Junior Large Breed ku\u0159e 11,4kg - SHOPATOA.COM","robots":{"index":"index","follow":"follow","max-snippet":"max-snippet:-1","max-image-preview":"max-image-preview:large","max-video-preview":"max-video-preview:-1"},"canonical":"https:\/\/shopatoa.com\/cz\/carnilove-true-fresh-junior-large-breed-kure-114kg\/","og_locale":"cs_CZ","og_type":"article","og_title":"Carnilove True Fresh Junior Large Breed ku\u0159e 11,4kg - SHOPATOA.COM","og_description":"Holistick\u00e9 krmivo vhodn\u00e9\u00a0pro mlad\u00e9 psy velk\u00fdch a ob\u0159\u00edch plemen.\u00a0Receptura obsahuje\u00a0vysok\u00fd pod\u00edl \u010derstv\u00e9ho ku\u0159ec\u00edho z farem a lok\u00e1ln\u00edch zdroj\u016f.\u00a0Vysoce kvalitn\u00ed b\u00edlkoviny pom\u00e1haj\u00ed udr\u017eovat siln\u00e9 a \u0161t\u00edhl\u00e9 svaly, zat\u00edmco vaje\u010dn\u00e9 sko\u0159\u00e1pky a sl\u00e1vka zeleno\u00fast\u00e1 podporuj\u00ed spr\u00e1vn\u00fd v\u00fdvoj zub\u016f, kloub\u016f a kost\u00ed. Pohanka je zdrojem lysinu, kter\u00fd je nezbytn\u00fd pro r\u016fst a regeneraci tk\u00e1n\u00ed, a podporuje tak\u00e9 vst\u0159eb\u00e1v\u00e1n\u00ed...","og_url":"https:\/\/shopatoa.com\/cz\/carnilove-true-fresh-junior-large-breed-kure-114kg\/","og_site_name":"SHOPATOA","article_modified_time":"2026-02-03T21:31:24+00:00","og_image":[{"width":600,"height":600,"url":"https:\/\/storage.googleapis.com\/cz-shopatoa-img\/cz\/fe67133f-1_83370.jpg","type":"image\/jpeg"}],"twitter_card":"summary_large_image","twitter_misc":{"Odhadovan\u00e1 doba \u010dten\u00ed":"1 minuta"},"schema":{"@context":"https:\/\/schema.org","@graph":[{"@type":"WebPage","@id":"https:\/\/shopatoa.com\/cz\/carnilove-true-fresh-junior-large-breed-kure-114kg\/","url":"https:\/\/shopatoa.com\/cz\/carnilove-true-fresh-junior-large-breed-kure-114kg\/","name":"Carnilove True Fresh Junior Large Breed ku\u0159e 11,4kg - SHOPATOA.COM","isPartOf":{"@id":"https:\/\/shopatoa.com\/cz\/#website"},"primaryImageOfPage":{"@id":"https:\/\/shopatoa.com\/cz\/carnilove-true-fresh-junior-large-breed-kure-114kg\/#primaryimage"},"image":{"@id":"https:\/\/shopatoa.com\/cz\/carnilove-true-fresh-junior-large-breed-kure-114kg\/#primaryimage"},"thumbnailUrl":"https:\/\/storage.googleapis.com\/cz-shopatoa-img\/cz\/fe67133f-1_83370.jpg","datePublished":"2025-04-03T14:56:11+00:00","dateModified":"2026-02-03T21:31:24+00:00","breadcrumb":{"@id":"https:\/\/shopatoa.com\/cz\/carnilove-true-fresh-junior-large-breed-kure-114kg\/#breadcrumb"},"inLanguage":"cs","potentialAction":[{"@type":"ReadAction","target":["https:\/\/shopatoa.com\/cz\/carnilove-true-fresh-junior-large-breed-kure-114kg\/"]}]},{"@type":"ImageObject","inLanguage":"cs","@id":"https:\/\/shopatoa.com\/cz\/carnilove-true-fresh-junior-large-breed-kure-114kg\/#primaryimage","url":"https:\/\/storage.googleapis.com\/cz-shopatoa-img\/cz\/fe67133f-1_83370.jpg","contentUrl":"https:\/\/storage.googleapis.com\/cz-shopatoa-img\/cz\/fe67133f-1_83370.jpg","width":600,"height":600},{"@type":"BreadcrumbList","@id":"https:\/\/shopatoa.com\/cz\/carnilove-true-fresh-junior-large-breed-kure-114kg\/#breadcrumb","itemListElement":[{"@type":"ListItem","position":1,"name":"Dom\u016f","item":"https:\/\/shopatoa.com\/cz\/"},{"@type":"ListItem","position":2,"name":"Produkty","item":"https:\/\/shopatoa.com\/cz\/shop\/"},{"@type":"ListItem","position":3,"name":"Chovatelsk\u00e9 pot\u0159eby","item":"https:\/\/shopatoa.com\/cz\/chovatelske-potreby-2\/"},{"@type":"ListItem","position":4,"name":"Pro psy","item":"https:\/\/shopatoa.com\/cz\/pro-psy-chovatelske-potreby-2\/"},{"@type":"ListItem","position":5,"name":"Krmivo pro psy","item":"https:\/\/shopatoa.com\/cz\/krmivo-pro-psy-pro-psy-chovatelske-potreby-2\/"},{"@type":"ListItem","position":6,"name":"Granule pro psy","item":"https:\/\/shopatoa.com\/cz\/granule-pro-psy\/"},{"@type":"ListItem","position":7,"name":"Carnilove True Fresh Junior Large Breed ku\u0159e 11,4kg"}]},{"@type":"WebSite","@id":"https:\/\/shopatoa.com\/cz\/#website","url":"https:\/\/shopatoa.com\/cz\/","name":"SHOPATOA","description":"","publisher":{"@id":"https:\/\/shopatoa.com\/cz\/#organization"},"potentialAction":[{"@type":"SearchAction","target":{"@type":"EntryPoint","urlTemplate":"https:\/\/shopatoa.com\/cz\/?s={search_term_string}"},"query-input":{"@type":"PropertyValueSpecification","valueRequired":true,"valueName":"search_term_string"}}],"inLanguage":"cs"},{"@type":"Organization","@id":"https:\/\/shopatoa.com\/cz\/#organization","name":"SHOPATOA Digital s.r.o.","url":"https:\/\/shopatoa.com\/cz\/","logo":{"@type":"ImageObject","inLanguage":"cs","@id":"https:\/\/shopatoa.com\/cz\/#\/schema\/logo\/image\/","url":"https:\/\/storage.googleapis.com\/cz-shopatoa-img\/cz\/ebccf434-shopatoa_logo.png","contentUrl":"https:\/\/storage.googleapis.com\/cz-shopatoa-img\/cz\/ebccf434-shopatoa_logo.png","width":416,"height":63,"caption":"SHOPATOA Digital s.r.o."},"image":{"@id":"https:\/\/shopatoa.com\/cz\/#\/schema\/logo\/image\/"}}]}},"_links":{"self":[{"href":"https:\/\/shopatoa.com\/cz\/wp-json\/wp\/v2\/product\/253152","targetHints":{"allow":["GET"]}}],"collection":[{"href":"https:\/\/shopatoa.com\/cz\/wp-json\/wp\/v2\/product"}],"about":[{"href":"https:\/\/shopatoa.com\/cz\/wp-json\/wp\/v2\/types\/product"}],"replies":[{"embeddable":true,"href":"https:\/\/shopatoa.com\/cz\/wp-json\/wp\/v2\/comments?post=253152"}],"wp:featuredmedia":[{"embeddable":true,"href":"https:\/\/shopatoa.com\/cz\/wp-json\/wp\/v2\/media\/253153"}],"wp:attachment":[{"href":"https:\/\/shopatoa.com\/cz\/wp-json\/wp\/v2\/media?parent=253152"}],"wp:term":[{"taxonomy":"product_brand","embeddable":true,"href":"https:\/\/shopatoa.com\/cz\/wp-json\/wp\/v2\/product_brand?post=253152"},{"taxonomy":"product_cat","embeddable":true,"href":"https:\/\/shopatoa.com\/cz\/wp-json\/wp\/v2\/product_cat?post=253152"},{"taxonomy":"product_tag","embeddable":true,"href":"https:\/\/shopatoa.com\/cz\/wp-json\/wp\/v2\/product_tag?post=253152"}],"curies":[{"name":"wp","href":"https:\/\/api.w.org\/{rel}","templated":true}]}}