{"id":253202,"date":"2025-04-03T17:05:50","date_gmt":"2025-04-03T15:05:50","guid":{"rendered":"https:\/\/shopatoa.com\/cz\/?post_type=product&#038;p=253202"},"modified":"2025-05-16T14:59:05","modified_gmt":"2025-05-16T12:59:05","slug":"konzerva-hills-prescription-diet-canine-z-d","status":"publish","type":"product","link":"https:\/\/shopatoa.com\/cz\/konzerva-hills-prescription-diet-canine-z-d\/","title":{"rendered":"Konzerva Hill&#8217;s Prescription Diet Canine z\/d"},"content":{"rendered":"<p>Hill\u00b4s Prescription Diet Canine z\/d Ultra Allergen Free je kompletn\u00ed krmivo pro psy s potravinovou intoleranc\u00ed nebo alergi\u00ed a je ide\u00e1ln\u00ed pro elimina\u010dn\u00ed dietu. Typick\u00fdmi p\u0159\u00edznaky potravinov\u00fdch pot\u00ed\u017e\u00ed je sv\u011bd\u011bn\u00ed, ko\u017en\u00ed probl\u00e9my nebo onemocn\u011bn\u00ed tr\u00e1vic\u00edho \u00fastroj\u00ed, kter\u00e9 jde ruku v ruce s pr\u016fjmy a zvracen\u00edm.<\/p>\n<p>Hill\u00b4s Prescription Diet Canine z\/d Ultra Allergen Free minimalizuje alergick\u00e9 reakce prost\u0159ednictv\u00edm jedine\u010dn\u00e9ho hydrolyzovan\u00e9ho vzorce \u017eivo\u010di\u0161n\u00fdch b\u00edlkovin s molekulovou hmotnost\u00ed ni\u017e\u0161\u00ed ne\u017e 3000 dalton\u016f. Hydrolyz\u00e1t z ku\u0159ec\u00edch jater je jedin\u00fdm zdrojem b\u00edlkovin, co\u017e d\u011bl\u00e1 toto krmivo je\u0161t\u011b straviteln\u011bj\u0161\u00edm. Nav\u00edc je toto krmivo bohat\u00e9 na esenci\u00e1ln\u00ed mastn\u00e9 kyseliny, co\u017e pom\u00e1h\u00e1 zlep\u0161ovat zdrav\u00ed k\u016f\u017ee a srsti.<\/p>\n<p>Specifikace<\/p>\n<p>\tHypoalergenn\u00ed \u2013 pe\u010dliv\u011b navr\u017een\u00e9 slo\u017een\u00ed obsahuje vysoce hydrolyzovanou \u017eivo\u010di\u0161nou b\u00edlkovinu a jedin\u00fd, \u010dist\u00fd zdroj sacharid\u016f.<br \/>\n\tV\u00fd\u017eiva pro viditeln\u00e9 zlep\u0161en\u00ed k\u016f\u017ee a srsti ji\u017e b\u011bhem 30 dn\u016f.<br \/>\n\tKlinicky ov\u011b\u0159eno, \u017ee zlep\u0161uje kvalitu stolice.<br \/>\n\tS v\u00fdbornou chut\u00ed,&#8230;<\/p>\n","protected":false},"excerpt":{"rendered":"<p>Hill\u00b4s Prescription Diet Canine z\/d Ultra Allergen Free je kompletn\u00ed krmivo pro psy s potravinovou intoleranc\u00ed nebo alergi\u00ed a je ide\u00e1ln\u00ed pro elimina\u010dn\u00ed dietu. Typick\u00fdmi p\u0159\u00edznaky potravinov\u00fdch pot\u00ed\u017e\u00ed je sv\u011bd\u011bn\u00ed, ko\u017en\u00ed probl\u00e9my nebo onemocn\u011bn\u00ed tr\u00e1vic\u00edho \u00fastroj\u00ed, kter\u00e9 jde ruku v ruce s pr\u016fjmy a zvracen\u00edm. Hill\u00b4s Prescription Diet Canine z\/d Ultra Allergen Free minimalizuje alergick\u00e9&#8230;<\/p>\n","protected":false},"featured_media":253203,"comment_status":"closed","ping_status":"open","template":"","meta":{"_acf_changed":false,"_kadence_starter_templates_imported_post":false,"_kad_post_transparent":"","_kad_post_title":"","_kad_post_layout":"","_kad_post_sidebar_id":"","_kad_post_content_style":"","_kad_post_vertical_padding":"","_kad_post_feature":"","_kad_post_feature_position":"","_kad_post_header":false,"_kad_post_footer":false,"_kad_post_classname":""},"product_brand":[2710],"product_cat":[436,2569,2568,739],"product_tag":[],"class_list":{"0":"post-253202","1":"product","2":"type-product","3":"status-publish","4":"has-post-thumbnail","6":"product_brand-hills","7":"product_cat-chovatelske-potreby-2","8":"product_cat-granule-pro-psy","9":"product_cat-krmivo-pro-psy-pro-psy-chovatelske-potreby-2","10":"product_cat-pro-psy-chovatelske-potreby-2","11":"pa_obchod-superzoo-cz","13":"first","14":"instock","15":"product-type-external","16":"entry","17":"content-bg","18":"loop-entry"},"acf":[],"yoast_head":"<!-- This site is optimized with the Yoast SEO plugin v27.4 - https:\/\/yoast.com\/product\/yoast-seo-wordpress\/ -->\n<title>Konzerva Hill&#039;s Prescription Diet Canine z\/d - SHOPATOA.COM<\/title>\n<meta name=\"robots\" content=\"index, follow, max-snippet:-1, max-image-preview:large, max-video-preview:-1\" \/>\n<link rel=\"canonical\" href=\"https:\/\/shopatoa.com\/cz\/konzerva-hills-prescription-diet-canine-z-d\/\" \/>\n<meta property=\"og:locale\" content=\"cs_CZ\" \/>\n<meta property=\"og:type\" content=\"article\" \/>\n<meta property=\"og:title\" content=\"Konzerva Hill&#039;s Prescription Diet Canine z\/d - SHOPATOA.COM\" \/>\n<meta property=\"og:description\" content=\"Hill\u00b4s Prescription Diet Canine z\/d Ultra Allergen Free je kompletn\u00ed krmivo pro psy s potravinovou intoleranc\u00ed nebo alergi\u00ed a je ide\u00e1ln\u00ed pro elimina\u010dn\u00ed dietu. Typick\u00fdmi p\u0159\u00edznaky potravinov\u00fdch pot\u00ed\u017e\u00ed je sv\u011bd\u011bn\u00ed, ko\u017en\u00ed probl\u00e9my nebo onemocn\u011bn\u00ed tr\u00e1vic\u00edho \u00fastroj\u00ed, kter\u00e9 jde ruku v ruce s pr\u016fjmy a zvracen\u00edm. Hill\u00b4s Prescription Diet Canine z\/d Ultra Allergen Free minimalizuje alergick\u00e9...\" \/>\n<meta property=\"og:url\" content=\"https:\/\/shopatoa.com\/cz\/konzerva-hills-prescription-diet-canine-z-d\/\" \/>\n<meta property=\"og:site_name\" content=\"SHOPATOA\" \/>\n<meta property=\"article:modified_time\" content=\"2025-05-16T12:59:05+00:00\" \/>\n<meta property=\"og:image\" content=\"https:\/\/storage.googleapis.com\/cz-shopatoa-img\/cz\/c06de77f-1_81564.jpg\" \/>\n\t<meta property=\"og:image:width\" content=\"600\" \/>\n\t<meta property=\"og:image:height\" content=\"600\" \/>\n\t<meta property=\"og:image:type\" content=\"image\/jpeg\" \/>\n<meta name=\"twitter:card\" content=\"summary_large_image\" \/>\n<meta name=\"twitter:label1\" content=\"Odhadovan\u00e1 doba \u010dten\u00ed\" \/>\n\t<meta name=\"twitter:data1\" content=\"1 minuta\" \/>\n<script type=\"application\/ld+json\" class=\"yoast-schema-graph\">{\"@context\":\"https:\\\/\\\/schema.org\",\"@graph\":[{\"@type\":\"WebPage\",\"@id\":\"https:\\\/\\\/shopatoa.com\\\/cz\\\/konzerva-hills-prescription-diet-canine-z-d\\\/\",\"url\":\"https:\\\/\\\/shopatoa.com\\\/cz\\\/konzerva-hills-prescription-diet-canine-z-d\\\/\",\"name\":\"Konzerva Hill's Prescription Diet Canine z\\\/d - SHOPATOA.COM\",\"isPartOf\":{\"@id\":\"https:\\\/\\\/shopatoa.com\\\/cz\\\/#website\"},\"primaryImageOfPage\":{\"@id\":\"https:\\\/\\\/shopatoa.com\\\/cz\\\/konzerva-hills-prescription-diet-canine-z-d\\\/#primaryimage\"},\"image\":{\"@id\":\"https:\\\/\\\/shopatoa.com\\\/cz\\\/konzerva-hills-prescription-diet-canine-z-d\\\/#primaryimage\"},\"thumbnailUrl\":\"https:\\\/\\\/storage.googleapis.com\\\/cz-shopatoa-img\\\/cz\\\/c06de77f-1_81564.jpg\",\"datePublished\":\"2025-04-03T15:05:50+00:00\",\"dateModified\":\"2025-05-16T12:59:05+00:00\",\"breadcrumb\":{\"@id\":\"https:\\\/\\\/shopatoa.com\\\/cz\\\/konzerva-hills-prescription-diet-canine-z-d\\\/#breadcrumb\"},\"inLanguage\":\"cs\",\"potentialAction\":[{\"@type\":\"ReadAction\",\"target\":[\"https:\\\/\\\/shopatoa.com\\\/cz\\\/konzerva-hills-prescription-diet-canine-z-d\\\/\"]}]},{\"@type\":\"ImageObject\",\"inLanguage\":\"cs\",\"@id\":\"https:\\\/\\\/shopatoa.com\\\/cz\\\/konzerva-hills-prescription-diet-canine-z-d\\\/#primaryimage\",\"url\":\"https:\\\/\\\/storage.googleapis.com\\\/cz-shopatoa-img\\\/cz\\\/c06de77f-1_81564.jpg\",\"contentUrl\":\"https:\\\/\\\/storage.googleapis.com\\\/cz-shopatoa-img\\\/cz\\\/c06de77f-1_81564.jpg\",\"width\":600,\"height\":600},{\"@type\":\"BreadcrumbList\",\"@id\":\"https:\\\/\\\/shopatoa.com\\\/cz\\\/konzerva-hills-prescription-diet-canine-z-d\\\/#breadcrumb\",\"itemListElement\":[{\"@type\":\"ListItem\",\"position\":1,\"name\":\"Dom\u016f\",\"item\":\"https:\\\/\\\/shopatoa.com\\\/cz\\\/\"},{\"@type\":\"ListItem\",\"position\":2,\"name\":\"Produkty\",\"item\":\"https:\\\/\\\/shopatoa.com\\\/cz\\\/shop\\\/\"},{\"@type\":\"ListItem\",\"position\":3,\"name\":\"Chovatelsk\u00e9 pot\u0159eby\",\"item\":\"https:\\\/\\\/shopatoa.com\\\/cz\\\/chovatelske-potreby-2\\\/\"},{\"@type\":\"ListItem\",\"position\":4,\"name\":\"Pro psy\",\"item\":\"https:\\\/\\\/shopatoa.com\\\/cz\\\/pro-psy-chovatelske-potreby-2\\\/\"},{\"@type\":\"ListItem\",\"position\":5,\"name\":\"Krmivo pro psy\",\"item\":\"https:\\\/\\\/shopatoa.com\\\/cz\\\/krmivo-pro-psy-pro-psy-chovatelske-potreby-2\\\/\"},{\"@type\":\"ListItem\",\"position\":6,\"name\":\"Granule pro psy\",\"item\":\"https:\\\/\\\/shopatoa.com\\\/cz\\\/granule-pro-psy\\\/\"},{\"@type\":\"ListItem\",\"position\":7,\"name\":\"Konzerva Hill&#8217;s Prescription Diet Canine z\\\/d\"}]},{\"@type\":\"WebSite\",\"@id\":\"https:\\\/\\\/shopatoa.com\\\/cz\\\/#website\",\"url\":\"https:\\\/\\\/shopatoa.com\\\/cz\\\/\",\"name\":\"SHOPATOA\",\"description\":\"\",\"publisher\":{\"@id\":\"https:\\\/\\\/shopatoa.com\\\/cz\\\/#organization\"},\"potentialAction\":[{\"@type\":\"SearchAction\",\"target\":{\"@type\":\"EntryPoint\",\"urlTemplate\":\"https:\\\/\\\/shopatoa.com\\\/cz\\\/?s={search_term_string}\"},\"query-input\":{\"@type\":\"PropertyValueSpecification\",\"valueRequired\":true,\"valueName\":\"search_term_string\"}}],\"inLanguage\":\"cs\"},{\"@type\":\"Organization\",\"@id\":\"https:\\\/\\\/shopatoa.com\\\/cz\\\/#organization\",\"name\":\"SHOPATOA Digital s.r.o.\",\"url\":\"https:\\\/\\\/shopatoa.com\\\/cz\\\/\",\"logo\":{\"@type\":\"ImageObject\",\"inLanguage\":\"cs\",\"@id\":\"https:\\\/\\\/shopatoa.com\\\/cz\\\/#\\\/schema\\\/logo\\\/image\\\/\",\"url\":\"https:\\\/\\\/storage.googleapis.com\\\/cz-shopatoa-img\\\/cz\\\/ebccf434-shopatoa_logo.png\",\"contentUrl\":\"https:\\\/\\\/storage.googleapis.com\\\/cz-shopatoa-img\\\/cz\\\/ebccf434-shopatoa_logo.png\",\"width\":416,\"height\":63,\"caption\":\"SHOPATOA Digital s.r.o.\"},\"image\":{\"@id\":\"https:\\\/\\\/shopatoa.com\\\/cz\\\/#\\\/schema\\\/logo\\\/image\\\/\"}}]}<\/script>\n<!-- \/ Yoast SEO plugin. -->","yoast_head_json":{"title":"Konzerva Hill's Prescription Diet Canine z\/d - SHOPATOA.COM","robots":{"index":"index","follow":"follow","max-snippet":"max-snippet:-1","max-image-preview":"max-image-preview:large","max-video-preview":"max-video-preview:-1"},"canonical":"https:\/\/shopatoa.com\/cz\/konzerva-hills-prescription-diet-canine-z-d\/","og_locale":"cs_CZ","og_type":"article","og_title":"Konzerva Hill's Prescription Diet Canine z\/d - SHOPATOA.COM","og_description":"Hill\u00b4s Prescription Diet Canine z\/d Ultra Allergen Free je kompletn\u00ed krmivo pro psy s potravinovou intoleranc\u00ed nebo alergi\u00ed a je ide\u00e1ln\u00ed pro elimina\u010dn\u00ed dietu. Typick\u00fdmi p\u0159\u00edznaky potravinov\u00fdch pot\u00ed\u017e\u00ed je sv\u011bd\u011bn\u00ed, ko\u017en\u00ed probl\u00e9my nebo onemocn\u011bn\u00ed tr\u00e1vic\u00edho \u00fastroj\u00ed, kter\u00e9 jde ruku v ruce s pr\u016fjmy a zvracen\u00edm. Hill\u00b4s Prescription Diet Canine z\/d Ultra Allergen Free minimalizuje alergick\u00e9...","og_url":"https:\/\/shopatoa.com\/cz\/konzerva-hills-prescription-diet-canine-z-d\/","og_site_name":"SHOPATOA","article_modified_time":"2025-05-16T12:59:05+00:00","og_image":[{"width":600,"height":600,"url":"https:\/\/storage.googleapis.com\/cz-shopatoa-img\/cz\/c06de77f-1_81564.jpg","type":"image\/jpeg"}],"twitter_card":"summary_large_image","twitter_misc":{"Odhadovan\u00e1 doba \u010dten\u00ed":"1 minuta"},"schema":{"@context":"https:\/\/schema.org","@graph":[{"@type":"WebPage","@id":"https:\/\/shopatoa.com\/cz\/konzerva-hills-prescription-diet-canine-z-d\/","url":"https:\/\/shopatoa.com\/cz\/konzerva-hills-prescription-diet-canine-z-d\/","name":"Konzerva Hill's Prescription Diet Canine z\/d - SHOPATOA.COM","isPartOf":{"@id":"https:\/\/shopatoa.com\/cz\/#website"},"primaryImageOfPage":{"@id":"https:\/\/shopatoa.com\/cz\/konzerva-hills-prescription-diet-canine-z-d\/#primaryimage"},"image":{"@id":"https:\/\/shopatoa.com\/cz\/konzerva-hills-prescription-diet-canine-z-d\/#primaryimage"},"thumbnailUrl":"https:\/\/storage.googleapis.com\/cz-shopatoa-img\/cz\/c06de77f-1_81564.jpg","datePublished":"2025-04-03T15:05:50+00:00","dateModified":"2025-05-16T12:59:05+00:00","breadcrumb":{"@id":"https:\/\/shopatoa.com\/cz\/konzerva-hills-prescription-diet-canine-z-d\/#breadcrumb"},"inLanguage":"cs","potentialAction":[{"@type":"ReadAction","target":["https:\/\/shopatoa.com\/cz\/konzerva-hills-prescription-diet-canine-z-d\/"]}]},{"@type":"ImageObject","inLanguage":"cs","@id":"https:\/\/shopatoa.com\/cz\/konzerva-hills-prescription-diet-canine-z-d\/#primaryimage","url":"https:\/\/storage.googleapis.com\/cz-shopatoa-img\/cz\/c06de77f-1_81564.jpg","contentUrl":"https:\/\/storage.googleapis.com\/cz-shopatoa-img\/cz\/c06de77f-1_81564.jpg","width":600,"height":600},{"@type":"BreadcrumbList","@id":"https:\/\/shopatoa.com\/cz\/konzerva-hills-prescription-diet-canine-z-d\/#breadcrumb","itemListElement":[{"@type":"ListItem","position":1,"name":"Dom\u016f","item":"https:\/\/shopatoa.com\/cz\/"},{"@type":"ListItem","position":2,"name":"Produkty","item":"https:\/\/shopatoa.com\/cz\/shop\/"},{"@type":"ListItem","position":3,"name":"Chovatelsk\u00e9 pot\u0159eby","item":"https:\/\/shopatoa.com\/cz\/chovatelske-potreby-2\/"},{"@type":"ListItem","position":4,"name":"Pro psy","item":"https:\/\/shopatoa.com\/cz\/pro-psy-chovatelske-potreby-2\/"},{"@type":"ListItem","position":5,"name":"Krmivo pro psy","item":"https:\/\/shopatoa.com\/cz\/krmivo-pro-psy-pro-psy-chovatelske-potreby-2\/"},{"@type":"ListItem","position":6,"name":"Granule pro psy","item":"https:\/\/shopatoa.com\/cz\/granule-pro-psy\/"},{"@type":"ListItem","position":7,"name":"Konzerva Hill&#8217;s Prescription Diet Canine z\/d"}]},{"@type":"WebSite","@id":"https:\/\/shopatoa.com\/cz\/#website","url":"https:\/\/shopatoa.com\/cz\/","name":"SHOPATOA","description":"","publisher":{"@id":"https:\/\/shopatoa.com\/cz\/#organization"},"potentialAction":[{"@type":"SearchAction","target":{"@type":"EntryPoint","urlTemplate":"https:\/\/shopatoa.com\/cz\/?s={search_term_string}"},"query-input":{"@type":"PropertyValueSpecification","valueRequired":true,"valueName":"search_term_string"}}],"inLanguage":"cs"},{"@type":"Organization","@id":"https:\/\/shopatoa.com\/cz\/#organization","name":"SHOPATOA Digital s.r.o.","url":"https:\/\/shopatoa.com\/cz\/","logo":{"@type":"ImageObject","inLanguage":"cs","@id":"https:\/\/shopatoa.com\/cz\/#\/schema\/logo\/image\/","url":"https:\/\/storage.googleapis.com\/cz-shopatoa-img\/cz\/ebccf434-shopatoa_logo.png","contentUrl":"https:\/\/storage.googleapis.com\/cz-shopatoa-img\/cz\/ebccf434-shopatoa_logo.png","width":416,"height":63,"caption":"SHOPATOA Digital s.r.o."},"image":{"@id":"https:\/\/shopatoa.com\/cz\/#\/schema\/logo\/image\/"}}]}},"_links":{"self":[{"href":"https:\/\/shopatoa.com\/cz\/wp-json\/wp\/v2\/product\/253202","targetHints":{"allow":["GET"]}}],"collection":[{"href":"https:\/\/shopatoa.com\/cz\/wp-json\/wp\/v2\/product"}],"about":[{"href":"https:\/\/shopatoa.com\/cz\/wp-json\/wp\/v2\/types\/product"}],"replies":[{"embeddable":true,"href":"https:\/\/shopatoa.com\/cz\/wp-json\/wp\/v2\/comments?post=253202"}],"wp:featuredmedia":[{"embeddable":true,"href":"https:\/\/shopatoa.com\/cz\/wp-json\/wp\/v2\/media\/253203"}],"wp:attachment":[{"href":"https:\/\/shopatoa.com\/cz\/wp-json\/wp\/v2\/media?parent=253202"}],"wp:term":[{"taxonomy":"product_brand","embeddable":true,"href":"https:\/\/shopatoa.com\/cz\/wp-json\/wp\/v2\/product_brand?post=253202"},{"taxonomy":"product_cat","embeddable":true,"href":"https:\/\/shopatoa.com\/cz\/wp-json\/wp\/v2\/product_cat?post=253202"},{"taxonomy":"product_tag","embeddable":true,"href":"https:\/\/shopatoa.com\/cz\/wp-json\/wp\/v2\/product_tag?post=253202"}],"curies":[{"name":"wp","href":"https:\/\/api.w.org\/{rel}","templated":true}]}}