{"id":253248,"date":"2025-04-03T17:15:03","date_gmt":"2025-04-03T15:15:03","guid":{"rendered":"https:\/\/shopatoa.com\/cz\/?post_type=product&#038;p=253248"},"modified":"2026-02-01T20:29:39","modified_gmt":"2026-02-01T19:29:39","slug":"brit-care-dog-sustainable-activity-1kg","status":"publish","type":"product","link":"https:\/\/shopatoa.com\/cz\/brit-care-dog-sustainable-activity-1kg\/","title":{"rendered":"Brit Care Dog Sustainable Activity 1kg"},"content":{"rendered":"<p>Superpr\u00e9miov\u00e9 kompletn\u00ed krmivo pro aktivn\u00ed psy a psy se zv\u00fd\u0161en\u00fdmi n\u00e1roky na pohybov\u00fd apar\u00e1t. Receptura \u0161etrn\u00e1 k\u00a0p\u0159\u00edrod\u011b vyroben\u00e1 z\u00a0ekologick\u00fdch (hmyz\u00edch) protein\u016f a udr\u017eiteln\u00fdch surovin.<\/p>\n<p>Pro v\u00fd\u017eivu sval\u016f &#8211; Vysok\u00fd obsah protein\u016f a tuk\u016f pro dostatek energie b\u011bhem v\u00fdkonu a rekonvalescenci sval\u016f.<\/p>\n<p>Zdrav\u00fd pohyb &#8211; Omega-3 a DHA podporuj\u00ed norm\u00e1ln\u00ed srde\u010dn\u00ed rytmus, zlep\u0161uj\u00ed energetickou dostupnost a p\u0159isp\u00edvaj\u00ed k pos\u00edlen\u00ed imunity.<\/p>\n<p>Rychl\u00e1 obnova energie &#8211; L-karnitin dod\u00e1v\u00e1 rychlou energii a zlep\u0161uje regeneraci sval\u016f.<\/p>\n<p>\u00a0<\/p>\n<p>Slo\u017een\u00ed<\/p>\n<p>Ku\u0159e (40\u202f%) (dehydrovan\u00e9 ku\u0159e, hydrolyzovan\u00e9 ku\u0159e), oves (26\u202f%), dehydrovan\u00fd hmyz (14\u202f%), ku\u0159ec\u00ed tuk, p\u0159\u00edrodn\u00ed aroma, pivovarsk\u00e9 kvasnice, lososov\u00fd olej (2\u202f%), su\u0161en\u00e1 jable\u010dn\u00e1 du\u017eina, hrachov\u00e1 mouka, glukosamin (300 mg\/kg), frukto-oligosacharidy (230 mg\/kg), chondroitin sulf\u00e1t (230 mg\/kg), mannan-oligosacharidy (180 mg\/kg), juka schidigera (180 mg\/kg), semena ostropest\u0159ce mari\u00e1nsk\u00e9ho (110 mg\/kg), \u03b2-glukany (60 mg\/kg), su\u0161en\u00fd srde\u010dn\u00edk (60 mg\/kg),&#8230;<\/p>\n","protected":false},"excerpt":{"rendered":"<p>Superpr\u00e9miov\u00e9 kompletn\u00ed krmivo pro aktivn\u00ed psy a psy se zv\u00fd\u0161en\u00fdmi n\u00e1roky na pohybov\u00fd apar\u00e1t. Receptura \u0161etrn\u00e1 k\u00a0p\u0159\u00edrod\u011b vyroben\u00e1 z\u00a0ekologick\u00fdch (hmyz\u00edch) protein\u016f a udr\u017eiteln\u00fdch surovin. Pro v\u00fd\u017eivu sval\u016f &#8211; Vysok\u00fd obsah protein\u016f a tuk\u016f pro dostatek energie b\u011bhem v\u00fdkonu a rekonvalescenci sval\u016f. Zdrav\u00fd pohyb &#8211; Omega-3 a DHA podporuj\u00ed norm\u00e1ln\u00ed srde\u010dn\u00ed rytmus, zlep\u0161uj\u00ed energetickou dostupnost a&#8230;<\/p>\n","protected":false},"featured_media":253249,"comment_status":"closed","ping_status":"open","template":"","meta":{"_acf_changed":false,"_kadence_starter_templates_imported_post":false,"_kad_post_transparent":"","_kad_post_title":"","_kad_post_layout":"","_kad_post_sidebar_id":"","_kad_post_content_style":"","_kad_post_vertical_padding":"","_kad_post_feature":"","_kad_post_feature_position":"","_kad_post_header":false,"_kad_post_footer":false,"_kad_post_classname":""},"product_brand":[1744],"product_cat":[436,2569,2568,739],"product_tag":[],"class_list":{"0":"post-253248","1":"product","2":"type-product","3":"status-publish","4":"has-post-thumbnail","6":"product_brand-brit-care","7":"product_cat-chovatelske-potreby-2","8":"product_cat-granule-pro-psy","9":"product_cat-krmivo-pro-psy-pro-psy-chovatelske-potreby-2","10":"product_cat-pro-psy-chovatelske-potreby-2","11":"pa_obchod-superzoo-cz","13":"first","14":"instock","15":"product-type-external","16":"entry","17":"content-bg","18":"loop-entry"},"acf":[],"yoast_head":"<!-- This site is optimized with the Yoast SEO plugin v27.4 - https:\/\/yoast.com\/product\/yoast-seo-wordpress\/ -->\n<title>Brit Care Dog Sustainable Activity 1kg - SHOPATOA.COM<\/title>\n<meta name=\"robots\" content=\"index, follow, max-snippet:-1, max-image-preview:large, max-video-preview:-1\" \/>\n<link rel=\"canonical\" href=\"https:\/\/shopatoa.com\/cz\/brit-care-dog-sustainable-activity-1kg\/\" \/>\n<meta property=\"og:locale\" content=\"cs_CZ\" \/>\n<meta property=\"og:type\" content=\"article\" \/>\n<meta property=\"og:title\" content=\"Brit Care Dog Sustainable Activity 1kg - SHOPATOA.COM\" \/>\n<meta property=\"og:description\" content=\"Superpr\u00e9miov\u00e9 kompletn\u00ed krmivo pro aktivn\u00ed psy a psy se zv\u00fd\u0161en\u00fdmi n\u00e1roky na pohybov\u00fd apar\u00e1t. Receptura \u0161etrn\u00e1 k\u00a0p\u0159\u00edrod\u011b vyroben\u00e1 z\u00a0ekologick\u00fdch (hmyz\u00edch) protein\u016f a udr\u017eiteln\u00fdch surovin. Pro v\u00fd\u017eivu sval\u016f &#8211; Vysok\u00fd obsah protein\u016f a tuk\u016f pro dostatek energie b\u011bhem v\u00fdkonu a rekonvalescenci sval\u016f. Zdrav\u00fd pohyb &#8211; Omega-3 a DHA podporuj\u00ed norm\u00e1ln\u00ed srde\u010dn\u00ed rytmus, zlep\u0161uj\u00ed energetickou dostupnost a...\" \/>\n<meta property=\"og:url\" content=\"https:\/\/shopatoa.com\/cz\/brit-care-dog-sustainable-activity-1kg\/\" \/>\n<meta property=\"og:site_name\" content=\"SHOPATOA\" \/>\n<meta property=\"article:modified_time\" content=\"2026-02-01T19:29:39+00:00\" \/>\n<meta property=\"og:image\" content=\"https:\/\/storage.googleapis.com\/cz-shopatoa-img\/cz\/105bf513-1_83619.jpg\" \/>\n\t<meta property=\"og:image:width\" content=\"600\" \/>\n\t<meta property=\"og:image:height\" content=\"600\" \/>\n\t<meta property=\"og:image:type\" content=\"image\/jpeg\" \/>\n<meta name=\"twitter:card\" content=\"summary_large_image\" \/>\n<meta name=\"twitter:label1\" content=\"Odhadovan\u00e1 doba \u010dten\u00ed\" \/>\n\t<meta name=\"twitter:data1\" content=\"1 minuta\" \/>\n<script type=\"application\/ld+json\" class=\"yoast-schema-graph\">{\"@context\":\"https:\\\/\\\/schema.org\",\"@graph\":[{\"@type\":\"WebPage\",\"@id\":\"https:\\\/\\\/shopatoa.com\\\/cz\\\/brit-care-dog-sustainable-activity-1kg\\\/\",\"url\":\"https:\\\/\\\/shopatoa.com\\\/cz\\\/brit-care-dog-sustainable-activity-1kg\\\/\",\"name\":\"Brit Care Dog Sustainable Activity 1kg - SHOPATOA.COM\",\"isPartOf\":{\"@id\":\"https:\\\/\\\/shopatoa.com\\\/cz\\\/#website\"},\"primaryImageOfPage\":{\"@id\":\"https:\\\/\\\/shopatoa.com\\\/cz\\\/brit-care-dog-sustainable-activity-1kg\\\/#primaryimage\"},\"image\":{\"@id\":\"https:\\\/\\\/shopatoa.com\\\/cz\\\/brit-care-dog-sustainable-activity-1kg\\\/#primaryimage\"},\"thumbnailUrl\":\"https:\\\/\\\/storage.googleapis.com\\\/cz-shopatoa-img\\\/cz\\\/105bf513-1_83619.jpg\",\"datePublished\":\"2025-04-03T15:15:03+00:00\",\"dateModified\":\"2026-02-01T19:29:39+00:00\",\"breadcrumb\":{\"@id\":\"https:\\\/\\\/shopatoa.com\\\/cz\\\/brit-care-dog-sustainable-activity-1kg\\\/#breadcrumb\"},\"inLanguage\":\"cs\",\"potentialAction\":[{\"@type\":\"ReadAction\",\"target\":[\"https:\\\/\\\/shopatoa.com\\\/cz\\\/brit-care-dog-sustainable-activity-1kg\\\/\"]}]},{\"@type\":\"ImageObject\",\"inLanguage\":\"cs\",\"@id\":\"https:\\\/\\\/shopatoa.com\\\/cz\\\/brit-care-dog-sustainable-activity-1kg\\\/#primaryimage\",\"url\":\"https:\\\/\\\/storage.googleapis.com\\\/cz-shopatoa-img\\\/cz\\\/105bf513-1_83619.jpg\",\"contentUrl\":\"https:\\\/\\\/storage.googleapis.com\\\/cz-shopatoa-img\\\/cz\\\/105bf513-1_83619.jpg\",\"width\":600,\"height\":600},{\"@type\":\"BreadcrumbList\",\"@id\":\"https:\\\/\\\/shopatoa.com\\\/cz\\\/brit-care-dog-sustainable-activity-1kg\\\/#breadcrumb\",\"itemListElement\":[{\"@type\":\"ListItem\",\"position\":1,\"name\":\"Dom\u016f\",\"item\":\"https:\\\/\\\/shopatoa.com\\\/cz\\\/\"},{\"@type\":\"ListItem\",\"position\":2,\"name\":\"Produkty\",\"item\":\"https:\\\/\\\/shopatoa.com\\\/cz\\\/shop\\\/\"},{\"@type\":\"ListItem\",\"position\":3,\"name\":\"Chovatelsk\u00e9 pot\u0159eby\",\"item\":\"https:\\\/\\\/shopatoa.com\\\/cz\\\/chovatelske-potreby-2\\\/\"},{\"@type\":\"ListItem\",\"position\":4,\"name\":\"Pro psy\",\"item\":\"https:\\\/\\\/shopatoa.com\\\/cz\\\/pro-psy-chovatelske-potreby-2\\\/\"},{\"@type\":\"ListItem\",\"position\":5,\"name\":\"Krmivo pro psy\",\"item\":\"https:\\\/\\\/shopatoa.com\\\/cz\\\/krmivo-pro-psy-pro-psy-chovatelske-potreby-2\\\/\"},{\"@type\":\"ListItem\",\"position\":6,\"name\":\"Granule pro psy\",\"item\":\"https:\\\/\\\/shopatoa.com\\\/cz\\\/granule-pro-psy\\\/\"},{\"@type\":\"ListItem\",\"position\":7,\"name\":\"Brit Care Dog Sustainable Activity 1kg\"}]},{\"@type\":\"WebSite\",\"@id\":\"https:\\\/\\\/shopatoa.com\\\/cz\\\/#website\",\"url\":\"https:\\\/\\\/shopatoa.com\\\/cz\\\/\",\"name\":\"SHOPATOA\",\"description\":\"\",\"publisher\":{\"@id\":\"https:\\\/\\\/shopatoa.com\\\/cz\\\/#organization\"},\"potentialAction\":[{\"@type\":\"SearchAction\",\"target\":{\"@type\":\"EntryPoint\",\"urlTemplate\":\"https:\\\/\\\/shopatoa.com\\\/cz\\\/?s={search_term_string}\"},\"query-input\":{\"@type\":\"PropertyValueSpecification\",\"valueRequired\":true,\"valueName\":\"search_term_string\"}}],\"inLanguage\":\"cs\"},{\"@type\":\"Organization\",\"@id\":\"https:\\\/\\\/shopatoa.com\\\/cz\\\/#organization\",\"name\":\"SHOPATOA Digital s.r.o.\",\"url\":\"https:\\\/\\\/shopatoa.com\\\/cz\\\/\",\"logo\":{\"@type\":\"ImageObject\",\"inLanguage\":\"cs\",\"@id\":\"https:\\\/\\\/shopatoa.com\\\/cz\\\/#\\\/schema\\\/logo\\\/image\\\/\",\"url\":\"https:\\\/\\\/storage.googleapis.com\\\/cz-shopatoa-img\\\/cz\\\/ebccf434-shopatoa_logo.png\",\"contentUrl\":\"https:\\\/\\\/storage.googleapis.com\\\/cz-shopatoa-img\\\/cz\\\/ebccf434-shopatoa_logo.png\",\"width\":416,\"height\":63,\"caption\":\"SHOPATOA Digital s.r.o.\"},\"image\":{\"@id\":\"https:\\\/\\\/shopatoa.com\\\/cz\\\/#\\\/schema\\\/logo\\\/image\\\/\"}}]}<\/script>\n<!-- \/ Yoast SEO plugin. -->","yoast_head_json":{"title":"Brit Care Dog Sustainable Activity 1kg - SHOPATOA.COM","robots":{"index":"index","follow":"follow","max-snippet":"max-snippet:-1","max-image-preview":"max-image-preview:large","max-video-preview":"max-video-preview:-1"},"canonical":"https:\/\/shopatoa.com\/cz\/brit-care-dog-sustainable-activity-1kg\/","og_locale":"cs_CZ","og_type":"article","og_title":"Brit Care Dog Sustainable Activity 1kg - SHOPATOA.COM","og_description":"Superpr\u00e9miov\u00e9 kompletn\u00ed krmivo pro aktivn\u00ed psy a psy se zv\u00fd\u0161en\u00fdmi n\u00e1roky na pohybov\u00fd apar\u00e1t. Receptura \u0161etrn\u00e1 k\u00a0p\u0159\u00edrod\u011b vyroben\u00e1 z\u00a0ekologick\u00fdch (hmyz\u00edch) protein\u016f a udr\u017eiteln\u00fdch surovin. Pro v\u00fd\u017eivu sval\u016f &#8211; Vysok\u00fd obsah protein\u016f a tuk\u016f pro dostatek energie b\u011bhem v\u00fdkonu a rekonvalescenci sval\u016f. Zdrav\u00fd pohyb &#8211; Omega-3 a DHA podporuj\u00ed norm\u00e1ln\u00ed srde\u010dn\u00ed rytmus, zlep\u0161uj\u00ed energetickou dostupnost a...","og_url":"https:\/\/shopatoa.com\/cz\/brit-care-dog-sustainable-activity-1kg\/","og_site_name":"SHOPATOA","article_modified_time":"2026-02-01T19:29:39+00:00","og_image":[{"width":600,"height":600,"url":"https:\/\/storage.googleapis.com\/cz-shopatoa-img\/cz\/105bf513-1_83619.jpg","type":"image\/jpeg"}],"twitter_card":"summary_large_image","twitter_misc":{"Odhadovan\u00e1 doba \u010dten\u00ed":"1 minuta"},"schema":{"@context":"https:\/\/schema.org","@graph":[{"@type":"WebPage","@id":"https:\/\/shopatoa.com\/cz\/brit-care-dog-sustainable-activity-1kg\/","url":"https:\/\/shopatoa.com\/cz\/brit-care-dog-sustainable-activity-1kg\/","name":"Brit Care Dog Sustainable Activity 1kg - SHOPATOA.COM","isPartOf":{"@id":"https:\/\/shopatoa.com\/cz\/#website"},"primaryImageOfPage":{"@id":"https:\/\/shopatoa.com\/cz\/brit-care-dog-sustainable-activity-1kg\/#primaryimage"},"image":{"@id":"https:\/\/shopatoa.com\/cz\/brit-care-dog-sustainable-activity-1kg\/#primaryimage"},"thumbnailUrl":"https:\/\/storage.googleapis.com\/cz-shopatoa-img\/cz\/105bf513-1_83619.jpg","datePublished":"2025-04-03T15:15:03+00:00","dateModified":"2026-02-01T19:29:39+00:00","breadcrumb":{"@id":"https:\/\/shopatoa.com\/cz\/brit-care-dog-sustainable-activity-1kg\/#breadcrumb"},"inLanguage":"cs","potentialAction":[{"@type":"ReadAction","target":["https:\/\/shopatoa.com\/cz\/brit-care-dog-sustainable-activity-1kg\/"]}]},{"@type":"ImageObject","inLanguage":"cs","@id":"https:\/\/shopatoa.com\/cz\/brit-care-dog-sustainable-activity-1kg\/#primaryimage","url":"https:\/\/storage.googleapis.com\/cz-shopatoa-img\/cz\/105bf513-1_83619.jpg","contentUrl":"https:\/\/storage.googleapis.com\/cz-shopatoa-img\/cz\/105bf513-1_83619.jpg","width":600,"height":600},{"@type":"BreadcrumbList","@id":"https:\/\/shopatoa.com\/cz\/brit-care-dog-sustainable-activity-1kg\/#breadcrumb","itemListElement":[{"@type":"ListItem","position":1,"name":"Dom\u016f","item":"https:\/\/shopatoa.com\/cz\/"},{"@type":"ListItem","position":2,"name":"Produkty","item":"https:\/\/shopatoa.com\/cz\/shop\/"},{"@type":"ListItem","position":3,"name":"Chovatelsk\u00e9 pot\u0159eby","item":"https:\/\/shopatoa.com\/cz\/chovatelske-potreby-2\/"},{"@type":"ListItem","position":4,"name":"Pro psy","item":"https:\/\/shopatoa.com\/cz\/pro-psy-chovatelske-potreby-2\/"},{"@type":"ListItem","position":5,"name":"Krmivo pro psy","item":"https:\/\/shopatoa.com\/cz\/krmivo-pro-psy-pro-psy-chovatelske-potreby-2\/"},{"@type":"ListItem","position":6,"name":"Granule pro psy","item":"https:\/\/shopatoa.com\/cz\/granule-pro-psy\/"},{"@type":"ListItem","position":7,"name":"Brit Care Dog Sustainable Activity 1kg"}]},{"@type":"WebSite","@id":"https:\/\/shopatoa.com\/cz\/#website","url":"https:\/\/shopatoa.com\/cz\/","name":"SHOPATOA","description":"","publisher":{"@id":"https:\/\/shopatoa.com\/cz\/#organization"},"potentialAction":[{"@type":"SearchAction","target":{"@type":"EntryPoint","urlTemplate":"https:\/\/shopatoa.com\/cz\/?s={search_term_string}"},"query-input":{"@type":"PropertyValueSpecification","valueRequired":true,"valueName":"search_term_string"}}],"inLanguage":"cs"},{"@type":"Organization","@id":"https:\/\/shopatoa.com\/cz\/#organization","name":"SHOPATOA Digital s.r.o.","url":"https:\/\/shopatoa.com\/cz\/","logo":{"@type":"ImageObject","inLanguage":"cs","@id":"https:\/\/shopatoa.com\/cz\/#\/schema\/logo\/image\/","url":"https:\/\/storage.googleapis.com\/cz-shopatoa-img\/cz\/ebccf434-shopatoa_logo.png","contentUrl":"https:\/\/storage.googleapis.com\/cz-shopatoa-img\/cz\/ebccf434-shopatoa_logo.png","width":416,"height":63,"caption":"SHOPATOA Digital s.r.o."},"image":{"@id":"https:\/\/shopatoa.com\/cz\/#\/schema\/logo\/image\/"}}]}},"_links":{"self":[{"href":"https:\/\/shopatoa.com\/cz\/wp-json\/wp\/v2\/product\/253248","targetHints":{"allow":["GET"]}}],"collection":[{"href":"https:\/\/shopatoa.com\/cz\/wp-json\/wp\/v2\/product"}],"about":[{"href":"https:\/\/shopatoa.com\/cz\/wp-json\/wp\/v2\/types\/product"}],"replies":[{"embeddable":true,"href":"https:\/\/shopatoa.com\/cz\/wp-json\/wp\/v2\/comments?post=253248"}],"wp:featuredmedia":[{"embeddable":true,"href":"https:\/\/shopatoa.com\/cz\/wp-json\/wp\/v2\/media\/253249"}],"wp:attachment":[{"href":"https:\/\/shopatoa.com\/cz\/wp-json\/wp\/v2\/media?parent=253248"}],"wp:term":[{"taxonomy":"product_brand","embeddable":true,"href":"https:\/\/shopatoa.com\/cz\/wp-json\/wp\/v2\/product_brand?post=253248"},{"taxonomy":"product_cat","embeddable":true,"href":"https:\/\/shopatoa.com\/cz\/wp-json\/wp\/v2\/product_cat?post=253248"},{"taxonomy":"product_tag","embeddable":true,"href":"https:\/\/shopatoa.com\/cz\/wp-json\/wp\/v2\/product_tag?post=253248"}],"curies":[{"name":"wp","href":"https:\/\/api.w.org\/{rel}","templated":true}]}}