{"id":253344,"date":"2025-04-03T17:31:17","date_gmt":"2025-04-03T15:31:17","guid":{"rendered":"https:\/\/shopatoa.com\/cz\/?post_type=product&#038;p=253344"},"modified":"2026-02-03T22:30:07","modified_gmt":"2026-02-03T21:30:07","slug":"zdrava-odmena-ledvinky-60g","status":"publish","type":"product","link":"https:\/\/shopatoa.com\/cz\/zdrava-odmena-ledvinky-60g\/","title":{"rendered":"Zdrav\u00e1 odm\u011bna ledvinky 60g"},"content":{"rendered":"<p>Vep\u0159ov\u00e9 ledvinky upraven\u00e9 tak, aby se daly pou\u017e\u00edt jako odm\u011bna na proch\u00e1zce, na cvi\u010d\u00e1ku nebo jen tak pro radost. Ledvinky jsou nakr\u00e1jen\u00e9 na mal\u00e9 kosti\u010dky. Obal je m\u011bkk\u00fd se zipem. Pytl\u00edk m\u016f\u017eete snadno d\u00e1t do kapsy a op\u011bt uzav\u0159\u00edt.<\/p>\n<p>Slo\u017een\u00ed: proteiny: 65,3%, popeloviny: 5,0%, vlhkost: 3,6%, tuky: 19,9%<\/p>\n","protected":false},"excerpt":{"rendered":"<p>Vep\u0159ov\u00e9 ledvinky upraven\u00e9 tak, aby se daly pou\u017e\u00edt jako odm\u011bna na proch\u00e1zce, na cvi\u010d\u00e1ku nebo jen tak pro radost. Ledvinky jsou nakr\u00e1jen\u00e9 na mal\u00e9 kosti\u010dky. Obal je m\u011bkk\u00fd se zipem. Pytl\u00edk m\u016f\u017eete snadno d\u00e1t do kapsy a op\u011bt uzav\u0159\u00edt. Slo\u017een\u00ed: proteiny: 65,3%, popeloviny: 5,0%, vlhkost: 3,6%, tuky: 19,9%<\/p>\n","protected":false},"featured_media":253345,"comment_status":"closed","ping_status":"open","template":"","meta":{"_acf_changed":false,"_kadence_starter_templates_imported_post":false,"_kad_post_transparent":"","_kad_post_title":"","_kad_post_layout":"","_kad_post_sidebar_id":"","_kad_post_content_style":"","_kad_post_vertical_padding":"","_kad_post_feature":"","_kad_post_feature_position":"","_kad_post_header":false,"_kad_post_footer":false,"_kad_post_classname":""},"product_brand":[2736],"product_cat":[436,2568,2576,739],"product_tag":[],"class_list":{"0":"post-253344","1":"product","2":"type-product","3":"status-publish","4":"has-post-thumbnail","6":"product_brand-mapes","7":"product_cat-chovatelske-potreby-2","8":"product_cat-krmivo-pro-psy-pro-psy-chovatelske-potreby-2","9":"product_cat-pamlsky-pro-psy","10":"product_cat-pro-psy-chovatelske-potreby-2","11":"pa_obchod-superzoo-cz","13":"first","14":"instock","15":"product-type-external","16":"entry","17":"content-bg","18":"loop-entry"},"acf":[],"yoast_head":"<!-- This site is optimized with the Yoast SEO plugin v27.4 - https:\/\/yoast.com\/product\/yoast-seo-wordpress\/ -->\n<title>Zdrav\u00e1 odm\u011bna ledvinky 60g - SHOPATOA.COM<\/title>\n<meta name=\"robots\" content=\"index, follow, max-snippet:-1, max-image-preview:large, max-video-preview:-1\" \/>\n<link rel=\"canonical\" href=\"https:\/\/shopatoa.com\/cz\/zdrava-odmena-ledvinky-60g\/\" \/>\n<meta property=\"og:locale\" content=\"cs_CZ\" \/>\n<meta property=\"og:type\" content=\"article\" \/>\n<meta property=\"og:title\" content=\"Zdrav\u00e1 odm\u011bna ledvinky 60g - SHOPATOA.COM\" \/>\n<meta property=\"og:description\" content=\"Vep\u0159ov\u00e9 ledvinky upraven\u00e9 tak, aby se daly pou\u017e\u00edt jako odm\u011bna na proch\u00e1zce, na cvi\u010d\u00e1ku nebo jen tak pro radost. Ledvinky jsou nakr\u00e1jen\u00e9 na mal\u00e9 kosti\u010dky. Obal je m\u011bkk\u00fd se zipem. Pytl\u00edk m\u016f\u017eete snadno d\u00e1t do kapsy a op\u011bt uzav\u0159\u00edt. Slo\u017een\u00ed: proteiny: 65,3%, popeloviny: 5,0%, vlhkost: 3,6%, tuky: 19,9%\" \/>\n<meta property=\"og:url\" content=\"https:\/\/shopatoa.com\/cz\/zdrava-odmena-ledvinky-60g\/\" \/>\n<meta property=\"og:site_name\" content=\"SHOPATOA\" \/>\n<meta property=\"article:modified_time\" content=\"2026-02-03T21:30:07+00:00\" \/>\n<meta property=\"og:image\" content=\"https:\/\/storage.googleapis.com\/cz-shopatoa-img\/cz\/eb8275f5-1_58917.jpg\" \/>\n\t<meta property=\"og:image:width\" content=\"600\" \/>\n\t<meta property=\"og:image:height\" content=\"600\" \/>\n\t<meta property=\"og:image:type\" content=\"image\/jpeg\" \/>\n<meta name=\"twitter:card\" content=\"summary_large_image\" \/>\n<script type=\"application\/ld+json\" class=\"yoast-schema-graph\">{\"@context\":\"https:\\\/\\\/schema.org\",\"@graph\":[{\"@type\":\"WebPage\",\"@id\":\"https:\\\/\\\/shopatoa.com\\\/cz\\\/zdrava-odmena-ledvinky-60g\\\/\",\"url\":\"https:\\\/\\\/shopatoa.com\\\/cz\\\/zdrava-odmena-ledvinky-60g\\\/\",\"name\":\"Zdrav\u00e1 odm\u011bna ledvinky 60g - SHOPATOA.COM\",\"isPartOf\":{\"@id\":\"https:\\\/\\\/shopatoa.com\\\/cz\\\/#website\"},\"primaryImageOfPage\":{\"@id\":\"https:\\\/\\\/shopatoa.com\\\/cz\\\/zdrava-odmena-ledvinky-60g\\\/#primaryimage\"},\"image\":{\"@id\":\"https:\\\/\\\/shopatoa.com\\\/cz\\\/zdrava-odmena-ledvinky-60g\\\/#primaryimage\"},\"thumbnailUrl\":\"https:\\\/\\\/storage.googleapis.com\\\/cz-shopatoa-img\\\/cz\\\/eb8275f5-1_58917.jpg\",\"datePublished\":\"2025-04-03T15:31:17+00:00\",\"dateModified\":\"2026-02-03T21:30:07+00:00\",\"breadcrumb\":{\"@id\":\"https:\\\/\\\/shopatoa.com\\\/cz\\\/zdrava-odmena-ledvinky-60g\\\/#breadcrumb\"},\"inLanguage\":\"cs\",\"potentialAction\":[{\"@type\":\"ReadAction\",\"target\":[\"https:\\\/\\\/shopatoa.com\\\/cz\\\/zdrava-odmena-ledvinky-60g\\\/\"]}]},{\"@type\":\"ImageObject\",\"inLanguage\":\"cs\",\"@id\":\"https:\\\/\\\/shopatoa.com\\\/cz\\\/zdrava-odmena-ledvinky-60g\\\/#primaryimage\",\"url\":\"https:\\\/\\\/storage.googleapis.com\\\/cz-shopatoa-img\\\/cz\\\/eb8275f5-1_58917.jpg\",\"contentUrl\":\"https:\\\/\\\/storage.googleapis.com\\\/cz-shopatoa-img\\\/cz\\\/eb8275f5-1_58917.jpg\",\"width\":600,\"height\":600},{\"@type\":\"BreadcrumbList\",\"@id\":\"https:\\\/\\\/shopatoa.com\\\/cz\\\/zdrava-odmena-ledvinky-60g\\\/#breadcrumb\",\"itemListElement\":[{\"@type\":\"ListItem\",\"position\":1,\"name\":\"Dom\u016f\",\"item\":\"https:\\\/\\\/shopatoa.com\\\/cz\\\/\"},{\"@type\":\"ListItem\",\"position\":2,\"name\":\"Produkty\",\"item\":\"https:\\\/\\\/shopatoa.com\\\/cz\\\/shop\\\/\"},{\"@type\":\"ListItem\",\"position\":3,\"name\":\"Chovatelsk\u00e9 pot\u0159eby\",\"item\":\"https:\\\/\\\/shopatoa.com\\\/cz\\\/chovatelske-potreby-2\\\/\"},{\"@type\":\"ListItem\",\"position\":4,\"name\":\"Pro psy\",\"item\":\"https:\\\/\\\/shopatoa.com\\\/cz\\\/pro-psy-chovatelske-potreby-2\\\/\"},{\"@type\":\"ListItem\",\"position\":5,\"name\":\"Krmivo pro psy\",\"item\":\"https:\\\/\\\/shopatoa.com\\\/cz\\\/krmivo-pro-psy-pro-psy-chovatelske-potreby-2\\\/\"},{\"@type\":\"ListItem\",\"position\":6,\"name\":\"Pamlsky pro psy\",\"item\":\"https:\\\/\\\/shopatoa.com\\\/cz\\\/pamlsky-pro-psy\\\/\"},{\"@type\":\"ListItem\",\"position\":7,\"name\":\"Zdrav\u00e1 odm\u011bna ledvinky 60g\"}]},{\"@type\":\"WebSite\",\"@id\":\"https:\\\/\\\/shopatoa.com\\\/cz\\\/#website\",\"url\":\"https:\\\/\\\/shopatoa.com\\\/cz\\\/\",\"name\":\"SHOPATOA\",\"description\":\"\",\"publisher\":{\"@id\":\"https:\\\/\\\/shopatoa.com\\\/cz\\\/#organization\"},\"potentialAction\":[{\"@type\":\"SearchAction\",\"target\":{\"@type\":\"EntryPoint\",\"urlTemplate\":\"https:\\\/\\\/shopatoa.com\\\/cz\\\/?s={search_term_string}\"},\"query-input\":{\"@type\":\"PropertyValueSpecification\",\"valueRequired\":true,\"valueName\":\"search_term_string\"}}],\"inLanguage\":\"cs\"},{\"@type\":\"Organization\",\"@id\":\"https:\\\/\\\/shopatoa.com\\\/cz\\\/#organization\",\"name\":\"SHOPATOA Digital s.r.o.\",\"url\":\"https:\\\/\\\/shopatoa.com\\\/cz\\\/\",\"logo\":{\"@type\":\"ImageObject\",\"inLanguage\":\"cs\",\"@id\":\"https:\\\/\\\/shopatoa.com\\\/cz\\\/#\\\/schema\\\/logo\\\/image\\\/\",\"url\":\"https:\\\/\\\/storage.googleapis.com\\\/cz-shopatoa-img\\\/cz\\\/ebccf434-shopatoa_logo.png\",\"contentUrl\":\"https:\\\/\\\/storage.googleapis.com\\\/cz-shopatoa-img\\\/cz\\\/ebccf434-shopatoa_logo.png\",\"width\":416,\"height\":63,\"caption\":\"SHOPATOA Digital s.r.o.\"},\"image\":{\"@id\":\"https:\\\/\\\/shopatoa.com\\\/cz\\\/#\\\/schema\\\/logo\\\/image\\\/\"}}]}<\/script>\n<!-- \/ Yoast SEO plugin. -->","yoast_head_json":{"title":"Zdrav\u00e1 odm\u011bna ledvinky 60g - SHOPATOA.COM","robots":{"index":"index","follow":"follow","max-snippet":"max-snippet:-1","max-image-preview":"max-image-preview:large","max-video-preview":"max-video-preview:-1"},"canonical":"https:\/\/shopatoa.com\/cz\/zdrava-odmena-ledvinky-60g\/","og_locale":"cs_CZ","og_type":"article","og_title":"Zdrav\u00e1 odm\u011bna ledvinky 60g - SHOPATOA.COM","og_description":"Vep\u0159ov\u00e9 ledvinky upraven\u00e9 tak, aby se daly pou\u017e\u00edt jako odm\u011bna na proch\u00e1zce, na cvi\u010d\u00e1ku nebo jen tak pro radost. Ledvinky jsou nakr\u00e1jen\u00e9 na mal\u00e9 kosti\u010dky. Obal je m\u011bkk\u00fd se zipem. Pytl\u00edk m\u016f\u017eete snadno d\u00e1t do kapsy a op\u011bt uzav\u0159\u00edt. Slo\u017een\u00ed: proteiny: 65,3%, popeloviny: 5,0%, vlhkost: 3,6%, tuky: 19,9%","og_url":"https:\/\/shopatoa.com\/cz\/zdrava-odmena-ledvinky-60g\/","og_site_name":"SHOPATOA","article_modified_time":"2026-02-03T21:30:07+00:00","og_image":[{"width":600,"height":600,"url":"https:\/\/storage.googleapis.com\/cz-shopatoa-img\/cz\/eb8275f5-1_58917.jpg","type":"image\/jpeg"}],"twitter_card":"summary_large_image","schema":{"@context":"https:\/\/schema.org","@graph":[{"@type":"WebPage","@id":"https:\/\/shopatoa.com\/cz\/zdrava-odmena-ledvinky-60g\/","url":"https:\/\/shopatoa.com\/cz\/zdrava-odmena-ledvinky-60g\/","name":"Zdrav\u00e1 odm\u011bna ledvinky 60g - SHOPATOA.COM","isPartOf":{"@id":"https:\/\/shopatoa.com\/cz\/#website"},"primaryImageOfPage":{"@id":"https:\/\/shopatoa.com\/cz\/zdrava-odmena-ledvinky-60g\/#primaryimage"},"image":{"@id":"https:\/\/shopatoa.com\/cz\/zdrava-odmena-ledvinky-60g\/#primaryimage"},"thumbnailUrl":"https:\/\/storage.googleapis.com\/cz-shopatoa-img\/cz\/eb8275f5-1_58917.jpg","datePublished":"2025-04-03T15:31:17+00:00","dateModified":"2026-02-03T21:30:07+00:00","breadcrumb":{"@id":"https:\/\/shopatoa.com\/cz\/zdrava-odmena-ledvinky-60g\/#breadcrumb"},"inLanguage":"cs","potentialAction":[{"@type":"ReadAction","target":["https:\/\/shopatoa.com\/cz\/zdrava-odmena-ledvinky-60g\/"]}]},{"@type":"ImageObject","inLanguage":"cs","@id":"https:\/\/shopatoa.com\/cz\/zdrava-odmena-ledvinky-60g\/#primaryimage","url":"https:\/\/storage.googleapis.com\/cz-shopatoa-img\/cz\/eb8275f5-1_58917.jpg","contentUrl":"https:\/\/storage.googleapis.com\/cz-shopatoa-img\/cz\/eb8275f5-1_58917.jpg","width":600,"height":600},{"@type":"BreadcrumbList","@id":"https:\/\/shopatoa.com\/cz\/zdrava-odmena-ledvinky-60g\/#breadcrumb","itemListElement":[{"@type":"ListItem","position":1,"name":"Dom\u016f","item":"https:\/\/shopatoa.com\/cz\/"},{"@type":"ListItem","position":2,"name":"Produkty","item":"https:\/\/shopatoa.com\/cz\/shop\/"},{"@type":"ListItem","position":3,"name":"Chovatelsk\u00e9 pot\u0159eby","item":"https:\/\/shopatoa.com\/cz\/chovatelske-potreby-2\/"},{"@type":"ListItem","position":4,"name":"Pro psy","item":"https:\/\/shopatoa.com\/cz\/pro-psy-chovatelske-potreby-2\/"},{"@type":"ListItem","position":5,"name":"Krmivo pro psy","item":"https:\/\/shopatoa.com\/cz\/krmivo-pro-psy-pro-psy-chovatelske-potreby-2\/"},{"@type":"ListItem","position":6,"name":"Pamlsky pro psy","item":"https:\/\/shopatoa.com\/cz\/pamlsky-pro-psy\/"},{"@type":"ListItem","position":7,"name":"Zdrav\u00e1 odm\u011bna ledvinky 60g"}]},{"@type":"WebSite","@id":"https:\/\/shopatoa.com\/cz\/#website","url":"https:\/\/shopatoa.com\/cz\/","name":"SHOPATOA","description":"","publisher":{"@id":"https:\/\/shopatoa.com\/cz\/#organization"},"potentialAction":[{"@type":"SearchAction","target":{"@type":"EntryPoint","urlTemplate":"https:\/\/shopatoa.com\/cz\/?s={search_term_string}"},"query-input":{"@type":"PropertyValueSpecification","valueRequired":true,"valueName":"search_term_string"}}],"inLanguage":"cs"},{"@type":"Organization","@id":"https:\/\/shopatoa.com\/cz\/#organization","name":"SHOPATOA Digital s.r.o.","url":"https:\/\/shopatoa.com\/cz\/","logo":{"@type":"ImageObject","inLanguage":"cs","@id":"https:\/\/shopatoa.com\/cz\/#\/schema\/logo\/image\/","url":"https:\/\/storage.googleapis.com\/cz-shopatoa-img\/cz\/ebccf434-shopatoa_logo.png","contentUrl":"https:\/\/storage.googleapis.com\/cz-shopatoa-img\/cz\/ebccf434-shopatoa_logo.png","width":416,"height":63,"caption":"SHOPATOA Digital s.r.o."},"image":{"@id":"https:\/\/shopatoa.com\/cz\/#\/schema\/logo\/image\/"}}]}},"_links":{"self":[{"href":"https:\/\/shopatoa.com\/cz\/wp-json\/wp\/v2\/product\/253344","targetHints":{"allow":["GET"]}}],"collection":[{"href":"https:\/\/shopatoa.com\/cz\/wp-json\/wp\/v2\/product"}],"about":[{"href":"https:\/\/shopatoa.com\/cz\/wp-json\/wp\/v2\/types\/product"}],"replies":[{"embeddable":true,"href":"https:\/\/shopatoa.com\/cz\/wp-json\/wp\/v2\/comments?post=253344"}],"wp:featuredmedia":[{"embeddable":true,"href":"https:\/\/shopatoa.com\/cz\/wp-json\/wp\/v2\/media\/253345"}],"wp:attachment":[{"href":"https:\/\/shopatoa.com\/cz\/wp-json\/wp\/v2\/media?parent=253344"}],"wp:term":[{"taxonomy":"product_brand","embeddable":true,"href":"https:\/\/shopatoa.com\/cz\/wp-json\/wp\/v2\/product_brand?post=253344"},{"taxonomy":"product_cat","embeddable":true,"href":"https:\/\/shopatoa.com\/cz\/wp-json\/wp\/v2\/product_cat?post=253344"},{"taxonomy":"product_tag","embeddable":true,"href":"https:\/\/shopatoa.com\/cz\/wp-json\/wp\/v2\/product_tag?post=253344"}],"curies":[{"name":"wp","href":"https:\/\/api.w.org\/{rel}","templated":true}]}}