{"id":253382,"date":"2025-04-03T17:40:04","date_gmt":"2025-04-03T15:40:04","guid":{"rendered":"https:\/\/shopatoa.com\/cz\/?post_type=product&#038;p=253382"},"modified":"2026-01-31T13:20:29","modified_gmt":"2026-01-31T12:20:29","slug":"pro-plan-large-adult-robust-everyday-nutrition-kure-14kg","status":"publish","type":"product","link":"https:\/\/shopatoa.com\/cz\/pro-plan-large-adult-robust-everyday-nutrition-kure-14kg\/","title":{"rendered":"Pro Plan Large Adult Robust Everyday Nutrition ku\u0159e 14kg"},"content":{"rendered":"<p>Dop\u0159ejte sv\u00e9mu psovi ka\u017edodenn\u00ed d\u00e1vku dokonalosti s krmivem Purina PRO PLAN\u00ae Everyday Nutrition.<\/p>\n<p>Hlavn\u00ed slo\u017ekou krmiva Purina PRO PLAN\u00ae Everyday Nutrition jsou kousky vysoce kvalitn\u00edho ku\u0159ec\u00edho. Slo\u017een\u00ed je navr\u017een\u00e9 tak, aby va\u0161emu psovi ka\u017ed\u00fd den dodalo v\u0161e, co pot\u0159ebuje ke zdrav\u00e9mu \u017eivotu. Granule obsahuj\u00ed specifick\u00e9 \u017eiviny ve vyv\u00e1\u017een\u00e9m pom\u011bru, co\u017e podporuje perfektn\u00ed vst\u0159eb\u00e1v\u00e1n\u00ed v\u0161ech l\u00e1tek a prosp\u00edv\u00e1 zdrav\u00ed va\u0161eho psa. Krmivo pom\u00e1h\u00e1 udr\u017eovat zdrav\u00e9 klouby a lesklou srst od ko\u0159\u00ednk\u016f a\u017e po kone\u010dky. Vysok\u00fd obsah b\u00edlkovin podporuje siln\u00e9 svaly, ide\u00e1ln\u00ed t\u011blesnou kondici a celkovou spokojenost va\u0161eho psa.<\/p>\n<p>Krmivo Purina PRO PLAN\u00ae Everyday Nutrition LARGE ADULT ROBUST bylo vyvinuto pro dosp\u011bl\u00e9 psy velk\u00fdch, robustn\u00edch plemen (s hmotnost\u00ed nad 25 kg). Granule obsahuj\u00ed vitam\u00edn D, miner\u00e1ln\u00ed l\u00e1tky a specifick\u00e9 mno\u017estv\u00ed omega-3 mastn\u00fdch kyselin (0,3 %), kter\u00e9 p\u0159isp\u00edvaj\u00ed ke zdrav\u00ed zub\u016f a d\u00e1sn\u00ed. Krmivo m\u00e1 vysok\u00fd pod\u00edl kvalitn\u00edho ku\u0159ec\u00edho, a tak zaji\u0161\u0165uje optim\u00e1ln\u00ed v\u00fd\u017eivu velk\u00fdch plemen od 24&#8230;<\/p>\n","protected":false},"excerpt":{"rendered":"<p>Dop\u0159ejte sv\u00e9mu psovi ka\u017edodenn\u00ed d\u00e1vku dokonalosti s krmivem Purina PRO PLAN\u00ae Everyday Nutrition. Hlavn\u00ed slo\u017ekou krmiva Purina PRO PLAN\u00ae Everyday Nutrition jsou kousky vysoce kvalitn\u00edho ku\u0159ec\u00edho. Slo\u017een\u00ed je navr\u017een\u00e9 tak, aby va\u0161emu psovi ka\u017ed\u00fd den dodalo v\u0161e, co pot\u0159ebuje ke zdrav\u00e9mu \u017eivotu. Granule obsahuj\u00ed specifick\u00e9 \u017eiviny ve vyv\u00e1\u017een\u00e9m pom\u011bru, co\u017e podporuje perfektn\u00ed vst\u0159eb\u00e1v\u00e1n\u00ed v\u0161ech l\u00e1tek&#8230;<\/p>\n","protected":false},"featured_media":253383,"comment_status":"closed","ping_status":"open","template":"","meta":{"_acf_changed":false,"_kadence_starter_templates_imported_post":false,"_kad_post_transparent":"","_kad_post_title":"","_kad_post_layout":"","_kad_post_sidebar_id":"","_kad_post_content_style":"","_kad_post_vertical_padding":"","_kad_post_feature":"","_kad_post_feature_position":"","_kad_post_header":false,"_kad_post_footer":false,"_kad_post_classname":""},"product_brand":[2763],"product_cat":[436,2569,2568,739],"product_tag":[],"class_list":{"0":"post-253382","1":"product","2":"type-product","3":"status-publish","4":"has-post-thumbnail","6":"product_brand-pro-plan","7":"product_cat-chovatelske-potreby-2","8":"product_cat-granule-pro-psy","9":"product_cat-krmivo-pro-psy-pro-psy-chovatelske-potreby-2","10":"product_cat-pro-psy-chovatelske-potreby-2","11":"pa_obchod-superzoo-cz","13":"first","14":"instock","15":"sale","16":"product-type-external","17":"entry","18":"content-bg","19":"loop-entry"},"acf":[],"yoast_head":"<!-- This site is optimized with the Yoast SEO plugin v27.4 - https:\/\/yoast.com\/product\/yoast-seo-wordpress\/ -->\n<title>Pro Plan Large Adult Robust Everyday Nutrition ku\u0159e 14kg - SHOPATOA.COM<\/title>\n<meta name=\"robots\" content=\"index, follow, max-snippet:-1, max-image-preview:large, max-video-preview:-1\" \/>\n<link rel=\"canonical\" href=\"https:\/\/shopatoa.com\/cz\/pro-plan-large-adult-robust-everyday-nutrition-kure-14kg\/\" \/>\n<meta property=\"og:locale\" content=\"cs_CZ\" \/>\n<meta property=\"og:type\" content=\"article\" \/>\n<meta property=\"og:title\" content=\"Pro Plan Large Adult Robust Everyday Nutrition ku\u0159e 14kg - SHOPATOA.COM\" \/>\n<meta property=\"og:description\" content=\"Dop\u0159ejte sv\u00e9mu psovi ka\u017edodenn\u00ed d\u00e1vku dokonalosti s krmivem Purina PRO PLAN\u00ae Everyday Nutrition. Hlavn\u00ed slo\u017ekou krmiva Purina PRO PLAN\u00ae Everyday Nutrition jsou kousky vysoce kvalitn\u00edho ku\u0159ec\u00edho. Slo\u017een\u00ed je navr\u017een\u00e9 tak, aby va\u0161emu psovi ka\u017ed\u00fd den dodalo v\u0161e, co pot\u0159ebuje ke zdrav\u00e9mu \u017eivotu. Granule obsahuj\u00ed specifick\u00e9 \u017eiviny ve vyv\u00e1\u017een\u00e9m pom\u011bru, co\u017e podporuje perfektn\u00ed vst\u0159eb\u00e1v\u00e1n\u00ed v\u0161ech l\u00e1tek...\" \/>\n<meta property=\"og:url\" content=\"https:\/\/shopatoa.com\/cz\/pro-plan-large-adult-robust-everyday-nutrition-kure-14kg\/\" \/>\n<meta property=\"og:site_name\" content=\"SHOPATOA\" \/>\n<meta property=\"article:modified_time\" content=\"2026-01-31T12:20:29+00:00\" \/>\n<meta property=\"og:image\" content=\"https:\/\/storage.googleapis.com\/cz-shopatoa-img\/cz\/87336ab3-1_83930.jpg\" \/>\n\t<meta property=\"og:image:width\" content=\"600\" \/>\n\t<meta property=\"og:image:height\" content=\"600\" \/>\n\t<meta property=\"og:image:type\" content=\"image\/jpeg\" \/>\n<meta name=\"twitter:card\" content=\"summary_large_image\" \/>\n<meta name=\"twitter:label1\" content=\"Odhadovan\u00e1 doba \u010dten\u00ed\" \/>\n\t<meta name=\"twitter:data1\" content=\"1 minuta\" \/>\n<script type=\"application\/ld+json\" class=\"yoast-schema-graph\">{\"@context\":\"https:\\\/\\\/schema.org\",\"@graph\":[{\"@type\":\"WebPage\",\"@id\":\"https:\\\/\\\/shopatoa.com\\\/cz\\\/pro-plan-large-adult-robust-everyday-nutrition-kure-14kg\\\/\",\"url\":\"https:\\\/\\\/shopatoa.com\\\/cz\\\/pro-plan-large-adult-robust-everyday-nutrition-kure-14kg\\\/\",\"name\":\"Pro Plan Large Adult Robust Everyday Nutrition ku\u0159e 14kg - SHOPATOA.COM\",\"isPartOf\":{\"@id\":\"https:\\\/\\\/shopatoa.com\\\/cz\\\/#website\"},\"primaryImageOfPage\":{\"@id\":\"https:\\\/\\\/shopatoa.com\\\/cz\\\/pro-plan-large-adult-robust-everyday-nutrition-kure-14kg\\\/#primaryimage\"},\"image\":{\"@id\":\"https:\\\/\\\/shopatoa.com\\\/cz\\\/pro-plan-large-adult-robust-everyday-nutrition-kure-14kg\\\/#primaryimage\"},\"thumbnailUrl\":\"https:\\\/\\\/storage.googleapis.com\\\/cz-shopatoa-img\\\/cz\\\/87336ab3-1_83930.jpg\",\"datePublished\":\"2025-04-03T15:40:04+00:00\",\"dateModified\":\"2026-01-31T12:20:29+00:00\",\"breadcrumb\":{\"@id\":\"https:\\\/\\\/shopatoa.com\\\/cz\\\/pro-plan-large-adult-robust-everyday-nutrition-kure-14kg\\\/#breadcrumb\"},\"inLanguage\":\"cs\",\"potentialAction\":[{\"@type\":\"ReadAction\",\"target\":[\"https:\\\/\\\/shopatoa.com\\\/cz\\\/pro-plan-large-adult-robust-everyday-nutrition-kure-14kg\\\/\"]}]},{\"@type\":\"ImageObject\",\"inLanguage\":\"cs\",\"@id\":\"https:\\\/\\\/shopatoa.com\\\/cz\\\/pro-plan-large-adult-robust-everyday-nutrition-kure-14kg\\\/#primaryimage\",\"url\":\"https:\\\/\\\/storage.googleapis.com\\\/cz-shopatoa-img\\\/cz\\\/87336ab3-1_83930.jpg\",\"contentUrl\":\"https:\\\/\\\/storage.googleapis.com\\\/cz-shopatoa-img\\\/cz\\\/87336ab3-1_83930.jpg\",\"width\":600,\"height\":600},{\"@type\":\"BreadcrumbList\",\"@id\":\"https:\\\/\\\/shopatoa.com\\\/cz\\\/pro-plan-large-adult-robust-everyday-nutrition-kure-14kg\\\/#breadcrumb\",\"itemListElement\":[{\"@type\":\"ListItem\",\"position\":1,\"name\":\"Dom\u016f\",\"item\":\"https:\\\/\\\/shopatoa.com\\\/cz\\\/\"},{\"@type\":\"ListItem\",\"position\":2,\"name\":\"Produkty\",\"item\":\"https:\\\/\\\/shopatoa.com\\\/cz\\\/shop\\\/\"},{\"@type\":\"ListItem\",\"position\":3,\"name\":\"Chovatelsk\u00e9 pot\u0159eby\",\"item\":\"https:\\\/\\\/shopatoa.com\\\/cz\\\/chovatelske-potreby-2\\\/\"},{\"@type\":\"ListItem\",\"position\":4,\"name\":\"Pro psy\",\"item\":\"https:\\\/\\\/shopatoa.com\\\/cz\\\/pro-psy-chovatelske-potreby-2\\\/\"},{\"@type\":\"ListItem\",\"position\":5,\"name\":\"Krmivo pro psy\",\"item\":\"https:\\\/\\\/shopatoa.com\\\/cz\\\/krmivo-pro-psy-pro-psy-chovatelske-potreby-2\\\/\"},{\"@type\":\"ListItem\",\"position\":6,\"name\":\"Granule pro psy\",\"item\":\"https:\\\/\\\/shopatoa.com\\\/cz\\\/granule-pro-psy\\\/\"},{\"@type\":\"ListItem\",\"position\":7,\"name\":\"Pro Plan Large Adult Robust Everyday Nutrition ku\u0159e 14kg\"}]},{\"@type\":\"WebSite\",\"@id\":\"https:\\\/\\\/shopatoa.com\\\/cz\\\/#website\",\"url\":\"https:\\\/\\\/shopatoa.com\\\/cz\\\/\",\"name\":\"SHOPATOA\",\"description\":\"\",\"publisher\":{\"@id\":\"https:\\\/\\\/shopatoa.com\\\/cz\\\/#organization\"},\"potentialAction\":[{\"@type\":\"SearchAction\",\"target\":{\"@type\":\"EntryPoint\",\"urlTemplate\":\"https:\\\/\\\/shopatoa.com\\\/cz\\\/?s={search_term_string}\"},\"query-input\":{\"@type\":\"PropertyValueSpecification\",\"valueRequired\":true,\"valueName\":\"search_term_string\"}}],\"inLanguage\":\"cs\"},{\"@type\":\"Organization\",\"@id\":\"https:\\\/\\\/shopatoa.com\\\/cz\\\/#organization\",\"name\":\"SHOPATOA Digital s.r.o.\",\"url\":\"https:\\\/\\\/shopatoa.com\\\/cz\\\/\",\"logo\":{\"@type\":\"ImageObject\",\"inLanguage\":\"cs\",\"@id\":\"https:\\\/\\\/shopatoa.com\\\/cz\\\/#\\\/schema\\\/logo\\\/image\\\/\",\"url\":\"https:\\\/\\\/storage.googleapis.com\\\/cz-shopatoa-img\\\/cz\\\/ebccf434-shopatoa_logo.png\",\"contentUrl\":\"https:\\\/\\\/storage.googleapis.com\\\/cz-shopatoa-img\\\/cz\\\/ebccf434-shopatoa_logo.png\",\"width\":416,\"height\":63,\"caption\":\"SHOPATOA Digital s.r.o.\"},\"image\":{\"@id\":\"https:\\\/\\\/shopatoa.com\\\/cz\\\/#\\\/schema\\\/logo\\\/image\\\/\"}}]}<\/script>\n<!-- \/ Yoast SEO plugin. -->","yoast_head_json":{"title":"Pro Plan Large Adult Robust Everyday Nutrition ku\u0159e 14kg - SHOPATOA.COM","robots":{"index":"index","follow":"follow","max-snippet":"max-snippet:-1","max-image-preview":"max-image-preview:large","max-video-preview":"max-video-preview:-1"},"canonical":"https:\/\/shopatoa.com\/cz\/pro-plan-large-adult-robust-everyday-nutrition-kure-14kg\/","og_locale":"cs_CZ","og_type":"article","og_title":"Pro Plan Large Adult Robust Everyday Nutrition ku\u0159e 14kg - SHOPATOA.COM","og_description":"Dop\u0159ejte sv\u00e9mu psovi ka\u017edodenn\u00ed d\u00e1vku dokonalosti s krmivem Purina PRO PLAN\u00ae Everyday Nutrition. Hlavn\u00ed slo\u017ekou krmiva Purina PRO PLAN\u00ae Everyday Nutrition jsou kousky vysoce kvalitn\u00edho ku\u0159ec\u00edho. Slo\u017een\u00ed je navr\u017een\u00e9 tak, aby va\u0161emu psovi ka\u017ed\u00fd den dodalo v\u0161e, co pot\u0159ebuje ke zdrav\u00e9mu \u017eivotu. Granule obsahuj\u00ed specifick\u00e9 \u017eiviny ve vyv\u00e1\u017een\u00e9m pom\u011bru, co\u017e podporuje perfektn\u00ed vst\u0159eb\u00e1v\u00e1n\u00ed v\u0161ech l\u00e1tek...","og_url":"https:\/\/shopatoa.com\/cz\/pro-plan-large-adult-robust-everyday-nutrition-kure-14kg\/","og_site_name":"SHOPATOA","article_modified_time":"2026-01-31T12:20:29+00:00","og_image":[{"width":600,"height":600,"url":"https:\/\/storage.googleapis.com\/cz-shopatoa-img\/cz\/87336ab3-1_83930.jpg","type":"image\/jpeg"}],"twitter_card":"summary_large_image","twitter_misc":{"Odhadovan\u00e1 doba \u010dten\u00ed":"1 minuta"},"schema":{"@context":"https:\/\/schema.org","@graph":[{"@type":"WebPage","@id":"https:\/\/shopatoa.com\/cz\/pro-plan-large-adult-robust-everyday-nutrition-kure-14kg\/","url":"https:\/\/shopatoa.com\/cz\/pro-plan-large-adult-robust-everyday-nutrition-kure-14kg\/","name":"Pro Plan Large Adult Robust Everyday Nutrition ku\u0159e 14kg - SHOPATOA.COM","isPartOf":{"@id":"https:\/\/shopatoa.com\/cz\/#website"},"primaryImageOfPage":{"@id":"https:\/\/shopatoa.com\/cz\/pro-plan-large-adult-robust-everyday-nutrition-kure-14kg\/#primaryimage"},"image":{"@id":"https:\/\/shopatoa.com\/cz\/pro-plan-large-adult-robust-everyday-nutrition-kure-14kg\/#primaryimage"},"thumbnailUrl":"https:\/\/storage.googleapis.com\/cz-shopatoa-img\/cz\/87336ab3-1_83930.jpg","datePublished":"2025-04-03T15:40:04+00:00","dateModified":"2026-01-31T12:20:29+00:00","breadcrumb":{"@id":"https:\/\/shopatoa.com\/cz\/pro-plan-large-adult-robust-everyday-nutrition-kure-14kg\/#breadcrumb"},"inLanguage":"cs","potentialAction":[{"@type":"ReadAction","target":["https:\/\/shopatoa.com\/cz\/pro-plan-large-adult-robust-everyday-nutrition-kure-14kg\/"]}]},{"@type":"ImageObject","inLanguage":"cs","@id":"https:\/\/shopatoa.com\/cz\/pro-plan-large-adult-robust-everyday-nutrition-kure-14kg\/#primaryimage","url":"https:\/\/storage.googleapis.com\/cz-shopatoa-img\/cz\/87336ab3-1_83930.jpg","contentUrl":"https:\/\/storage.googleapis.com\/cz-shopatoa-img\/cz\/87336ab3-1_83930.jpg","width":600,"height":600},{"@type":"BreadcrumbList","@id":"https:\/\/shopatoa.com\/cz\/pro-plan-large-adult-robust-everyday-nutrition-kure-14kg\/#breadcrumb","itemListElement":[{"@type":"ListItem","position":1,"name":"Dom\u016f","item":"https:\/\/shopatoa.com\/cz\/"},{"@type":"ListItem","position":2,"name":"Produkty","item":"https:\/\/shopatoa.com\/cz\/shop\/"},{"@type":"ListItem","position":3,"name":"Chovatelsk\u00e9 pot\u0159eby","item":"https:\/\/shopatoa.com\/cz\/chovatelske-potreby-2\/"},{"@type":"ListItem","position":4,"name":"Pro psy","item":"https:\/\/shopatoa.com\/cz\/pro-psy-chovatelske-potreby-2\/"},{"@type":"ListItem","position":5,"name":"Krmivo pro psy","item":"https:\/\/shopatoa.com\/cz\/krmivo-pro-psy-pro-psy-chovatelske-potreby-2\/"},{"@type":"ListItem","position":6,"name":"Granule pro psy","item":"https:\/\/shopatoa.com\/cz\/granule-pro-psy\/"},{"@type":"ListItem","position":7,"name":"Pro Plan Large Adult Robust Everyday Nutrition ku\u0159e 14kg"}]},{"@type":"WebSite","@id":"https:\/\/shopatoa.com\/cz\/#website","url":"https:\/\/shopatoa.com\/cz\/","name":"SHOPATOA","description":"","publisher":{"@id":"https:\/\/shopatoa.com\/cz\/#organization"},"potentialAction":[{"@type":"SearchAction","target":{"@type":"EntryPoint","urlTemplate":"https:\/\/shopatoa.com\/cz\/?s={search_term_string}"},"query-input":{"@type":"PropertyValueSpecification","valueRequired":true,"valueName":"search_term_string"}}],"inLanguage":"cs"},{"@type":"Organization","@id":"https:\/\/shopatoa.com\/cz\/#organization","name":"SHOPATOA Digital s.r.o.","url":"https:\/\/shopatoa.com\/cz\/","logo":{"@type":"ImageObject","inLanguage":"cs","@id":"https:\/\/shopatoa.com\/cz\/#\/schema\/logo\/image\/","url":"https:\/\/storage.googleapis.com\/cz-shopatoa-img\/cz\/ebccf434-shopatoa_logo.png","contentUrl":"https:\/\/storage.googleapis.com\/cz-shopatoa-img\/cz\/ebccf434-shopatoa_logo.png","width":416,"height":63,"caption":"SHOPATOA Digital s.r.o."},"image":{"@id":"https:\/\/shopatoa.com\/cz\/#\/schema\/logo\/image\/"}}]}},"_links":{"self":[{"href":"https:\/\/shopatoa.com\/cz\/wp-json\/wp\/v2\/product\/253382","targetHints":{"allow":["GET"]}}],"collection":[{"href":"https:\/\/shopatoa.com\/cz\/wp-json\/wp\/v2\/product"}],"about":[{"href":"https:\/\/shopatoa.com\/cz\/wp-json\/wp\/v2\/types\/product"}],"replies":[{"embeddable":true,"href":"https:\/\/shopatoa.com\/cz\/wp-json\/wp\/v2\/comments?post=253382"}],"wp:featuredmedia":[{"embeddable":true,"href":"https:\/\/shopatoa.com\/cz\/wp-json\/wp\/v2\/media\/253383"}],"wp:attachment":[{"href":"https:\/\/shopatoa.com\/cz\/wp-json\/wp\/v2\/media?parent=253382"}],"wp:term":[{"taxonomy":"product_brand","embeddable":true,"href":"https:\/\/shopatoa.com\/cz\/wp-json\/wp\/v2\/product_brand?post=253382"},{"taxonomy":"product_cat","embeddable":true,"href":"https:\/\/shopatoa.com\/cz\/wp-json\/wp\/v2\/product_cat?post=253382"},{"taxonomy":"product_tag","embeddable":true,"href":"https:\/\/shopatoa.com\/cz\/wp-json\/wp\/v2\/product_tag?post=253382"}],"curies":[{"name":"wp","href":"https:\/\/api.w.org\/{rel}","templated":true}]}}