{"id":253494,"date":"2025-04-03T18:00:31","date_gmt":"2025-04-03T16:00:31","guid":{"rendered":"https:\/\/shopatoa.com\/cz\/?post_type=product&#038;p=253494"},"modified":"2026-02-03T22:12:21","modified_gmt":"2026-02-03T21:12:21","slug":"elbeville-puppy-and-junior-large-fresh-turkey-healthy-development-114kg","status":"publish","type":"product","link":"https:\/\/shopatoa.com\/cz\/elbeville-puppy-and-junior-large-fresh-turkey-healthy-development-114kg\/","title":{"rendered":"ELBEVILLE Puppy and Junior Large Fresh Turkey Healthy Development 11,4kg"},"content":{"rendered":"<p>\u010cesk\u00e9 holistick\u00e9 krmivo pro vitalitu a silnou imunitu va\u0161eho psa. Receptura\u00a0vhodn\u00e1 pro<br \/>\n\u0161t\u011b\u0148ata a mlad\u00e9 psy velk\u00fdch a ob\u0159\u00edch plemen.<\/p>\n<p>ELBEVILLE je\u00a0p\u0159irozen\u00e1 strava pro celkov\u00e9 zdrav\u00ed Va\u0161eho psa. Je vyroben\u00e1 z nejlep\u0161\u00edch p\u0159\u00edrodn\u00edch, lok\u00e1ln\u00edch surovin v\u010detn\u011b tzv. superpotravin a\u00a0s vysok\u00fdm obsahem kvalitn\u00edho \u010derstv\u00e9ho masa.\u00a0Tato receptura obsahuje 35 % \u010derstv\u00fdch vykost\u011bn\u00fdch filet\u016f z kr\u016fty\u00a0a d\u00e1le 27\u00a0%\u00a0dehydrovan\u00e9ho kachn\u00edho a kr\u016ft\u00edho.<\/p>\n<p>\tBEZ lepku, obilovin, s\u00f3ji.<br \/>\n\tBEZ GMO.<br \/>\n\tBEZ ku\u0159ec\u00ed mou\u010dky.<br \/>\n\tBEZ zbyte\u010dn\u00fdch aditiv.<\/p>\n<p>\u00a0<\/p>\n<p>\u00a0<\/p>\n<p>Krmivo bylo vyvinuto v souladu s\u00a0holistick\u00fdm, 360\u00b0 pohledem\u00a0na ka\u017edodenn\u00ed pot\u0159eby psa tak, aby zajistilo jeho\u00a0vitalitu, imunitu a zdrav\u00e9\u00a0prosp\u00edv\u00e1n\u00ed.<\/p>\n<p>Db\u00e1me i na zdrav\u00ed na\u0161\u00ed planety. Krmivo ELBEVILLE je\u00a0vyr\u00e1b\u011bno v \u010cesk\u00e9 republice\u00a0z lok\u00e1ln\u00edch surovin. Obaly krmiv ELBEVILLE jsou pln\u011b recyklovateln\u00e9.<\/p>\n<p>\u00a0<\/p>\n<p>Receptury ELBEVILLE obsahuj\u00ed v\u011bdecky podlo\u017een\u00e9\u00a0posilova\u010de imunity.<\/p>\n<p>OVOPET\u00ae\u00a0je ov\u011b\u0159en\u00fd p\u0159\u00edrodn\u00ed zdroj kolagenu, elastinu, kyseliny&#8230;<\/p>\n","protected":false},"excerpt":{"rendered":"<p>\u010cesk\u00e9 holistick\u00e9 krmivo pro vitalitu a silnou imunitu va\u0161eho psa. Receptura\u00a0vhodn\u00e1 pro \u0161t\u011b\u0148ata a mlad\u00e9 psy velk\u00fdch a ob\u0159\u00edch plemen. ELBEVILLE je\u00a0p\u0159irozen\u00e1 strava pro celkov\u00e9 zdrav\u00ed Va\u0161eho psa. Je vyroben\u00e1 z nejlep\u0161\u00edch p\u0159\u00edrodn\u00edch, lok\u00e1ln\u00edch surovin v\u010detn\u011b tzv. superpotravin a\u00a0s vysok\u00fdm obsahem kvalitn\u00edho \u010derstv\u00e9ho masa.\u00a0Tato receptura obsahuje 35 % \u010derstv\u00fdch vykost\u011bn\u00fdch filet\u016f z kr\u016fty\u00a0a d\u00e1le 27\u00a0%\u00a0dehydrovan\u00e9ho&#8230;<\/p>\n","protected":false},"featured_media":253495,"comment_status":"closed","ping_status":"open","template":"","meta":{"_acf_changed":false,"_kadence_starter_templates_imported_post":false,"_kad_post_transparent":"","_kad_post_title":"","_kad_post_layout":"","_kad_post_sidebar_id":"","_kad_post_content_style":"","_kad_post_vertical_padding":"","_kad_post_feature":"","_kad_post_feature_position":"","_kad_post_header":false,"_kad_post_footer":false,"_kad_post_classname":""},"product_brand":[2771],"product_cat":[436,2569,2568,739],"product_tag":[],"class_list":{"0":"post-253494","1":"product","2":"type-product","3":"status-publish","4":"has-post-thumbnail","6":"product_brand-elbeville","7":"product_cat-chovatelske-potreby-2","8":"product_cat-granule-pro-psy","9":"product_cat-krmivo-pro-psy-pro-psy-chovatelske-potreby-2","10":"product_cat-pro-psy-chovatelske-potreby-2","11":"pa_obchod-superzoo-cz","13":"first","14":"instock","15":"product-type-external","16":"entry","17":"content-bg","18":"loop-entry"},"acf":[],"yoast_head":"<!-- This site is optimized with the Yoast SEO plugin v27.4 - https:\/\/yoast.com\/product\/yoast-seo-wordpress\/ -->\n<title>ELBEVILLE Puppy and Junior Large Fresh Turkey Healthy Development 11,4kg - SHOPATOA.COM<\/title>\n<meta name=\"robots\" content=\"index, follow, max-snippet:-1, max-image-preview:large, max-video-preview:-1\" \/>\n<link rel=\"canonical\" href=\"https:\/\/shopatoa.com\/cz\/elbeville-puppy-and-junior-large-fresh-turkey-healthy-development-114kg\/\" \/>\n<meta property=\"og:locale\" content=\"cs_CZ\" \/>\n<meta property=\"og:type\" content=\"article\" \/>\n<meta property=\"og:title\" content=\"ELBEVILLE Puppy and Junior Large Fresh Turkey Healthy Development 11,4kg - SHOPATOA.COM\" \/>\n<meta property=\"og:description\" content=\"\u010cesk\u00e9 holistick\u00e9 krmivo pro vitalitu a silnou imunitu va\u0161eho psa. Receptura\u00a0vhodn\u00e1 pro \u0161t\u011b\u0148ata a mlad\u00e9 psy velk\u00fdch a ob\u0159\u00edch plemen. ELBEVILLE je\u00a0p\u0159irozen\u00e1 strava pro celkov\u00e9 zdrav\u00ed Va\u0161eho psa. Je vyroben\u00e1 z nejlep\u0161\u00edch p\u0159\u00edrodn\u00edch, lok\u00e1ln\u00edch surovin v\u010detn\u011b tzv. superpotravin a\u00a0s vysok\u00fdm obsahem kvalitn\u00edho \u010derstv\u00e9ho masa.\u00a0Tato receptura obsahuje 35 % \u010derstv\u00fdch vykost\u011bn\u00fdch filet\u016f z kr\u016fty\u00a0a d\u00e1le 27\u00a0%\u00a0dehydrovan\u00e9ho...\" \/>\n<meta property=\"og:url\" content=\"https:\/\/shopatoa.com\/cz\/elbeville-puppy-and-junior-large-fresh-turkey-healthy-development-114kg\/\" \/>\n<meta property=\"og:site_name\" content=\"SHOPATOA\" \/>\n<meta property=\"article:modified_time\" content=\"2026-02-03T21:12:21+00:00\" \/>\n<meta property=\"og:image\" content=\"https:\/\/storage.googleapis.com\/cz-shopatoa-img\/cz\/5137521b-1_84588.jpg\" \/>\n\t<meta property=\"og:image:width\" content=\"600\" \/>\n\t<meta property=\"og:image:height\" content=\"600\" \/>\n\t<meta property=\"og:image:type\" content=\"image\/jpeg\" \/>\n<meta name=\"twitter:card\" content=\"summary_large_image\" \/>\n<meta name=\"twitter:label1\" content=\"Odhadovan\u00e1 doba \u010dten\u00ed\" \/>\n\t<meta name=\"twitter:data1\" content=\"1 minuta\" \/>\n<script type=\"application\/ld+json\" class=\"yoast-schema-graph\">{\"@context\":\"https:\\\/\\\/schema.org\",\"@graph\":[{\"@type\":\"WebPage\",\"@id\":\"https:\\\/\\\/shopatoa.com\\\/cz\\\/elbeville-puppy-and-junior-large-fresh-turkey-healthy-development-114kg\\\/\",\"url\":\"https:\\\/\\\/shopatoa.com\\\/cz\\\/elbeville-puppy-and-junior-large-fresh-turkey-healthy-development-114kg\\\/\",\"name\":\"ELBEVILLE Puppy and Junior Large Fresh Turkey Healthy Development 11,4kg - SHOPATOA.COM\",\"isPartOf\":{\"@id\":\"https:\\\/\\\/shopatoa.com\\\/cz\\\/#website\"},\"primaryImageOfPage\":{\"@id\":\"https:\\\/\\\/shopatoa.com\\\/cz\\\/elbeville-puppy-and-junior-large-fresh-turkey-healthy-development-114kg\\\/#primaryimage\"},\"image\":{\"@id\":\"https:\\\/\\\/shopatoa.com\\\/cz\\\/elbeville-puppy-and-junior-large-fresh-turkey-healthy-development-114kg\\\/#primaryimage\"},\"thumbnailUrl\":\"https:\\\/\\\/storage.googleapis.com\\\/cz-shopatoa-img\\\/cz\\\/5137521b-1_84588.jpg\",\"datePublished\":\"2025-04-03T16:00:31+00:00\",\"dateModified\":\"2026-02-03T21:12:21+00:00\",\"breadcrumb\":{\"@id\":\"https:\\\/\\\/shopatoa.com\\\/cz\\\/elbeville-puppy-and-junior-large-fresh-turkey-healthy-development-114kg\\\/#breadcrumb\"},\"inLanguage\":\"cs\",\"potentialAction\":[{\"@type\":\"ReadAction\",\"target\":[\"https:\\\/\\\/shopatoa.com\\\/cz\\\/elbeville-puppy-and-junior-large-fresh-turkey-healthy-development-114kg\\\/\"]}]},{\"@type\":\"ImageObject\",\"inLanguage\":\"cs\",\"@id\":\"https:\\\/\\\/shopatoa.com\\\/cz\\\/elbeville-puppy-and-junior-large-fresh-turkey-healthy-development-114kg\\\/#primaryimage\",\"url\":\"https:\\\/\\\/storage.googleapis.com\\\/cz-shopatoa-img\\\/cz\\\/5137521b-1_84588.jpg\",\"contentUrl\":\"https:\\\/\\\/storage.googleapis.com\\\/cz-shopatoa-img\\\/cz\\\/5137521b-1_84588.jpg\",\"width\":600,\"height\":600},{\"@type\":\"BreadcrumbList\",\"@id\":\"https:\\\/\\\/shopatoa.com\\\/cz\\\/elbeville-puppy-and-junior-large-fresh-turkey-healthy-development-114kg\\\/#breadcrumb\",\"itemListElement\":[{\"@type\":\"ListItem\",\"position\":1,\"name\":\"Dom\u016f\",\"item\":\"https:\\\/\\\/shopatoa.com\\\/cz\\\/\"},{\"@type\":\"ListItem\",\"position\":2,\"name\":\"Produkty\",\"item\":\"https:\\\/\\\/shopatoa.com\\\/cz\\\/shop\\\/\"},{\"@type\":\"ListItem\",\"position\":3,\"name\":\"Chovatelsk\u00e9 pot\u0159eby\",\"item\":\"https:\\\/\\\/shopatoa.com\\\/cz\\\/chovatelske-potreby-2\\\/\"},{\"@type\":\"ListItem\",\"position\":4,\"name\":\"Pro psy\",\"item\":\"https:\\\/\\\/shopatoa.com\\\/cz\\\/pro-psy-chovatelske-potreby-2\\\/\"},{\"@type\":\"ListItem\",\"position\":5,\"name\":\"Krmivo pro psy\",\"item\":\"https:\\\/\\\/shopatoa.com\\\/cz\\\/krmivo-pro-psy-pro-psy-chovatelske-potreby-2\\\/\"},{\"@type\":\"ListItem\",\"position\":6,\"name\":\"Granule pro psy\",\"item\":\"https:\\\/\\\/shopatoa.com\\\/cz\\\/granule-pro-psy\\\/\"},{\"@type\":\"ListItem\",\"position\":7,\"name\":\"ELBEVILLE Puppy and Junior Large Fresh Turkey Healthy Development 11,4kg\"}]},{\"@type\":\"WebSite\",\"@id\":\"https:\\\/\\\/shopatoa.com\\\/cz\\\/#website\",\"url\":\"https:\\\/\\\/shopatoa.com\\\/cz\\\/\",\"name\":\"SHOPATOA\",\"description\":\"\",\"publisher\":{\"@id\":\"https:\\\/\\\/shopatoa.com\\\/cz\\\/#organization\"},\"potentialAction\":[{\"@type\":\"SearchAction\",\"target\":{\"@type\":\"EntryPoint\",\"urlTemplate\":\"https:\\\/\\\/shopatoa.com\\\/cz\\\/?s={search_term_string}\"},\"query-input\":{\"@type\":\"PropertyValueSpecification\",\"valueRequired\":true,\"valueName\":\"search_term_string\"}}],\"inLanguage\":\"cs\"},{\"@type\":\"Organization\",\"@id\":\"https:\\\/\\\/shopatoa.com\\\/cz\\\/#organization\",\"name\":\"SHOPATOA Digital s.r.o.\",\"url\":\"https:\\\/\\\/shopatoa.com\\\/cz\\\/\",\"logo\":{\"@type\":\"ImageObject\",\"inLanguage\":\"cs\",\"@id\":\"https:\\\/\\\/shopatoa.com\\\/cz\\\/#\\\/schema\\\/logo\\\/image\\\/\",\"url\":\"https:\\\/\\\/storage.googleapis.com\\\/cz-shopatoa-img\\\/cz\\\/ebccf434-shopatoa_logo.png\",\"contentUrl\":\"https:\\\/\\\/storage.googleapis.com\\\/cz-shopatoa-img\\\/cz\\\/ebccf434-shopatoa_logo.png\",\"width\":416,\"height\":63,\"caption\":\"SHOPATOA Digital s.r.o.\"},\"image\":{\"@id\":\"https:\\\/\\\/shopatoa.com\\\/cz\\\/#\\\/schema\\\/logo\\\/image\\\/\"}}]}<\/script>\n<!-- \/ Yoast SEO plugin. -->","yoast_head_json":{"title":"ELBEVILLE Puppy and Junior Large Fresh Turkey Healthy Development 11,4kg - SHOPATOA.COM","robots":{"index":"index","follow":"follow","max-snippet":"max-snippet:-1","max-image-preview":"max-image-preview:large","max-video-preview":"max-video-preview:-1"},"canonical":"https:\/\/shopatoa.com\/cz\/elbeville-puppy-and-junior-large-fresh-turkey-healthy-development-114kg\/","og_locale":"cs_CZ","og_type":"article","og_title":"ELBEVILLE Puppy and Junior Large Fresh Turkey Healthy Development 11,4kg - SHOPATOA.COM","og_description":"\u010cesk\u00e9 holistick\u00e9 krmivo pro vitalitu a silnou imunitu va\u0161eho psa. Receptura\u00a0vhodn\u00e1 pro \u0161t\u011b\u0148ata a mlad\u00e9 psy velk\u00fdch a ob\u0159\u00edch plemen. ELBEVILLE je\u00a0p\u0159irozen\u00e1 strava pro celkov\u00e9 zdrav\u00ed Va\u0161eho psa. Je vyroben\u00e1 z nejlep\u0161\u00edch p\u0159\u00edrodn\u00edch, lok\u00e1ln\u00edch surovin v\u010detn\u011b tzv. superpotravin a\u00a0s vysok\u00fdm obsahem kvalitn\u00edho \u010derstv\u00e9ho masa.\u00a0Tato receptura obsahuje 35 % \u010derstv\u00fdch vykost\u011bn\u00fdch filet\u016f z kr\u016fty\u00a0a d\u00e1le 27\u00a0%\u00a0dehydrovan\u00e9ho...","og_url":"https:\/\/shopatoa.com\/cz\/elbeville-puppy-and-junior-large-fresh-turkey-healthy-development-114kg\/","og_site_name":"SHOPATOA","article_modified_time":"2026-02-03T21:12:21+00:00","og_image":[{"width":600,"height":600,"url":"https:\/\/storage.googleapis.com\/cz-shopatoa-img\/cz\/5137521b-1_84588.jpg","type":"image\/jpeg"}],"twitter_card":"summary_large_image","twitter_misc":{"Odhadovan\u00e1 doba \u010dten\u00ed":"1 minuta"},"schema":{"@context":"https:\/\/schema.org","@graph":[{"@type":"WebPage","@id":"https:\/\/shopatoa.com\/cz\/elbeville-puppy-and-junior-large-fresh-turkey-healthy-development-114kg\/","url":"https:\/\/shopatoa.com\/cz\/elbeville-puppy-and-junior-large-fresh-turkey-healthy-development-114kg\/","name":"ELBEVILLE Puppy and Junior Large Fresh Turkey Healthy Development 11,4kg - SHOPATOA.COM","isPartOf":{"@id":"https:\/\/shopatoa.com\/cz\/#website"},"primaryImageOfPage":{"@id":"https:\/\/shopatoa.com\/cz\/elbeville-puppy-and-junior-large-fresh-turkey-healthy-development-114kg\/#primaryimage"},"image":{"@id":"https:\/\/shopatoa.com\/cz\/elbeville-puppy-and-junior-large-fresh-turkey-healthy-development-114kg\/#primaryimage"},"thumbnailUrl":"https:\/\/storage.googleapis.com\/cz-shopatoa-img\/cz\/5137521b-1_84588.jpg","datePublished":"2025-04-03T16:00:31+00:00","dateModified":"2026-02-03T21:12:21+00:00","breadcrumb":{"@id":"https:\/\/shopatoa.com\/cz\/elbeville-puppy-and-junior-large-fresh-turkey-healthy-development-114kg\/#breadcrumb"},"inLanguage":"cs","potentialAction":[{"@type":"ReadAction","target":["https:\/\/shopatoa.com\/cz\/elbeville-puppy-and-junior-large-fresh-turkey-healthy-development-114kg\/"]}]},{"@type":"ImageObject","inLanguage":"cs","@id":"https:\/\/shopatoa.com\/cz\/elbeville-puppy-and-junior-large-fresh-turkey-healthy-development-114kg\/#primaryimage","url":"https:\/\/storage.googleapis.com\/cz-shopatoa-img\/cz\/5137521b-1_84588.jpg","contentUrl":"https:\/\/storage.googleapis.com\/cz-shopatoa-img\/cz\/5137521b-1_84588.jpg","width":600,"height":600},{"@type":"BreadcrumbList","@id":"https:\/\/shopatoa.com\/cz\/elbeville-puppy-and-junior-large-fresh-turkey-healthy-development-114kg\/#breadcrumb","itemListElement":[{"@type":"ListItem","position":1,"name":"Dom\u016f","item":"https:\/\/shopatoa.com\/cz\/"},{"@type":"ListItem","position":2,"name":"Produkty","item":"https:\/\/shopatoa.com\/cz\/shop\/"},{"@type":"ListItem","position":3,"name":"Chovatelsk\u00e9 pot\u0159eby","item":"https:\/\/shopatoa.com\/cz\/chovatelske-potreby-2\/"},{"@type":"ListItem","position":4,"name":"Pro psy","item":"https:\/\/shopatoa.com\/cz\/pro-psy-chovatelske-potreby-2\/"},{"@type":"ListItem","position":5,"name":"Krmivo pro psy","item":"https:\/\/shopatoa.com\/cz\/krmivo-pro-psy-pro-psy-chovatelske-potreby-2\/"},{"@type":"ListItem","position":6,"name":"Granule pro psy","item":"https:\/\/shopatoa.com\/cz\/granule-pro-psy\/"},{"@type":"ListItem","position":7,"name":"ELBEVILLE Puppy and Junior Large Fresh Turkey Healthy Development 11,4kg"}]},{"@type":"WebSite","@id":"https:\/\/shopatoa.com\/cz\/#website","url":"https:\/\/shopatoa.com\/cz\/","name":"SHOPATOA","description":"","publisher":{"@id":"https:\/\/shopatoa.com\/cz\/#organization"},"potentialAction":[{"@type":"SearchAction","target":{"@type":"EntryPoint","urlTemplate":"https:\/\/shopatoa.com\/cz\/?s={search_term_string}"},"query-input":{"@type":"PropertyValueSpecification","valueRequired":true,"valueName":"search_term_string"}}],"inLanguage":"cs"},{"@type":"Organization","@id":"https:\/\/shopatoa.com\/cz\/#organization","name":"SHOPATOA Digital s.r.o.","url":"https:\/\/shopatoa.com\/cz\/","logo":{"@type":"ImageObject","inLanguage":"cs","@id":"https:\/\/shopatoa.com\/cz\/#\/schema\/logo\/image\/","url":"https:\/\/storage.googleapis.com\/cz-shopatoa-img\/cz\/ebccf434-shopatoa_logo.png","contentUrl":"https:\/\/storage.googleapis.com\/cz-shopatoa-img\/cz\/ebccf434-shopatoa_logo.png","width":416,"height":63,"caption":"SHOPATOA Digital s.r.o."},"image":{"@id":"https:\/\/shopatoa.com\/cz\/#\/schema\/logo\/image\/"}}]}},"_links":{"self":[{"href":"https:\/\/shopatoa.com\/cz\/wp-json\/wp\/v2\/product\/253494","targetHints":{"allow":["GET"]}}],"collection":[{"href":"https:\/\/shopatoa.com\/cz\/wp-json\/wp\/v2\/product"}],"about":[{"href":"https:\/\/shopatoa.com\/cz\/wp-json\/wp\/v2\/types\/product"}],"replies":[{"embeddable":true,"href":"https:\/\/shopatoa.com\/cz\/wp-json\/wp\/v2\/comments?post=253494"}],"wp:featuredmedia":[{"embeddable":true,"href":"https:\/\/shopatoa.com\/cz\/wp-json\/wp\/v2\/media\/253495"}],"wp:attachment":[{"href":"https:\/\/shopatoa.com\/cz\/wp-json\/wp\/v2\/media?parent=253494"}],"wp:term":[{"taxonomy":"product_brand","embeddable":true,"href":"https:\/\/shopatoa.com\/cz\/wp-json\/wp\/v2\/product_brand?post=253494"},{"taxonomy":"product_cat","embeddable":true,"href":"https:\/\/shopatoa.com\/cz\/wp-json\/wp\/v2\/product_cat?post=253494"},{"taxonomy":"product_tag","embeddable":true,"href":"https:\/\/shopatoa.com\/cz\/wp-json\/wp\/v2\/product_tag?post=253494"}],"curies":[{"name":"wp","href":"https:\/\/api.w.org\/{rel}","templated":true}]}}