{"id":253542,"date":"2025-04-03T18:10:05","date_gmt":"2025-04-03T16:10:05","guid":{"rendered":"https:\/\/shopatoa.com\/cz\/?post_type=product&#038;p=253542"},"modified":"2026-01-29T21:18:36","modified_gmt":"2026-01-29T20:18:36","slug":"zubni-gel-s-aplikatorem-beaphar-100-g","status":"publish","type":"product","link":"https:\/\/shopatoa.com\/cz\/zubni-gel-s-aplikatorem-beaphar-100-g\/","title":{"rendered":"Zubn\u00ed gel s aplik\u00e1torem Beaphar 100 g"},"content":{"rendered":"<p>Zubn\u00ed gel s j\u00e1trovou p\u0159\u00edchut\u00ed zaji\u0161\u0165uje ka\u017edodenn\u00ed ochranu zub\u016f va\u0161eho psa a ko\u010dky, i bez pou\u017eit\u00ed zubn\u00edho kart\u00e1\u010dku. Pro zdrav\u00e9 zuby a sv\u011b\u017e\u00ed dech va\u0161eho psa \u010di ko\u010dky.<\/p>\n<p>\tProti usazov\u00e1n\u00ed zubn\u00edho plaku<br \/>\n\tP\u0159edch\u00e1z\u00ed vzniku zubn\u00edho kamene<br \/>\n\tObsahuje enzymy, je\u017e bojuj\u00ed se \u0161kodliv\u00fdmi bakteriemi<br \/>\n\tS\u00a0praktick\u00fdm aplik\u00e1torem, kter\u00fd usnad\u0148uje nanesen\u00ed gelu <\/p>\n<p>N\u00e1vod k pou\u017eit\u00ed: P\u0159ed prvn\u00edm pou\u017eit\u00edm odstra\u0148te f\u00f3lii a p\u0159ipevn\u011bte aplik\u00e1tor na otvor tuby. Aplikujte tenkou vrstvu gelu na v\u0161echny zuby v oblasti zubn\u00edch kr\u010dk\u016f. Za\u010dn\u011bte u zadn\u00edch zub\u016f a postupujte k p\u0159edn\u00edm. <\/p>\n<p>Slo\u017een\u00ed: voda, glycerol, trifosf\u00e1t pentasodn\u00fd, karboxypolymetylen, cel\u00e1 su\u0161en\u00e1 vejce, sorban draseln\u00fd, benzo\u00e1t sodn\u00fd, j\u00e1trov\u00fd pr\u00e1\u0161ek, propylen glykol, chlorid sodn\u00fd, subtilisin, oxid\u00e1za gluk\u00f3zy, citr\u00e1t sodn\u00fd, fosf\u00e1t sodn\u00fd, chlorid v\u00e1penat\u00fd\u00a0 <\/p>\n<p>Skladujte p\u0159i pokojov\u00e9 teplot\u011b na such\u00e9m a tmav\u00e9m m\u00edst\u011b mimo dosah d\u011bt\u00ed.<\/p>\n<p>Registra\u010dn\u00ed \u010d\u00edslo:\u00a0288-21\/C<\/p>\n","protected":false},"excerpt":{"rendered":"<p>Zubn\u00ed gel s j\u00e1trovou p\u0159\u00edchut\u00ed zaji\u0161\u0165uje ka\u017edodenn\u00ed ochranu zub\u016f va\u0161eho psa a ko\u010dky, i bez pou\u017eit\u00ed zubn\u00edho kart\u00e1\u010dku. Pro zdrav\u00e9 zuby a sv\u011b\u017e\u00ed dech va\u0161eho psa \u010di ko\u010dky. Proti usazov\u00e1n\u00ed zubn\u00edho plaku P\u0159edch\u00e1z\u00ed vzniku zubn\u00edho kamene Obsahuje enzymy, je\u017e bojuj\u00ed se \u0161kodliv\u00fdmi bakteriemi S\u00a0praktick\u00fdm aplik\u00e1torem, kter\u00fd usnad\u0148uje nanesen\u00ed gelu N\u00e1vod k pou\u017eit\u00ed: P\u0159ed prvn\u00edm pou\u017eit\u00edm&#8230;<\/p>\n","protected":false},"featured_media":253543,"comment_status":"closed","ping_status":"open","template":"","meta":{"_acf_changed":false,"_kadence_starter_templates_imported_post":false,"_kad_post_transparent":"","_kad_post_title":"","_kad_post_layout":"","_kad_post_sidebar_id":"","_kad_post_content_style":"","_kad_post_vertical_padding":"","_kad_post_feature":"","_kad_post_feature_position":"","_kad_post_header":false,"_kad_post_footer":false,"_kad_post_classname":""},"product_brand":[2037],"product_cat":[436,740,2584,739],"product_tag":[],"class_list":{"0":"post-253542","1":"product","2":"type-product","3":"status-publish","4":"has-post-thumbnail","6":"product_brand-beaphar","7":"product_cat-chovatelske-potreby-2","8":"product_cat-hygiena-a-kosmetika-pro-psy","9":"product_cat-pece-o-psi-chrup","10":"product_cat-pro-psy-chovatelske-potreby-2","11":"pa_obchod-superzoo-cz","13":"first","14":"instock","15":"product-type-external","16":"entry","17":"content-bg","18":"loop-entry"},"acf":[],"yoast_head":"<!-- This site is optimized with the Yoast SEO plugin v27.4 - https:\/\/yoast.com\/product\/yoast-seo-wordpress\/ -->\n<title>Zubn\u00ed gel s aplik\u00e1torem Beaphar 100 g - SHOPATOA.COM<\/title>\n<meta name=\"robots\" content=\"index, follow, max-snippet:-1, max-image-preview:large, max-video-preview:-1\" \/>\n<link rel=\"canonical\" href=\"https:\/\/shopatoa.com\/cz\/zubni-gel-s-aplikatorem-beaphar-100-g\/\" \/>\n<meta property=\"og:locale\" content=\"cs_CZ\" \/>\n<meta property=\"og:type\" content=\"article\" \/>\n<meta property=\"og:title\" content=\"Zubn\u00ed gel s aplik\u00e1torem Beaphar 100 g - SHOPATOA.COM\" \/>\n<meta property=\"og:description\" content=\"Zubn\u00ed gel s j\u00e1trovou p\u0159\u00edchut\u00ed zaji\u0161\u0165uje ka\u017edodenn\u00ed ochranu zub\u016f va\u0161eho psa a ko\u010dky, i bez pou\u017eit\u00ed zubn\u00edho kart\u00e1\u010dku. Pro zdrav\u00e9 zuby a sv\u011b\u017e\u00ed dech va\u0161eho psa \u010di ko\u010dky. Proti usazov\u00e1n\u00ed zubn\u00edho plaku P\u0159edch\u00e1z\u00ed vzniku zubn\u00edho kamene Obsahuje enzymy, je\u017e bojuj\u00ed se \u0161kodliv\u00fdmi bakteriemi S\u00a0praktick\u00fdm aplik\u00e1torem, kter\u00fd usnad\u0148uje nanesen\u00ed gelu N\u00e1vod k pou\u017eit\u00ed: P\u0159ed prvn\u00edm pou\u017eit\u00edm...\" \/>\n<meta property=\"og:url\" content=\"https:\/\/shopatoa.com\/cz\/zubni-gel-s-aplikatorem-beaphar-100-g\/\" \/>\n<meta property=\"og:site_name\" content=\"SHOPATOA\" \/>\n<meta property=\"article:modified_time\" content=\"2026-01-29T20:18:36+00:00\" \/>\n<meta property=\"og:image\" content=\"https:\/\/storage.googleapis.com\/cz-shopatoa-img\/cz\/9833d8cb-1_43165.jpg\" \/>\n\t<meta property=\"og:image:width\" content=\"600\" \/>\n\t<meta property=\"og:image:height\" content=\"600\" \/>\n\t<meta property=\"og:image:type\" content=\"image\/jpeg\" \/>\n<meta name=\"twitter:card\" content=\"summary_large_image\" \/>\n<meta name=\"twitter:label1\" content=\"Odhadovan\u00e1 doba \u010dten\u00ed\" \/>\n\t<meta name=\"twitter:data1\" content=\"1 minuta\" \/>\n<script type=\"application\/ld+json\" class=\"yoast-schema-graph\">{\"@context\":\"https:\\\/\\\/schema.org\",\"@graph\":[{\"@type\":\"WebPage\",\"@id\":\"https:\\\/\\\/shopatoa.com\\\/cz\\\/zubni-gel-s-aplikatorem-beaphar-100-g\\\/\",\"url\":\"https:\\\/\\\/shopatoa.com\\\/cz\\\/zubni-gel-s-aplikatorem-beaphar-100-g\\\/\",\"name\":\"Zubn\u00ed gel s aplik\u00e1torem Beaphar 100 g - SHOPATOA.COM\",\"isPartOf\":{\"@id\":\"https:\\\/\\\/shopatoa.com\\\/cz\\\/#website\"},\"primaryImageOfPage\":{\"@id\":\"https:\\\/\\\/shopatoa.com\\\/cz\\\/zubni-gel-s-aplikatorem-beaphar-100-g\\\/#primaryimage\"},\"image\":{\"@id\":\"https:\\\/\\\/shopatoa.com\\\/cz\\\/zubni-gel-s-aplikatorem-beaphar-100-g\\\/#primaryimage\"},\"thumbnailUrl\":\"https:\\\/\\\/storage.googleapis.com\\\/cz-shopatoa-img\\\/cz\\\/9833d8cb-1_43165.jpg\",\"datePublished\":\"2025-04-03T16:10:05+00:00\",\"dateModified\":\"2026-01-29T20:18:36+00:00\",\"breadcrumb\":{\"@id\":\"https:\\\/\\\/shopatoa.com\\\/cz\\\/zubni-gel-s-aplikatorem-beaphar-100-g\\\/#breadcrumb\"},\"inLanguage\":\"cs\",\"potentialAction\":[{\"@type\":\"ReadAction\",\"target\":[\"https:\\\/\\\/shopatoa.com\\\/cz\\\/zubni-gel-s-aplikatorem-beaphar-100-g\\\/\"]}]},{\"@type\":\"ImageObject\",\"inLanguage\":\"cs\",\"@id\":\"https:\\\/\\\/shopatoa.com\\\/cz\\\/zubni-gel-s-aplikatorem-beaphar-100-g\\\/#primaryimage\",\"url\":\"https:\\\/\\\/storage.googleapis.com\\\/cz-shopatoa-img\\\/cz\\\/9833d8cb-1_43165.jpg\",\"contentUrl\":\"https:\\\/\\\/storage.googleapis.com\\\/cz-shopatoa-img\\\/cz\\\/9833d8cb-1_43165.jpg\",\"width\":600,\"height\":600},{\"@type\":\"BreadcrumbList\",\"@id\":\"https:\\\/\\\/shopatoa.com\\\/cz\\\/zubni-gel-s-aplikatorem-beaphar-100-g\\\/#breadcrumb\",\"itemListElement\":[{\"@type\":\"ListItem\",\"position\":1,\"name\":\"Dom\u016f\",\"item\":\"https:\\\/\\\/shopatoa.com\\\/cz\\\/\"},{\"@type\":\"ListItem\",\"position\":2,\"name\":\"Produkty\",\"item\":\"https:\\\/\\\/shopatoa.com\\\/cz\\\/shop\\\/\"},{\"@type\":\"ListItem\",\"position\":3,\"name\":\"Chovatelsk\u00e9 pot\u0159eby\",\"item\":\"https:\\\/\\\/shopatoa.com\\\/cz\\\/chovatelske-potreby-2\\\/\"},{\"@type\":\"ListItem\",\"position\":4,\"name\":\"Pro psy\",\"item\":\"https:\\\/\\\/shopatoa.com\\\/cz\\\/pro-psy-chovatelske-potreby-2\\\/\"},{\"@type\":\"ListItem\",\"position\":5,\"name\":\"Hygiena a kosmetika pro psy\",\"item\":\"https:\\\/\\\/shopatoa.com\\\/cz\\\/hygiena-a-kosmetika-pro-psy\\\/\"},{\"@type\":\"ListItem\",\"position\":6,\"name\":\"P\u00e9\u010de o ps\u00ed chrup\",\"item\":\"https:\\\/\\\/shopatoa.com\\\/cz\\\/pece-o-psi-chrup\\\/\"},{\"@type\":\"ListItem\",\"position\":7,\"name\":\"Zubn\u00ed gel s aplik\u00e1torem Beaphar 100 g\"}]},{\"@type\":\"WebSite\",\"@id\":\"https:\\\/\\\/shopatoa.com\\\/cz\\\/#website\",\"url\":\"https:\\\/\\\/shopatoa.com\\\/cz\\\/\",\"name\":\"SHOPATOA\",\"description\":\"\",\"publisher\":{\"@id\":\"https:\\\/\\\/shopatoa.com\\\/cz\\\/#organization\"},\"potentialAction\":[{\"@type\":\"SearchAction\",\"target\":{\"@type\":\"EntryPoint\",\"urlTemplate\":\"https:\\\/\\\/shopatoa.com\\\/cz\\\/?s={search_term_string}\"},\"query-input\":{\"@type\":\"PropertyValueSpecification\",\"valueRequired\":true,\"valueName\":\"search_term_string\"}}],\"inLanguage\":\"cs\"},{\"@type\":\"Organization\",\"@id\":\"https:\\\/\\\/shopatoa.com\\\/cz\\\/#organization\",\"name\":\"SHOPATOA Digital s.r.o.\",\"url\":\"https:\\\/\\\/shopatoa.com\\\/cz\\\/\",\"logo\":{\"@type\":\"ImageObject\",\"inLanguage\":\"cs\",\"@id\":\"https:\\\/\\\/shopatoa.com\\\/cz\\\/#\\\/schema\\\/logo\\\/image\\\/\",\"url\":\"https:\\\/\\\/storage.googleapis.com\\\/cz-shopatoa-img\\\/cz\\\/ebccf434-shopatoa_logo.png\",\"contentUrl\":\"https:\\\/\\\/storage.googleapis.com\\\/cz-shopatoa-img\\\/cz\\\/ebccf434-shopatoa_logo.png\",\"width\":416,\"height\":63,\"caption\":\"SHOPATOA Digital s.r.o.\"},\"image\":{\"@id\":\"https:\\\/\\\/shopatoa.com\\\/cz\\\/#\\\/schema\\\/logo\\\/image\\\/\"}}]}<\/script>\n<!-- \/ Yoast SEO plugin. -->","yoast_head_json":{"title":"Zubn\u00ed gel s aplik\u00e1torem Beaphar 100 g - SHOPATOA.COM","robots":{"index":"index","follow":"follow","max-snippet":"max-snippet:-1","max-image-preview":"max-image-preview:large","max-video-preview":"max-video-preview:-1"},"canonical":"https:\/\/shopatoa.com\/cz\/zubni-gel-s-aplikatorem-beaphar-100-g\/","og_locale":"cs_CZ","og_type":"article","og_title":"Zubn\u00ed gel s aplik\u00e1torem Beaphar 100 g - SHOPATOA.COM","og_description":"Zubn\u00ed gel s j\u00e1trovou p\u0159\u00edchut\u00ed zaji\u0161\u0165uje ka\u017edodenn\u00ed ochranu zub\u016f va\u0161eho psa a ko\u010dky, i bez pou\u017eit\u00ed zubn\u00edho kart\u00e1\u010dku. Pro zdrav\u00e9 zuby a sv\u011b\u017e\u00ed dech va\u0161eho psa \u010di ko\u010dky. Proti usazov\u00e1n\u00ed zubn\u00edho plaku P\u0159edch\u00e1z\u00ed vzniku zubn\u00edho kamene Obsahuje enzymy, je\u017e bojuj\u00ed se \u0161kodliv\u00fdmi bakteriemi S\u00a0praktick\u00fdm aplik\u00e1torem, kter\u00fd usnad\u0148uje nanesen\u00ed gelu N\u00e1vod k pou\u017eit\u00ed: P\u0159ed prvn\u00edm pou\u017eit\u00edm...","og_url":"https:\/\/shopatoa.com\/cz\/zubni-gel-s-aplikatorem-beaphar-100-g\/","og_site_name":"SHOPATOA","article_modified_time":"2026-01-29T20:18:36+00:00","og_image":[{"width":600,"height":600,"url":"https:\/\/storage.googleapis.com\/cz-shopatoa-img\/cz\/9833d8cb-1_43165.jpg","type":"image\/jpeg"}],"twitter_card":"summary_large_image","twitter_misc":{"Odhadovan\u00e1 doba \u010dten\u00ed":"1 minuta"},"schema":{"@context":"https:\/\/schema.org","@graph":[{"@type":"WebPage","@id":"https:\/\/shopatoa.com\/cz\/zubni-gel-s-aplikatorem-beaphar-100-g\/","url":"https:\/\/shopatoa.com\/cz\/zubni-gel-s-aplikatorem-beaphar-100-g\/","name":"Zubn\u00ed gel s aplik\u00e1torem Beaphar 100 g - SHOPATOA.COM","isPartOf":{"@id":"https:\/\/shopatoa.com\/cz\/#website"},"primaryImageOfPage":{"@id":"https:\/\/shopatoa.com\/cz\/zubni-gel-s-aplikatorem-beaphar-100-g\/#primaryimage"},"image":{"@id":"https:\/\/shopatoa.com\/cz\/zubni-gel-s-aplikatorem-beaphar-100-g\/#primaryimage"},"thumbnailUrl":"https:\/\/storage.googleapis.com\/cz-shopatoa-img\/cz\/9833d8cb-1_43165.jpg","datePublished":"2025-04-03T16:10:05+00:00","dateModified":"2026-01-29T20:18:36+00:00","breadcrumb":{"@id":"https:\/\/shopatoa.com\/cz\/zubni-gel-s-aplikatorem-beaphar-100-g\/#breadcrumb"},"inLanguage":"cs","potentialAction":[{"@type":"ReadAction","target":["https:\/\/shopatoa.com\/cz\/zubni-gel-s-aplikatorem-beaphar-100-g\/"]}]},{"@type":"ImageObject","inLanguage":"cs","@id":"https:\/\/shopatoa.com\/cz\/zubni-gel-s-aplikatorem-beaphar-100-g\/#primaryimage","url":"https:\/\/storage.googleapis.com\/cz-shopatoa-img\/cz\/9833d8cb-1_43165.jpg","contentUrl":"https:\/\/storage.googleapis.com\/cz-shopatoa-img\/cz\/9833d8cb-1_43165.jpg","width":600,"height":600},{"@type":"BreadcrumbList","@id":"https:\/\/shopatoa.com\/cz\/zubni-gel-s-aplikatorem-beaphar-100-g\/#breadcrumb","itemListElement":[{"@type":"ListItem","position":1,"name":"Dom\u016f","item":"https:\/\/shopatoa.com\/cz\/"},{"@type":"ListItem","position":2,"name":"Produkty","item":"https:\/\/shopatoa.com\/cz\/shop\/"},{"@type":"ListItem","position":3,"name":"Chovatelsk\u00e9 pot\u0159eby","item":"https:\/\/shopatoa.com\/cz\/chovatelske-potreby-2\/"},{"@type":"ListItem","position":4,"name":"Pro psy","item":"https:\/\/shopatoa.com\/cz\/pro-psy-chovatelske-potreby-2\/"},{"@type":"ListItem","position":5,"name":"Hygiena a kosmetika pro psy","item":"https:\/\/shopatoa.com\/cz\/hygiena-a-kosmetika-pro-psy\/"},{"@type":"ListItem","position":6,"name":"P\u00e9\u010de o ps\u00ed chrup","item":"https:\/\/shopatoa.com\/cz\/pece-o-psi-chrup\/"},{"@type":"ListItem","position":7,"name":"Zubn\u00ed gel s aplik\u00e1torem Beaphar 100 g"}]},{"@type":"WebSite","@id":"https:\/\/shopatoa.com\/cz\/#website","url":"https:\/\/shopatoa.com\/cz\/","name":"SHOPATOA","description":"","publisher":{"@id":"https:\/\/shopatoa.com\/cz\/#organization"},"potentialAction":[{"@type":"SearchAction","target":{"@type":"EntryPoint","urlTemplate":"https:\/\/shopatoa.com\/cz\/?s={search_term_string}"},"query-input":{"@type":"PropertyValueSpecification","valueRequired":true,"valueName":"search_term_string"}}],"inLanguage":"cs"},{"@type":"Organization","@id":"https:\/\/shopatoa.com\/cz\/#organization","name":"SHOPATOA Digital s.r.o.","url":"https:\/\/shopatoa.com\/cz\/","logo":{"@type":"ImageObject","inLanguage":"cs","@id":"https:\/\/shopatoa.com\/cz\/#\/schema\/logo\/image\/","url":"https:\/\/storage.googleapis.com\/cz-shopatoa-img\/cz\/ebccf434-shopatoa_logo.png","contentUrl":"https:\/\/storage.googleapis.com\/cz-shopatoa-img\/cz\/ebccf434-shopatoa_logo.png","width":416,"height":63,"caption":"SHOPATOA Digital s.r.o."},"image":{"@id":"https:\/\/shopatoa.com\/cz\/#\/schema\/logo\/image\/"}}]}},"_links":{"self":[{"href":"https:\/\/shopatoa.com\/cz\/wp-json\/wp\/v2\/product\/253542","targetHints":{"allow":["GET"]}}],"collection":[{"href":"https:\/\/shopatoa.com\/cz\/wp-json\/wp\/v2\/product"}],"about":[{"href":"https:\/\/shopatoa.com\/cz\/wp-json\/wp\/v2\/types\/product"}],"replies":[{"embeddable":true,"href":"https:\/\/shopatoa.com\/cz\/wp-json\/wp\/v2\/comments?post=253542"}],"wp:featuredmedia":[{"embeddable":true,"href":"https:\/\/shopatoa.com\/cz\/wp-json\/wp\/v2\/media\/253543"}],"wp:attachment":[{"href":"https:\/\/shopatoa.com\/cz\/wp-json\/wp\/v2\/media?parent=253542"}],"wp:term":[{"taxonomy":"product_brand","embeddable":true,"href":"https:\/\/shopatoa.com\/cz\/wp-json\/wp\/v2\/product_brand?post=253542"},{"taxonomy":"product_cat","embeddable":true,"href":"https:\/\/shopatoa.com\/cz\/wp-json\/wp\/v2\/product_cat?post=253542"},{"taxonomy":"product_tag","embeddable":true,"href":"https:\/\/shopatoa.com\/cz\/wp-json\/wp\/v2\/product_tag?post=253542"}],"curies":[{"name":"wp","href":"https:\/\/api.w.org\/{rel}","templated":true}]}}