{"id":253570,"date":"2025-04-03T18:15:14","date_gmt":"2025-04-03T16:15:14","guid":{"rendered":"https:\/\/shopatoa.com\/cz\/?post_type=product&#038;p=253570"},"modified":"2025-05-16T15:01:02","modified_gmt":"2025-05-16T13:01:02","slug":"cerpadlo-laguna-max-flo-16000","status":"publish","type":"product","link":"https:\/\/shopatoa.com\/cz\/cerpadlo-laguna-max-flo-16000\/","title":{"rendered":"\u010cerpadlo LAGUNA Max-Flo 16000"},"content":{"rendered":"<p>\u010cerpadlo LAGUNA Max-Flo 16000 &#8211; va\u0161e ultimativn\u00ed \u0159e\u0161en\u00ed pro pou\u017eit\u00ed s filtra\u010dn\u00edmi syst\u00e9my a pro vytv\u00e1\u0159en\u00ed vodop\u00e1d\u016f a vodn\u00edch tok\u016f, kter\u00e9 zaru\u010d\u00ed \u010distou a zdravou vodu ve va\u0161\u00ed zahradn\u00ed o\u00e1ze.<\/p>\n<p>LAGUNA Max-Flo 16000 je filtra\u010dn\u00ed \u010derpadlo navr\u017een\u00e9 s my\u0161lenkou na bezprobl\u00e9mov\u00e9 pou\u017eit\u00ed a dlouhodobou \u017eivotnost. Toto \u010derpadlo je va\u0161\u00edm nejlep\u0161\u00edm spole\u010dn\u00edkem pro udr\u017een\u00ed vody \u010dist\u00e9 a zdrav\u00e9 pro va\u0161e ryby a rostliny.<\/p>\n<p>LAGUNA Max-Flo 16000 je vybaveno nejnov\u011bj\u0161\u00edmi technologiemi, d\u00edky kter\u00fdm je schopn\u00e9 efektivn\u011b vytvo\u0159it siln\u00fd a trval\u00fd pr\u016ftok vody bez zbyte\u010dn\u00e9ho pl\u00fdtv\u00e1n\u00ed energi\u00ed. Nav\u00edc je velmi tich\u00e9, tak\u017ee v\u00e1s nebude ru\u0161it p\u0159i relaxaci u vody.<\/p>\n<p>\tInvestice do LAGUNA Max-Flo 16000 je investic\u00ed do kvality a trvanlivosti. Toto \u010derpadlo je navr\u017een\u00e9 tak, aby odolalo n\u00e1strah\u00e1m po\u010das\u00ed a \u010dasu, tak\u017ee v\u00e1m bude slou\u017eit po mnoho let.<br \/>\n\tD\u00edky modern\u00edm technologi\u00edm je LAGUNA Max-Flo 16000 schopn\u00e9 efektivn\u011b pracovat bez zbyte\u010dn\u00e9ho pl\u00fdtv\u00e1n\u00ed energi\u00ed.<br \/>\n\tToto \u010derpadlo pracuje velmi tich\u00fdm zp\u016fsobem, tak\u017ee&#8230;<\/p>\n","protected":false},"excerpt":{"rendered":"<p>\u010cerpadlo LAGUNA Max-Flo 16000 &#8211; va\u0161e ultimativn\u00ed \u0159e\u0161en\u00ed pro pou\u017eit\u00ed s filtra\u010dn\u00edmi syst\u00e9my a pro vytv\u00e1\u0159en\u00ed vodop\u00e1d\u016f a vodn\u00edch tok\u016f, kter\u00e9 zaru\u010d\u00ed \u010distou a zdravou vodu ve va\u0161\u00ed zahradn\u00ed o\u00e1ze. LAGUNA Max-Flo 16000 je filtra\u010dn\u00ed \u010derpadlo navr\u017een\u00e9 s my\u0161lenkou na bezprobl\u00e9mov\u00e9 pou\u017eit\u00ed a dlouhodobou \u017eivotnost. Toto \u010derpadlo je va\u0161\u00edm nejlep\u0161\u00edm spole\u010dn\u00edkem pro udr\u017een\u00ed vody \u010dist\u00e9&#8230;<\/p>\n","protected":false},"featured_media":253571,"comment_status":"closed","ping_status":"open","template":"","meta":{"_acf_changed":false,"_kadence_starter_templates_imported_post":false,"_kad_post_transparent":"","_kad_post_title":"","_kad_post_layout":"","_kad_post_sidebar_id":"","_kad_post_content_style":"","_kad_post_vertical_padding":"","_kad_post_feature":"","_kad_post_feature_position":"","_kad_post_header":false,"_kad_post_footer":false,"_kad_post_classname":""},"product_brand":[2692],"product_cat":[683,2695,2696,2579],"product_tag":[],"class_list":{"0":"post-253570","1":"product","2":"type-product","3":"status-publish","4":"has-post-thumbnail","6":"product_brand-laguna","7":"product_cat-dilna-stavba-zahrada","8":"product_cat-jezirka-a-doplnky","9":"product_cat-jezirkova-cerpadla","10":"product_cat-zahrada-dilna-stavba-zahrada","11":"pa_obchod-superzoo-cz","13":"first","14":"instock","15":"product-type-external","16":"entry","17":"content-bg","18":"loop-entry"},"acf":[],"yoast_head":"<!-- This site is optimized with the Yoast SEO plugin v27.4 - https:\/\/yoast.com\/product\/yoast-seo-wordpress\/ -->\n<title>\u010cerpadlo LAGUNA Max-Flo 16000 - SHOPATOA.COM<\/title>\n<meta name=\"robots\" content=\"index, follow, max-snippet:-1, max-image-preview:large, max-video-preview:-1\" \/>\n<link rel=\"canonical\" href=\"https:\/\/shopatoa.com\/cz\/cerpadlo-laguna-max-flo-16000\/\" \/>\n<meta property=\"og:locale\" content=\"cs_CZ\" \/>\n<meta property=\"og:type\" content=\"article\" \/>\n<meta property=\"og:title\" content=\"\u010cerpadlo LAGUNA Max-Flo 16000 - SHOPATOA.COM\" \/>\n<meta property=\"og:description\" content=\"\u010cerpadlo LAGUNA Max-Flo 16000 &#8211; va\u0161e ultimativn\u00ed \u0159e\u0161en\u00ed pro pou\u017eit\u00ed s filtra\u010dn\u00edmi syst\u00e9my a pro vytv\u00e1\u0159en\u00ed vodop\u00e1d\u016f a vodn\u00edch tok\u016f, kter\u00e9 zaru\u010d\u00ed \u010distou a zdravou vodu ve va\u0161\u00ed zahradn\u00ed o\u00e1ze. LAGUNA Max-Flo 16000 je filtra\u010dn\u00ed \u010derpadlo navr\u017een\u00e9 s my\u0161lenkou na bezprobl\u00e9mov\u00e9 pou\u017eit\u00ed a dlouhodobou \u017eivotnost. Toto \u010derpadlo je va\u0161\u00edm nejlep\u0161\u00edm spole\u010dn\u00edkem pro udr\u017een\u00ed vody \u010dist\u00e9...\" \/>\n<meta property=\"og:url\" content=\"https:\/\/shopatoa.com\/cz\/cerpadlo-laguna-max-flo-16000\/\" \/>\n<meta property=\"og:site_name\" content=\"SHOPATOA\" \/>\n<meta property=\"article:modified_time\" content=\"2025-05-16T13:01:02+00:00\" \/>\n<meta property=\"og:image\" content=\"https:\/\/storage.googleapis.com\/cz-shopatoa-img\/cz\/e558ada2-1_27844.jpg\" \/>\n\t<meta property=\"og:image:width\" content=\"600\" \/>\n\t<meta property=\"og:image:height\" content=\"600\" \/>\n\t<meta property=\"og:image:type\" content=\"image\/jpeg\" \/>\n<meta name=\"twitter:card\" content=\"summary_large_image\" \/>\n<meta name=\"twitter:label1\" content=\"Odhadovan\u00e1 doba \u010dten\u00ed\" \/>\n\t<meta name=\"twitter:data1\" content=\"1 minuta\" \/>\n<script type=\"application\/ld+json\" class=\"yoast-schema-graph\">{\"@context\":\"https:\\\/\\\/schema.org\",\"@graph\":[{\"@type\":\"WebPage\",\"@id\":\"https:\\\/\\\/shopatoa.com\\\/cz\\\/cerpadlo-laguna-max-flo-16000\\\/\",\"url\":\"https:\\\/\\\/shopatoa.com\\\/cz\\\/cerpadlo-laguna-max-flo-16000\\\/\",\"name\":\"\u010cerpadlo LAGUNA Max-Flo 16000 - SHOPATOA.COM\",\"isPartOf\":{\"@id\":\"https:\\\/\\\/shopatoa.com\\\/cz\\\/#website\"},\"primaryImageOfPage\":{\"@id\":\"https:\\\/\\\/shopatoa.com\\\/cz\\\/cerpadlo-laguna-max-flo-16000\\\/#primaryimage\"},\"image\":{\"@id\":\"https:\\\/\\\/shopatoa.com\\\/cz\\\/cerpadlo-laguna-max-flo-16000\\\/#primaryimage\"},\"thumbnailUrl\":\"https:\\\/\\\/storage.googleapis.com\\\/cz-shopatoa-img\\\/cz\\\/e558ada2-1_27844.jpg\",\"datePublished\":\"2025-04-03T16:15:14+00:00\",\"dateModified\":\"2025-05-16T13:01:02+00:00\",\"breadcrumb\":{\"@id\":\"https:\\\/\\\/shopatoa.com\\\/cz\\\/cerpadlo-laguna-max-flo-16000\\\/#breadcrumb\"},\"inLanguage\":\"cs\",\"potentialAction\":[{\"@type\":\"ReadAction\",\"target\":[\"https:\\\/\\\/shopatoa.com\\\/cz\\\/cerpadlo-laguna-max-flo-16000\\\/\"]}]},{\"@type\":\"ImageObject\",\"inLanguage\":\"cs\",\"@id\":\"https:\\\/\\\/shopatoa.com\\\/cz\\\/cerpadlo-laguna-max-flo-16000\\\/#primaryimage\",\"url\":\"https:\\\/\\\/storage.googleapis.com\\\/cz-shopatoa-img\\\/cz\\\/e558ada2-1_27844.jpg\",\"contentUrl\":\"https:\\\/\\\/storage.googleapis.com\\\/cz-shopatoa-img\\\/cz\\\/e558ada2-1_27844.jpg\",\"width\":600,\"height\":600},{\"@type\":\"BreadcrumbList\",\"@id\":\"https:\\\/\\\/shopatoa.com\\\/cz\\\/cerpadlo-laguna-max-flo-16000\\\/#breadcrumb\",\"itemListElement\":[{\"@type\":\"ListItem\",\"position\":1,\"name\":\"Dom\u016f\",\"item\":\"https:\\\/\\\/shopatoa.com\\\/cz\\\/\"},{\"@type\":\"ListItem\",\"position\":2,\"name\":\"Produkty\",\"item\":\"https:\\\/\\\/shopatoa.com\\\/cz\\\/shop\\\/\"},{\"@type\":\"ListItem\",\"position\":3,\"name\":\"D\u00edlna, stavba, zahrada\",\"item\":\"https:\\\/\\\/shopatoa.com\\\/cz\\\/dilna-stavba-zahrada\\\/\"},{\"@type\":\"ListItem\",\"position\":4,\"name\":\"Zahrada\",\"item\":\"https:\\\/\\\/shopatoa.com\\\/cz\\\/zahrada-dilna-stavba-zahrada\\\/\"},{\"@type\":\"ListItem\",\"position\":5,\"name\":\"Jez\u00edrka a dopl\u0148ky\",\"item\":\"https:\\\/\\\/shopatoa.com\\\/cz\\\/jezirka-a-doplnky\\\/\"},{\"@type\":\"ListItem\",\"position\":6,\"name\":\"Jez\u00edrkov\u00e1 \u010derpadla\",\"item\":\"https:\\\/\\\/shopatoa.com\\\/cz\\\/jezirkova-cerpadla\\\/\"},{\"@type\":\"ListItem\",\"position\":7,\"name\":\"\u010cerpadlo LAGUNA Max-Flo 16000\"}]},{\"@type\":\"WebSite\",\"@id\":\"https:\\\/\\\/shopatoa.com\\\/cz\\\/#website\",\"url\":\"https:\\\/\\\/shopatoa.com\\\/cz\\\/\",\"name\":\"SHOPATOA\",\"description\":\"\",\"publisher\":{\"@id\":\"https:\\\/\\\/shopatoa.com\\\/cz\\\/#organization\"},\"potentialAction\":[{\"@type\":\"SearchAction\",\"target\":{\"@type\":\"EntryPoint\",\"urlTemplate\":\"https:\\\/\\\/shopatoa.com\\\/cz\\\/?s={search_term_string}\"},\"query-input\":{\"@type\":\"PropertyValueSpecification\",\"valueRequired\":true,\"valueName\":\"search_term_string\"}}],\"inLanguage\":\"cs\"},{\"@type\":\"Organization\",\"@id\":\"https:\\\/\\\/shopatoa.com\\\/cz\\\/#organization\",\"name\":\"SHOPATOA Digital s.r.o.\",\"url\":\"https:\\\/\\\/shopatoa.com\\\/cz\\\/\",\"logo\":{\"@type\":\"ImageObject\",\"inLanguage\":\"cs\",\"@id\":\"https:\\\/\\\/shopatoa.com\\\/cz\\\/#\\\/schema\\\/logo\\\/image\\\/\",\"url\":\"https:\\\/\\\/storage.googleapis.com\\\/cz-shopatoa-img\\\/cz\\\/ebccf434-shopatoa_logo.png\",\"contentUrl\":\"https:\\\/\\\/storage.googleapis.com\\\/cz-shopatoa-img\\\/cz\\\/ebccf434-shopatoa_logo.png\",\"width\":416,\"height\":63,\"caption\":\"SHOPATOA Digital s.r.o.\"},\"image\":{\"@id\":\"https:\\\/\\\/shopatoa.com\\\/cz\\\/#\\\/schema\\\/logo\\\/image\\\/\"}}]}<\/script>\n<!-- \/ Yoast SEO plugin. -->","yoast_head_json":{"title":"\u010cerpadlo LAGUNA Max-Flo 16000 - SHOPATOA.COM","robots":{"index":"index","follow":"follow","max-snippet":"max-snippet:-1","max-image-preview":"max-image-preview:large","max-video-preview":"max-video-preview:-1"},"canonical":"https:\/\/shopatoa.com\/cz\/cerpadlo-laguna-max-flo-16000\/","og_locale":"cs_CZ","og_type":"article","og_title":"\u010cerpadlo LAGUNA Max-Flo 16000 - SHOPATOA.COM","og_description":"\u010cerpadlo LAGUNA Max-Flo 16000 &#8211; va\u0161e ultimativn\u00ed \u0159e\u0161en\u00ed pro pou\u017eit\u00ed s filtra\u010dn\u00edmi syst\u00e9my a pro vytv\u00e1\u0159en\u00ed vodop\u00e1d\u016f a vodn\u00edch tok\u016f, kter\u00e9 zaru\u010d\u00ed \u010distou a zdravou vodu ve va\u0161\u00ed zahradn\u00ed o\u00e1ze. LAGUNA Max-Flo 16000 je filtra\u010dn\u00ed \u010derpadlo navr\u017een\u00e9 s my\u0161lenkou na bezprobl\u00e9mov\u00e9 pou\u017eit\u00ed a dlouhodobou \u017eivotnost. Toto \u010derpadlo je va\u0161\u00edm nejlep\u0161\u00edm spole\u010dn\u00edkem pro udr\u017een\u00ed vody \u010dist\u00e9...","og_url":"https:\/\/shopatoa.com\/cz\/cerpadlo-laguna-max-flo-16000\/","og_site_name":"SHOPATOA","article_modified_time":"2025-05-16T13:01:02+00:00","og_image":[{"width":600,"height":600,"url":"https:\/\/storage.googleapis.com\/cz-shopatoa-img\/cz\/e558ada2-1_27844.jpg","type":"image\/jpeg"}],"twitter_card":"summary_large_image","twitter_misc":{"Odhadovan\u00e1 doba \u010dten\u00ed":"1 minuta"},"schema":{"@context":"https:\/\/schema.org","@graph":[{"@type":"WebPage","@id":"https:\/\/shopatoa.com\/cz\/cerpadlo-laguna-max-flo-16000\/","url":"https:\/\/shopatoa.com\/cz\/cerpadlo-laguna-max-flo-16000\/","name":"\u010cerpadlo LAGUNA Max-Flo 16000 - SHOPATOA.COM","isPartOf":{"@id":"https:\/\/shopatoa.com\/cz\/#website"},"primaryImageOfPage":{"@id":"https:\/\/shopatoa.com\/cz\/cerpadlo-laguna-max-flo-16000\/#primaryimage"},"image":{"@id":"https:\/\/shopatoa.com\/cz\/cerpadlo-laguna-max-flo-16000\/#primaryimage"},"thumbnailUrl":"https:\/\/storage.googleapis.com\/cz-shopatoa-img\/cz\/e558ada2-1_27844.jpg","datePublished":"2025-04-03T16:15:14+00:00","dateModified":"2025-05-16T13:01:02+00:00","breadcrumb":{"@id":"https:\/\/shopatoa.com\/cz\/cerpadlo-laguna-max-flo-16000\/#breadcrumb"},"inLanguage":"cs","potentialAction":[{"@type":"ReadAction","target":["https:\/\/shopatoa.com\/cz\/cerpadlo-laguna-max-flo-16000\/"]}]},{"@type":"ImageObject","inLanguage":"cs","@id":"https:\/\/shopatoa.com\/cz\/cerpadlo-laguna-max-flo-16000\/#primaryimage","url":"https:\/\/storage.googleapis.com\/cz-shopatoa-img\/cz\/e558ada2-1_27844.jpg","contentUrl":"https:\/\/storage.googleapis.com\/cz-shopatoa-img\/cz\/e558ada2-1_27844.jpg","width":600,"height":600},{"@type":"BreadcrumbList","@id":"https:\/\/shopatoa.com\/cz\/cerpadlo-laguna-max-flo-16000\/#breadcrumb","itemListElement":[{"@type":"ListItem","position":1,"name":"Dom\u016f","item":"https:\/\/shopatoa.com\/cz\/"},{"@type":"ListItem","position":2,"name":"Produkty","item":"https:\/\/shopatoa.com\/cz\/shop\/"},{"@type":"ListItem","position":3,"name":"D\u00edlna, stavba, zahrada","item":"https:\/\/shopatoa.com\/cz\/dilna-stavba-zahrada\/"},{"@type":"ListItem","position":4,"name":"Zahrada","item":"https:\/\/shopatoa.com\/cz\/zahrada-dilna-stavba-zahrada\/"},{"@type":"ListItem","position":5,"name":"Jez\u00edrka a dopl\u0148ky","item":"https:\/\/shopatoa.com\/cz\/jezirka-a-doplnky\/"},{"@type":"ListItem","position":6,"name":"Jez\u00edrkov\u00e1 \u010derpadla","item":"https:\/\/shopatoa.com\/cz\/jezirkova-cerpadla\/"},{"@type":"ListItem","position":7,"name":"\u010cerpadlo LAGUNA Max-Flo 16000"}]},{"@type":"WebSite","@id":"https:\/\/shopatoa.com\/cz\/#website","url":"https:\/\/shopatoa.com\/cz\/","name":"SHOPATOA","description":"","publisher":{"@id":"https:\/\/shopatoa.com\/cz\/#organization"},"potentialAction":[{"@type":"SearchAction","target":{"@type":"EntryPoint","urlTemplate":"https:\/\/shopatoa.com\/cz\/?s={search_term_string}"},"query-input":{"@type":"PropertyValueSpecification","valueRequired":true,"valueName":"search_term_string"}}],"inLanguage":"cs"},{"@type":"Organization","@id":"https:\/\/shopatoa.com\/cz\/#organization","name":"SHOPATOA Digital s.r.o.","url":"https:\/\/shopatoa.com\/cz\/","logo":{"@type":"ImageObject","inLanguage":"cs","@id":"https:\/\/shopatoa.com\/cz\/#\/schema\/logo\/image\/","url":"https:\/\/storage.googleapis.com\/cz-shopatoa-img\/cz\/ebccf434-shopatoa_logo.png","contentUrl":"https:\/\/storage.googleapis.com\/cz-shopatoa-img\/cz\/ebccf434-shopatoa_logo.png","width":416,"height":63,"caption":"SHOPATOA Digital s.r.o."},"image":{"@id":"https:\/\/shopatoa.com\/cz\/#\/schema\/logo\/image\/"}}]}},"_links":{"self":[{"href":"https:\/\/shopatoa.com\/cz\/wp-json\/wp\/v2\/product\/253570","targetHints":{"allow":["GET"]}}],"collection":[{"href":"https:\/\/shopatoa.com\/cz\/wp-json\/wp\/v2\/product"}],"about":[{"href":"https:\/\/shopatoa.com\/cz\/wp-json\/wp\/v2\/types\/product"}],"replies":[{"embeddable":true,"href":"https:\/\/shopatoa.com\/cz\/wp-json\/wp\/v2\/comments?post=253570"}],"wp:featuredmedia":[{"embeddable":true,"href":"https:\/\/shopatoa.com\/cz\/wp-json\/wp\/v2\/media\/253571"}],"wp:attachment":[{"href":"https:\/\/shopatoa.com\/cz\/wp-json\/wp\/v2\/media?parent=253570"}],"wp:term":[{"taxonomy":"product_brand","embeddable":true,"href":"https:\/\/shopatoa.com\/cz\/wp-json\/wp\/v2\/product_brand?post=253570"},{"taxonomy":"product_cat","embeddable":true,"href":"https:\/\/shopatoa.com\/cz\/wp-json\/wp\/v2\/product_cat?post=253570"},{"taxonomy":"product_tag","embeddable":true,"href":"https:\/\/shopatoa.com\/cz\/wp-json\/wp\/v2\/product_tag?post=253570"}],"curies":[{"name":"wp","href":"https:\/\/api.w.org\/{rel}","templated":true}]}}