{"id":253578,"date":"2025-04-03T18:15:50","date_gmt":"2025-04-03T16:15:50","guid":{"rendered":"https:\/\/shopatoa.com\/cz\/?post_type=product&#038;p=253578"},"modified":"2026-01-31T13:10:48","modified_gmt":"2026-01-31T12:10:48","slug":"rukavice-epic-pet-cleandry-seda","status":"publish","type":"product","link":"https:\/\/shopatoa.com\/cz\/rukavice-epic-pet-cleandry-seda\/","title":{"rendered":"Rukavice Epic Pet Clean&amp;Dry \u0161ed\u00e1"},"content":{"rendered":"<p>P\u0159edstavujeme v\u00e1m rukavici Epic Pet Clean&amp;Dry &#8211; dokonal\u00fd n\u00e1stroj pro ka\u017edodenn\u00ed p\u00e9\u010di o va\u0161e \u010dty\u0159noh\u00e9 mil\u00e1\u010dky.<\/p>\n<p>Rukavice z mikrovl\u00e1kna vynik\u00e1 sv\u00fdmi vysok\u00fdmi absorp\u010dn\u00edmi schopnostmi, kter\u00e9 v\u00e1m umo\u017en\u00ed rychle a efektivn\u011b o\u010distit a vysu\u0161it va\u0161eho psa. U\u017e \u017e\u00e1dn\u00e9 mokr\u00e9 a \u0161pinav\u00e9 ru\u010dn\u00edky po proch\u00e1zce. S Epic Pet Clean&amp;Dry budou tyto starosti minulost\u00ed.<\/p>\n<p>Rukavice je nav\u00edc velmi pohodln\u00e1 a snadno se obl\u00e9k\u00e1. Jej\u00ed univerz\u00e1ln\u00ed velikost\u00a0je skv\u011bl\u00e1 pro v\u0161echny majitele ps\u016f a zaru\u010duje perfektn\u00ed pohodl\u00ed b\u011bhem pou\u017eit\u00ed.<\/p>\n<p>\u0160ed\u00e1 barva\u00a0je elegantn\u00ed a praktick\u00e1 z\u00e1rove\u0148 &#8211; snadno se udr\u017euje a skv\u011ble vypad\u00e1. S Epic Pet Clean&amp;Dry budete nejen efektivn\u00ed, ale tak\u00e9 stylov\u00ed.<\/p>\n<p>A\u0165 u\u017e m\u00e1te doma mal\u00e9ho \u0161t\u011b\u0148\u00e1tka nebo velk\u00e9ho psa, rukavice Epic Pet Clean&amp;Dry je ide\u00e1ln\u00ed volbou pro v\u00e1s.<\/p>\n<p>P\u0159esv\u011bd\u010dte se sami o t\u011bchto v\u00fdhod\u00e1ch:<\/p>\n<p>\tVysok\u00e1 absorp\u010dn\u00ed schopnost &#8211; rukavice rychle a efektivn\u011b nas\u00e1kne ve\u0161kerou vlhkost a ne\u010distoty ze srsti va\u0161eho psa.<br \/>\n\tPohodl\u00ed a jednoduchost &#8211; rukavice je snadn\u00e1 na&#8230;<\/p>\n","protected":false},"excerpt":{"rendered":"<p>P\u0159edstavujeme v\u00e1m rukavici Epic Pet Clean&amp;Dry &#8211; dokonal\u00fd n\u00e1stroj pro ka\u017edodenn\u00ed p\u00e9\u010di o va\u0161e \u010dty\u0159noh\u00e9 mil\u00e1\u010dky. Rukavice z mikrovl\u00e1kna vynik\u00e1 sv\u00fdmi vysok\u00fdmi absorp\u010dn\u00edmi schopnostmi, kter\u00e9 v\u00e1m umo\u017en\u00ed rychle a efektivn\u011b o\u010distit a vysu\u0161it va\u0161eho psa. U\u017e \u017e\u00e1dn\u00e9 mokr\u00e9 a \u0161pinav\u00e9 ru\u010dn\u00edky po proch\u00e1zce. S Epic Pet Clean&amp;Dry budou tyto starosti minulost\u00ed. Rukavice je nav\u00edc velmi&#8230;<\/p>\n","protected":false},"featured_media":253579,"comment_status":"closed","ping_status":"open","template":"","meta":{"_acf_changed":false,"_kadence_starter_templates_imported_post":false,"_kad_post_transparent":"","_kad_post_title":"","_kad_post_layout":"","_kad_post_sidebar_id":"","_kad_post_content_style":"","_kad_post_vertical_padding":"","_kad_post_feature":"","_kad_post_feature_position":"","_kad_post_header":false,"_kad_post_footer":false,"_kad_post_classname":""},"product_brand":[2468],"product_cat":[796,340,364],"product_tag":[],"class_list":{"0":"post-253578","1":"product","2":"type-product","3":"status-publish","4":"has-post-thumbnail","6":"product_brand-epic-pet","7":"product_cat-hrebeny-a-kartace-na-vlasy","8":"product_cat-kosmetika-a-parfemy","9":"product_cat-vlasy","10":"pa_obchod-superzoo-cz","12":"first","13":"instock","14":"product-type-external","15":"entry","16":"content-bg","17":"loop-entry"},"acf":[],"yoast_head":"<!-- This site is optimized with the Yoast SEO plugin v27.4 - https:\/\/yoast.com\/product\/yoast-seo-wordpress\/ -->\n<title>Rukavice Epic Pet Clean&amp;Dry \u0161ed\u00e1 - SHOPATOA.COM<\/title>\n<meta name=\"robots\" content=\"index, follow, max-snippet:-1, max-image-preview:large, max-video-preview:-1\" \/>\n<link rel=\"canonical\" href=\"https:\/\/shopatoa.com\/cz\/rukavice-epic-pet-cleandry-seda\/\" \/>\n<meta property=\"og:locale\" content=\"cs_CZ\" \/>\n<meta property=\"og:type\" content=\"article\" \/>\n<meta property=\"og:title\" content=\"Rukavice Epic Pet Clean&amp;Dry \u0161ed\u00e1 - SHOPATOA.COM\" \/>\n<meta property=\"og:description\" content=\"P\u0159edstavujeme v\u00e1m rukavici Epic Pet Clean&amp;Dry &#8211; dokonal\u00fd n\u00e1stroj pro ka\u017edodenn\u00ed p\u00e9\u010di o va\u0161e \u010dty\u0159noh\u00e9 mil\u00e1\u010dky. Rukavice z mikrovl\u00e1kna vynik\u00e1 sv\u00fdmi vysok\u00fdmi absorp\u010dn\u00edmi schopnostmi, kter\u00e9 v\u00e1m umo\u017en\u00ed rychle a efektivn\u011b o\u010distit a vysu\u0161it va\u0161eho psa. U\u017e \u017e\u00e1dn\u00e9 mokr\u00e9 a \u0161pinav\u00e9 ru\u010dn\u00edky po proch\u00e1zce. S Epic Pet Clean&amp;Dry budou tyto starosti minulost\u00ed. Rukavice je nav\u00edc velmi...\" \/>\n<meta property=\"og:url\" content=\"https:\/\/shopatoa.com\/cz\/rukavice-epic-pet-cleandry-seda\/\" \/>\n<meta property=\"og:site_name\" content=\"SHOPATOA\" \/>\n<meta property=\"article:modified_time\" content=\"2026-01-31T12:10:48+00:00\" \/>\n<meta property=\"og:image\" content=\"https:\/\/storage.googleapis.com\/cz-shopatoa-img\/cz\/c87b00b5-1_85382.jpg\" \/>\n\t<meta property=\"og:image:width\" content=\"600\" \/>\n\t<meta property=\"og:image:height\" content=\"600\" \/>\n\t<meta property=\"og:image:type\" content=\"image\/jpeg\" \/>\n<meta name=\"twitter:card\" content=\"summary_large_image\" \/>\n<meta name=\"twitter:label1\" content=\"Odhadovan\u00e1 doba \u010dten\u00ed\" \/>\n\t<meta name=\"twitter:data1\" content=\"1 minuta\" \/>\n<script type=\"application\/ld+json\" class=\"yoast-schema-graph\">{\"@context\":\"https:\\\/\\\/schema.org\",\"@graph\":[{\"@type\":\"WebPage\",\"@id\":\"https:\\\/\\\/shopatoa.com\\\/cz\\\/rukavice-epic-pet-cleandry-seda\\\/\",\"url\":\"https:\\\/\\\/shopatoa.com\\\/cz\\\/rukavice-epic-pet-cleandry-seda\\\/\",\"name\":\"Rukavice Epic Pet Clean&Dry \u0161ed\u00e1 - SHOPATOA.COM\",\"isPartOf\":{\"@id\":\"https:\\\/\\\/shopatoa.com\\\/cz\\\/#website\"},\"primaryImageOfPage\":{\"@id\":\"https:\\\/\\\/shopatoa.com\\\/cz\\\/rukavice-epic-pet-cleandry-seda\\\/#primaryimage\"},\"image\":{\"@id\":\"https:\\\/\\\/shopatoa.com\\\/cz\\\/rukavice-epic-pet-cleandry-seda\\\/#primaryimage\"},\"thumbnailUrl\":\"https:\\\/\\\/storage.googleapis.com\\\/cz-shopatoa-img\\\/cz\\\/c87b00b5-1_85382.jpg\",\"datePublished\":\"2025-04-03T16:15:50+00:00\",\"dateModified\":\"2026-01-31T12:10:48+00:00\",\"breadcrumb\":{\"@id\":\"https:\\\/\\\/shopatoa.com\\\/cz\\\/rukavice-epic-pet-cleandry-seda\\\/#breadcrumb\"},\"inLanguage\":\"cs\",\"potentialAction\":[{\"@type\":\"ReadAction\",\"target\":[\"https:\\\/\\\/shopatoa.com\\\/cz\\\/rukavice-epic-pet-cleandry-seda\\\/\"]}]},{\"@type\":\"ImageObject\",\"inLanguage\":\"cs\",\"@id\":\"https:\\\/\\\/shopatoa.com\\\/cz\\\/rukavice-epic-pet-cleandry-seda\\\/#primaryimage\",\"url\":\"https:\\\/\\\/storage.googleapis.com\\\/cz-shopatoa-img\\\/cz\\\/c87b00b5-1_85382.jpg\",\"contentUrl\":\"https:\\\/\\\/storage.googleapis.com\\\/cz-shopatoa-img\\\/cz\\\/c87b00b5-1_85382.jpg\",\"width\":600,\"height\":600},{\"@type\":\"BreadcrumbList\",\"@id\":\"https:\\\/\\\/shopatoa.com\\\/cz\\\/rukavice-epic-pet-cleandry-seda\\\/#breadcrumb\",\"itemListElement\":[{\"@type\":\"ListItem\",\"position\":1,\"name\":\"Dom\u016f\",\"item\":\"https:\\\/\\\/shopatoa.com\\\/cz\\\/\"},{\"@type\":\"ListItem\",\"position\":2,\"name\":\"Produkty\",\"item\":\"https:\\\/\\\/shopatoa.com\\\/cz\\\/shop\\\/\"},{\"@type\":\"ListItem\",\"position\":3,\"name\":\"Kosmetika a parf\u00e9my\",\"item\":\"https:\\\/\\\/shopatoa.com\\\/cz\\\/kosmetika-a-parfemy\\\/\"},{\"@type\":\"ListItem\",\"position\":4,\"name\":\"Vlasy\",\"item\":\"https:\\\/\\\/shopatoa.com\\\/cz\\\/vlasy\\\/\"},{\"@type\":\"ListItem\",\"position\":5,\"name\":\"H\u0159ebeny a kart\u00e1\u010de na vlasy\",\"item\":\"https:\\\/\\\/shopatoa.com\\\/cz\\\/hrebeny-a-kartace-na-vlasy\\\/\"},{\"@type\":\"ListItem\",\"position\":6,\"name\":\"Rukavice Epic Pet Clean&amp;Dry \u0161ed\u00e1\"}]},{\"@type\":\"WebSite\",\"@id\":\"https:\\\/\\\/shopatoa.com\\\/cz\\\/#website\",\"url\":\"https:\\\/\\\/shopatoa.com\\\/cz\\\/\",\"name\":\"SHOPATOA\",\"description\":\"\",\"publisher\":{\"@id\":\"https:\\\/\\\/shopatoa.com\\\/cz\\\/#organization\"},\"potentialAction\":[{\"@type\":\"SearchAction\",\"target\":{\"@type\":\"EntryPoint\",\"urlTemplate\":\"https:\\\/\\\/shopatoa.com\\\/cz\\\/?s={search_term_string}\"},\"query-input\":{\"@type\":\"PropertyValueSpecification\",\"valueRequired\":true,\"valueName\":\"search_term_string\"}}],\"inLanguage\":\"cs\"},{\"@type\":\"Organization\",\"@id\":\"https:\\\/\\\/shopatoa.com\\\/cz\\\/#organization\",\"name\":\"SHOPATOA Digital s.r.o.\",\"url\":\"https:\\\/\\\/shopatoa.com\\\/cz\\\/\",\"logo\":{\"@type\":\"ImageObject\",\"inLanguage\":\"cs\",\"@id\":\"https:\\\/\\\/shopatoa.com\\\/cz\\\/#\\\/schema\\\/logo\\\/image\\\/\",\"url\":\"https:\\\/\\\/storage.googleapis.com\\\/cz-shopatoa-img\\\/cz\\\/ebccf434-shopatoa_logo.png\",\"contentUrl\":\"https:\\\/\\\/storage.googleapis.com\\\/cz-shopatoa-img\\\/cz\\\/ebccf434-shopatoa_logo.png\",\"width\":416,\"height\":63,\"caption\":\"SHOPATOA Digital s.r.o.\"},\"image\":{\"@id\":\"https:\\\/\\\/shopatoa.com\\\/cz\\\/#\\\/schema\\\/logo\\\/image\\\/\"}}]}<\/script>\n<!-- \/ Yoast SEO plugin. -->","yoast_head_json":{"title":"Rukavice Epic Pet Clean&Dry \u0161ed\u00e1 - SHOPATOA.COM","robots":{"index":"index","follow":"follow","max-snippet":"max-snippet:-1","max-image-preview":"max-image-preview:large","max-video-preview":"max-video-preview:-1"},"canonical":"https:\/\/shopatoa.com\/cz\/rukavice-epic-pet-cleandry-seda\/","og_locale":"cs_CZ","og_type":"article","og_title":"Rukavice Epic Pet Clean&Dry \u0161ed\u00e1 - SHOPATOA.COM","og_description":"P\u0159edstavujeme v\u00e1m rukavici Epic Pet Clean&amp;Dry &#8211; dokonal\u00fd n\u00e1stroj pro ka\u017edodenn\u00ed p\u00e9\u010di o va\u0161e \u010dty\u0159noh\u00e9 mil\u00e1\u010dky. Rukavice z mikrovl\u00e1kna vynik\u00e1 sv\u00fdmi vysok\u00fdmi absorp\u010dn\u00edmi schopnostmi, kter\u00e9 v\u00e1m umo\u017en\u00ed rychle a efektivn\u011b o\u010distit a vysu\u0161it va\u0161eho psa. U\u017e \u017e\u00e1dn\u00e9 mokr\u00e9 a \u0161pinav\u00e9 ru\u010dn\u00edky po proch\u00e1zce. S Epic Pet Clean&amp;Dry budou tyto starosti minulost\u00ed. Rukavice je nav\u00edc velmi...","og_url":"https:\/\/shopatoa.com\/cz\/rukavice-epic-pet-cleandry-seda\/","og_site_name":"SHOPATOA","article_modified_time":"2026-01-31T12:10:48+00:00","og_image":[{"width":600,"height":600,"url":"https:\/\/storage.googleapis.com\/cz-shopatoa-img\/cz\/c87b00b5-1_85382.jpg","type":"image\/jpeg"}],"twitter_card":"summary_large_image","twitter_misc":{"Odhadovan\u00e1 doba \u010dten\u00ed":"1 minuta"},"schema":{"@context":"https:\/\/schema.org","@graph":[{"@type":"WebPage","@id":"https:\/\/shopatoa.com\/cz\/rukavice-epic-pet-cleandry-seda\/","url":"https:\/\/shopatoa.com\/cz\/rukavice-epic-pet-cleandry-seda\/","name":"Rukavice Epic Pet Clean&Dry \u0161ed\u00e1 - SHOPATOA.COM","isPartOf":{"@id":"https:\/\/shopatoa.com\/cz\/#website"},"primaryImageOfPage":{"@id":"https:\/\/shopatoa.com\/cz\/rukavice-epic-pet-cleandry-seda\/#primaryimage"},"image":{"@id":"https:\/\/shopatoa.com\/cz\/rukavice-epic-pet-cleandry-seda\/#primaryimage"},"thumbnailUrl":"https:\/\/storage.googleapis.com\/cz-shopatoa-img\/cz\/c87b00b5-1_85382.jpg","datePublished":"2025-04-03T16:15:50+00:00","dateModified":"2026-01-31T12:10:48+00:00","breadcrumb":{"@id":"https:\/\/shopatoa.com\/cz\/rukavice-epic-pet-cleandry-seda\/#breadcrumb"},"inLanguage":"cs","potentialAction":[{"@type":"ReadAction","target":["https:\/\/shopatoa.com\/cz\/rukavice-epic-pet-cleandry-seda\/"]}]},{"@type":"ImageObject","inLanguage":"cs","@id":"https:\/\/shopatoa.com\/cz\/rukavice-epic-pet-cleandry-seda\/#primaryimage","url":"https:\/\/storage.googleapis.com\/cz-shopatoa-img\/cz\/c87b00b5-1_85382.jpg","contentUrl":"https:\/\/storage.googleapis.com\/cz-shopatoa-img\/cz\/c87b00b5-1_85382.jpg","width":600,"height":600},{"@type":"BreadcrumbList","@id":"https:\/\/shopatoa.com\/cz\/rukavice-epic-pet-cleandry-seda\/#breadcrumb","itemListElement":[{"@type":"ListItem","position":1,"name":"Dom\u016f","item":"https:\/\/shopatoa.com\/cz\/"},{"@type":"ListItem","position":2,"name":"Produkty","item":"https:\/\/shopatoa.com\/cz\/shop\/"},{"@type":"ListItem","position":3,"name":"Kosmetika a parf\u00e9my","item":"https:\/\/shopatoa.com\/cz\/kosmetika-a-parfemy\/"},{"@type":"ListItem","position":4,"name":"Vlasy","item":"https:\/\/shopatoa.com\/cz\/vlasy\/"},{"@type":"ListItem","position":5,"name":"H\u0159ebeny a kart\u00e1\u010de na vlasy","item":"https:\/\/shopatoa.com\/cz\/hrebeny-a-kartace-na-vlasy\/"},{"@type":"ListItem","position":6,"name":"Rukavice Epic Pet Clean&amp;Dry \u0161ed\u00e1"}]},{"@type":"WebSite","@id":"https:\/\/shopatoa.com\/cz\/#website","url":"https:\/\/shopatoa.com\/cz\/","name":"SHOPATOA","description":"","publisher":{"@id":"https:\/\/shopatoa.com\/cz\/#organization"},"potentialAction":[{"@type":"SearchAction","target":{"@type":"EntryPoint","urlTemplate":"https:\/\/shopatoa.com\/cz\/?s={search_term_string}"},"query-input":{"@type":"PropertyValueSpecification","valueRequired":true,"valueName":"search_term_string"}}],"inLanguage":"cs"},{"@type":"Organization","@id":"https:\/\/shopatoa.com\/cz\/#organization","name":"SHOPATOA Digital s.r.o.","url":"https:\/\/shopatoa.com\/cz\/","logo":{"@type":"ImageObject","inLanguage":"cs","@id":"https:\/\/shopatoa.com\/cz\/#\/schema\/logo\/image\/","url":"https:\/\/storage.googleapis.com\/cz-shopatoa-img\/cz\/ebccf434-shopatoa_logo.png","contentUrl":"https:\/\/storage.googleapis.com\/cz-shopatoa-img\/cz\/ebccf434-shopatoa_logo.png","width":416,"height":63,"caption":"SHOPATOA Digital s.r.o."},"image":{"@id":"https:\/\/shopatoa.com\/cz\/#\/schema\/logo\/image\/"}}]}},"_links":{"self":[{"href":"https:\/\/shopatoa.com\/cz\/wp-json\/wp\/v2\/product\/253578","targetHints":{"allow":["GET"]}}],"collection":[{"href":"https:\/\/shopatoa.com\/cz\/wp-json\/wp\/v2\/product"}],"about":[{"href":"https:\/\/shopatoa.com\/cz\/wp-json\/wp\/v2\/types\/product"}],"replies":[{"embeddable":true,"href":"https:\/\/shopatoa.com\/cz\/wp-json\/wp\/v2\/comments?post=253578"}],"wp:featuredmedia":[{"embeddable":true,"href":"https:\/\/shopatoa.com\/cz\/wp-json\/wp\/v2\/media\/253579"}],"wp:attachment":[{"href":"https:\/\/shopatoa.com\/cz\/wp-json\/wp\/v2\/media?parent=253578"}],"wp:term":[{"taxonomy":"product_brand","embeddable":true,"href":"https:\/\/shopatoa.com\/cz\/wp-json\/wp\/v2\/product_brand?post=253578"},{"taxonomy":"product_cat","embeddable":true,"href":"https:\/\/shopatoa.com\/cz\/wp-json\/wp\/v2\/product_cat?post=253578"},{"taxonomy":"product_tag","embeddable":true,"href":"https:\/\/shopatoa.com\/cz\/wp-json\/wp\/v2\/product_tag?post=253578"}],"curies":[{"name":"wp","href":"https:\/\/api.w.org\/{rel}","templated":true}]}}