{"id":253590,"date":"2025-04-03T18:16:45","date_gmt":"2025-04-03T16:16:45","guid":{"rendered":"https:\/\/shopatoa.com\/cz\/?post_type=product&#038;p=253590"},"modified":"2026-01-31T20:50:06","modified_gmt":"2026-01-31T19:50:06","slug":"podlozka-epic-pet-cleandry-seda-152x76cm","status":"publish","type":"product","link":"https:\/\/shopatoa.com\/cz\/podlozka-epic-pet-cleandry-seda-152x76cm\/","title":{"rendered":"Podlo\u017eka Epic Pet Clean&amp;Dry \u0161ed\u00e1 152x76cm"},"content":{"rendered":"<p>Podlo\u017eka pro psy z mikrovl\u00e1kna udr\u017euje domov \u010dist\u00fd a such\u00fd d\u00edky vysoce absorp\u010dn\u00edm schopnostem podlo\u017eky.<\/p>\n<p>\tMikrovl\u00e1kno dok\u00e1\u017ee pohltit 10n\u00e1sobek vody, ne\u017e je jeho hmotnost.<br \/>\n\tVe spodn\u00ed \u010d\u00e1sti se nach\u00e1z\u00ed protiskluzov\u00e1 \u00faprava, kter\u00e1 pom\u00e1h\u00e1 udr\u017eet podlo\u017eku na sv\u00e9m m\u00edst\u011b.<br \/>\n\tPodlo\u017eka najde sv\u00e9 vyu\u017eit\u00ed doma i venku.<br \/>\n\tLze pr\u00e1t v pra\u010dce.<\/p>\n<p>Velikost:\u00a0\u00a0152 x 76 cm<\/p>\n<p>Upozorn\u011bn\u00ed<\/p>\n<p>Nedovolte Va\u0161emu psovi kousat podlo\u017eku, p\u0159i spolknut\u00ed mal\u00fdch \u010d\u00e1stic mohou hrozit zdravotn\u00ed komplikace. Vyrobeno v \u010c\u00edn\u011b.<\/p>\n","protected":false},"excerpt":{"rendered":"<p>Podlo\u017eka pro psy z mikrovl\u00e1kna udr\u017euje domov \u010dist\u00fd a such\u00fd d\u00edky vysoce absorp\u010dn\u00edm schopnostem podlo\u017eky. Mikrovl\u00e1kno dok\u00e1\u017ee pohltit 10n\u00e1sobek vody, ne\u017e je jeho hmotnost. Ve spodn\u00ed \u010d\u00e1sti se nach\u00e1z\u00ed protiskluzov\u00e1 \u00faprava, kter\u00e1 pom\u00e1h\u00e1 udr\u017eet podlo\u017eku na sv\u00e9m m\u00edst\u011b. Podlo\u017eka najde sv\u00e9 vyu\u017eit\u00ed doma i venku. Lze pr\u00e1t v pra\u010dce. Velikost:\u00a0\u00a0152 x 76 cm Upozorn\u011bn\u00ed Nedovolte&#8230;<\/p>\n","protected":false},"featured_media":253591,"comment_status":"closed","ping_status":"open","template":"","meta":{"_acf_changed":false,"_kadence_starter_templates_imported_post":false,"_kad_post_transparent":"","_kad_post_title":"","_kad_post_layout":"","_kad_post_sidebar_id":"","_kad_post_content_style":"","_kad_post_vertical_padding":"","_kad_post_feature":"","_kad_post_feature_position":"","_kad_post_header":false,"_kad_post_footer":false,"_kad_post_classname":""},"product_brand":[2468],"product_cat":[755,2659,2658,756],"product_tag":[],"class_list":{"0":"post-253590","1":"product","2":"type-product","3":"status-publish","4":"has-post-thumbnail","6":"product_brand-epic-pet","7":"product_cat-bydleni-a-doplnky","8":"product_cat-matrace-matrace-a-toppery","9":"product_cat-matrace-a-toppery","10":"product_cat-nabytek-bydleni-a-doplnky","11":"pa_obchod-superzoo-cz","13":"first","14":"instock","15":"product-type-external","16":"entry","17":"content-bg","18":"loop-entry"},"acf":[],"yoast_head":"<!-- This site is optimized with the Yoast SEO plugin v27.4 - https:\/\/yoast.com\/product\/yoast-seo-wordpress\/ -->\n<title>Podlo\u017eka Epic Pet Clean&amp;Dry \u0161ed\u00e1 152x76cm - SHOPATOA.COM<\/title>\n<meta name=\"robots\" content=\"index, follow, max-snippet:-1, max-image-preview:large, max-video-preview:-1\" \/>\n<link rel=\"canonical\" href=\"https:\/\/shopatoa.com\/cz\/podlozka-epic-pet-cleandry-seda-152x76cm\/\" \/>\n<meta property=\"og:locale\" content=\"cs_CZ\" \/>\n<meta property=\"og:type\" content=\"article\" \/>\n<meta property=\"og:title\" content=\"Podlo\u017eka Epic Pet Clean&amp;Dry \u0161ed\u00e1 152x76cm - SHOPATOA.COM\" \/>\n<meta property=\"og:description\" content=\"Podlo\u017eka pro psy z mikrovl\u00e1kna udr\u017euje domov \u010dist\u00fd a such\u00fd d\u00edky vysoce absorp\u010dn\u00edm schopnostem podlo\u017eky. Mikrovl\u00e1kno dok\u00e1\u017ee pohltit 10n\u00e1sobek vody, ne\u017e je jeho hmotnost. Ve spodn\u00ed \u010d\u00e1sti se nach\u00e1z\u00ed protiskluzov\u00e1 \u00faprava, kter\u00e1 pom\u00e1h\u00e1 udr\u017eet podlo\u017eku na sv\u00e9m m\u00edst\u011b. Podlo\u017eka najde sv\u00e9 vyu\u017eit\u00ed doma i venku. Lze pr\u00e1t v pra\u010dce. Velikost:\u00a0\u00a0152 x 76 cm Upozorn\u011bn\u00ed Nedovolte...\" \/>\n<meta property=\"og:url\" content=\"https:\/\/shopatoa.com\/cz\/podlozka-epic-pet-cleandry-seda-152x76cm\/\" \/>\n<meta property=\"og:site_name\" content=\"SHOPATOA\" \/>\n<meta property=\"article:modified_time\" content=\"2026-01-31T19:50:06+00:00\" \/>\n<meta property=\"og:image\" content=\"https:\/\/storage.googleapis.com\/cz-shopatoa-img\/cz\/edbfea7c-1_85287.jpg\" \/>\n\t<meta property=\"og:image:width\" content=\"600\" \/>\n\t<meta property=\"og:image:height\" content=\"600\" \/>\n\t<meta property=\"og:image:type\" content=\"image\/jpeg\" \/>\n<meta name=\"twitter:card\" content=\"summary_large_image\" \/>\n<script type=\"application\/ld+json\" class=\"yoast-schema-graph\">{\"@context\":\"https:\\\/\\\/schema.org\",\"@graph\":[{\"@type\":\"WebPage\",\"@id\":\"https:\\\/\\\/shopatoa.com\\\/cz\\\/podlozka-epic-pet-cleandry-seda-152x76cm\\\/\",\"url\":\"https:\\\/\\\/shopatoa.com\\\/cz\\\/podlozka-epic-pet-cleandry-seda-152x76cm\\\/\",\"name\":\"Podlo\u017eka Epic Pet Clean&Dry \u0161ed\u00e1 152x76cm - SHOPATOA.COM\",\"isPartOf\":{\"@id\":\"https:\\\/\\\/shopatoa.com\\\/cz\\\/#website\"},\"primaryImageOfPage\":{\"@id\":\"https:\\\/\\\/shopatoa.com\\\/cz\\\/podlozka-epic-pet-cleandry-seda-152x76cm\\\/#primaryimage\"},\"image\":{\"@id\":\"https:\\\/\\\/shopatoa.com\\\/cz\\\/podlozka-epic-pet-cleandry-seda-152x76cm\\\/#primaryimage\"},\"thumbnailUrl\":\"https:\\\/\\\/storage.googleapis.com\\\/cz-shopatoa-img\\\/cz\\\/edbfea7c-1_85287.jpg\",\"datePublished\":\"2025-04-03T16:16:45+00:00\",\"dateModified\":\"2026-01-31T19:50:06+00:00\",\"breadcrumb\":{\"@id\":\"https:\\\/\\\/shopatoa.com\\\/cz\\\/podlozka-epic-pet-cleandry-seda-152x76cm\\\/#breadcrumb\"},\"inLanguage\":\"cs\",\"potentialAction\":[{\"@type\":\"ReadAction\",\"target\":[\"https:\\\/\\\/shopatoa.com\\\/cz\\\/podlozka-epic-pet-cleandry-seda-152x76cm\\\/\"]}]},{\"@type\":\"ImageObject\",\"inLanguage\":\"cs\",\"@id\":\"https:\\\/\\\/shopatoa.com\\\/cz\\\/podlozka-epic-pet-cleandry-seda-152x76cm\\\/#primaryimage\",\"url\":\"https:\\\/\\\/storage.googleapis.com\\\/cz-shopatoa-img\\\/cz\\\/edbfea7c-1_85287.jpg\",\"contentUrl\":\"https:\\\/\\\/storage.googleapis.com\\\/cz-shopatoa-img\\\/cz\\\/edbfea7c-1_85287.jpg\",\"width\":600,\"height\":600},{\"@type\":\"BreadcrumbList\",\"@id\":\"https:\\\/\\\/shopatoa.com\\\/cz\\\/podlozka-epic-pet-cleandry-seda-152x76cm\\\/#breadcrumb\",\"itemListElement\":[{\"@type\":\"ListItem\",\"position\":1,\"name\":\"Dom\u016f\",\"item\":\"https:\\\/\\\/shopatoa.com\\\/cz\\\/\"},{\"@type\":\"ListItem\",\"position\":2,\"name\":\"Produkty\",\"item\":\"https:\\\/\\\/shopatoa.com\\\/cz\\\/shop\\\/\"},{\"@type\":\"ListItem\",\"position\":3,\"name\":\"Bydlen\u00ed a dopl\u0148ky\",\"item\":\"https:\\\/\\\/shopatoa.com\\\/cz\\\/bydleni-a-doplnky\\\/\"},{\"@type\":\"ListItem\",\"position\":4,\"name\":\"N\u00e1bytek\",\"item\":\"https:\\\/\\\/shopatoa.com\\\/cz\\\/nabytek-bydleni-a-doplnky\\\/\"},{\"@type\":\"ListItem\",\"position\":5,\"name\":\"Matrace a toppery\",\"item\":\"https:\\\/\\\/shopatoa.com\\\/cz\\\/matrace-a-toppery\\\/\"},{\"@type\":\"ListItem\",\"position\":6,\"name\":\"Matrace\",\"item\":\"https:\\\/\\\/shopatoa.com\\\/cz\\\/matrace-matrace-a-toppery\\\/\"},{\"@type\":\"ListItem\",\"position\":7,\"name\":\"Podlo\u017eka Epic Pet Clean&amp;Dry \u0161ed\u00e1 152x76cm\"}]},{\"@type\":\"WebSite\",\"@id\":\"https:\\\/\\\/shopatoa.com\\\/cz\\\/#website\",\"url\":\"https:\\\/\\\/shopatoa.com\\\/cz\\\/\",\"name\":\"SHOPATOA\",\"description\":\"\",\"publisher\":{\"@id\":\"https:\\\/\\\/shopatoa.com\\\/cz\\\/#organization\"},\"potentialAction\":[{\"@type\":\"SearchAction\",\"target\":{\"@type\":\"EntryPoint\",\"urlTemplate\":\"https:\\\/\\\/shopatoa.com\\\/cz\\\/?s={search_term_string}\"},\"query-input\":{\"@type\":\"PropertyValueSpecification\",\"valueRequired\":true,\"valueName\":\"search_term_string\"}}],\"inLanguage\":\"cs\"},{\"@type\":\"Organization\",\"@id\":\"https:\\\/\\\/shopatoa.com\\\/cz\\\/#organization\",\"name\":\"SHOPATOA Digital s.r.o.\",\"url\":\"https:\\\/\\\/shopatoa.com\\\/cz\\\/\",\"logo\":{\"@type\":\"ImageObject\",\"inLanguage\":\"cs\",\"@id\":\"https:\\\/\\\/shopatoa.com\\\/cz\\\/#\\\/schema\\\/logo\\\/image\\\/\",\"url\":\"https:\\\/\\\/storage.googleapis.com\\\/cz-shopatoa-img\\\/cz\\\/ebccf434-shopatoa_logo.png\",\"contentUrl\":\"https:\\\/\\\/storage.googleapis.com\\\/cz-shopatoa-img\\\/cz\\\/ebccf434-shopatoa_logo.png\",\"width\":416,\"height\":63,\"caption\":\"SHOPATOA Digital s.r.o.\"},\"image\":{\"@id\":\"https:\\\/\\\/shopatoa.com\\\/cz\\\/#\\\/schema\\\/logo\\\/image\\\/\"}}]}<\/script>\n<!-- \/ Yoast SEO plugin. -->","yoast_head_json":{"title":"Podlo\u017eka Epic Pet Clean&Dry \u0161ed\u00e1 152x76cm - SHOPATOA.COM","robots":{"index":"index","follow":"follow","max-snippet":"max-snippet:-1","max-image-preview":"max-image-preview:large","max-video-preview":"max-video-preview:-1"},"canonical":"https:\/\/shopatoa.com\/cz\/podlozka-epic-pet-cleandry-seda-152x76cm\/","og_locale":"cs_CZ","og_type":"article","og_title":"Podlo\u017eka Epic Pet Clean&Dry \u0161ed\u00e1 152x76cm - SHOPATOA.COM","og_description":"Podlo\u017eka pro psy z mikrovl\u00e1kna udr\u017euje domov \u010dist\u00fd a such\u00fd d\u00edky vysoce absorp\u010dn\u00edm schopnostem podlo\u017eky. Mikrovl\u00e1kno dok\u00e1\u017ee pohltit 10n\u00e1sobek vody, ne\u017e je jeho hmotnost. Ve spodn\u00ed \u010d\u00e1sti se nach\u00e1z\u00ed protiskluzov\u00e1 \u00faprava, kter\u00e1 pom\u00e1h\u00e1 udr\u017eet podlo\u017eku na sv\u00e9m m\u00edst\u011b. Podlo\u017eka najde sv\u00e9 vyu\u017eit\u00ed doma i venku. Lze pr\u00e1t v pra\u010dce. Velikost:\u00a0\u00a0152 x 76 cm Upozorn\u011bn\u00ed Nedovolte...","og_url":"https:\/\/shopatoa.com\/cz\/podlozka-epic-pet-cleandry-seda-152x76cm\/","og_site_name":"SHOPATOA","article_modified_time":"2026-01-31T19:50:06+00:00","og_image":[{"width":600,"height":600,"url":"https:\/\/storage.googleapis.com\/cz-shopatoa-img\/cz\/edbfea7c-1_85287.jpg","type":"image\/jpeg"}],"twitter_card":"summary_large_image","schema":{"@context":"https:\/\/schema.org","@graph":[{"@type":"WebPage","@id":"https:\/\/shopatoa.com\/cz\/podlozka-epic-pet-cleandry-seda-152x76cm\/","url":"https:\/\/shopatoa.com\/cz\/podlozka-epic-pet-cleandry-seda-152x76cm\/","name":"Podlo\u017eka Epic Pet Clean&Dry \u0161ed\u00e1 152x76cm - SHOPATOA.COM","isPartOf":{"@id":"https:\/\/shopatoa.com\/cz\/#website"},"primaryImageOfPage":{"@id":"https:\/\/shopatoa.com\/cz\/podlozka-epic-pet-cleandry-seda-152x76cm\/#primaryimage"},"image":{"@id":"https:\/\/shopatoa.com\/cz\/podlozka-epic-pet-cleandry-seda-152x76cm\/#primaryimage"},"thumbnailUrl":"https:\/\/storage.googleapis.com\/cz-shopatoa-img\/cz\/edbfea7c-1_85287.jpg","datePublished":"2025-04-03T16:16:45+00:00","dateModified":"2026-01-31T19:50:06+00:00","breadcrumb":{"@id":"https:\/\/shopatoa.com\/cz\/podlozka-epic-pet-cleandry-seda-152x76cm\/#breadcrumb"},"inLanguage":"cs","potentialAction":[{"@type":"ReadAction","target":["https:\/\/shopatoa.com\/cz\/podlozka-epic-pet-cleandry-seda-152x76cm\/"]}]},{"@type":"ImageObject","inLanguage":"cs","@id":"https:\/\/shopatoa.com\/cz\/podlozka-epic-pet-cleandry-seda-152x76cm\/#primaryimage","url":"https:\/\/storage.googleapis.com\/cz-shopatoa-img\/cz\/edbfea7c-1_85287.jpg","contentUrl":"https:\/\/storage.googleapis.com\/cz-shopatoa-img\/cz\/edbfea7c-1_85287.jpg","width":600,"height":600},{"@type":"BreadcrumbList","@id":"https:\/\/shopatoa.com\/cz\/podlozka-epic-pet-cleandry-seda-152x76cm\/#breadcrumb","itemListElement":[{"@type":"ListItem","position":1,"name":"Dom\u016f","item":"https:\/\/shopatoa.com\/cz\/"},{"@type":"ListItem","position":2,"name":"Produkty","item":"https:\/\/shopatoa.com\/cz\/shop\/"},{"@type":"ListItem","position":3,"name":"Bydlen\u00ed a dopl\u0148ky","item":"https:\/\/shopatoa.com\/cz\/bydleni-a-doplnky\/"},{"@type":"ListItem","position":4,"name":"N\u00e1bytek","item":"https:\/\/shopatoa.com\/cz\/nabytek-bydleni-a-doplnky\/"},{"@type":"ListItem","position":5,"name":"Matrace a toppery","item":"https:\/\/shopatoa.com\/cz\/matrace-a-toppery\/"},{"@type":"ListItem","position":6,"name":"Matrace","item":"https:\/\/shopatoa.com\/cz\/matrace-matrace-a-toppery\/"},{"@type":"ListItem","position":7,"name":"Podlo\u017eka Epic Pet Clean&amp;Dry \u0161ed\u00e1 152x76cm"}]},{"@type":"WebSite","@id":"https:\/\/shopatoa.com\/cz\/#website","url":"https:\/\/shopatoa.com\/cz\/","name":"SHOPATOA","description":"","publisher":{"@id":"https:\/\/shopatoa.com\/cz\/#organization"},"potentialAction":[{"@type":"SearchAction","target":{"@type":"EntryPoint","urlTemplate":"https:\/\/shopatoa.com\/cz\/?s={search_term_string}"},"query-input":{"@type":"PropertyValueSpecification","valueRequired":true,"valueName":"search_term_string"}}],"inLanguage":"cs"},{"@type":"Organization","@id":"https:\/\/shopatoa.com\/cz\/#organization","name":"SHOPATOA Digital s.r.o.","url":"https:\/\/shopatoa.com\/cz\/","logo":{"@type":"ImageObject","inLanguage":"cs","@id":"https:\/\/shopatoa.com\/cz\/#\/schema\/logo\/image\/","url":"https:\/\/storage.googleapis.com\/cz-shopatoa-img\/cz\/ebccf434-shopatoa_logo.png","contentUrl":"https:\/\/storage.googleapis.com\/cz-shopatoa-img\/cz\/ebccf434-shopatoa_logo.png","width":416,"height":63,"caption":"SHOPATOA Digital s.r.o."},"image":{"@id":"https:\/\/shopatoa.com\/cz\/#\/schema\/logo\/image\/"}}]}},"_links":{"self":[{"href":"https:\/\/shopatoa.com\/cz\/wp-json\/wp\/v2\/product\/253590","targetHints":{"allow":["GET"]}}],"collection":[{"href":"https:\/\/shopatoa.com\/cz\/wp-json\/wp\/v2\/product"}],"about":[{"href":"https:\/\/shopatoa.com\/cz\/wp-json\/wp\/v2\/types\/product"}],"replies":[{"embeddable":true,"href":"https:\/\/shopatoa.com\/cz\/wp-json\/wp\/v2\/comments?post=253590"}],"wp:featuredmedia":[{"embeddable":true,"href":"https:\/\/shopatoa.com\/cz\/wp-json\/wp\/v2\/media\/253591"}],"wp:attachment":[{"href":"https:\/\/shopatoa.com\/cz\/wp-json\/wp\/v2\/media?parent=253590"}],"wp:term":[{"taxonomy":"product_brand","embeddable":true,"href":"https:\/\/shopatoa.com\/cz\/wp-json\/wp\/v2\/product_brand?post=253590"},{"taxonomy":"product_cat","embeddable":true,"href":"https:\/\/shopatoa.com\/cz\/wp-json\/wp\/v2\/product_cat?post=253590"},{"taxonomy":"product_tag","embeddable":true,"href":"https:\/\/shopatoa.com\/cz\/wp-json\/wp\/v2\/product_tag?post=253590"}],"curies":[{"name":"wp","href":"https:\/\/api.w.org\/{rel}","templated":true}]}}