{"id":253672,"date":"2025-04-03T18:31:55","date_gmt":"2025-04-03T16:31:55","guid":{"rendered":"https:\/\/shopatoa.com\/cz\/?post_type=product&#038;p=253672"},"modified":"2026-01-31T14:18:50","modified_gmt":"2026-01-31T13:18:50","slug":"pleny-trixie-pro-feny-xl-12ks","status":"publish","type":"product","link":"https:\/\/shopatoa.com\/cz\/pleny-trixie-pro-feny-xl-12ks\/","title":{"rendered":"Pleny Trixie pro feny XL 12ks"},"content":{"rendered":"<p>Jednor\u00e1zov\u00e9\u00a0pleny s elastick\u00fdm pasem.<\/p>\n<p>\tVysoce absorp\u010dn\u00ed, vhodn\u00e9 pro feny\u00a0trp\u00edc\u00ed inkontinenc\u00ed.<br \/>\n\tVhodn\u00e9 po operac\u00edch,\u00a0kdy nen\u00ed mo\u017en\u00e9 ven\u010den\u00ed p\u0159irozen\u00fdm zp\u016fsobem.<br \/>\n\tDob\u0159e dr\u017e\u00ed na sv\u00e9m m\u00edst\u011b, plena se p\u0159ipevn\u00ed\u00a0oboustrann\u00fdmi lep\u00edc\u00edmi p\u00e1sky.<\/p>\n<p>Materi\u00e1l<\/p>\n<p>Netkan\u00e1 textilie (polyester)<\/p>\n<p>Velikost<\/p>\n<p>XL, obvod pasu 40 &#8211; 58\u00a0cm<\/p>\n<p>Balen\u00ed:\u00a012 ks<\/p>\n","protected":false},"excerpt":{"rendered":"<p>Jednor\u00e1zov\u00e9\u00a0pleny s elastick\u00fdm pasem. Vysoce absorp\u010dn\u00ed, vhodn\u00e9 pro feny\u00a0trp\u00edc\u00ed inkontinenc\u00ed. Vhodn\u00e9 po operac\u00edch,\u00a0kdy nen\u00ed mo\u017en\u00e9 ven\u010den\u00ed p\u0159irozen\u00fdm zp\u016fsobem. Dob\u0159e dr\u017e\u00ed na sv\u00e9m m\u00edst\u011b, plena se p\u0159ipevn\u00ed\u00a0oboustrann\u00fdmi lep\u00edc\u00edmi p\u00e1sky. Materi\u00e1l Netkan\u00e1 textilie (polyester) Velikost XL, obvod pasu 40 &#8211; 58\u00a0cm Balen\u00ed:\u00a012 ks<\/p>\n","protected":false},"featured_media":253673,"comment_status":"closed","ping_status":"open","template":"","meta":{"_acf_changed":false,"_kadence_starter_templates_imported_post":false,"_kad_post_transparent":"","_kad_post_title":"","_kad_post_layout":"","_kad_post_sidebar_id":"","_kad_post_content_style":"","_kad_post_vertical_padding":"","_kad_post_feature":"","_kad_post_feature_position":"","_kad_post_header":false,"_kad_post_footer":false,"_kad_post_classname":""},"product_brand":[2047],"product_cat":[436,740,742,741,739],"product_tag":[],"class_list":{"0":"post-253672","1":"product","2":"type-product","3":"status-publish","4":"has-post-thumbnail","6":"product_brand-trixie","7":"product_cat-chovatelske-potreby-2","8":"product_cat-hygiena-a-kosmetika-pro-psy","9":"product_cat-kosmetika-a-uprava-psa","10":"product_cat-pece-o-psi-srst","11":"product_cat-pro-psy-chovatelske-potreby-2","12":"pa_obchod-superzoo-cz","14":"first","15":"instock","16":"product-type-external","17":"entry","18":"content-bg","19":"loop-entry"},"acf":[],"yoast_head":"<!-- This site is optimized with the Yoast SEO plugin v27.4 - https:\/\/yoast.com\/product\/yoast-seo-wordpress\/ -->\n<title>Pleny Trixie pro feny XL 12ks - SHOPATOA.COM<\/title>\n<meta name=\"robots\" content=\"index, follow, max-snippet:-1, max-image-preview:large, max-video-preview:-1\" \/>\n<link rel=\"canonical\" href=\"https:\/\/shopatoa.com\/cz\/pleny-trixie-pro-feny-xl-12ks\/\" \/>\n<meta property=\"og:locale\" content=\"cs_CZ\" \/>\n<meta property=\"og:type\" content=\"article\" \/>\n<meta property=\"og:title\" content=\"Pleny Trixie pro feny XL 12ks - SHOPATOA.COM\" \/>\n<meta property=\"og:description\" content=\"Jednor\u00e1zov\u00e9\u00a0pleny s elastick\u00fdm pasem. Vysoce absorp\u010dn\u00ed, vhodn\u00e9 pro feny\u00a0trp\u00edc\u00ed inkontinenc\u00ed. Vhodn\u00e9 po operac\u00edch,\u00a0kdy nen\u00ed mo\u017en\u00e9 ven\u010den\u00ed p\u0159irozen\u00fdm zp\u016fsobem. Dob\u0159e dr\u017e\u00ed na sv\u00e9m m\u00edst\u011b, plena se p\u0159ipevn\u00ed\u00a0oboustrann\u00fdmi lep\u00edc\u00edmi p\u00e1sky. Materi\u00e1l Netkan\u00e1 textilie (polyester) Velikost XL, obvod pasu 40 &#8211; 58\u00a0cm Balen\u00ed:\u00a012 ks\" \/>\n<meta property=\"og:url\" content=\"https:\/\/shopatoa.com\/cz\/pleny-trixie-pro-feny-xl-12ks\/\" \/>\n<meta property=\"og:site_name\" content=\"SHOPATOA\" \/>\n<meta property=\"article:modified_time\" content=\"2026-01-31T13:18:50+00:00\" \/>\n<meta property=\"og:image\" content=\"https:\/\/storage.googleapis.com\/cz-shopatoa-img\/cz\/bb952c90-1_71098.jpg\" \/>\n\t<meta property=\"og:image:width\" content=\"600\" \/>\n\t<meta property=\"og:image:height\" content=\"600\" \/>\n\t<meta property=\"og:image:type\" content=\"image\/jpeg\" \/>\n<meta name=\"twitter:card\" content=\"summary_large_image\" \/>\n<script type=\"application\/ld+json\" class=\"yoast-schema-graph\">{\"@context\":\"https:\\\/\\\/schema.org\",\"@graph\":[{\"@type\":\"WebPage\",\"@id\":\"https:\\\/\\\/shopatoa.com\\\/cz\\\/pleny-trixie-pro-feny-xl-12ks\\\/\",\"url\":\"https:\\\/\\\/shopatoa.com\\\/cz\\\/pleny-trixie-pro-feny-xl-12ks\\\/\",\"name\":\"Pleny Trixie pro feny XL 12ks - SHOPATOA.COM\",\"isPartOf\":{\"@id\":\"https:\\\/\\\/shopatoa.com\\\/cz\\\/#website\"},\"primaryImageOfPage\":{\"@id\":\"https:\\\/\\\/shopatoa.com\\\/cz\\\/pleny-trixie-pro-feny-xl-12ks\\\/#primaryimage\"},\"image\":{\"@id\":\"https:\\\/\\\/shopatoa.com\\\/cz\\\/pleny-trixie-pro-feny-xl-12ks\\\/#primaryimage\"},\"thumbnailUrl\":\"https:\\\/\\\/storage.googleapis.com\\\/cz-shopatoa-img\\\/cz\\\/bb952c90-1_71098.jpg\",\"datePublished\":\"2025-04-03T16:31:55+00:00\",\"dateModified\":\"2026-01-31T13:18:50+00:00\",\"breadcrumb\":{\"@id\":\"https:\\\/\\\/shopatoa.com\\\/cz\\\/pleny-trixie-pro-feny-xl-12ks\\\/#breadcrumb\"},\"inLanguage\":\"cs\",\"potentialAction\":[{\"@type\":\"ReadAction\",\"target\":[\"https:\\\/\\\/shopatoa.com\\\/cz\\\/pleny-trixie-pro-feny-xl-12ks\\\/\"]}]},{\"@type\":\"ImageObject\",\"inLanguage\":\"cs\",\"@id\":\"https:\\\/\\\/shopatoa.com\\\/cz\\\/pleny-trixie-pro-feny-xl-12ks\\\/#primaryimage\",\"url\":\"https:\\\/\\\/storage.googleapis.com\\\/cz-shopatoa-img\\\/cz\\\/bb952c90-1_71098.jpg\",\"contentUrl\":\"https:\\\/\\\/storage.googleapis.com\\\/cz-shopatoa-img\\\/cz\\\/bb952c90-1_71098.jpg\",\"width\":600,\"height\":600},{\"@type\":\"BreadcrumbList\",\"@id\":\"https:\\\/\\\/shopatoa.com\\\/cz\\\/pleny-trixie-pro-feny-xl-12ks\\\/#breadcrumb\",\"itemListElement\":[{\"@type\":\"ListItem\",\"position\":1,\"name\":\"Dom\u016f\",\"item\":\"https:\\\/\\\/shopatoa.com\\\/cz\\\/\"},{\"@type\":\"ListItem\",\"position\":2,\"name\":\"Produkty\",\"item\":\"https:\\\/\\\/shopatoa.com\\\/cz\\\/shop\\\/\"},{\"@type\":\"ListItem\",\"position\":3,\"name\":\"Chovatelsk\u00e9 pot\u0159eby\",\"item\":\"https:\\\/\\\/shopatoa.com\\\/cz\\\/chovatelske-potreby-2\\\/\"},{\"@type\":\"ListItem\",\"position\":4,\"name\":\"Pro psy\",\"item\":\"https:\\\/\\\/shopatoa.com\\\/cz\\\/pro-psy-chovatelske-potreby-2\\\/\"},{\"@type\":\"ListItem\",\"position\":5,\"name\":\"Hygiena a kosmetika pro psy\",\"item\":\"https:\\\/\\\/shopatoa.com\\\/cz\\\/hygiena-a-kosmetika-pro-psy\\\/\"},{\"@type\":\"ListItem\",\"position\":6,\"name\":\"P\u00e9\u010de o ps\u00ed srst\",\"item\":\"https:\\\/\\\/shopatoa.com\\\/cz\\\/pece-o-psi-srst\\\/\"},{\"@type\":\"ListItem\",\"position\":7,\"name\":\"Kosmetika a \u00faprava psa\",\"item\":\"https:\\\/\\\/shopatoa.com\\\/cz\\\/kosmetika-a-uprava-psa\\\/\"},{\"@type\":\"ListItem\",\"position\":8,\"name\":\"Pleny Trixie pro feny XL 12ks\"}]},{\"@type\":\"WebSite\",\"@id\":\"https:\\\/\\\/shopatoa.com\\\/cz\\\/#website\",\"url\":\"https:\\\/\\\/shopatoa.com\\\/cz\\\/\",\"name\":\"SHOPATOA\",\"description\":\"\",\"publisher\":{\"@id\":\"https:\\\/\\\/shopatoa.com\\\/cz\\\/#organization\"},\"potentialAction\":[{\"@type\":\"SearchAction\",\"target\":{\"@type\":\"EntryPoint\",\"urlTemplate\":\"https:\\\/\\\/shopatoa.com\\\/cz\\\/?s={search_term_string}\"},\"query-input\":{\"@type\":\"PropertyValueSpecification\",\"valueRequired\":true,\"valueName\":\"search_term_string\"}}],\"inLanguage\":\"cs\"},{\"@type\":\"Organization\",\"@id\":\"https:\\\/\\\/shopatoa.com\\\/cz\\\/#organization\",\"name\":\"SHOPATOA Digital s.r.o.\",\"url\":\"https:\\\/\\\/shopatoa.com\\\/cz\\\/\",\"logo\":{\"@type\":\"ImageObject\",\"inLanguage\":\"cs\",\"@id\":\"https:\\\/\\\/shopatoa.com\\\/cz\\\/#\\\/schema\\\/logo\\\/image\\\/\",\"url\":\"https:\\\/\\\/storage.googleapis.com\\\/cz-shopatoa-img\\\/cz\\\/ebccf434-shopatoa_logo.png\",\"contentUrl\":\"https:\\\/\\\/storage.googleapis.com\\\/cz-shopatoa-img\\\/cz\\\/ebccf434-shopatoa_logo.png\",\"width\":416,\"height\":63,\"caption\":\"SHOPATOA Digital s.r.o.\"},\"image\":{\"@id\":\"https:\\\/\\\/shopatoa.com\\\/cz\\\/#\\\/schema\\\/logo\\\/image\\\/\"}}]}<\/script>\n<!-- \/ Yoast SEO plugin. -->","yoast_head_json":{"title":"Pleny Trixie pro feny XL 12ks - SHOPATOA.COM","robots":{"index":"index","follow":"follow","max-snippet":"max-snippet:-1","max-image-preview":"max-image-preview:large","max-video-preview":"max-video-preview:-1"},"canonical":"https:\/\/shopatoa.com\/cz\/pleny-trixie-pro-feny-xl-12ks\/","og_locale":"cs_CZ","og_type":"article","og_title":"Pleny Trixie pro feny XL 12ks - SHOPATOA.COM","og_description":"Jednor\u00e1zov\u00e9\u00a0pleny s elastick\u00fdm pasem. Vysoce absorp\u010dn\u00ed, vhodn\u00e9 pro feny\u00a0trp\u00edc\u00ed inkontinenc\u00ed. Vhodn\u00e9 po operac\u00edch,\u00a0kdy nen\u00ed mo\u017en\u00e9 ven\u010den\u00ed p\u0159irozen\u00fdm zp\u016fsobem. Dob\u0159e dr\u017e\u00ed na sv\u00e9m m\u00edst\u011b, plena se p\u0159ipevn\u00ed\u00a0oboustrann\u00fdmi lep\u00edc\u00edmi p\u00e1sky. Materi\u00e1l Netkan\u00e1 textilie (polyester) Velikost XL, obvod pasu 40 &#8211; 58\u00a0cm Balen\u00ed:\u00a012 ks","og_url":"https:\/\/shopatoa.com\/cz\/pleny-trixie-pro-feny-xl-12ks\/","og_site_name":"SHOPATOA","article_modified_time":"2026-01-31T13:18:50+00:00","og_image":[{"width":600,"height":600,"url":"https:\/\/storage.googleapis.com\/cz-shopatoa-img\/cz\/bb952c90-1_71098.jpg","type":"image\/jpeg"}],"twitter_card":"summary_large_image","schema":{"@context":"https:\/\/schema.org","@graph":[{"@type":"WebPage","@id":"https:\/\/shopatoa.com\/cz\/pleny-trixie-pro-feny-xl-12ks\/","url":"https:\/\/shopatoa.com\/cz\/pleny-trixie-pro-feny-xl-12ks\/","name":"Pleny Trixie pro feny XL 12ks - SHOPATOA.COM","isPartOf":{"@id":"https:\/\/shopatoa.com\/cz\/#website"},"primaryImageOfPage":{"@id":"https:\/\/shopatoa.com\/cz\/pleny-trixie-pro-feny-xl-12ks\/#primaryimage"},"image":{"@id":"https:\/\/shopatoa.com\/cz\/pleny-trixie-pro-feny-xl-12ks\/#primaryimage"},"thumbnailUrl":"https:\/\/storage.googleapis.com\/cz-shopatoa-img\/cz\/bb952c90-1_71098.jpg","datePublished":"2025-04-03T16:31:55+00:00","dateModified":"2026-01-31T13:18:50+00:00","breadcrumb":{"@id":"https:\/\/shopatoa.com\/cz\/pleny-trixie-pro-feny-xl-12ks\/#breadcrumb"},"inLanguage":"cs","potentialAction":[{"@type":"ReadAction","target":["https:\/\/shopatoa.com\/cz\/pleny-trixie-pro-feny-xl-12ks\/"]}]},{"@type":"ImageObject","inLanguage":"cs","@id":"https:\/\/shopatoa.com\/cz\/pleny-trixie-pro-feny-xl-12ks\/#primaryimage","url":"https:\/\/storage.googleapis.com\/cz-shopatoa-img\/cz\/bb952c90-1_71098.jpg","contentUrl":"https:\/\/storage.googleapis.com\/cz-shopatoa-img\/cz\/bb952c90-1_71098.jpg","width":600,"height":600},{"@type":"BreadcrumbList","@id":"https:\/\/shopatoa.com\/cz\/pleny-trixie-pro-feny-xl-12ks\/#breadcrumb","itemListElement":[{"@type":"ListItem","position":1,"name":"Dom\u016f","item":"https:\/\/shopatoa.com\/cz\/"},{"@type":"ListItem","position":2,"name":"Produkty","item":"https:\/\/shopatoa.com\/cz\/shop\/"},{"@type":"ListItem","position":3,"name":"Chovatelsk\u00e9 pot\u0159eby","item":"https:\/\/shopatoa.com\/cz\/chovatelske-potreby-2\/"},{"@type":"ListItem","position":4,"name":"Pro psy","item":"https:\/\/shopatoa.com\/cz\/pro-psy-chovatelske-potreby-2\/"},{"@type":"ListItem","position":5,"name":"Hygiena a kosmetika pro psy","item":"https:\/\/shopatoa.com\/cz\/hygiena-a-kosmetika-pro-psy\/"},{"@type":"ListItem","position":6,"name":"P\u00e9\u010de o ps\u00ed srst","item":"https:\/\/shopatoa.com\/cz\/pece-o-psi-srst\/"},{"@type":"ListItem","position":7,"name":"Kosmetika a \u00faprava psa","item":"https:\/\/shopatoa.com\/cz\/kosmetika-a-uprava-psa\/"},{"@type":"ListItem","position":8,"name":"Pleny Trixie pro feny XL 12ks"}]},{"@type":"WebSite","@id":"https:\/\/shopatoa.com\/cz\/#website","url":"https:\/\/shopatoa.com\/cz\/","name":"SHOPATOA","description":"","publisher":{"@id":"https:\/\/shopatoa.com\/cz\/#organization"},"potentialAction":[{"@type":"SearchAction","target":{"@type":"EntryPoint","urlTemplate":"https:\/\/shopatoa.com\/cz\/?s={search_term_string}"},"query-input":{"@type":"PropertyValueSpecification","valueRequired":true,"valueName":"search_term_string"}}],"inLanguage":"cs"},{"@type":"Organization","@id":"https:\/\/shopatoa.com\/cz\/#organization","name":"SHOPATOA Digital s.r.o.","url":"https:\/\/shopatoa.com\/cz\/","logo":{"@type":"ImageObject","inLanguage":"cs","@id":"https:\/\/shopatoa.com\/cz\/#\/schema\/logo\/image\/","url":"https:\/\/storage.googleapis.com\/cz-shopatoa-img\/cz\/ebccf434-shopatoa_logo.png","contentUrl":"https:\/\/storage.googleapis.com\/cz-shopatoa-img\/cz\/ebccf434-shopatoa_logo.png","width":416,"height":63,"caption":"SHOPATOA Digital s.r.o."},"image":{"@id":"https:\/\/shopatoa.com\/cz\/#\/schema\/logo\/image\/"}}]}},"_links":{"self":[{"href":"https:\/\/shopatoa.com\/cz\/wp-json\/wp\/v2\/product\/253672","targetHints":{"allow":["GET"]}}],"collection":[{"href":"https:\/\/shopatoa.com\/cz\/wp-json\/wp\/v2\/product"}],"about":[{"href":"https:\/\/shopatoa.com\/cz\/wp-json\/wp\/v2\/types\/product"}],"replies":[{"embeddable":true,"href":"https:\/\/shopatoa.com\/cz\/wp-json\/wp\/v2\/comments?post=253672"}],"wp:featuredmedia":[{"embeddable":true,"href":"https:\/\/shopatoa.com\/cz\/wp-json\/wp\/v2\/media\/253673"}],"wp:attachment":[{"href":"https:\/\/shopatoa.com\/cz\/wp-json\/wp\/v2\/media?parent=253672"}],"wp:term":[{"taxonomy":"product_brand","embeddable":true,"href":"https:\/\/shopatoa.com\/cz\/wp-json\/wp\/v2\/product_brand?post=253672"},{"taxonomy":"product_cat","embeddable":true,"href":"https:\/\/shopatoa.com\/cz\/wp-json\/wp\/v2\/product_cat?post=253672"},{"taxonomy":"product_tag","embeddable":true,"href":"https:\/\/shopatoa.com\/cz\/wp-json\/wp\/v2\/product_tag?post=253672"}],"curies":[{"name":"wp","href":"https:\/\/api.w.org\/{rel}","templated":true}]}}