{"id":253702,"date":"2025-04-03T18:40:02","date_gmt":"2025-04-03T16:40:02","guid":{"rendered":"https:\/\/shopatoa.com\/cz\/?post_type=product&#038;p=253702"},"modified":"2026-02-03T22:11:27","modified_gmt":"2026-02-03T21:11:27","slug":"brit-care-dog-sustainable-sensitive-122kg","status":"publish","type":"product","link":"https:\/\/shopatoa.com\/cz\/brit-care-dog-sustainable-sensitive-122kg\/","title":{"rendered":"Brit Care Dog Sustainable Sensitive 12+2kg"},"content":{"rendered":"<p>Superpr\u00e9miov\u00e9 kompletn\u00ed krmivo\u00a0pro citliv\u00e9 psy a psy s intoleranc\u00ed.\u00a0Bezobiln\u00e1 receptura\u00a0\u0161etrn\u00e1 k\u00a0p\u0159\u00edrod\u011b\u00a0vyroben\u00e1 z\u00a0ekologick\u00fdch (hmyz\u00edch) protein\u016f a udr\u017eiteln\u00fdch surovin.<\/p>\n<p>Bez ku\u0159ec\u00edho tuku\u00a0&#8211; Receptura z nealergenn\u00edch protein\u016f hmyzu a ryby pro citliv\u00e9 tr\u00e1ven\u00ed a poko\u017eku.<\/p>\n<p>S n\u00edzk\u00fdch rizikem alergie\u00a0&#8211; Vyv\u00e1\u017een\u00fd pom\u011br omega-3 a omega-6 nenasycen\u00fdch mastn\u00fdch kyselin, lososov\u00fd olej, rakytn\u00edk a z\u00e1kladn\u00ed proteiny hmyz a ku\u0159e p\u0159isp\u00edvaj\u00ed k optim\u00e1ln\u00edmu v\u00fdvoji a ment\u00e1ln\u00edmu zdrav\u00ed.<\/p>\n<p>Podpora imunity\u00a0&#8211; Probiotika (inaktivovan\u00e9 laktobacily s para-probiotick\u00fdmi \u00fa\u010dinky) podporuj\u00ed r\u016fst pozitivn\u00edch bakteri\u00ed ve st\u0159ev\u011b a t\u00edm celkov\u011b stimuluj\u00ed a podporuj\u00ed p\u0159irozenou imunitu organismu.<\/p>\n<p>Slo\u017een\u00ed<\/p>\n<p>Dehydrovan\u00fd hmyz (14\u202f%), dehydrovan\u00e1 b\u00edl\u00e1 ryba (14\u202f%), \u017elut\u00fd hr\u00e1ch (14\u202f%), zelen\u00fd hr\u00e1\u0161ek (14\u202f%), su\u0161en\u00e1 jable\u010dn\u00e1 du\u017eina, hrachov\u00fd protein, kokosov\u00fd olej (8\u202f%), hydrolyzovan\u00fd protein z b\u00edl\u00e9 ryby (4\u202f%), pivovarsk\u00e9 kvasnice, lososov\u00fd olej (2\u202f%), ln\u011bn\u00e9 sem\u00ednko (2\u202f%), vaje\u010dn\u00e9 sko\u0159\u00e1pky, hrachov\u00e1 mouka,&#8230;<\/p>\n","protected":false},"excerpt":{"rendered":"<p>Superpr\u00e9miov\u00e9 kompletn\u00ed krmivo\u00a0pro citliv\u00e9 psy a psy s intoleranc\u00ed.\u00a0Bezobiln\u00e1 receptura\u00a0\u0161etrn\u00e1 k\u00a0p\u0159\u00edrod\u011b\u00a0vyroben\u00e1 z\u00a0ekologick\u00fdch (hmyz\u00edch) protein\u016f a udr\u017eiteln\u00fdch surovin. Bez ku\u0159ec\u00edho tuku\u00a0&#8211; Receptura z nealergenn\u00edch protein\u016f hmyzu a ryby pro citliv\u00e9 tr\u00e1ven\u00ed a poko\u017eku. S n\u00edzk\u00fdch rizikem alergie\u00a0&#8211; Vyv\u00e1\u017een\u00fd pom\u011br omega-3 a omega-6 nenasycen\u00fdch mastn\u00fdch kyselin, lososov\u00fd olej, rakytn\u00edk a z\u00e1kladn\u00ed proteiny hmyz a ku\u0159e p\u0159isp\u00edvaj\u00ed k&#8230;<\/p>\n","protected":false},"featured_media":253703,"comment_status":"closed","ping_status":"open","template":"","meta":{"_acf_changed":false,"_kadence_starter_templates_imported_post":false,"_kad_post_transparent":"","_kad_post_title":"","_kad_post_layout":"","_kad_post_sidebar_id":"","_kad_post_content_style":"","_kad_post_vertical_padding":"","_kad_post_feature":"","_kad_post_feature_position":"","_kad_post_header":false,"_kad_post_footer":false,"_kad_post_classname":""},"product_brand":[1744],"product_cat":[436,2569,2568,739],"product_tag":[],"class_list":{"0":"post-253702","1":"product","2":"type-product","3":"status-publish","4":"has-post-thumbnail","6":"product_brand-brit-care","7":"product_cat-chovatelske-potreby-2","8":"product_cat-granule-pro-psy","9":"product_cat-krmivo-pro-psy-pro-psy-chovatelske-potreby-2","10":"product_cat-pro-psy-chovatelske-potreby-2","11":"pa_obchod-superzoo-cz","13":"first","14":"instock","15":"product-type-external","16":"entry","17":"content-bg","18":"loop-entry"},"acf":[],"yoast_head":"<!-- This site is optimized with the Yoast SEO plugin v27.4 - https:\/\/yoast.com\/product\/yoast-seo-wordpress\/ -->\n<title>Brit Care Dog Sustainable Sensitive 12+2kg - SHOPATOA.COM<\/title>\n<meta name=\"robots\" content=\"index, follow, max-snippet:-1, max-image-preview:large, max-video-preview:-1\" \/>\n<link rel=\"canonical\" href=\"https:\/\/shopatoa.com\/cz\/brit-care-dog-sustainable-sensitive-122kg\/\" \/>\n<meta property=\"og:locale\" content=\"cs_CZ\" \/>\n<meta property=\"og:type\" content=\"article\" \/>\n<meta property=\"og:title\" content=\"Brit Care Dog Sustainable Sensitive 12+2kg - SHOPATOA.COM\" \/>\n<meta property=\"og:description\" content=\"Superpr\u00e9miov\u00e9 kompletn\u00ed krmivo\u00a0pro citliv\u00e9 psy a psy s intoleranc\u00ed.\u00a0Bezobiln\u00e1 receptura\u00a0\u0161etrn\u00e1 k\u00a0p\u0159\u00edrod\u011b\u00a0vyroben\u00e1 z\u00a0ekologick\u00fdch (hmyz\u00edch) protein\u016f a udr\u017eiteln\u00fdch surovin. Bez ku\u0159ec\u00edho tuku\u00a0&#8211; Receptura z nealergenn\u00edch protein\u016f hmyzu a ryby pro citliv\u00e9 tr\u00e1ven\u00ed a poko\u017eku. S n\u00edzk\u00fdch rizikem alergie\u00a0&#8211; Vyv\u00e1\u017een\u00fd pom\u011br omega-3 a omega-6 nenasycen\u00fdch mastn\u00fdch kyselin, lososov\u00fd olej, rakytn\u00edk a z\u00e1kladn\u00ed proteiny hmyz a ku\u0159e p\u0159isp\u00edvaj\u00ed k...\" \/>\n<meta property=\"og:url\" content=\"https:\/\/shopatoa.com\/cz\/brit-care-dog-sustainable-sensitive-122kg\/\" \/>\n<meta property=\"og:site_name\" content=\"SHOPATOA\" \/>\n<meta property=\"article:modified_time\" content=\"2026-02-03T21:11:27+00:00\" \/>\n<meta property=\"og:image\" content=\"https:\/\/storage.googleapis.com\/cz-shopatoa-img\/cz\/a12d2a70-1_85788.jpg\" \/>\n\t<meta property=\"og:image:width\" content=\"600\" \/>\n\t<meta property=\"og:image:height\" content=\"600\" \/>\n\t<meta property=\"og:image:type\" content=\"image\/jpeg\" \/>\n<meta name=\"twitter:card\" content=\"summary_large_image\" \/>\n<meta name=\"twitter:label1\" content=\"Odhadovan\u00e1 doba \u010dten\u00ed\" \/>\n\t<meta name=\"twitter:data1\" content=\"1 minuta\" \/>\n<script type=\"application\/ld+json\" class=\"yoast-schema-graph\">{\"@context\":\"https:\\\/\\\/schema.org\",\"@graph\":[{\"@type\":\"WebPage\",\"@id\":\"https:\\\/\\\/shopatoa.com\\\/cz\\\/brit-care-dog-sustainable-sensitive-122kg\\\/\",\"url\":\"https:\\\/\\\/shopatoa.com\\\/cz\\\/brit-care-dog-sustainable-sensitive-122kg\\\/\",\"name\":\"Brit Care Dog Sustainable Sensitive 12+2kg - SHOPATOA.COM\",\"isPartOf\":{\"@id\":\"https:\\\/\\\/shopatoa.com\\\/cz\\\/#website\"},\"primaryImageOfPage\":{\"@id\":\"https:\\\/\\\/shopatoa.com\\\/cz\\\/brit-care-dog-sustainable-sensitive-122kg\\\/#primaryimage\"},\"image\":{\"@id\":\"https:\\\/\\\/shopatoa.com\\\/cz\\\/brit-care-dog-sustainable-sensitive-122kg\\\/#primaryimage\"},\"thumbnailUrl\":\"https:\\\/\\\/storage.googleapis.com\\\/cz-shopatoa-img\\\/cz\\\/a12d2a70-1_85788.jpg\",\"datePublished\":\"2025-04-03T16:40:02+00:00\",\"dateModified\":\"2026-02-03T21:11:27+00:00\",\"breadcrumb\":{\"@id\":\"https:\\\/\\\/shopatoa.com\\\/cz\\\/brit-care-dog-sustainable-sensitive-122kg\\\/#breadcrumb\"},\"inLanguage\":\"cs\",\"potentialAction\":[{\"@type\":\"ReadAction\",\"target\":[\"https:\\\/\\\/shopatoa.com\\\/cz\\\/brit-care-dog-sustainable-sensitive-122kg\\\/\"]}]},{\"@type\":\"ImageObject\",\"inLanguage\":\"cs\",\"@id\":\"https:\\\/\\\/shopatoa.com\\\/cz\\\/brit-care-dog-sustainable-sensitive-122kg\\\/#primaryimage\",\"url\":\"https:\\\/\\\/storage.googleapis.com\\\/cz-shopatoa-img\\\/cz\\\/a12d2a70-1_85788.jpg\",\"contentUrl\":\"https:\\\/\\\/storage.googleapis.com\\\/cz-shopatoa-img\\\/cz\\\/a12d2a70-1_85788.jpg\",\"width\":600,\"height\":600},{\"@type\":\"BreadcrumbList\",\"@id\":\"https:\\\/\\\/shopatoa.com\\\/cz\\\/brit-care-dog-sustainable-sensitive-122kg\\\/#breadcrumb\",\"itemListElement\":[{\"@type\":\"ListItem\",\"position\":1,\"name\":\"Dom\u016f\",\"item\":\"https:\\\/\\\/shopatoa.com\\\/cz\\\/\"},{\"@type\":\"ListItem\",\"position\":2,\"name\":\"Produkty\",\"item\":\"https:\\\/\\\/shopatoa.com\\\/cz\\\/shop\\\/\"},{\"@type\":\"ListItem\",\"position\":3,\"name\":\"Chovatelsk\u00e9 pot\u0159eby\",\"item\":\"https:\\\/\\\/shopatoa.com\\\/cz\\\/chovatelske-potreby-2\\\/\"},{\"@type\":\"ListItem\",\"position\":4,\"name\":\"Pro psy\",\"item\":\"https:\\\/\\\/shopatoa.com\\\/cz\\\/pro-psy-chovatelske-potreby-2\\\/\"},{\"@type\":\"ListItem\",\"position\":5,\"name\":\"Krmivo pro psy\",\"item\":\"https:\\\/\\\/shopatoa.com\\\/cz\\\/krmivo-pro-psy-pro-psy-chovatelske-potreby-2\\\/\"},{\"@type\":\"ListItem\",\"position\":6,\"name\":\"Granule pro psy\",\"item\":\"https:\\\/\\\/shopatoa.com\\\/cz\\\/granule-pro-psy\\\/\"},{\"@type\":\"ListItem\",\"position\":7,\"name\":\"Brit Care Dog Sustainable Sensitive 12+2kg\"}]},{\"@type\":\"WebSite\",\"@id\":\"https:\\\/\\\/shopatoa.com\\\/cz\\\/#website\",\"url\":\"https:\\\/\\\/shopatoa.com\\\/cz\\\/\",\"name\":\"SHOPATOA\",\"description\":\"\",\"publisher\":{\"@id\":\"https:\\\/\\\/shopatoa.com\\\/cz\\\/#organization\"},\"potentialAction\":[{\"@type\":\"SearchAction\",\"target\":{\"@type\":\"EntryPoint\",\"urlTemplate\":\"https:\\\/\\\/shopatoa.com\\\/cz\\\/?s={search_term_string}\"},\"query-input\":{\"@type\":\"PropertyValueSpecification\",\"valueRequired\":true,\"valueName\":\"search_term_string\"}}],\"inLanguage\":\"cs\"},{\"@type\":\"Organization\",\"@id\":\"https:\\\/\\\/shopatoa.com\\\/cz\\\/#organization\",\"name\":\"SHOPATOA Digital s.r.o.\",\"url\":\"https:\\\/\\\/shopatoa.com\\\/cz\\\/\",\"logo\":{\"@type\":\"ImageObject\",\"inLanguage\":\"cs\",\"@id\":\"https:\\\/\\\/shopatoa.com\\\/cz\\\/#\\\/schema\\\/logo\\\/image\\\/\",\"url\":\"https:\\\/\\\/storage.googleapis.com\\\/cz-shopatoa-img\\\/cz\\\/ebccf434-shopatoa_logo.png\",\"contentUrl\":\"https:\\\/\\\/storage.googleapis.com\\\/cz-shopatoa-img\\\/cz\\\/ebccf434-shopatoa_logo.png\",\"width\":416,\"height\":63,\"caption\":\"SHOPATOA Digital s.r.o.\"},\"image\":{\"@id\":\"https:\\\/\\\/shopatoa.com\\\/cz\\\/#\\\/schema\\\/logo\\\/image\\\/\"}}]}<\/script>\n<!-- \/ Yoast SEO plugin. -->","yoast_head_json":{"title":"Brit Care Dog Sustainable Sensitive 12+2kg - SHOPATOA.COM","robots":{"index":"index","follow":"follow","max-snippet":"max-snippet:-1","max-image-preview":"max-image-preview:large","max-video-preview":"max-video-preview:-1"},"canonical":"https:\/\/shopatoa.com\/cz\/brit-care-dog-sustainable-sensitive-122kg\/","og_locale":"cs_CZ","og_type":"article","og_title":"Brit Care Dog Sustainable Sensitive 12+2kg - SHOPATOA.COM","og_description":"Superpr\u00e9miov\u00e9 kompletn\u00ed krmivo\u00a0pro citliv\u00e9 psy a psy s intoleranc\u00ed.\u00a0Bezobiln\u00e1 receptura\u00a0\u0161etrn\u00e1 k\u00a0p\u0159\u00edrod\u011b\u00a0vyroben\u00e1 z\u00a0ekologick\u00fdch (hmyz\u00edch) protein\u016f a udr\u017eiteln\u00fdch surovin. Bez ku\u0159ec\u00edho tuku\u00a0&#8211; Receptura z nealergenn\u00edch protein\u016f hmyzu a ryby pro citliv\u00e9 tr\u00e1ven\u00ed a poko\u017eku. S n\u00edzk\u00fdch rizikem alergie\u00a0&#8211; Vyv\u00e1\u017een\u00fd pom\u011br omega-3 a omega-6 nenasycen\u00fdch mastn\u00fdch kyselin, lososov\u00fd olej, rakytn\u00edk a z\u00e1kladn\u00ed proteiny hmyz a ku\u0159e p\u0159isp\u00edvaj\u00ed k...","og_url":"https:\/\/shopatoa.com\/cz\/brit-care-dog-sustainable-sensitive-122kg\/","og_site_name":"SHOPATOA","article_modified_time":"2026-02-03T21:11:27+00:00","og_image":[{"width":600,"height":600,"url":"https:\/\/storage.googleapis.com\/cz-shopatoa-img\/cz\/a12d2a70-1_85788.jpg","type":"image\/jpeg"}],"twitter_card":"summary_large_image","twitter_misc":{"Odhadovan\u00e1 doba \u010dten\u00ed":"1 minuta"},"schema":{"@context":"https:\/\/schema.org","@graph":[{"@type":"WebPage","@id":"https:\/\/shopatoa.com\/cz\/brit-care-dog-sustainable-sensitive-122kg\/","url":"https:\/\/shopatoa.com\/cz\/brit-care-dog-sustainable-sensitive-122kg\/","name":"Brit Care Dog Sustainable Sensitive 12+2kg - SHOPATOA.COM","isPartOf":{"@id":"https:\/\/shopatoa.com\/cz\/#website"},"primaryImageOfPage":{"@id":"https:\/\/shopatoa.com\/cz\/brit-care-dog-sustainable-sensitive-122kg\/#primaryimage"},"image":{"@id":"https:\/\/shopatoa.com\/cz\/brit-care-dog-sustainable-sensitive-122kg\/#primaryimage"},"thumbnailUrl":"https:\/\/storage.googleapis.com\/cz-shopatoa-img\/cz\/a12d2a70-1_85788.jpg","datePublished":"2025-04-03T16:40:02+00:00","dateModified":"2026-02-03T21:11:27+00:00","breadcrumb":{"@id":"https:\/\/shopatoa.com\/cz\/brit-care-dog-sustainable-sensitive-122kg\/#breadcrumb"},"inLanguage":"cs","potentialAction":[{"@type":"ReadAction","target":["https:\/\/shopatoa.com\/cz\/brit-care-dog-sustainable-sensitive-122kg\/"]}]},{"@type":"ImageObject","inLanguage":"cs","@id":"https:\/\/shopatoa.com\/cz\/brit-care-dog-sustainable-sensitive-122kg\/#primaryimage","url":"https:\/\/storage.googleapis.com\/cz-shopatoa-img\/cz\/a12d2a70-1_85788.jpg","contentUrl":"https:\/\/storage.googleapis.com\/cz-shopatoa-img\/cz\/a12d2a70-1_85788.jpg","width":600,"height":600},{"@type":"BreadcrumbList","@id":"https:\/\/shopatoa.com\/cz\/brit-care-dog-sustainable-sensitive-122kg\/#breadcrumb","itemListElement":[{"@type":"ListItem","position":1,"name":"Dom\u016f","item":"https:\/\/shopatoa.com\/cz\/"},{"@type":"ListItem","position":2,"name":"Produkty","item":"https:\/\/shopatoa.com\/cz\/shop\/"},{"@type":"ListItem","position":3,"name":"Chovatelsk\u00e9 pot\u0159eby","item":"https:\/\/shopatoa.com\/cz\/chovatelske-potreby-2\/"},{"@type":"ListItem","position":4,"name":"Pro psy","item":"https:\/\/shopatoa.com\/cz\/pro-psy-chovatelske-potreby-2\/"},{"@type":"ListItem","position":5,"name":"Krmivo pro psy","item":"https:\/\/shopatoa.com\/cz\/krmivo-pro-psy-pro-psy-chovatelske-potreby-2\/"},{"@type":"ListItem","position":6,"name":"Granule pro psy","item":"https:\/\/shopatoa.com\/cz\/granule-pro-psy\/"},{"@type":"ListItem","position":7,"name":"Brit Care Dog Sustainable Sensitive 12+2kg"}]},{"@type":"WebSite","@id":"https:\/\/shopatoa.com\/cz\/#website","url":"https:\/\/shopatoa.com\/cz\/","name":"SHOPATOA","description":"","publisher":{"@id":"https:\/\/shopatoa.com\/cz\/#organization"},"potentialAction":[{"@type":"SearchAction","target":{"@type":"EntryPoint","urlTemplate":"https:\/\/shopatoa.com\/cz\/?s={search_term_string}"},"query-input":{"@type":"PropertyValueSpecification","valueRequired":true,"valueName":"search_term_string"}}],"inLanguage":"cs"},{"@type":"Organization","@id":"https:\/\/shopatoa.com\/cz\/#organization","name":"SHOPATOA Digital s.r.o.","url":"https:\/\/shopatoa.com\/cz\/","logo":{"@type":"ImageObject","inLanguage":"cs","@id":"https:\/\/shopatoa.com\/cz\/#\/schema\/logo\/image\/","url":"https:\/\/storage.googleapis.com\/cz-shopatoa-img\/cz\/ebccf434-shopatoa_logo.png","contentUrl":"https:\/\/storage.googleapis.com\/cz-shopatoa-img\/cz\/ebccf434-shopatoa_logo.png","width":416,"height":63,"caption":"SHOPATOA Digital s.r.o."},"image":{"@id":"https:\/\/shopatoa.com\/cz\/#\/schema\/logo\/image\/"}}]}},"_links":{"self":[{"href":"https:\/\/shopatoa.com\/cz\/wp-json\/wp\/v2\/product\/253702","targetHints":{"allow":["GET"]}}],"collection":[{"href":"https:\/\/shopatoa.com\/cz\/wp-json\/wp\/v2\/product"}],"about":[{"href":"https:\/\/shopatoa.com\/cz\/wp-json\/wp\/v2\/types\/product"}],"replies":[{"embeddable":true,"href":"https:\/\/shopatoa.com\/cz\/wp-json\/wp\/v2\/comments?post=253702"}],"wp:featuredmedia":[{"embeddable":true,"href":"https:\/\/shopatoa.com\/cz\/wp-json\/wp\/v2\/media\/253703"}],"wp:attachment":[{"href":"https:\/\/shopatoa.com\/cz\/wp-json\/wp\/v2\/media?parent=253702"}],"wp:term":[{"taxonomy":"product_brand","embeddable":true,"href":"https:\/\/shopatoa.com\/cz\/wp-json\/wp\/v2\/product_brand?post=253702"},{"taxonomy":"product_cat","embeddable":true,"href":"https:\/\/shopatoa.com\/cz\/wp-json\/wp\/v2\/product_cat?post=253702"},{"taxonomy":"product_tag","embeddable":true,"href":"https:\/\/shopatoa.com\/cz\/wp-json\/wp\/v2\/product_tag?post=253702"}],"curies":[{"name":"wp","href":"https:\/\/api.w.org\/{rel}","templated":true}]}}