{"id":253728,"date":"2025-04-03T18:45:02","date_gmt":"2025-04-03T16:45:02","guid":{"rendered":"https:\/\/shopatoa.com\/cz\/?post_type=product&#038;p=253728"},"modified":"2026-01-31T23:28:55","modified_gmt":"2026-01-31T22:28:55","slug":"kapsicka-carny-kitten-drubezi-koktejl-85g","status":"publish","type":"product","link":"https:\/\/shopatoa.com\/cz\/kapsicka-carny-kitten-drubezi-koktejl-85g\/","title":{"rendered":"Kapsi\u010dka Carny Kitten dr\u016fbe\u017e\u00ed koktejl 85g"},"content":{"rendered":"<p>Chutn\u00e1 kapsi\u010dka pro ko\u0165ata Animonda Carny Kitten. Obsahuje optim\u00e1ln\u00ed pom\u011br nutri\u010dn\u00edch hodnot pro v\u00fd\u017eivu rostouc\u00edch ko\u0165at v prvn\u00edm roce \u017eivota.<\/p>\n<p>\tKapsi\u010dka obsahuje men\u0161\u00ed a m\u011bkk\u00e9 kousky masa pro snadn\u00e9 kous\u00e1n\u00ed.<br \/>\n\tNeobsahuje obiloviny ani s\u00f3ju.<br \/>\n\tS p\u0159\u00edrodn\u00edm taurinem pro zdrav\u00fd zrak a srdce.<\/p>\n<p>Slo\u017een\u00ed<\/p>\n<p>39 % z hov\u011bz\u00edho (pl\u00edce, srdce, maso, ledviny, vemeno), 14 % ku\u0159ec\u00ed j\u00e1tra, 6 % kr\u016ft\u00ed srdce, 6 % kachn\u00ed srdce, uhli\u010ditan v\u00e1penat\u00fd, chlorid sodn\u00fd.<\/p>\n<p>Analytick\u00e9 slo\u017een\u00ed <\/p>\n<p>Protein 11 %, tuky 6 %, hrub\u00e1 vl\u00e1knina 0,3 %, popel 1,7 %, taurin 0,8 g\/kg.<\/p>\n","protected":false},"excerpt":{"rendered":"<p>Chutn\u00e1 kapsi\u010dka pro ko\u0165ata Animonda Carny Kitten. Obsahuje optim\u00e1ln\u00ed pom\u011br nutri\u010dn\u00edch hodnot pro v\u00fd\u017eivu rostouc\u00edch ko\u0165at v prvn\u00edm roce \u017eivota. Kapsi\u010dka obsahuje men\u0161\u00ed a m\u011bkk\u00e9 kousky masa pro snadn\u00e9 kous\u00e1n\u00ed. Neobsahuje obiloviny ani s\u00f3ju. S p\u0159\u00edrodn\u00edm taurinem pro zdrav\u00fd zrak a srdce. Slo\u017een\u00ed 39 % z hov\u011bz\u00edho (pl\u00edce, srdce, maso, ledviny, vemeno), 14 % ku\u0159ec\u00ed&#8230;<\/p>\n","protected":false},"featured_media":253729,"comment_status":"closed","ping_status":"open","template":"","meta":{"_acf_changed":false,"_kadence_starter_templates_imported_post":false,"_kad_post_transparent":"","_kad_post_title":"","_kad_post_layout":"","_kad_post_sidebar_id":"","_kad_post_content_style":"","_kad_post_vertical_padding":"","_kad_post_feature":"","_kad_post_feature_position":"","_kad_post_header":false,"_kad_post_footer":false,"_kad_post_classname":""},"product_brand":[2622],"product_cat":[436,2575,1465,1464],"product_tag":[],"class_list":{"0":"post-253728","1":"product","2":"type-product","3":"status-publish","4":"has-post-thumbnail","6":"product_brand-animonda","7":"product_cat-chovatelske-potreby-2","8":"product_cat-konzervy-pro-kocky","9":"product_cat-krmivo-pro-kocky-pro-kocky-chovatelske-potreby-2","10":"product_cat-pro-kocky-chovatelske-potreby-2","11":"pa_obchod-superzoo-cz","13":"first","14":"instock","15":"product-type-external","16":"entry","17":"content-bg","18":"loop-entry"},"acf":[],"yoast_head":"<!-- This site is optimized with the Yoast SEO plugin v27.4 - https:\/\/yoast.com\/product\/yoast-seo-wordpress\/ -->\n<title>Kapsi\u010dka Carny Kitten dr\u016fbe\u017e\u00ed koktejl 85g - SHOPATOA.COM<\/title>\n<meta name=\"robots\" content=\"index, follow, max-snippet:-1, max-image-preview:large, max-video-preview:-1\" \/>\n<link rel=\"canonical\" href=\"https:\/\/shopatoa.com\/cz\/kapsicka-carny-kitten-drubezi-koktejl-85g\/\" \/>\n<meta property=\"og:locale\" content=\"cs_CZ\" \/>\n<meta property=\"og:type\" content=\"article\" \/>\n<meta property=\"og:title\" content=\"Kapsi\u010dka Carny Kitten dr\u016fbe\u017e\u00ed koktejl 85g - SHOPATOA.COM\" \/>\n<meta property=\"og:description\" content=\"Chutn\u00e1 kapsi\u010dka pro ko\u0165ata Animonda Carny Kitten. Obsahuje optim\u00e1ln\u00ed pom\u011br nutri\u010dn\u00edch hodnot pro v\u00fd\u017eivu rostouc\u00edch ko\u0165at v prvn\u00edm roce \u017eivota. Kapsi\u010dka obsahuje men\u0161\u00ed a m\u011bkk\u00e9 kousky masa pro snadn\u00e9 kous\u00e1n\u00ed. Neobsahuje obiloviny ani s\u00f3ju. S p\u0159\u00edrodn\u00edm taurinem pro zdrav\u00fd zrak a srdce. Slo\u017een\u00ed 39 % z hov\u011bz\u00edho (pl\u00edce, srdce, maso, ledviny, vemeno), 14 % ku\u0159ec\u00ed...\" \/>\n<meta property=\"og:url\" content=\"https:\/\/shopatoa.com\/cz\/kapsicka-carny-kitten-drubezi-koktejl-85g\/\" \/>\n<meta property=\"og:site_name\" content=\"SHOPATOA\" \/>\n<meta property=\"article:modified_time\" content=\"2026-01-31T22:28:55+00:00\" \/>\n<meta property=\"og:image\" content=\"https:\/\/storage.googleapis.com\/cz-shopatoa-img\/cz\/21ad0e30-1_81028.jpg\" \/>\n\t<meta property=\"og:image:width\" content=\"600\" \/>\n\t<meta property=\"og:image:height\" content=\"600\" \/>\n\t<meta property=\"og:image:type\" content=\"image\/jpeg\" \/>\n<meta name=\"twitter:card\" content=\"summary_large_image\" \/>\n<script type=\"application\/ld+json\" class=\"yoast-schema-graph\">{\"@context\":\"https:\\\/\\\/schema.org\",\"@graph\":[{\"@type\":\"WebPage\",\"@id\":\"https:\\\/\\\/shopatoa.com\\\/cz\\\/kapsicka-carny-kitten-drubezi-koktejl-85g\\\/\",\"url\":\"https:\\\/\\\/shopatoa.com\\\/cz\\\/kapsicka-carny-kitten-drubezi-koktejl-85g\\\/\",\"name\":\"Kapsi\u010dka Carny Kitten dr\u016fbe\u017e\u00ed koktejl 85g - SHOPATOA.COM\",\"isPartOf\":{\"@id\":\"https:\\\/\\\/shopatoa.com\\\/cz\\\/#website\"},\"primaryImageOfPage\":{\"@id\":\"https:\\\/\\\/shopatoa.com\\\/cz\\\/kapsicka-carny-kitten-drubezi-koktejl-85g\\\/#primaryimage\"},\"image\":{\"@id\":\"https:\\\/\\\/shopatoa.com\\\/cz\\\/kapsicka-carny-kitten-drubezi-koktejl-85g\\\/#primaryimage\"},\"thumbnailUrl\":\"https:\\\/\\\/storage.googleapis.com\\\/cz-shopatoa-img\\\/cz\\\/21ad0e30-1_81028.jpg\",\"datePublished\":\"2025-04-03T16:45:02+00:00\",\"dateModified\":\"2026-01-31T22:28:55+00:00\",\"breadcrumb\":{\"@id\":\"https:\\\/\\\/shopatoa.com\\\/cz\\\/kapsicka-carny-kitten-drubezi-koktejl-85g\\\/#breadcrumb\"},\"inLanguage\":\"cs\",\"potentialAction\":[{\"@type\":\"ReadAction\",\"target\":[\"https:\\\/\\\/shopatoa.com\\\/cz\\\/kapsicka-carny-kitten-drubezi-koktejl-85g\\\/\"]}]},{\"@type\":\"ImageObject\",\"inLanguage\":\"cs\",\"@id\":\"https:\\\/\\\/shopatoa.com\\\/cz\\\/kapsicka-carny-kitten-drubezi-koktejl-85g\\\/#primaryimage\",\"url\":\"https:\\\/\\\/storage.googleapis.com\\\/cz-shopatoa-img\\\/cz\\\/21ad0e30-1_81028.jpg\",\"contentUrl\":\"https:\\\/\\\/storage.googleapis.com\\\/cz-shopatoa-img\\\/cz\\\/21ad0e30-1_81028.jpg\",\"width\":600,\"height\":600},{\"@type\":\"BreadcrumbList\",\"@id\":\"https:\\\/\\\/shopatoa.com\\\/cz\\\/kapsicka-carny-kitten-drubezi-koktejl-85g\\\/#breadcrumb\",\"itemListElement\":[{\"@type\":\"ListItem\",\"position\":1,\"name\":\"Dom\u016f\",\"item\":\"https:\\\/\\\/shopatoa.com\\\/cz\\\/\"},{\"@type\":\"ListItem\",\"position\":2,\"name\":\"Produkty\",\"item\":\"https:\\\/\\\/shopatoa.com\\\/cz\\\/shop\\\/\"},{\"@type\":\"ListItem\",\"position\":3,\"name\":\"Chovatelsk\u00e9 pot\u0159eby\",\"item\":\"https:\\\/\\\/shopatoa.com\\\/cz\\\/chovatelske-potreby-2\\\/\"},{\"@type\":\"ListItem\",\"position\":4,\"name\":\"Pro ko\u010dky\",\"item\":\"https:\\\/\\\/shopatoa.com\\\/cz\\\/pro-kocky-chovatelske-potreby-2\\\/\"},{\"@type\":\"ListItem\",\"position\":5,\"name\":\"Krmivo pro ko\u010dky\",\"item\":\"https:\\\/\\\/shopatoa.com\\\/cz\\\/krmivo-pro-kocky-pro-kocky-chovatelske-potreby-2\\\/\"},{\"@type\":\"ListItem\",\"position\":6,\"name\":\"Konzervy pro ko\u010dky\",\"item\":\"https:\\\/\\\/shopatoa.com\\\/cz\\\/konzervy-pro-kocky\\\/\"},{\"@type\":\"ListItem\",\"position\":7,\"name\":\"Kapsi\u010dka Carny Kitten dr\u016fbe\u017e\u00ed koktejl 85g\"}]},{\"@type\":\"WebSite\",\"@id\":\"https:\\\/\\\/shopatoa.com\\\/cz\\\/#website\",\"url\":\"https:\\\/\\\/shopatoa.com\\\/cz\\\/\",\"name\":\"SHOPATOA\",\"description\":\"\",\"publisher\":{\"@id\":\"https:\\\/\\\/shopatoa.com\\\/cz\\\/#organization\"},\"potentialAction\":[{\"@type\":\"SearchAction\",\"target\":{\"@type\":\"EntryPoint\",\"urlTemplate\":\"https:\\\/\\\/shopatoa.com\\\/cz\\\/?s={search_term_string}\"},\"query-input\":{\"@type\":\"PropertyValueSpecification\",\"valueRequired\":true,\"valueName\":\"search_term_string\"}}],\"inLanguage\":\"cs\"},{\"@type\":\"Organization\",\"@id\":\"https:\\\/\\\/shopatoa.com\\\/cz\\\/#organization\",\"name\":\"SHOPATOA Digital s.r.o.\",\"url\":\"https:\\\/\\\/shopatoa.com\\\/cz\\\/\",\"logo\":{\"@type\":\"ImageObject\",\"inLanguage\":\"cs\",\"@id\":\"https:\\\/\\\/shopatoa.com\\\/cz\\\/#\\\/schema\\\/logo\\\/image\\\/\",\"url\":\"https:\\\/\\\/storage.googleapis.com\\\/cz-shopatoa-img\\\/cz\\\/ebccf434-shopatoa_logo.png\",\"contentUrl\":\"https:\\\/\\\/storage.googleapis.com\\\/cz-shopatoa-img\\\/cz\\\/ebccf434-shopatoa_logo.png\",\"width\":416,\"height\":63,\"caption\":\"SHOPATOA Digital s.r.o.\"},\"image\":{\"@id\":\"https:\\\/\\\/shopatoa.com\\\/cz\\\/#\\\/schema\\\/logo\\\/image\\\/\"}}]}<\/script>\n<!-- \/ Yoast SEO plugin. -->","yoast_head_json":{"title":"Kapsi\u010dka Carny Kitten dr\u016fbe\u017e\u00ed koktejl 85g - SHOPATOA.COM","robots":{"index":"index","follow":"follow","max-snippet":"max-snippet:-1","max-image-preview":"max-image-preview:large","max-video-preview":"max-video-preview:-1"},"canonical":"https:\/\/shopatoa.com\/cz\/kapsicka-carny-kitten-drubezi-koktejl-85g\/","og_locale":"cs_CZ","og_type":"article","og_title":"Kapsi\u010dka Carny Kitten dr\u016fbe\u017e\u00ed koktejl 85g - SHOPATOA.COM","og_description":"Chutn\u00e1 kapsi\u010dka pro ko\u0165ata Animonda Carny Kitten. Obsahuje optim\u00e1ln\u00ed pom\u011br nutri\u010dn\u00edch hodnot pro v\u00fd\u017eivu rostouc\u00edch ko\u0165at v prvn\u00edm roce \u017eivota. Kapsi\u010dka obsahuje men\u0161\u00ed a m\u011bkk\u00e9 kousky masa pro snadn\u00e9 kous\u00e1n\u00ed. Neobsahuje obiloviny ani s\u00f3ju. S p\u0159\u00edrodn\u00edm taurinem pro zdrav\u00fd zrak a srdce. Slo\u017een\u00ed 39 % z hov\u011bz\u00edho (pl\u00edce, srdce, maso, ledviny, vemeno), 14 % ku\u0159ec\u00ed...","og_url":"https:\/\/shopatoa.com\/cz\/kapsicka-carny-kitten-drubezi-koktejl-85g\/","og_site_name":"SHOPATOA","article_modified_time":"2026-01-31T22:28:55+00:00","og_image":[{"width":600,"height":600,"url":"https:\/\/storage.googleapis.com\/cz-shopatoa-img\/cz\/21ad0e30-1_81028.jpg","type":"image\/jpeg"}],"twitter_card":"summary_large_image","schema":{"@context":"https:\/\/schema.org","@graph":[{"@type":"WebPage","@id":"https:\/\/shopatoa.com\/cz\/kapsicka-carny-kitten-drubezi-koktejl-85g\/","url":"https:\/\/shopatoa.com\/cz\/kapsicka-carny-kitten-drubezi-koktejl-85g\/","name":"Kapsi\u010dka Carny Kitten dr\u016fbe\u017e\u00ed koktejl 85g - SHOPATOA.COM","isPartOf":{"@id":"https:\/\/shopatoa.com\/cz\/#website"},"primaryImageOfPage":{"@id":"https:\/\/shopatoa.com\/cz\/kapsicka-carny-kitten-drubezi-koktejl-85g\/#primaryimage"},"image":{"@id":"https:\/\/shopatoa.com\/cz\/kapsicka-carny-kitten-drubezi-koktejl-85g\/#primaryimage"},"thumbnailUrl":"https:\/\/storage.googleapis.com\/cz-shopatoa-img\/cz\/21ad0e30-1_81028.jpg","datePublished":"2025-04-03T16:45:02+00:00","dateModified":"2026-01-31T22:28:55+00:00","breadcrumb":{"@id":"https:\/\/shopatoa.com\/cz\/kapsicka-carny-kitten-drubezi-koktejl-85g\/#breadcrumb"},"inLanguage":"cs","potentialAction":[{"@type":"ReadAction","target":["https:\/\/shopatoa.com\/cz\/kapsicka-carny-kitten-drubezi-koktejl-85g\/"]}]},{"@type":"ImageObject","inLanguage":"cs","@id":"https:\/\/shopatoa.com\/cz\/kapsicka-carny-kitten-drubezi-koktejl-85g\/#primaryimage","url":"https:\/\/storage.googleapis.com\/cz-shopatoa-img\/cz\/21ad0e30-1_81028.jpg","contentUrl":"https:\/\/storage.googleapis.com\/cz-shopatoa-img\/cz\/21ad0e30-1_81028.jpg","width":600,"height":600},{"@type":"BreadcrumbList","@id":"https:\/\/shopatoa.com\/cz\/kapsicka-carny-kitten-drubezi-koktejl-85g\/#breadcrumb","itemListElement":[{"@type":"ListItem","position":1,"name":"Dom\u016f","item":"https:\/\/shopatoa.com\/cz\/"},{"@type":"ListItem","position":2,"name":"Produkty","item":"https:\/\/shopatoa.com\/cz\/shop\/"},{"@type":"ListItem","position":3,"name":"Chovatelsk\u00e9 pot\u0159eby","item":"https:\/\/shopatoa.com\/cz\/chovatelske-potreby-2\/"},{"@type":"ListItem","position":4,"name":"Pro ko\u010dky","item":"https:\/\/shopatoa.com\/cz\/pro-kocky-chovatelske-potreby-2\/"},{"@type":"ListItem","position":5,"name":"Krmivo pro ko\u010dky","item":"https:\/\/shopatoa.com\/cz\/krmivo-pro-kocky-pro-kocky-chovatelske-potreby-2\/"},{"@type":"ListItem","position":6,"name":"Konzervy pro ko\u010dky","item":"https:\/\/shopatoa.com\/cz\/konzervy-pro-kocky\/"},{"@type":"ListItem","position":7,"name":"Kapsi\u010dka Carny Kitten dr\u016fbe\u017e\u00ed koktejl 85g"}]},{"@type":"WebSite","@id":"https:\/\/shopatoa.com\/cz\/#website","url":"https:\/\/shopatoa.com\/cz\/","name":"SHOPATOA","description":"","publisher":{"@id":"https:\/\/shopatoa.com\/cz\/#organization"},"potentialAction":[{"@type":"SearchAction","target":{"@type":"EntryPoint","urlTemplate":"https:\/\/shopatoa.com\/cz\/?s={search_term_string}"},"query-input":{"@type":"PropertyValueSpecification","valueRequired":true,"valueName":"search_term_string"}}],"inLanguage":"cs"},{"@type":"Organization","@id":"https:\/\/shopatoa.com\/cz\/#organization","name":"SHOPATOA Digital s.r.o.","url":"https:\/\/shopatoa.com\/cz\/","logo":{"@type":"ImageObject","inLanguage":"cs","@id":"https:\/\/shopatoa.com\/cz\/#\/schema\/logo\/image\/","url":"https:\/\/storage.googleapis.com\/cz-shopatoa-img\/cz\/ebccf434-shopatoa_logo.png","contentUrl":"https:\/\/storage.googleapis.com\/cz-shopatoa-img\/cz\/ebccf434-shopatoa_logo.png","width":416,"height":63,"caption":"SHOPATOA Digital s.r.o."},"image":{"@id":"https:\/\/shopatoa.com\/cz\/#\/schema\/logo\/image\/"}}]}},"_links":{"self":[{"href":"https:\/\/shopatoa.com\/cz\/wp-json\/wp\/v2\/product\/253728","targetHints":{"allow":["GET"]}}],"collection":[{"href":"https:\/\/shopatoa.com\/cz\/wp-json\/wp\/v2\/product"}],"about":[{"href":"https:\/\/shopatoa.com\/cz\/wp-json\/wp\/v2\/types\/product"}],"replies":[{"embeddable":true,"href":"https:\/\/shopatoa.com\/cz\/wp-json\/wp\/v2\/comments?post=253728"}],"wp:featuredmedia":[{"embeddable":true,"href":"https:\/\/shopatoa.com\/cz\/wp-json\/wp\/v2\/media\/253729"}],"wp:attachment":[{"href":"https:\/\/shopatoa.com\/cz\/wp-json\/wp\/v2\/media?parent=253728"}],"wp:term":[{"taxonomy":"product_brand","embeddable":true,"href":"https:\/\/shopatoa.com\/cz\/wp-json\/wp\/v2\/product_brand?post=253728"},{"taxonomy":"product_cat","embeddable":true,"href":"https:\/\/shopatoa.com\/cz\/wp-json\/wp\/v2\/product_cat?post=253728"},{"taxonomy":"product_tag","embeddable":true,"href":"https:\/\/shopatoa.com\/cz\/wp-json\/wp\/v2\/product_tag?post=253728"}],"curies":[{"name":"wp","href":"https:\/\/api.w.org\/{rel}","templated":true}]}}