{"id":253746,"date":"2025-04-03T18:46:21","date_gmt":"2025-04-03T16:46:21","guid":{"rendered":"https:\/\/shopatoa.com\/cz\/?post_type=product&#038;p=253746"},"modified":"2026-01-31T23:28:20","modified_gmt":"2026-01-31T22:28:20","slug":"hracka-dog-fantasy-dura-fused-kralik-20cm","status":"publish","type":"product","link":"https:\/\/shopatoa.com\/cz\/hracka-dog-fantasy-dura-fused-kralik-20cm\/","title":{"rendered":"Hra\u010dka Dog Fantasy Dura-fused kr\u00e1l\u00edk 20cm"},"content":{"rendered":"<p>Odoln\u00e1 hra\u010dka z\u00a0prav\u00e9 k\u016f\u017ee vhodn\u00e1 pro psy v\u0161ech v\u011bkov\u00fdch kategori\u00ed. Tato hra\u010dka je navr\u017eena nejen pro \u010distou z\u00e1bavu, ale tak\u00e9 pro podporu zdrav\u00ed a rozvoje va\u0161eho psa.<\/p>\n<p>Hra\u010dka je vyr\u00e1b\u011bna z prav\u00e9 k\u016f\u017ee, co\u017e je z\u00e1ruka kvality a dlouh\u00e9 \u017eivotnosti. Va\u0161emu psovi poskytne nejen hodiny z\u00e1bavy, ale tak\u00e9 podpo\u0159\u00ed jeho p\u0159irozen\u00fd instinkt k lovu a h\u0159e. D\u00edky t\u00e9to hra\u010dce se va\u0161i \u010dty\u0159noz\u00ed p\u0159\u00e1tel\u00e9 budou c\u00edtit jako opravdov\u00ed lovci!<\/p>\n<p>Tato hra\u010dka je nav\u00edc obzvl\u00e1\u0161t\u011b odoln\u00e1. Je u\u0161it\u00e1 ze dvou vrstev &#8211; spodn\u00ed vrstva je vyrobena z juty a vrchn\u00ed z k\u016f\u017ee. Dvojit\u011b pro\u0161it\u00e9 \u0161vy pevnou nit\u00ed zaru\u010duj\u00ed, \u017ee hra\u010dka vydr\u017e\u00ed i ty nejdivo\u010dej\u0161\u00ed hry.<\/p>\n<p>A jako t\u0159e\u0161ni\u010dka na dortu &#8211; uvnit\u0159 hra\u010dky se skr\u00fdv\u00e1 p\u00edsk\u00e1tko. Ka\u017ed\u00fd pohyb hra\u010dky tak doprovod\u00ed zvuk, kter\u00fd bude va\u0161eho psa je\u0161t\u011b v\u00edce bavit a motivovat k h\u0159e.<\/p>\n<p>Kupujte hra\u010dku Dog Fantasy Dura-fused a dovolte va\u0161emu psu pro\u017e\u00edt opravdov\u00e9 dobrodru\u017estv\u00ed!<\/p>\n<p>Nejv\u011bt\u0161\u00ed benefity hra\u010dky Dog Fantasy Dura-fused:<\/p>\n<p>\tKvalitn\u00ed materi\u00e1ly: Prav\u00e1 k\u016f\u017ee a juta poskytuj\u00ed hra\u010dce dlouhou&#8230;<\/p>\n","protected":false},"excerpt":{"rendered":"<p>Odoln\u00e1 hra\u010dka z\u00a0prav\u00e9 k\u016f\u017ee vhodn\u00e1 pro psy v\u0161ech v\u011bkov\u00fdch kategori\u00ed. Tato hra\u010dka je navr\u017eena nejen pro \u010distou z\u00e1bavu, ale tak\u00e9 pro podporu zdrav\u00ed a rozvoje va\u0161eho psa. Hra\u010dka je vyr\u00e1b\u011bna z prav\u00e9 k\u016f\u017ee, co\u017e je z\u00e1ruka kvality a dlouh\u00e9 \u017eivotnosti. Va\u0161emu psovi poskytne nejen hodiny z\u00e1bavy, ale tak\u00e9 podpo\u0159\u00ed jeho p\u0159irozen\u00fd instinkt k lovu a&#8230;<\/p>\n","protected":false},"featured_media":253747,"comment_status":"closed","ping_status":"open","template":"","meta":{"_acf_changed":false,"_kadence_starter_templates_imported_post":false,"_kad_post_transparent":"","_kad_post_title":"","_kad_post_layout":"","_kad_post_sidebar_id":"","_kad_post_content_style":"","_kad_post_vertical_padding":"","_kad_post_feature":"","_kad_post_feature_position":"","_kad_post_header":false,"_kad_post_footer":false,"_kad_post_classname":""},"product_brand":[2039],"product_cat":[436,2568,2649,739],"product_tag":[],"class_list":{"0":"post-253746","1":"product","2":"type-product","3":"status-publish","4":"has-post-thumbnail","6":"product_brand-dog-fantasy","7":"product_cat-chovatelske-potreby-2","8":"product_cat-krmivo-pro-psy-pro-psy-chovatelske-potreby-2","9":"product_cat-mleka-a-kase-pro-stenata","10":"product_cat-pro-psy-chovatelske-potreby-2","11":"pa_obchod-superzoo-cz","13":"first","14":"instock","15":"product-type-external","16":"entry","17":"content-bg","18":"loop-entry"},"acf":[],"yoast_head":"<!-- This site is optimized with the Yoast SEO plugin v27.4 - https:\/\/yoast.com\/product\/yoast-seo-wordpress\/ -->\n<title>Hra\u010dka Dog Fantasy Dura-fused kr\u00e1l\u00edk 20cm - SHOPATOA.COM<\/title>\n<meta name=\"robots\" content=\"index, follow, max-snippet:-1, max-image-preview:large, max-video-preview:-1\" \/>\n<link rel=\"canonical\" href=\"https:\/\/shopatoa.com\/cz\/hracka-dog-fantasy-dura-fused-kralik-20cm\/\" \/>\n<meta property=\"og:locale\" content=\"cs_CZ\" \/>\n<meta property=\"og:type\" content=\"article\" \/>\n<meta property=\"og:title\" content=\"Hra\u010dka Dog Fantasy Dura-fused kr\u00e1l\u00edk 20cm - SHOPATOA.COM\" \/>\n<meta property=\"og:description\" content=\"Odoln\u00e1 hra\u010dka z\u00a0prav\u00e9 k\u016f\u017ee vhodn\u00e1 pro psy v\u0161ech v\u011bkov\u00fdch kategori\u00ed. Tato hra\u010dka je navr\u017eena nejen pro \u010distou z\u00e1bavu, ale tak\u00e9 pro podporu zdrav\u00ed a rozvoje va\u0161eho psa. Hra\u010dka je vyr\u00e1b\u011bna z prav\u00e9 k\u016f\u017ee, co\u017e je z\u00e1ruka kvality a dlouh\u00e9 \u017eivotnosti. Va\u0161emu psovi poskytne nejen hodiny z\u00e1bavy, ale tak\u00e9 podpo\u0159\u00ed jeho p\u0159irozen\u00fd instinkt k lovu a...\" \/>\n<meta property=\"og:url\" content=\"https:\/\/shopatoa.com\/cz\/hracka-dog-fantasy-dura-fused-kralik-20cm\/\" \/>\n<meta property=\"og:site_name\" content=\"SHOPATOA\" \/>\n<meta property=\"article:modified_time\" content=\"2026-01-31T22:28:20+00:00\" \/>\n<meta property=\"og:image\" content=\"https:\/\/storage.googleapis.com\/cz-shopatoa-img\/cz\/0841573e-1_86037.jpg\" \/>\n\t<meta property=\"og:image:width\" content=\"600\" \/>\n\t<meta property=\"og:image:height\" content=\"600\" \/>\n\t<meta property=\"og:image:type\" content=\"image\/jpeg\" \/>\n<meta name=\"twitter:card\" content=\"summary_large_image\" \/>\n<meta name=\"twitter:label1\" content=\"Odhadovan\u00e1 doba \u010dten\u00ed\" \/>\n\t<meta name=\"twitter:data1\" content=\"1 minuta\" \/>\n<script type=\"application\/ld+json\" class=\"yoast-schema-graph\">{\"@context\":\"https:\\\/\\\/schema.org\",\"@graph\":[{\"@type\":\"WebPage\",\"@id\":\"https:\\\/\\\/shopatoa.com\\\/cz\\\/hracka-dog-fantasy-dura-fused-kralik-20cm\\\/\",\"url\":\"https:\\\/\\\/shopatoa.com\\\/cz\\\/hracka-dog-fantasy-dura-fused-kralik-20cm\\\/\",\"name\":\"Hra\u010dka Dog Fantasy Dura-fused kr\u00e1l\u00edk 20cm - SHOPATOA.COM\",\"isPartOf\":{\"@id\":\"https:\\\/\\\/shopatoa.com\\\/cz\\\/#website\"},\"primaryImageOfPage\":{\"@id\":\"https:\\\/\\\/shopatoa.com\\\/cz\\\/hracka-dog-fantasy-dura-fused-kralik-20cm\\\/#primaryimage\"},\"image\":{\"@id\":\"https:\\\/\\\/shopatoa.com\\\/cz\\\/hracka-dog-fantasy-dura-fused-kralik-20cm\\\/#primaryimage\"},\"thumbnailUrl\":\"https:\\\/\\\/storage.googleapis.com\\\/cz-shopatoa-img\\\/cz\\\/0841573e-1_86037.jpg\",\"datePublished\":\"2025-04-03T16:46:21+00:00\",\"dateModified\":\"2026-01-31T22:28:20+00:00\",\"breadcrumb\":{\"@id\":\"https:\\\/\\\/shopatoa.com\\\/cz\\\/hracka-dog-fantasy-dura-fused-kralik-20cm\\\/#breadcrumb\"},\"inLanguage\":\"cs\",\"potentialAction\":[{\"@type\":\"ReadAction\",\"target\":[\"https:\\\/\\\/shopatoa.com\\\/cz\\\/hracka-dog-fantasy-dura-fused-kralik-20cm\\\/\"]}]},{\"@type\":\"ImageObject\",\"inLanguage\":\"cs\",\"@id\":\"https:\\\/\\\/shopatoa.com\\\/cz\\\/hracka-dog-fantasy-dura-fused-kralik-20cm\\\/#primaryimage\",\"url\":\"https:\\\/\\\/storage.googleapis.com\\\/cz-shopatoa-img\\\/cz\\\/0841573e-1_86037.jpg\",\"contentUrl\":\"https:\\\/\\\/storage.googleapis.com\\\/cz-shopatoa-img\\\/cz\\\/0841573e-1_86037.jpg\",\"width\":600,\"height\":600},{\"@type\":\"BreadcrumbList\",\"@id\":\"https:\\\/\\\/shopatoa.com\\\/cz\\\/hracka-dog-fantasy-dura-fused-kralik-20cm\\\/#breadcrumb\",\"itemListElement\":[{\"@type\":\"ListItem\",\"position\":1,\"name\":\"Dom\u016f\",\"item\":\"https:\\\/\\\/shopatoa.com\\\/cz\\\/\"},{\"@type\":\"ListItem\",\"position\":2,\"name\":\"Produkty\",\"item\":\"https:\\\/\\\/shopatoa.com\\\/cz\\\/shop\\\/\"},{\"@type\":\"ListItem\",\"position\":3,\"name\":\"Chovatelsk\u00e9 pot\u0159eby\",\"item\":\"https:\\\/\\\/shopatoa.com\\\/cz\\\/chovatelske-potreby-2\\\/\"},{\"@type\":\"ListItem\",\"position\":4,\"name\":\"Pro psy\",\"item\":\"https:\\\/\\\/shopatoa.com\\\/cz\\\/pro-psy-chovatelske-potreby-2\\\/\"},{\"@type\":\"ListItem\",\"position\":5,\"name\":\"Krmivo pro psy\",\"item\":\"https:\\\/\\\/shopatoa.com\\\/cz\\\/krmivo-pro-psy-pro-psy-chovatelske-potreby-2\\\/\"},{\"@type\":\"ListItem\",\"position\":6,\"name\":\"Ml\u00e9ka a ka\u0161e pro \u0161t\u011b\u0148ata\",\"item\":\"https:\\\/\\\/shopatoa.com\\\/cz\\\/mleka-a-kase-pro-stenata\\\/\"},{\"@type\":\"ListItem\",\"position\":7,\"name\":\"Hra\u010dka Dog Fantasy Dura-fused kr\u00e1l\u00edk 20cm\"}]},{\"@type\":\"WebSite\",\"@id\":\"https:\\\/\\\/shopatoa.com\\\/cz\\\/#website\",\"url\":\"https:\\\/\\\/shopatoa.com\\\/cz\\\/\",\"name\":\"SHOPATOA\",\"description\":\"\",\"publisher\":{\"@id\":\"https:\\\/\\\/shopatoa.com\\\/cz\\\/#organization\"},\"potentialAction\":[{\"@type\":\"SearchAction\",\"target\":{\"@type\":\"EntryPoint\",\"urlTemplate\":\"https:\\\/\\\/shopatoa.com\\\/cz\\\/?s={search_term_string}\"},\"query-input\":{\"@type\":\"PropertyValueSpecification\",\"valueRequired\":true,\"valueName\":\"search_term_string\"}}],\"inLanguage\":\"cs\"},{\"@type\":\"Organization\",\"@id\":\"https:\\\/\\\/shopatoa.com\\\/cz\\\/#organization\",\"name\":\"SHOPATOA Digital s.r.o.\",\"url\":\"https:\\\/\\\/shopatoa.com\\\/cz\\\/\",\"logo\":{\"@type\":\"ImageObject\",\"inLanguage\":\"cs\",\"@id\":\"https:\\\/\\\/shopatoa.com\\\/cz\\\/#\\\/schema\\\/logo\\\/image\\\/\",\"url\":\"https:\\\/\\\/storage.googleapis.com\\\/cz-shopatoa-img\\\/cz\\\/ebccf434-shopatoa_logo.png\",\"contentUrl\":\"https:\\\/\\\/storage.googleapis.com\\\/cz-shopatoa-img\\\/cz\\\/ebccf434-shopatoa_logo.png\",\"width\":416,\"height\":63,\"caption\":\"SHOPATOA Digital s.r.o.\"},\"image\":{\"@id\":\"https:\\\/\\\/shopatoa.com\\\/cz\\\/#\\\/schema\\\/logo\\\/image\\\/\"}}]}<\/script>\n<!-- \/ Yoast SEO plugin. -->","yoast_head_json":{"title":"Hra\u010dka Dog Fantasy Dura-fused kr\u00e1l\u00edk 20cm - SHOPATOA.COM","robots":{"index":"index","follow":"follow","max-snippet":"max-snippet:-1","max-image-preview":"max-image-preview:large","max-video-preview":"max-video-preview:-1"},"canonical":"https:\/\/shopatoa.com\/cz\/hracka-dog-fantasy-dura-fused-kralik-20cm\/","og_locale":"cs_CZ","og_type":"article","og_title":"Hra\u010dka Dog Fantasy Dura-fused kr\u00e1l\u00edk 20cm - SHOPATOA.COM","og_description":"Odoln\u00e1 hra\u010dka z\u00a0prav\u00e9 k\u016f\u017ee vhodn\u00e1 pro psy v\u0161ech v\u011bkov\u00fdch kategori\u00ed. Tato hra\u010dka je navr\u017eena nejen pro \u010distou z\u00e1bavu, ale tak\u00e9 pro podporu zdrav\u00ed a rozvoje va\u0161eho psa. Hra\u010dka je vyr\u00e1b\u011bna z prav\u00e9 k\u016f\u017ee, co\u017e je z\u00e1ruka kvality a dlouh\u00e9 \u017eivotnosti. Va\u0161emu psovi poskytne nejen hodiny z\u00e1bavy, ale tak\u00e9 podpo\u0159\u00ed jeho p\u0159irozen\u00fd instinkt k lovu a...","og_url":"https:\/\/shopatoa.com\/cz\/hracka-dog-fantasy-dura-fused-kralik-20cm\/","og_site_name":"SHOPATOA","article_modified_time":"2026-01-31T22:28:20+00:00","og_image":[{"width":600,"height":600,"url":"https:\/\/storage.googleapis.com\/cz-shopatoa-img\/cz\/0841573e-1_86037.jpg","type":"image\/jpeg"}],"twitter_card":"summary_large_image","twitter_misc":{"Odhadovan\u00e1 doba \u010dten\u00ed":"1 minuta"},"schema":{"@context":"https:\/\/schema.org","@graph":[{"@type":"WebPage","@id":"https:\/\/shopatoa.com\/cz\/hracka-dog-fantasy-dura-fused-kralik-20cm\/","url":"https:\/\/shopatoa.com\/cz\/hracka-dog-fantasy-dura-fused-kralik-20cm\/","name":"Hra\u010dka Dog Fantasy Dura-fused kr\u00e1l\u00edk 20cm - SHOPATOA.COM","isPartOf":{"@id":"https:\/\/shopatoa.com\/cz\/#website"},"primaryImageOfPage":{"@id":"https:\/\/shopatoa.com\/cz\/hracka-dog-fantasy-dura-fused-kralik-20cm\/#primaryimage"},"image":{"@id":"https:\/\/shopatoa.com\/cz\/hracka-dog-fantasy-dura-fused-kralik-20cm\/#primaryimage"},"thumbnailUrl":"https:\/\/storage.googleapis.com\/cz-shopatoa-img\/cz\/0841573e-1_86037.jpg","datePublished":"2025-04-03T16:46:21+00:00","dateModified":"2026-01-31T22:28:20+00:00","breadcrumb":{"@id":"https:\/\/shopatoa.com\/cz\/hracka-dog-fantasy-dura-fused-kralik-20cm\/#breadcrumb"},"inLanguage":"cs","potentialAction":[{"@type":"ReadAction","target":["https:\/\/shopatoa.com\/cz\/hracka-dog-fantasy-dura-fused-kralik-20cm\/"]}]},{"@type":"ImageObject","inLanguage":"cs","@id":"https:\/\/shopatoa.com\/cz\/hracka-dog-fantasy-dura-fused-kralik-20cm\/#primaryimage","url":"https:\/\/storage.googleapis.com\/cz-shopatoa-img\/cz\/0841573e-1_86037.jpg","contentUrl":"https:\/\/storage.googleapis.com\/cz-shopatoa-img\/cz\/0841573e-1_86037.jpg","width":600,"height":600},{"@type":"BreadcrumbList","@id":"https:\/\/shopatoa.com\/cz\/hracka-dog-fantasy-dura-fused-kralik-20cm\/#breadcrumb","itemListElement":[{"@type":"ListItem","position":1,"name":"Dom\u016f","item":"https:\/\/shopatoa.com\/cz\/"},{"@type":"ListItem","position":2,"name":"Produkty","item":"https:\/\/shopatoa.com\/cz\/shop\/"},{"@type":"ListItem","position":3,"name":"Chovatelsk\u00e9 pot\u0159eby","item":"https:\/\/shopatoa.com\/cz\/chovatelske-potreby-2\/"},{"@type":"ListItem","position":4,"name":"Pro psy","item":"https:\/\/shopatoa.com\/cz\/pro-psy-chovatelske-potreby-2\/"},{"@type":"ListItem","position":5,"name":"Krmivo pro psy","item":"https:\/\/shopatoa.com\/cz\/krmivo-pro-psy-pro-psy-chovatelske-potreby-2\/"},{"@type":"ListItem","position":6,"name":"Ml\u00e9ka a ka\u0161e pro \u0161t\u011b\u0148ata","item":"https:\/\/shopatoa.com\/cz\/mleka-a-kase-pro-stenata\/"},{"@type":"ListItem","position":7,"name":"Hra\u010dka Dog Fantasy Dura-fused kr\u00e1l\u00edk 20cm"}]},{"@type":"WebSite","@id":"https:\/\/shopatoa.com\/cz\/#website","url":"https:\/\/shopatoa.com\/cz\/","name":"SHOPATOA","description":"","publisher":{"@id":"https:\/\/shopatoa.com\/cz\/#organization"},"potentialAction":[{"@type":"SearchAction","target":{"@type":"EntryPoint","urlTemplate":"https:\/\/shopatoa.com\/cz\/?s={search_term_string}"},"query-input":{"@type":"PropertyValueSpecification","valueRequired":true,"valueName":"search_term_string"}}],"inLanguage":"cs"},{"@type":"Organization","@id":"https:\/\/shopatoa.com\/cz\/#organization","name":"SHOPATOA Digital s.r.o.","url":"https:\/\/shopatoa.com\/cz\/","logo":{"@type":"ImageObject","inLanguage":"cs","@id":"https:\/\/shopatoa.com\/cz\/#\/schema\/logo\/image\/","url":"https:\/\/storage.googleapis.com\/cz-shopatoa-img\/cz\/ebccf434-shopatoa_logo.png","contentUrl":"https:\/\/storage.googleapis.com\/cz-shopatoa-img\/cz\/ebccf434-shopatoa_logo.png","width":416,"height":63,"caption":"SHOPATOA Digital s.r.o."},"image":{"@id":"https:\/\/shopatoa.com\/cz\/#\/schema\/logo\/image\/"}}]}},"_links":{"self":[{"href":"https:\/\/shopatoa.com\/cz\/wp-json\/wp\/v2\/product\/253746","targetHints":{"allow":["GET"]}}],"collection":[{"href":"https:\/\/shopatoa.com\/cz\/wp-json\/wp\/v2\/product"}],"about":[{"href":"https:\/\/shopatoa.com\/cz\/wp-json\/wp\/v2\/types\/product"}],"replies":[{"embeddable":true,"href":"https:\/\/shopatoa.com\/cz\/wp-json\/wp\/v2\/comments?post=253746"}],"wp:featuredmedia":[{"embeddable":true,"href":"https:\/\/shopatoa.com\/cz\/wp-json\/wp\/v2\/media\/253747"}],"wp:attachment":[{"href":"https:\/\/shopatoa.com\/cz\/wp-json\/wp\/v2\/media?parent=253746"}],"wp:term":[{"taxonomy":"product_brand","embeddable":true,"href":"https:\/\/shopatoa.com\/cz\/wp-json\/wp\/v2\/product_brand?post=253746"},{"taxonomy":"product_cat","embeddable":true,"href":"https:\/\/shopatoa.com\/cz\/wp-json\/wp\/v2\/product_cat?post=253746"},{"taxonomy":"product_tag","embeddable":true,"href":"https:\/\/shopatoa.com\/cz\/wp-json\/wp\/v2\/product_tag?post=253746"}],"curies":[{"name":"wp","href":"https:\/\/api.w.org\/{rel}","templated":true}]}}