{"id":253874,"date":"2025-04-03T19:10:41","date_gmt":"2025-04-03T17:10:41","guid":{"rendered":"https:\/\/shopatoa.com\/cz\/?post_type=product&#038;p=253874"},"modified":"2026-02-01T18:47:04","modified_gmt":"2026-02-01T17:47:04","slug":"napln-phorax-bioflow-6-0-standard","status":"publish","type":"product","link":"https:\/\/shopatoa.com\/cz\/napln-phorax-bioflow-6-0-standard\/","title":{"rendered":"N\u00e1pl\u0148 Phorax Bioflow 6.0\/Standard"},"content":{"rendered":"<p>Houba k filtra\u010dn\u00edmu syst\u00e9mu Standard do akv\u00e1ri\u00ed Rio 240 &#8211; star\u00fd model s filtrac\u00ed Standard ne s Bioflow 3.0!!! ,Rio 300, Vision 260.<\/p>\n<p>Phorax je nov\u00e9 filtra\u010dn\u00ed m\u00e9dium od spole\u010dnosti Juwel. Phorax sn\u00ed\u017e\u00ed obsah fosf\u00e1t\u016f (PO4), co\u017e m\u00e1 za v\u00fdsledek sn\u00ed\u017een\u00ed r\u016fstu \u0159as. Sou\u010dasn\u011b, tak udr\u017euje kvalitu vody v akv\u00e1riu a chr\u00e1n\u00ed Va\u0161e rybi\u010dky.<\/p>\n<p>V sou\u010dasn\u00fdch filtra\u010dn\u00edch sestav\u00e1ch doporu\u010dujeme nahradit hrubou modrou houbu t\u00edmto nov\u00fdm filtra\u010dn\u00edm m\u00e9diem.<\/p>\n<p>Pro udr\u017een\u00ed vysok\u00e9 kvality vody doporu\u010dujeme nahradit Phorax ka\u017ed\u00e9 2 t\u00fddny.<\/p>\n<p>\u00a0Technick\u00e9 vlastnosti<\/p>\n<p>\tTyp filtrace: Chemick\u00e1 (Absorp\u010dn\u00ed)<br \/>\n\t\u017divotnost: 2 m\u011bs\u00edc<br \/>\n\tMo\u017enost prop\u00edr\u00e1n\u00ed: Ano<\/p>\n<p>Rozm\u011br<\/p>\n<p>V\u00fd\u0161ka: 5 cm<\/p>\n<p>\u0160\u00ed\u0159ka: 12,5 cm<\/p>\n<p>Hloubka: 12,5 cm<\/p>\n<p>Obsah balen\u00ed<\/p>\n<p>Balen\u00ed obsahuje jednu kazetu filtra\u010dn\u00edho media<\/p>\n","protected":false},"excerpt":{"rendered":"<p>Houba k filtra\u010dn\u00edmu syst\u00e9mu Standard do akv\u00e1ri\u00ed Rio 240 &#8211; star\u00fd model s filtrac\u00ed Standard ne s Bioflow 3.0!!! ,Rio 300, Vision 260. Phorax je nov\u00e9 filtra\u010dn\u00ed m\u00e9dium od spole\u010dnosti Juwel. Phorax sn\u00ed\u017e\u00ed obsah fosf\u00e1t\u016f (PO4), co\u017e m\u00e1 za v\u00fdsledek sn\u00ed\u017een\u00ed r\u016fstu \u0159as. Sou\u010dasn\u011b, tak udr\u017euje kvalitu vody v akv\u00e1riu a chr\u00e1n\u00ed Va\u0161e rybi\u010dky. V&#8230;<\/p>\n","protected":false},"featured_media":253875,"comment_status":"closed","ping_status":"open","template":"","meta":{"_acf_changed":false,"_kadence_starter_templates_imported_post":false,"_kad_post_transparent":"","_kad_post_title":"","_kad_post_layout":"","_kad_post_sidebar_id":"","_kad_post_content_style":"","_kad_post_vertical_padding":"","_kad_post_feature":"","_kad_post_feature_position":"","_kad_post_header":false,"_kad_post_footer":false,"_kad_post_classname":""},"product_brand":[2623],"product_cat":[2512,2511,2510,436],"product_tag":[],"class_list":{"0":"post-253874","1":"product","2":"type-product","3":"status-publish","4":"has-post-thumbnail","6":"product_brand-juwel","7":"product_cat-akvarijni-filtry","8":"product_cat-akvarijni-technika","9":"product_cat-akvaristika","10":"product_cat-chovatelske-potreby-2","11":"pa_obchod-superzoo-cz","13":"first","14":"instock","15":"product-type-external","16":"entry","17":"content-bg","18":"loop-entry"},"acf":[],"yoast_head":"<!-- This site is optimized with the Yoast SEO plugin v27.4 - https:\/\/yoast.com\/product\/yoast-seo-wordpress\/ -->\n<title>N\u00e1pl\u0148 Phorax Bioflow 6.0\/Standard - SHOPATOA.COM<\/title>\n<meta name=\"robots\" content=\"index, follow, max-snippet:-1, max-image-preview:large, max-video-preview:-1\" \/>\n<link rel=\"canonical\" href=\"https:\/\/shopatoa.com\/cz\/napln-phorax-bioflow-6-0-standard\/\" \/>\n<meta property=\"og:locale\" content=\"cs_CZ\" \/>\n<meta property=\"og:type\" content=\"article\" \/>\n<meta property=\"og:title\" content=\"N\u00e1pl\u0148 Phorax Bioflow 6.0\/Standard - SHOPATOA.COM\" \/>\n<meta property=\"og:description\" content=\"Houba k filtra\u010dn\u00edmu syst\u00e9mu Standard do akv\u00e1ri\u00ed Rio 240 &#8211; star\u00fd model s filtrac\u00ed Standard ne s Bioflow 3.0!!! ,Rio 300, Vision 260. Phorax je nov\u00e9 filtra\u010dn\u00ed m\u00e9dium od spole\u010dnosti Juwel. Phorax sn\u00ed\u017e\u00ed obsah fosf\u00e1t\u016f (PO4), co\u017e m\u00e1 za v\u00fdsledek sn\u00ed\u017een\u00ed r\u016fstu \u0159as. Sou\u010dasn\u011b, tak udr\u017euje kvalitu vody v akv\u00e1riu a chr\u00e1n\u00ed Va\u0161e rybi\u010dky. V...\" \/>\n<meta property=\"og:url\" content=\"https:\/\/shopatoa.com\/cz\/napln-phorax-bioflow-6-0-standard\/\" \/>\n<meta property=\"og:site_name\" content=\"SHOPATOA\" \/>\n<meta property=\"article:modified_time\" content=\"2026-02-01T17:47:04+00:00\" \/>\n<meta property=\"og:image\" content=\"https:\/\/storage.googleapis.com\/cz-shopatoa-img\/cz\/e4418fac-1_79548.jpg\" \/>\n\t<meta property=\"og:image:width\" content=\"600\" \/>\n\t<meta property=\"og:image:height\" content=\"600\" \/>\n\t<meta property=\"og:image:type\" content=\"image\/jpeg\" \/>\n<meta name=\"twitter:card\" content=\"summary_large_image\" \/>\n<meta name=\"twitter:label1\" content=\"Odhadovan\u00e1 doba \u010dten\u00ed\" \/>\n\t<meta name=\"twitter:data1\" content=\"1 minuta\" \/>\n<script type=\"application\/ld+json\" class=\"yoast-schema-graph\">{\"@context\":\"https:\\\/\\\/schema.org\",\"@graph\":[{\"@type\":\"WebPage\",\"@id\":\"https:\\\/\\\/shopatoa.com\\\/cz\\\/napln-phorax-bioflow-6-0-standard\\\/\",\"url\":\"https:\\\/\\\/shopatoa.com\\\/cz\\\/napln-phorax-bioflow-6-0-standard\\\/\",\"name\":\"N\u00e1pl\u0148 Phorax Bioflow 6.0\\\/Standard - SHOPATOA.COM\",\"isPartOf\":{\"@id\":\"https:\\\/\\\/shopatoa.com\\\/cz\\\/#website\"},\"primaryImageOfPage\":{\"@id\":\"https:\\\/\\\/shopatoa.com\\\/cz\\\/napln-phorax-bioflow-6-0-standard\\\/#primaryimage\"},\"image\":{\"@id\":\"https:\\\/\\\/shopatoa.com\\\/cz\\\/napln-phorax-bioflow-6-0-standard\\\/#primaryimage\"},\"thumbnailUrl\":\"https:\\\/\\\/storage.googleapis.com\\\/cz-shopatoa-img\\\/cz\\\/e4418fac-1_79548.jpg\",\"datePublished\":\"2025-04-03T17:10:41+00:00\",\"dateModified\":\"2026-02-01T17:47:04+00:00\",\"breadcrumb\":{\"@id\":\"https:\\\/\\\/shopatoa.com\\\/cz\\\/napln-phorax-bioflow-6-0-standard\\\/#breadcrumb\"},\"inLanguage\":\"cs\",\"potentialAction\":[{\"@type\":\"ReadAction\",\"target\":[\"https:\\\/\\\/shopatoa.com\\\/cz\\\/napln-phorax-bioflow-6-0-standard\\\/\"]}]},{\"@type\":\"ImageObject\",\"inLanguage\":\"cs\",\"@id\":\"https:\\\/\\\/shopatoa.com\\\/cz\\\/napln-phorax-bioflow-6-0-standard\\\/#primaryimage\",\"url\":\"https:\\\/\\\/storage.googleapis.com\\\/cz-shopatoa-img\\\/cz\\\/e4418fac-1_79548.jpg\",\"contentUrl\":\"https:\\\/\\\/storage.googleapis.com\\\/cz-shopatoa-img\\\/cz\\\/e4418fac-1_79548.jpg\",\"width\":600,\"height\":600},{\"@type\":\"BreadcrumbList\",\"@id\":\"https:\\\/\\\/shopatoa.com\\\/cz\\\/napln-phorax-bioflow-6-0-standard\\\/#breadcrumb\",\"itemListElement\":[{\"@type\":\"ListItem\",\"position\":1,\"name\":\"Dom\u016f\",\"item\":\"https:\\\/\\\/shopatoa.com\\\/cz\\\/\"},{\"@type\":\"ListItem\",\"position\":2,\"name\":\"Produkty\",\"item\":\"https:\\\/\\\/shopatoa.com\\\/cz\\\/shop\\\/\"},{\"@type\":\"ListItem\",\"position\":3,\"name\":\"Chovatelsk\u00e9 pot\u0159eby\",\"item\":\"https:\\\/\\\/shopatoa.com\\\/cz\\\/chovatelske-potreby-2\\\/\"},{\"@type\":\"ListItem\",\"position\":4,\"name\":\"Akvaristika\",\"item\":\"https:\\\/\\\/shopatoa.com\\\/cz\\\/akvaristika\\\/\"},{\"@type\":\"ListItem\",\"position\":5,\"name\":\"Akvarijn\u00ed technika\",\"item\":\"https:\\\/\\\/shopatoa.com\\\/cz\\\/akvarijni-technika\\\/\"},{\"@type\":\"ListItem\",\"position\":6,\"name\":\"Akvarijn\u00ed filtry\",\"item\":\"https:\\\/\\\/shopatoa.com\\\/cz\\\/akvarijni-filtry\\\/\"},{\"@type\":\"ListItem\",\"position\":7,\"name\":\"N\u00e1pl\u0148 Phorax Bioflow 6.0\\\/Standard\"}]},{\"@type\":\"WebSite\",\"@id\":\"https:\\\/\\\/shopatoa.com\\\/cz\\\/#website\",\"url\":\"https:\\\/\\\/shopatoa.com\\\/cz\\\/\",\"name\":\"SHOPATOA\",\"description\":\"\",\"publisher\":{\"@id\":\"https:\\\/\\\/shopatoa.com\\\/cz\\\/#organization\"},\"potentialAction\":[{\"@type\":\"SearchAction\",\"target\":{\"@type\":\"EntryPoint\",\"urlTemplate\":\"https:\\\/\\\/shopatoa.com\\\/cz\\\/?s={search_term_string}\"},\"query-input\":{\"@type\":\"PropertyValueSpecification\",\"valueRequired\":true,\"valueName\":\"search_term_string\"}}],\"inLanguage\":\"cs\"},{\"@type\":\"Organization\",\"@id\":\"https:\\\/\\\/shopatoa.com\\\/cz\\\/#organization\",\"name\":\"SHOPATOA Digital s.r.o.\",\"url\":\"https:\\\/\\\/shopatoa.com\\\/cz\\\/\",\"logo\":{\"@type\":\"ImageObject\",\"inLanguage\":\"cs\",\"@id\":\"https:\\\/\\\/shopatoa.com\\\/cz\\\/#\\\/schema\\\/logo\\\/image\\\/\",\"url\":\"https:\\\/\\\/storage.googleapis.com\\\/cz-shopatoa-img\\\/cz\\\/ebccf434-shopatoa_logo.png\",\"contentUrl\":\"https:\\\/\\\/storage.googleapis.com\\\/cz-shopatoa-img\\\/cz\\\/ebccf434-shopatoa_logo.png\",\"width\":416,\"height\":63,\"caption\":\"SHOPATOA Digital s.r.o.\"},\"image\":{\"@id\":\"https:\\\/\\\/shopatoa.com\\\/cz\\\/#\\\/schema\\\/logo\\\/image\\\/\"}}]}<\/script>\n<!-- \/ Yoast SEO plugin. -->","yoast_head_json":{"title":"N\u00e1pl\u0148 Phorax Bioflow 6.0\/Standard - SHOPATOA.COM","robots":{"index":"index","follow":"follow","max-snippet":"max-snippet:-1","max-image-preview":"max-image-preview:large","max-video-preview":"max-video-preview:-1"},"canonical":"https:\/\/shopatoa.com\/cz\/napln-phorax-bioflow-6-0-standard\/","og_locale":"cs_CZ","og_type":"article","og_title":"N\u00e1pl\u0148 Phorax Bioflow 6.0\/Standard - SHOPATOA.COM","og_description":"Houba k filtra\u010dn\u00edmu syst\u00e9mu Standard do akv\u00e1ri\u00ed Rio 240 &#8211; star\u00fd model s filtrac\u00ed Standard ne s Bioflow 3.0!!! ,Rio 300, Vision 260. Phorax je nov\u00e9 filtra\u010dn\u00ed m\u00e9dium od spole\u010dnosti Juwel. Phorax sn\u00ed\u017e\u00ed obsah fosf\u00e1t\u016f (PO4), co\u017e m\u00e1 za v\u00fdsledek sn\u00ed\u017een\u00ed r\u016fstu \u0159as. Sou\u010dasn\u011b, tak udr\u017euje kvalitu vody v akv\u00e1riu a chr\u00e1n\u00ed Va\u0161e rybi\u010dky. V...","og_url":"https:\/\/shopatoa.com\/cz\/napln-phorax-bioflow-6-0-standard\/","og_site_name":"SHOPATOA","article_modified_time":"2026-02-01T17:47:04+00:00","og_image":[{"width":600,"height":600,"url":"https:\/\/storage.googleapis.com\/cz-shopatoa-img\/cz\/e4418fac-1_79548.jpg","type":"image\/jpeg"}],"twitter_card":"summary_large_image","twitter_misc":{"Odhadovan\u00e1 doba \u010dten\u00ed":"1 minuta"},"schema":{"@context":"https:\/\/schema.org","@graph":[{"@type":"WebPage","@id":"https:\/\/shopatoa.com\/cz\/napln-phorax-bioflow-6-0-standard\/","url":"https:\/\/shopatoa.com\/cz\/napln-phorax-bioflow-6-0-standard\/","name":"N\u00e1pl\u0148 Phorax Bioflow 6.0\/Standard - SHOPATOA.COM","isPartOf":{"@id":"https:\/\/shopatoa.com\/cz\/#website"},"primaryImageOfPage":{"@id":"https:\/\/shopatoa.com\/cz\/napln-phorax-bioflow-6-0-standard\/#primaryimage"},"image":{"@id":"https:\/\/shopatoa.com\/cz\/napln-phorax-bioflow-6-0-standard\/#primaryimage"},"thumbnailUrl":"https:\/\/storage.googleapis.com\/cz-shopatoa-img\/cz\/e4418fac-1_79548.jpg","datePublished":"2025-04-03T17:10:41+00:00","dateModified":"2026-02-01T17:47:04+00:00","breadcrumb":{"@id":"https:\/\/shopatoa.com\/cz\/napln-phorax-bioflow-6-0-standard\/#breadcrumb"},"inLanguage":"cs","potentialAction":[{"@type":"ReadAction","target":["https:\/\/shopatoa.com\/cz\/napln-phorax-bioflow-6-0-standard\/"]}]},{"@type":"ImageObject","inLanguage":"cs","@id":"https:\/\/shopatoa.com\/cz\/napln-phorax-bioflow-6-0-standard\/#primaryimage","url":"https:\/\/storage.googleapis.com\/cz-shopatoa-img\/cz\/e4418fac-1_79548.jpg","contentUrl":"https:\/\/storage.googleapis.com\/cz-shopatoa-img\/cz\/e4418fac-1_79548.jpg","width":600,"height":600},{"@type":"BreadcrumbList","@id":"https:\/\/shopatoa.com\/cz\/napln-phorax-bioflow-6-0-standard\/#breadcrumb","itemListElement":[{"@type":"ListItem","position":1,"name":"Dom\u016f","item":"https:\/\/shopatoa.com\/cz\/"},{"@type":"ListItem","position":2,"name":"Produkty","item":"https:\/\/shopatoa.com\/cz\/shop\/"},{"@type":"ListItem","position":3,"name":"Chovatelsk\u00e9 pot\u0159eby","item":"https:\/\/shopatoa.com\/cz\/chovatelske-potreby-2\/"},{"@type":"ListItem","position":4,"name":"Akvaristika","item":"https:\/\/shopatoa.com\/cz\/akvaristika\/"},{"@type":"ListItem","position":5,"name":"Akvarijn\u00ed technika","item":"https:\/\/shopatoa.com\/cz\/akvarijni-technika\/"},{"@type":"ListItem","position":6,"name":"Akvarijn\u00ed filtry","item":"https:\/\/shopatoa.com\/cz\/akvarijni-filtry\/"},{"@type":"ListItem","position":7,"name":"N\u00e1pl\u0148 Phorax Bioflow 6.0\/Standard"}]},{"@type":"WebSite","@id":"https:\/\/shopatoa.com\/cz\/#website","url":"https:\/\/shopatoa.com\/cz\/","name":"SHOPATOA","description":"","publisher":{"@id":"https:\/\/shopatoa.com\/cz\/#organization"},"potentialAction":[{"@type":"SearchAction","target":{"@type":"EntryPoint","urlTemplate":"https:\/\/shopatoa.com\/cz\/?s={search_term_string}"},"query-input":{"@type":"PropertyValueSpecification","valueRequired":true,"valueName":"search_term_string"}}],"inLanguage":"cs"},{"@type":"Organization","@id":"https:\/\/shopatoa.com\/cz\/#organization","name":"SHOPATOA Digital s.r.o.","url":"https:\/\/shopatoa.com\/cz\/","logo":{"@type":"ImageObject","inLanguage":"cs","@id":"https:\/\/shopatoa.com\/cz\/#\/schema\/logo\/image\/","url":"https:\/\/storage.googleapis.com\/cz-shopatoa-img\/cz\/ebccf434-shopatoa_logo.png","contentUrl":"https:\/\/storage.googleapis.com\/cz-shopatoa-img\/cz\/ebccf434-shopatoa_logo.png","width":416,"height":63,"caption":"SHOPATOA Digital s.r.o."},"image":{"@id":"https:\/\/shopatoa.com\/cz\/#\/schema\/logo\/image\/"}}]}},"_links":{"self":[{"href":"https:\/\/shopatoa.com\/cz\/wp-json\/wp\/v2\/product\/253874","targetHints":{"allow":["GET"]}}],"collection":[{"href":"https:\/\/shopatoa.com\/cz\/wp-json\/wp\/v2\/product"}],"about":[{"href":"https:\/\/shopatoa.com\/cz\/wp-json\/wp\/v2\/types\/product"}],"replies":[{"embeddable":true,"href":"https:\/\/shopatoa.com\/cz\/wp-json\/wp\/v2\/comments?post=253874"}],"wp:featuredmedia":[{"embeddable":true,"href":"https:\/\/shopatoa.com\/cz\/wp-json\/wp\/v2\/media\/253875"}],"wp:attachment":[{"href":"https:\/\/shopatoa.com\/cz\/wp-json\/wp\/v2\/media?parent=253874"}],"wp:term":[{"taxonomy":"product_brand","embeddable":true,"href":"https:\/\/shopatoa.com\/cz\/wp-json\/wp\/v2\/product_brand?post=253874"},{"taxonomy":"product_cat","embeddable":true,"href":"https:\/\/shopatoa.com\/cz\/wp-json\/wp\/v2\/product_cat?post=253874"},{"taxonomy":"product_tag","embeddable":true,"href":"https:\/\/shopatoa.com\/cz\/wp-json\/wp\/v2\/product_tag?post=253874"}],"curies":[{"name":"wp","href":"https:\/\/api.w.org\/{rel}","templated":true}]}}