{"id":253918,"date":"2025-04-03T19:16:50","date_gmt":"2025-04-03T17:16:50","guid":{"rendered":"https:\/\/shopatoa.com\/cz\/?post_type=product&#038;p=253918"},"modified":"2026-01-31T13:00:28","modified_gmt":"2026-01-31T12:00:28","slug":"drink-rinti-kachna-185ml","status":"publish","type":"product","link":"https:\/\/shopatoa.com\/cz\/drink-rinti-kachna-185ml\/","title":{"rendered":"Drink RINTI kachna 185ml"},"content":{"rendered":"<p>Chutn\u00fd n\u00e1pojov\u00fd pamlsek pro psy, s n\u00edzk\u00fdm obsahem b\u00edlkovin a kalori\u00ed, ide\u00e1ln\u00ed jako odm\u011bna mezi krmen\u00edmi a p\u0159i zv\u00fd\u0161en\u00e9 pot\u0159eb\u011b tekutin, s jemn\u00fdmi kousky masa.<\/p>\n<p>Sva\u010dinky mezi j\u00eddly nemus\u00ed b\u00fdt v\u017edy k\u0159upav\u00e9 nebo vyb\u00edzet ke \u017ev\u00fdk\u00e1n\u00ed. S RINTI Drinki poskytnete psovi pamlsek k pit\u00ed, kter\u00fd je vynikaj\u00edc\u00ed jako odm\u011bna mezi j\u00eddly. Pamlsek obsahuje jemn\u00e9 kousky masa a d\u00edky sv\u00e9 dobr\u00e9 chuti m\u016f\u017ee zv\u00fd\u0161it po\u017eitek z pit\u00ed.<\/p>\n<p>RINTI Drinki m\u016f\u017ee b\u00fdt u\u017eite\u010dn\u00fdm dopl\u0148kem stravy, pokud m\u00e1 v\u00e1\u0161 pes zv\u00fd\u0161enou pot\u0159ebu tekutin nebo m\u00e1 obecn\u011b probl\u00e9my s pit\u00edm dostate\u010dn\u00e9ho mno\u017estv\u00ed vody. P\u0159id\u00e1n\u00edm masov\u00e9 \u0161\u0165\u00e1vy do misky s vodou lze podpo\u0159it pitn\u00fd re\u017eim. Dopl\u0148kov\u00e9 krmivo m\u00e1 n\u00edzk\u00fd obsah b\u00edlkovin a kalori\u00ed a lze jej snadno za\u010dlenit do vyv\u00e1\u017een\u00e9 stravy.<\/p>\n<p>\tTekut\u00e9 dopl\u0148kov\u00e9 krmivo pro psy.<br \/>\n\tLehk\u00e1 sva\u010dinka mezi krmen\u00edmi: slo\u017een\u00ed s n\u00edzk\u00fdm obsahem b\u00edlkovin a kalori\u00ed.<br \/>\n\tVelmi chutn\u00e9: s nejjemn\u011bj\u0161\u00edmi kousky masa.<br \/>\n\tPodporuje pit\u00ed: m\u016f\u017ee p\u0159isp\u011bt k dostate\u010dn\u00e9mu p\u0159\u00edjmu tekutin, p\u0159i p\u0159id\u00e1n\u00ed do misky s vodou m\u016f\u017ee zv\u00fd\u0161it pot\u011b\u0161en\u00ed&#8230;<\/p>\n","protected":false},"excerpt":{"rendered":"<p>Chutn\u00fd n\u00e1pojov\u00fd pamlsek pro psy, s n\u00edzk\u00fdm obsahem b\u00edlkovin a kalori\u00ed, ide\u00e1ln\u00ed jako odm\u011bna mezi krmen\u00edmi a p\u0159i zv\u00fd\u0161en\u00e9 pot\u0159eb\u011b tekutin, s jemn\u00fdmi kousky masa. Sva\u010dinky mezi j\u00eddly nemus\u00ed b\u00fdt v\u017edy k\u0159upav\u00e9 nebo vyb\u00edzet ke \u017ev\u00fdk\u00e1n\u00ed. S RINTI Drinki poskytnete psovi pamlsek k pit\u00ed, kter\u00fd je vynikaj\u00edc\u00ed jako odm\u011bna mezi j\u00eddly. Pamlsek obsahuje jemn\u00e9 kousky&#8230;<\/p>\n","protected":false},"featured_media":253919,"comment_status":"closed","ping_status":"open","template":"","meta":{"_acf_changed":false,"_kadence_starter_templates_imported_post":false,"_kad_post_transparent":"","_kad_post_title":"","_kad_post_layout":"","_kad_post_sidebar_id":"","_kad_post_content_style":"","_kad_post_vertical_padding":"","_kad_post_feature":"","_kad_post_feature_position":"","_kad_post_header":false,"_kad_post_footer":false,"_kad_post_classname":""},"product_brand":[2591],"product_cat":[436,2568,2576,739],"product_tag":[],"class_list":{"0":"post-253918","1":"product","2":"type-product","3":"status-publish","4":"has-post-thumbnail","6":"product_brand-rinti","7":"product_cat-chovatelske-potreby-2","8":"product_cat-krmivo-pro-psy-pro-psy-chovatelske-potreby-2","9":"product_cat-pamlsky-pro-psy","10":"product_cat-pro-psy-chovatelske-potreby-2","11":"pa_obchod-superzoo-cz","13":"first","14":"instock","15":"product-type-external","16":"entry","17":"content-bg","18":"loop-entry"},"acf":[],"yoast_head":"<!-- This site is optimized with the Yoast SEO plugin v27.4 - https:\/\/yoast.com\/product\/yoast-seo-wordpress\/ -->\n<title>Drink RINTI kachna 185ml - SHOPATOA.COM<\/title>\n<meta name=\"robots\" content=\"index, follow, max-snippet:-1, max-image-preview:large, max-video-preview:-1\" \/>\n<link rel=\"canonical\" href=\"https:\/\/shopatoa.com\/cz\/drink-rinti-kachna-185ml\/\" \/>\n<meta property=\"og:locale\" content=\"cs_CZ\" \/>\n<meta property=\"og:type\" content=\"article\" \/>\n<meta property=\"og:title\" content=\"Drink RINTI kachna 185ml - SHOPATOA.COM\" \/>\n<meta property=\"og:description\" content=\"Chutn\u00fd n\u00e1pojov\u00fd pamlsek pro psy, s n\u00edzk\u00fdm obsahem b\u00edlkovin a kalori\u00ed, ide\u00e1ln\u00ed jako odm\u011bna mezi krmen\u00edmi a p\u0159i zv\u00fd\u0161en\u00e9 pot\u0159eb\u011b tekutin, s jemn\u00fdmi kousky masa. Sva\u010dinky mezi j\u00eddly nemus\u00ed b\u00fdt v\u017edy k\u0159upav\u00e9 nebo vyb\u00edzet ke \u017ev\u00fdk\u00e1n\u00ed. S RINTI Drinki poskytnete psovi pamlsek k pit\u00ed, kter\u00fd je vynikaj\u00edc\u00ed jako odm\u011bna mezi j\u00eddly. Pamlsek obsahuje jemn\u00e9 kousky...\" \/>\n<meta property=\"og:url\" content=\"https:\/\/shopatoa.com\/cz\/drink-rinti-kachna-185ml\/\" \/>\n<meta property=\"og:site_name\" content=\"SHOPATOA\" \/>\n<meta property=\"article:modified_time\" content=\"2026-01-31T12:00:28+00:00\" \/>\n<meta property=\"og:image\" content=\"https:\/\/storage.googleapis.com\/cz-shopatoa-img\/cz\/b579657f-1_84235.jpg\" \/>\n\t<meta property=\"og:image:width\" content=\"600\" \/>\n\t<meta property=\"og:image:height\" content=\"600\" \/>\n\t<meta property=\"og:image:type\" content=\"image\/jpeg\" \/>\n<meta name=\"twitter:card\" content=\"summary_large_image\" \/>\n<meta name=\"twitter:label1\" content=\"Odhadovan\u00e1 doba \u010dten\u00ed\" \/>\n\t<meta name=\"twitter:data1\" content=\"1 minuta\" \/>\n<script type=\"application\/ld+json\" class=\"yoast-schema-graph\">{\"@context\":\"https:\\\/\\\/schema.org\",\"@graph\":[{\"@type\":\"WebPage\",\"@id\":\"https:\\\/\\\/shopatoa.com\\\/cz\\\/drink-rinti-kachna-185ml\\\/\",\"url\":\"https:\\\/\\\/shopatoa.com\\\/cz\\\/drink-rinti-kachna-185ml\\\/\",\"name\":\"Drink RINTI kachna 185ml - SHOPATOA.COM\",\"isPartOf\":{\"@id\":\"https:\\\/\\\/shopatoa.com\\\/cz\\\/#website\"},\"primaryImageOfPage\":{\"@id\":\"https:\\\/\\\/shopatoa.com\\\/cz\\\/drink-rinti-kachna-185ml\\\/#primaryimage\"},\"image\":{\"@id\":\"https:\\\/\\\/shopatoa.com\\\/cz\\\/drink-rinti-kachna-185ml\\\/#primaryimage\"},\"thumbnailUrl\":\"https:\\\/\\\/storage.googleapis.com\\\/cz-shopatoa-img\\\/cz\\\/b579657f-1_84235.jpg\",\"datePublished\":\"2025-04-03T17:16:50+00:00\",\"dateModified\":\"2026-01-31T12:00:28+00:00\",\"breadcrumb\":{\"@id\":\"https:\\\/\\\/shopatoa.com\\\/cz\\\/drink-rinti-kachna-185ml\\\/#breadcrumb\"},\"inLanguage\":\"cs\",\"potentialAction\":[{\"@type\":\"ReadAction\",\"target\":[\"https:\\\/\\\/shopatoa.com\\\/cz\\\/drink-rinti-kachna-185ml\\\/\"]}]},{\"@type\":\"ImageObject\",\"inLanguage\":\"cs\",\"@id\":\"https:\\\/\\\/shopatoa.com\\\/cz\\\/drink-rinti-kachna-185ml\\\/#primaryimage\",\"url\":\"https:\\\/\\\/storage.googleapis.com\\\/cz-shopatoa-img\\\/cz\\\/b579657f-1_84235.jpg\",\"contentUrl\":\"https:\\\/\\\/storage.googleapis.com\\\/cz-shopatoa-img\\\/cz\\\/b579657f-1_84235.jpg\",\"width\":600,\"height\":600},{\"@type\":\"BreadcrumbList\",\"@id\":\"https:\\\/\\\/shopatoa.com\\\/cz\\\/drink-rinti-kachna-185ml\\\/#breadcrumb\",\"itemListElement\":[{\"@type\":\"ListItem\",\"position\":1,\"name\":\"Dom\u016f\",\"item\":\"https:\\\/\\\/shopatoa.com\\\/cz\\\/\"},{\"@type\":\"ListItem\",\"position\":2,\"name\":\"Produkty\",\"item\":\"https:\\\/\\\/shopatoa.com\\\/cz\\\/shop\\\/\"},{\"@type\":\"ListItem\",\"position\":3,\"name\":\"Chovatelsk\u00e9 pot\u0159eby\",\"item\":\"https:\\\/\\\/shopatoa.com\\\/cz\\\/chovatelske-potreby-2\\\/\"},{\"@type\":\"ListItem\",\"position\":4,\"name\":\"Pro psy\",\"item\":\"https:\\\/\\\/shopatoa.com\\\/cz\\\/pro-psy-chovatelske-potreby-2\\\/\"},{\"@type\":\"ListItem\",\"position\":5,\"name\":\"Krmivo pro psy\",\"item\":\"https:\\\/\\\/shopatoa.com\\\/cz\\\/krmivo-pro-psy-pro-psy-chovatelske-potreby-2\\\/\"},{\"@type\":\"ListItem\",\"position\":6,\"name\":\"Pamlsky pro psy\",\"item\":\"https:\\\/\\\/shopatoa.com\\\/cz\\\/pamlsky-pro-psy\\\/\"},{\"@type\":\"ListItem\",\"position\":7,\"name\":\"Drink RINTI kachna 185ml\"}]},{\"@type\":\"WebSite\",\"@id\":\"https:\\\/\\\/shopatoa.com\\\/cz\\\/#website\",\"url\":\"https:\\\/\\\/shopatoa.com\\\/cz\\\/\",\"name\":\"SHOPATOA\",\"description\":\"\",\"publisher\":{\"@id\":\"https:\\\/\\\/shopatoa.com\\\/cz\\\/#organization\"},\"potentialAction\":[{\"@type\":\"SearchAction\",\"target\":{\"@type\":\"EntryPoint\",\"urlTemplate\":\"https:\\\/\\\/shopatoa.com\\\/cz\\\/?s={search_term_string}\"},\"query-input\":{\"@type\":\"PropertyValueSpecification\",\"valueRequired\":true,\"valueName\":\"search_term_string\"}}],\"inLanguage\":\"cs\"},{\"@type\":\"Organization\",\"@id\":\"https:\\\/\\\/shopatoa.com\\\/cz\\\/#organization\",\"name\":\"SHOPATOA Digital s.r.o.\",\"url\":\"https:\\\/\\\/shopatoa.com\\\/cz\\\/\",\"logo\":{\"@type\":\"ImageObject\",\"inLanguage\":\"cs\",\"@id\":\"https:\\\/\\\/shopatoa.com\\\/cz\\\/#\\\/schema\\\/logo\\\/image\\\/\",\"url\":\"https:\\\/\\\/storage.googleapis.com\\\/cz-shopatoa-img\\\/cz\\\/ebccf434-shopatoa_logo.png\",\"contentUrl\":\"https:\\\/\\\/storage.googleapis.com\\\/cz-shopatoa-img\\\/cz\\\/ebccf434-shopatoa_logo.png\",\"width\":416,\"height\":63,\"caption\":\"SHOPATOA Digital s.r.o.\"},\"image\":{\"@id\":\"https:\\\/\\\/shopatoa.com\\\/cz\\\/#\\\/schema\\\/logo\\\/image\\\/\"}}]}<\/script>\n<!-- \/ Yoast SEO plugin. -->","yoast_head_json":{"title":"Drink RINTI kachna 185ml - SHOPATOA.COM","robots":{"index":"index","follow":"follow","max-snippet":"max-snippet:-1","max-image-preview":"max-image-preview:large","max-video-preview":"max-video-preview:-1"},"canonical":"https:\/\/shopatoa.com\/cz\/drink-rinti-kachna-185ml\/","og_locale":"cs_CZ","og_type":"article","og_title":"Drink RINTI kachna 185ml - SHOPATOA.COM","og_description":"Chutn\u00fd n\u00e1pojov\u00fd pamlsek pro psy, s n\u00edzk\u00fdm obsahem b\u00edlkovin a kalori\u00ed, ide\u00e1ln\u00ed jako odm\u011bna mezi krmen\u00edmi a p\u0159i zv\u00fd\u0161en\u00e9 pot\u0159eb\u011b tekutin, s jemn\u00fdmi kousky masa. Sva\u010dinky mezi j\u00eddly nemus\u00ed b\u00fdt v\u017edy k\u0159upav\u00e9 nebo vyb\u00edzet ke \u017ev\u00fdk\u00e1n\u00ed. S RINTI Drinki poskytnete psovi pamlsek k pit\u00ed, kter\u00fd je vynikaj\u00edc\u00ed jako odm\u011bna mezi j\u00eddly. Pamlsek obsahuje jemn\u00e9 kousky...","og_url":"https:\/\/shopatoa.com\/cz\/drink-rinti-kachna-185ml\/","og_site_name":"SHOPATOA","article_modified_time":"2026-01-31T12:00:28+00:00","og_image":[{"width":600,"height":600,"url":"https:\/\/storage.googleapis.com\/cz-shopatoa-img\/cz\/b579657f-1_84235.jpg","type":"image\/jpeg"}],"twitter_card":"summary_large_image","twitter_misc":{"Odhadovan\u00e1 doba \u010dten\u00ed":"1 minuta"},"schema":{"@context":"https:\/\/schema.org","@graph":[{"@type":"WebPage","@id":"https:\/\/shopatoa.com\/cz\/drink-rinti-kachna-185ml\/","url":"https:\/\/shopatoa.com\/cz\/drink-rinti-kachna-185ml\/","name":"Drink RINTI kachna 185ml - SHOPATOA.COM","isPartOf":{"@id":"https:\/\/shopatoa.com\/cz\/#website"},"primaryImageOfPage":{"@id":"https:\/\/shopatoa.com\/cz\/drink-rinti-kachna-185ml\/#primaryimage"},"image":{"@id":"https:\/\/shopatoa.com\/cz\/drink-rinti-kachna-185ml\/#primaryimage"},"thumbnailUrl":"https:\/\/storage.googleapis.com\/cz-shopatoa-img\/cz\/b579657f-1_84235.jpg","datePublished":"2025-04-03T17:16:50+00:00","dateModified":"2026-01-31T12:00:28+00:00","breadcrumb":{"@id":"https:\/\/shopatoa.com\/cz\/drink-rinti-kachna-185ml\/#breadcrumb"},"inLanguage":"cs","potentialAction":[{"@type":"ReadAction","target":["https:\/\/shopatoa.com\/cz\/drink-rinti-kachna-185ml\/"]}]},{"@type":"ImageObject","inLanguage":"cs","@id":"https:\/\/shopatoa.com\/cz\/drink-rinti-kachna-185ml\/#primaryimage","url":"https:\/\/storage.googleapis.com\/cz-shopatoa-img\/cz\/b579657f-1_84235.jpg","contentUrl":"https:\/\/storage.googleapis.com\/cz-shopatoa-img\/cz\/b579657f-1_84235.jpg","width":600,"height":600},{"@type":"BreadcrumbList","@id":"https:\/\/shopatoa.com\/cz\/drink-rinti-kachna-185ml\/#breadcrumb","itemListElement":[{"@type":"ListItem","position":1,"name":"Dom\u016f","item":"https:\/\/shopatoa.com\/cz\/"},{"@type":"ListItem","position":2,"name":"Produkty","item":"https:\/\/shopatoa.com\/cz\/shop\/"},{"@type":"ListItem","position":3,"name":"Chovatelsk\u00e9 pot\u0159eby","item":"https:\/\/shopatoa.com\/cz\/chovatelske-potreby-2\/"},{"@type":"ListItem","position":4,"name":"Pro psy","item":"https:\/\/shopatoa.com\/cz\/pro-psy-chovatelske-potreby-2\/"},{"@type":"ListItem","position":5,"name":"Krmivo pro psy","item":"https:\/\/shopatoa.com\/cz\/krmivo-pro-psy-pro-psy-chovatelske-potreby-2\/"},{"@type":"ListItem","position":6,"name":"Pamlsky pro psy","item":"https:\/\/shopatoa.com\/cz\/pamlsky-pro-psy\/"},{"@type":"ListItem","position":7,"name":"Drink RINTI kachna 185ml"}]},{"@type":"WebSite","@id":"https:\/\/shopatoa.com\/cz\/#website","url":"https:\/\/shopatoa.com\/cz\/","name":"SHOPATOA","description":"","publisher":{"@id":"https:\/\/shopatoa.com\/cz\/#organization"},"potentialAction":[{"@type":"SearchAction","target":{"@type":"EntryPoint","urlTemplate":"https:\/\/shopatoa.com\/cz\/?s={search_term_string}"},"query-input":{"@type":"PropertyValueSpecification","valueRequired":true,"valueName":"search_term_string"}}],"inLanguage":"cs"},{"@type":"Organization","@id":"https:\/\/shopatoa.com\/cz\/#organization","name":"SHOPATOA Digital s.r.o.","url":"https:\/\/shopatoa.com\/cz\/","logo":{"@type":"ImageObject","inLanguage":"cs","@id":"https:\/\/shopatoa.com\/cz\/#\/schema\/logo\/image\/","url":"https:\/\/storage.googleapis.com\/cz-shopatoa-img\/cz\/ebccf434-shopatoa_logo.png","contentUrl":"https:\/\/storage.googleapis.com\/cz-shopatoa-img\/cz\/ebccf434-shopatoa_logo.png","width":416,"height":63,"caption":"SHOPATOA Digital s.r.o."},"image":{"@id":"https:\/\/shopatoa.com\/cz\/#\/schema\/logo\/image\/"}}]}},"_links":{"self":[{"href":"https:\/\/shopatoa.com\/cz\/wp-json\/wp\/v2\/product\/253918","targetHints":{"allow":["GET"]}}],"collection":[{"href":"https:\/\/shopatoa.com\/cz\/wp-json\/wp\/v2\/product"}],"about":[{"href":"https:\/\/shopatoa.com\/cz\/wp-json\/wp\/v2\/types\/product"}],"replies":[{"embeddable":true,"href":"https:\/\/shopatoa.com\/cz\/wp-json\/wp\/v2\/comments?post=253918"}],"wp:featuredmedia":[{"embeddable":true,"href":"https:\/\/shopatoa.com\/cz\/wp-json\/wp\/v2\/media\/253919"}],"wp:attachment":[{"href":"https:\/\/shopatoa.com\/cz\/wp-json\/wp\/v2\/media?parent=253918"}],"wp:term":[{"taxonomy":"product_brand","embeddable":true,"href":"https:\/\/shopatoa.com\/cz\/wp-json\/wp\/v2\/product_brand?post=253918"},{"taxonomy":"product_cat","embeddable":true,"href":"https:\/\/shopatoa.com\/cz\/wp-json\/wp\/v2\/product_cat?post=253918"},{"taxonomy":"product_tag","embeddable":true,"href":"https:\/\/shopatoa.com\/cz\/wp-json\/wp\/v2\/product_tag?post=253918"}],"curies":[{"name":"wp","href":"https:\/\/api.w.org\/{rel}","templated":true}]}}