{"id":253928,"date":"2025-04-03T19:20:32","date_gmt":"2025-04-03T17:20:32","guid":{"rendered":"https:\/\/shopatoa.com\/cz\/?post_type=product&#038;p=253928"},"modified":"2026-01-31T13:00:26","modified_gmt":"2026-01-31T12:00:26","slug":"drink-kattovit-gastro-135ml","status":"publish","type":"product","link":"https:\/\/shopatoa.com\/cz\/drink-kattovit-gastro-135ml\/","title":{"rendered":"Drink Kattovit Gastro 135ml"},"content":{"rendered":"<p>Dopl\u0148kov\u00e9 krmivo pro ko\u010dky s nejjemn\u011bj\u0161\u00edmi kousky masa, vhodn\u00e9 p\u0159i gastrointestin\u00e1ln\u00edch pot\u00ed\u017e\u00edch. N\u00e1poj je ide\u00e1ln\u00edm dopl\u0148kem ka\u017edodenn\u00edho krmen\u00ed.<\/p>\n<p>Pokud Va\u0161e ko\u010dka bojuje s gastrointestin\u00e1ln\u00edmi probl\u00e9my, jako je pr\u016fjem nebo zvracen\u00ed, dostate\u010dn\u00fd p\u0159\u00edsun \u017eivin a tekutin je obzvl\u00e1\u0161t\u011b d\u016fle\u017eit\u00fd. Kattovit Gastro Drink je ur\u010den jako dopln\u011bk krmiva a je dob\u0159e p\u0159ij\u00edm\u00e1n mnoha ko\u010dkami. Je to lahodn\u00fd n\u00e1poj pro ko\u010dky, kter\u00fd je p\u0159ipravov\u00e1n z t\u011bch nejjemn\u011bj\u0161\u00edch kousk\u016f masa \u2013 neodolateln\u00e9 pro v\u011bt\u0161inu ko\u010dek.<\/p>\n<p>Kattovit Gastro Drink d\u00edky vysok\u00e9mu obsahu vody podporuje dostate\u010dn\u00fd p\u0159\u00edjem tekutin. Dopl\u0148kov\u00e9 krmivo pro ko\u010dky se tak\u00e9 vyzna\u010duje zv\u00fd\u0161en\u00fdm obsahem elektrolyt\u016f, kter\u00e9 mohou pomoci kompenzovat ztr\u00e1ty. Oligofrukt\u00f3za, kterou obsahuje, m\u016f\u017ee tak\u00e9 podporovat norm\u00e1ln\u00ed tr\u00e1ven\u00ed. N\u00e1poj je v plechovce a lze jej d\u00e1vkovat dle pot\u0159eby.<\/p>\n<p>Chutn\u00fd ko\u010di\u010d\u00ed n\u00e1poj: podporuje dostate\u010dn\u00fd p\u0159\u00edjem tekutin.<\/p>\n<p>Velmi chutn\u00e9: p\u0159ipraven\u00e9 z nejlep\u0161\u00edch kus\u016f ku\u0159ec\u00edho.<\/p>\n<p>Zv\u00fd\u0161en\u00fd obsah elektrolytu: ke kompenzaci ztr\u00e1t&#8230;<\/p>\n","protected":false},"excerpt":{"rendered":"<p>Dopl\u0148kov\u00e9 krmivo pro ko\u010dky s nejjemn\u011bj\u0161\u00edmi kousky masa, vhodn\u00e9 p\u0159i gastrointestin\u00e1ln\u00edch pot\u00ed\u017e\u00edch. N\u00e1poj je ide\u00e1ln\u00edm dopl\u0148kem ka\u017edodenn\u00edho krmen\u00ed. Pokud Va\u0161e ko\u010dka bojuje s gastrointestin\u00e1ln\u00edmi probl\u00e9my, jako je pr\u016fjem nebo zvracen\u00ed, dostate\u010dn\u00fd p\u0159\u00edsun \u017eivin a tekutin je obzvl\u00e1\u0161t\u011b d\u016fle\u017eit\u00fd. Kattovit Gastro Drink je ur\u010den jako dopln\u011bk krmiva a je dob\u0159e p\u0159ij\u00edm\u00e1n mnoha ko\u010dkami. Je to lahodn\u00fd&#8230;<\/p>\n","protected":false},"featured_media":253929,"comment_status":"closed","ping_status":"open","template":"","meta":{"_acf_changed":false,"_kadence_starter_templates_imported_post":false,"_kad_post_transparent":"","_kad_post_title":"","_kad_post_layout":"","_kad_post_sidebar_id":"","_kad_post_content_style":"","_kad_post_vertical_padding":"","_kad_post_feature":"","_kad_post_feature_position":"","_kad_post_header":false,"_kad_post_footer":false,"_kad_post_classname":""},"product_brand":[2462],"product_cat":[436,1465,2581,1464],"product_tag":[],"class_list":{"0":"post-253928","1":"product","2":"type-product","3":"status-publish","4":"has-post-thumbnail","6":"product_brand-kattovit","7":"product_cat-chovatelske-potreby-2","8":"product_cat-krmivo-pro-kocky-pro-kocky-chovatelske-potreby-2","9":"product_cat-pamlsky-pro-kocky","10":"product_cat-pro-kocky-chovatelske-potreby-2","11":"pa_obchod-superzoo-cz","13":"first","14":"instock","15":"product-type-external","16":"entry","17":"content-bg","18":"loop-entry"},"acf":[],"yoast_head":"<!-- This site is optimized with the Yoast SEO plugin v27.4 - https:\/\/yoast.com\/product\/yoast-seo-wordpress\/ -->\n<title>Drink Kattovit Gastro 135ml - SHOPATOA.COM<\/title>\n<meta name=\"robots\" content=\"index, follow, max-snippet:-1, max-image-preview:large, max-video-preview:-1\" \/>\n<link rel=\"canonical\" href=\"https:\/\/shopatoa.com\/cz\/drink-kattovit-gastro-135ml\/\" \/>\n<meta property=\"og:locale\" content=\"cs_CZ\" \/>\n<meta property=\"og:type\" content=\"article\" \/>\n<meta property=\"og:title\" content=\"Drink Kattovit Gastro 135ml - SHOPATOA.COM\" \/>\n<meta property=\"og:description\" content=\"Dopl\u0148kov\u00e9 krmivo pro ko\u010dky s nejjemn\u011bj\u0161\u00edmi kousky masa, vhodn\u00e9 p\u0159i gastrointestin\u00e1ln\u00edch pot\u00ed\u017e\u00edch. N\u00e1poj je ide\u00e1ln\u00edm dopl\u0148kem ka\u017edodenn\u00edho krmen\u00ed. Pokud Va\u0161e ko\u010dka bojuje s gastrointestin\u00e1ln\u00edmi probl\u00e9my, jako je pr\u016fjem nebo zvracen\u00ed, dostate\u010dn\u00fd p\u0159\u00edsun \u017eivin a tekutin je obzvl\u00e1\u0161t\u011b d\u016fle\u017eit\u00fd. Kattovit Gastro Drink je ur\u010den jako dopln\u011bk krmiva a je dob\u0159e p\u0159ij\u00edm\u00e1n mnoha ko\u010dkami. Je to lahodn\u00fd...\" \/>\n<meta property=\"og:url\" content=\"https:\/\/shopatoa.com\/cz\/drink-kattovit-gastro-135ml\/\" \/>\n<meta property=\"og:site_name\" content=\"SHOPATOA\" \/>\n<meta property=\"article:modified_time\" content=\"2026-01-31T12:00:26+00:00\" \/>\n<meta property=\"og:image\" content=\"https:\/\/storage.googleapis.com\/cz-shopatoa-img\/cz\/ec114974-1_84678.jpg\" \/>\n\t<meta property=\"og:image:width\" content=\"600\" \/>\n\t<meta property=\"og:image:height\" content=\"600\" \/>\n\t<meta property=\"og:image:type\" content=\"image\/jpeg\" \/>\n<meta name=\"twitter:card\" content=\"summary_large_image\" \/>\n<meta name=\"twitter:label1\" content=\"Odhadovan\u00e1 doba \u010dten\u00ed\" \/>\n\t<meta name=\"twitter:data1\" content=\"1 minuta\" \/>\n<script type=\"application\/ld+json\" class=\"yoast-schema-graph\">{\"@context\":\"https:\\\/\\\/schema.org\",\"@graph\":[{\"@type\":\"WebPage\",\"@id\":\"https:\\\/\\\/shopatoa.com\\\/cz\\\/drink-kattovit-gastro-135ml\\\/\",\"url\":\"https:\\\/\\\/shopatoa.com\\\/cz\\\/drink-kattovit-gastro-135ml\\\/\",\"name\":\"Drink Kattovit Gastro 135ml - SHOPATOA.COM\",\"isPartOf\":{\"@id\":\"https:\\\/\\\/shopatoa.com\\\/cz\\\/#website\"},\"primaryImageOfPage\":{\"@id\":\"https:\\\/\\\/shopatoa.com\\\/cz\\\/drink-kattovit-gastro-135ml\\\/#primaryimage\"},\"image\":{\"@id\":\"https:\\\/\\\/shopatoa.com\\\/cz\\\/drink-kattovit-gastro-135ml\\\/#primaryimage\"},\"thumbnailUrl\":\"https:\\\/\\\/storage.googleapis.com\\\/cz-shopatoa-img\\\/cz\\\/ec114974-1_84678.jpg\",\"datePublished\":\"2025-04-03T17:20:32+00:00\",\"dateModified\":\"2026-01-31T12:00:26+00:00\",\"breadcrumb\":{\"@id\":\"https:\\\/\\\/shopatoa.com\\\/cz\\\/drink-kattovit-gastro-135ml\\\/#breadcrumb\"},\"inLanguage\":\"cs\",\"potentialAction\":[{\"@type\":\"ReadAction\",\"target\":[\"https:\\\/\\\/shopatoa.com\\\/cz\\\/drink-kattovit-gastro-135ml\\\/\"]}]},{\"@type\":\"ImageObject\",\"inLanguage\":\"cs\",\"@id\":\"https:\\\/\\\/shopatoa.com\\\/cz\\\/drink-kattovit-gastro-135ml\\\/#primaryimage\",\"url\":\"https:\\\/\\\/storage.googleapis.com\\\/cz-shopatoa-img\\\/cz\\\/ec114974-1_84678.jpg\",\"contentUrl\":\"https:\\\/\\\/storage.googleapis.com\\\/cz-shopatoa-img\\\/cz\\\/ec114974-1_84678.jpg\",\"width\":600,\"height\":600},{\"@type\":\"BreadcrumbList\",\"@id\":\"https:\\\/\\\/shopatoa.com\\\/cz\\\/drink-kattovit-gastro-135ml\\\/#breadcrumb\",\"itemListElement\":[{\"@type\":\"ListItem\",\"position\":1,\"name\":\"Dom\u016f\",\"item\":\"https:\\\/\\\/shopatoa.com\\\/cz\\\/\"},{\"@type\":\"ListItem\",\"position\":2,\"name\":\"Produkty\",\"item\":\"https:\\\/\\\/shopatoa.com\\\/cz\\\/shop\\\/\"},{\"@type\":\"ListItem\",\"position\":3,\"name\":\"Chovatelsk\u00e9 pot\u0159eby\",\"item\":\"https:\\\/\\\/shopatoa.com\\\/cz\\\/chovatelske-potreby-2\\\/\"},{\"@type\":\"ListItem\",\"position\":4,\"name\":\"Pro ko\u010dky\",\"item\":\"https:\\\/\\\/shopatoa.com\\\/cz\\\/pro-kocky-chovatelske-potreby-2\\\/\"},{\"@type\":\"ListItem\",\"position\":5,\"name\":\"Krmivo pro ko\u010dky\",\"item\":\"https:\\\/\\\/shopatoa.com\\\/cz\\\/krmivo-pro-kocky-pro-kocky-chovatelske-potreby-2\\\/\"},{\"@type\":\"ListItem\",\"position\":6,\"name\":\"Pamlsky pro ko\u010dky\",\"item\":\"https:\\\/\\\/shopatoa.com\\\/cz\\\/pamlsky-pro-kocky\\\/\"},{\"@type\":\"ListItem\",\"position\":7,\"name\":\"Drink Kattovit Gastro 135ml\"}]},{\"@type\":\"WebSite\",\"@id\":\"https:\\\/\\\/shopatoa.com\\\/cz\\\/#website\",\"url\":\"https:\\\/\\\/shopatoa.com\\\/cz\\\/\",\"name\":\"SHOPATOA\",\"description\":\"\",\"publisher\":{\"@id\":\"https:\\\/\\\/shopatoa.com\\\/cz\\\/#organization\"},\"potentialAction\":[{\"@type\":\"SearchAction\",\"target\":{\"@type\":\"EntryPoint\",\"urlTemplate\":\"https:\\\/\\\/shopatoa.com\\\/cz\\\/?s={search_term_string}\"},\"query-input\":{\"@type\":\"PropertyValueSpecification\",\"valueRequired\":true,\"valueName\":\"search_term_string\"}}],\"inLanguage\":\"cs\"},{\"@type\":\"Organization\",\"@id\":\"https:\\\/\\\/shopatoa.com\\\/cz\\\/#organization\",\"name\":\"SHOPATOA Digital s.r.o.\",\"url\":\"https:\\\/\\\/shopatoa.com\\\/cz\\\/\",\"logo\":{\"@type\":\"ImageObject\",\"inLanguage\":\"cs\",\"@id\":\"https:\\\/\\\/shopatoa.com\\\/cz\\\/#\\\/schema\\\/logo\\\/image\\\/\",\"url\":\"https:\\\/\\\/storage.googleapis.com\\\/cz-shopatoa-img\\\/cz\\\/ebccf434-shopatoa_logo.png\",\"contentUrl\":\"https:\\\/\\\/storage.googleapis.com\\\/cz-shopatoa-img\\\/cz\\\/ebccf434-shopatoa_logo.png\",\"width\":416,\"height\":63,\"caption\":\"SHOPATOA Digital s.r.o.\"},\"image\":{\"@id\":\"https:\\\/\\\/shopatoa.com\\\/cz\\\/#\\\/schema\\\/logo\\\/image\\\/\"}}]}<\/script>\n<!-- \/ Yoast SEO plugin. -->","yoast_head_json":{"title":"Drink Kattovit Gastro 135ml - SHOPATOA.COM","robots":{"index":"index","follow":"follow","max-snippet":"max-snippet:-1","max-image-preview":"max-image-preview:large","max-video-preview":"max-video-preview:-1"},"canonical":"https:\/\/shopatoa.com\/cz\/drink-kattovit-gastro-135ml\/","og_locale":"cs_CZ","og_type":"article","og_title":"Drink Kattovit Gastro 135ml - SHOPATOA.COM","og_description":"Dopl\u0148kov\u00e9 krmivo pro ko\u010dky s nejjemn\u011bj\u0161\u00edmi kousky masa, vhodn\u00e9 p\u0159i gastrointestin\u00e1ln\u00edch pot\u00ed\u017e\u00edch. N\u00e1poj je ide\u00e1ln\u00edm dopl\u0148kem ka\u017edodenn\u00edho krmen\u00ed. Pokud Va\u0161e ko\u010dka bojuje s gastrointestin\u00e1ln\u00edmi probl\u00e9my, jako je pr\u016fjem nebo zvracen\u00ed, dostate\u010dn\u00fd p\u0159\u00edsun \u017eivin a tekutin je obzvl\u00e1\u0161t\u011b d\u016fle\u017eit\u00fd. Kattovit Gastro Drink je ur\u010den jako dopln\u011bk krmiva a je dob\u0159e p\u0159ij\u00edm\u00e1n mnoha ko\u010dkami. Je to lahodn\u00fd...","og_url":"https:\/\/shopatoa.com\/cz\/drink-kattovit-gastro-135ml\/","og_site_name":"SHOPATOA","article_modified_time":"2026-01-31T12:00:26+00:00","og_image":[{"width":600,"height":600,"url":"https:\/\/storage.googleapis.com\/cz-shopatoa-img\/cz\/ec114974-1_84678.jpg","type":"image\/jpeg"}],"twitter_card":"summary_large_image","twitter_misc":{"Odhadovan\u00e1 doba \u010dten\u00ed":"1 minuta"},"schema":{"@context":"https:\/\/schema.org","@graph":[{"@type":"WebPage","@id":"https:\/\/shopatoa.com\/cz\/drink-kattovit-gastro-135ml\/","url":"https:\/\/shopatoa.com\/cz\/drink-kattovit-gastro-135ml\/","name":"Drink Kattovit Gastro 135ml - SHOPATOA.COM","isPartOf":{"@id":"https:\/\/shopatoa.com\/cz\/#website"},"primaryImageOfPage":{"@id":"https:\/\/shopatoa.com\/cz\/drink-kattovit-gastro-135ml\/#primaryimage"},"image":{"@id":"https:\/\/shopatoa.com\/cz\/drink-kattovit-gastro-135ml\/#primaryimage"},"thumbnailUrl":"https:\/\/storage.googleapis.com\/cz-shopatoa-img\/cz\/ec114974-1_84678.jpg","datePublished":"2025-04-03T17:20:32+00:00","dateModified":"2026-01-31T12:00:26+00:00","breadcrumb":{"@id":"https:\/\/shopatoa.com\/cz\/drink-kattovit-gastro-135ml\/#breadcrumb"},"inLanguage":"cs","potentialAction":[{"@type":"ReadAction","target":["https:\/\/shopatoa.com\/cz\/drink-kattovit-gastro-135ml\/"]}]},{"@type":"ImageObject","inLanguage":"cs","@id":"https:\/\/shopatoa.com\/cz\/drink-kattovit-gastro-135ml\/#primaryimage","url":"https:\/\/storage.googleapis.com\/cz-shopatoa-img\/cz\/ec114974-1_84678.jpg","contentUrl":"https:\/\/storage.googleapis.com\/cz-shopatoa-img\/cz\/ec114974-1_84678.jpg","width":600,"height":600},{"@type":"BreadcrumbList","@id":"https:\/\/shopatoa.com\/cz\/drink-kattovit-gastro-135ml\/#breadcrumb","itemListElement":[{"@type":"ListItem","position":1,"name":"Dom\u016f","item":"https:\/\/shopatoa.com\/cz\/"},{"@type":"ListItem","position":2,"name":"Produkty","item":"https:\/\/shopatoa.com\/cz\/shop\/"},{"@type":"ListItem","position":3,"name":"Chovatelsk\u00e9 pot\u0159eby","item":"https:\/\/shopatoa.com\/cz\/chovatelske-potreby-2\/"},{"@type":"ListItem","position":4,"name":"Pro ko\u010dky","item":"https:\/\/shopatoa.com\/cz\/pro-kocky-chovatelske-potreby-2\/"},{"@type":"ListItem","position":5,"name":"Krmivo pro ko\u010dky","item":"https:\/\/shopatoa.com\/cz\/krmivo-pro-kocky-pro-kocky-chovatelske-potreby-2\/"},{"@type":"ListItem","position":6,"name":"Pamlsky pro ko\u010dky","item":"https:\/\/shopatoa.com\/cz\/pamlsky-pro-kocky\/"},{"@type":"ListItem","position":7,"name":"Drink Kattovit Gastro 135ml"}]},{"@type":"WebSite","@id":"https:\/\/shopatoa.com\/cz\/#website","url":"https:\/\/shopatoa.com\/cz\/","name":"SHOPATOA","description":"","publisher":{"@id":"https:\/\/shopatoa.com\/cz\/#organization"},"potentialAction":[{"@type":"SearchAction","target":{"@type":"EntryPoint","urlTemplate":"https:\/\/shopatoa.com\/cz\/?s={search_term_string}"},"query-input":{"@type":"PropertyValueSpecification","valueRequired":true,"valueName":"search_term_string"}}],"inLanguage":"cs"},{"@type":"Organization","@id":"https:\/\/shopatoa.com\/cz\/#organization","name":"SHOPATOA Digital s.r.o.","url":"https:\/\/shopatoa.com\/cz\/","logo":{"@type":"ImageObject","inLanguage":"cs","@id":"https:\/\/shopatoa.com\/cz\/#\/schema\/logo\/image\/","url":"https:\/\/storage.googleapis.com\/cz-shopatoa-img\/cz\/ebccf434-shopatoa_logo.png","contentUrl":"https:\/\/storage.googleapis.com\/cz-shopatoa-img\/cz\/ebccf434-shopatoa_logo.png","width":416,"height":63,"caption":"SHOPATOA Digital s.r.o."},"image":{"@id":"https:\/\/shopatoa.com\/cz\/#\/schema\/logo\/image\/"}}]}},"_links":{"self":[{"href":"https:\/\/shopatoa.com\/cz\/wp-json\/wp\/v2\/product\/253928","targetHints":{"allow":["GET"]}}],"collection":[{"href":"https:\/\/shopatoa.com\/cz\/wp-json\/wp\/v2\/product"}],"about":[{"href":"https:\/\/shopatoa.com\/cz\/wp-json\/wp\/v2\/types\/product"}],"replies":[{"embeddable":true,"href":"https:\/\/shopatoa.com\/cz\/wp-json\/wp\/v2\/comments?post=253928"}],"wp:featuredmedia":[{"embeddable":true,"href":"https:\/\/shopatoa.com\/cz\/wp-json\/wp\/v2\/media\/253929"}],"wp:attachment":[{"href":"https:\/\/shopatoa.com\/cz\/wp-json\/wp\/v2\/media?parent=253928"}],"wp:term":[{"taxonomy":"product_brand","embeddable":true,"href":"https:\/\/shopatoa.com\/cz\/wp-json\/wp\/v2\/product_brand?post=253928"},{"taxonomy":"product_cat","embeddable":true,"href":"https:\/\/shopatoa.com\/cz\/wp-json\/wp\/v2\/product_cat?post=253928"},{"taxonomy":"product_tag","embeddable":true,"href":"https:\/\/shopatoa.com\/cz\/wp-json\/wp\/v2\/product_tag?post=253928"}],"curies":[{"name":"wp","href":"https:\/\/api.w.org\/{rel}","templated":true}]}}