{"id":254040,"date":"2025-04-03T19:40:42","date_gmt":"2025-04-03T17:40:42","guid":{"rendered":"https:\/\/shopatoa.com\/cz\/?post_type=product&#038;p=254040"},"modified":"2026-01-31T23:27:15","modified_gmt":"2026-01-31T22:27:15","slug":"osvetleni-single-tetra-lightwave-990","status":"publish","type":"product","link":"https:\/\/shopatoa.com\/cz\/osvetleni-single-tetra-lightwave-990\/","title":{"rendered":"Osv\u011btlen\u00ed Single Tetra LightWave 990"},"content":{"rendered":"<p>Tetra LightWave Single Light slou\u017e\u00ed k p\u0159id\u00e1n\u00ed druh\u00e9ho sv\u011btla do sady Tetra LightWave Complete Set. V\u0161e, co pot\u0159ebujete, je Tetra LightWave Splitter.<\/p>\n<p>Vysok\u00e1 sv\u011bteln\u00e1 hodnota LED diod p\u0159in\u00e1\u0161\u00ed do akv\u00e1ria z\u00e1\u0159iv\u00e9, t\u00e9m\u011b\u0159 p\u0159irozen\u00e9 denn\u00ed sv\u011btlo. Sv\u011bteln\u00e9 spektrum tak\u00e9 stimuluje tvorbu chlorofylu a podporuje r\u016fst akvarijn\u00edch rostlin.<\/p>\n<p>\tSv\u011btlo do akv\u00e1ria pro snadn\u00fd p\u0159echod na modern\u00ed, ekologickou technologii LED.<br \/>\n\tSnadn\u00fd p\u0159echod ze z\u00e1\u0159ivek T5\/T8 pomoc\u00ed r\u016fzn\u00fdch adapt\u00e9r\u016f.<br \/>\n\tPomoc\u00ed adapt\u00e9r\u016f T5\/T8 lze plynule prodlu\u017eovat a\u017e o 6 cm.<br \/>\n\tVysok\u00e1 sv\u011bteln\u00e1 hodnota pro z\u00e1\u0159iv\u00e9, t\u00e9m\u011b\u0159 p\u0159irozen\u00e9 denn\u00ed sv\u011btlo.<br \/>\n\tBarevn\u00e9 spektrum LED diod podporuje r\u016fst akvarijn\u00edch rostlin.<br \/>\n\tSkute\u010dn\u011b dlouhodob\u011b pou\u017eiteln\u00e9 osv\u011btlen\u00ed d\u00edky \u017eivotnosti cca 30 000 hodin.<br \/>\n\tSadu sv\u011btla lze snadno roz\u0161\u00ed\u0159it pomoc\u00ed produktu Tetra LightWave Splitter (nen\u00ed sou\u010d\u00e1st\u00ed baeln\u00ed) a dal\u0161\u00edho sv\u011btla Tetra LightWave Single Light.<br \/>\n\tTetra LightWave Timer umo\u017e\u0148uje individu\u00e1ln\u00ed nastaven\u00ed sv\u011btel, v\u010detn\u011b r\u016fzn\u00fdch sc\u00e9n\u00e1\u0159\u016f osv\u011btlen\u00ed (nen\u00ed&#8230;<\/p>\n","protected":false},"excerpt":{"rendered":"<p>Tetra LightWave Single Light slou\u017e\u00ed k p\u0159id\u00e1n\u00ed druh\u00e9ho sv\u011btla do sady Tetra LightWave Complete Set. V\u0161e, co pot\u0159ebujete, je Tetra LightWave Splitter. Vysok\u00e1 sv\u011bteln\u00e1 hodnota LED diod p\u0159in\u00e1\u0161\u00ed do akv\u00e1ria z\u00e1\u0159iv\u00e9, t\u00e9m\u011b\u0159 p\u0159irozen\u00e9 denn\u00ed sv\u011btlo. Sv\u011bteln\u00e9 spektrum tak\u00e9 stimuluje tvorbu chlorofylu a podporuje r\u016fst akvarijn\u00edch rostlin. Sv\u011btlo do akv\u00e1ria pro snadn\u00fd p\u0159echod na modern\u00ed, ekologickou&#8230;<\/p>\n","protected":false},"featured_media":254041,"comment_status":"closed","ping_status":"open","template":"","meta":{"_acf_changed":false,"_kadence_starter_templates_imported_post":false,"_kad_post_transparent":"","_kad_post_title":"","_kad_post_layout":"","_kad_post_sidebar_id":"","_kad_post_content_style":"","_kad_post_vertical_padding":"","_kad_post_feature":"","_kad_post_feature_position":"","_kad_post_header":false,"_kad_post_footer":false,"_kad_post_classname":""},"product_brand":[2614],"product_cat":[2511,2510,436,2524],"product_tag":[],"class_list":{"0":"post-254040","1":"product","2":"type-product","3":"status-publish","4":"has-post-thumbnail","6":"product_brand-tetra","7":"product_cat-akvarijni-technika","8":"product_cat-akvaristika","9":"product_cat-chovatelske-potreby-2","10":"product_cat-osvetleni-do-akvarii","11":"pa_obchod-superzoo-cz","13":"first","14":"instock","15":"product-type-external","16":"entry","17":"content-bg","18":"loop-entry"},"acf":[],"yoast_head":"<!-- This site is optimized with the Yoast SEO plugin v27.4 - https:\/\/yoast.com\/product\/yoast-seo-wordpress\/ -->\n<title>Osv\u011btlen\u00ed Single Tetra LightWave 990 - SHOPATOA.COM<\/title>\n<meta name=\"robots\" content=\"index, follow, max-snippet:-1, max-image-preview:large, max-video-preview:-1\" \/>\n<link rel=\"canonical\" href=\"https:\/\/shopatoa.com\/cz\/osvetleni-single-tetra-lightwave-990\/\" \/>\n<meta property=\"og:locale\" content=\"cs_CZ\" \/>\n<meta property=\"og:type\" content=\"article\" \/>\n<meta property=\"og:title\" content=\"Osv\u011btlen\u00ed Single Tetra LightWave 990 - SHOPATOA.COM\" \/>\n<meta property=\"og:description\" content=\"Tetra LightWave Single Light slou\u017e\u00ed k p\u0159id\u00e1n\u00ed druh\u00e9ho sv\u011btla do sady Tetra LightWave Complete Set. V\u0161e, co pot\u0159ebujete, je Tetra LightWave Splitter. Vysok\u00e1 sv\u011bteln\u00e1 hodnota LED diod p\u0159in\u00e1\u0161\u00ed do akv\u00e1ria z\u00e1\u0159iv\u00e9, t\u00e9m\u011b\u0159 p\u0159irozen\u00e9 denn\u00ed sv\u011btlo. Sv\u011bteln\u00e9 spektrum tak\u00e9 stimuluje tvorbu chlorofylu a podporuje r\u016fst akvarijn\u00edch rostlin. Sv\u011btlo do akv\u00e1ria pro snadn\u00fd p\u0159echod na modern\u00ed, ekologickou...\" \/>\n<meta property=\"og:url\" content=\"https:\/\/shopatoa.com\/cz\/osvetleni-single-tetra-lightwave-990\/\" \/>\n<meta property=\"og:site_name\" content=\"SHOPATOA\" \/>\n<meta property=\"article:modified_time\" content=\"2026-01-31T22:27:15+00:00\" \/>\n<meta property=\"og:image\" content=\"https:\/\/storage.googleapis.com\/cz-shopatoa-img\/cz\/d8bc52b4-1_86871.jpg\" \/>\n\t<meta property=\"og:image:width\" content=\"600\" \/>\n\t<meta property=\"og:image:height\" content=\"600\" \/>\n\t<meta property=\"og:image:type\" content=\"image\/jpeg\" \/>\n<meta name=\"twitter:card\" content=\"summary_large_image\" \/>\n<meta name=\"twitter:label1\" content=\"Odhadovan\u00e1 doba \u010dten\u00ed\" \/>\n\t<meta name=\"twitter:data1\" content=\"1 minuta\" \/>\n<script type=\"application\/ld+json\" class=\"yoast-schema-graph\">{\"@context\":\"https:\\\/\\\/schema.org\",\"@graph\":[{\"@type\":\"WebPage\",\"@id\":\"https:\\\/\\\/shopatoa.com\\\/cz\\\/osvetleni-single-tetra-lightwave-990\\\/\",\"url\":\"https:\\\/\\\/shopatoa.com\\\/cz\\\/osvetleni-single-tetra-lightwave-990\\\/\",\"name\":\"Osv\u011btlen\u00ed Single Tetra LightWave 990 - SHOPATOA.COM\",\"isPartOf\":{\"@id\":\"https:\\\/\\\/shopatoa.com\\\/cz\\\/#website\"},\"primaryImageOfPage\":{\"@id\":\"https:\\\/\\\/shopatoa.com\\\/cz\\\/osvetleni-single-tetra-lightwave-990\\\/#primaryimage\"},\"image\":{\"@id\":\"https:\\\/\\\/shopatoa.com\\\/cz\\\/osvetleni-single-tetra-lightwave-990\\\/#primaryimage\"},\"thumbnailUrl\":\"https:\\\/\\\/storage.googleapis.com\\\/cz-shopatoa-img\\\/cz\\\/d8bc52b4-1_86871.jpg\",\"datePublished\":\"2025-04-03T17:40:42+00:00\",\"dateModified\":\"2026-01-31T22:27:15+00:00\",\"breadcrumb\":{\"@id\":\"https:\\\/\\\/shopatoa.com\\\/cz\\\/osvetleni-single-tetra-lightwave-990\\\/#breadcrumb\"},\"inLanguage\":\"cs\",\"potentialAction\":[{\"@type\":\"ReadAction\",\"target\":[\"https:\\\/\\\/shopatoa.com\\\/cz\\\/osvetleni-single-tetra-lightwave-990\\\/\"]}]},{\"@type\":\"ImageObject\",\"inLanguage\":\"cs\",\"@id\":\"https:\\\/\\\/shopatoa.com\\\/cz\\\/osvetleni-single-tetra-lightwave-990\\\/#primaryimage\",\"url\":\"https:\\\/\\\/storage.googleapis.com\\\/cz-shopatoa-img\\\/cz\\\/d8bc52b4-1_86871.jpg\",\"contentUrl\":\"https:\\\/\\\/storage.googleapis.com\\\/cz-shopatoa-img\\\/cz\\\/d8bc52b4-1_86871.jpg\",\"width\":600,\"height\":600},{\"@type\":\"BreadcrumbList\",\"@id\":\"https:\\\/\\\/shopatoa.com\\\/cz\\\/osvetleni-single-tetra-lightwave-990\\\/#breadcrumb\",\"itemListElement\":[{\"@type\":\"ListItem\",\"position\":1,\"name\":\"Dom\u016f\",\"item\":\"https:\\\/\\\/shopatoa.com\\\/cz\\\/\"},{\"@type\":\"ListItem\",\"position\":2,\"name\":\"Produkty\",\"item\":\"https:\\\/\\\/shopatoa.com\\\/cz\\\/shop\\\/\"},{\"@type\":\"ListItem\",\"position\":3,\"name\":\"Chovatelsk\u00e9 pot\u0159eby\",\"item\":\"https:\\\/\\\/shopatoa.com\\\/cz\\\/chovatelske-potreby-2\\\/\"},{\"@type\":\"ListItem\",\"position\":4,\"name\":\"Akvaristika\",\"item\":\"https:\\\/\\\/shopatoa.com\\\/cz\\\/akvaristika\\\/\"},{\"@type\":\"ListItem\",\"position\":5,\"name\":\"Akvarijn\u00ed technika\",\"item\":\"https:\\\/\\\/shopatoa.com\\\/cz\\\/akvarijni-technika\\\/\"},{\"@type\":\"ListItem\",\"position\":6,\"name\":\"Osv\u011btlen\u00ed do akv\u00e1ri\u00ed\",\"item\":\"https:\\\/\\\/shopatoa.com\\\/cz\\\/osvetleni-do-akvarii\\\/\"},{\"@type\":\"ListItem\",\"position\":7,\"name\":\"Osv\u011btlen\u00ed Single Tetra LightWave 990\"}]},{\"@type\":\"WebSite\",\"@id\":\"https:\\\/\\\/shopatoa.com\\\/cz\\\/#website\",\"url\":\"https:\\\/\\\/shopatoa.com\\\/cz\\\/\",\"name\":\"SHOPATOA\",\"description\":\"\",\"publisher\":{\"@id\":\"https:\\\/\\\/shopatoa.com\\\/cz\\\/#organization\"},\"potentialAction\":[{\"@type\":\"SearchAction\",\"target\":{\"@type\":\"EntryPoint\",\"urlTemplate\":\"https:\\\/\\\/shopatoa.com\\\/cz\\\/?s={search_term_string}\"},\"query-input\":{\"@type\":\"PropertyValueSpecification\",\"valueRequired\":true,\"valueName\":\"search_term_string\"}}],\"inLanguage\":\"cs\"},{\"@type\":\"Organization\",\"@id\":\"https:\\\/\\\/shopatoa.com\\\/cz\\\/#organization\",\"name\":\"SHOPATOA Digital s.r.o.\",\"url\":\"https:\\\/\\\/shopatoa.com\\\/cz\\\/\",\"logo\":{\"@type\":\"ImageObject\",\"inLanguage\":\"cs\",\"@id\":\"https:\\\/\\\/shopatoa.com\\\/cz\\\/#\\\/schema\\\/logo\\\/image\\\/\",\"url\":\"https:\\\/\\\/storage.googleapis.com\\\/cz-shopatoa-img\\\/cz\\\/ebccf434-shopatoa_logo.png\",\"contentUrl\":\"https:\\\/\\\/storage.googleapis.com\\\/cz-shopatoa-img\\\/cz\\\/ebccf434-shopatoa_logo.png\",\"width\":416,\"height\":63,\"caption\":\"SHOPATOA Digital s.r.o.\"},\"image\":{\"@id\":\"https:\\\/\\\/shopatoa.com\\\/cz\\\/#\\\/schema\\\/logo\\\/image\\\/\"}}]}<\/script>\n<!-- \/ Yoast SEO plugin. -->","yoast_head_json":{"title":"Osv\u011btlen\u00ed Single Tetra LightWave 990 - SHOPATOA.COM","robots":{"index":"index","follow":"follow","max-snippet":"max-snippet:-1","max-image-preview":"max-image-preview:large","max-video-preview":"max-video-preview:-1"},"canonical":"https:\/\/shopatoa.com\/cz\/osvetleni-single-tetra-lightwave-990\/","og_locale":"cs_CZ","og_type":"article","og_title":"Osv\u011btlen\u00ed Single Tetra LightWave 990 - SHOPATOA.COM","og_description":"Tetra LightWave Single Light slou\u017e\u00ed k p\u0159id\u00e1n\u00ed druh\u00e9ho sv\u011btla do sady Tetra LightWave Complete Set. V\u0161e, co pot\u0159ebujete, je Tetra LightWave Splitter. Vysok\u00e1 sv\u011bteln\u00e1 hodnota LED diod p\u0159in\u00e1\u0161\u00ed do akv\u00e1ria z\u00e1\u0159iv\u00e9, t\u00e9m\u011b\u0159 p\u0159irozen\u00e9 denn\u00ed sv\u011btlo. Sv\u011bteln\u00e9 spektrum tak\u00e9 stimuluje tvorbu chlorofylu a podporuje r\u016fst akvarijn\u00edch rostlin. Sv\u011btlo do akv\u00e1ria pro snadn\u00fd p\u0159echod na modern\u00ed, ekologickou...","og_url":"https:\/\/shopatoa.com\/cz\/osvetleni-single-tetra-lightwave-990\/","og_site_name":"SHOPATOA","article_modified_time":"2026-01-31T22:27:15+00:00","og_image":[{"width":600,"height":600,"url":"https:\/\/storage.googleapis.com\/cz-shopatoa-img\/cz\/d8bc52b4-1_86871.jpg","type":"image\/jpeg"}],"twitter_card":"summary_large_image","twitter_misc":{"Odhadovan\u00e1 doba \u010dten\u00ed":"1 minuta"},"schema":{"@context":"https:\/\/schema.org","@graph":[{"@type":"WebPage","@id":"https:\/\/shopatoa.com\/cz\/osvetleni-single-tetra-lightwave-990\/","url":"https:\/\/shopatoa.com\/cz\/osvetleni-single-tetra-lightwave-990\/","name":"Osv\u011btlen\u00ed Single Tetra LightWave 990 - SHOPATOA.COM","isPartOf":{"@id":"https:\/\/shopatoa.com\/cz\/#website"},"primaryImageOfPage":{"@id":"https:\/\/shopatoa.com\/cz\/osvetleni-single-tetra-lightwave-990\/#primaryimage"},"image":{"@id":"https:\/\/shopatoa.com\/cz\/osvetleni-single-tetra-lightwave-990\/#primaryimage"},"thumbnailUrl":"https:\/\/storage.googleapis.com\/cz-shopatoa-img\/cz\/d8bc52b4-1_86871.jpg","datePublished":"2025-04-03T17:40:42+00:00","dateModified":"2026-01-31T22:27:15+00:00","breadcrumb":{"@id":"https:\/\/shopatoa.com\/cz\/osvetleni-single-tetra-lightwave-990\/#breadcrumb"},"inLanguage":"cs","potentialAction":[{"@type":"ReadAction","target":["https:\/\/shopatoa.com\/cz\/osvetleni-single-tetra-lightwave-990\/"]}]},{"@type":"ImageObject","inLanguage":"cs","@id":"https:\/\/shopatoa.com\/cz\/osvetleni-single-tetra-lightwave-990\/#primaryimage","url":"https:\/\/storage.googleapis.com\/cz-shopatoa-img\/cz\/d8bc52b4-1_86871.jpg","contentUrl":"https:\/\/storage.googleapis.com\/cz-shopatoa-img\/cz\/d8bc52b4-1_86871.jpg","width":600,"height":600},{"@type":"BreadcrumbList","@id":"https:\/\/shopatoa.com\/cz\/osvetleni-single-tetra-lightwave-990\/#breadcrumb","itemListElement":[{"@type":"ListItem","position":1,"name":"Dom\u016f","item":"https:\/\/shopatoa.com\/cz\/"},{"@type":"ListItem","position":2,"name":"Produkty","item":"https:\/\/shopatoa.com\/cz\/shop\/"},{"@type":"ListItem","position":3,"name":"Chovatelsk\u00e9 pot\u0159eby","item":"https:\/\/shopatoa.com\/cz\/chovatelske-potreby-2\/"},{"@type":"ListItem","position":4,"name":"Akvaristika","item":"https:\/\/shopatoa.com\/cz\/akvaristika\/"},{"@type":"ListItem","position":5,"name":"Akvarijn\u00ed technika","item":"https:\/\/shopatoa.com\/cz\/akvarijni-technika\/"},{"@type":"ListItem","position":6,"name":"Osv\u011btlen\u00ed do akv\u00e1ri\u00ed","item":"https:\/\/shopatoa.com\/cz\/osvetleni-do-akvarii\/"},{"@type":"ListItem","position":7,"name":"Osv\u011btlen\u00ed Single Tetra LightWave 990"}]},{"@type":"WebSite","@id":"https:\/\/shopatoa.com\/cz\/#website","url":"https:\/\/shopatoa.com\/cz\/","name":"SHOPATOA","description":"","publisher":{"@id":"https:\/\/shopatoa.com\/cz\/#organization"},"potentialAction":[{"@type":"SearchAction","target":{"@type":"EntryPoint","urlTemplate":"https:\/\/shopatoa.com\/cz\/?s={search_term_string}"},"query-input":{"@type":"PropertyValueSpecification","valueRequired":true,"valueName":"search_term_string"}}],"inLanguage":"cs"},{"@type":"Organization","@id":"https:\/\/shopatoa.com\/cz\/#organization","name":"SHOPATOA Digital s.r.o.","url":"https:\/\/shopatoa.com\/cz\/","logo":{"@type":"ImageObject","inLanguage":"cs","@id":"https:\/\/shopatoa.com\/cz\/#\/schema\/logo\/image\/","url":"https:\/\/storage.googleapis.com\/cz-shopatoa-img\/cz\/ebccf434-shopatoa_logo.png","contentUrl":"https:\/\/storage.googleapis.com\/cz-shopatoa-img\/cz\/ebccf434-shopatoa_logo.png","width":416,"height":63,"caption":"SHOPATOA Digital s.r.o."},"image":{"@id":"https:\/\/shopatoa.com\/cz\/#\/schema\/logo\/image\/"}}]}},"_links":{"self":[{"href":"https:\/\/shopatoa.com\/cz\/wp-json\/wp\/v2\/product\/254040","targetHints":{"allow":["GET"]}}],"collection":[{"href":"https:\/\/shopatoa.com\/cz\/wp-json\/wp\/v2\/product"}],"about":[{"href":"https:\/\/shopatoa.com\/cz\/wp-json\/wp\/v2\/types\/product"}],"replies":[{"embeddable":true,"href":"https:\/\/shopatoa.com\/cz\/wp-json\/wp\/v2\/comments?post=254040"}],"wp:featuredmedia":[{"embeddable":true,"href":"https:\/\/shopatoa.com\/cz\/wp-json\/wp\/v2\/media\/254041"}],"wp:attachment":[{"href":"https:\/\/shopatoa.com\/cz\/wp-json\/wp\/v2\/media?parent=254040"}],"wp:term":[{"taxonomy":"product_brand","embeddable":true,"href":"https:\/\/shopatoa.com\/cz\/wp-json\/wp\/v2\/product_brand?post=254040"},{"taxonomy":"product_cat","embeddable":true,"href":"https:\/\/shopatoa.com\/cz\/wp-json\/wp\/v2\/product_cat?post=254040"},{"taxonomy":"product_tag","embeddable":true,"href":"https:\/\/shopatoa.com\/cz\/wp-json\/wp\/v2\/product_tag?post=254040"}],"curies":[{"name":"wp","href":"https:\/\/api.w.org\/{rel}","templated":true}]}}