{"id":254092,"date":"2025-04-03T19:50:33","date_gmt":"2025-04-03T17:50:33","guid":{"rendered":"https:\/\/shopatoa.com\/cz\/?post_type=product&#038;p=254092"},"modified":"2025-05-16T15:08:02","modified_gmt":"2025-05-16T13:08:02","slug":"darkovy-poukaz-super-zoo-1000-kc","status":"publish","type":"product","link":"https:\/\/shopatoa.com\/cz\/darkovy-poukaz-super-zoo-1000-kc\/","title":{"rendered":"D\u00e1rkov\u00fd poukaz Super zoo 1000 K\u010d"},"content":{"rendered":"<p>Nev\u00edte, \u010d\u00edm ud\u011blat radost?\u00a0<\/p>\n<p>\u010casto se st\u00e1v\u00e1, \u017ee n\u011bkdo z Va\u0161ich bl\u00edzk\u00fdch, nebo t\u0159eba jen kamar\u00e1d\u016f m\u00e1 dom\u00e1c\u00edho mazl\u00ed\u010dka a Vy nev\u00edte, co m\u00e1 r\u00e1d, nebo co by pro n\u011bj pot\u0159eboval. Proto jsou zde na\u0161e d\u00e1rkov\u00e9 pouk\u00e1zky, kter\u00e9 je mo\u017eno vyu\u017e\u00edt na cel\u00fd sortiment. U\u017e se V\u00e1m nikdy nestane, \u017ee by jste museli dlouze p\u0159em\u00fd\u0161let nad vhodnost\u00ed Va\u0161eho d\u00e1rku, nebo \u0159e\u0161it vracen\u00ed zbo\u017e\u00ed po V\u00e1noc\u00edch, nebo t\u0159eba jen narozenin\u00e1ch. S na\u0161\u00ed d\u00e1rkovou pouk\u00e1zkou nikdy nes\u00e1hnete vedle.<\/p>\n<p>Kup\u00f3n lze uplatnit na ve\u0161ker\u00fd sortiment.\u00a0Platnost kup\u00f3nu je 6 m\u011bs\u00edc\u016f od data prodeje uveden\u00e9ho na kup\u00f3nu.\u00a0Uplatn\u011bn\u00ed kup\u00f3nu je nutn\u00e9 nahl\u00e1sit person\u00e1lu prodejny p\u0159ed n\u00e1kupem na pokladn\u011b.<\/p>\n<p>Kup\u00f3n je libovoln\u011b p\u0159enosn\u00fd na t\u0159et\u00ed osobu, nen\u00ed sm\u011bniteln\u00fd za pen\u00edze a lze jej uplatnit pouze jednor\u00e1zov\u011b na jeden n\u00e1kup. Na kup\u00f3n se nevrac\u00ed. Pad\u011blan\u00fd \u010di jinak upraven\u00fd kup\u00f3n je neplatn\u00fd. Uplynut\u00edm doby platnosti kup\u00f3n zanik\u00e1.<\/p>\n<p>Upozorn\u011bn\u00ed: Na d\u00e1rkov\u00fd poukaz nelze uplatnit \u017e\u00e1dnou slevu!<\/p>\n","protected":false},"excerpt":{"rendered":"<p>Nev\u00edte, \u010d\u00edm ud\u011blat radost?\u00a0 \u010casto se st\u00e1v\u00e1, \u017ee n\u011bkdo z Va\u0161ich bl\u00edzk\u00fdch, nebo t\u0159eba jen kamar\u00e1d\u016f m\u00e1 dom\u00e1c\u00edho mazl\u00ed\u010dka a Vy nev\u00edte, co m\u00e1 r\u00e1d, nebo co by pro n\u011bj pot\u0159eboval. Proto jsou zde na\u0161e d\u00e1rkov\u00e9 pouk\u00e1zky, kter\u00e9 je mo\u017eno vyu\u017e\u00edt na cel\u00fd sortiment. U\u017e se V\u00e1m nikdy nestane, \u017ee by jste museli dlouze p\u0159em\u00fd\u0161let&#8230;<\/p>\n","protected":false},"featured_media":254093,"comment_status":"closed","ping_status":"open","template":"","meta":{"_acf_changed":false,"_kadence_starter_templates_imported_post":false,"_kad_post_transparent":"","_kad_post_title":"","_kad_post_layout":"","_kad_post_sidebar_id":"","_kad_post_content_style":"","_kad_post_vertical_padding":"","_kad_post_feature":"","_kad_post_feature_position":"","_kad_post_header":false,"_kad_post_footer":false,"_kad_post_classname":""},"product_brand":[2708],"product_cat":[436,2549,739],"product_tag":[],"class_list":{"0":"post-254092","1":"product","2":"type-product","3":"status-publish","4":"has-post-thumbnail","6":"product_brand-placek","7":"product_cat-chovatelske-potreby-2","8":"product_cat-hracky-pro-psy","9":"product_cat-pro-psy-chovatelske-potreby-2","10":"pa_obchod-superzoo-cz","12":"first","13":"instock","14":"product-type-external","15":"entry","16":"content-bg","17":"loop-entry"},"acf":[],"yoast_head":"<!-- This site is optimized with the Yoast SEO plugin v27.4 - https:\/\/yoast.com\/product\/yoast-seo-wordpress\/ -->\n<title>D\u00e1rkov\u00fd poukaz Super zoo 1000 K\u010d - SHOPATOA.COM<\/title>\n<meta name=\"robots\" content=\"index, follow, max-snippet:-1, max-image-preview:large, max-video-preview:-1\" \/>\n<link rel=\"canonical\" href=\"https:\/\/shopatoa.com\/cz\/darkovy-poukaz-super-zoo-1000-kc\/\" \/>\n<meta property=\"og:locale\" content=\"cs_CZ\" \/>\n<meta property=\"og:type\" content=\"article\" \/>\n<meta property=\"og:title\" content=\"D\u00e1rkov\u00fd poukaz Super zoo 1000 K\u010d - SHOPATOA.COM\" \/>\n<meta property=\"og:description\" content=\"Nev\u00edte, \u010d\u00edm ud\u011blat radost?\u00a0 \u010casto se st\u00e1v\u00e1, \u017ee n\u011bkdo z Va\u0161ich bl\u00edzk\u00fdch, nebo t\u0159eba jen kamar\u00e1d\u016f m\u00e1 dom\u00e1c\u00edho mazl\u00ed\u010dka a Vy nev\u00edte, co m\u00e1 r\u00e1d, nebo co by pro n\u011bj pot\u0159eboval. Proto jsou zde na\u0161e d\u00e1rkov\u00e9 pouk\u00e1zky, kter\u00e9 je mo\u017eno vyu\u017e\u00edt na cel\u00fd sortiment. U\u017e se V\u00e1m nikdy nestane, \u017ee by jste museli dlouze p\u0159em\u00fd\u0161let...\" \/>\n<meta property=\"og:url\" content=\"https:\/\/shopatoa.com\/cz\/darkovy-poukaz-super-zoo-1000-kc\/\" \/>\n<meta property=\"og:site_name\" content=\"SHOPATOA\" \/>\n<meta property=\"article:modified_time\" content=\"2025-05-16T13:08:02+00:00\" \/>\n<meta property=\"og:image\" content=\"https:\/\/storage.googleapis.com\/cz-shopatoa-img\/cz\/24068414-1_93896.jpg\" \/>\n\t<meta property=\"og:image:width\" content=\"600\" \/>\n\t<meta property=\"og:image:height\" content=\"600\" \/>\n\t<meta property=\"og:image:type\" content=\"image\/jpeg\" \/>\n<meta name=\"twitter:card\" content=\"summary_large_image\" \/>\n<meta name=\"twitter:label1\" content=\"Odhadovan\u00e1 doba \u010dten\u00ed\" \/>\n\t<meta name=\"twitter:data1\" content=\"1 minuta\" \/>\n<script type=\"application\/ld+json\" class=\"yoast-schema-graph\">{\"@context\":\"https:\\\/\\\/schema.org\",\"@graph\":[{\"@type\":\"WebPage\",\"@id\":\"https:\\\/\\\/shopatoa.com\\\/cz\\\/darkovy-poukaz-super-zoo-1000-kc\\\/\",\"url\":\"https:\\\/\\\/shopatoa.com\\\/cz\\\/darkovy-poukaz-super-zoo-1000-kc\\\/\",\"name\":\"D\u00e1rkov\u00fd poukaz Super zoo 1000 K\u010d - SHOPATOA.COM\",\"isPartOf\":{\"@id\":\"https:\\\/\\\/shopatoa.com\\\/cz\\\/#website\"},\"primaryImageOfPage\":{\"@id\":\"https:\\\/\\\/shopatoa.com\\\/cz\\\/darkovy-poukaz-super-zoo-1000-kc\\\/#primaryimage\"},\"image\":{\"@id\":\"https:\\\/\\\/shopatoa.com\\\/cz\\\/darkovy-poukaz-super-zoo-1000-kc\\\/#primaryimage\"},\"thumbnailUrl\":\"https:\\\/\\\/storage.googleapis.com\\\/cz-shopatoa-img\\\/cz\\\/24068414-1_93896.jpg\",\"datePublished\":\"2025-04-03T17:50:33+00:00\",\"dateModified\":\"2025-05-16T13:08:02+00:00\",\"breadcrumb\":{\"@id\":\"https:\\\/\\\/shopatoa.com\\\/cz\\\/darkovy-poukaz-super-zoo-1000-kc\\\/#breadcrumb\"},\"inLanguage\":\"cs\",\"potentialAction\":[{\"@type\":\"ReadAction\",\"target\":[\"https:\\\/\\\/shopatoa.com\\\/cz\\\/darkovy-poukaz-super-zoo-1000-kc\\\/\"]}]},{\"@type\":\"ImageObject\",\"inLanguage\":\"cs\",\"@id\":\"https:\\\/\\\/shopatoa.com\\\/cz\\\/darkovy-poukaz-super-zoo-1000-kc\\\/#primaryimage\",\"url\":\"https:\\\/\\\/storage.googleapis.com\\\/cz-shopatoa-img\\\/cz\\\/24068414-1_93896.jpg\",\"contentUrl\":\"https:\\\/\\\/storage.googleapis.com\\\/cz-shopatoa-img\\\/cz\\\/24068414-1_93896.jpg\",\"width\":600,\"height\":600},{\"@type\":\"BreadcrumbList\",\"@id\":\"https:\\\/\\\/shopatoa.com\\\/cz\\\/darkovy-poukaz-super-zoo-1000-kc\\\/#breadcrumb\",\"itemListElement\":[{\"@type\":\"ListItem\",\"position\":1,\"name\":\"Dom\u016f\",\"item\":\"https:\\\/\\\/shopatoa.com\\\/cz\\\/\"},{\"@type\":\"ListItem\",\"position\":2,\"name\":\"Produkty\",\"item\":\"https:\\\/\\\/shopatoa.com\\\/cz\\\/shop\\\/\"},{\"@type\":\"ListItem\",\"position\":3,\"name\":\"Chovatelsk\u00e9 pot\u0159eby\",\"item\":\"https:\\\/\\\/shopatoa.com\\\/cz\\\/chovatelske-potreby-2\\\/\"},{\"@type\":\"ListItem\",\"position\":4,\"name\":\"Pro psy\",\"item\":\"https:\\\/\\\/shopatoa.com\\\/cz\\\/pro-psy-chovatelske-potreby-2\\\/\"},{\"@type\":\"ListItem\",\"position\":5,\"name\":\"Hra\u010dky pro psy\",\"item\":\"https:\\\/\\\/shopatoa.com\\\/cz\\\/hracky-pro-psy\\\/\"},{\"@type\":\"ListItem\",\"position\":6,\"name\":\"D\u00e1rkov\u00fd poukaz Super zoo 1000 K\u010d\"}]},{\"@type\":\"WebSite\",\"@id\":\"https:\\\/\\\/shopatoa.com\\\/cz\\\/#website\",\"url\":\"https:\\\/\\\/shopatoa.com\\\/cz\\\/\",\"name\":\"SHOPATOA\",\"description\":\"\",\"publisher\":{\"@id\":\"https:\\\/\\\/shopatoa.com\\\/cz\\\/#organization\"},\"potentialAction\":[{\"@type\":\"SearchAction\",\"target\":{\"@type\":\"EntryPoint\",\"urlTemplate\":\"https:\\\/\\\/shopatoa.com\\\/cz\\\/?s={search_term_string}\"},\"query-input\":{\"@type\":\"PropertyValueSpecification\",\"valueRequired\":true,\"valueName\":\"search_term_string\"}}],\"inLanguage\":\"cs\"},{\"@type\":\"Organization\",\"@id\":\"https:\\\/\\\/shopatoa.com\\\/cz\\\/#organization\",\"name\":\"SHOPATOA Digital s.r.o.\",\"url\":\"https:\\\/\\\/shopatoa.com\\\/cz\\\/\",\"logo\":{\"@type\":\"ImageObject\",\"inLanguage\":\"cs\",\"@id\":\"https:\\\/\\\/shopatoa.com\\\/cz\\\/#\\\/schema\\\/logo\\\/image\\\/\",\"url\":\"https:\\\/\\\/storage.googleapis.com\\\/cz-shopatoa-img\\\/cz\\\/ebccf434-shopatoa_logo.png\",\"contentUrl\":\"https:\\\/\\\/storage.googleapis.com\\\/cz-shopatoa-img\\\/cz\\\/ebccf434-shopatoa_logo.png\",\"width\":416,\"height\":63,\"caption\":\"SHOPATOA Digital s.r.o.\"},\"image\":{\"@id\":\"https:\\\/\\\/shopatoa.com\\\/cz\\\/#\\\/schema\\\/logo\\\/image\\\/\"}}]}<\/script>\n<!-- \/ Yoast SEO plugin. -->","yoast_head_json":{"title":"D\u00e1rkov\u00fd poukaz Super zoo 1000 K\u010d - SHOPATOA.COM","robots":{"index":"index","follow":"follow","max-snippet":"max-snippet:-1","max-image-preview":"max-image-preview:large","max-video-preview":"max-video-preview:-1"},"canonical":"https:\/\/shopatoa.com\/cz\/darkovy-poukaz-super-zoo-1000-kc\/","og_locale":"cs_CZ","og_type":"article","og_title":"D\u00e1rkov\u00fd poukaz Super zoo 1000 K\u010d - SHOPATOA.COM","og_description":"Nev\u00edte, \u010d\u00edm ud\u011blat radost?\u00a0 \u010casto se st\u00e1v\u00e1, \u017ee n\u011bkdo z Va\u0161ich bl\u00edzk\u00fdch, nebo t\u0159eba jen kamar\u00e1d\u016f m\u00e1 dom\u00e1c\u00edho mazl\u00ed\u010dka a Vy nev\u00edte, co m\u00e1 r\u00e1d, nebo co by pro n\u011bj pot\u0159eboval. Proto jsou zde na\u0161e d\u00e1rkov\u00e9 pouk\u00e1zky, kter\u00e9 je mo\u017eno vyu\u017e\u00edt na cel\u00fd sortiment. U\u017e se V\u00e1m nikdy nestane, \u017ee by jste museli dlouze p\u0159em\u00fd\u0161let...","og_url":"https:\/\/shopatoa.com\/cz\/darkovy-poukaz-super-zoo-1000-kc\/","og_site_name":"SHOPATOA","article_modified_time":"2025-05-16T13:08:02+00:00","og_image":[{"width":600,"height":600,"url":"https:\/\/storage.googleapis.com\/cz-shopatoa-img\/cz\/24068414-1_93896.jpg","type":"image\/jpeg"}],"twitter_card":"summary_large_image","twitter_misc":{"Odhadovan\u00e1 doba \u010dten\u00ed":"1 minuta"},"schema":{"@context":"https:\/\/schema.org","@graph":[{"@type":"WebPage","@id":"https:\/\/shopatoa.com\/cz\/darkovy-poukaz-super-zoo-1000-kc\/","url":"https:\/\/shopatoa.com\/cz\/darkovy-poukaz-super-zoo-1000-kc\/","name":"D\u00e1rkov\u00fd poukaz Super zoo 1000 K\u010d - SHOPATOA.COM","isPartOf":{"@id":"https:\/\/shopatoa.com\/cz\/#website"},"primaryImageOfPage":{"@id":"https:\/\/shopatoa.com\/cz\/darkovy-poukaz-super-zoo-1000-kc\/#primaryimage"},"image":{"@id":"https:\/\/shopatoa.com\/cz\/darkovy-poukaz-super-zoo-1000-kc\/#primaryimage"},"thumbnailUrl":"https:\/\/storage.googleapis.com\/cz-shopatoa-img\/cz\/24068414-1_93896.jpg","datePublished":"2025-04-03T17:50:33+00:00","dateModified":"2025-05-16T13:08:02+00:00","breadcrumb":{"@id":"https:\/\/shopatoa.com\/cz\/darkovy-poukaz-super-zoo-1000-kc\/#breadcrumb"},"inLanguage":"cs","potentialAction":[{"@type":"ReadAction","target":["https:\/\/shopatoa.com\/cz\/darkovy-poukaz-super-zoo-1000-kc\/"]}]},{"@type":"ImageObject","inLanguage":"cs","@id":"https:\/\/shopatoa.com\/cz\/darkovy-poukaz-super-zoo-1000-kc\/#primaryimage","url":"https:\/\/storage.googleapis.com\/cz-shopatoa-img\/cz\/24068414-1_93896.jpg","contentUrl":"https:\/\/storage.googleapis.com\/cz-shopatoa-img\/cz\/24068414-1_93896.jpg","width":600,"height":600},{"@type":"BreadcrumbList","@id":"https:\/\/shopatoa.com\/cz\/darkovy-poukaz-super-zoo-1000-kc\/#breadcrumb","itemListElement":[{"@type":"ListItem","position":1,"name":"Dom\u016f","item":"https:\/\/shopatoa.com\/cz\/"},{"@type":"ListItem","position":2,"name":"Produkty","item":"https:\/\/shopatoa.com\/cz\/shop\/"},{"@type":"ListItem","position":3,"name":"Chovatelsk\u00e9 pot\u0159eby","item":"https:\/\/shopatoa.com\/cz\/chovatelske-potreby-2\/"},{"@type":"ListItem","position":4,"name":"Pro psy","item":"https:\/\/shopatoa.com\/cz\/pro-psy-chovatelske-potreby-2\/"},{"@type":"ListItem","position":5,"name":"Hra\u010dky pro psy","item":"https:\/\/shopatoa.com\/cz\/hracky-pro-psy\/"},{"@type":"ListItem","position":6,"name":"D\u00e1rkov\u00fd poukaz Super zoo 1000 K\u010d"}]},{"@type":"WebSite","@id":"https:\/\/shopatoa.com\/cz\/#website","url":"https:\/\/shopatoa.com\/cz\/","name":"SHOPATOA","description":"","publisher":{"@id":"https:\/\/shopatoa.com\/cz\/#organization"},"potentialAction":[{"@type":"SearchAction","target":{"@type":"EntryPoint","urlTemplate":"https:\/\/shopatoa.com\/cz\/?s={search_term_string}"},"query-input":{"@type":"PropertyValueSpecification","valueRequired":true,"valueName":"search_term_string"}}],"inLanguage":"cs"},{"@type":"Organization","@id":"https:\/\/shopatoa.com\/cz\/#organization","name":"SHOPATOA Digital s.r.o.","url":"https:\/\/shopatoa.com\/cz\/","logo":{"@type":"ImageObject","inLanguage":"cs","@id":"https:\/\/shopatoa.com\/cz\/#\/schema\/logo\/image\/","url":"https:\/\/storage.googleapis.com\/cz-shopatoa-img\/cz\/ebccf434-shopatoa_logo.png","contentUrl":"https:\/\/storage.googleapis.com\/cz-shopatoa-img\/cz\/ebccf434-shopatoa_logo.png","width":416,"height":63,"caption":"SHOPATOA Digital s.r.o."},"image":{"@id":"https:\/\/shopatoa.com\/cz\/#\/schema\/logo\/image\/"}}]}},"_links":{"self":[{"href":"https:\/\/shopatoa.com\/cz\/wp-json\/wp\/v2\/product\/254092","targetHints":{"allow":["GET"]}}],"collection":[{"href":"https:\/\/shopatoa.com\/cz\/wp-json\/wp\/v2\/product"}],"about":[{"href":"https:\/\/shopatoa.com\/cz\/wp-json\/wp\/v2\/types\/product"}],"replies":[{"embeddable":true,"href":"https:\/\/shopatoa.com\/cz\/wp-json\/wp\/v2\/comments?post=254092"}],"wp:featuredmedia":[{"embeddable":true,"href":"https:\/\/shopatoa.com\/cz\/wp-json\/wp\/v2\/media\/254093"}],"wp:attachment":[{"href":"https:\/\/shopatoa.com\/cz\/wp-json\/wp\/v2\/media?parent=254092"}],"wp:term":[{"taxonomy":"product_brand","embeddable":true,"href":"https:\/\/shopatoa.com\/cz\/wp-json\/wp\/v2\/product_brand?post=254092"},{"taxonomy":"product_cat","embeddable":true,"href":"https:\/\/shopatoa.com\/cz\/wp-json\/wp\/v2\/product_cat?post=254092"},{"taxonomy":"product_tag","embeddable":true,"href":"https:\/\/shopatoa.com\/cz\/wp-json\/wp\/v2\/product_tag?post=254092"}],"curies":[{"name":"wp","href":"https:\/\/api.w.org\/{rel}","templated":true}]}}